{"id":985,"date":"2025-11-03T09:43:06","date_gmt":"2025-11-03T09:43:06","guid":{"rendered":"https:\/\/www.cxjsmartcard.com\/?post_type=product&#038;p=985"},"modified":"2025-12-29T01:27:06","modified_gmt":"2025-12-29T01:27:06","slug":"ntag213-nfc-keychain-key-fob","status":"publish","type":"product","link":"https:\/\/www.cxjsmartcard.com\/vi\/ntag213-nfc-keychain-key-fob\/","title":{"rendered":"M\u00f3c kh\u00f3a NFC NTAG213"},"content":{"rendered":"<p data-start=\"40\" data-end=\"315\">M\u00f3c kh\u00f3a NFC b\u1ec1n b\u1ec9 v\u1edbi NXP NTAG213 cho ph\u00e9p truy c\u1eadp h\u00e0ng ng\u00e0y v\u00e0 thao t\u00e1c ch\u1ea1m nhanh ch\u00f3ng v\u1edbi \u0111i\u1ec7n tho\u1ea1i th\u00f4ng minh. Th\u00e2n kh\u00f3a ABS ch\u1ed1ng n\u01b0\u1edbc, bao g\u1ed3m v\u00f2ng chia kim lo\u1ea1i v\u00e0 h\u1ed7 tr\u1ee3 in t\u00f9y ch\u1ec9nh, m\u00e3 v\u1ea1ch\/QR v\u00e0 m\u00e3 h\u00f3a d\u1eef li\u1ec7u, gi\u00fap tri\u1ec3n khai d\u1ec5 d\u00e0ng trong ki\u1ec3m so\u00e1t ra v\u00e0o v\u00e0 s\u1eed d\u1ee5ng m\u1ea1ng x\u00e3 h\u1ed9i.<\/p>\n<p data-start=\"317\" data-end=\"335\"><strong data-start=\"317\" data-end=\"333\">C\u00e1c t\u00ednh n\u0103ng ch\u00ednh<\/strong><\/p>\n<ul data-start=\"336\" data-end=\"625\">\n<li data-start=\"336\" data-end=\"374\">\n<p data-start=\"338\" data-end=\"374\">HF 13,56 MHz, ISO\/IEC 14443A (NFC)<\/p>\n<\/li>\n<li data-start=\"375\" data-end=\"422\">\n<p data-start=\"377\" data-end=\"422\">B\u1ed9 nh\u1edb ng\u01b0\u1eddi d\u00f9ng 144 byte; \u2265100.000 chu k\u1ef3 ghi<\/p>\n<\/li>\n<li data-start=\"423\" data-end=\"480\">\n<p data-start=\"425\" data-end=\"480\">Ph\u1ea1m vi \u0111\u1ecdc \u0111i\u1ec3n h\u00ecnh: 2\u20133 cm (ph\u1ee5 thu\u1ed9c v\u00e0o thi\u1ebft b\u1ecb\/\u0103ng-ten)<\/p>\n<\/li>\n<li data-start=\"481\" data-end=\"521\">\n<p data-start=\"483\" data-end=\"521\">V\u1ecf nh\u1ef1a ABS\/nh\u1ef1a; nhi\u1ec1u m\u00e0u s\u1eafc<\/p>\n<\/li>\n<li data-start=\"522\" data-end=\"584\">\n<p data-start=\"524\" data-end=\"584\">In m\u1ed9t ho\u1eb7c nhi\u1ec1u m\u00e0u; m\u00e3 v\u1ea1ch\/QR; m\u00e3 h\u00f3a d\u1eef li\u1ec7u<\/p>\n<\/li>\n<li data-start=\"585\" data-end=\"625\">\n<p data-start=\"587\" data-end=\"625\">K\u00edch th\u01b0\u1edbc ti\u00eau chu\u1ea9n 41 \u00d7 32 mm; c\u00f3 th\u1ec3 t\u00f9y ch\u1ec9nh<\/p>\n<\/li>\n<\/ul>\n<p data-start=\"627\" data-end=\"761\"><strong data-start=\"627\" data-end=\"643\">\u1ee8ng d\u1ee5ng<\/strong><br data-start=\"643\" data-end=\"646\" \/>Ki\u1ec3m so\u00e1t ra v\u00e0o v\u00e0 kh\u00f3a c\u1eeda \u2022 Ph\u01b0\u01a1ng ti\u1ec7n truy\u1ec1n th\u00f4ng x\u00e3 h\u1ed9i v\u00e0 li\u00ean k\u1ebft th\u00f4ng minh \u2022 \u0110\u0103ng k\u00fd s\u1ef1 ki\u1ec7n \u2022 Th\u1ebb ID v\u00e0 th\u1ebb th\u00e0nh vi\u00ean h\u00e0ng ng\u00e0y.<\/p>\n<h2 data-start=\"763\" data-end=\"788\">B\u1ea3ng (Th\u00f4ng s\u1ed1 k\u1ef9 thu\u1eadt)<\/h2>\n<div class=\"_tableContainer_1rjym_1\">\n<div class=\"group _tableWrapper_1rjym_13 flex w-fit flex-col-reverse\" tabindex=\"-1\">\n<table class=\"w-fit min-w-(--thread-content-width)\" data-start=\"790\" data-end=\"2082\">\n<thead data-start=\"790\" data-end=\"873\">\n<tr data-start=\"790\" data-end=\"873\">\n<th data-start=\"790\" data-end=\"808\" data-col-size=\"sm\">Lo\u1ea1i<\/th>\n<th data-start=\"808\" data-end=\"830\" data-col-size=\"sm\">Tham s\u1ed1<\/th>\n<th data-start=\"830\" data-end=\"873\" data-col-size=\"md\">Gi\u00e1 tr\u1ecb<\/th>\n<\/tr>\n<\/thead>\n<tbody data-start=\"958\" data-end=\"2082\">\n<tr data-start=\"958\" data-end=\"1041\">\n<td data-start=\"958\" data-end=\"976\" data-col-size=\"sm\">S\u1ea3n ph\u1ea9m<\/td>\n<td data-start=\"976\" data-end=\"998\" data-col-size=\"sm\">T\u00ean<\/td>\n<td data-col-size=\"md\" data-start=\"998\" data-end=\"1041\">M\u00f3c kh\u00f3a NFC NTAG213<\/td>\n<\/tr>\n<tr data-start=\"1042\" data-end=\"1125\">\n<td data-start=\"1042\" data-end=\"1060\" data-col-size=\"sm\">T\u1ea7n s\u1ed1 v\u00f4 tuy\u1ebfn<\/td>\n<td data-start=\"1060\" data-end=\"1082\" data-col-size=\"sm\">T\u00ednh th\u01b0\u1eddng xuy\u00ean<\/td>\n<td data-start=\"1082\" data-end=\"1125\" data-col-size=\"md\">13,56 MHz (HF)<\/td>\n<\/tr>\n<tr data-start=\"1126\" data-end=\"1209\">\n<td data-start=\"1126\" data-end=\"1144\" data-col-size=\"sm\"><\/td>\n<td data-col-size=\"sm\" data-start=\"1144\" data-end=\"1166\">Giao th\u1ee9c<\/td>\n<td data-col-size=\"md\" data-start=\"1166\" data-end=\"1209\">Ti\u00eau chu\u1ea9n ISO\/IEC 14443A<\/td>\n<\/tr>\n<tr data-start=\"1210\" data-end=\"1293\">\n<td data-start=\"1210\" data-end=\"1228\" data-col-size=\"sm\">K\u00fd \u1ee9c<\/td>\n<td data-start=\"1228\" data-end=\"1250\" data-col-size=\"sm\">N\u0103ng l\u1ef1c ng\u01b0\u1eddi d\u00f9ng<\/td>\n<td data-start=\"1250\" data-end=\"1293\" data-col-size=\"md\">144 byte<\/td>\n<\/tr>\n<tr data-start=\"1294\" data-end=\"1377\">\n<td data-start=\"1294\" data-end=\"1312\" data-col-size=\"sm\">S\u1ee9c b\u1ec1n<\/td>\n<td data-start=\"1312\" data-end=\"1334\" data-col-size=\"sm\">Chu k\u1ef3 vi\u1ebft<\/td>\n<td data-col-size=\"md\" data-start=\"1334\" data-end=\"1377\">\u2265100.000<\/td>\n<\/tr>\n<tr data-start=\"1378\" data-end=\"1461\">\n<td data-start=\"1378\" data-end=\"1396\" data-col-size=\"sm\">Hi\u1ec7u su\u1ea5t<\/td>\n<td data-col-size=\"sm\" data-start=\"1396\" data-end=\"1418\">Ph\u1ea1m vi \u0111\u1ecdc<\/td>\n<td data-col-size=\"md\" data-start=\"1418\" data-end=\"1461\">2\u20133 cm<\/td>\n<\/tr>\n<tr data-start=\"1462\" data-end=\"1545\">\n<td data-start=\"1462\" data-end=\"1480\" data-col-size=\"sm\">Nguy\u00ean v\u1eadt li\u1ec7u<\/td>\n<td data-col-size=\"sm\" data-start=\"1480\" data-end=\"1502\">Nh\u00e0 \u1edf<\/td>\n<td data-col-size=\"md\" data-start=\"1502\" data-end=\"1545\">ABS \/ Nh\u1ef1a (ch\u1ed1ng th\u1ea5m n\u01b0\u1edbc)<\/td>\n<\/tr>\n<tr data-start=\"1546\" data-end=\"1629\">\n<td data-start=\"1546\" data-end=\"1564\" data-col-size=\"sm\">K\u00edch th\u01b0\u1edbc<\/td>\n<td data-start=\"1564\" data-end=\"1586\" data-col-size=\"sm\">K\u00edch c\u1ee1<\/td>\n<td data-col-size=\"md\" data-start=\"1586\" data-end=\"1629\">41 \u00d7 32 mm (c\u00f3 th\u1ec3 t\u00f9y ch\u1ec9nh)<\/td>\n<\/tr>\n<tr data-start=\"1630\" data-end=\"1722\">\n<td data-start=\"1630\" data-end=\"1648\" data-col-size=\"sm\">M\u00e0u s\u1eafc<\/td>\n<td data-col-size=\"sm\" data-start=\"1648\" data-end=\"1670\">T\u00f9y ch\u1ecdn<\/td>\n<td data-col-size=\"md\" data-start=\"1670\" data-end=\"1722\">\u0110en, V\u00e0ng, \u0110\u1ecf, Xanh l\u00e1, Xanh d\u01b0\u01a1ng, H\u1ed3ng ho\u1eb7c t\u00f9y ch\u1ec9nh<\/td>\n<\/tr>\n<tr data-start=\"1723\" data-end=\"1821\">\n<td data-start=\"1723\" data-end=\"1741\" data-col-size=\"sm\">C\u00e1 nh\u00e2n h\u00f3a<\/td>\n<td data-col-size=\"sm\" data-start=\"1741\" data-end=\"1763\">Th\u1ee7 c\u00f4ng<\/td>\n<td data-col-size=\"md\" data-start=\"1763\" data-end=\"1821\">In \u0111\u01a1n\/nhi\u1ec1u m\u00e0u; M\u00e3 v\u1ea1ch\/QR; M\u00e3 h\u00f3a d\u1eef li\u1ec7u<\/td>\n<\/tr>\n<tr data-start=\"1822\" data-end=\"1906\">\n<td data-start=\"1822\" data-end=\"1840\" data-col-size=\"sm\">M\u00f4i tr\u01b0\u1eddng<\/td>\n<td data-start=\"1840\" data-end=\"1862\" data-col-size=\"sm\">Nhi\u1ec7t \u0111\u1ed9 ho\u1ea1t \u0111\u1ed9ng<\/td>\n<td data-start=\"1862\" data-end=\"1906\" data-col-size=\"md\">\u221220 \u2103 \u0111\u1ebfn +55 \u2103<\/td>\n<\/tr>\n<tr data-start=\"1907\" data-end=\"1990\">\n<td data-start=\"1907\" data-end=\"1925\" data-col-size=\"sm\">Bao b\u00ec<\/td>\n<td data-col-size=\"sm\" data-start=\"1925\" data-end=\"1947\">\u0110\u1ecbnh d\u1ea1ng giao h\u00e0ng<\/td>\n<td data-col-size=\"md\" data-start=\"1947\" data-end=\"1990\">100 chi\u1ebfc\/t\u00fai; 10 t\u00fai\/th\u00f9ng<\/td>\n<\/tr>\n<tr data-start=\"1991\" data-end=\"2082\">\n<td data-start=\"1991\" data-end=\"2009\" data-col-size=\"sm\">C\u00e1c tr\u01b0\u1eddng h\u1ee3p s\u1eed d\u1ee5ng<\/td>\n<td data-start=\"2009\" data-end=\"2031\" data-col-size=\"sm\">\u1ee8ng d\u1ee5ng \u0111i\u1ec3n h\u00ecnh<\/td>\n<td data-col-size=\"md\" data-start=\"2031\" data-end=\"2082\">Ph\u01b0\u01a1ng ti\u1ec7n truy\u1ec1n th\u00f4ng x\u00e3 h\u1ed9i, ki\u1ec3m so\u00e1t truy c\u1eadp, h\u1ec7 th\u1ed1ng kh\u00f3a c\u1eeda<\/td>\n<\/tr>\n<\/tbody>\n<\/table>\n<\/div>\n<\/div>","protected":false},"excerpt":{"rendered":"<p>M\u00f3c kh\u00f3a ABS NFC c\u00f3 NTAG213\u201413,56 MHz, b\u1ed9 nh\u1edb 144 byte, \u0111\u1ecdc 2\u20133 cm, v\u1ecf ch\u1ed1ng th\u1ea5m n\u01b0\u1edbc, m\u00e0u s\u1eafc\/in t\u00f9y ch\u1ec9nh v\u00e0 m\u00e3 h\u00f3a d\u1eef li\u1ec7u \u0111\u1ec3 truy c\u1eadp v\u00e0 li\u00ean k\u1ebft th\u00f4ng minh.<\/p>","protected":false},"featured_media":986,"template":"","meta":{"_gspb_post_css":""},"product_brand":[],"product_cat":[30],"product_tag":[],"class_list":{"0":"post-985","1":"product","2":"type-product","3":"status-publish","4":"has-post-thumbnail","6":"product_cat-rfid-keyfobs","8":"first","9":"instock","10":"shipping-taxable","11":"purchasable","12":"product-type-simple"},"_links":{"self":[{"href":"https:\/\/www.cxjsmartcard.com\/vi\/wp-json\/wp\/v2\/product\/985","targetHints":{"allow":["GET"]}}],"collection":[{"href":"https:\/\/www.cxjsmartcard.com\/vi\/wp-json\/wp\/v2\/product"}],"about":[{"href":"https:\/\/www.cxjsmartcard.com\/vi\/wp-json\/wp\/v2\/types\/product"}],"wp:featuredmedia":[{"embeddable":true,"href":"https:\/\/www.cxjsmartcard.com\/vi\/wp-json\/wp\/v2\/media\/986"}],"wp:attachment":[{"href":"https:\/\/www.cxjsmartcard.com\/vi\/wp-json\/wp\/v2\/media?parent=985"}],"wp:term":[{"taxonomy":"product_brand","embeddable":true,"href":"https:\/\/www.cxjsmartcard.com\/vi\/wp-json\/wp\/v2\/product_brand?post=985"},{"taxonomy":"product_cat","embeddable":true,"href":"https:\/\/www.cxjsmartcard.com\/vi\/wp-json\/wp\/v2\/product_cat?post=985"},{"taxonomy":"product_tag","embeddable":true,"href":"https:\/\/www.cxjsmartcard.com\/vi\/wp-json\/wp\/v2\/product_tag?post=985"}],"curies":[{"name":"trang web","href":"https:\/\/api.w.org\/{rel}","templated":true}]}}