{"id":980,"date":"2025-11-03T09:41:24","date_gmt":"2025-11-03T09:41:24","guid":{"rendered":"https:\/\/www.cxjsmartcard.com\/?post_type=product&#038;p=980"},"modified":"2025-12-29T01:27:06","modified_gmt":"2025-12-29T01:27:06","slug":"125khz-tk4100-rfid-key-fob-tag","status":"publish","type":"product","link":"https:\/\/www.cxjsmartcard.com\/vi\/125khz-tk4100-rfid-key-fob-tag\/","title":{"rendered":"Th\u1ebb ch\u00eca kh\u00f3a RFID TK4100 125kHz"},"content":{"rendered":"<p data-start=\"42\" data-end=\"301\">Ch\u00eca kh\u00f3a th\u1ee5 \u0111\u1ed9ng LF cho ph\u00e9p truy c\u1eadp v\u00e0 nh\u1eadn d\u1ea1ng h\u00e0ng ng\u00e0y. \u0110\u01b0\u1ee3c x\u00e2y d\u1ef1ng tr\u00ean c\u00f4ng ngh\u1ec7 125 kHz v\u1edbi v\u1ecf ngo\u00e0i b\u1ec1n b\u1ec9 (PPS\/ABS\/epoxy), s\u1ea3n ph\u1ea9m h\u1ed7 tr\u1ee3 in t\u00f9y ch\u1ec9nh v\u00e0 nhi\u1ec1u t\u00f9y ch\u1ecdn chip \u0111\u1ec3 tri\u1ec3n khai d\u1ec5 d\u00e0ng tr\u00ean c\u1eeda ra v\u00e0o, c\u1ed5ng v\u00e0 c\u00e1c ti\u1ec7n \u00edch chung.<\/p>\n<p data-start=\"303\" data-end=\"317\"><strong data-start=\"303\" data-end=\"315\">\u0110\u1eb7c tr\u01b0ng<\/strong><\/p>\n<ul data-start=\"318\" data-end=\"565\">\n<li data-start=\"318\" data-end=\"363\">\n<p data-start=\"320\" data-end=\"363\">Ho\u1ea1t \u0111\u1ed9ng LF 125 kHz cho c\u00e1c v\u00f2i t\u1ea7m ng\u1eafn<\/p>\n<\/li>\n<li data-start=\"364\" data-end=\"407\">\n<p data-start=\"366\" data-end=\"407\">V\u1ecf b\u1ec1n: PPS, ABS, epoxy, v.v.<\/p>\n<\/li>\n<li data-start=\"408\" data-end=\"458\">\n<p data-start=\"410\" data-end=\"458\">T\u00f9y ch\u1ec9nh: in logo v\u00e0 s\u1ed1 s\u00ea-ri<\/p>\n<\/li>\n<li data-start=\"459\" data-end=\"510\">\n<p data-start=\"461\" data-end=\"510\">Nhi\u1ec1u t\u00f9y ch\u1ecdn chip ph\u00f9 h\u1ee3p v\u1edbi c\u00e1c h\u1ec7 th\u1ed1ng hi\u1ec7n c\u00f3<\/p>\n<\/li>\n<li data-start=\"511\" data-end=\"565\">\n<p data-start=\"513\" data-end=\"565\">Nhi\u1ec1u l\u1ef1a ch\u1ecdn m\u00e0u s\u1eafc (\u0111en, tr\u1eafng, xanh l\u00e1 c\u00e2y, xanh d\u01b0\u01a1ng, v.v.)<\/p>\n<\/li>\n<\/ul>\n<p data-start=\"567\" data-end=\"792\"><strong data-start=\"567\" data-end=\"591\">\u1ee8ng d\u1ee5ng \u0111i\u1ec3n h\u00ecnh<\/strong><br data-start=\"591\" data-end=\"594\" \/>H\u1ec7 th\u1ed1ng ki\u1ec3m so\u00e1t ra v\u00e0o \u2022 Ki\u1ec3m so\u00e1t \u0111i\u1ec3m danh \u2022 Nh\u1eadn d\u1ea1ng \u2022 T\u1ef1 \u0111\u1ed9ng h\u00f3a c\u00f4ng nghi\u1ec7p v\u00e0 h\u1eadu c\u1ea7n \u2022 V\u00e9 v\u00e0 t\u01b0 c\u00e1ch th\u00e0nh vi\u00ean \u2022 Giao th\u00f4ng c\u00f4ng c\u1ed9ng \u2022 Thanh to\u00e1n \u0111i\u1ec7n t\u1eed kh\u00f4ng d\u00f9ng ti\u1ec1n m\u1eb7t \u2022 H\u1ed3 b\u01a1i v\u00e0 gi\u1eb7t l\u00e0.<\/p>\n<p data-start=\"794\" data-end=\"1112\"><strong data-start=\"794\" data-end=\"823\">Ghi ch\u00fa v\u1ec1 m\u00f3c kh\u00f3a th\u00f4ng d\u1ee5ng<\/strong><br data-start=\"823\" data-end=\"826\" \/>H\u1ea7u h\u1ebft c\u00e1c m\u00f3c kh\u00f3a ti\u1ec7n \u00edch chung c\u01b0\/c\u0103n h\u1ed9 (h\u1ed3 b\u01a1i, ph\u00f2ng t\u1eadp th\u1ec3 d\u1ee5c, thang m\u00e1y) \u0111\u1ec1u s\u1eed d\u1ee5ng <strong data-start=\"894\" data-end=\"919\">t\u1ea7n s\u1ed1 th\u1ea5p 125 kHz<\/strong> RFID th\u1ee5 \u0111\u1ed9ng (v\u00ed d\u1ee5: TK4100, T5577, EM4200\/EM4305). N\u1ebfu ch\u00eca kh\u00f3a m\u1edf <strong data-start=\"994\" data-end=\"1028\">c\u1eeda c\u0103n h\u1ed9 ri\u00eang l\u1ebb<\/strong>, n\u00f3 th\u01b0\u1eddng l\u00e0 m\u1ed9t <strong data-start=\"1047\" data-end=\"1075\">t\u1ea7n s\u1ed1 cao 13,56 MHz<\/strong> h\u1ec7 th\u1ed1ng (v\u00ed d\u1ee5: MIFARE 1K ho\u1eb7c NTAG213).<\/p>\n<h2 data-start=\"1114\" data-end=\"1139\">B\u1ea3ng (Th\u00f4ng s\u1ed1 k\u1ef9 thu\u1eadt)<\/h2>\n<div class=\"_tableContainer_1rjym_1\">\n<div class=\"group _tableWrapper_1rjym_13 flex w-fit flex-col-reverse\" tabindex=\"-1\">\n<table class=\"w-fit min-w-(--thread-content-width)\" data-start=\"1141\" data-end=\"2038\">\n<thead data-start=\"1141\" data-end=\"1230\">\n<tr data-start=\"1141\" data-end=\"1230\">\n<th data-start=\"1141\" data-end=\"1156\" data-col-size=\"sm\">Lo\u1ea1i<\/th>\n<th data-start=\"1156\" data-end=\"1175\" data-col-size=\"sm\">Tham s\u1ed1<\/th>\n<th data-start=\"1175\" data-end=\"1230\" data-col-size=\"lg\">Gi\u00e1 tr\u1ecb<\/th>\n<\/tr>\n<\/thead>\n<tbody data-start=\"1321\" data-end=\"2038\">\n<tr data-start=\"1321\" data-end=\"1410\">\n<td data-start=\"1321\" data-end=\"1336\" data-col-size=\"sm\">S\u1ea3n ph\u1ea9m<\/td>\n<td data-start=\"1336\" data-end=\"1355\" data-col-size=\"sm\">Ki\u1ec3u<\/td>\n<td data-start=\"1355\" data-end=\"1410\" data-col-size=\"lg\">Th\u1ebb ch\u00eca kh\u00f3a RFID TK4100 125kHz<\/td>\n<\/tr>\n<tr data-start=\"1411\" data-end=\"1500\">\n<td data-start=\"1411\" data-end=\"1426\" data-col-size=\"sm\">Nguy\u00ean v\u1eadt li\u1ec7u<\/td>\n<td data-start=\"1426\" data-end=\"1445\" data-col-size=\"sm\">Nh\u00e0 \u1edf<\/td>\n<td data-start=\"1445\" data-end=\"1500\" data-col-size=\"lg\">PPS, ABS, Epoxy, v.v.<\/td>\n<\/tr>\n<tr data-start=\"1501\" data-end=\"1590\">\n<td data-start=\"1501\" data-end=\"1516\" data-col-size=\"sm\">T\u1ea7n s\u1ed1 v\u00f4 tuy\u1ebfn<\/td>\n<td data-start=\"1516\" data-end=\"1535\" data-col-size=\"sm\">T\u00ednh th\u01b0\u1eddng xuy\u00ean<\/td>\n<td data-start=\"1535\" data-end=\"1590\" data-col-size=\"lg\">125 kHz (LF)<\/td>\n<\/tr>\n<tr data-start=\"1591\" data-end=\"1680\">\n<td data-start=\"1591\" data-end=\"1606\" data-col-size=\"sm\">In \u1ea5n<\/td>\n<td data-start=\"1606\" data-end=\"1625\" data-col-size=\"sm\">T\u00f9y ch\u1ecdn<\/td>\n<td data-start=\"1625\" data-end=\"1680\" data-col-size=\"lg\">In logo; s\u1ed1 s\u00ea-ri<\/td>\n<\/tr>\n<tr data-start=\"1681\" data-end=\"1770\">\n<td data-start=\"1681\" data-end=\"1696\" data-col-size=\"sm\">T\u00f9y ch\u1ecdn IC<\/td>\n<td data-start=\"1696\" data-end=\"1715\" data-col-size=\"sm\">Chip c\u00f3 s\u1eb5n<\/td>\n<td data-start=\"1715\" data-end=\"1770\" data-col-size=\"lg\">TK4100; EM4305; EM4200; T5577; nh\u1eefng lo\u1ea1i kh\u00e1c<\/td>\n<\/tr>\n<tr data-start=\"1771\" data-end=\"1860\">\n<td data-start=\"1771\" data-end=\"1786\" data-col-size=\"sm\">M\u00e0u s\u1eafc<\/td>\n<td data-start=\"1786\" data-end=\"1805\" data-col-size=\"sm\">C\u00e1c bi\u1ebfn th\u1ec3<\/td>\n<td data-start=\"1805\" data-end=\"1860\" data-col-size=\"lg\">\u0110en; Tr\u1eafng; Xanh l\u00e1; Xanh d\u01b0\u01a1ng; v.v.<\/td>\n<\/tr>\n<tr data-start=\"1861\" data-end=\"2038\">\n<td data-start=\"1861\" data-end=\"1876\" data-col-size=\"sm\">\u1ee8ng d\u1ee5ng<\/td>\n<td data-start=\"1876\" data-end=\"1895\" data-col-size=\"sm\">C\u00e1c tr\u01b0\u1eddng h\u1ee3p s\u1eed d\u1ee5ng<\/td>\n<td data-start=\"1895\" data-end=\"2038\" data-col-size=\"lg\">Ki\u1ec3m so\u00e1t ra v\u00e0o; \u0111i\u1ec3m danh; ID; h\u1eadu c\u1ea7n; t\u1ef1 \u0111\u1ed9ng h\u00f3a c\u00f4ng nghi\u1ec7p; v\u00e9; th\u00e0nh vi\u00ean; giao th\u00f4ng c\u00f4ng c\u1ed9ng; thanh to\u00e1n \u0111i\u1ec7n t\u1eed; h\u1ed3 b\u01a1i; gi\u1eb7t l\u00e0<\/td>\n<\/tr>\n<\/tbody>\n<\/table>\n<\/div>\n<\/div>","protected":false},"excerpt":{"rendered":"<p>M\u00f3c kh\u00f3a LF 125 kHz b\u1ec1n b\u1ec9 d\u00f9ng \u0111\u1ec3 ki\u1ec3m so\u00e1t truy c\u1eadp v\u00e0 ID\u2014V\u1ecf ngo\u00e0i b\u1eb1ng PPS\/ABS\/epoxy, nhi\u1ec1u t\u00f9y ch\u1ecdn chip (d\u00f2ng TK4100\/T5577\/EM), in logo\/s\u00ea-ri t\u00f9y ch\u1ec9nh v\u00e0 nhi\u1ec1u m\u00e0u s\u1eafc kh\u00e1c nhau.<\/p>","protected":false},"featured_media":981,"template":"","meta":{"_gspb_post_css":""},"product_brand":[],"product_cat":[30],"product_tag":[],"class_list":{"0":"post-980","1":"product","2":"type-product","3":"status-publish","4":"has-post-thumbnail","6":"product_cat-rfid-keyfobs","8":"first","9":"instock","10":"shipping-taxable","11":"purchasable","12":"product-type-simple"},"_links":{"self":[{"href":"https:\/\/www.cxjsmartcard.com\/vi\/wp-json\/wp\/v2\/product\/980","targetHints":{"allow":["GET"]}}],"collection":[{"href":"https:\/\/www.cxjsmartcard.com\/vi\/wp-json\/wp\/v2\/product"}],"about":[{"href":"https:\/\/www.cxjsmartcard.com\/vi\/wp-json\/wp\/v2\/types\/product"}],"wp:featuredmedia":[{"embeddable":true,"href":"https:\/\/www.cxjsmartcard.com\/vi\/wp-json\/wp\/v2\/media\/981"}],"wp:attachment":[{"href":"https:\/\/www.cxjsmartcard.com\/vi\/wp-json\/wp\/v2\/media?parent=980"}],"wp:term":[{"taxonomy":"product_brand","embeddable":true,"href":"https:\/\/www.cxjsmartcard.com\/vi\/wp-json\/wp\/v2\/product_brand?post=980"},{"taxonomy":"product_cat","embeddable":true,"href":"https:\/\/www.cxjsmartcard.com\/vi\/wp-json\/wp\/v2\/product_cat?post=980"},{"taxonomy":"product_tag","embeddable":true,"href":"https:\/\/www.cxjsmartcard.com\/vi\/wp-json\/wp\/v2\/product_tag?post=980"}],"curies":[{"name":"trang web","href":"https:\/\/api.w.org\/{rel}","templated":true}]}}