{"id":973,"date":"2025-11-03T09:39:57","date_gmt":"2025-11-03T09:39:57","guid":{"rendered":"https:\/\/www.cxjsmartcard.com\/?post_type=product&#038;p=973"},"modified":"2025-12-29T01:27:07","modified_gmt":"2025-12-29T01:27:07","slug":"125khz-t5577-rfid-key-fob-for-access-control","status":"publish","type":"product","link":"https:\/\/www.cxjsmartcard.com\/vi\/125khz-t5577-rfid-key-fob-for-access-control\/","title":{"rendered":"Ch\u00eca kh\u00f3a RFID T5577 125kHz \u0111\u1ec3 ki\u1ec3m so\u00e1t ra v\u00e0o"},"content":{"rendered":"<p data-start=\"56\" data-end=\"324\">M\u00f3c kh\u00f3a LF nh\u1ecf g\u1ecdn d\u1ef1a tr\u00ean chip T5577 cho kh\u1ea3 n\u0103ng ki\u1ec3m so\u00e1t truy c\u1eadp t\u1ea7m ng\u1eafn \u0111\u00e1ng tin c\u1eady. V\u1ecf ABS\/PVC\/silicon\/epoxy ch\u1ecbu \u0111\u01b0\u1ee3c s\u1ef1 hao m\u00f2n h\u00e0ng ng\u00e0y, trong khi in \u1ea5n t\u00f9y ch\u1ec9nh v\u00e0 m\u00e3 h\u00f3a d\u1eef li\u1ec7u gi\u00fap vi\u1ec7c tri\u1ec3n khai nhanh ch\u00f3ng v\u00e0 nh\u1ea5t qu\u00e1n.<\/p>\n<p data-start=\"326\" data-end=\"340\"><strong data-start=\"326\" data-end=\"338\">\u0110\u1eb7c tr\u01b0ng<\/strong><\/p>\n<ul data-start=\"341\" data-end=\"654\">\n<li data-start=\"341\" data-end=\"385\">\n<p data-start=\"343\" data-end=\"385\">125 kHz LF (T5577), kho\u1ea3ng c\u00e1ch \u0111\u1ecdc 1\u20132 cm<\/p>\n<\/li>\n<li data-start=\"386\" data-end=\"431\">\n<p data-start=\"388\" data-end=\"431\">V\u1ecf b\u1ec1n (ABS\/PVC\/silicone\/epoxy)<\/p>\n<\/li>\n<li data-start=\"432\" data-end=\"495\">\n<p data-start=\"434\" data-end=\"495\">T\u00e1c ph\u1ea9m ngh\u1ec7 thu\u1eadt t\u00f9y ch\u1ec9nh: in l\u1ee5a ho\u1eb7c in laser; UID\/serial\/QR t\u00f9y ch\u1ecdn<\/p>\n<\/li>\n<li data-start=\"496\" data-end=\"544\">\n<p data-start=\"498\" data-end=\"544\">D\u1ecbch v\u1ee5 d\u1eef li\u1ec7u: Ghi nh\u1eadn ID v\u00e0 m\u00e3 h\u00f3a tr\u01b0\u1edbc<\/p>\n<\/li>\n<li data-start=\"545\" data-end=\"586\">\n<p data-start=\"547\" data-end=\"586\">Nhi\u1ec7t \u0111\u1ed9 ho\u1ea1t \u0111\u1ed9ng \u221225 \u00b0C \u0111\u1ebfn 75 \u00b0C<\/p>\n<\/li>\n<li data-start=\"587\" data-end=\"654\">\n<p data-start=\"589\" data-end=\"654\">T\u00f9y ch\u1ecdn OEM v\u00e0 h\u1ed7 tr\u1ee3 chip\/t\u1ea7n s\u1ed1 r\u1ed9ng c\u00f3 s\u1eb5n theo y\u00eau c\u1ea7u<\/p>\n<\/li>\n<\/ul>\n<p data-start=\"656\" data-end=\"859\"><strong data-start=\"656\" data-end=\"672\">\u1ee8ng d\u1ee5ng<\/strong><br data-start=\"672\" data-end=\"675\" \/>Truy c\u1eadp c\u1eeda v\u00e0 c\u1ed5ng \u2022 V\u00e9 \u0111i\u1ec7n t\u1eed \u2022 Thanh to\u00e1n kh\u00f4ng d\u00f9ng ti\u1ec1n m\u1eb7t\/v\u00f2ng k\u00edn \u2022 Ch\u1ea5m c\u00f4ng \u2022 Th\u00e0nh vi\u00ean\/l\u00f2ng trung th\u00e0nh \u2022 Giao th\u00f4ng c\u00f4ng c\u1ed9ng \u2022 H\u1ed3 b\u01a1i v\u00e0 gi\u1eb7t l\u00e0 \u2022 H\u1eadu c\u1ea7n v\u00e0 t\u1ef1 \u0111\u1ed9ng h\u00f3a c\u00f4ng nghi\u1ec7p.<\/p>\n<h2 data-start=\"861\" data-end=\"886\">B\u1ea3ng (Th\u00f4ng s\u1ed1 k\u1ef9 thu\u1eadt)<\/h2>\n<div class=\"_tableContainer_1rjym_1\">\n<div class=\"group _tableWrapper_1rjym_13 flex w-fit flex-col-reverse\" tabindex=\"-1\">\n<table class=\"w-fit min-w-(--thread-content-width)\" data-start=\"888\" data-end=\"1920\">\n<thead data-start=\"888\" data-end=\"971\">\n<tr data-start=\"888\" data-end=\"971\">\n<th data-start=\"888\" data-end=\"906\" data-col-size=\"sm\">Lo\u1ea1i<\/th>\n<th data-start=\"906\" data-end=\"928\" data-col-size=\"sm\">Tham s\u1ed1<\/th>\n<th data-start=\"928\" data-end=\"971\" data-col-size=\"md\">Gi\u00e1 tr\u1ecb<\/th>\n<\/tr>\n<\/thead>\n<tbody data-start=\"1056\" data-end=\"1920\">\n<tr data-start=\"1056\" data-end=\"1139\">\n<td data-start=\"1056\" data-end=\"1074\" data-col-size=\"sm\">S\u1ea3n ph\u1ea9m<\/td>\n<td data-col-size=\"sm\" data-start=\"1074\" data-end=\"1096\">Ki\u1ec3u<\/td>\n<td data-col-size=\"md\" data-start=\"1096\" data-end=\"1139\">M\u00f3c ch\u00eca kh\u00f3a RFID \/ th\u1ebb ch\u00eca kh\u00f3a<\/td>\n<\/tr>\n<tr data-start=\"1140\" data-end=\"1223\">\n<td data-start=\"1140\" data-end=\"1158\" data-col-size=\"sm\">Nguy\u00ean v\u1eadt li\u1ec7u<\/td>\n<td data-col-size=\"sm\" data-start=\"1158\" data-end=\"1180\">Nh\u00e0 \u1edf<\/td>\n<td data-col-size=\"md\" data-start=\"1180\" data-end=\"1223\">ABS \/ PVC \/ Silicone \/ Epoxy<\/td>\n<\/tr>\n<tr data-start=\"1224\" data-end=\"1307\">\n<td data-start=\"1224\" data-end=\"1242\" data-col-size=\"sm\">K\u00edch th\u01b0\u1edbc<\/td>\n<td data-col-size=\"sm\" data-start=\"1242\" data-end=\"1264\">K\u00edch c\u1ee1<\/td>\n<td data-col-size=\"md\" data-start=\"1264\" data-end=\"1307\">38 \u00d7 30 \u00d7 6 mm (c\u00f3 th\u1ec3 t\u00f9y ch\u1ec9nh)<\/td>\n<\/tr>\n<tr data-start=\"1308\" data-end=\"1392\">\n<td data-start=\"1308\" data-end=\"1326\" data-col-size=\"sm\">M\u00f4i tr\u01b0\u1eddng<\/td>\n<td data-col-size=\"sm\" data-start=\"1326\" data-end=\"1348\">Nhi\u1ec7t \u0111\u1ed9 l\u00e0m vi\u1ec7c<\/td>\n<td data-col-size=\"md\" data-start=\"1348\" data-end=\"1392\">\u221225 \u00b0C \u0111\u1ebfn 75 \u00b0C<\/td>\n<\/tr>\n<tr data-start=\"1393\" data-end=\"1476\">\n<td data-start=\"1393\" data-end=\"1411\" data-col-size=\"sm\">T\u1ea7n s\u1ed1 v\u00f4 tuy\u1ebfn<\/td>\n<td data-col-size=\"sm\" data-start=\"1411\" data-end=\"1433\">T\u00ednh th\u01b0\u1eddng xuy\u00ean<\/td>\n<td data-col-size=\"md\" data-start=\"1433\" data-end=\"1476\">125 kHz (LF)<\/td>\n<\/tr>\n<tr data-start=\"1477\" data-end=\"1560\">\n<td data-start=\"1477\" data-end=\"1495\" data-col-size=\"sm\">Chip<\/td>\n<td data-start=\"1495\" data-end=\"1517\" data-col-size=\"sm\">Ng\u01b0\u1eddi m\u1eabu<\/td>\n<td data-col-size=\"md\" data-start=\"1517\" data-end=\"1560\">T5577<\/td>\n<\/tr>\n<tr data-start=\"1561\" data-end=\"1644\">\n<td data-start=\"1561\" data-end=\"1579\" data-col-size=\"sm\">Hi\u1ec7u su\u1ea5t<\/td>\n<td data-start=\"1579\" data-end=\"1601\" data-col-size=\"sm\">Kho\u1ea3ng c\u00e1ch \u0111\u1ecdc<\/td>\n<td data-start=\"1601\" data-end=\"1644\" data-col-size=\"md\">1\u20132 cm (t\u00f9y thu\u1ed9c v\u00e0o ng\u01b0\u1eddi \u0111\u1ecdc)<\/td>\n<\/tr>\n<tr data-start=\"1645\" data-end=\"1728\">\n<td data-start=\"1645\" data-end=\"1663\" data-col-size=\"sm\">C\u00e1 nh\u00e2n h\u00f3a<\/td>\n<td data-col-size=\"sm\" data-start=\"1663\" data-end=\"1685\">In \u1ea5n<\/td>\n<td data-col-size=\"md\" data-start=\"1685\" data-end=\"1728\">In l\u1ee5a ho\u1eb7c in laser<\/td>\n<\/tr>\n<tr data-start=\"1729\" data-end=\"1812\">\n<td data-start=\"1729\" data-end=\"1747\" data-col-size=\"sm\">D\u1ecbch v\u1ee5 d\u1eef li\u1ec7u<\/td>\n<td data-col-size=\"sm\" data-start=\"1747\" data-end=\"1769\">T\u00f9y ch\u1ecdn<\/td>\n<td data-col-size=\"md\" data-start=\"1769\" data-end=\"1812\">UID\/serial\/QR; m\u00e3 h\u00f3a d\u1eef li\u1ec7u\/b\u1ea3n ghi ID<\/td>\n<\/tr>\n<tr data-start=\"1813\" data-end=\"1920\">\n<td data-start=\"1813\" data-end=\"1831\" data-col-size=\"sm\">C\u00e1c tr\u01b0\u1eddng h\u1ee3p s\u1eed d\u1ee5ng<\/td>\n<td data-start=\"1831\" data-end=\"1853\" data-col-size=\"sm\">\u1ee8ng d\u1ee5ng \u0111i\u1ec3n h\u00ecnh<\/td>\n<td data-col-size=\"md\" data-start=\"1853\" data-end=\"1920\">Ki\u1ec3m so\u00e1t truy c\u1eadp, v\u00e9 \u0111i\u1ec7n t\u1eed, thanh to\u00e1n, ch\u1ea5m c\u00f4ng, ID, h\u1eadu c\u1ea7n<\/td>\n<\/tr>\n<\/tbody>\n<\/table>\n<\/div>\n<\/div>","protected":false},"excerpt":{"rendered":"<p>M\u00f3c kh\u00f3a RFID T5577 125 kHz b\u1ec1n b\u1ec9 v\u1edbi ph\u1ea1m vi \u0111\u1ecdc 1\u20132 cm. V\u1ecf ABS\/PVC\/silicone\/epoxy, in t\u00f9y ch\u1ec9nh (laser\/l\u1ee5a) v\u00e0 m\u00e3 h\u00f3a d\u1eef li\u1ec7u \u0111\u1ec3 ki\u1ec3m so\u00e1t truy c\u1eadp an to\u00e0n.<\/p>","protected":false},"featured_media":974,"template":"","meta":{"_gspb_post_css":""},"product_brand":[],"product_cat":[30],"product_tag":[],"class_list":{"0":"post-973","1":"product","2":"type-product","3":"status-publish","4":"has-post-thumbnail","6":"product_cat-rfid-keyfobs","8":"first","9":"instock","10":"shipping-taxable","11":"purchasable","12":"product-type-simple"},"_links":{"self":[{"href":"https:\/\/www.cxjsmartcard.com\/vi\/wp-json\/wp\/v2\/product\/973","targetHints":{"allow":["GET"]}}],"collection":[{"href":"https:\/\/www.cxjsmartcard.com\/vi\/wp-json\/wp\/v2\/product"}],"about":[{"href":"https:\/\/www.cxjsmartcard.com\/vi\/wp-json\/wp\/v2\/types\/product"}],"wp:featuredmedia":[{"embeddable":true,"href":"https:\/\/www.cxjsmartcard.com\/vi\/wp-json\/wp\/v2\/media\/974"}],"wp:attachment":[{"href":"https:\/\/www.cxjsmartcard.com\/vi\/wp-json\/wp\/v2\/media?parent=973"}],"wp:term":[{"taxonomy":"product_brand","embeddable":true,"href":"https:\/\/www.cxjsmartcard.com\/vi\/wp-json\/wp\/v2\/product_brand?post=973"},{"taxonomy":"product_cat","embeddable":true,"href":"https:\/\/www.cxjsmartcard.com\/vi\/wp-json\/wp\/v2\/product_cat?post=973"},{"taxonomy":"product_tag","embeddable":true,"href":"https:\/\/www.cxjsmartcard.com\/vi\/wp-json\/wp\/v2\/product_tag?post=973"}],"curies":[{"name":"trang web","href":"https:\/\/api.w.org\/{rel}","templated":true}]}}