{"id":968,"date":"2025-11-03T09:36:20","date_gmt":"2025-11-03T09:36:20","guid":{"rendered":"https:\/\/www.cxjsmartcard.com\/?post_type=product&#038;p=968"},"modified":"2025-12-29T01:27:07","modified_gmt":"2025-12-29T01:27:07","slug":"on-duty-rfid-nfc-token-for-patrol-checkpoint","status":"publish","type":"product","link":"https:\/\/www.cxjsmartcard.com\/vi\/on-duty-rfid-nfc-token-for-patrol-checkpoint\/","title":{"rendered":"Thi\u1ebft b\u1ecb RFID NFC Token d\u00f9ng cho tr\u1ea1m ki\u1ec3m so\u00e1t tu\u1ea7n tra"},"content":{"rendered":"<p data-start=\"56\" data-end=\"363\">Thi\u1ebft b\u1ecb tu\u1ea7n tra NFC\/HF b\u1ec1n b\u1ec9 v\u1edbi v\u1ecf nh\u1ef1a ABS, \u0111\u01b0\u1ee3c thi\u1ebft k\u1ebf cho c\u00e1c tr\u1ea1m ki\u1ec3m so\u00e1t ngo\u00e0i tr\u1eddi v\u00e0 m\u00f4i tr\u01b0\u1eddng kh\u1eafc nghi\u1ec7t. Ch\u1ed1ng tia UV, ch\u1ed1ng th\u1ea5m n\u01b0\u1edbc v\u00e0 ch\u1ed1ng \u0103n m\u00f2n, \u0111\u01b0\u1ee3c g\u1eafn b\u1eb1ng l\u1ed7 v\u00edt \u1edf gi\u1eefa ho\u1eb7c m\u1eb7t sau c\u00f3 keo d\u00e1n v\u00e0 \u0111\u1ecdc nhanh b\u1eb1ng \u0111i\u1ec7n tho\u1ea1i ho\u1eb7c \u0111\u1ea7u \u0111\u1ecdc ISO 14443A.<\/p>\n<p data-start=\"365\" data-end=\"383\"><strong data-start=\"365\" data-end=\"381\">C\u00e1c t\u00ednh n\u0103ng ch\u00ednh<\/strong><\/p>\n<ul data-start=\"384\" data-end=\"728\">\n<li data-start=\"384\" data-end=\"444\">\n<p data-start=\"386\" data-end=\"444\">V\u1ecf ABS; Ch\u1ed1ng tia UV, ch\u1ed1ng th\u1ea5m n\u01b0\u1edbc, ch\u1ecbu \u0111\u01b0\u1ee3c th\u1eddi ti\u1ebft<\/p>\n<\/li>\n<li data-start=\"445\" data-end=\"517\">\n<p data-start=\"447\" data-end=\"517\">Kh\u1ea3 n\u0103ng t\u01b0\u01a1ng th\u00edch tr\u00ean kim lo\u1ea1i t\u00f9y ch\u1ecdn \u0111\u1ec3 \u0111\u1ecdc \u0111\u00e1ng tin c\u1eady tr\u00ean b\u1ec1 m\u1eb7t th\u00e9p<\/p>\n<\/li>\n<li data-start=\"518\" data-end=\"569\">\n<p data-start=\"520\" data-end=\"569\">Nhi\u1ec1u k\u00edch th\u01b0\u1edbc v\u00e0 m\u00e0u s\u1eafc cho m\u00e3 h\u00f3a v\u00f9ng\/tuy\u1ebfn \u0111\u01b0\u1eddng<\/p>\n<\/li>\n<li data-start=\"570\" data-end=\"616\">\n<p data-start=\"572\" data-end=\"616\">Logo\/s\u1ed1 \u0111\u01b0\u1ee3c in l\u1ee5a ho\u1eb7c kh\u1eafc laser<\/p>\n<\/li>\n<li data-start=\"617\" data-end=\"676\">\n<p data-start=\"619\" data-end=\"676\">Ph\u1ea1m vi \u0111\u1ecdc (HF): 2\u201310 cm (ph\u1ee5 thu\u1ed9c v\u00e0o ng\u01b0\u1eddi \u0111\u1ecdc\/m\u00f4i tr\u01b0\u1eddng)<\/p>\n<\/li>\n<li data-start=\"677\" data-end=\"728\">\n<p data-start=\"679\" data-end=\"728\">C\u00e1c d\u00f2ng chip c\u00f3 s\u1eb5n cho tri\u1ec3n khai LF\/HF\/UHF<\/p>\n<\/li>\n<\/ul>\n<p data-start=\"730\" data-end=\"912\"><strong data-start=\"730\" data-end=\"746\">\u1ee8ng d\u1ee5ng<\/strong><br data-start=\"746\" data-end=\"749\" \/>C\u00e1c tr\u1ea1m ki\u1ec3m so\u00e1t tu\u1ea7n tra b\u1ea3o v\u1ec7 \u2022 C\u00e1c \u0111i\u1ec3m b\u1ea3o tr\u00ec v\u00e0 ki\u1ec3m tra \u2022 M\u00e3 \u0111\u1ecbnh danh t\u00e0i s\u1ea3n\/c\u1eeda\/c\u1ed5ng trong h\u1eadu c\u1ea7n, ti\u1ec7n \u00edch, \u0111\u01b0\u1eddng s\u1eaft, m\u1ecf d\u1ea7u, ng\u00e2n h\u00e0ng, b\u1ea3o t\u00e0ng, s\u00e2n bay, v.v.<\/p>\n<p data-start=\"914\" data-end=\"1035\"><strong data-start=\"914\" data-end=\"930\">C\u00e0i \u0111\u1eb7t<\/strong><br data-start=\"930\" data-end=\"933\" \/>V\u1eb7n v\u00edt qua l\u1ed7 \u1edf gi\u1eefa \u0111\u1ec3 g\u1eafn c\u1ed1 \u0111\u1ecbnh ho\u1eb7c s\u1eed d\u1ee5ng keo d\u00e1n tr\u00ean b\u1ec1 m\u1eb7t s\u1ea1ch v\u00e0 kh\u00f4.<\/p>\n<p data-start=\"1037\" data-end=\"1277\"><strong data-start=\"1037\" data-end=\"1050\">C\u00e2u h\u1ecfi th\u01b0\u1eddng g\u1eb7p nhanh<\/strong><br data-start=\"1050\" data-end=\"1053\" \/><strong data-start=\"1053\" data-end=\"1083\">N\u00f3 c\u00f3 \u0111\u1ecdc \u0111\u01b0\u1ee3c tr\u00ean iPhone kh\u00f4ng?<\/strong> C\u00f3\u2014iPhone hi\u1ec7n \u0111\u1ea1i c\u00f3 th\u1ec3 qu\u00e9t th\u1ebb NFC chu\u1ea9n.<br data-start=\"1126\" data-end=\"1129\" \/><strong data-start=\"1129\" data-end=\"1159\">N\u00f3 c\u00f3 th\u1ec3 d\u00f9ng tr\u00ean th\u00e9p ph\u1ee7 kh\u00f4ng?<\/strong> C\u00f3\u2014l\u1edbp ch\u1eafn gi\u00fap gi\u1eef cho d\u1eef li\u1ec7u \u0111\u1ecdc \u0111\u01b0\u1ee3c \u1ed5n \u0111\u1ecbnh.<br data-start=\"1203\" data-end=\"1206\" \/><strong data-start=\"1206\" data-end=\"1227\">N\u00f3 c\u00f3 ch\u1ed1ng n\u01b0\u1edbc kh\u00f4ng?<\/strong> C\u00f3\u2014v\u1ecf nh\u1ef1a ABS k\u00edn c\u00f3 th\u1ec3 ch\u1ecbu \u0111\u01b0\u1ee3c th\u1eddi ti\u1ebft ngo\u00e0i tr\u1eddi.<\/p>\n<h2 data-start=\"1279\" data-end=\"1304\">B\u1ea3ng (Th\u00f4ng s\u1ed1 k\u1ef9 thu\u1eadt)<\/h2>\n<div class=\"_tableContainer_1rjym_1\">\n<div class=\"group _tableWrapper_1rjym_13 flex w-fit flex-col-reverse\" tabindex=\"-1\">\n<table class=\"w-fit min-w-(--thread-content-width)\" data-start=\"1306\" data-end=\"3019\">\n<thead data-start=\"1306\" data-end=\"1420\">\n<tr data-start=\"1306\" data-end=\"1420\">\n<th data-start=\"1306\" data-end=\"1324\" data-col-size=\"sm\">Lo\u1ea1i<\/th>\n<th data-start=\"1324\" data-end=\"1347\" data-col-size=\"sm\">Tham s\u1ed1<\/th>\n<th data-start=\"1347\" data-end=\"1420\" data-col-size=\"md\">Gi\u00e1 tr\u1ecb<\/th>\n<\/tr>\n<\/thead>\n<tbody data-start=\"1536\" data-end=\"3019\">\n<tr data-start=\"1536\" data-end=\"1649\">\n<td data-start=\"1536\" data-end=\"1554\" data-col-size=\"sm\">S\u1ea3n ph\u1ea9m<\/td>\n<td data-start=\"1554\" data-end=\"1577\" data-col-size=\"sm\">Y\u1ebfu t\u1ed1 h\u00ecnh th\u1ee9c<\/td>\n<td data-start=\"1577\" data-end=\"1649\" data-col-size=\"md\">M\u00e3 th\u00f4ng b\u00e1o tu\u1ea7n tra ABS RFID\/NFC<\/td>\n<\/tr>\n<tr data-start=\"1650\" data-end=\"1763\">\n<td data-start=\"1650\" data-end=\"1668\" data-col-size=\"sm\">Nguy\u00ean v\u1eadt li\u1ec7u<\/td>\n<td data-start=\"1668\" data-end=\"1691\" data-col-size=\"sm\">Nh\u00e0 \u1edf<\/td>\n<td data-col-size=\"md\" data-start=\"1691\" data-end=\"1763\">ABS, k\u00edn, ch\u1ed1ng tia UV, ch\u1ed1ng th\u1ea5m n\u01b0\u1edbc<\/td>\n<\/tr>\n<tr data-start=\"1764\" data-end=\"1878\">\n<td data-start=\"1764\" data-end=\"1782\" data-col-size=\"sm\">Tr\u00ean kim lo\u1ea1i<\/td>\n<td data-col-size=\"sm\" data-start=\"1782\" data-end=\"1805\">Kh\u1ea3 n\u0103ng t\u01b0\u01a1ng th\u00edch<\/td>\n<td data-col-size=\"md\" data-start=\"1805\" data-end=\"1878\">L\u1edbp che ch\u1eafn t\u00f9y ch\u1ecdn<\/td>\n<\/tr>\n<tr data-start=\"1879\" data-end=\"1992\">\n<td data-start=\"1879\" data-end=\"1897\" data-col-size=\"sm\">K\u00edch th\u01b0\u1edbc<\/td>\n<td data-start=\"1897\" data-end=\"1920\" data-col-size=\"sm\">T\u00f9y ch\u1ecdn \u0111\u01b0\u1eddng k\u00ednh<\/td>\n<td data-start=\"1920\" data-end=\"1992\" data-col-size=\"md\">\u00d835 \/ \u00d830 \/ \u00d828 \/ \u00d820 \/ \u00d812mm<\/td>\n<\/tr>\n<tr data-start=\"1993\" data-end=\"2106\">\n<td data-start=\"1993\" data-end=\"2011\" data-col-size=\"sm\">M\u00e0u s\u1eafc<\/td>\n<td data-col-size=\"sm\" data-start=\"2011\" data-end=\"2034\">T\u00f9y ch\u1ecdn ti\u00eau chu\u1ea9n<\/td>\n<td data-col-size=\"md\" data-start=\"2034\" data-end=\"2106\">Tr\u1eafng, \u0110en, Xanh lam, Xanh l\u1ee5c, V\u00e0ng, \u0110\u1ecf, Cam, X\u00e1m<\/td>\n<\/tr>\n<tr data-start=\"2107\" data-end=\"2220\">\n<td data-start=\"2107\" data-end=\"2125\" data-col-size=\"sm\">RF (HF\/NFC)<\/td>\n<td data-start=\"2125\" data-end=\"2148\" data-col-size=\"sm\">T\u1ea7n su\u1ea5t \/ Ti\u00eau chu\u1ea9n<\/td>\n<td data-start=\"2148\" data-end=\"2220\" data-col-size=\"md\">13,56 MHz; ISO 14443A<\/td>\n<\/tr>\n<tr data-start=\"2221\" data-end=\"2334\">\n<td data-start=\"2221\" data-end=\"2239\" data-col-size=\"sm\">Chip (HF)<\/td>\n<td data-col-size=\"sm\" data-start=\"2239\" data-end=\"2262\">T\u00f9y ch\u1ecdn<\/td>\n<td data-col-size=\"md\" data-start=\"2262\" data-end=\"2334\">S50 (MIFARE Classic 1K), NTAG213 \/ NTAG215 \/ NTAG216<\/td>\n<\/tr>\n<tr data-start=\"2335\" data-end=\"2448\">\n<td data-start=\"2335\" data-end=\"2353\" data-col-size=\"sm\">Ph\u1ea1m vi \u0111\u1ecdc<\/td>\n<td data-col-size=\"sm\" data-start=\"2353\" data-end=\"2376\">Kho\u1ea3ng c\u00e1ch (HF)<\/td>\n<td data-col-size=\"md\" data-start=\"2376\" data-end=\"2448\">2\u201310 cm (t\u00f9y thu\u1ed9c v\u00e0o thi\u1ebft b\u1ecb\/m\u00f4i tr\u01b0\u1eddng)<\/td>\n<\/tr>\n<tr data-start=\"2449\" data-end=\"2562\">\n<td data-start=\"2449\" data-end=\"2467\" data-col-size=\"sm\">C\u00e1c ban nh\u1ea1c kh\u00e1c<\/td>\n<td data-start=\"2467\" data-end=\"2490\" data-col-size=\"sm\">T\u00f9y ch\u1ecdn<\/td>\n<td data-col-size=\"md\" data-start=\"2490\" data-end=\"2562\">C\u00f3 s\u1eb5n 125 kHz (LF) ho\u1eb7c 860\u2013960 MHz (UHF)<\/td>\n<\/tr>\n<tr data-start=\"2563\" data-end=\"2676\">\n<td data-start=\"2563\" data-end=\"2581\" data-col-size=\"sm\">C\u00e1 nh\u00e2n h\u00f3a<\/td>\n<td data-start=\"2581\" data-end=\"2604\" data-col-size=\"sm\">In \u1ea5n\/\u0110\u00e1nh d\u1ea5u<\/td>\n<td data-col-size=\"md\" data-start=\"2604\" data-end=\"2676\">Logo\/s\u1ed1 in l\u1ee5a ho\u1eb7c laser<\/td>\n<\/tr>\n<tr data-start=\"2677\" data-end=\"2791\">\n<td data-start=\"2677\" data-end=\"2695\" data-col-size=\"sm\">L\u1eafp r\u00e1p<\/td>\n<td data-start=\"2695\" data-end=\"2718\" data-col-size=\"sm\">Ph\u01b0\u01a1ng ph\u00e1p<\/td>\n<td data-col-size=\"md\" data-start=\"2718\" data-end=\"2791\">L\u1ed7 v\u00edt \u1edf gi\u1eefa ho\u1eb7c m\u1eb7t sau c\u00f3 keo d\u00ednh<\/td>\n<\/tr>\n<tr data-start=\"2792\" data-end=\"2905\">\n<td data-start=\"2792\" data-end=\"2810\" data-col-size=\"sm\">Thu\u1ed9c t\u00ednh<\/td>\n<td data-col-size=\"sm\" data-start=\"2810\" data-end=\"2833\">S\u1ef1 b\u1ea3o v\u1ec7<\/td>\n<td data-col-size=\"md\" data-start=\"2833\" data-end=\"2905\">Ch\u1ed1ng th\u1ea5m n\u01b0\u1edbc, ch\u1ed1ng ch\u1ecbu th\u1eddi ti\u1ebft, ch\u1ed1ng \u0103n m\u00f2n<\/td>\n<\/tr>\n<tr data-start=\"2906\" data-end=\"3019\">\n<td data-start=\"2906\" data-end=\"2924\" data-col-size=\"sm\">C\u00e1c tr\u01b0\u1eddng h\u1ee3p s\u1eed d\u1ee5ng<\/td>\n<td data-start=\"2924\" data-end=\"2947\" data-col-size=\"sm\">C\u00e1c ng\u00e0nh c\u00f4ng nghi\u1ec7p ti\u00eau bi\u1ec3u<\/td>\n<td data-col-size=\"md\" data-start=\"2947\" data-end=\"3019\">H\u1eadu c\u1ea7n, an ninh, ti\u1ec7n \u00edch, v\u1eadn t\u1ea3i, d\u1ea7u kh\u00ed, qu\u1ea3n l\u00fd t\u00e0i s\u1ea3n.<\/td>\n<\/tr>\n<\/tbody>\n<\/table>\n<\/div>\n<\/div>","protected":false},"excerpt":{"rendered":"<p>\u0110\u1ed3ng h\u1ed3 b\u00e1o tu\u1ea7n tra ABS d\u00e0nh cho tu\u1ea7n tra b\u1ea3o v\u1ec7\u2014NFC\/HF ISO 14443A, \u0111\u1ecdc \u0111\u01b0\u1ee3c 2\u201310 cm, ch\u1ed1ng tia UV v\u00e0 ch\u1ed1ng th\u1ea5m n\u01b0\u1edbc, t\u00f9y ch\u1ecdn thi\u1ebft k\u1ebf tr\u00ean kim lo\u1ea1i, l\u1eafp b\u1eb1ng v\u00edt ho\u1eb7c keo d\u00e1n, nhi\u1ec1u k\u00edch c\u1ee1\/m\u00e0u s\u1eafc.<\/p>","protected":false},"featured_media":970,"template":"","meta":{"_gspb_post_css":""},"product_brand":[],"product_cat":[29],"product_tag":[],"class_list":{"0":"post-968","1":"product","2":"type-product","3":"status-publish","4":"has-post-thumbnail","6":"product_cat-nfc-tags","8":"first","9":"instock","10":"shipping-taxable","11":"purchasable","12":"product-type-simple"},"_links":{"self":[{"href":"https:\/\/www.cxjsmartcard.com\/vi\/wp-json\/wp\/v2\/product\/968","targetHints":{"allow":["GET"]}}],"collection":[{"href":"https:\/\/www.cxjsmartcard.com\/vi\/wp-json\/wp\/v2\/product"}],"about":[{"href":"https:\/\/www.cxjsmartcard.com\/vi\/wp-json\/wp\/v2\/types\/product"}],"wp:featuredmedia":[{"embeddable":true,"href":"https:\/\/www.cxjsmartcard.com\/vi\/wp-json\/wp\/v2\/media\/970"}],"wp:attachment":[{"href":"https:\/\/www.cxjsmartcard.com\/vi\/wp-json\/wp\/v2\/media?parent=968"}],"wp:term":[{"taxonomy":"product_brand","embeddable":true,"href":"https:\/\/www.cxjsmartcard.com\/vi\/wp-json\/wp\/v2\/product_brand?post=968"},{"taxonomy":"product_cat","embeddable":true,"href":"https:\/\/www.cxjsmartcard.com\/vi\/wp-json\/wp\/v2\/product_cat?post=968"},{"taxonomy":"product_tag","embeddable":true,"href":"https:\/\/www.cxjsmartcard.com\/vi\/wp-json\/wp\/v2\/product_tag?post=968"}],"curies":[{"name":"trang web","href":"https:\/\/api.w.org\/{rel}","templated":true}]}}