{"id":961,"date":"2025-11-03T09:31:55","date_gmt":"2025-11-03T09:31:55","guid":{"rendered":"https:\/\/www.cxjsmartcard.com\/?post_type=product&#038;p=961"},"modified":"2025-12-29T01:27:07","modified_gmt":"2025-12-29T01:27:07","slug":"nxp-ntag213-215-216-nfc-sticker-labels","status":"publish","type":"product","link":"https:\/\/www.cxjsmartcard.com\/vi\/nxp-ntag213-215-216-nfc-sticker-labels\/","title":{"rendered":"Nh\u00e3n d\u00e1n NFC NXP NTAG213\/215\/216"},"content":{"rendered":"<p data-start=\"50\" data-end=\"436\">Nh\u00e3n d\u00e1n NFC \u0111\u01b0\u1ee3c x\u00e2y d\u1ef1ng tr\u00ean n\u1ec1n t\u1ea3ng NXP NTAG213\/215\/216 cho kh\u1ea3 n\u0103ng ch\u1ea1m nhanh ch\u00f3ng, \u0111\u00e1ng tin c\u1eady v\u1edbi \u0111i\u1ec7n tho\u1ea1i th\u00f4ng minh v\u00e0 \u0111\u1ea7u \u0111\u1ecdc ISO 14443A. Tu\u00e2n th\u1ee7 ho\u00e0n to\u00e0n Th\u1ebb NFC Forum Type 2 v\u00e0 h\u1ed7 tr\u1ee3 NDEF, nh\u1eefng nh\u00e3n n\u00e0y l\u00fd t\u01b0\u1edfng cho ti\u1ebfp th\u1ecb th\u00f4ng minh, x\u00e1c th\u1ef1c s\u1ea3n ph\u1ea9m, nh\u00e3n k\u1ec7, v\u00e9 v\u00e0 s\u1ef1 ki\u1ec7n. K\u00edch th\u01b0\u1edbc nh\u1ecf g\u1ecdn, hi\u1ec7u su\u1ea5t RF cao v\u00e0 c\u00e1c t\u00ednh n\u0103ng b\u1ea3o m\u1eadt m\u1ea1nh m\u1ebd gi\u00fap ch\u00fang d\u1ec5 d\u00e0ng tri\u1ec3n khai tr\u00ean quy m\u00f4 l\u1edbn.<\/p>\n<p data-start=\"438\" data-end=\"456\"><strong data-start=\"438\" data-end=\"454\">C\u00e1c t\u00ednh n\u0103ng ch\u00ednh<\/strong><\/p>\n<ul data-start=\"457\" data-end=\"964\">\n<li data-start=\"457\" data-end=\"517\">\n<p data-start=\"459\" data-end=\"517\">HF 13,56 MHz; ISO\/IEC 14443 Lo\u1ea1i A; Th\u1ebb NFC Forum Lo\u1ea1i 2<\/p>\n<\/li>\n<li data-start=\"518\" data-end=\"590\">\n<p data-start=\"520\" data-end=\"590\">\u0110\u1ed9 tin c\u1eady qu\u00e9t cao v\u1edbi kh\u1ea3 n\u0103ng ch\u1ed1ng va ch\u1ea1m cho m\u00f4i tr\u01b0\u1eddng nhi\u1ec1u th\u1ebb<\/p>\n<\/li>\n<li data-start=\"591\" data-end=\"707\">\n<p data-start=\"593\" data-end=\"707\">B\u1ea3o m\u1eadt: UID 7 byte c\u1ee7a nh\u00e0 s\u1ea3n xu\u1ea5t, ch\u1eef k\u00fd g\u1ed1c ECC, m\u1eadt kh\u1ea9u 32 bit, bit OTP, kh\u00f3a c\u00f3 th\u1ec3 l\u1eadp tr\u00ecnh t\u1ea1i ch\u1ed7<\/p>\n<\/li>\n<li data-start=\"708\" data-end=\"798\">\n<p data-start=\"710\" data-end=\"798\">T\u1ed1c \u0111\u1ed9 d\u1eef li\u1ec7u 106 kbit\/gi\u00e2y; h\u1ed7 tr\u1ee3 NDEF cho URL, ID, gh\u00e9p n\u1ed1i Wi-Fi\/Bluetooth, danh thi\u1ebfp<\/p>\n<\/li>\n<li data-start=\"799\" data-end=\"874\">\n<p data-start=\"801\" data-end=\"874\">V\u1eadt li\u1ec7u: PVC\/gi\u1ea5y\/gi\u1ea5y tr\u00e1ng ph\u1ee7; \u0111\u01b0\u1ee3c cung c\u1ea5p theo cu\u1ed9n ho\u1eb7c t\u1eebng m\u1ea3nh ri\u00eang l\u1ebb<\/p>\n<\/li>\n<li data-start=\"875\" data-end=\"964\">\n<p data-start=\"877\" data-end=\"964\">D\u1ecbch v\u1ee5 in \u1ea5n v\u00e0 d\u1eef li\u1ec7u t\u00f9y ch\u1ec9nh: logo, \u0111\u1ed3 h\u1ecda, s\u1ed1 s\u00ea-ri\/UID, m\u00e3 QR\/m\u00e3 v\u1ea1ch, m\u00e3 h\u00f3a tr\u01b0\u1edbc<\/p>\n<\/li>\n<\/ul>\n<p data-start=\"966\" data-end=\"1138\"><strong data-start=\"966\" data-end=\"982\">\u1ee8ng d\u1ee5ng<\/strong><br data-start=\"982\" data-end=\"985\" \/>Ti\u1ebfp th\u1ecb v\u00e0 qu\u1ea3ng c\u00e1o th\u00f4ng minh \u2022 X\u00e1c th\u1ef1c s\u1ea3n ph\u1ea9m \u2022 Nh\u00e3n k\u1ec7 NFC \u2022 Danh thi\u1ebfp v\u00e0 th\u1ebb th\u00e0nh vi\u00ean\/s\u1ef1 ki\u1ec7n \u2022 Gh\u00e9p n\u1ed1i Bluetooth\/Wi-Fi nhanh ch\u00f3ng.<\/p>\n<h2 data-start=\"1140\" data-end=\"1165\">B\u1ea3ng (Th\u00f4ng s\u1ed1 k\u1ef9 thu\u1eadt)<\/h2>\n<div class=\"_tableContainer_1rjym_1\">\n<div class=\"group _tableWrapper_1rjym_13 flex w-fit flex-col-reverse\" tabindex=\"-1\">\n<table class=\"w-fit min-w-(--thread-content-width)\" data-start=\"1167\" data-end=\"3012\">\n<thead data-start=\"1167\" data-end=\"1289\">\n<tr data-start=\"1167\" data-end=\"1289\">\n<th data-start=\"1167\" data-end=\"1188\" data-col-size=\"sm\">Lo\u1ea1i<\/th>\n<th data-start=\"1188\" data-end=\"1216\" data-col-size=\"sm\">Tham s\u1ed1<\/th>\n<th data-start=\"1216\" data-end=\"1289\" data-col-size=\"md\">Gi\u00e1 tr\u1ecb<\/th>\n<\/tr>\n<\/thead>\n<tbody data-start=\"1413\" data-end=\"3012\">\n<tr data-start=\"1413\" data-end=\"1534\">\n<td data-start=\"1413\" data-end=\"1434\" data-col-size=\"sm\">S\u1ea3n ph\u1ea9m<\/td>\n<td data-start=\"1434\" data-end=\"1462\" data-col-size=\"sm\">T\u00ean<\/td>\n<td data-col-size=\"md\" data-start=\"1462\" data-end=\"1534\">Nh\u00e3n d\u00e1n NFC NXP NTAG213 \/ NTAG215 \/ NTAG216<\/td>\n<\/tr>\n<tr data-start=\"1535\" data-end=\"1657\">\n<td data-start=\"1535\" data-end=\"1556\" data-col-size=\"sm\">IC<\/td>\n<td data-col-size=\"sm\" data-start=\"1556\" data-end=\"1584\">M\u00f4 h\u00ecnh chip<\/td>\n<td data-col-size=\"md\" data-start=\"1584\" data-end=\"1657\">NTAG213, NTAG215, NTAG216 (c\u00f3 s\u1eb5n t\u00f9y ch\u1ecdn t\u00f9y ch\u1ec9nh)<\/td>\n<\/tr>\n<tr data-start=\"1658\" data-end=\"1781\">\n<td data-start=\"1658\" data-end=\"1679\" data-col-size=\"sm\">T\u1ea7n s\u1ed1 v\u00f4 tuy\u1ebfn<\/td>\n<td data-start=\"1679\" data-end=\"1707\" data-col-size=\"sm\">T\u00ednh th\u01b0\u1eddng xuy\u00ean<\/td>\n<td data-start=\"1707\" data-end=\"1781\" data-col-size=\"md\">13,56 MHz (HF)<\/td>\n<\/tr>\n<tr data-start=\"1782\" data-end=\"1904\">\n<td data-start=\"1782\" data-end=\"1803\" data-col-size=\"sm\"><\/td>\n<td data-col-size=\"sm\" data-start=\"1803\" data-end=\"1831\">Giao th\u1ee9c<\/td>\n<td data-col-size=\"md\" data-start=\"1831\" data-end=\"1904\">ISO\/IEC 14443 Lo\u1ea1i A; Th\u1ebb Di\u1ec5n \u0111\u00e0n NFC Lo\u1ea1i 2<\/td>\n<\/tr>\n<tr data-start=\"1905\" data-end=\"2028\">\n<td data-start=\"1905\" data-end=\"1926\" data-col-size=\"sm\">Hi\u1ec7u su\u1ea5t<\/td>\n<td data-col-size=\"sm\" data-start=\"1926\" data-end=\"1954\">T\u1ed1c \u0111\u1ed9 truy\u1ec1n th\u00f4ng<\/td>\n<td data-col-size=\"md\" data-start=\"1954\" data-end=\"2028\">106 kbit\/gi\u00e2y<\/td>\n<\/tr>\n<tr data-start=\"2029\" data-end=\"2151\">\n<td data-start=\"2029\" data-end=\"2050\" data-col-size=\"sm\">Ch\u1ed1ng va ch\u1ea1m<\/td>\n<td data-start=\"2050\" data-end=\"2078\" data-col-size=\"sm\">H\u1ed7 tr\u1ee3 nhi\u1ec1u th\u1ebb<\/td>\n<td data-start=\"2078\" data-end=\"2151\" data-col-size=\"md\">C\u00f3\u2014ch\u1ecdn t\u1eebng th\u1ebb ri\u00eang l\u1ebb trong tr\u01b0\u1eddng<\/td>\n<\/tr>\n<tr data-start=\"2152\" data-end=\"2274\">\n<td data-start=\"2152\" data-end=\"2173\" data-col-size=\"sm\">B\u1ea3o v\u1ec7<\/td>\n<td data-col-size=\"sm\" data-start=\"2173\" data-end=\"2201\">\u0110\u1eb7c tr\u01b0ng<\/td>\n<td data-col-size=\"md\" data-start=\"2201\" data-end=\"2274\">UID 7 byte; ch\u1eef k\u00fd g\u1ed1c ECC; m\u1eadt kh\u1ea9u 32 bit; OTP; bit kh\u00f3a<\/td>\n<\/tr>\n<tr data-start=\"2275\" data-end=\"2397\">\n<td data-start=\"2275\" data-end=\"2296\" data-col-size=\"sm\">Nguy\u00ean v\u1eadt li\u1ec7u<\/td>\n<td data-col-size=\"sm\" data-start=\"2296\" data-end=\"2324\">M\u1eb7t\/Ch\u1ea5t n\u1ec1n<\/td>\n<td data-col-size=\"md\" data-start=\"2324\" data-end=\"2397\">PVC, gi\u1ea5y, gi\u1ea5y tr\u00e1ng<\/td>\n<\/tr>\n<tr data-start=\"2398\" data-end=\"2520\">\n<td data-start=\"2398\" data-end=\"2419\" data-col-size=\"sm\">K\u00edch th\u01b0\u1edbc<\/td>\n<td data-col-size=\"sm\" data-start=\"2419\" data-end=\"2447\">K\u00edch th\u01b0\u1edbc ti\u00eau chu\u1ea9n<\/td>\n<td data-col-size=\"md\" data-start=\"2447\" data-end=\"2520\">\u00d825 \/ 30 \/ 35 \/ 40 \/ 45 \/ 50 mm; k\u00edch th\u01b0\u1edbc v\u00e0 h\u00ecnh d\u1ea1ng t\u00f9y ch\u1ec9nh<\/td>\n<\/tr>\n<tr data-start=\"2521\" data-end=\"2643\">\n<td data-start=\"2521\" data-end=\"2542\" data-col-size=\"sm\">C\u00e1 nh\u00e2n h\u00f3a<\/td>\n<td data-col-size=\"sm\" data-start=\"2542\" data-end=\"2570\">In \u1ea5n\/Bao b\u00ec<\/td>\n<td data-col-size=\"md\" data-start=\"2570\" data-end=\"2643\">Logo, \u0111\u1ed3 h\u1ecda, m\u00e3 QR, s\u1ed1 s\u00ea-ri; bao b\u00ec d\u1ea1ng cu\u1ed9n ho\u1eb7c d\u1ea1ng m\u1ea3nh<\/td>\n<\/tr>\n<tr data-start=\"2644\" data-end=\"2766\">\n<td data-start=\"2644\" data-end=\"2665\" data-col-size=\"sm\">D\u1ecbch v\u1ee5 d\u1eef li\u1ec7u<\/td>\n<td data-start=\"2665\" data-end=\"2693\" data-col-size=\"sm\">M\u00e3 h\u00f3a<\/td>\n<td data-col-size=\"md\" data-start=\"2693\" data-end=\"2766\">C\u00f3 s\u1eb5n m\u00e3 h\u00f3a tr\u01b0\u1edbc NDEF\/EPC<\/td>\n<\/tr>\n<tr data-start=\"2767\" data-end=\"2889\">\n<td data-start=\"2767\" data-end=\"2788\" data-col-size=\"sm\">Thu\u1eadn l\u1ee3i<\/td>\n<td data-col-size=\"sm\" data-start=\"2788\" data-end=\"2816\">\u0110i\u1ec3m n\u1ed5i b\u1eadt<\/td>\n<td data-col-size=\"md\" data-start=\"2816\" data-end=\"2889\">D\u1ea5u ch\u00e2n nh\u1ecf, \u0111\u1ecdc nhanh, hi\u1ec7u su\u1ea5t RF cao, an to\u00e0n, linh ho\u1ea1t<\/td>\n<\/tr>\n<tr data-start=\"2890\" data-end=\"3012\">\n<td data-start=\"2890\" data-end=\"2911\" data-col-size=\"sm\">\u1ee8ng d\u1ee5ng<\/td>\n<td data-col-size=\"sm\" data-start=\"2911\" data-end=\"2939\">C\u00e1c tr\u01b0\u1eddng h\u1ee3p s\u1eed d\u1ee5ng \u0111i\u1ec3n h\u00ecnh<\/td>\n<td data-col-size=\"md\" data-start=\"2939\" data-end=\"3012\">Ti\u1ebfp th\u1ecb, x\u00e1c th\u1ef1c, nh\u00e3n k\u1ec7, th\u1ebb, gh\u00e9p n\u1ed1i<\/td>\n<\/tr>\n<\/tbody>\n<\/table>\n<\/div>\n<\/div>","protected":false},"excerpt":{"rendered":"<p>Nh\u00e3n d\u00e1n NFC v\u1edbi NXP NTAG213\/215\/216\u201413,56 MHz, ISO 14443A, c\u00e1c t\u00ednh n\u0103ng b\u1ea3o m\u1eadt, h\u1ed7 tr\u1ee3 NDEF v\u00e0 kh\u1ea3 n\u0103ng in\/m\u00e3 h\u00f3a t\u00f9y ch\u1ec9nh cho m\u1ee5c \u0111\u00edch ti\u1ebfp th\u1ecb, x\u00e1c th\u1ef1c v\u00e0 s\u1ef1 ki\u1ec7n.<\/p>","protected":false},"featured_media":962,"template":"","meta":{"_gspb_post_css":""},"product_brand":[],"product_cat":[29],"product_tag":[],"class_list":{"0":"post-961","1":"product","2":"type-product","3":"status-publish","4":"has-post-thumbnail","6":"product_cat-nfc-tags","8":"first","9":"instock","10":"shipping-taxable","11":"purchasable","12":"product-type-simple"},"_links":{"self":[{"href":"https:\/\/www.cxjsmartcard.com\/vi\/wp-json\/wp\/v2\/product\/961","targetHints":{"allow":["GET"]}}],"collection":[{"href":"https:\/\/www.cxjsmartcard.com\/vi\/wp-json\/wp\/v2\/product"}],"about":[{"href":"https:\/\/www.cxjsmartcard.com\/vi\/wp-json\/wp\/v2\/types\/product"}],"wp:featuredmedia":[{"embeddable":true,"href":"https:\/\/www.cxjsmartcard.com\/vi\/wp-json\/wp\/v2\/media\/962"}],"wp:attachment":[{"href":"https:\/\/www.cxjsmartcard.com\/vi\/wp-json\/wp\/v2\/media?parent=961"}],"wp:term":[{"taxonomy":"product_brand","embeddable":true,"href":"https:\/\/www.cxjsmartcard.com\/vi\/wp-json\/wp\/v2\/product_brand?post=961"},{"taxonomy":"product_cat","embeddable":true,"href":"https:\/\/www.cxjsmartcard.com\/vi\/wp-json\/wp\/v2\/product_cat?post=961"},{"taxonomy":"product_tag","embeddable":true,"href":"https:\/\/www.cxjsmartcard.com\/vi\/wp-json\/wp\/v2\/product_tag?post=961"}],"curies":[{"name":"trang web","href":"https:\/\/api.w.org\/{rel}","templated":true}]}}