{"id":954,"date":"2025-11-03T09:30:20","date_gmt":"2025-11-03T09:30:20","guid":{"rendered":"https:\/\/www.cxjsmartcard.com\/?post_type=product&#038;p=954"},"modified":"2025-12-29T01:27:07","modified_gmt":"2025-12-29T01:27:07","slug":"nxp-mifare-ultralight-ev1-nfc-sticker","status":"publish","type":"product","link":"https:\/\/www.cxjsmartcard.com\/vi\/nxp-mifare-ultralight-ev1-nfc-sticker\/","title":{"rendered":"Nh\u00e3n d\u00e1n NFC NXP MIFARE Ultralight EV1"},"content":{"rendered":"<p data-start=\"49\" data-end=\"419\">Nh\u00e3n d\u00e1n NFC d\u1ef1a tr\u00ean c\u00f4ng ngh\u1ec7 MIFARE Ultralight\u00ae EV1 cho tr\u1ea3i nghi\u1ec7m ch\u1ea1m an to\u00e0n, nhanh ch\u00f3ng v\u00e0 t\u01b0\u01a1ng th\u00edch v\u1edbi \u0111i\u1ec7n tho\u1ea1i. L\u00fd t\u01b0\u1edfng cho thanh to\u00e1n di \u0111\u1ed9ng, ki\u1ec3m so\u00e1t ra v\u00e0o, v\u00e9 \u0111i\u1ec7n t\u1eed, ch\u01b0\u01a1ng tr\u00ecnh kh\u00e1ch h\u00e0ng th\u00e2n thi\u1ebft, ti\u1ebfp th\u1ecb v\u00e0 x\u00e1c th\u1ef1c s\u1ea3n ph\u1ea9m. M\u1ed7i th\u1ebb \u0111\u1ec1u h\u1ed7 tr\u1ee3 ch\u1ed1ng va ch\u1ea1m v\u00e0 c\u00f3 m\u00e3 UID 7 byte, b\u1ed9 nh\u1edb OTP, b\u1ed9 \u0111\u1ebfm m\u1ed9t chi\u1ec1u, ch\u1eef k\u00fd x\u00e1c th\u1ef1c ECC v\u00e0 t\u00f9y ch\u1ecdn b\u1ea3o v\u1ec7 b\u1eb1ng m\u1eadt kh\u1ea9u.<\/p>\n<p data-start=\"421\" data-end=\"560\"><strong data-start=\"421\" data-end=\"445\">V\u1eadt li\u1ec7u &amp; In \u1ea5n<\/strong><br data-start=\"445\" data-end=\"448\" \/>Gi\u1ea5y, gi\u1ea5y t\u1ef1 d\u00ednh, PVC, nh\u1ef1a m\u1ec1m ho\u1eb7c PET c\u00f3 in \u0111\u1ea7y \u0111\u1ee7 m\u00e0u s\u1eafc (logo, \u0111\u1ed3 h\u1ecda, d\u1eef li\u1ec7u thay \u0111\u1ed5i).<\/p>\n<p data-start=\"562\" data-end=\"655\"><strong data-start=\"562\" data-end=\"586\">K\u00edch th\u01b0\u1edbc (c\u00f3 th\u1ec3 t\u00f9y ch\u1ec9nh)<\/strong><br data-start=\"586\" data-end=\"589\" \/>\u00d825 mm, 25\u00d725 mm, 30\u00d730 mm, 40\u00d740 mm, 50\u00d750 mm v\u00e0 c\u00e1c h\u00ecnh d\u1ea1ng t\u00f9y ch\u1ec9nh.<\/p>\n<p data-start=\"657\" data-end=\"752\"><strong data-start=\"657\" data-end=\"690\">Chip t\u01b0\u01a1ng th\u00edch (theo y\u00eau c\u1ea7u)<\/strong><br data-start=\"690\" data-end=\"693\" \/>MIFARE Ultralight\u00ae \/ Ultralight\u00ae C \u2022 NTAG\u00ae 203 \/ 213 \/ 216.<\/p>\n<p data-start=\"754\" data-end=\"946\"><strong data-start=\"754\" data-end=\"770\">\u1ee8ng d\u1ee5ng<\/strong><br data-start=\"770\" data-end=\"773\" \/>Thanh to\u00e1n di \u0111\u1ed9ng kh\u00f4ng ti\u1ebfp x\u00fac \u2022 Ki\u1ec3m so\u00e1t truy c\u1eadp \u2022 V\u00e9 \u0111i\u1ec7n t\u1eed s\u1ef1 ki\u1ec7n v\u00e0 v\u00e9 ng\u00e0y \u2022 Ch\u01b0\u01a1ng tr\u00ecnh kh\u00e1ch h\u00e0ng th\u00e2n thi\u1ebft v\u00e0 chi\u1ebfn d\u1ecbch ti\u1ebfp th\u1ecb \u2022 X\u00e1c th\u1ef1c s\u1ea3n ph\u1ea9m v\u00e0 truy c\u1eadp n\u1ed9i dung k\u1ef9 thu\u1eadt s\u1ed1.<\/p>\n<p data-start=\"948\" data-end=\"1144\"><strong data-start=\"948\" data-end=\"964\">L\u1ee3i \u00edch ch\u00ednh<\/strong><br data-start=\"964\" data-end=\"967\" \/>Giao d\u1ecbch nhanh (&lt;35 ms) \u2022 Thi\u1ebft k\u1ebf an to\u00e0n, ch\u1ed1ng gi\u1ea3 m\u1ea1o \u2022 T\u00edch h\u1ee3p linh ho\u1ea1t v\u00e0o v\u00e9, th\u1ebb v\u00e0 nh\u00e3n \u2022 C\u00f3 th\u1ec3 m\u1edf r\u1ed9ng \u0111\u1ec3 tri\u1ec3n khai h\u00e0ng lo\u1ea1t v\u00e0 m\u00f4i tr\u01b0\u1eddng c\u00f3 l\u01b0u l\u01b0\u1ee3ng truy c\u1eadp cao.<\/p>\n<h2 data-start=\"1146\" data-end=\"1171\">B\u1ea3ng (Th\u00f4ng s\u1ed1 k\u1ef9 thu\u1eadt)<\/h2>\n<div class=\"_tableContainer_1rjym_1\">\n<div class=\"group _tableWrapper_1rjym_13 flex w-fit flex-col-reverse\" tabindex=\"-1\">\n<table class=\"w-fit min-w-(--thread-content-width)\" data-start=\"1173\" data-end=\"2573\">\n<thead data-start=\"1173\" data-end=\"1278\">\n<tr data-start=\"1173\" data-end=\"1278\">\n<th data-start=\"1173\" data-end=\"1191\" data-col-size=\"sm\">Lo\u1ea1i<\/th>\n<th data-start=\"1191\" data-end=\"1214\" data-col-size=\"sm\">Tham s\u1ed1<\/th>\n<th data-start=\"1214\" data-end=\"1278\" data-col-size=\"md\">Gi\u00e1 tr\u1ecb<\/th>\n<\/tr>\n<\/thead>\n<tbody data-start=\"1385\" data-end=\"2573\">\n<tr data-start=\"1385\" data-end=\"1490\">\n<td data-start=\"1385\" data-end=\"1403\" data-col-size=\"sm\">S\u1ea3n ph\u1ea9m<\/td>\n<td data-start=\"1403\" data-end=\"1426\" data-col-size=\"sm\">Ki\u1ec3u<\/td>\n<td data-start=\"1426\" data-end=\"1490\" data-col-size=\"md\">Nh\u00e3n d\u00e1n NFC<\/td>\n<\/tr>\n<tr data-start=\"1491\" data-end=\"1596\">\n<td data-start=\"1491\" data-end=\"1509\" data-col-size=\"sm\">T\u1ea7n s\u1ed1 v\u00f4 tuy\u1ebfn<\/td>\n<td data-start=\"1509\" data-end=\"1532\" data-col-size=\"sm\">T\u00ednh th\u01b0\u1eddng xuy\u00ean<\/td>\n<td data-col-size=\"md\" data-start=\"1532\" data-end=\"1596\">13,56 MHz<\/td>\n<\/tr>\n<tr data-start=\"1597\" data-end=\"1702\">\n<td data-start=\"1597\" data-end=\"1616\" data-col-size=\"sm\"><\/td>\n<td data-col-size=\"sm\" data-start=\"1616\" data-end=\"1638\">Giao th\u1ee9c<\/td>\n<td data-col-size=\"md\" data-start=\"1638\" data-end=\"1702\">ISO\/IEC 14443 Lo\u1ea1i A<\/td>\n<\/tr>\n<tr data-start=\"1703\" data-end=\"1808\">\n<td data-start=\"1703\" data-end=\"1721\" data-col-size=\"sm\">IC<\/td>\n<td data-start=\"1721\" data-end=\"1744\" data-col-size=\"sm\">M\u1eb7c \u0111\u1ecbnh<\/td>\n<td data-col-size=\"md\" data-start=\"1744\" data-end=\"1808\">MIFARE Ultralight\u00ae EV1<\/td>\n<\/tr>\n<tr data-start=\"1809\" data-end=\"1935\">\n<td data-start=\"1809\" data-end=\"1827\" data-col-size=\"sm\">B\u1ea3o v\u1ec7<\/td>\n<td data-start=\"1827\" data-end=\"1850\" data-col-size=\"sm\">\u0110\u1eb7c tr\u01b0ng<\/td>\n<td data-col-size=\"md\" data-start=\"1850\" data-end=\"1935\">UID 7 byte; OTP; b\u1ed9 \u0111\u1ebfm m\u1ed9t chi\u1ec1u; ch\u1eef k\u00fd g\u1ed1c ECC; b\u1ea3o v\u1ec7 b\u1eb1ng m\u1eadt kh\u1ea9u<\/td>\n<\/tr>\n<tr data-start=\"1936\" data-end=\"2041\">\n<td data-start=\"1936\" data-end=\"1954\" data-col-size=\"sm\">Ch\u1ed1ng va ch\u1ea1m<\/td>\n<td data-col-size=\"sm\" data-start=\"1954\" data-end=\"1977\">\u0110\u1ecdc nhi\u1ec1u th\u1ebb<\/td>\n<td data-col-size=\"md\" data-start=\"1977\" data-end=\"2041\">\u0110\u01b0\u1ee3c h\u1ed7 tr\u1ee3<\/td>\n<\/tr>\n<tr data-start=\"2042\" data-end=\"2147\">\n<td data-start=\"2042\" data-end=\"2060\" data-col-size=\"sm\">Nguy\u00ean v\u1eadt li\u1ec7u<\/td>\n<td data-col-size=\"sm\" data-start=\"2060\" data-end=\"2083\">M\u1eb7t\/Ch\u1ea5t n\u1ec1n<\/td>\n<td data-col-size=\"md\" data-start=\"2083\" data-end=\"2147\">Gi\u1ea5y, gi\u1ea5y t\u1ef1 d\u00ednh, PVC, nh\u1ef1a m\u1ec1m, PET<\/td>\n<\/tr>\n<tr data-start=\"2148\" data-end=\"2253\">\n<td data-start=\"2148\" data-end=\"2166\" data-col-size=\"sm\">K\u00edch th\u01b0\u1edbc<\/td>\n<td data-col-size=\"sm\" data-start=\"2166\" data-end=\"2189\">K\u00edch th\u01b0\u1edbc ti\u00eau chu\u1ea9n<\/td>\n<td data-col-size=\"md\" data-start=\"2189\" data-end=\"2253\">\u00d825 mm; 25\u00d725; 30\u00d730; 40\u00d740; 50\u00d750 mm; t\u00f9y ch\u1ec9nh<\/td>\n<\/tr>\n<tr data-start=\"2254\" data-end=\"2359\">\n<td data-start=\"2254\" data-end=\"2272\" data-col-size=\"sm\">In \u1ea5n<\/td>\n<td data-col-size=\"sm\" data-start=\"2272\" data-end=\"2295\">Ph\u01b0\u01a1ng ph\u00e1p<\/td>\n<td data-col-size=\"md\" data-start=\"2295\" data-end=\"2359\">\u0110\u1ea7y \u0111\u1ee7 m\u00e0u s\u1eafc (logo, \u0111\u1ed3 h\u1ecda, d\u1eef li\u1ec7u bi\u1ebfn \u0111\u1ed5i)<\/td>\n<\/tr>\n<tr data-start=\"2360\" data-end=\"2465\">\n<td data-start=\"2360\" data-end=\"2378\" data-col-size=\"sm\">T\u00f9y ch\u1ecdn<\/td>\n<td data-col-size=\"sm\" data-start=\"2378\" data-end=\"2401\">Chip thay th\u1ebf<\/td>\n<td data-col-size=\"md\" data-start=\"2401\" data-end=\"2465\">Si\u00eau nh\u1eb9 C; NTAG 203\/213\/216<\/td>\n<\/tr>\n<tr data-start=\"2466\" data-end=\"2573\">\n<td data-start=\"2466\" data-end=\"2484\" data-col-size=\"sm\">C\u00e1c tr\u01b0\u1eddng h\u1ee3p s\u1eed d\u1ee5ng<\/td>\n<td data-start=\"2484\" data-end=\"2507\" data-col-size=\"sm\">\u1ee8ng d\u1ee5ng<\/td>\n<td data-col-size=\"md\" data-start=\"2507\" data-end=\"2573\">Thanh to\u00e1n, truy c\u1eadp, v\u00e9 \u0111i\u1ec7n t\u1eed, l\u00f2ng trung th\u00e0nh\/ti\u1ebfp th\u1ecb, x\u00e1c th\u1ef1c<\/td>\n<\/tr>\n<\/tbody>\n<\/table>\n<\/div>\n<\/div>","protected":false},"excerpt":{"rendered":"<p>Nh\u00e3n d\u00e1n NFC v\u1edbi MIFARE Ultralight EV1\u2014ISO 14443A, ch\u1ea1m nhanh, b\u1ea3o m\u1eadt, ch\u1ed1ng va ch\u1ea1m v\u00e0 m\u1eb7t th\u1ebb c\u00f3 th\u1ec3 in \u0111\u1ea7y \u0111\u1ee7 m\u00e0u s\u1eafc d\u00f9ng cho thanh to\u00e1n, truy c\u1eadp, b\u00e1n v\u00e9 \u0111i\u1ec7n t\u1eed v\u00e0 chi\u1ebfn d\u1ecbch th\u01b0\u01a1ng hi\u1ec7u.<\/p>","protected":false},"featured_media":955,"template":"","meta":{"_gspb_post_css":""},"product_brand":[],"product_cat":[29],"product_tag":[],"class_list":{"0":"post-954","1":"product","2":"type-product","3":"status-publish","4":"has-post-thumbnail","6":"product_cat-nfc-tags","8":"first","9":"instock","10":"shipping-taxable","11":"purchasable","12":"product-type-simple"},"_links":{"self":[{"href":"https:\/\/www.cxjsmartcard.com\/vi\/wp-json\/wp\/v2\/product\/954","targetHints":{"allow":["GET"]}}],"collection":[{"href":"https:\/\/www.cxjsmartcard.com\/vi\/wp-json\/wp\/v2\/product"}],"about":[{"href":"https:\/\/www.cxjsmartcard.com\/vi\/wp-json\/wp\/v2\/types\/product"}],"wp:featuredmedia":[{"embeddable":true,"href":"https:\/\/www.cxjsmartcard.com\/vi\/wp-json\/wp\/v2\/media\/955"}],"wp:attachment":[{"href":"https:\/\/www.cxjsmartcard.com\/vi\/wp-json\/wp\/v2\/media?parent=954"}],"wp:term":[{"taxonomy":"product_brand","embeddable":true,"href":"https:\/\/www.cxjsmartcard.com\/vi\/wp-json\/wp\/v2\/product_brand?post=954"},{"taxonomy":"product_cat","embeddable":true,"href":"https:\/\/www.cxjsmartcard.com\/vi\/wp-json\/wp\/v2\/product_cat?post=954"},{"taxonomy":"product_tag","embeddable":true,"href":"https:\/\/www.cxjsmartcard.com\/vi\/wp-json\/wp\/v2\/product_tag?post=954"}],"curies":[{"name":"trang web","href":"https:\/\/api.w.org\/{rel}","templated":true}]}}