{"id":943,"date":"2025-11-03T09:28:48","date_gmt":"2025-11-03T09:28:48","guid":{"rendered":"https:\/\/www.cxjsmartcard.com\/?post_type=product&#038;p=943"},"modified":"2025-12-29T01:27:07","modified_gmt":"2025-12-29T01:27:07","slug":"ntag213-nfc-keychain-abs-rfid-keyfob","status":"publish","type":"product","link":"https:\/\/www.cxjsmartcard.com\/vi\/ntag213-nfc-keychain-abs-rfid-keyfob\/","title":{"rendered":"M\u00f3c kh\u00f3a NTAG213 NFC ABS RFID Keyfob"},"content":{"rendered":"<p data-start=\"48\" data-end=\"332\">M\u00f3c kh\u00f3a NFC nh\u1ecf g\u1ecdn, b\u1ec1n b\u1ec9 l\u00e0m t\u1eeb nh\u1ef1a ABS, th\u00edch h\u1ee3p cho vi\u1ec7c ki\u1ec3m so\u00e1t v\u00e0 nh\u1eadn d\u1ea1ng ra v\u00e0o h\u00e0ng ng\u00e0y. L\u00f5i NTAG213 (HF 13,56 MHz) mang l\u1ea1i kh\u1ea3 n\u0103ng ch\u1ea1m nhanh ch\u00f3ng, \u0111\u00e1ng tin c\u1eady v\u1edbi \u0111i\u1ec7n tho\u1ea1i th\u00f4ng minh v\u00e0 \u0111\u1ea7u \u0111\u1ecdc ISO 14443A. D\u1ec5 d\u00e0ng mang theo tr\u00ean m\u00f3c kh\u00f3a v\u00e0 c\u00f3 th\u1ec3 t\u00f9y ch\u1ec9nh m\u00e0u s\u1eafc, h\u00ecnh in v\u00e0 chip.<\/p>\n<p data-start=\"334\" data-end=\"352\"><strong data-start=\"334\" data-end=\"350\">C\u00e1c t\u00ednh n\u0103ng ch\u00ednh<\/strong><\/p>\n<ul data-start=\"353\" data-end=\"614\">\n<li data-start=\"353\" data-end=\"390\">\n<p data-start=\"355\" data-end=\"390\">Th\u1ebb mini ch\u1ed1ng n\u01b0\u1edbc, ch\u1ed1ng ch\u1ecbu th\u1eddi ti\u1ebft<\/p>\n<\/li>\n<li data-start=\"391\" data-end=\"429\">\n<p data-start=\"393\" data-end=\"429\">NFC\/RFID 13,56 MHz, ISO\/IEC 14443A<\/p>\n<\/li>\n<li data-start=\"430\" data-end=\"489\">\n<p data-start=\"432\" data-end=\"489\">Kho\u1ea3ng c\u00e1ch \u0111\u1ecdc \u0111i\u1ec3n h\u00ecnh: 2\u20135 cm (t\u00f9y thu\u1ed9c v\u00e0o \u0111\u1ea7u \u0111\u1ecdc\/thi\u1ebft b\u1ecb)<\/p>\n<\/li>\n<li data-start=\"490\" data-end=\"545\">\n<p data-start=\"492\" data-end=\"545\">M\u00e0u s\u1eafc, logo, s\u1ed1 s\u00ea-ri\/UID, m\u00e3 QR\/m\u00e3 v\u1ea1ch c\u00f3 th\u1ec3 t\u00f9y ch\u1ec9nh<\/p>\n<\/li>\n<li data-start=\"546\" data-end=\"599\">\n<p data-start=\"548\" data-end=\"599\">Nhi\u1ec1u t\u00f9y ch\u1ecdn IC cho nhu c\u1ea7u b\u1ea3o m\u1eadt v\u00e0 b\u1ed9 nh\u1edb<\/p>\n<\/li>\n<li data-start=\"600\" data-end=\"614\">\n<p data-start=\"602\" data-end=\"614\">MOQ: 200 chi\u1ebfc<\/p>\n<\/li>\n<\/ul>\n<p data-start=\"616\" data-end=\"778\"><strong data-start=\"616\" data-end=\"632\">\u1ee8ng d\u1ee5ng<\/strong><br data-start=\"632\" data-end=\"635\" \/>Ki\u1ec3m so\u00e1t ra v\u00e0o \u2022 Giao th\u00f4ng c\u00f4ng c\u1ed9ng \u2022 Thanh to\u00e1n kh\u00f4ng d\u00f9ng ti\u1ec1n m\u1eb7t\/v\u00f2ng k\u00edn \u2022 Ch\u1ea5m c\u00f4ng \u2022 Qu\u1ea3n l\u00fd th\u00e0nh vi\u00ean v\u00e0 kh\u00e1ch \u2022 \u0110\u0103ng k\u00fd th\u00f4ng minh.<\/p>\n<h2 data-start=\"780\" data-end=\"805\">B\u1ea3ng (Th\u00f4ng s\u1ed1 k\u1ef9 thu\u1eadt)<\/h2>\n<div class=\"_tableContainer_1rjym_1\">\n<div class=\"group _tableWrapper_1rjym_13 flex w-fit flex-col-reverse\" tabindex=\"-1\">\n<table class=\"w-fit min-w-(--thread-content-width)\" data-start=\"807\" data-end=\"3398\">\n<thead data-start=\"807\" data-end=\"929\">\n<tr data-start=\"807\" data-end=\"929\">\n<th data-start=\"807\" data-end=\"829\" data-col-size=\"sm\">Lo\u1ea1i<\/th>\n<th data-start=\"829\" data-end=\"856\" data-col-size=\"sm\">Tham s\u1ed1<\/th>\n<th data-start=\"856\" data-end=\"929\" data-col-size=\"md\">Gi\u00e1 tr\u1ecb<\/th>\n<\/tr>\n<\/thead>\n<tbody data-start=\"1052\" data-end=\"3398\">\n<tr data-start=\"1052\" data-end=\"1173\">\n<td data-start=\"1052\" data-end=\"1073\" data-col-size=\"sm\">S\u1ea3n ph\u1ea9m<\/td>\n<td data-col-size=\"sm\" data-start=\"1073\" data-end=\"1100\">T\u00ean<\/td>\n<td data-col-size=\"md\" data-start=\"1100\" data-end=\"1173\">M\u00f3c kh\u00f3a RFID ABS<\/td>\n<\/tr>\n<tr data-start=\"1174\" data-end=\"1295\">\n<td data-start=\"1174\" data-end=\"1195\" data-col-size=\"sm\">Y\u1ebfu t\u1ed1 h\u00ecnh th\u1ee9c<\/td>\n<td data-col-size=\"sm\" data-start=\"1195\" data-end=\"1222\">Phong c\u00e1ch<\/td>\n<td data-col-size=\"md\" data-start=\"1222\" data-end=\"1295\">M\u00f3c kh\u00f3a (th\u1ebb mini)<\/td>\n<\/tr>\n<tr data-start=\"1296\" data-end=\"1417\">\n<td data-start=\"1296\" data-end=\"1317\" data-col-size=\"sm\">Nguy\u00ean v\u1eadt li\u1ec7u<\/td>\n<td data-col-size=\"sm\" data-start=\"1317\" data-end=\"1344\">Th\u00e2n h\u00ecnh<\/td>\n<td data-col-size=\"md\" data-start=\"1344\" data-end=\"1417\">ABS (nh\u1ef1a)<\/td>\n<\/tr>\n<tr data-start=\"1418\" data-end=\"1539\">\n<td data-start=\"1418\" data-end=\"1439\" data-col-size=\"sm\">K\u00edch th\u01b0\u1edbc<\/td>\n<td data-col-size=\"sm\" data-start=\"1439\" data-end=\"1466\">K\u00edch c\u1ee1<\/td>\n<td data-col-size=\"md\" data-start=\"1466\" data-end=\"1539\">2,36 \u00d7 1,18 \u00d7 0,16 in (x\u1ea5p x\u1ec9)<\/td>\n<\/tr>\n<tr data-start=\"1540\" data-end=\"1661\">\n<td data-start=\"1540\" data-end=\"1561\" data-col-size=\"sm\">Giao di\u1ec7n RF<\/td>\n<td data-start=\"1561\" data-end=\"1588\" data-col-size=\"sm\">T\u00ednh th\u01b0\u1eddng xuy\u00ean<\/td>\n<td data-start=\"1588\" data-end=\"1661\" data-col-size=\"md\">13,56 MHz (HF)<\/td>\n<\/tr>\n<tr data-start=\"1662\" data-end=\"1783\">\n<td data-start=\"1662\" data-end=\"1683\" data-col-size=\"sm\"><\/td>\n<td data-start=\"1683\" data-end=\"1710\" data-col-size=\"sm\">Giao th\u1ee9c<\/td>\n<td data-start=\"1710\" data-end=\"1783\" data-col-size=\"md\">Ti\u00eau chu\u1ea9n ISO\/IEC 14443A<\/td>\n<\/tr>\n<tr data-start=\"1784\" data-end=\"1905\">\n<td data-start=\"1784\" data-end=\"1805\" data-col-size=\"sm\">Giao ti\u1ebfp<\/td>\n<td data-col-size=\"sm\" data-start=\"1805\" data-end=\"1832\">Giao di\u1ec7n<\/td>\n<td data-col-size=\"md\" data-start=\"1832\" data-end=\"1905\">RFID, NFC<\/td>\n<\/tr>\n<tr data-start=\"1906\" data-end=\"2028\">\n<td data-start=\"1906\" data-end=\"1927\" data-col-size=\"sm\">Chip m\u1eb7c \u0111\u1ecbnh<\/td>\n<td data-col-size=\"sm\" data-start=\"1927\" data-end=\"1955\">IC<\/td>\n<td data-col-size=\"md\" data-start=\"1955\" data-end=\"2028\">NTAG213<\/td>\n<\/tr>\n<tr data-start=\"2029\" data-end=\"2168\">\n<td data-start=\"2029\" data-end=\"2050\" data-col-size=\"sm\">T\u00f9y ch\u1ecdn chip (HF)<\/td>\n<td data-col-size=\"sm\" data-start=\"2050\" data-end=\"2077\">Gia \u0111\u00ecnh NTAG<\/td>\n<td data-col-size=\"md\" data-start=\"2077\" data-end=\"2168\">NTAG213 (180 B), NTAG215 (540 B), NTAG216 (924 B), TagTamper, 424 DNA\/424 DNA TagTamper<\/td>\n<\/tr>\n<tr data-start=\"2169\" data-end=\"2290\">\n<td data-start=\"2169\" data-end=\"2190\" data-col-size=\"sm\"><\/td>\n<td data-start=\"2190\" data-end=\"2217\" data-col-size=\"sm\">MIFARE c\u1ed5 \u0111i\u1ec3n<\/td>\n<td data-col-size=\"md\" data-start=\"2217\" data-end=\"2290\">1K, 4K<\/td>\n<\/tr>\n<tr data-start=\"2291\" data-end=\"2412\">\n<td data-start=\"2291\" data-end=\"2312\" data-col-size=\"sm\"><\/td>\n<td data-col-size=\"sm\" data-start=\"2312\" data-end=\"2339\">MIFARE Plus<\/td>\n<td data-col-size=\"md\" data-start=\"2339\" data-end=\"2412\">C\u1ed9ng EV2 (2K\/4K), C\u1ed9ng SE (1K)<\/td>\n<\/tr>\n<tr data-start=\"2413\" data-end=\"2534\">\n<td data-start=\"2413\" data-end=\"2434\" data-col-size=\"sm\"><\/td>\n<td data-start=\"2434\" data-end=\"2461\" data-col-size=\"sm\">MIFARE DESFire<\/td>\n<td data-col-size=\"md\" data-start=\"2461\" data-end=\"2534\">EV1 \/ EV2 \/ EV3 (2K\/4K\/8K)<\/td>\n<\/tr>\n<tr data-start=\"2535\" data-end=\"2666\">\n<td data-start=\"2535\" data-end=\"2556\" data-col-size=\"sm\"><\/td>\n<td data-col-size=\"sm\" data-start=\"2556\" data-end=\"2583\">ICODE (ISO 15693)<\/td>\n<td data-col-size=\"md\" data-start=\"2583\" data-end=\"2666\">SLI (1024 bit), SLIX, SLIX2 (2560 bit), SLIX-S (2048 bit), SLIX-L (512 bit)<\/td>\n<\/tr>\n<tr data-start=\"2667\" data-end=\"2788\">\n<td data-start=\"2667\" data-end=\"2688\" data-col-size=\"sm\">Hi\u1ec7u su\u1ea5t<\/td>\n<td data-col-size=\"sm\" data-start=\"2688\" data-end=\"2715\">Kho\u1ea3ng c\u00e1ch \u0111\u1ecdc<\/td>\n<td data-col-size=\"md\" data-start=\"2715\" data-end=\"2788\">2\u20135 cm (ph\u1ee5 thu\u1ed9c v\u00e0o thi\u1ebft b\u1ecb\/\u0103ng-ten)<\/td>\n<\/tr>\n<tr data-start=\"2789\" data-end=\"2910\">\n<td data-start=\"2789\" data-end=\"2810\" data-col-size=\"sm\">\u0110\u1ed9 b\u1ec1n<\/td>\n<td data-start=\"2810\" data-end=\"2837\" data-col-size=\"sm\">T\u00ednh n\u0103ng \u0111\u1eb7c bi\u1ec7t<\/td>\n<td data-col-size=\"md\" data-start=\"2837\" data-end=\"2910\">Ch\u1ed1ng n\u01b0\u1edbc \/ Ch\u1ed1ng ch\u1ecbu th\u1eddi ti\u1ebft; v\u1ecf ABS ch\u1eafc ch\u1eafn<\/td>\n<\/tr>\n<tr data-start=\"2911\" data-end=\"3032\">\n<td data-start=\"2911\" data-end=\"2932\" data-col-size=\"sm\">C\u00e1 nh\u00e2n h\u00f3a<\/td>\n<td data-start=\"2932\" data-end=\"2959\" data-col-size=\"sm\">M\u00e0u s\u1eafc\/In \u1ea5n<\/td>\n<td data-col-size=\"md\" data-start=\"2959\" data-end=\"3032\">M\u00e0u s\u1eafc t\u00f9y ch\u1ec9nh; logo\/v\u0103n b\u1ea3n; laser\/in; UID\/serial, QR\/m\u00e3 v\u1ea1ch<\/td>\n<\/tr>\n<tr data-start=\"3033\" data-end=\"3154\">\n<td data-start=\"3033\" data-end=\"3054\" data-col-size=\"sm\">Bao b\u00ec<\/td>\n<td data-col-size=\"sm\" data-start=\"3054\" data-end=\"3081\">MOQ<\/td>\n<td data-col-size=\"md\" data-start=\"3081\" data-end=\"3154\">200 chi\u1ebfc<\/td>\n<\/tr>\n<tr data-start=\"3155\" data-end=\"3276\">\n<td data-start=\"3155\" data-end=\"3176\" data-col-size=\"sm\">Ngu\u1ed3n g\u1ed1c<\/td>\n<td data-col-size=\"sm\" data-start=\"3176\" data-end=\"3203\">N\u01a1i xu\u1ea5t x\u1ee9<\/td>\n<td data-col-size=\"md\" data-start=\"3203\" data-end=\"3276\">Trung Qu\u1ed1c<\/td>\n<\/tr>\n<tr data-start=\"3277\" data-end=\"3398\">\n<td data-start=\"3277\" data-end=\"3298\" data-col-size=\"sm\">C\u00e1c tr\u01b0\u1eddng h\u1ee3p s\u1eed d\u1ee5ng<\/td>\n<td data-col-size=\"sm\" data-start=\"3298\" data-end=\"3325\">\u1ee8ng d\u1ee5ng<\/td>\n<td data-col-size=\"md\" data-start=\"3325\" data-end=\"3398\">Ki\u1ec3m so\u00e1t truy c\u1eadp, v\u1eadn chuy\u1ec3n, thanh to\u00e1n, ID, th\u00e0nh vi\u00ean, \u0111i\u1ec3m danh<\/td>\n<\/tr>\n<\/tbody>\n<\/table>\n<\/div>\n<\/div>","protected":false},"excerpt":{"rendered":"<p>M\u00f3c kh\u00f3a ABS NFC b\u1ec1n b\u1ec9 v\u1edbi NTAG213\u2014th\u1ebb mini ch\u1ed1ng n\u01b0\u1edbc d\u00f9ng \u0111\u1ec3 ki\u1ec3m so\u00e1t ra v\u00e0o v\u00e0 nh\u1eadn d\u1ea1ng h\u00e0ng ng\u00e0y. 13,56 MHz ISO 14443A, \u0111\u1ecdc \u0111\u01b0\u1ee3c 2\u20135 cm, t\u00f9y ch\u1ec9nh m\u00e0u s\u1eafc v\u00e0 in \u1ea5n.<\/p>","protected":false},"featured_media":949,"template":"","meta":{"_gspb_post_css":""},"product_brand":[],"product_cat":[29],"product_tag":[],"class_list":{"0":"post-943","1":"product","2":"type-product","3":"status-publish","4":"has-post-thumbnail","6":"product_cat-nfc-tags","8":"first","9":"instock","10":"shipping-taxable","11":"purchasable","12":"product-type-simple"},"_links":{"self":[{"href":"https:\/\/www.cxjsmartcard.com\/vi\/wp-json\/wp\/v2\/product\/943","targetHints":{"allow":["GET"]}}],"collection":[{"href":"https:\/\/www.cxjsmartcard.com\/vi\/wp-json\/wp\/v2\/product"}],"about":[{"href":"https:\/\/www.cxjsmartcard.com\/vi\/wp-json\/wp\/v2\/types\/product"}],"wp:featuredmedia":[{"embeddable":true,"href":"https:\/\/www.cxjsmartcard.com\/vi\/wp-json\/wp\/v2\/media\/949"}],"wp:attachment":[{"href":"https:\/\/www.cxjsmartcard.com\/vi\/wp-json\/wp\/v2\/media?parent=943"}],"wp:term":[{"taxonomy":"product_brand","embeddable":true,"href":"https:\/\/www.cxjsmartcard.com\/vi\/wp-json\/wp\/v2\/product_brand?post=943"},{"taxonomy":"product_cat","embeddable":true,"href":"https:\/\/www.cxjsmartcard.com\/vi\/wp-json\/wp\/v2\/product_cat?post=943"},{"taxonomy":"product_tag","embeddable":true,"href":"https:\/\/www.cxjsmartcard.com\/vi\/wp-json\/wp\/v2\/product_tag?post=943"}],"curies":[{"name":"trang web","href":"https:\/\/api.w.org\/{rel}","templated":true}]}}