{"id":939,"date":"2025-11-03T09:26:36","date_gmt":"2025-11-03T09:26:36","guid":{"rendered":"https:\/\/www.cxjsmartcard.com\/?post_type=product&#038;p=939"},"modified":"2025-12-29T01:27:07","modified_gmt":"2025-12-29T01:27:07","slug":"uhf-rfid-medical-glass-tube-tags-for-glass-bottle-tracking","status":"publish","type":"product","link":"https:\/\/www.cxjsmartcard.com\/vi\/uhf-rfid-medical-glass-tube-tags-for-glass-bottle-tracking\/","title":{"rendered":"Th\u1ebb \u1ed1ng th\u1ee7y tinh y t\u1ebf UHF RFID \u0111\u1ec3 theo d\u00f5i chai th\u1ee7y tinh"},"content":{"rendered":"<p data-start=\"70\" data-end=\"397\">Nh\u00e3n RFID UHF cho chai th\u1ee7y tinh d\u01b0\u1ee3c ph\u1ea9m, \u0111\u01b0\u1ee3c x\u00e2y d\u1ef1ng tr\u00ean FM13UF0051E v\u1edbi <strong data-start=\"160\" data-end=\"175\">EPC 128-bit<\/strong> B\u1ed9 nh\u1edb cho hi\u1ec7u su\u1ea5t \u0111\u1ecdc \u0111a \u0111i\u1ec3m nhanh ch\u00f3ng. M\u1eb7t gi\u1ea5y tr\u00e1ng ph\u1ee7 c\u00f3 th\u1ec3 in \u0111\u01b0\u1ee3c v\u00e0 k\u1ebft h\u1ee3p v\u1edbi keo d\u00e1n \u0111a d\u1ee5ng \u0111\u1ec3 d\u00e1n ch\u1eafc ch\u1eafn l\u00ean l\u1ecd v\u00e0 h\u1ed9p \u0111\u1ef1ng th\u1ee7y tinh d\u1ea1ng b\u1ed9t kh\u00f4.<\/p>\n<p data-start=\"399\" data-end=\"417\"><strong data-start=\"399\" data-end=\"415\">C\u00e1c t\u00ednh n\u0103ng ch\u00ednh<\/strong><\/p>\n<ul data-start=\"418\" data-end=\"720\">\n<li data-start=\"418\" data-end=\"459\">\n<p data-start=\"420\" data-end=\"459\">Tu\u00e2n th\u1ee7 EPC Gen2 \/ ISO\/IEC 18000-6C<\/p>\n<\/li>\n<li data-start=\"460\" data-end=\"536\">\n<p data-start=\"462\" data-end=\"536\">EPC 128-bit; \u0111\u01b0\u1ee3c t\u1ed1i \u01b0u h\u00f3a \u0111\u1ec3 \u0111\u1ecdc nhanh, \u0111\u1ecdc nhi\u1ec1u l\u1ea7n v\u00e0 truy xu\u1ea5t ngu\u1ed3n g\u1ed1c<\/p>\n<\/li>\n<li data-start=\"537\" data-end=\"605\">\n<p data-start=\"539\" data-end=\"605\">M\u1eb7t gi\u1ea5y tr\u00e1ng ph\u1ee7; c\u00f3 th\u1ec3 in b\u1eb1ng ph\u01b0\u01a1ng ph\u00e1p chuy\u1ec3n nhi\u1ec7t ho\u1eb7c in l\u1ee5a<\/p>\n<\/li>\n<li data-start=\"606\" data-end=\"674\">\n<p data-start=\"608\" data-end=\"674\">\u0110\u01b0\u1ee3c cung c\u1ea5p d\u01b0\u1edbi d\u1ea1ng nh\u00e3n d\u00e1n ho\u1eb7c gi\u1ea5y tr\u00e1ng ph\u1ee7 k\u00e8m theo<\/p>\n<\/li>\n<li data-start=\"675\" data-end=\"720\">\n<p data-start=\"677\" data-end=\"720\">V\u1eadt li\u1ec7u chip, k\u00edch th\u01b0\u1edbc v\u00e0 m\u1eb7t c\u00f3 th\u1ec3 t\u00f9y ch\u1ec9nh<\/p>\n<\/li>\n<\/ul>\n<p data-start=\"722\" data-end=\"868\"><strong data-start=\"722\" data-end=\"738\">\u1ee8ng d\u1ee5ng<\/strong><br data-start=\"738\" data-end=\"741\" \/>Qu\u1ea3n l\u00fd y t\u1ebf v\u00e0 ch\u0103m s\u00f3c s\u1ee9c kh\u1ecfe \u2022 H\u1eadu c\u1ea7n d\u01b0\u1ee3c ph\u1ea9m \u2022 Nh\u1eadn d\u1ea1ng chai thu\u1ed1c \u2022 Theo d\u00f5i chai th\u1ee7y tinh b\u1ed9t kh\u00f4.<\/p>\n<p data-start=\"870\" data-end=\"987\"><strong data-start=\"870\" data-end=\"898\">D\u1ecbch v\u1ee5 in \u1ea5n v\u00e0 d\u1eef li\u1ec7u<\/strong><br data-start=\"898\" data-end=\"901\" \/>In chuy\u1ec3n nhi\u1ec7t v\u00e0 in l\u1ee5a; H\u1ed7 tr\u1ee3 kh\u1edfi t\u1ea1o\/m\u00e3 h\u00f3a d\u1eef li\u1ec7u EPC.<\/p>\n<p data-start=\"989\" data-end=\"1068\"><strong data-start=\"989\" data-end=\"1012\">V\u1eadn h\u00e0nh &amp; L\u01b0u tr\u1eef<\/strong><br data-start=\"1012\" data-end=\"1015\" \/>S\u1eed d\u1ee5ng: 0\u201360 \u2103, 20\u201380% RH \u2022 B\u1ea3o qu\u1ea3n: 20\u201330 \u2103, 20\u201360% RH.<\/p>\n<h2 data-start=\"1070\" data-end=\"1095\">B\u1ea3ng (Th\u00f4ng s\u1ed1 k\u1ef9 thu\u1eadt)<\/h2>\n<div class=\"_tableContainer_1rjym_1\">\n<div class=\"group _tableWrapper_1rjym_13 flex w-fit flex-col-reverse\" tabindex=\"-1\">\n<table class=\"w-fit min-w-(--thread-content-width)\" data-start=\"1097\" data-end=\"2611\">\n<thead data-start=\"1097\" data-end=\"1190\">\n<tr data-start=\"1097\" data-end=\"1190\">\n<th data-start=\"1097\" data-end=\"1116\" data-col-size=\"sm\">Lo\u1ea1i<\/th>\n<th data-start=\"1116\" data-end=\"1143\" data-col-size=\"sm\">Tham s\u1ed1<\/th>\n<th data-start=\"1143\" data-end=\"1190\" data-col-size=\"md\">Gi\u00e1 tr\u1ecb<\/th>\n<\/tr>\n<\/thead>\n<tbody data-start=\"1285\" data-end=\"2611\">\n<tr data-start=\"1285\" data-end=\"1383\">\n<td data-start=\"1285\" data-end=\"1304\" data-col-size=\"sm\">S\u1ea3n ph\u1ea9m<\/td>\n<td data-start=\"1304\" data-end=\"1331\" data-col-size=\"sm\">T\u00ean<\/td>\n<td data-start=\"1331\" data-end=\"1383\" data-col-size=\"md\">Th\u1ebb RFID UHF cho chai th\u1ee7y tinh \u0111\u1ef1ng b\u1ed9t kh\u00f4 y t\u1ebf<\/td>\n<\/tr>\n<tr data-start=\"1384\" data-end=\"1477\">\n<td data-start=\"1384\" data-end=\"1403\" data-col-size=\"sm\">IC<\/td>\n<td data-start=\"1403\" data-end=\"1430\" data-col-size=\"sm\">Chip<\/td>\n<td data-col-size=\"md\" data-start=\"1430\" data-end=\"1477\">FM13UF0051E<\/td>\n<\/tr>\n<tr data-start=\"1478\" data-end=\"1571\">\n<td data-start=\"1478\" data-end=\"1497\" data-col-size=\"sm\">K\u00fd \u1ee9c<\/td>\n<td data-start=\"1497\" data-end=\"1524\" data-col-size=\"sm\">EPC<\/td>\n<td data-start=\"1524\" data-end=\"1571\" data-col-size=\"md\">128 bit<\/td>\n<\/tr>\n<tr data-start=\"1572\" data-end=\"1666\">\n<td data-start=\"1572\" data-end=\"1591\" data-col-size=\"sm\">T\u1ea7n s\u1ed1 v\u00f4 tuy\u1ebfn<\/td>\n<td data-col-size=\"sm\" data-start=\"1591\" data-end=\"1619\">Giao th\u1ee9c<\/td>\n<td data-col-size=\"md\" data-start=\"1619\" data-end=\"1666\">ISO\/IEC 18000-6C; EPCglobal L\u1edbp 1 Th\u1ebf h\u1ec7 2<\/td>\n<\/tr>\n<tr data-start=\"1667\" data-end=\"1760\">\n<td data-start=\"1667\" data-end=\"1686\" data-col-size=\"sm\">Y\u1ebfu t\u1ed1 h\u00ecnh th\u1ee9c<\/td>\n<td data-col-size=\"sm\" data-start=\"1686\" data-end=\"1713\">K\u00edch th\u01b0\u1edbc th\u1ebb<\/td>\n<td data-col-size=\"md\" data-start=\"1713\" data-end=\"1760\">40 \u00d7 20 mm (c\u00f3 th\u1ec3 t\u00f9y ch\u1ec9nh c\u00e1c k\u00edch th\u01b0\u1edbc kh\u00e1c)<\/td>\n<\/tr>\n<tr data-start=\"1761\" data-end=\"1854\">\n<td data-start=\"1761\" data-end=\"1780\" data-col-size=\"sm\">V\u1eadt li\u1ec7u m\u1eb7t<\/td>\n<td data-start=\"1780\" data-end=\"1807\" data-col-size=\"sm\">Nh\u00e3n m\u1eb7t<\/td>\n<td data-start=\"1807\" data-end=\"1854\" data-col-size=\"md\">Gi\u1ea5y tr\u00e1ng ph\u1ee7 (c\u00f3 th\u1ec3 in)<\/td>\n<\/tr>\n<tr data-start=\"1855\" data-end=\"1953\">\n<td data-start=\"1855\" data-end=\"1874\" data-col-size=\"sm\">Ch\u1ea5t k\u1ebft d\u00ednh<\/td>\n<td data-start=\"1874\" data-end=\"1901\" data-col-size=\"sm\">\u0110\u00ednh k\u00e8m<\/td>\n<td data-col-size=\"md\" data-start=\"1901\" data-end=\"1953\">Keo d\u00e1n \u0111a n\u0103ng \/ gi\u1ea5y tr\u00e1ng ph\u1ee7 k\u00edn<\/td>\n<\/tr>\n<tr data-start=\"1954\" data-end=\"2047\">\n<td data-start=\"1954\" data-end=\"1973\" data-col-size=\"sm\">Hi\u1ec7u su\u1ea5t<\/td>\n<td data-col-size=\"sm\" data-start=\"1973\" data-end=\"2000\">\u0110i\u1ec3m n\u1ed5i b\u1eadt<\/td>\n<td data-col-size=\"md\" data-start=\"2000\" data-end=\"2047\">\u0110\u1ecdc nhanh; \u0111\u1ecdc nhi\u1ec1u; truy xu\u1ea5t ngu\u1ed3n g\u1ed1c<\/td>\n<\/tr>\n<tr data-start=\"2048\" data-end=\"2141\">\n<td data-start=\"2048\" data-end=\"2067\" data-col-size=\"sm\">C\u00e1 nh\u00e2n h\u00f3a<\/td>\n<td data-col-size=\"sm\" data-start=\"2067\" data-end=\"2094\">T\u00f9y ch\u1ecdn t\u00f9y ch\u1ec9nh<\/td>\n<td data-col-size=\"md\" data-start=\"2094\" data-end=\"2141\">T\u00f9y ch\u1ec9nh v\u1eadt li\u1ec7u chip\/k\u00edch th\u01b0\u1edbc\/m\u1eb7t<\/td>\n<\/tr>\n<tr data-start=\"2142\" data-end=\"2235\">\n<td data-start=\"2142\" data-end=\"2161\" data-col-size=\"sm\">In \u1ea5n<\/td>\n<td data-col-size=\"sm\" data-start=\"2161\" data-end=\"2188\">Ph\u01b0\u01a1ng ph\u00e1p<\/td>\n<td data-col-size=\"md\" data-start=\"2188\" data-end=\"2235\">Chuy\u1ec3n nhi\u1ec7t; in l\u1ee5a; t\u00f9y ch\u1ec9nh<\/td>\n<\/tr>\n<tr data-start=\"2236\" data-end=\"2329\">\n<td data-start=\"2236\" data-end=\"2255\" data-col-size=\"sm\">D\u1ecbch v\u1ee5 d\u1eef li\u1ec7u<\/td>\n<td data-col-size=\"sm\" data-start=\"2255\" data-end=\"2282\">Kh\u1edfi t\u1ea1o<\/td>\n<td data-col-size=\"md\" data-start=\"2282\" data-end=\"2329\">M\u00e3 h\u00f3a EPC<\/td>\n<\/tr>\n<tr data-start=\"2330\" data-end=\"2423\">\n<td data-start=\"2330\" data-end=\"2349\" data-col-size=\"sm\">M\u00f4i tr\u01b0\u1eddng<\/td>\n<td data-start=\"2349\" data-end=\"2376\" data-col-size=\"sm\">Ho\u1ea1t \u0111\u1ed9ng<\/td>\n<td data-start=\"2376\" data-end=\"2423\" data-col-size=\"md\">0\u201360 \u2103; 20\u201380% RH<\/td>\n<\/tr>\n<tr data-start=\"2424\" data-end=\"2517\">\n<td data-start=\"2424\" data-end=\"2443\" data-col-size=\"sm\"><\/td>\n<td data-start=\"2443\" data-end=\"2470\" data-col-size=\"sm\">Kho<\/td>\n<td data-col-size=\"md\" data-start=\"2470\" data-end=\"2517\">20\u201330 \u2103; 20\u201360% RH<\/td>\n<\/tr>\n<tr data-start=\"2518\" data-end=\"2611\">\n<td data-start=\"2518\" data-end=\"2537\" data-col-size=\"sm\">C\u00e1c tr\u01b0\u1eddng h\u1ee3p s\u1eed d\u1ee5ng<\/td>\n<td data-col-size=\"sm\" data-start=\"2537\" data-end=\"2564\">\u1ee8ng d\u1ee5ng<\/td>\n<td data-col-size=\"md\" data-start=\"2564\" data-end=\"2611\">Chai l\u1ecd \u0111\u1ef1ng thu\u1ed1c, d\u01b0\u1ee3c ph\u1ea9m, y t\u1ebf<\/td>\n<\/tr>\n<\/tbody>\n<\/table>\n<\/div>\n<\/div>","protected":false},"excerpt":{"rendered":"<p>Nh\u00e3n RFID UHF c\u00f3 th\u1ec3 in cho chai th\u1ee7y tinh d\u01b0\u1ee3c ph\u1ea9m\u2014FM13UF0051E v\u1edbi EPC 128-bit, hi\u1ec7u su\u1ea5t \u0111\u1ecdc nhi\u1ec1u l\u1ea7n nhanh, m\u1eb7t gi\u1ea5y tr\u00e1ng ph\u1ee7 v\u00e0 keo d\u00e1n.<\/p>","protected":false},"featured_media":940,"template":"","meta":{"_gspb_post_css":""},"product_brand":[],"product_cat":[31],"product_tag":[],"class_list":{"0":"post-939","1":"product","2":"type-product","3":"status-publish","4":"has-post-thumbnail","6":"product_cat-rfid-sticker-labels","8":"first","9":"instock","10":"shipping-taxable","11":"purchasable","12":"product-type-simple"},"_links":{"self":[{"href":"https:\/\/www.cxjsmartcard.com\/vi\/wp-json\/wp\/v2\/product\/939","targetHints":{"allow":["GET"]}}],"collection":[{"href":"https:\/\/www.cxjsmartcard.com\/vi\/wp-json\/wp\/v2\/product"}],"about":[{"href":"https:\/\/www.cxjsmartcard.com\/vi\/wp-json\/wp\/v2\/types\/product"}],"wp:featuredmedia":[{"embeddable":true,"href":"https:\/\/www.cxjsmartcard.com\/vi\/wp-json\/wp\/v2\/media\/940"}],"wp:attachment":[{"href":"https:\/\/www.cxjsmartcard.com\/vi\/wp-json\/wp\/v2\/media?parent=939"}],"wp:term":[{"taxonomy":"product_brand","embeddable":true,"href":"https:\/\/www.cxjsmartcard.com\/vi\/wp-json\/wp\/v2\/product_brand?post=939"},{"taxonomy":"product_cat","embeddable":true,"href":"https:\/\/www.cxjsmartcard.com\/vi\/wp-json\/wp\/v2\/product_cat?post=939"},{"taxonomy":"product_tag","embeddable":true,"href":"https:\/\/www.cxjsmartcard.com\/vi\/wp-json\/wp\/v2\/product_tag?post=939"}],"curies":[{"name":"trang web","href":"https:\/\/api.w.org\/{rel}","templated":true}]}}