{"id":935,"date":"2025-11-03T09:24:58","date_gmt":"2025-11-03T09:24:58","guid":{"rendered":"https:\/\/www.cxjsmartcard.com\/?post_type=product&#038;p=935"},"modified":"2025-12-29T01:27:07","modified_gmt":"2025-12-29T01:27:07","slug":"uhf-rfid-label-for-logistics-warehouse-management","status":"publish","type":"product","link":"https:\/\/www.cxjsmartcard.com\/vi\/uhf-rfid-label-for-logistics-warehouse-management\/","title":{"rendered":"Nh\u00e3n RFID UHF cho qu\u1ea3n l\u00fd kho b\u00e3i v\u00e0 h\u1eadu c\u1ea7n"},"content":{"rendered":"<p data-start=\"63\" data-end=\"390\">Nh\u00e3n h\u1eadu c\u1ea7n RFID UHF kh\u1ed5 l\u1edbn cho kh\u1ea3 n\u0103ng qu\u00e9t \u0111a \u0111i\u1ec3m nhanh ch\u00f3ng, \u0111\u00e1ng tin c\u1eady tr\u00ean pallet, th\u00f9ng carton v\u00e0 k\u1ec7 h\u00e0ng. \u0110\u01b0\u1ee3c x\u00e2y d\u1ef1ng tr\u00ean n\u1ec1n t\u1ea3ng NXP UCODE 9 v\u00e0 c\u00f3 s\u1eb5n tr\u00ean c\u00e1c m\u1eb7t gi\u1ea5y in nhi\u1ec7t, PET ho\u1eb7c PP, nh\u00e3n n\u00e0y h\u1ed7 tr\u1ee3 quy tr\u00ecnh in\/m\u00e3 h\u00f3a kh\u1ed1i l\u01b0\u1ee3ng l\u1edbn v\u00e0 in kh\u00f4ng c\u1ea7n ruy b\u0103ng khi c\u1ea7n thi\u1ebft.<\/p>\n<p data-start=\"392\" data-end=\"410\"><strong data-start=\"392\" data-end=\"408\">C\u00e1c t\u00ednh n\u0103ng ch\u00ednh<\/strong><\/p>\n<ul data-start=\"411\" data-end=\"673\">\n<li data-start=\"411\" data-end=\"452\">\n<p data-start=\"413\" data-end=\"452\">Tu\u00e2n th\u1ee7 EPC Gen2 \/ ISO\/IEC 18000-6C<\/p>\n<\/li>\n<li data-start=\"453\" data-end=\"523\">\n<p data-start=\"455\" data-end=\"523\">Hi\u1ec7u su\u1ea5t UCODE 9: ki\u1ec3m k\u00ea nhanh, \u0111\u1ecdc h\u00e0ng lo\u1ea1t v\u00e0 kh\u1ea3 n\u0103ng truy xu\u1ea5t ngu\u1ed3n g\u1ed1c<\/p>\n<\/li>\n<li data-start=\"524\" data-end=\"602\">\n<p data-start=\"526\" data-end=\"602\">B\u1ec1 m\u1eb7t c\u00f3 th\u1ec3 in: gi\u1ea5y nhi\u1ec7t, gi\u1ea5y tr\u00e1ng, gi\u1ea5y t\u1ed5ng h\u1ee3p PET, PP<\/p>\n<\/li>\n<li data-start=\"603\" data-end=\"673\">\n<p data-start=\"605\" data-end=\"673\">K\u00edch th\u01b0\u1edbc t\u00f9y ch\u1ec9nh v\u00e0 b\u1ed1 tr\u00ed \u0103ng-ten; kh\u1edfi t\u1ea1o d\u1eef li\u1ec7u (m\u00e3 h\u00f3a EPC)<\/p>\n<\/li>\n<\/ul>\n<p data-start=\"675\" data-end=\"836\"><strong data-start=\"675\" data-end=\"691\">\u1ee8ng d\u1ee5ng<\/strong><br data-start=\"691\" data-end=\"694\" \/>Nh\u00e3n kho v\u00e0 DC \u2022 Pallet, th\u00f9ng v\u00e0 th\u00f9ng ch\u1ee9a \u2022 V\u1eadn chuy\u1ec3n ch\u00e9o v\u00e0 c\u1ea5t \u0111i \u2022 Nh\u00e3n v\u1eadn chuy\u1ec3n \u1edf n\u01a1i l\u1eafp ruy b\u0103ng kh\u00f4ng thu\u1eadn ti\u1ec7n.<\/p>\n<p data-start=\"838\" data-end=\"966\"><strong data-start=\"838\" data-end=\"861\">In \u1ea5n &amp; M\u00e3 h\u00f3a<\/strong><br data-start=\"861\" data-end=\"864\" \/>In chuy\u1ec3n nhi\u1ec7t, in l\u1ee5a v\u00e0 c\u00e1c ph\u01b0\u01a1ng ph\u00e1p in t\u00f9y ch\u1ec9nh kh\u00e1c v\u1edbi m\u00e3 h\u00f3a tr\u01b0\u1edbc EPC \u0111\u1ec3 tri\u1ec3n khai tr\u1ecdn g\u00f3i.<\/p>\n<h2 data-start=\"968\" data-end=\"993\">B\u1ea3ng (Th\u00f4ng s\u1ed1 k\u1ef9 thu\u1eadt)<\/h2>\n<div class=\"_tableContainer_1rjym_1\">\n<div class=\"group _tableWrapper_1rjym_13 flex w-fit flex-col-reverse\" tabindex=\"-1\">\n<table class=\"w-fit min-w-(--thread-content-width)\" data-start=\"995\" data-end=\"2418\">\n<thead data-start=\"995\" data-end=\"1087\">\n<tr data-start=\"995\" data-end=\"1087\">\n<th data-start=\"995\" data-end=\"1014\" data-col-size=\"sm\">Lo\u1ea1i<\/th>\n<th data-start=\"1014\" data-end=\"1040\" data-col-size=\"sm\">Tham s\u1ed1<\/th>\n<th data-start=\"1040\" data-end=\"1087\" data-col-size=\"md\">Gi\u00e1 tr\u1ecb<\/th>\n<\/tr>\n<\/thead>\n<tbody data-start=\"1181\" data-end=\"2418\">\n<tr data-start=\"1181\" data-end=\"1289\">\n<td data-start=\"1181\" data-end=\"1200\" data-col-size=\"sm\">S\u1ea3n ph\u1ea9m<\/td>\n<td data-start=\"1200\" data-end=\"1226\" data-col-size=\"sm\">T\u00ean<\/td>\n<td data-col-size=\"md\" data-start=\"1226\" data-end=\"1289\">Nh\u00e3n d\u00e1n RFID UHF cho qu\u1ea3n l\u00fd kho b\u00e3i v\u00e0 h\u1eadu c\u1ea7n<\/td>\n<\/tr>\n<tr data-start=\"1290\" data-end=\"1382\">\n<td data-start=\"1290\" data-end=\"1309\" data-col-size=\"sm\">IC<\/td>\n<td data-col-size=\"sm\" data-start=\"1309\" data-end=\"1335\">Chip<\/td>\n<td data-col-size=\"md\" data-start=\"1335\" data-end=\"1382\">NXP UCODE 9 (c\u00f3 th\u1ec3 t\u00f9y ch\u1ec9nh)<\/td>\n<\/tr>\n<tr data-start=\"1383\" data-end=\"1475\">\n<td data-start=\"1383\" data-end=\"1402\" data-col-size=\"sm\">T\u1ea7n s\u1ed1 v\u00f4 tuy\u1ebfn<\/td>\n<td data-start=\"1402\" data-end=\"1428\" data-col-size=\"sm\">Giao th\u1ee9c<\/td>\n<td data-col-size=\"md\" data-start=\"1428\" data-end=\"1475\">ISO\/IEC 18000-6C; EPCglobal L\u1edbp 1 Th\u1ebf h\u1ec7 2<\/td>\n<\/tr>\n<tr data-start=\"1476\" data-end=\"1568\">\n<td data-start=\"1476\" data-end=\"1495\" data-col-size=\"sm\">K\u00fd \u1ee9c<\/td>\n<td data-start=\"1495\" data-end=\"1521\" data-col-size=\"sm\">TID \/ EPC \/ Ng\u01b0\u1eddi d\u00f9ng<\/td>\n<td data-col-size=\"md\" data-start=\"1521\" data-end=\"1568\">96 bit \/ 96 bit \/ 0 bit<\/td>\n<\/tr>\n<tr data-start=\"1569\" data-end=\"1661\">\n<td data-start=\"1569\" data-end=\"1588\" data-col-size=\"sm\">Nh\u00e3n<\/td>\n<td data-col-size=\"sm\" data-start=\"1588\" data-end=\"1614\">K\u00edch c\u1ee1<\/td>\n<td data-col-size=\"md\" data-start=\"1614\" data-end=\"1661\">152 \u00d7 101 mm (c\u00f3 s\u1eb5n c\u00e1c k\u00edch th\u01b0\u1edbc kh\u00e1c)<\/td>\n<\/tr>\n<tr data-start=\"1662\" data-end=\"1754\">\n<td data-start=\"1662\" data-end=\"1681\" data-col-size=\"sm\">\u0102ng-ten<\/td>\n<td data-col-size=\"sm\" data-start=\"1681\" data-end=\"1707\">K\u00edch c\u1ee1<\/td>\n<td data-col-size=\"md\" data-start=\"1707\" data-end=\"1754\">94,8 \u00d7 8,14 mm (thi\u1ebft k\u1ebf tham kh\u1ea3o)<\/td>\n<\/tr>\n<tr data-start=\"1755\" data-end=\"1856\">\n<td data-start=\"1755\" data-end=\"1774\" data-col-size=\"sm\">V\u1eadt li\u1ec7u m\u1eb7t<\/td>\n<td data-col-size=\"sm\" data-start=\"1774\" data-end=\"1800\">T\u00f9y ch\u1ecdn<\/td>\n<td data-col-size=\"md\" data-start=\"1800\" data-end=\"1856\">Gi\u1ea5y nhi\u1ec7t; gi\u1ea5y tr\u00e1ng ph\u1ee7; gi\u1ea5y PET; gi\u1ea5y t\u1ed5ng h\u1ee3p PP<\/td>\n<\/tr>\n<tr data-start=\"1857\" data-end=\"1949\">\n<td data-start=\"1857\" data-end=\"1876\" data-col-size=\"sm\">In \u1ea5n<\/td>\n<td data-col-size=\"sm\" data-start=\"1876\" data-end=\"1902\">Ph\u01b0\u01a1ng ph\u00e1p<\/td>\n<td data-col-size=\"md\" data-start=\"1902\" data-end=\"1949\">Chuy\u1ec3n nhi\u1ec7t; in l\u1ee5a; t\u00f9y ch\u1ec9nh<\/td>\n<\/tr>\n<tr data-start=\"1950\" data-end=\"2043\">\n<td data-start=\"1950\" data-end=\"1969\" data-col-size=\"sm\">D\u1ecbch v\u1ee5 d\u1eef li\u1ec7u<\/td>\n<td data-start=\"1969\" data-end=\"1995\" data-col-size=\"sm\">Kh\u1edfi t\u1ea1o<\/td>\n<td data-col-size=\"md\" data-start=\"1995\" data-end=\"2043\">M\u00e3 h\u00f3a EPC<\/td>\n<\/tr>\n<tr data-start=\"2044\" data-end=\"2137\">\n<td data-start=\"2044\" data-end=\"2063\" data-col-size=\"sm\">M\u00f4i tr\u01b0\u1eddng<\/td>\n<td data-col-size=\"sm\" data-start=\"2063\" data-end=\"2089\">Ho\u1ea1t \u0111\u1ed9ng<\/td>\n<td data-col-size=\"md\" data-start=\"2089\" data-end=\"2137\">0\u201360 \u2103; 20\u201380% RH<\/td>\n<\/tr>\n<tr data-start=\"2138\" data-end=\"2231\">\n<td data-start=\"2138\" data-end=\"2157\" data-col-size=\"sm\"><\/td>\n<td data-start=\"2157\" data-end=\"2183\" data-col-size=\"sm\">Kho<\/td>\n<td data-col-size=\"md\" data-start=\"2183\" data-end=\"2231\">20\u201330 \u2103; 20\u201360% RH<\/td>\n<\/tr>\n<tr data-start=\"2232\" data-end=\"2324\">\n<td data-start=\"2232\" data-end=\"2251\" data-col-size=\"sm\">Nh\u1eefng l\u1ee3i \u00edch<\/td>\n<td data-col-size=\"sm\" data-start=\"2251\" data-end=\"2277\">\u0110i\u1ec3m n\u1ed5i b\u1eadt<\/td>\n<td data-col-size=\"md\" data-start=\"2277\" data-end=\"2324\">\u0110\u1ecdc nhanh; \u0111\u1ecdc nhi\u1ec1u; truy xu\u1ea5t ngu\u1ed3n g\u1ed1c<\/td>\n<\/tr>\n<tr data-start=\"2325\" data-end=\"2418\">\n<td data-start=\"2325\" data-end=\"2344\" data-col-size=\"sm\">C\u00e1c tr\u01b0\u1eddng h\u1ee3p s\u1eed d\u1ee5ng<\/td>\n<td data-col-size=\"sm\" data-start=\"2344\" data-end=\"2370\">\u1ee8ng d\u1ee5ng \u0111i\u1ec3n h\u00ecnh<\/td>\n<td data-col-size=\"md\" data-start=\"2370\" data-end=\"2418\">H\u1eadu c\u1ea7n, kho b\u00e3i, in kh\u00f4ng c\u1ea7n ruy b\u0103ng<\/td>\n<\/tr>\n<\/tbody>\n<\/table>\n<\/div>\n<\/div>","protected":false},"excerpt":{"rendered":"<p>Nh\u00e3n h\u1eadu c\u1ea7n RFID UHF l\u1edbn v\u1edbi UCODE 9 cho kh\u1ea3 n\u0103ng \u0111\u1ecdc nhi\u1ec1u m\u00e3 nhanh v\u00e0 ch\u00ednh x\u00e1c. \u0110\u1ecbnh d\u1ea1ng 152\u00d7101 mm, m\u1eb7t nh\u00e3n nhi\u1ec7t\/PET\/PP v\u00e0 m\u00e3 h\u00f3a EPC cho kho b\u00e3i kh\u1ed1i l\u01b0\u1ee3ng l\u1edbn.<\/p>","protected":false},"featured_media":936,"template":"","meta":{"_gspb_post_css":""},"product_brand":[],"product_cat":[31],"product_tag":[],"class_list":{"0":"post-935","1":"product","2":"type-product","3":"status-publish","4":"has-post-thumbnail","6":"product_cat-rfid-sticker-labels","8":"first","9":"instock","10":"shipping-taxable","11":"purchasable","12":"product-type-simple"},"_links":{"self":[{"href":"https:\/\/www.cxjsmartcard.com\/vi\/wp-json\/wp\/v2\/product\/935","targetHints":{"allow":["GET"]}}],"collection":[{"href":"https:\/\/www.cxjsmartcard.com\/vi\/wp-json\/wp\/v2\/product"}],"about":[{"href":"https:\/\/www.cxjsmartcard.com\/vi\/wp-json\/wp\/v2\/types\/product"}],"wp:featuredmedia":[{"embeddable":true,"href":"https:\/\/www.cxjsmartcard.com\/vi\/wp-json\/wp\/v2\/media\/936"}],"wp:attachment":[{"href":"https:\/\/www.cxjsmartcard.com\/vi\/wp-json\/wp\/v2\/media?parent=935"}],"wp:term":[{"taxonomy":"product_brand","embeddable":true,"href":"https:\/\/www.cxjsmartcard.com\/vi\/wp-json\/wp\/v2\/product_brand?post=935"},{"taxonomy":"product_cat","embeddable":true,"href":"https:\/\/www.cxjsmartcard.com\/vi\/wp-json\/wp\/v2\/product_cat?post=935"},{"taxonomy":"product_tag","embeddable":true,"href":"https:\/\/www.cxjsmartcard.com\/vi\/wp-json\/wp\/v2\/product_tag?post=935"}],"curies":[{"name":"trang web","href":"https:\/\/api.w.org\/{rel}","templated":true}]}}