{"id":930,"date":"2025-11-03T09:22:49","date_gmt":"2025-11-03T09:22:49","guid":{"rendered":"https:\/\/www.cxjsmartcard.com\/?post_type=product&#038;p=930"},"modified":"2025-12-29T01:27:07","modified_gmt":"2025-12-29T01:27:07","slug":"uv-resistant-rfid-zip-cable-ties-self-locking","status":"publish","type":"product","link":"https:\/\/www.cxjsmartcard.com\/vi\/uv-resistant-rfid-zip-cable-ties-self-locking\/","title":{"rendered":"D\u00e2y bu\u1ed9c c\u00e1p RFID ch\u1ed1ng tia UV (T\u1ef1 kh\u00f3a)"},"content":{"rendered":"<p data-start=\"59\" data-end=\"334\">D\u00e2y r\u00fat RFID t\u1ef1 kh\u00f3a k\u1ebft h\u1ee3p ni\u00eam phong ch\u1ed1ng gi\u1ea3 m\u1ea1o v\u1edbi nh\u1eadn d\u1ea1ng UHF v\u00e0 NFC. V\u1ecf ABS\/PP ch\u1ed1ng tia UV v\u00e0 th\u1eddi ti\u1ebft, \u0111\u1ea1t chu\u1ea9n IP68, ph\u00f9 h\u1ee3p s\u1eed d\u1ee5ng ngo\u00e0i tr\u1eddi, trong khi chip nh\u00fang h\u1ed7 tr\u1ee3 qu\u00e9t nhanh t\u00e0i s\u1ea3n, container v\u00e0 b\u00f3 c\u00e1p.<\/p>\n<p data-start=\"336\" data-end=\"354\"><strong data-start=\"336\" data-end=\"352\">C\u00e1c t\u00ednh n\u0103ng ch\u00ednh<\/strong><\/p>\n<ul data-start=\"355\" data-end=\"676\">\n<li data-start=\"355\" data-end=\"420\">\n<p data-start=\"357\" data-end=\"420\">T\u00f9y ch\u1ecdn RF k\u00e9p: UHF 860\u2013960 MHz (EPC C1G2) v\u00e0 NFC 13,56 MHz<\/p>\n<\/li>\n<li data-start=\"421\" data-end=\"474\">\n<p data-start=\"423\" data-end=\"474\">Ni\u00eam phong ch\u1ed1ng gi\u1ea3 m\u1ea1o v\u1edbi bao b\u00ec si\u00eau \u00e2m<\/p>\n<\/li>\n<li data-start=\"475\" data-end=\"530\">\n<p data-start=\"477\" data-end=\"530\">Ph\u1ea1m vi \u0111\u1ecdc UHF 2\u20135 m (ph\u1ee5 thu\u1ed9c v\u00e0o m\u00f4i tr\u01b0\u1eddng\/\u0111\u1ea7u \u0111\u1ecdc)<\/p>\n<\/li>\n<li data-start=\"531\" data-end=\"601\">\n<p data-start=\"533\" data-end=\"601\">\u0110\u1ed9 b\u1ec1n: ch\u1ed1ng ch\u00e1y v\u00e0 axit; ch\u1ed1ng l\u00e3o h\u00f3a; ch\u1ed1ng tia UV v\u00e0 th\u1eddi ti\u1ebft<\/p>\n<\/li>\n<li data-start=\"602\" data-end=\"676\">\n<p data-start=\"604\" data-end=\"676\">C\u00f3 th\u1ec3 t\u00f9y ch\u1ec9nh: in\/\u0111\u00e1nh d\u1ea5u b\u1eb1ng laser, m\u00e3 QR\/m\u00e3 v\u1ea1ch\/\u0111\u00e1nh s\u1ed1, m\u00e3 h\u00f3a EPC<\/p>\n<\/li>\n<\/ul>\n<p data-start=\"678\" data-end=\"809\"><strong data-start=\"678\" data-end=\"694\">\u1ee8ng d\u1ee5ng<\/strong><br data-start=\"694\" data-end=\"697\" \/>B\u1ed3n ch\u1ee9a v\u00e0 b\u00ecnh ch\u1ee9a kh\u00ed \u2022 Qu\u1ea3n l\u00fd c\u00e1p\/d\u00e2y \u2022 \u0110\u00f3ng g\u00f3i qu\u1ea7n \u00e1o v\u00e0 h\u00e0ng d\u1ec7t may \u2022 Theo d\u00f5i t\u00e0i s\u1ea3n v\u00e0 h\u1eadu c\u1ea7n.<\/p>\n<p data-start=\"811\" data-end=\"961\"><strong data-start=\"811\" data-end=\"827\">C\u00e0i \u0111\u1eb7t<\/strong><br data-start=\"827\" data-end=\"830\" \/>Lu\u1ed3n d\u00e2y bu\u1ed9c qua v\u1eadt th\u1ec3 v\u00e0 k\u00e9o \u0111\u1ec3 kh\u00f3a. \u0110\u1ec3 nh\u1eadn d\u1ea1ng khi treo, h\u00e3y s\u1eed d\u1ee5ng khe c\u1eafm t\u00edch h\u1ee3p \u0111\u1ec3 treo ho\u1eb7c b\u00f3 l\u1ea1i khi c\u1ea7n.<\/p>\n<h2 data-start=\"963\" data-end=\"988\">B\u1ea3ng (Th\u00f4ng s\u1ed1 k\u1ef9 thu\u1eadt)<\/h2>\n<div class=\"_tableContainer_1rjym_1\">\n<div class=\"group _tableWrapper_1rjym_13 flex w-fit flex-col-reverse\" tabindex=\"-1\">\n<table class=\"w-fit min-w-(--thread-content-width)\" data-start=\"990\" data-end=\"3617\">\n<thead data-start=\"990\" data-end=\"1103\">\n<tr data-start=\"990\" data-end=\"1103\">\n<th data-start=\"990\" data-end=\"1014\" data-col-size=\"sm\">Lo\u1ea1i<\/th>\n<th data-start=\"1014\" data-end=\"1042\" data-col-size=\"sm\">Tham s\u1ed1<\/th>\n<th data-start=\"1042\" data-end=\"1103\" data-col-size=\"md\">Gi\u00e1 tr\u1ecb<\/th>\n<\/tr>\n<\/thead>\n<tbody data-start=\"1218\" data-end=\"3617\">\n<tr data-start=\"1218\" data-end=\"1331\">\n<td data-start=\"1218\" data-end=\"1242\" data-col-size=\"sm\">S\u1ea3n ph\u1ea9m<\/td>\n<td data-start=\"1242\" data-end=\"1270\" data-col-size=\"sm\">Ki\u1ec3u<\/td>\n<td data-start=\"1270\" data-end=\"1331\" data-col-size=\"md\">Th\u1ebb kh\u00f3a k\u00e9o\/th\u1ebb ni\u00eam phong RFID<\/td>\n<\/tr>\n<tr data-start=\"1332\" data-end=\"1445\">\n<td data-start=\"1332\" data-end=\"1356\" data-col-size=\"sm\">Nh\u00e0 \u1edf<\/td>\n<td data-start=\"1356\" data-end=\"1384\" data-col-size=\"sm\">K\u00edch c\u1ee1<\/td>\n<td data-start=\"1384\" data-end=\"1445\" data-col-size=\"md\">88 \u00d7 28 mm<\/td>\n<\/tr>\n<tr data-start=\"1446\" data-end=\"1559\">\n<td data-start=\"1446\" data-end=\"1470\" data-col-size=\"sm\">D\u00e2y bu\u1ed9c c\u00e1p<\/td>\n<td data-col-size=\"sm\" data-start=\"1470\" data-end=\"1498\">Chi\u1ec1u d\u00e0i<\/td>\n<td data-col-size=\"md\" data-start=\"1498\" data-end=\"1559\">300 mm<\/td>\n<\/tr>\n<tr data-start=\"1560\" data-end=\"1673\">\n<td data-start=\"1560\" data-end=\"1584\" data-col-size=\"sm\">Nguy\u00ean v\u1eadt li\u1ec7u<\/td>\n<td data-start=\"1584\" data-end=\"1612\" data-col-size=\"sm\">Th\u00e2n h\u00ecnh<\/td>\n<td data-start=\"1612\" data-end=\"1673\" data-col-size=\"md\">ABS \/ PP<\/td>\n<\/tr>\n<tr data-start=\"1674\" data-end=\"1787\">\n<td data-start=\"1674\" data-end=\"1698\" data-col-size=\"sm\">C\u00e2n n\u1eb7ng<\/td>\n<td data-col-size=\"sm\" data-start=\"1698\" data-end=\"1726\">X\u1ea5p x\u1ec9.<\/td>\n<td data-col-size=\"md\" data-start=\"1726\" data-end=\"1787\">5 g<\/td>\n<\/tr>\n<tr data-start=\"1788\" data-end=\"1901\">\n<td data-start=\"1788\" data-end=\"1812\" data-col-size=\"sm\">M\u00e0u s\u1eafc<\/td>\n<td data-start=\"1812\" data-end=\"1840\" data-col-size=\"sm\">T\u00f9y ch\u1ecdn<\/td>\n<td data-col-size=\"md\" data-start=\"1840\" data-end=\"1901\">\u0110en, Xanh, \u0110\u1ecf, V\u00e0ng<\/td>\n<\/tr>\n<tr data-start=\"1902\" data-end=\"2015\">\n<td data-start=\"1902\" data-end=\"1926\" data-col-size=\"sm\">T\u1ea7n s\u1ed1 v\u00f4 tuy\u1ebfn (UHF)<\/td>\n<td data-col-size=\"sm\" data-start=\"1926\" data-end=\"1954\">T\u1ea7n su\u1ea5t \/ Giao th\u1ee9c<\/td>\n<td data-col-size=\"md\" data-start=\"1954\" data-end=\"2015\">860\u2013960 MHz; ISO\/IEC 18000-6C, EPC L\u1edbp 1 Th\u1ebf h\u1ec7 2<\/td>\n<\/tr>\n<tr data-start=\"2016\" data-end=\"2129\">\n<td data-start=\"2016\" data-end=\"2040\" data-col-size=\"sm\">RF (NFC)<\/td>\n<td data-col-size=\"sm\" data-start=\"2040\" data-end=\"2068\">T\u1ea7n su\u1ea5t \/ Giao th\u1ee9c<\/td>\n<td data-col-size=\"md\" data-start=\"2068\" data-end=\"2129\">13,56 MHz; ISO\/IEC 14443\/15693 (t\u00f9y thu\u1ed9c v\u00e0o chip)<\/td>\n<\/tr>\n<tr data-start=\"2130\" data-end=\"2247\">\n<td data-start=\"2130\" data-end=\"2154\" data-col-size=\"sm\">T\u00f9y ch\u1ecdn IC<\/td>\n<td data-start=\"2154\" data-end=\"2182\" data-col-size=\"sm\">Khoai t\u00e2y chi\u00ean<\/td>\n<td data-col-size=\"md\" data-start=\"2182\" data-end=\"2247\">UCODE 9 (m\u1eb7c \u0111\u1ecbnh); NTAG213\/215\/216; Alien H3\/H4; Impinj Monza<\/td>\n<\/tr>\n<tr data-start=\"2248\" data-end=\"2361\">\n<td data-start=\"2248\" data-end=\"2272\" data-col-size=\"sm\">K\u00fd \u1ee9c<\/td>\n<td data-col-size=\"sm\" data-start=\"2272\" data-end=\"2300\">EPC (UHF)<\/td>\n<td data-col-size=\"md\" data-start=\"2300\" data-end=\"2361\">128 bit<\/td>\n<\/tr>\n<tr data-start=\"2362\" data-end=\"2475\">\n<td data-start=\"2362\" data-end=\"2386\" data-col-size=\"sm\">Hi\u1ec7u su\u1ea5t<\/td>\n<td data-start=\"2386\" data-end=\"2414\" data-col-size=\"sm\">Ph\u1ea1m vi \u0111\u1ecdc (UHF)<\/td>\n<td data-col-size=\"md\" data-start=\"2414\" data-end=\"2475\">2\u20135 m (ph\u1ee5 thu\u1ed9c v\u00e0o ng\u01b0\u1eddi \u0111\u1ecdc\/m\u00f4i tr\u01b0\u1eddng)<\/td>\n<\/tr>\n<tr data-start=\"2476\" data-end=\"2589\">\n<td data-start=\"2476\" data-end=\"2500\" data-col-size=\"sm\">\u0110\u1ed9 tin c\u1eady<\/td>\n<td data-col-size=\"sm\" data-start=\"2500\" data-end=\"2528\">L\u01b0u gi\u1eef d\u1eef li\u1ec7u<\/td>\n<td data-col-size=\"md\" data-start=\"2528\" data-end=\"2589\">&gt;10 n\u0103m<\/td>\n<\/tr>\n<tr data-start=\"2590\" data-end=\"2703\">\n<td data-start=\"2590\" data-end=\"2614\" data-col-size=\"sm\">S\u1ee9c b\u1ec1n<\/td>\n<td data-col-size=\"sm\" data-start=\"2614\" data-end=\"2642\">Vi\u1ebft l\u1ea1i<\/td>\n<td data-col-size=\"md\" data-start=\"2642\" data-end=\"2703\">100.000 l\u1ea7n<\/td>\n<\/tr>\n<tr data-start=\"2704\" data-end=\"2817\">\n<td data-start=\"2704\" data-end=\"2728\" data-col-size=\"sm\">S\u1ef1 b\u1ea3o v\u1ec7<\/td>\n<td data-col-size=\"sm\" data-start=\"2728\" data-end=\"2756\">X\u1ebfp h\u1ea1ng ch\u1ed1ng th\u1ea5m n\u01b0\u1edbc<\/td>\n<td data-col-size=\"md\" data-start=\"2756\" data-end=\"2817\">IP68<\/td>\n<\/tr>\n<tr data-start=\"2818\" data-end=\"2931\">\n<td data-start=\"2818\" data-end=\"2842\" data-col-size=\"sm\">M\u00f4i tr\u01b0\u1eddng<\/td>\n<td data-start=\"2842\" data-end=\"2870\" data-col-size=\"sm\">Nhi\u1ec7t \u0111\u1ed9 ho\u1ea1t \u0111\u1ed9ng<\/td>\n<td data-col-size=\"md\" data-start=\"2870\" data-end=\"2931\">\u221220 \u2103 \u0111\u1ebfn +80 \u2103<\/td>\n<\/tr>\n<tr data-start=\"2932\" data-end=\"3045\">\n<td data-start=\"2932\" data-end=\"2956\" data-col-size=\"sm\">X\u1eed l\u00fd<\/td>\n<td data-col-size=\"sm\" data-start=\"2956\" data-end=\"2984\">\u0110\u00f3ng g\u00f3i<\/td>\n<td data-col-size=\"md\" data-start=\"2984\" data-end=\"3045\">Si\u00eau \u00e2m<\/td>\n<\/tr>\n<tr data-start=\"3046\" data-end=\"3159\">\n<td data-start=\"3046\" data-end=\"3070\" data-col-size=\"sm\">S\u1ef1 tu\u00e2n th\u1ee7<\/td>\n<td data-col-size=\"sm\" data-start=\"3070\" data-end=\"3098\">Ti\u00eau chu\u1ea9n m\u00f4i tr\u01b0\u1eddng<\/td>\n<td data-col-size=\"md\" data-start=\"3098\" data-end=\"3159\">Tu\u00e2n th\u1ee7 RoHS<\/td>\n<\/tr>\n<tr data-start=\"3160\" data-end=\"3273\">\n<td data-start=\"3160\" data-end=\"3184\" data-col-size=\"sm\">C\u00e1 nh\u00e2n h\u00f3a<\/td>\n<td data-col-size=\"sm\" data-start=\"3184\" data-end=\"3212\">In \u1ea5n\/\u0110\u00e1nh d\u1ea5u<\/td>\n<td data-col-size=\"md\" data-start=\"3212\" data-end=\"3273\">Logo, v\u0103n b\u1ea3n, m\u00e3 QR, m\u00e3 v\u1ea1ch, s\u00ea-ri; ghi EPC\/d\u1eef li\u1ec7u<\/td>\n<\/tr>\n<tr data-start=\"3274\" data-end=\"3387\">\n<td data-start=\"3274\" data-end=\"3298\" data-col-size=\"sm\">L\u1eafp r\u00e1p<\/td>\n<td data-col-size=\"sm\" data-start=\"3298\" data-end=\"3326\">Ph\u01b0\u01a1ng ph\u00e1p<\/td>\n<td data-col-size=\"md\" data-start=\"3326\" data-end=\"3387\">Kh\u00f3a b\u00f3 ho\u1eb7c treo<\/td>\n<\/tr>\n<tr data-start=\"3388\" data-end=\"3501\">\n<td data-start=\"3388\" data-end=\"3412\" data-col-size=\"sm\">Tu\u1ed5i th\u1ecd<\/td>\n<td data-col-size=\"sm\" data-start=\"3412\" data-end=\"3440\">\u0110\u1eb7c tr\u01b0ng<\/td>\n<td data-col-size=\"md\" data-start=\"3440\" data-end=\"3501\">&gt;2 n\u0103m<\/td>\n<\/tr>\n<tr data-start=\"3502\" data-end=\"3617\">\n<td data-start=\"3502\" data-end=\"3526\" data-col-size=\"sm\">Thu\u1ed9c t\u00ednh ch\u00ednh<\/td>\n<td data-col-size=\"sm\" data-start=\"3526\" data-end=\"3554\">\u0110\u1ed9 b\u1ec1n<\/td>\n<td data-col-size=\"md\" data-start=\"3554\" data-end=\"3617\">Ch\u1ed1ng tia UV; ch\u1ed1ng b\u1ee5i; ch\u1ed1ng ch\u00e1y v\u00e0 axit; ch\u1ed1ng l\u00e3o h\u00f3a<\/td>\n<\/tr>\n<\/tbody>\n<\/table>\n<\/div>\n<\/div>","protected":false},"excerpt":{"rendered":"<p>Th\u1ebb kh\u00f3a k\u00e9o RFID ch\u1ed1ng tia UV c\u00f3 kh\u1ea3 n\u0103ng b\u1ea3o v\u1ec7 IP68\u2014t\u00f9y ch\u1ecdn UHF v\u00e0 NFC, \u0111\u1ecdc \u0111\u01b0\u1ee3c \u1edf kho\u1ea3ng c\u00e1ch 2\u20135 m, thi\u1ebft k\u1ebf ch\u1ed1ng gi\u1ea3 m\u1ea1o v\u00e0 kh\u1ea3 n\u0103ng in t\u00f9y ch\u1ec9nh cho t\u00e0i s\u1ea3n, th\u00f9ng ch\u1ee9a v\u00e0 b\u00f3 c\u00e1p.<\/p>","protected":false},"featured_media":933,"template":"","meta":{"_gspb_post_css":""},"product_brand":[],"product_cat":[31],"product_tag":[],"class_list":{"0":"post-930","1":"product","2":"type-product","3":"status-publish","4":"has-post-thumbnail","6":"product_cat-rfid-sticker-labels","8":"first","9":"instock","10":"shipping-taxable","11":"purchasable","12":"product-type-simple"},"_links":{"self":[{"href":"https:\/\/www.cxjsmartcard.com\/vi\/wp-json\/wp\/v2\/product\/930","targetHints":{"allow":["GET"]}}],"collection":[{"href":"https:\/\/www.cxjsmartcard.com\/vi\/wp-json\/wp\/v2\/product"}],"about":[{"href":"https:\/\/www.cxjsmartcard.com\/vi\/wp-json\/wp\/v2\/types\/product"}],"wp:featuredmedia":[{"embeddable":true,"href":"https:\/\/www.cxjsmartcard.com\/vi\/wp-json\/wp\/v2\/media\/933"}],"wp:attachment":[{"href":"https:\/\/www.cxjsmartcard.com\/vi\/wp-json\/wp\/v2\/media?parent=930"}],"wp:term":[{"taxonomy":"product_brand","embeddable":true,"href":"https:\/\/www.cxjsmartcard.com\/vi\/wp-json\/wp\/v2\/product_brand?post=930"},{"taxonomy":"product_cat","embeddable":true,"href":"https:\/\/www.cxjsmartcard.com\/vi\/wp-json\/wp\/v2\/product_cat?post=930"},{"taxonomy":"product_tag","embeddable":true,"href":"https:\/\/www.cxjsmartcard.com\/vi\/wp-json\/wp\/v2\/product_tag?post=930"}],"curies":[{"name":"trang web","href":"https:\/\/api.w.org\/{rel}","templated":true}]}}