{"id":926,"date":"2025-11-03T09:20:40","date_gmt":"2025-11-03T09:20:40","guid":{"rendered":"https:\/\/www.cxjsmartcard.com\/?post_type=product&#038;p=926"},"modified":"2025-12-29T01:27:07","modified_gmt":"2025-12-29T01:27:07","slug":"rfid-jeans-hang-tag-860-960-mhz","status":"publish","type":"product","link":"https:\/\/www.cxjsmartcard.com\/vi\/rfid-jeans-hang-tag-860-960-mhz\/","title":{"rendered":"Th\u1ebb treo qu\u1ea7n jean RFID (860\u2013960 MHz)"},"content":{"rendered":"<p data-start=\"45\" data-end=\"330\">Th\u1ebb treo RFID UHF t\u00f9y ch\u1ec9nh cho qu\u1ea7n jean v\u00e0 qu\u1ea7n \u00e1o v\u1edbi hi\u1ec7u su\u1ea5t \u0111\u1ecdc \u0111a \u0111i\u1ec3m EPC Gen2 nhanh ch\u00f3ng. \u0110\u01b0\u1ee3c thi\u1ebft k\u1ebf cho ho\u1ea1t \u0111\u1ed9ng ki\u1ec3m k\u00ea h\u00e0ng may m\u1eb7c, chu\u1ed7i cung \u1ee9ng v\u00e0 b\u00e1n l\u1ebb, th\u1ebb n\u00e0y h\u1ed7 tr\u1ee3 m\u00e3 h\u00f3a EPC 128-bit v\u00e0 v\u1eadt li\u1ec7u b\u1ec1 m\u1eb7t c\u00f3 th\u1ec3 g\u1eafn nh\u00e3n hi\u1ec7u, mang l\u1ea1i quy tr\u00ecnh l\u00e0m vi\u1ec7c li\u1ec1n m\u1ea1ch t\u1ea1i c\u1eeda h\u00e0ng v\u00e0 kho b\u00e3i.<\/p>\n<p data-start=\"332\" data-end=\"350\"><strong data-start=\"332\" data-end=\"348\">C\u00e1c t\u00ednh n\u0103ng ch\u00ednh<\/strong><\/p>\n<ul data-start=\"351\" data-end=\"869\">\n<li data-start=\"351\" data-end=\"414\">\n<p data-start=\"353\" data-end=\"414\"><strong data-start=\"353\" data-end=\"370\">Ti\u00eau chu\u1ea9n UHF:<\/strong> ISO\/IEC 18000-6C, EPCglobal L\u1edbp 1 Th\u1ebf h\u1ec7 2<\/p>\n<\/li>\n<li data-start=\"415\" data-end=\"453\">\n<p data-start=\"417\" data-end=\"453\"><strong data-start=\"417\" data-end=\"427\">Khoai t\u00e2y chi\u00ean:<\/strong> M730, U9 (c\u00f3 th\u1ec3 t\u00f9y ch\u1ec9nh)<\/p>\n<\/li>\n<li data-start=\"454\" data-end=\"557\">\n<p data-start=\"456\" data-end=\"557\"><strong data-start=\"456\" data-end=\"477\">Hi\u1ec7u su\u1ea5t \u0111\u1ecdc:<\/strong> \u0110\u1ecdc nhanh v\u00e0 \u0111\u1ecdc nhi\u1ec1u th\u1ebb \u0111\u00e1ng tin c\u1eady; h\u1ed7 tr\u1ee3 truy xu\u1ea5t ngu\u1ed3n g\u1ed1c \u0111\u1ea7u cu\u1ed1i<\/p>\n<\/li>\n<li data-start=\"558\" data-end=\"626\">\n<p data-start=\"560\" data-end=\"626\"><strong data-start=\"560\" data-end=\"576\">Y\u1ebfu t\u1ed1 h\u00ecnh th\u1ee9c:<\/strong> Nh\u00e3n 83 \u00d7 25 mm v\u1edbi \u0103ng-ten \u201c\u0111ai\u201d 70 \u00d7 14 mm<\/p>\n<\/li>\n<li data-start=\"627\" data-end=\"713\">\n<p data-start=\"629\" data-end=\"713\"><strong data-start=\"629\" data-end=\"648\">V\u1eadt li\u1ec7u m\u1eb7t:<\/strong> Gi\u1ea5y m\u1ef9 thu\u1eadt, gi\u1ea5y t\u1ed5ng h\u1ee3p PET, PP; c\u00e1c v\u1eadt li\u1ec7u kh\u00e1c theo y\u00eau c\u1ea7u<\/p>\n<\/li>\n<li data-start=\"714\" data-end=\"803\">\n<p data-start=\"716\" data-end=\"803\"><strong data-start=\"716\" data-end=\"729\">In \u1ea5n:<\/strong> In chuy\u1ec3n nhi\u1ec7t, in l\u1ee5a v\u00e0 in t\u00f9y ch\u1ec9nh (logo\/v\u0103n b\u1ea3n\/\u0111\u1ed3 h\u1ecda)<\/p>\n<\/li>\n<li data-start=\"804\" data-end=\"869\">\n<p data-start=\"806\" data-end=\"869\"><strong data-start=\"806\" data-end=\"824\">D\u1ecbch v\u1ee5 d\u1eef li\u1ec7u:<\/strong> M\u00e3 h\u00f3a EPC \/ kh\u1edfi t\u1ea1o d\u1eef li\u1ec7u c\u00f3 s\u1eb5n<\/p>\n<\/li>\n<\/ul>\n<p data-start=\"871\" data-end=\"982\"><strong data-start=\"871\" data-end=\"887\">\u1ee8ng d\u1ee5ng<\/strong><br data-start=\"887\" data-end=\"890\" \/>Qu\u1ea3n l\u00fd h\u00e0ng t\u1ed3n kho qu\u1ea7n \u00e1o &amp; gi\u00e0y d\u00e9p \u2022 Chu\u1ed7i cung \u1ee9ng qu\u1ea7n \u00e1o \u2022 Qu\u1ea3n l\u00fd b\u00e1n l\u1ebb h\u00e0ng may m\u1eb7c.<\/p>\n<p data-start=\"984\" data-end=\"1073\"><strong data-start=\"984\" data-end=\"1007\">V\u1eadn h\u00e0nh &amp; L\u01b0u tr\u1eef<\/strong><br data-start=\"1007\" data-end=\"1010\" \/>Ho\u1ea1t \u0111\u1ed9ng: 0\u201360 \u2103 \u1edf 20\u201380% RH \u2022 B\u1ea3o qu\u1ea3n: 20\u201330 \u2103 \u1edf 20\u201360% RH.<\/p>\n<h2 data-start=\"1075\" data-end=\"1100\">B\u1ea3ng (Th\u00f4ng s\u1ed1 k\u1ef9 thu\u1eadt)<\/h2>\n<div class=\"_tableContainer_1rjym_1\">\n<div class=\"group _tableWrapper_1rjym_13 flex w-fit flex-col-reverse\" tabindex=\"-1\">\n<table class=\"w-fit min-w-(--thread-content-width)\" data-start=\"1102\" data-end=\"2831\">\n<thead data-start=\"1102\" data-end=\"1209\">\n<tr data-start=\"1102\" data-end=\"1209\">\n<th data-start=\"1102\" data-end=\"1120\" data-col-size=\"sm\">Lo\u1ea1i<\/th>\n<th data-start=\"1120\" data-end=\"1148\" data-col-size=\"sm\">Tham s\u1ed1<\/th>\n<th data-start=\"1148\" data-end=\"1209\" data-col-size=\"md\">Gi\u00e1 tr\u1ecb<\/th>\n<\/tr>\n<\/thead>\n<tbody data-start=\"1318\" data-end=\"2831\">\n<tr data-start=\"1318\" data-end=\"1425\">\n<td data-start=\"1318\" data-end=\"1336\" data-col-size=\"sm\">S\u1ea3n ph\u1ea9m<\/td>\n<td data-col-size=\"sm\" data-start=\"1336\" data-end=\"1364\">T\u00ean<\/td>\n<td data-col-size=\"md\" data-start=\"1364\" data-end=\"1425\">Th\u1ebb treo RFID \u0111\u1ec3 theo d\u00f5i qu\u1ea7n \u00e1o<\/td>\n<\/tr>\n<tr data-start=\"1426\" data-end=\"1533\">\n<td data-start=\"1426\" data-end=\"1444\" data-col-size=\"sm\">T\u1ea7n s\u1ed1 v\u00f4 tuy\u1ebfn<\/td>\n<td data-start=\"1444\" data-end=\"1472\" data-col-size=\"sm\">T\u00ednh th\u01b0\u1eddng xuy\u00ean<\/td>\n<td data-col-size=\"md\" data-start=\"1472\" data-end=\"1533\">860\u2013960 MHz (UHF)<\/td>\n<\/tr>\n<tr data-start=\"1534\" data-end=\"1641\">\n<td data-start=\"1534\" data-end=\"1552\" data-col-size=\"sm\"><\/td>\n<td data-start=\"1552\" data-end=\"1580\" data-col-size=\"sm\">Giao th\u1ee9c<\/td>\n<td data-col-size=\"md\" data-start=\"1580\" data-end=\"1641\">ISO\/IEC 18000-6C; EPCglobal L\u1edbp 1 Th\u1ebf h\u1ec7 2<\/td>\n<\/tr>\n<tr data-start=\"1642\" data-end=\"1749\">\n<td data-start=\"1642\" data-end=\"1660\" data-col-size=\"sm\">T\u00f9y ch\u1ecdn IC<\/td>\n<td data-start=\"1660\" data-end=\"1688\" data-col-size=\"sm\">Chip<\/td>\n<td data-col-size=\"md\" data-start=\"1688\" data-end=\"1749\">M730; U9 (c\u00e1c lo\u1ea1i kh\u00e1c c\u00f3 th\u1ec3 t\u00f9y ch\u1ec9nh)<\/td>\n<\/tr>\n<tr data-start=\"1750\" data-end=\"1857\">\n<td data-start=\"1750\" data-end=\"1768\" data-col-size=\"sm\">K\u00fd \u1ee9c<\/td>\n<td data-col-size=\"sm\" data-start=\"1768\" data-end=\"1796\">EPC \/ Ng\u01b0\u1eddi d\u00f9ng<\/td>\n<td data-col-size=\"md\" data-start=\"1796\" data-end=\"1857\">128 bit \/ 0 bit<\/td>\n<\/tr>\n<tr data-start=\"1858\" data-end=\"1965\">\n<td data-start=\"1858\" data-end=\"1876\" data-col-size=\"sm\">K\u00edch th\u01b0\u1edbc<\/td>\n<td data-col-size=\"sm\" data-start=\"1876\" data-end=\"1904\">K\u00edch th\u01b0\u1edbc nh\u00e3n<\/td>\n<td data-col-size=\"md\" data-start=\"1904\" data-end=\"1965\">83 \u00d7 25 mm (c\u00f3 th\u1ec3 t\u00f9y ch\u1ec9nh)<\/td>\n<\/tr>\n<tr data-start=\"1966\" data-end=\"2073\">\n<td data-start=\"1966\" data-end=\"1984\" data-col-size=\"sm\">\u0102ng-ten<\/td>\n<td data-col-size=\"sm\" data-start=\"1984\" data-end=\"2012\">K\u00edch th\u01b0\u1edbc \/ Ki\u1ec3u d\u00e1ng<\/td>\n<td data-col-size=\"md\" data-start=\"2012\" data-end=\"2073\">70 \u00d7 14 mm; b\u1ed1 c\u1ee5c \u201cd\u00e2y \u0111ai\u201d<\/td>\n<\/tr>\n<tr data-start=\"2074\" data-end=\"2181\">\n<td data-start=\"2074\" data-end=\"2092\" data-col-size=\"sm\">Nguy\u00ean v\u1eadt li\u1ec7u<\/td>\n<td data-col-size=\"sm\" data-start=\"2092\" data-end=\"2120\">T\u00f9y ch\u1ecdn khu\u00f4n m\u1eb7t<\/td>\n<td data-col-size=\"md\" data-start=\"2120\" data-end=\"2181\">Gi\u1ea5y m\u1ef9 thu\u1eadt; PET; Gi\u1ea5y t\u1ed5ng h\u1ee3p PP; t\u00f9y ch\u1ec9nh<\/td>\n<\/tr>\n<tr data-start=\"2182\" data-end=\"2289\">\n<td data-start=\"2182\" data-end=\"2200\" data-col-size=\"sm\">In \u1ea5n<\/td>\n<td data-col-size=\"sm\" data-start=\"2200\" data-end=\"2228\">Ph\u01b0\u01a1ng ph\u00e1p<\/td>\n<td data-col-size=\"md\" data-start=\"2228\" data-end=\"2289\">In chuy\u1ec3n nhi\u1ec7t; in l\u1ee5a; in \u1ea5n t\u00f9y ch\u1ec9nh kh\u00e1c<\/td>\n<\/tr>\n<tr data-start=\"2290\" data-end=\"2397\">\n<td data-start=\"2290\" data-end=\"2308\" data-col-size=\"sm\">C\u00e1 nh\u00e2n h\u00f3a<\/td>\n<td data-col-size=\"sm\" data-start=\"2308\" data-end=\"2336\">Kh\u1edfi t\u1ea1o d\u1eef li\u1ec7u<\/td>\n<td data-col-size=\"md\" data-start=\"2336\" data-end=\"2397\">M\u00e3 h\u00f3a EPC<\/td>\n<\/tr>\n<tr data-start=\"2398\" data-end=\"2505\">\n<td data-start=\"2398\" data-end=\"2416\" data-col-size=\"sm\">M\u00f4i tr\u01b0\u1eddng<\/td>\n<td data-start=\"2416\" data-end=\"2444\" data-col-size=\"sm\">\u0110i\u1ec1u ki\u1ec7n ho\u1ea1t \u0111\u1ed9ng<\/td>\n<td data-col-size=\"md\" data-start=\"2444\" data-end=\"2505\">0\u201360 \u2103; 20\u201380% RH<\/td>\n<\/tr>\n<tr data-start=\"2506\" data-end=\"2613\">\n<td data-start=\"2506\" data-end=\"2524\" data-col-size=\"sm\"><\/td>\n<td data-start=\"2524\" data-end=\"2552\" data-col-size=\"sm\">\u0110i\u1ec1u ki\u1ec7n l\u01b0u tr\u1eef<\/td>\n<td data-col-size=\"md\" data-start=\"2552\" data-end=\"2613\">20\u201330 \u2103; 20\u201360% RH<\/td>\n<\/tr>\n<tr data-start=\"2614\" data-end=\"2721\">\n<td data-start=\"2614\" data-end=\"2632\" data-col-size=\"sm\">Nh\u1eefng l\u1ee3i \u00edch<\/td>\n<td data-col-size=\"sm\" data-start=\"2632\" data-end=\"2660\">\u0110i\u1ec3m n\u1ed5i b\u1eadt<\/td>\n<td data-col-size=\"md\" data-start=\"2660\" data-end=\"2721\">\u0110\u1ecdc nhanh; \u0111\u1ecdc nhi\u1ec1u; truy xu\u1ea5t ngu\u1ed3n g\u1ed1c<\/td>\n<\/tr>\n<tr data-start=\"2722\" data-end=\"2831\">\n<td data-start=\"2722\" data-end=\"2740\" data-col-size=\"sm\">C\u00e1c tr\u01b0\u1eddng h\u1ee3p s\u1eed d\u1ee5ng<\/td>\n<td data-start=\"2740\" data-end=\"2768\" data-col-size=\"sm\">\u1ee8ng d\u1ee5ng \u0111i\u1ec3n h\u00ecnh<\/td>\n<td data-col-size=\"md\" data-start=\"2768\" data-end=\"2831\">H\u00e0ng t\u1ed3n kho qu\u1ea7n \u00e1o &amp; gi\u00e0y d\u00e9p; chu\u1ed7i cung \u1ee9ng qu\u1ea7n \u00e1o; b\u00e1n l\u1ebb<\/td>\n<\/tr>\n<\/tbody>\n<\/table>\n<\/div>\n<\/div>","protected":false},"excerpt":{"rendered":"<p>Th\u1ebb treo UHF EPC Gen2 cho qu\u1ea7n jean v\u00e0 qu\u1ea7n \u00e1o\u2014nh\u00e3n 83 \u00d7 25 mm v\u1edbi \u0103ng-ten 70 \u00d7 14 mm, chip M730\/U9, EPC 128 bit, \u0111\u1ecdc nhi\u1ec1u l\u1ea7n nhanh v\u00e0 in\/m\u00e3 h\u00f3a c\u00f3 th\u1ec3 t\u00f9y ch\u1ec9nh.<\/p>","protected":false},"featured_media":927,"template":"","meta":{"_gspb_post_css":""},"product_brand":[],"product_cat":[31],"product_tag":[],"class_list":{"0":"post-926","1":"product","2":"type-product","3":"status-publish","4":"has-post-thumbnail","6":"product_cat-rfid-sticker-labels","8":"first","9":"instock","10":"shipping-taxable","11":"purchasable","12":"product-type-simple"},"_links":{"self":[{"href":"https:\/\/www.cxjsmartcard.com\/vi\/wp-json\/wp\/v2\/product\/926","targetHints":{"allow":["GET"]}}],"collection":[{"href":"https:\/\/www.cxjsmartcard.com\/vi\/wp-json\/wp\/v2\/product"}],"about":[{"href":"https:\/\/www.cxjsmartcard.com\/vi\/wp-json\/wp\/v2\/types\/product"}],"wp:featuredmedia":[{"embeddable":true,"href":"https:\/\/www.cxjsmartcard.com\/vi\/wp-json\/wp\/v2\/media\/927"}],"wp:attachment":[{"href":"https:\/\/www.cxjsmartcard.com\/vi\/wp-json\/wp\/v2\/media?parent=926"}],"wp:term":[{"taxonomy":"product_brand","embeddable":true,"href":"https:\/\/www.cxjsmartcard.com\/vi\/wp-json\/wp\/v2\/product_brand?post=926"},{"taxonomy":"product_cat","embeddable":true,"href":"https:\/\/www.cxjsmartcard.com\/vi\/wp-json\/wp\/v2\/product_cat?post=926"},{"taxonomy":"product_tag","embeddable":true,"href":"https:\/\/www.cxjsmartcard.com\/vi\/wp-json\/wp\/v2\/product_tag?post=926"}],"curies":[{"name":"trang web","href":"https:\/\/api.w.org\/{rel}","templated":true}]}}