{"id":922,"date":"2025-11-03T09:18:04","date_gmt":"2025-11-03T09:18:04","guid":{"rendered":"https:\/\/www.cxjsmartcard.com\/?post_type=product&#038;p=922"},"modified":"2025-12-29T01:27:07","modified_gmt":"2025-12-29T01:27:07","slug":"led-light-uhf-rfid-label-sticker","status":"publish","type":"product","link":"https:\/\/www.cxjsmartcard.com\/vi\/led-light-uhf-rfid-label-sticker\/","title":{"rendered":"Nh\u00e3n d\u00e1n RFID UHF \u0111\u00e8n LED"},"content":{"rendered":"<p data-start=\"44\" data-end=\"365\">Nh\u00e3n RFID UHF t\u1ea7m xa t\u00edch h\u1ee3p \u0111\u00e8n LED cho ph\u00e9p \u0111\u1ecbnh v\u1ecb tr\u1ef1c quan t\u1ee9c th\u00ec. \u0110\u01b0\u1ee3c thi\u1ebft k\u1ebf \u0111\u1ec3 \u0111\u1ecdc h\u00e0ng lo\u1ea1t nhanh ch\u00f3ng \u1edf kho\u1ea3ng c\u00e1ch tr\u00ean 10m, \u0111\u1ed3ng th\u1eddi cho ph\u00e9p hi\u1ec3n th\u1ecb t\u00edn hi\u1ec7u \u0111\u00e8n LED theo th\u1eddi gian th\u1ef1c tr\u00ean nh\u00e3n \u0111\u1ec3 x\u00e1c \u0111\u1ecbnh ch\u00ednh x\u00e1c c\u00e1c m\u1eb7t h\u00e0ng tr\u00ean k\u1ec7, th\u00f9ng ho\u1eb7c gi\u00e1 \u0111\u1ee1. K\u1ebft c\u1ea5u b\u1ec1n b\u1ec9, c\u00f3 th\u1ec3 t\u00e1i s\u1eed d\u1ee5ng h\u1ed7 tr\u1ee3 c\u00e1c ho\u1ea1t \u0111\u1ed9ng h\u1eadu c\u1ea7n, b\u00e1n l\u1ebb, ch\u0103m s\u00f3c s\u1ee9c kh\u1ecfe v\u00e0 s\u1ef1 ki\u1ec7n kh\u1ed1i l\u01b0\u1ee3ng l\u1edbn.<\/p>\n<p data-start=\"367\" data-end=\"385\"><strong data-start=\"367\" data-end=\"383\">T\u1ea1i sao n\u00f3 gi\u00fap \u00edch<\/strong><\/p>\n<ul data-start=\"386\" data-end=\"981\">\n<li data-start=\"386\" data-end=\"474\">\n<p data-start=\"388\" data-end=\"474\"><strong data-start=\"388\" data-end=\"422\">Qu\u00e9t t\u1ea7m xa hi\u1ec7u qu\u1ea3:<\/strong> \u0110\u1ecdc h\u00e0ng lo\u1ea1t, kh\u00f4ng c\u1ea7n nh\u00ecn th\u1eb3ng trong ph\u1ea1m vi h\u01a1n 10 m\u00e9t.<\/p>\n<\/li>\n<li data-start=\"475\" data-end=\"584\">\n<p data-start=\"477\" data-end=\"584\"><strong data-start=\"477\" data-end=\"502\">Kh\u1ea3 n\u0103ng hi\u1ec3n th\u1ecb theo th\u1eddi gian th\u1ef1c:<\/strong> \u0110\u00e8n LED nh\u1ea5p nh\u00e1y cho bi\u1ebft v\u1ecb tr\u00ed ho\u1eb7c tr\u1ea1ng th\u00e1i (v\u00ed d\u1ee5: l\u1ea5y\/c\u1ea5t, h\u00e0ng t\u1ed3n kho th\u1ea5p).<\/p>\n<\/li>\n<li data-start=\"585\" data-end=\"663\">\n<p data-start=\"587\" data-end=\"663\"><strong data-start=\"587\" data-end=\"607\">\u0110\u1ed9 ch\u00ednh x\u00e1c cao h\u01a1n:<\/strong> Gi\u1ea3m thi\u1ec3u l\u1ed7i th\u1ee7 c\u00f4ng; h\u1ee3p l\u00fd h\u00f3a quy tr\u00ecnh l\u00e0m vi\u1ec7c t\u1ef1 \u0111\u1ed9ng.<\/p>\n<\/li>\n<li data-start=\"664\" data-end=\"756\">\n<p data-start=\"666\" data-end=\"756\"><strong data-start=\"666\" data-end=\"695\">T\u00ednh linh ho\u1ea1t c\u00f3 th\u1ec3 l\u1eadp tr\u00ecnh:<\/strong> \u0110i\u1ec1u khi\u1ec3n t\u1eeb xa ch\u1ebf \u0111\u1ed9 ho\u1ea1t \u0111\u1ed9ng c\u1ee7a \u0111\u00e8n LED \u0111\u1ec3 ph\u00f9 h\u1ee3p v\u1edbi nhi\u1ec1u t\u00ecnh hu\u1ed1ng kh\u00e1c nhau.<\/p>\n<\/li>\n<li data-start=\"757\" data-end=\"846\">\n<p data-start=\"759\" data-end=\"846\"><strong data-start=\"759\" data-end=\"785\">\u0110\u1ed9 b\u1ec1n c\u00f4ng nghi\u1ec7p:<\/strong> \u0110\u01b0\u1ee3c thi\u1ebft k\u1ebf \u0111\u1ec3 s\u1eed d\u1ee5ng nhi\u1ec1u l\u1ea7n v\u1edbi hi\u1ec7u su\u1ea5t RF v\u00e0 LED \u1ed5n \u0111\u1ecbnh.<\/p>\n<\/li>\n<li data-start=\"847\" data-end=\"921\">\n<p data-start=\"849\" data-end=\"921\"><strong data-start=\"849\" data-end=\"872\">S\u1eed d\u1ee5ng nhi\u1ec1u t\u00ecnh hu\u1ed1ng:<\/strong> Kho b\u00e3i, b\u00e1n l\u1ebb, t\u00e0i s\u1ea3n y t\u1ebf, v.v.<\/p>\n<\/li>\n<li data-start=\"922\" data-end=\"981\">\n<p data-start=\"924\" data-end=\"981\"><strong data-start=\"924\" data-end=\"942\">L\u1ee3i t\u1ee9c \u0111\u1ea7u t\u01b0 d\u00e0i h\u1ea1n:<\/strong> Gi\u1ea3m nh\u00e2n c\u00f4ng v\u00e0 gi\u1ea3m chi ph\u00ed; ki\u1ec3m to\u00e1n nhanh h\u01a1n.<\/p>\n<\/li>\n<\/ul>\n<p data-start=\"983\" data-end=\"1203\"><strong data-start=\"983\" data-end=\"1007\">\u1ee8ng d\u1ee5ng \u0111i\u1ec3n h\u00ecnh<\/strong><br data-start=\"1007\" data-end=\"1010\" \/>Ki\u1ec3m so\u00e1t nh\u1eadp c\u1ea3nh an to\u00e0n \u2022 Th\u00e0nh vi\u00ean\/kh\u00e1ch h\u00e0ng th\u00e2n thi\u1ebft kh\u00f4ng d\u00f9ng ti\u1ec1n m\u1eb7t \u2022 Ti\u1ebfp c\u1eadn s\u1ef1 ki\u1ec7n v\u00e0 x\u00e2y d\u1ef1ng th\u01b0\u01a1ng hi\u1ec7u \u2022 Th\u1ebb ti\u1ebfp th\u1ecb\/x\u00e3 h\u1ed9i \u2022 Ho\u1ea1t \u0111\u1ed9ng b\u00e1n l\u1ebb \u2022 \u0110i\u1ec7n t\u1eed v\u00e0 tri\u1ec3n l\u00e3m th\u01b0\u01a1ng m\u1ea1i \u2022 Tr\u00f2 ch\u01a1i v\u00e0 \u0111\u1ed3 ch\u01a1i \u2022 Danh thi\u1ebfp th\u00f4ng minh.<\/p>\n<h2 data-start=\"1205\" data-end=\"1230\">B\u1ea3ng (Th\u00f4ng s\u1ed1 k\u1ef9 thu\u1eadt)<\/h2>\n<div class=\"_tableContainer_1rjym_1\">\n<div class=\"group _tableWrapper_1rjym_13 flex w-fit flex-col-reverse\" tabindex=\"-1\">\n<table class=\"w-fit min-w-(--thread-content-width)\" data-start=\"1232\" data-end=\"3463\">\n<thead data-start=\"1232\" data-end=\"1355\">\n<tr data-start=\"1232\" data-end=\"1355\">\n<th data-start=\"1232\" data-end=\"1258\" data-col-size=\"sm\">Lo\u1ea1i<\/th>\n<th data-start=\"1258\" data-end=\"1294\" data-col-size=\"sm\">Tham s\u1ed1<\/th>\n<th data-start=\"1294\" data-end=\"1355\" data-col-size=\"md\">Gi\u00e1 tr\u1ecb<\/th>\n<\/tr>\n<\/thead>\n<tbody data-start=\"1480\" data-end=\"3463\">\n<tr data-start=\"1480\" data-end=\"1603\">\n<td data-start=\"1480\" data-end=\"1506\" data-col-size=\"sm\">S\u1ea3n ph\u1ea9m<\/td>\n<td data-col-size=\"sm\" data-start=\"1506\" data-end=\"1542\">Ki\u1ec3u<\/td>\n<td data-col-size=\"md\" data-start=\"1542\" data-end=\"1603\">Nh\u00e3n d\u00e1n RFID UHF \u0111\u00e8n LED<\/td>\n<\/tr>\n<tr data-start=\"1604\" data-end=\"1727\">\n<td data-start=\"1604\" data-end=\"1630\" data-col-size=\"sm\">IC<\/td>\n<td data-start=\"1630\" data-end=\"1666\" data-col-size=\"sm\">Chip<\/td>\n<td data-start=\"1666\" data-end=\"1727\" data-col-size=\"md\">KX2005X-BL<\/td>\n<\/tr>\n<tr data-start=\"1728\" data-end=\"1851\">\n<td data-start=\"1728\" data-end=\"1754\" data-col-size=\"sm\">T\u1ea7n s\u1ed1 v\u00f4 tuy\u1ebfn<\/td>\n<td data-start=\"1754\" data-end=\"1790\" data-col-size=\"sm\">T\u00ednh th\u01b0\u1eddng xuy\u00ean<\/td>\n<td data-col-size=\"md\" data-start=\"1790\" data-end=\"1851\">860\u2013960 MHz<\/td>\n<\/tr>\n<tr data-start=\"1852\" data-end=\"1975\">\n<td data-start=\"1852\" data-end=\"1878\" data-col-size=\"sm\"><\/td>\n<td data-col-size=\"sm\" data-start=\"1878\" data-end=\"1914\">Giao th\u1ee9c<\/td>\n<td data-col-size=\"md\" data-start=\"1914\" data-end=\"1975\">ISO\/IEC 18000-6C, EPC L\u1edbp 1 Th\u1ebf h\u1ec7 2<\/td>\n<\/tr>\n<tr data-start=\"1976\" data-end=\"2099\">\n<td data-start=\"1976\" data-end=\"2002\" data-col-size=\"sm\">Ho\u1ea1t \u0111\u1ed9ng<\/td>\n<td data-col-size=\"sm\" data-start=\"2002\" data-end=\"2038\">Ch\u1ebf \u0111\u1ed9 l\u00e0m vi\u1ec7c<\/td>\n<td data-col-size=\"md\" data-start=\"2038\" data-end=\"2099\">Th\u1ee5 \u0111\u1ed9ng<\/td>\n<\/tr>\n<tr data-start=\"2100\" data-end=\"2223\">\n<td data-start=\"2100\" data-end=\"2126\" data-col-size=\"sm\">\u0110\u1ecdc hi\u1ec7u su\u1ea5t<\/td>\n<td data-start=\"2126\" data-end=\"2162\" data-col-size=\"sm\">Ph\u1ea1m vi \u0111i\u1ec3n h\u00ecnh<\/td>\n<td data-col-size=\"md\" data-start=\"2162\" data-end=\"2223\">10 m+ (ph\u1ee5 thu\u1ed9c v\u00e0o ng\u01b0\u1eddi \u0111\u1ecdc\/m\u00f4i tr\u01b0\u1eddng)<\/td>\n<\/tr>\n<tr data-start=\"2224\" data-end=\"2347\">\n<td data-start=\"2224\" data-end=\"2250\" data-col-size=\"sm\">\u0102ng-ten<\/td>\n<td data-col-size=\"sm\" data-start=\"2250\" data-end=\"2286\">Lo\u1ea1i \/ K\u00edch th\u01b0\u1edbc<\/td>\n<td data-col-size=\"md\" data-start=\"2286\" data-end=\"2347\">Kh\u1eafc nh\u00f4m, 95 \u00d7 18,5 mm<\/td>\n<\/tr>\n<tr data-start=\"2348\" data-end=\"2471\">\n<td data-start=\"2348\" data-end=\"2374\" data-col-size=\"sm\">\u0110\u1ecbnh d\u1ea1ng<\/td>\n<td data-col-size=\"sm\" data-start=\"2374\" data-end=\"2410\">K\u00edch th\u01b0\u1edbc nh\u00e3n\/kh\u1ea3m \u01b0\u1edbt<\/td>\n<td data-col-size=\"md\" data-start=\"2410\" data-end=\"2471\">100 \u00d7 52 mm (c\u00f3 th\u1ec3 t\u00f9y ch\u1ec9nh)<\/td>\n<\/tr>\n<tr data-start=\"2472\" data-end=\"2595\">\n<td data-start=\"2472\" data-end=\"2498\" data-col-size=\"sm\">Nguy\u00ean v\u1eadt li\u1ec7u<\/td>\n<td data-start=\"2498\" data-end=\"2534\" data-col-size=\"sm\">Khu\u00f4n m\u1eb7t \/ X\u00e2y d\u1ef1ng<\/td>\n<td data-col-size=\"md\" data-start=\"2534\" data-end=\"2595\">Gi\u1ea5y tr\u00e1ng, PET, gi\u1ea5y t\u1ed5ng h\u1ee3p, gi\u1ea5y nhi\u1ec7t, t\u00f9y ch\u1ec9nh<\/td>\n<\/tr>\n<tr data-start=\"2596\" data-end=\"2719\">\n<td data-start=\"2596\" data-end=\"2622\" data-col-size=\"sm\">In \u1ea5n &amp; \u0110\u00e1nh d\u1ea5u<\/td>\n<td data-col-size=\"sm\" data-start=\"2622\" data-end=\"2658\">Ph\u01b0\u01a1ng ph\u00e1p<\/td>\n<td data-col-size=\"md\" data-start=\"2658\" data-end=\"2719\">In \u0111\u1ea7y \u0111\u1ee7 m\u00e0u s\u1eafc, logo, m\u00e3 v\u1ea1ch, QR, s\u00ea-ri<\/td>\n<\/tr>\n<tr data-start=\"2720\" data-end=\"2843\">\n<td data-start=\"2720\" data-end=\"2746\" data-col-size=\"sm\">\u0110\u1ed9 tin c\u1eady<\/td>\n<td data-col-size=\"sm\" data-start=\"2746\" data-end=\"2782\">IC Life<\/td>\n<td data-col-size=\"md\" data-start=\"2782\" data-end=\"2843\">100.000 chu k\u1ef3 l\u1eadp tr\u00ecnh; l\u01b0u gi\u1eef d\u1eef li\u1ec7u trong 10 n\u0103m<\/td>\n<\/tr>\n<tr data-start=\"2844\" data-end=\"2967\">\n<td data-start=\"2844\" data-end=\"2870\" data-col-size=\"sm\">M\u00f4i tr\u01b0\u1eddng (S\u1eed d\u1ee5ng)<\/td>\n<td data-col-size=\"sm\" data-start=\"2870\" data-end=\"2906\">Nhi\u1ec7t \u0111\u1ed9 \/ \u0110\u1ed9 \u1ea9m ho\u1ea1t \u0111\u1ed9ng<\/td>\n<td data-col-size=\"md\" data-start=\"2906\" data-end=\"2967\">\u221225 \u0111\u1ebfn +50 \u2103 \/ 20\u201380% RH<\/td>\n<\/tr>\n<tr data-start=\"2968\" data-end=\"3091\">\n<td data-start=\"2968\" data-end=\"2994\" data-col-size=\"sm\">M\u00f4i tr\u01b0\u1eddng (L\u01b0u tr\u1eef)<\/td>\n<td data-col-size=\"sm\" data-start=\"2994\" data-end=\"3030\">Nhi\u1ec7t \u0111\u1ed9 \/ \u0110\u1ed9 \u1ea9m l\u01b0u tr\u1eef<\/td>\n<td data-col-size=\"md\" data-start=\"3030\" data-end=\"3091\">+23 \u2103 \u00b15 \u2103 \/ 50% \u00b110% RH (kh\u00f4ng ng\u01b0ng t\u1ee5)<\/td>\n<\/tr>\n<tr data-start=\"3092\" data-end=\"3215\">\n<td data-start=\"3092\" data-end=\"3118\" data-col-size=\"sm\">Bao b\u00ec<\/td>\n<td data-col-size=\"sm\" data-start=\"3118\" data-end=\"3154\">Cu\u1ed9n \/ Th\u00f9ng carton<\/td>\n<td data-col-size=\"md\" data-start=\"3154\" data-end=\"3215\">1.000\u20135.000 chi\u1ebfc m\u1ed7i cu\u1ed9n; 4 cu\u1ed9n m\u1ed7i th\u00f9ng<\/td>\n<\/tr>\n<tr data-start=\"3216\" data-end=\"3339\">\n<td data-start=\"3216\" data-end=\"3242\" data-col-size=\"sm\">M\u1eabu<\/td>\n<td data-start=\"3242\" data-end=\"3278\" data-col-size=\"sm\">Kh\u1ea3 d\u1ee5ng<\/td>\n<td data-col-size=\"md\" data-start=\"3278\" data-end=\"3339\">M\u1eabu mi\u1ec5n ph\u00ed \u0111\u1ec3 ki\u1ec3m tra ch\u1ea5t l\u01b0\u1ee3ng<\/td>\n<\/tr>\n<tr data-start=\"3340\" data-end=\"3463\">\n<td data-start=\"3340\" data-end=\"3366\" data-col-size=\"sm\">Gi\u1ea3i ph\u00e1p<\/td>\n<td data-start=\"3366\" data-end=\"3402\" data-col-size=\"sm\">V\u00ed d\u1ee5 tri\u1ec3n khai<\/td>\n<td data-col-size=\"md\" data-start=\"3402\" data-end=\"3463\">Kho b\u00e3i, b\u00e1n l\u1ebb, theo d\u00f5i t\u00e0i s\u1ea3n y t\u1ebf, s\u1ef1 ki\u1ec7n<\/td>\n<\/tr>\n<\/tbody>\n<\/table>\n<\/div>\n<\/div>","protected":false},"excerpt":{"rendered":"<p>Nh\u00e3n RFID UHF t\u00edch h\u1ee3p \u0111\u00e8n LED cho kh\u1ea3 n\u0103ng \u0111\u1ecdc h\u01a1n 10 m v\u00e0 \u0111\u1ecbnh v\u1ecb tr\u1ef1c quan t\u1ee9c th\u00ec\u2014thi\u1ebft k\u1ebf EPC Gen2 th\u1ee5 \u0111\u1ed9ng, m\u1eb7t nh\u00e3n c\u00f3 th\u1ec3 in v\u00e0 c\u1ea5u t\u1ea1o b\u1ec1n b\u1ec9 d\u00e0nh cho b\u00e1n l\u1ebb, kho b\u00e3i, ch\u0103m s\u00f3c s\u1ee9c kh\u1ecfe v\u00e0 s\u1ef1 ki\u1ec7n.<\/p>","protected":false},"featured_media":923,"template":"","meta":{"_gspb_post_css":""},"product_brand":[],"product_cat":[31],"product_tag":[],"class_list":{"0":"post-922","1":"product","2":"type-product","3":"status-publish","4":"has-post-thumbnail","6":"product_cat-rfid-sticker-labels","8":"first","9":"instock","10":"shipping-taxable","11":"purchasable","12":"product-type-simple"},"_links":{"self":[{"href":"https:\/\/www.cxjsmartcard.com\/vi\/wp-json\/wp\/v2\/product\/922","targetHints":{"allow":["GET"]}}],"collection":[{"href":"https:\/\/www.cxjsmartcard.com\/vi\/wp-json\/wp\/v2\/product"}],"about":[{"href":"https:\/\/www.cxjsmartcard.com\/vi\/wp-json\/wp\/v2\/types\/product"}],"wp:featuredmedia":[{"embeddable":true,"href":"https:\/\/www.cxjsmartcard.com\/vi\/wp-json\/wp\/v2\/media\/923"}],"wp:attachment":[{"href":"https:\/\/www.cxjsmartcard.com\/vi\/wp-json\/wp\/v2\/media?parent=922"}],"wp:term":[{"taxonomy":"product_brand","embeddable":true,"href":"https:\/\/www.cxjsmartcard.com\/vi\/wp-json\/wp\/v2\/product_brand?post=922"},{"taxonomy":"product_cat","embeddable":true,"href":"https:\/\/www.cxjsmartcard.com\/vi\/wp-json\/wp\/v2\/product_cat?post=922"},{"taxonomy":"product_tag","embeddable":true,"href":"https:\/\/www.cxjsmartcard.com\/vi\/wp-json\/wp\/v2\/product_tag?post=922"}],"curies":[{"name":"trang web","href":"https:\/\/api.w.org\/{rel}","templated":true}]}}