{"id":917,"date":"2025-11-03T09:15:33","date_gmt":"2025-11-03T09:15:33","guid":{"rendered":"https:\/\/www.cxjsmartcard.com\/?post_type=product&#038;p=917"},"modified":"2025-12-29T01:27:07","modified_gmt":"2025-12-29T01:27:07","slug":"dogbone-uhf-rfid-wet-inlay-tags-for-marathon-race-timing","status":"publish","type":"product","link":"https:\/\/www.cxjsmartcard.com\/vi\/dogbone-uhf-rfid-wet-inlay-tags-for-marathon-race-timing\/","title":{"rendered":"Th\u1ebb RFID Dogbone UHF Wet Inlay d\u00f9ng \u0111\u1ec3 t\u00ednh gi\u1edd ch\u1ea1y Marathon"},"content":{"rendered":"<p data-start=\"68\" data-end=\"357\">Nh\u00e3n in \u01b0\u1edbt UHF EPC Gen2 v\u1edbi \u0103ng-ten dogbone, \u0111\u01b0\u1ee3c t\u1ed1i \u01b0u h\u00f3a \u0111\u1ec3 \u0111o th\u1eddi gian ch\u00ednh x\u00e1c cho s\u1ed1 l\u01b0\u1ee3ng ng\u01b0\u1eddi tham gia \u0111\u00f4ng \u0111\u1ea3o. Nh\u00e3n PET 97 \u00d7 27 mm v\u1edbi \u0103ng-ten dogbone 94 \u00d7 24 mm mang l\u1ea1i hi\u1ec7u su\u1ea5t \u0111\u1ecdc nhanh \u0111a \u0111i\u1ec3m tr\u00ean s\u1ed1 b\u00e1o danh v\u00e0 trang ph\u1ee5c thi \u0111\u1ea5u, \u0111\u1ed3ng th\u1eddi d\u1ec5 d\u00e0ng t\u00edch h\u1ee3p v\u00e0o quy tr\u00ecnh in\/m\u00e3 h\u00f3a kh\u1ed1i l\u01b0\u1ee3ng l\u1edbn.<\/p>\n<p data-start=\"359\" data-end=\"377\"><strong data-start=\"359\" data-end=\"375\">C\u00e1c t\u00ednh n\u0103ng ch\u00ednh<\/strong><\/p>\n<ul data-start=\"378\" data-end=\"690\">\n<li data-start=\"378\" data-end=\"419\">\n<p data-start=\"380\" data-end=\"419\">T\u1ea7n s\u1ed1 ho\u1ea1t \u0111\u1ed9ng r\u1ed9ng: 840\u2013960 MHz<\/p>\n<\/li>\n<li data-start=\"420\" data-end=\"465\">\n<p data-start=\"422\" data-end=\"465\">Tu\u00e2n th\u1ee7 UHF EPC Gen2 \/ ISO\/IEC 18000-6C<\/p>\n<\/li>\n<li data-start=\"466\" data-end=\"543\">\n<p data-start=\"468\" data-end=\"543\">B\u1ed1 c\u1ee5c \u0103ng-ten h\u00ecnh x\u01b0\u01a1ng ch\u00f3 cho kh\u1ea3 n\u0103ng \u0111\u1ecdc \u1ed5n \u0111\u1ecbnh v\u00e0 m\u1ea1nh m\u1ebd tr\u00ean qu\u1ea7n \u00e1o\/qu\u1ea7n \u00e1o c\u1ee7a ng\u01b0\u1eddi ch\u1ea1y b\u1ed9<\/p>\n<\/li>\n<li data-start=\"544\" data-end=\"608\">\n<p data-start=\"546\" data-end=\"608\">M\u1eb7t PET trong su\u1ed1t; \u0111\u01b0\u1ee3c cung c\u1ea5p d\u01b0\u1edbi d\u1ea1ng mi\u1ebfng l\u00f3t \u01b0\u1edbt (l\u1edbp l\u00f3t d\u00ednh)<\/p>\n<\/li>\n<li data-start=\"609\" data-end=\"690\">\n<p data-start=\"611\" data-end=\"690\">S\u1eb5n s\u00e0ng in\/m\u00e3 h\u00f3a: chuy\u1ec3n nhi\u1ec7t ho\u1eb7c in l\u1ee5a; H\u1ed7 tr\u1ee3 m\u00e3 h\u00f3a tr\u01b0\u1edbc EPC<\/p>\n<\/li>\n<\/ul>\n<p data-start=\"692\" data-end=\"858\"><strong data-start=\"692\" data-end=\"708\">\u1ee8ng d\u1ee5ng<\/strong><br data-start=\"708\" data-end=\"711\" \/>T\u00ednh th\u1eddi gian ch\u1ea1y marathon v\u00e0 ch\u1ea1y \u0111\u01b0\u1eddng tr\u01b0\u1eddng \u2022 S\u1ef1 ki\u1ec7n ba m\u00f4n ph\u1ed1i h\u1ee3p\/\u0111\u1ea1p xe \u2022 G\u1eafn th\u1ebb s\u1ed1 v\u00e0 gi\u00e0y \u2022 Nh\u00e3n t\u00e0i s\u1ea3n trong m\u00f4i tr\u01b0\u1eddng kh\u1eafc nghi\u1ec7t c\u1ea7n ph\u1ea3i \u0111\u1ecdc nhi\u1ec1u nh\u00e3n nhanh.<\/p>\n<p data-start=\"860\" data-end=\"949\"><strong data-start=\"860\" data-end=\"883\">V\u1eadn h\u00e0nh &amp; L\u01b0u tr\u1eef<\/strong><br data-start=\"883\" data-end=\"886\" \/>Ho\u1ea1t \u0111\u1ed9ng: 0\u201360 \u2103 \u1edf 20\u201380% RH \u2022 B\u1ea3o qu\u1ea3n: 20\u201330 \u2103 \u1edf 20\u201360% RH.<\/p>\n<h2 data-start=\"951\" data-end=\"976\">B\u1ea3ng (Th\u00f4ng s\u1ed1 k\u1ef9 thu\u1eadt)<\/h2>\n<div class=\"_tableContainer_1rjym_1\">\n<div class=\"group _tableWrapper_1rjym_13 flex w-fit flex-col-reverse\" tabindex=\"-1\">\n<table class=\"w-fit min-w-(--thread-content-width)\" data-start=\"978\" data-end=\"2352\">\n<thead data-start=\"978\" data-end=\"1062\">\n<tr data-start=\"978\" data-end=\"1062\">\n<th data-start=\"978\" data-end=\"996\" data-col-size=\"sm\">Lo\u1ea1i<\/th>\n<th data-start=\"996\" data-end=\"1019\" data-col-size=\"sm\">Tham s\u1ed1<\/th>\n<th data-start=\"1019\" data-end=\"1062\" data-col-size=\"md\">Gi\u00e1 tr\u1ecb<\/th>\n<\/tr>\n<\/thead>\n<tbody data-start=\"1148\" data-end=\"2352\">\n<tr data-start=\"1148\" data-end=\"1232\">\n<td data-start=\"1148\" data-end=\"1166\" data-col-size=\"sm\">S\u1ea3n ph\u1ea9m<\/td>\n<td data-start=\"1166\" data-end=\"1189\" data-col-size=\"sm\">T\u00ean<\/td>\n<td data-start=\"1189\" data-end=\"1232\" data-col-size=\"md\">Dogbone UHF RFID Wet Inlay<\/td>\n<\/tr>\n<tr data-start=\"1233\" data-end=\"1318\">\n<td data-start=\"1233\" data-end=\"1251\" data-col-size=\"sm\">IC<\/td>\n<td data-start=\"1251\" data-end=\"1274\" data-col-size=\"sm\">Chip<\/td>\n<td data-col-size=\"md\" data-start=\"1274\" data-end=\"1318\">U8<\/td>\n<\/tr>\n<tr data-start=\"1319\" data-end=\"1404\">\n<td data-start=\"1319\" data-end=\"1337\" data-col-size=\"sm\">T\u1ea7n s\u1ed1 v\u00f4 tuy\u1ebfn<\/td>\n<td data-col-size=\"sm\" data-start=\"1337\" data-end=\"1360\">T\u00ednh th\u01b0\u1eddng xuy\u00ean<\/td>\n<td data-col-size=\"md\" data-start=\"1360\" data-end=\"1404\">840\u2013960 MHz<\/td>\n<\/tr>\n<tr data-start=\"1405\" data-end=\"1490\">\n<td data-start=\"1405\" data-end=\"1423\" data-col-size=\"sm\"><\/td>\n<td data-col-size=\"sm\" data-start=\"1423\" data-end=\"1446\">Giao th\u1ee9c<\/td>\n<td data-col-size=\"md\" data-start=\"1446\" data-end=\"1490\">ISO\/IEC 18000-6C; EPCglobal L\u1edbp 1 Th\u1ebf h\u1ec7 2<\/td>\n<\/tr>\n<tr data-start=\"1491\" data-end=\"1576\">\n<td data-start=\"1491\" data-end=\"1509\" data-col-size=\"sm\">K\u00fd \u1ee9c<\/td>\n<td data-col-size=\"sm\" data-start=\"1509\" data-end=\"1532\">TID \/ EPC \/ Ng\u01b0\u1eddi d\u00f9ng<\/td>\n<td data-col-size=\"md\" data-start=\"1532\" data-end=\"1576\">48 bit \/ 128 bit \/ 0 bit<\/td>\n<\/tr>\n<tr data-start=\"1577\" data-end=\"1662\">\n<td data-start=\"1577\" data-end=\"1595\" data-col-size=\"sm\">Nh\u00e3n<\/td>\n<td data-start=\"1595\" data-end=\"1618\" data-col-size=\"sm\">K\u00edch c\u1ee1<\/td>\n<td data-start=\"1618\" data-end=\"1662\" data-col-size=\"md\">97 \u00d7 27 mm<\/td>\n<\/tr>\n<tr data-start=\"1663\" data-end=\"1748\">\n<td data-start=\"1663\" data-end=\"1681\" data-col-size=\"sm\">\u0102ng-ten<\/td>\n<td data-col-size=\"sm\" data-start=\"1681\" data-end=\"1704\">K\u00edch th\u01b0\u1edbc \/ H\u00ecnh d\u1ea1ng<\/td>\n<td data-col-size=\"md\" data-start=\"1704\" data-end=\"1748\">94 \u00d7 24 mm, x\u01b0\u01a1ng ch\u00f3<\/td>\n<\/tr>\n<tr data-start=\"1749\" data-end=\"1834\">\n<td data-start=\"1749\" data-end=\"1767\" data-col-size=\"sm\">Khu\u00f4n m\u1eb7t<\/td>\n<td data-start=\"1767\" data-end=\"1790\" data-col-size=\"sm\">V\u1eadt li\u1ec7u<\/td>\n<td data-col-size=\"md\" data-start=\"1790\" data-end=\"1834\">PET trong su\u1ed1t<\/td>\n<\/tr>\n<tr data-start=\"1835\" data-end=\"1920\">\n<td data-start=\"1835\" data-end=\"1853\" data-col-size=\"sm\">In \u1ea5n<\/td>\n<td data-start=\"1853\" data-end=\"1876\" data-col-size=\"sm\">Ph\u01b0\u01a1ng ph\u00e1p<\/td>\n<td data-start=\"1876\" data-end=\"1920\" data-col-size=\"md\">Chuy\u1ec3n nhi\u1ec7t; in l\u1ee5a<\/td>\n<\/tr>\n<tr data-start=\"1921\" data-end=\"2007\">\n<td data-start=\"1921\" data-end=\"1939\" data-col-size=\"sm\">D\u1eef li\u1ec7u<\/td>\n<td data-col-size=\"sm\" data-start=\"1939\" data-end=\"1962\">Kh\u1edfi t\u1ea1o<\/td>\n<td data-col-size=\"md\" data-start=\"1962\" data-end=\"2007\">M\u00e3 h\u00f3a EPC c\u00f3 s\u1eb5n<\/td>\n<\/tr>\n<tr data-start=\"2008\" data-end=\"2093\">\n<td data-start=\"2008\" data-end=\"2026\" data-col-size=\"sm\">M\u00f4i tr\u01b0\u1eddng<\/td>\n<td data-start=\"2026\" data-end=\"2049\" data-col-size=\"sm\">Ho\u1ea1t \u0111\u1ed9ng<\/td>\n<td data-col-size=\"md\" data-start=\"2049\" data-end=\"2093\">0\u201360 \u2103; 20\u201380% RH<\/td>\n<\/tr>\n<tr data-start=\"2094\" data-end=\"2180\">\n<td data-start=\"2094\" data-end=\"2112\" data-col-size=\"sm\"><\/td>\n<td data-start=\"2112\" data-end=\"2135\" data-col-size=\"sm\">Kho<\/td>\n<td data-col-size=\"md\" data-start=\"2135\" data-end=\"2180\">20\u201330 \u2103; 20\u201360% RH<\/td>\n<\/tr>\n<tr data-start=\"2181\" data-end=\"2266\">\n<td data-start=\"2181\" data-end=\"2199\" data-col-size=\"sm\">Nh\u1eefng l\u1ee3i \u00edch<\/td>\n<td data-col-size=\"sm\" data-start=\"2199\" data-end=\"2222\">\u0110i\u1ec3m n\u1ed5i b\u1eadt<\/td>\n<td data-col-size=\"md\" data-start=\"2222\" data-end=\"2266\">\u0110\u1ecdc nhanh; \u0111\u1ecdc nhi\u1ec1u; truy xu\u1ea5t ngu\u1ed3n g\u1ed1c<\/td>\n<\/tr>\n<tr data-start=\"2267\" data-end=\"2352\">\n<td data-start=\"2267\" data-end=\"2285\" data-col-size=\"sm\">C\u00e1c tr\u01b0\u1eddng h\u1ee3p s\u1eed d\u1ee5ng<\/td>\n<td data-col-size=\"sm\" data-start=\"2285\" data-end=\"2308\">\u1ee8ng d\u1ee5ng \u0111i\u1ec3n h\u00ecnh<\/td>\n<td data-col-size=\"md\" data-start=\"2308\" data-end=\"2352\">Th\u1eddi gian \u0111ua, g\u1eafn th\u1ebb s\u1ed1 b\u00e1o danh\/gi\u00e0y, t\u00e0i s\u1ea3n<\/td>\n<\/tr>\n<\/tbody>\n<\/table>\n<\/div>\n<\/div>","protected":false},"excerpt":{"rendered":"<p>Mi\u1ebfng d\u00e1n \u01b0\u1edbt Dogbone UHF EPC Gen2 d\u00f9ng \u0111\u1ec3 \u0111o th\u1eddi gian marathon\u2014nh\u00e3n PET 97 \u00d7 27 mm v\u1edbi \u0103ng-ten dogbone 94 \u00d7 24 mm, chip U8, s\u1eb5n s\u00e0ng in\/m\u00e3 h\u00f3a \u0111\u1ec3 c\u00f3 hi\u1ec7u su\u1ea5t \u0111\u1ecdc nhi\u1ec1u nhanh.<\/p>","protected":false},"featured_media":918,"template":"","meta":{"_gspb_post_css":""},"product_brand":[],"product_cat":[31],"product_tag":[],"class_list":{"0":"post-917","1":"product","2":"type-product","3":"status-publish","4":"has-post-thumbnail","6":"product_cat-rfid-sticker-labels","8":"first","9":"instock","10":"shipping-taxable","11":"purchasable","12":"product-type-simple"},"_links":{"self":[{"href":"https:\/\/www.cxjsmartcard.com\/vi\/wp-json\/wp\/v2\/product\/917","targetHints":{"allow":["GET"]}}],"collection":[{"href":"https:\/\/www.cxjsmartcard.com\/vi\/wp-json\/wp\/v2\/product"}],"about":[{"href":"https:\/\/www.cxjsmartcard.com\/vi\/wp-json\/wp\/v2\/types\/product"}],"wp:featuredmedia":[{"embeddable":true,"href":"https:\/\/www.cxjsmartcard.com\/vi\/wp-json\/wp\/v2\/media\/918"}],"wp:attachment":[{"href":"https:\/\/www.cxjsmartcard.com\/vi\/wp-json\/wp\/v2\/media?parent=917"}],"wp:term":[{"taxonomy":"product_brand","embeddable":true,"href":"https:\/\/www.cxjsmartcard.com\/vi\/wp-json\/wp\/v2\/product_brand?post=917"},{"taxonomy":"product_cat","embeddable":true,"href":"https:\/\/www.cxjsmartcard.com\/vi\/wp-json\/wp\/v2\/product_cat?post=917"},{"taxonomy":"product_tag","embeddable":true,"href":"https:\/\/www.cxjsmartcard.com\/vi\/wp-json\/wp\/v2\/product_tag?post=917"}],"curies":[{"name":"trang web","href":"https:\/\/api.w.org\/{rel}","templated":true}]}}