{"id":913,"date":"2025-11-03T09:13:58","date_gmt":"2025-11-03T09:13:58","guid":{"rendered":"https:\/\/www.cxjsmartcard.com\/?post_type=product&#038;p=913"},"modified":"2025-12-29T01:27:07","modified_gmt":"2025-12-29T01:27:07","slug":"dogbone-m830-rfid-foam-tags-for-marathon-timing","status":"publish","type":"product","link":"https:\/\/www.cxjsmartcard.com\/vi\/dogbone-m830-rfid-foam-tags-for-marathon-timing\/","title":{"rendered":"Th\u1ebb RFID DogBone M830 d\u00f9ng \u0111\u1ec3 t\u00ednh gi\u1edd ch\u1ea1y marathon"},"content":{"rendered":"<p data-start=\"59\" data-end=\"320\">Th\u1ebb \u0111o th\u1eddi gian b\u1eb1ng x\u1ed1p UHF EPC Gen2 s\u1eed d\u1ee5ng chip DogBone M830 cho ph\u00e9p \u0111\u1ecdc nhanh v\u00e0 ch\u00ednh x\u00e1c t\u1ea1i c\u00e1c \u0111i\u1ec3m ki\u1ec3m tra c\u1ee7a cu\u1ed9c \u0111ua. Mi\u1ebfng \u0111\u1ec7m x\u1ed1p c\u1ea3i thi\u1ec7n hi\u1ec7u su\u1ea5t tr\u00ean c\u01a1 th\u1ec3 ng\u01b0\u1eddi, cho ph\u00e9p \u0111o th\u1eddi gian nhi\u1ec1u l\u1ea7n \u0111\u00e1ng tin c\u1eady tr\u00ean th\u1ebb bib ho\u1eb7c th\u1ebb gi\u00e0y trong \u0111i\u1ec1u ki\u1ec7n ngo\u00e0i tr\u1eddi kh\u1eafc nghi\u1ec7t.<\/p>\n<p data-start=\"322\" data-end=\"340\"><strong data-start=\"322\" data-end=\"338\">C\u00e1c t\u00ednh n\u0103ng ch\u00ednh<\/strong><\/p>\n<ul data-start=\"341\" data-end=\"655\">\n<li data-start=\"341\" data-end=\"403\">\n<p data-start=\"343\" data-end=\"403\">L\u1edbp ph\u1ee7 M830 UHF, EPCglobal Class 1 Gen 2 \/ ISO\/IEC 18000-6C<\/p>\n<\/li>\n<li data-start=\"404\" data-end=\"451\">\n<p data-start=\"406\" data-end=\"451\">TID 48 bit, EPC 128 bit (B\u1ed9 nh\u1edb ng\u01b0\u1eddi d\u00f9ng 0 bit)<\/p>\n<\/li>\n<li data-start=\"452\" data-end=\"515\">\n<p data-start=\"454\" data-end=\"515\">B\u1ed1 c\u1ee5c \u0103ng-ten x\u01b0\u01a1ng ch\u00f3 \u0111\u01b0\u1ee3c t\u1ed1i \u01b0u h\u00f3a cho t\u1ed1c \u0111\u1ed9 v\u00e0 \u0111\u1ed9 nh\u1ea1y<\/p>\n<\/li>\n<li data-start=\"516\" data-end=\"591\">\n<p data-start=\"518\" data-end=\"591\">V\u1eadt li\u1ec7u m\u1eb7t in s\u1eb5n c\u00f3 v\u1edbi t\u00f9y ch\u1ecdn in chuy\u1ec3n nhi\u1ec7t ho\u1eb7c in l\u1ee5a<\/p>\n<\/li>\n<li data-start=\"592\" data-end=\"655\">\n<p data-start=\"594\" data-end=\"655\">Hi\u1ec7u su\u1ea5t \u0111\u1ecdc \u0111a d\u1ea1ng nh\u1ea5t qu\u00e1n cho th\u1eddi gian tham gia h\u00e0ng lo\u1ea1t<\/p>\n<\/li>\n<\/ul>\n<p data-start=\"657\" data-end=\"818\"><strong data-start=\"657\" data-end=\"673\">\u1ee8ng d\u1ee5ng<\/strong><br data-start=\"673\" data-end=\"676\" \/>T\u00ednh th\u1eddi gian ch\u1ea1y marathon v\u00e0 ch\u1ea1y \u0111\u01b0\u1eddng tr\u01b0\u1eddng \u2022 S\u1ef1 ki\u1ec7n ba m\u00f4n ph\u1ed1i h\u1ee3p v\u00e0 \u0111\u1ea1p xe \u2022 Ki\u1ec3m tra s\u1ed1 l\u01b0\u1ee3ng ng\u01b0\u1eddi tham gia v\u00e0 t\u00ednh th\u1eddi gian ch\u1ea1y m\u1ed9t v\u00f2ng \u2022 Nh\u00e3n t\u00e0i s\u1ea3n cho m\u00f4i tr\u01b0\u1eddng kh\u1eafc nghi\u1ec7t.<\/p>\n<p data-start=\"820\" data-end=\"938\"><strong data-start=\"820\" data-end=\"843\">In \u1ea5n &amp; M\u00e3 h\u00f3a<\/strong><br data-start=\"843\" data-end=\"846\" \/>H\u1ed7 tr\u1ee3 \u0111\u00e1nh s\u1ed1 th\u1ebb \u0111eo, logo s\u1ef1 ki\u1ec7n, m\u00e3 v\u1ea1ch\/QR v\u00e0 m\u00e3 h\u00f3a tr\u01b0\u1edbc EPC \u0111\u1ec3 tri\u1ec3n khai h\u00e0ng lo\u1ea1t.<\/p>\n<p data-start=\"940\" data-end=\"1015\"><strong data-start=\"940\" data-end=\"964\">\u0110i\u1ec1u ki\u1ec7n ho\u1ea1t \u0111\u1ed9ng<\/strong><br data-start=\"964\" data-end=\"967\" \/>0\u201360 \u2103 \/ 20\u201380% RH; b\u1ea3o qu\u1ea3n 20\u201330 \u2103 \/ 20\u201360% RH.<\/p>\n<h2 data-start=\"1017\" data-end=\"1042\">B\u1ea3ng (Th\u00f4ng s\u1ed1 k\u1ef9 thu\u1eadt)<\/h2>\n<div class=\"_tableContainer_1rjym_1\">\n<div class=\"group _tableWrapper_1rjym_13 flex w-fit flex-col-reverse\" tabindex=\"-1\">\n<table class=\"w-fit min-w-(--thread-content-width)\" data-start=\"1044\" data-end=\"2297\">\n<thead data-start=\"1044\" data-end=\"1132\">\n<tr data-start=\"1044\" data-end=\"1132\">\n<th data-start=\"1044\" data-end=\"1062\" data-col-size=\"sm\">Lo\u1ea1i<\/th>\n<th data-start=\"1062\" data-end=\"1085\" data-col-size=\"sm\">Tham s\u1ed1<\/th>\n<th data-start=\"1085\" data-end=\"1132\" data-col-size=\"md\">Gi\u00e1 tr\u1ecb<\/th>\n<\/tr>\n<\/thead>\n<tbody data-start=\"1222\" data-end=\"2297\">\n<tr data-start=\"1222\" data-end=\"1310\">\n<td data-start=\"1222\" data-end=\"1240\" data-col-size=\"sm\">S\u1ea3n ph\u1ea9m<\/td>\n<td data-col-size=\"sm\" data-start=\"1240\" data-end=\"1263\">T\u00ean<\/td>\n<td data-col-size=\"md\" data-start=\"1263\" data-end=\"1310\">Th\u1ebb x\u1ed1p RFID DogBone M830<\/td>\n<\/tr>\n<tr data-start=\"1311\" data-end=\"1399\">\n<td data-start=\"1311\" data-end=\"1329\" data-col-size=\"sm\">IC<\/td>\n<td data-col-size=\"sm\" data-start=\"1329\" data-end=\"1352\">Chip<\/td>\n<td data-col-size=\"md\" data-start=\"1352\" data-end=\"1399\">M830<\/td>\n<\/tr>\n<tr data-start=\"1400\" data-end=\"1488\">\n<td data-start=\"1400\" data-end=\"1418\" data-col-size=\"sm\">T\u1ea7n s\u1ed1 v\u00f4 tuy\u1ebfn<\/td>\n<td data-col-size=\"sm\" data-start=\"1418\" data-end=\"1441\">Giao th\u1ee9c<\/td>\n<td data-col-size=\"md\" data-start=\"1441\" data-end=\"1488\">ISO\/IEC 18000-6C, EPCglobal L\u1edbp 1 Th\u1ebf h\u1ec7 2<\/td>\n<\/tr>\n<tr data-start=\"1489\" data-end=\"1577\">\n<td data-start=\"1489\" data-end=\"1507\" data-col-size=\"sm\">K\u00fd \u1ee9c<\/td>\n<td data-col-size=\"sm\" data-start=\"1507\" data-end=\"1530\">TID \/ EPC \/ Ng\u01b0\u1eddi d\u00f9ng<\/td>\n<td data-col-size=\"md\" data-start=\"1530\" data-end=\"1577\">48 bit \/ 128 bit \/ 0 bit<\/td>\n<\/tr>\n<tr data-start=\"1578\" data-end=\"1667\">\n<td data-start=\"1578\" data-end=\"1596\" data-col-size=\"sm\">Nh\u00e3n<\/td>\n<td data-col-size=\"sm\" data-start=\"1596\" data-end=\"1619\">K\u00edch c\u1ee1<\/td>\n<td data-col-size=\"md\" data-start=\"1619\" data-end=\"1667\">97 \u00d7 27 mm<\/td>\n<\/tr>\n<tr data-start=\"1668\" data-end=\"1757\">\n<td data-start=\"1668\" data-end=\"1686\" data-col-size=\"sm\">\u0102ng-ten<\/td>\n<td data-col-size=\"sm\" data-start=\"1686\" data-end=\"1709\">K\u00edch th\u01b0\u1edbc \/ H\u00ecnh d\u1ea1ng<\/td>\n<td data-col-size=\"md\" data-start=\"1709\" data-end=\"1757\">94 \u00d7 24 mm, x\u01b0\u01a1ng ch\u00f3<\/td>\n<\/tr>\n<tr data-start=\"1758\" data-end=\"1847\">\n<td data-start=\"1758\" data-end=\"1776\" data-col-size=\"sm\">Khu\u00f4n m\u1eb7t<\/td>\n<td data-start=\"1776\" data-end=\"1799\" data-col-size=\"sm\">Nguy\u00ean v\u1eadt li\u1ec7u<\/td>\n<td data-col-size=\"md\" data-start=\"1799\" data-end=\"1847\">Gi\u1ea5y m\u1ef9 thu\u1eadt, gi\u1ea5y t\u1ed5ng h\u1ee3p PET, PP<\/td>\n<\/tr>\n<tr data-start=\"1848\" data-end=\"1937\">\n<td data-start=\"1848\" data-end=\"1866\" data-col-size=\"sm\">In \u1ea5n<\/td>\n<td data-col-size=\"sm\" data-start=\"1866\" data-end=\"1889\">Ph\u01b0\u01a1ng ph\u00e1p<\/td>\n<td data-col-size=\"md\" data-start=\"1889\" data-end=\"1937\">Chuy\u1ec3n nhi\u1ec7t; in l\u1ee5a; t\u00f9y ch\u1ec9nh<\/td>\n<\/tr>\n<tr data-start=\"1938\" data-end=\"2027\">\n<td data-start=\"1938\" data-end=\"1956\" data-col-size=\"sm\">Hi\u1ec7u su\u1ea5t<\/td>\n<td data-start=\"1956\" data-end=\"1979\" data-col-size=\"sm\">L\u1ee3i \u00edch ch\u00ednh<\/td>\n<td data-col-size=\"md\" data-start=\"1979\" data-end=\"2027\">\u0110\u1ecdc nhanh; \u0111\u1ecdc nhi\u1ec1u; truy xu\u1ea5t ngu\u1ed3n g\u1ed1c<\/td>\n<\/tr>\n<tr data-start=\"2028\" data-end=\"2117\">\n<td data-start=\"2028\" data-end=\"2046\" data-col-size=\"sm\">M\u00f4i tr\u01b0\u1eddng<\/td>\n<td data-start=\"2046\" data-end=\"2069\" data-col-size=\"sm\">Ho\u1ea1t \u0111\u1ed9ng<\/td>\n<td data-start=\"2069\" data-end=\"2117\" data-col-size=\"md\">0\u201360 \u2103 \/ 20\u201380% RH<\/td>\n<\/tr>\n<tr data-start=\"2118\" data-end=\"2207\">\n<td data-start=\"2118\" data-end=\"2136\" data-col-size=\"sm\"><\/td>\n<td data-col-size=\"sm\" data-start=\"2136\" data-end=\"2159\">Kho<\/td>\n<td data-col-size=\"md\" data-start=\"2159\" data-end=\"2207\">20\u201330 \u2103 \/ 20\u201360% RH<\/td>\n<\/tr>\n<tr data-start=\"2208\" data-end=\"2297\">\n<td data-start=\"2208\" data-end=\"2226\" data-col-size=\"sm\">C\u00e1c tr\u01b0\u1eddng h\u1ee3p s\u1eed d\u1ee5ng<\/td>\n<td data-col-size=\"sm\" data-start=\"2226\" data-end=\"2249\">\u1ee8ng d\u1ee5ng \u0111i\u1ec3n h\u00ecnh<\/td>\n<td data-col-size=\"md\" data-start=\"2249\" data-end=\"2297\">Th\u1eddi gian ch\u1ea1y marathon; nh\u00e3n m\u00f4i tr\u01b0\u1eddng kh\u1eafc nghi\u1ec7t<\/td>\n<\/tr>\n<\/tbody>\n<\/table>\n<\/div>\n<\/div>","protected":false},"excerpt":{"rendered":"<p>Th\u1ebb t\u00ednh gi\u1edd b\u1eb1ng x\u1ed1p UHF DogBone M830\u2014nh\u00e3n 97\u00d727 mm v\u1edbi TID 48 bit v\u00e0 EPC 128 bit \u0111\u1ec3 t\u00ednh th\u1eddi gian \u0111ua nhanh ch\u00f3ng nhi\u1ec1u l\u1ea7n; m\u1eb7t c\u00f3 th\u1ec3 in v\u00e0 hi\u1ec7u su\u1ea5t nh\u1ea5t qu\u00e1n tr\u00ean th\u00e2n.<\/p>","protected":false},"featured_media":914,"template":"","meta":{"_gspb_post_css":""},"product_brand":[],"product_cat":[31],"product_tag":[],"class_list":{"0":"post-913","1":"product","2":"type-product","3":"status-publish","4":"has-post-thumbnail","6":"product_cat-rfid-sticker-labels","8":"first","9":"instock","10":"shipping-taxable","11":"purchasable","12":"product-type-simple"},"_links":{"self":[{"href":"https:\/\/www.cxjsmartcard.com\/vi\/wp-json\/wp\/v2\/product\/913","targetHints":{"allow":["GET"]}}],"collection":[{"href":"https:\/\/www.cxjsmartcard.com\/vi\/wp-json\/wp\/v2\/product"}],"about":[{"href":"https:\/\/www.cxjsmartcard.com\/vi\/wp-json\/wp\/v2\/types\/product"}],"wp:featuredmedia":[{"embeddable":true,"href":"https:\/\/www.cxjsmartcard.com\/vi\/wp-json\/wp\/v2\/media\/914"}],"wp:attachment":[{"href":"https:\/\/www.cxjsmartcard.com\/vi\/wp-json\/wp\/v2\/media?parent=913"}],"wp:term":[{"taxonomy":"product_brand","embeddable":true,"href":"https:\/\/www.cxjsmartcard.com\/vi\/wp-json\/wp\/v2\/product_brand?post=913"},{"taxonomy":"product_cat","embeddable":true,"href":"https:\/\/www.cxjsmartcard.com\/vi\/wp-json\/wp\/v2\/product_cat?post=913"},{"taxonomy":"product_tag","embeddable":true,"href":"https:\/\/www.cxjsmartcard.com\/vi\/wp-json\/wp\/v2\/product_tag?post=913"}],"curies":[{"name":"trang web","href":"https:\/\/api.w.org\/{rel}","templated":true}]}}