{"id":906,"date":"2025-11-03T09:11:46","date_gmt":"2025-11-03T09:11:46","guid":{"rendered":"https:\/\/www.cxjsmartcard.com\/?post_type=product&#038;p=906"},"modified":"2025-12-29T01:27:07","modified_gmt":"2025-12-29T01:27:07","slug":"arc-certified-m730-uhf-rfid-clothing-hang-tag","status":"publish","type":"product","link":"https:\/\/www.cxjsmartcard.com\/vi\/arc-certified-m730-uhf-rfid-clothing-hang-tag\/","title":{"rendered":"Th\u1ebb treo qu\u1ea7n \u00e1o UHF RFID M730 \u0111\u01b0\u1ee3c ch\u1ee9ng nh\u1eadn ARC"},"content":{"rendered":"<p data-start=\"57\" data-end=\"327\">Th\u1ebb treo UHF \u0111\u1ea1t ch\u1ee9ng nh\u1eadn ARC \u0111\u01b0\u1ee3c t\u00edch h\u1ee3p chip M730 cho kh\u1ea3 n\u0103ng theo d\u00f5i trang ph\u1ee5c nhanh ch\u00f3ng v\u00e0 ch\u00ednh x\u00e1c. \u0110\u01b0\u1ee3c thi\u1ebft k\u1ebf cho c\u00e1c ho\u1ea1t \u0111\u1ed9ng b\u00e1n l\u1ebb kh\u1ed1i l\u01b0\u1ee3ng l\u1edbn, th\u1ebb treo UHF cho ph\u00e9p qu\u00e9t nhanh nhi\u1ec1u l\u1ea7n, c\u1ea3i thi\u1ec7n \u0111\u1ed9 ch\u00ednh x\u00e1c c\u1ee7a h\u00e0ng t\u1ed3n kho v\u00e0 t\u0103ng c\u01b0\u1eddng b\u1ea3o v\u1ec7 th\u01b0\u01a1ng hi\u1ec7u tr\u00ean to\u00e0n b\u1ed9 chu\u1ed7i cung \u1ee9ng.<\/p>\n<p data-start=\"329\" data-end=\"347\"><strong data-start=\"329\" data-end=\"345\">C\u00e1c t\u00ednh n\u0103ng ch\u00ednh<\/strong><\/p>\n<ul data-start=\"348\" data-end=\"673\">\n<li data-start=\"348\" data-end=\"403\">\n<p data-start=\"350\" data-end=\"403\">EPC Gen2 (ISO\/IEC 18000-6C) v\u1edbi b\u1ed9 nh\u1edb EPC 128-bit<\/p>\n<\/li>\n<li data-start=\"404\" data-end=\"455\">\n<p data-start=\"406\" data-end=\"455\">Ch\u1ee9ng nh\u1eadn ARC v\u1ec1 tu\u00e2n th\u1ee7 ch\u01b0\u01a1ng tr\u00ecnh b\u00e1n l\u1ebb<\/p>\n<\/li>\n<li data-start=\"456\" data-end=\"521\">\n<p data-start=\"458\" data-end=\"521\">Hi\u1ec7u su\u1ea5t \u0111\u1ecdc nhi\u1ec1u m\u00e3 v\u1ea1ch nhanh ch\u00f3ng, \u0111\u00e1ng tin c\u1eady tr\u00ean gi\u00e1 \u0111\u1ee1 v\u00e0 trong h\u1ed9p carton<\/p>\n<\/li>\n<li data-start=\"522\" data-end=\"584\">\n<p data-start=\"524\" data-end=\"584\">V\u1eadt li\u1ec7u m\u1eb7t, k\u00edch th\u01b0\u1edbc, in \u1ea5n v\u00e0 m\u00e3 h\u00f3a c\u00f3 th\u1ec3 t\u00f9y ch\u1ec9nh<\/p>\n<\/li>\n<li data-start=\"585\" data-end=\"673\">\n<p data-start=\"587\" data-end=\"673\">Kh\u1ea3 n\u0103ng truy xu\u1ea5t ngu\u1ed3n g\u1ed1c t\u1eeb nh\u00e0 m\u00e1y \u0111\u1ebfn c\u1eeda h\u00e0ng; h\u1ed7 tr\u1ee3 in chuy\u1ec3n nhi\u1ec7t v\u00e0 in l\u1ee5a<\/p>\n<\/li>\n<\/ul>\n<p data-start=\"675\" data-end=\"816\"><strong data-start=\"675\" data-end=\"691\">\u1ee8ng d\u1ee5ng<\/strong><br data-start=\"691\" data-end=\"694\" \/>Qu\u1ea3n l\u00fd h\u00e0ng t\u1ed3n kho qu\u1ea7n \u00e1o v\u00e0 gi\u00e0y d\u00e9p \u2022 Theo d\u00f5i chu\u1ed7i cung \u1ee9ng qu\u1ea7n \u00e1o \u2022 Ho\u1ea1t \u0111\u1ed9ng b\u00e1n l\u1ebb h\u00e0ng may m\u1eb7c v\u00e0 b\u1ea3o v\u1ec7 th\u01b0\u01a1ng hi\u1ec7u.<\/p>\n<h2 data-start=\"818\" data-end=\"843\">B\u1ea3ng (Th\u00f4ng s\u1ed1 k\u1ef9 thu\u1eadt)<\/h2>\n<div class=\"_tableContainer_1rjym_1\">\n<div class=\"group _tableWrapper_1rjym_13 flex w-fit flex-col-reverse\" tabindex=\"-1\">\n<table class=\"w-fit min-w-(--thread-content-width)\" data-start=\"845\" data-end=\"2509\">\n<thead data-start=\"845\" data-end=\"955\">\n<tr data-start=\"845\" data-end=\"955\">\n<th data-start=\"845\" data-end=\"863\" data-col-size=\"sm\">Lo\u1ea1i<\/th>\n<th data-start=\"863\" data-end=\"894\" data-col-size=\"sm\">Tham s\u1ed1<\/th>\n<th data-start=\"894\" data-end=\"955\" data-col-size=\"md\">Gi\u00e1 tr\u1ecb<\/th>\n<\/tr>\n<\/thead>\n<tbody data-start=\"1067\" data-end=\"2509\">\n<tr data-start=\"1067\" data-end=\"1177\">\n<td data-start=\"1067\" data-end=\"1085\" data-col-size=\"sm\">S\u1ea3n ph\u1ea9m<\/td>\n<td data-col-size=\"sm\" data-start=\"1085\" data-end=\"1116\">T\u00ean<\/td>\n<td data-col-size=\"md\" data-start=\"1116\" data-end=\"1177\">Th\u1ebb treo RFID \u0111\u1ec3 theo d\u00f5i qu\u1ea7n \u00e1o<\/td>\n<\/tr>\n<tr data-start=\"1178\" data-end=\"1288\">\n<td data-start=\"1178\" data-end=\"1196\" data-col-size=\"sm\">IC<\/td>\n<td data-col-size=\"sm\" data-start=\"1196\" data-end=\"1227\">Chip<\/td>\n<td data-col-size=\"md\" data-start=\"1227\" data-end=\"1288\">M730<\/td>\n<\/tr>\n<tr data-start=\"1289\" data-end=\"1399\">\n<td data-start=\"1289\" data-end=\"1307\" data-col-size=\"sm\">T\u1ea7n s\u1ed1 v\u00f4 tuy\u1ebfn<\/td>\n<td data-start=\"1307\" data-end=\"1338\" data-col-size=\"sm\">Giao th\u1ee9c<\/td>\n<td data-col-size=\"md\" data-start=\"1338\" data-end=\"1399\">ISO\/IEC 18000-6C, EPCglobal L\u1edbp 1 Th\u1ebf h\u1ec7 2<\/td>\n<\/tr>\n<tr data-start=\"1400\" data-end=\"1510\">\n<td data-start=\"1400\" data-end=\"1418\" data-col-size=\"sm\">K\u00fd \u1ee9c<\/td>\n<td data-col-size=\"sm\" data-start=\"1418\" data-end=\"1449\">EPC \/ Ng\u01b0\u1eddi d\u00f9ng<\/td>\n<td data-col-size=\"md\" data-start=\"1449\" data-end=\"1510\">128 bit \/ 0 bit<\/td>\n<\/tr>\n<tr data-start=\"1511\" data-end=\"1621\">\n<td data-start=\"1511\" data-end=\"1529\" data-col-size=\"sm\">K\u00edch th\u01b0\u1edbc<\/td>\n<td data-start=\"1529\" data-end=\"1560\" data-col-size=\"sm\">K\u00edch th\u01b0\u1edbc nh\u00e3n<\/td>\n<td data-start=\"1560\" data-end=\"1621\" data-col-size=\"md\">83 \u00d7 25 mm<\/td>\n<\/tr>\n<tr data-start=\"1622\" data-end=\"1732\">\n<td data-start=\"1622\" data-end=\"1640\" data-col-size=\"sm\">\u0102ng-ten<\/td>\n<td data-col-size=\"sm\" data-start=\"1640\" data-end=\"1671\">T\u00f9y ch\u1ecdn k\u00edch th\u01b0\u1edbc<\/td>\n<td data-col-size=\"md\" data-start=\"1671\" data-end=\"1732\">70 \u00d7 14 mm; 70 \u00d7 10 mm; 50 \u00d7 30 mm<\/td>\n<\/tr>\n<tr data-start=\"1733\" data-end=\"1843\">\n<td data-start=\"1733\" data-end=\"1751\" data-col-size=\"sm\">Nguy\u00ean v\u1eadt li\u1ec7u<\/td>\n<td data-start=\"1751\" data-end=\"1782\" data-col-size=\"sm\">V\u1eadt li\u1ec7u m\u1eb7t<\/td>\n<td data-col-size=\"md\" data-start=\"1782\" data-end=\"1843\">Gi\u1ea5y m\u1ef9 thu\u1eadt, gi\u1ea5y PET, gi\u1ea5y t\u1ed5ng h\u1ee3p PP ho\u1eb7c t\u00f9y ch\u1ec9nh<\/td>\n<\/tr>\n<tr data-start=\"1844\" data-end=\"1954\">\n<td data-start=\"1844\" data-end=\"1862\" data-col-size=\"sm\">M\u00f4i tr\u01b0\u1eddng<\/td>\n<td data-col-size=\"sm\" data-start=\"1862\" data-end=\"1893\">Nhi\u1ec7t \u0111\u1ed9 \/ \u0110\u1ed9 \u1ea9m ho\u1ea1t \u0111\u1ed9ng<\/td>\n<td data-col-size=\"md\" data-start=\"1893\" data-end=\"1954\">0 \u2103 ~ 60 \u2103 \/ 20% ~ 80% RH<\/td>\n<\/tr>\n<tr data-start=\"1955\" data-end=\"2065\">\n<td data-start=\"1955\" data-end=\"1973\" data-col-size=\"sm\"><\/td>\n<td data-start=\"1973\" data-end=\"2004\" data-col-size=\"sm\">Nhi\u1ec7t \u0111\u1ed9 \/ \u0110\u1ed9 \u1ea9m l\u01b0u tr\u1eef<\/td>\n<td data-col-size=\"md\" data-start=\"2004\" data-end=\"2065\">20 \u2103 ~ 30 \u2103 \/ 20% ~ 60% RH<\/td>\n<\/tr>\n<tr data-start=\"2066\" data-end=\"2176\">\n<td data-start=\"2066\" data-end=\"2084\" data-col-size=\"sm\">In \u1ea5n<\/td>\n<td data-col-size=\"sm\" data-start=\"2084\" data-end=\"2115\">Ph\u01b0\u01a1ng ph\u00e1p<\/td>\n<td data-col-size=\"md\" data-start=\"2115\" data-end=\"2176\">Chuy\u1ec3n nhi\u1ec7t, in l\u1ee5a<\/td>\n<\/tr>\n<tr data-start=\"2177\" data-end=\"2287\">\n<td data-start=\"2177\" data-end=\"2195\" data-col-size=\"sm\">C\u00e1 nh\u00e2n h\u00f3a<\/td>\n<td data-start=\"2195\" data-end=\"2226\" data-col-size=\"sm\">T\u00f9y ch\u1ec9nh<\/td>\n<td data-col-size=\"md\" data-start=\"2226\" data-end=\"2287\">K\u00edch th\u01b0\u1edbc nh\u00e3n, in \u1ea5n (logo\/v\u0103n b\u1ea3n\/\u0111\u1ed3 h\u1ecda), m\u00e3 h\u00f3a EPC<\/td>\n<\/tr>\n<tr data-start=\"2288\" data-end=\"2398\">\n<td data-start=\"2288\" data-end=\"2306\" data-col-size=\"sm\">Nh\u1eefng l\u1ee3i \u00edch<\/td>\n<td data-col-size=\"sm\" data-start=\"2306\" data-end=\"2337\">\u0110i\u1ec3m n\u1ed5i b\u1eadt<\/td>\n<td data-col-size=\"md\" data-start=\"2337\" data-end=\"2398\">\u0110\u1ecdc nhanh, \u0111\u1ecdc nhi\u1ec1u, truy xu\u1ea5t ngu\u1ed3n g\u1ed1c trang ph\u1ee5c<\/td>\n<\/tr>\n<tr data-start=\"2399\" data-end=\"2509\">\n<td data-start=\"2399\" data-end=\"2417\" data-col-size=\"sm\">C\u00e1c tr\u01b0\u1eddng h\u1ee3p s\u1eed d\u1ee5ng<\/td>\n<td data-col-size=\"sm\" data-start=\"2417\" data-end=\"2448\">\u1ee8ng d\u1ee5ng \u0111i\u1ec3n h\u00ecnh<\/td>\n<td data-col-size=\"md\" data-start=\"2448\" data-end=\"2509\">H\u00e0ng t\u1ed3n kho qu\u1ea7n \u00e1o &amp; gi\u00e0y d\u00e9p, chu\u1ed7i cung \u1ee9ng, b\u00e1n l\u1ebb<\/td>\n<\/tr>\n<\/tbody>\n<\/table>\n<\/div>\n<\/div>","protected":false},"excerpt":{"rendered":"<p>Th\u1ebb treo RFID M730 UHF \u0111\u01b0\u1ee3c ch\u1ee9ng nh\u1eadn ARC d\u00e0nh cho qu\u1ea7n \u00e1o\u2014EPC Gen2 v\u1edbi EPC 128-bit, hi\u1ec7u su\u1ea5t \u0111\u1ecdc nhi\u1ec1u l\u1ea7n nhanh v\u00e0 c\u00f3 th\u1ec3 t\u00f9y ch\u1ec9nh v\u1eadt li\u1ec7u, k\u00edch th\u01b0\u1edbc, in \u1ea5n v\u00e0 m\u00e3 h\u00f3a.<\/p>","protected":false},"featured_media":908,"template":"","meta":{"_gspb_post_css":""},"product_brand":[],"product_cat":[31],"product_tag":[],"class_list":{"0":"post-906","1":"product","2":"type-product","3":"status-publish","4":"has-post-thumbnail","6":"product_cat-rfid-sticker-labels","8":"first","9":"instock","10":"shipping-taxable","11":"purchasable","12":"product-type-simple"},"_links":{"self":[{"href":"https:\/\/www.cxjsmartcard.com\/vi\/wp-json\/wp\/v2\/product\/906","targetHints":{"allow":["GET"]}}],"collection":[{"href":"https:\/\/www.cxjsmartcard.com\/vi\/wp-json\/wp\/v2\/product"}],"about":[{"href":"https:\/\/www.cxjsmartcard.com\/vi\/wp-json\/wp\/v2\/types\/product"}],"wp:featuredmedia":[{"embeddable":true,"href":"https:\/\/www.cxjsmartcard.com\/vi\/wp-json\/wp\/v2\/media\/908"}],"wp:attachment":[{"href":"https:\/\/www.cxjsmartcard.com\/vi\/wp-json\/wp\/v2\/media?parent=906"}],"wp:term":[{"taxonomy":"product_brand","embeddable":true,"href":"https:\/\/www.cxjsmartcard.com\/vi\/wp-json\/wp\/v2\/product_brand?post=906"},{"taxonomy":"product_cat","embeddable":true,"href":"https:\/\/www.cxjsmartcard.com\/vi\/wp-json\/wp\/v2\/product_cat?post=906"},{"taxonomy":"product_tag","embeddable":true,"href":"https:\/\/www.cxjsmartcard.com\/vi\/wp-json\/wp\/v2\/product_tag?post=906"}],"curies":[{"name":"trang web","href":"https:\/\/api.w.org\/{rel}","templated":true}]}}