{"id":901,"date":"2025-11-03T09:07:10","date_gmt":"2025-11-03T09:07:10","guid":{"rendered":"https:\/\/www.cxjsmartcard.com\/?post_type=product&#038;p=901"},"modified":"2025-12-29T01:27:08","modified_gmt":"2025-12-29T01:27:08","slug":"866-868mhz-u8-rfid-anti-metal-label-etsi","status":"publish","type":"product","link":"https:\/\/www.cxjsmartcard.com\/vi\/866-868mhz-u8-rfid-anti-metal-label-etsi\/","title":{"rendered":"Nh\u00e3n ch\u1ed1ng kim lo\u1ea1i RFID U8 866\u2013868MHz (ETSI)"},"content":{"rendered":"<p data-start=\"54\" data-end=\"340\">Nh\u00e3n ch\u1ed1ng kim lo\u1ea1i UHF m\u1ecfng, linh ho\u1ea1t, \u0111\u01b0\u1ee3c tinh ch\u1ec9nh cho b\u0103ng t\u1ea7n ETSI (866\u2013868 MHz). \u0110\u01b0\u1ee3c x\u00e2y d\u1ef1ng tr\u00ean n\u1ec1n t\u1ea3ng NXP\u00ae UCODE 8\/9 v\u1edbi b\u1ec1 m\u1eb7t PET v\u00e0 l\u1edbp c\u00e1ch \u0111i\u1ec7n t\u00edch h\u1ee3p tr\u00ean kim lo\u1ea1i, nh\u00e3n n\u00e0y mang l\u1ea1i kh\u1ea3 n\u0103ng \u0111\u1ecdc nhanh ch\u00f3ng, \u0111\u00e1ng tin c\u1eady tr\u00ean c\u00e1c t\u00e0i s\u1ea3n th\u00e9p, \u0111\u1ed3ng th\u1eddi v\u1eabn c\u00f3 th\u1ec3 in v\u00e0 d\u1ec5 d\u00e0ng m\u00e3 h\u00f3a \u0111\u1ec3 tri\u1ec3n khai s\u1ed1 l\u01b0\u1ee3ng l\u1edbn.<\/p>\n<p data-start=\"342\" data-end=\"371\"><strong data-start=\"342\" data-end=\"369\">C\u00e1c t\u00ednh n\u0103ng v\u00e0 l\u1ee3i \u00edch ch\u00ednh<\/strong><\/p>\n<ul data-start=\"372\" data-end=\"835\">\n<li data-start=\"372\" data-end=\"458\">\n<p data-start=\"374\" data-end=\"458\"><strong data-start=\"374\" data-end=\"401\">Hi\u1ec7u su\u1ea5t \u0111\u01b0\u1ee3c \u0111i\u1ec1u ch\u1ec9nh theo ETSI:<\/strong> 866\u2013868 MHz, EPCglobal L\u1edbp 1 Gen2 \/ ISO\/IEC 18000-6C<\/p>\n<\/li>\n<li data-start=\"459\" data-end=\"558\">\n<p data-start=\"461\" data-end=\"558\"><strong data-start=\"461\" data-end=\"484\">T\u1ed1i \u01b0u h\u00f3a tr\u00ean kim lo\u1ea1i:<\/strong> \u0110\u1ecdc 4 m tr\u00ean kim lo\u1ea1i (\u0111i\u1ec3n h\u00ecnh), 3,5 m tr\u00ean nh\u1ef1a, 3 m tr\u00ean th\u00f9ng ch\u1ee9a ch\u1ea5t l\u1ecfng<\/p>\n<\/li>\n<li data-start=\"559\" data-end=\"676\">\n<p data-start=\"561\" data-end=\"676\"><strong data-start=\"561\" data-end=\"577\">S\u1eb5n s\u00e0ng in:<\/strong> T\u01b0\u01a1ng th\u00edch v\u1edbi m\u00e1y in RFID c\u00f4ng nghi\u1ec7p (v\u00ed d\u1ee5: Sato CL4NX, Zebra ZT410 Silverline, Boside TX3R)<\/p>\n<\/li>\n<li data-start=\"677\" data-end=\"754\">\n<p data-start=\"679\" data-end=\"754\"><strong data-start=\"679\" data-end=\"705\">C\u1ea5u tr\u00fac linh ho\u1ea1t:<\/strong> Ph\u00f9 h\u1ee3p v\u1edbi b\u1ec1 m\u1eb7t kim lo\u1ea1i cong ho\u1eb7c kh\u00f4ng \u0111\u1ec1u<\/p>\n<\/li>\n<li data-start=\"755\" data-end=\"835\">\n<p data-start=\"757\" data-end=\"835\"><strong data-start=\"757\" data-end=\"777\">\u0110\u1ecdc nhi\u1ec1u nhanh:<\/strong> H\u1ed7 tr\u1ee3 qu\u00e9t h\u00e0ng lo\u1ea1t, truy xu\u1ea5t ngu\u1ed3n g\u1ed1c v\u00e0 ki\u1ec3m k\u00ea nhanh ch\u00f3ng<\/p>\n<\/li>\n<\/ul>\n<p data-start=\"837\" data-end=\"1033\"><strong data-start=\"837\" data-end=\"853\">\u1ee8ng d\u1ee5ng<\/strong><br data-start=\"853\" data-end=\"856\" \/>T\u00e0i s\u1ea3n trong nh\u00e0 v\u00e0 thi\u1ebft b\u1ecb v\u0103n ph\u00f2ng \u2022 Ph\u1ea7n c\u1ee9ng v\u00e0 thi\u1ebft b\u1ecb \u0111i\u1ec7n t\u1eed CNTT \u2022 H\u00e0ng h\u00f3a kho b\u00e3i v\u00e0 h\u1eadu c\u1ea7n \u2022 Nh\u00e3n ch\u1ed1ng h\u00e0ng gi\u1ea3 cho \u0111\u1ed3 v\u1eadt c\u00f3 gi\u00e1 tr\u1ecb \u2022 H\u1ed9p \u0111\u1ef1ng b\u1eb1ng kim lo\u1ea1i, d\u1ee5ng c\u1ee5 v\u00e0 ph\u1ee5 t\u00f9ng thay th\u1ebf.<\/p>\n<p data-start=\"1035\" data-end=\"1163\"><strong data-start=\"1035\" data-end=\"1060\">T\u00f9y ch\u1ecdn t\u00f9y ch\u1ec9nh<\/strong><br data-start=\"1060\" data-end=\"1063\" \/>K\u00edch th\u01b0\u1edbc t\u00f9y ch\u1ec9nh; in m\u00e0u\/logo; v\u0103n b\u1ea3n, m\u00e3 v\u1ea1ch v\u00e0 m\u00e3 QR; m\u00e3 h\u00f3a EPC v\u00e0 kh\u1edfi t\u1ea1o d\u1eef li\u1ec7u.<\/p>\n<h2 data-start=\"1165\" data-end=\"1190\">B\u1ea3ng (Th\u00f4ng s\u1ed1 k\u1ef9 thu\u1eadt)<\/h2>\n<div class=\"_tableContainer_1rjym_1\">\n<div class=\"group _tableWrapper_1rjym_13 flex w-fit flex-col-reverse\" tabindex=\"-1\">\n<table class=\"w-fit min-w-(--thread-content-width)\" data-start=\"1192\" data-end=\"2778\">\n<thead data-start=\"1192\" data-end=\"1290\">\n<tr data-start=\"1192\" data-end=\"1290\">\n<th data-start=\"1192\" data-end=\"1210\" data-col-size=\"sm\">Lo\u1ea1i<\/th>\n<th data-start=\"1210\" data-end=\"1236\" data-col-size=\"sm\">Tham s\u1ed1<\/th>\n<th data-start=\"1236\" data-end=\"1290\" data-col-size=\"md\">Gi\u00e1 tr\u1ecb<\/th>\n<\/tr>\n<\/thead>\n<tbody data-start=\"1390\" data-end=\"2778\">\n<tr data-start=\"1390\" data-end=\"1487\">\n<td data-start=\"1390\" data-end=\"1408\" data-col-size=\"sm\">S\u1ea3n ph\u1ea9m<\/td>\n<td data-start=\"1408\" data-end=\"1434\" data-col-size=\"sm\">T\u00ean<\/td>\n<td data-col-size=\"md\" data-start=\"1434\" data-end=\"1487\">Nh\u00e3n ch\u1ed1ng kim lo\u1ea1i RFID 866\u2013868MHz (ETSI)<\/td>\n<\/tr>\n<tr data-start=\"1488\" data-end=\"1586\">\n<td data-start=\"1488\" data-end=\"1506\" data-col-size=\"sm\">T\u1ea7n s\u1ed1 v\u00f4 tuy\u1ebfn<\/td>\n<td data-col-size=\"sm\" data-start=\"1506\" data-end=\"1532\">T\u00ednh th\u01b0\u1eddng xuy\u00ean<\/td>\n<td data-col-size=\"md\" data-start=\"1532\" data-end=\"1586\">866\u2013868 MHz (ETSI UHF)<\/td>\n<\/tr>\n<tr data-start=\"1587\" data-end=\"1685\">\n<td data-start=\"1587\" data-end=\"1605\" data-col-size=\"sm\"><\/td>\n<td data-col-size=\"sm\" data-start=\"1605\" data-end=\"1631\">Giao th\u1ee9c<\/td>\n<td data-col-size=\"md\" data-start=\"1631\" data-end=\"1685\">ISO\/IEC 18000-6C, EPCglobal L\u1edbp 1 Th\u1ebf h\u1ec7 2<\/td>\n<\/tr>\n<tr data-start=\"1686\" data-end=\"1784\">\n<td data-start=\"1686\" data-end=\"1704\" data-col-size=\"sm\">T\u00f9y ch\u1ecdn IC<\/td>\n<td data-col-size=\"sm\" data-start=\"1704\" data-end=\"1730\">Chip<\/td>\n<td data-col-size=\"md\" data-start=\"1730\" data-end=\"1784\">NXP UCODE 8 \/ UCODE 9<\/td>\n<\/tr>\n<tr data-start=\"1785\" data-end=\"1883\">\n<td data-start=\"1785\" data-end=\"1803\" data-col-size=\"sm\">K\u00fd \u1ee9c<\/td>\n<td data-col-size=\"sm\" data-start=\"1803\" data-end=\"1829\">EPC \/ Ng\u01b0\u1eddi d\u00f9ng<\/td>\n<td data-col-size=\"md\" data-start=\"1829\" data-end=\"1883\">128 bit \/ 0 bit<\/td>\n<\/tr>\n<tr data-start=\"1884\" data-end=\"1982\">\n<td data-start=\"1884\" data-end=\"1902\" data-col-size=\"sm\">C\u01a1 h\u1ecdc<\/td>\n<td data-col-size=\"sm\" data-start=\"1902\" data-end=\"1928\">V\u1eadt li\u1ec7u m\u1eb7t<\/td>\n<td data-col-size=\"md\" data-start=\"1928\" data-end=\"1982\">TH\u00da C\u01afNG<\/td>\n<\/tr>\n<tr data-start=\"1983\" data-end=\"2081\">\n<td data-start=\"1983\" data-end=\"2001\" data-col-size=\"sm\">K\u00edch th\u01b0\u1edbc<\/td>\n<td data-col-size=\"sm\" data-start=\"2001\" data-end=\"2027\">K\u00edch th\u01b0\u1edbc nh\u00e3n (D x R x C)<\/td>\n<td data-col-size=\"md\" data-start=\"2027\" data-end=\"2081\">50 \u00d7 15 \u00d7 1,26 mm<\/td>\n<\/tr>\n<tr data-start=\"2082\" data-end=\"2181\">\n<td data-start=\"2082\" data-end=\"2100\" data-col-size=\"sm\">Hi\u1ec7u su\u1ea5t<\/td>\n<td data-col-size=\"sm\" data-start=\"2100\" data-end=\"2126\">Kho\u1ea3ng c\u00e1ch \u0111\u1ecdc<\/td>\n<td data-col-size=\"md\" data-start=\"2126\" data-end=\"2181\">4 m (tr\u00ean kim lo\u1ea1i); 3,5 m (tr\u00ean nh\u1ef1a); 3 m (tr\u00ean ch\u1ea5t l\u1ecfng)<\/td>\n<\/tr>\n<tr data-start=\"2182\" data-end=\"2280\">\n<td data-start=\"2182\" data-end=\"2200\" data-col-size=\"sm\">In \u1ea5n<\/td>\n<td data-col-size=\"sm\" data-start=\"2200\" data-end=\"2226\">Kh\u1ea3 n\u0103ng t\u01b0\u01a1ng th\u00edch c\u1ee7a m\u00e1y in<\/td>\n<td data-col-size=\"md\" data-start=\"2226\" data-end=\"2280\">Sato CL4NX; Zebra ZT410 Silverline; Boside TX3R<\/td>\n<\/tr>\n<tr data-start=\"2281\" data-end=\"2381\">\n<td data-start=\"2281\" data-end=\"2299\" data-col-size=\"sm\">C\u00e1 nh\u00e2n h\u00f3a<\/td>\n<td data-col-size=\"sm\" data-start=\"2299\" data-end=\"2325\">D\u1eef li\u1ec7u\/\u0110\u00e1nh d\u1ea5u<\/td>\n<td data-col-size=\"md\" data-start=\"2325\" data-end=\"2381\">In v\u0103n b\u1ea3n, m\u00e3 v\u1ea1ch, QR, m\u00e0u\/logo; M\u00e3 h\u00f3a EPC<\/td>\n<\/tr>\n<tr data-start=\"2382\" data-end=\"2480\">\n<td data-start=\"2382\" data-end=\"2400\" data-col-size=\"sm\">M\u00f4i tr\u01b0\u1eddng<\/td>\n<td data-start=\"2400\" data-end=\"2426\" data-col-size=\"sm\">Nhi\u1ec7t \u0111\u1ed9 ho\u1ea1t \u0111\u1ed9ng<\/td>\n<td data-col-size=\"md\" data-start=\"2426\" data-end=\"2480\">\u221240 \u0111\u1ebfn +85 \u2103<\/td>\n<\/tr>\n<tr data-start=\"2481\" data-end=\"2579\">\n<td data-start=\"2481\" data-end=\"2499\" data-col-size=\"sm\"><\/td>\n<td data-col-size=\"sm\" data-start=\"2499\" data-end=\"2525\">Nhi\u1ec7t \u0111\u1ed9 l\u01b0u tr\u1eef<\/td>\n<td data-col-size=\"md\" data-start=\"2525\" data-end=\"2579\">\u221240 \u0111\u1ebfn +85 \u2103<\/td>\n<\/tr>\n<tr data-start=\"2580\" data-end=\"2678\">\n<td data-start=\"2580\" data-end=\"2598\" data-col-size=\"sm\">Nh\u1eefng l\u1ee3i \u00edch<\/td>\n<td data-col-size=\"sm\" data-start=\"2598\" data-end=\"2624\">\u0110i\u1ec3m n\u1ed5i b\u1eadt<\/td>\n<td data-col-size=\"md\" data-start=\"2624\" data-end=\"2678\">Nh\u00e3n linh ho\u1ea1t; \u0111\u1ecdc nhi\u1ec1u l\u1ea7n; kh\u1ea3 n\u0103ng truy xu\u1ea5t ngu\u1ed3n g\u1ed1c<\/td>\n<\/tr>\n<tr data-start=\"2679\" data-end=\"2778\">\n<td data-start=\"2679\" data-end=\"2697\" data-col-size=\"sm\">C\u00e1c tr\u01b0\u1eddng h\u1ee3p s\u1eed d\u1ee5ng<\/td>\n<td data-col-size=\"sm\" data-start=\"2697\" data-end=\"2723\">\u1ee8ng d\u1ee5ng \u0111i\u1ec3n h\u00ecnh<\/td>\n<td data-col-size=\"md\" data-start=\"2723\" data-end=\"2778\">T\u00e0i s\u1ea3n CNTT, thi\u1ebft b\u1ecb v\u0103n ph\u00f2ng, h\u1ed9p \u0111\u1ef1ng\/d\u1ee5ng c\u1ee5 b\u1eb1ng kim lo\u1ea1i<\/td>\n<\/tr>\n<\/tbody>\n<\/table>\n<\/div>\n<\/div>","protected":false},"excerpt":{"rendered":"<p>Nh\u00e3n ch\u1ed1ng kim lo\u1ea1i UHF \u0111\u01b0\u1ee3c ETSI \u0111i\u1ec1u ch\u1ec9nh v\u1edbi UCODE 8\/9\u2014\u0111\u1ecdc \u0111\u01b0\u1ee3c 4 m tr\u00ean kim lo\u1ea1i, c\u1ea5u tr\u00fac PET linh ho\u1ea1t v\u00e0 s\u1eb5n s\u00e0ng cho m\u00e1y in\/m\u00e3 h\u00f3a \u0111\u1ec3 theo d\u00f5i t\u00e0i s\u1ea3n nhanh ch\u00f3ng.<\/p>","protected":false},"featured_media":903,"template":"","meta":{"_gspb_post_css":""},"product_brand":[],"product_cat":[31],"product_tag":[],"class_list":{"0":"post-901","1":"product","2":"type-product","3":"status-publish","4":"has-post-thumbnail","6":"product_cat-rfid-sticker-labels","8":"first","9":"instock","10":"shipping-taxable","11":"purchasable","12":"product-type-simple"},"_links":{"self":[{"href":"https:\/\/www.cxjsmartcard.com\/vi\/wp-json\/wp\/v2\/product\/901","targetHints":{"allow":["GET"]}}],"collection":[{"href":"https:\/\/www.cxjsmartcard.com\/vi\/wp-json\/wp\/v2\/product"}],"about":[{"href":"https:\/\/www.cxjsmartcard.com\/vi\/wp-json\/wp\/v2\/types\/product"}],"wp:featuredmedia":[{"embeddable":true,"href":"https:\/\/www.cxjsmartcard.com\/vi\/wp-json\/wp\/v2\/media\/903"}],"wp:attachment":[{"href":"https:\/\/www.cxjsmartcard.com\/vi\/wp-json\/wp\/v2\/media?parent=901"}],"wp:term":[{"taxonomy":"product_brand","embeddable":true,"href":"https:\/\/www.cxjsmartcard.com\/vi\/wp-json\/wp\/v2\/product_brand?post=901"},{"taxonomy":"product_cat","embeddable":true,"href":"https:\/\/www.cxjsmartcard.com\/vi\/wp-json\/wp\/v2\/product_cat?post=901"},{"taxonomy":"product_tag","embeddable":true,"href":"https:\/\/www.cxjsmartcard.com\/vi\/wp-json\/wp\/v2\/product_tag?post=901"}],"curies":[{"name":"trang web","href":"https:\/\/api.w.org\/{rel}","templated":true}]}}