{"id":894,"date":"2025-11-03T09:04:37","date_gmt":"2025-11-03T09:04:37","guid":{"rendered":"https:\/\/www.cxjsmartcard.com\/?post_type=product&#038;p=894"},"modified":"2025-12-29T01:27:08","modified_gmt":"2025-12-29T01:27:08","slug":"nfc-coin-on-metal-rfid-tag","status":"publish","type":"product","link":"https:\/\/www.cxjsmartcard.com\/vi\/nfc-coin-on-metal-rfid-tag\/","title":{"rendered":"Th\u1ebb RFID kim lo\u1ea1i NFC"},"content":{"rendered":"<p data-start=\"38\" data-end=\"337\">Th\u1ebb ti\u1ec1n xu NFC PVC tr\u00ean kim lo\u1ea1i \u0111\u01b0\u1ee3c thi\u1ebft k\u1ebf \u0111\u1ec3 g\u1eafn v\u00e0o th\u00e9p v\u00e0 c\u00e1c b\u1ec1 m\u1eb7t d\u1eabn \u0111i\u1ec7n kh\u00e1c. L\u1edbp ch\u1eafn ch\u1ed1ng kim lo\u1ea1i t\u00edch h\u1ee3p gi\u00fap duy tr\u00ec hi\u1ec7u su\u1ea5t \u0111\u1ecdc, trong khi keo d\u00e1n 3M c\u00f3 \u0111\u1ed9 b\u00e1m d\u00ednh cao t\u1ea1o \u0111\u1ed9 b\u00e1m d\u00ednh ch\u1eafc ch\u1eafn tr\u00ean kim lo\u1ea1i v\u00e0 nh\u1ef1a c\u00f3 n\u0103ng l\u01b0\u1ee3ng b\u1ec1 m\u1eb7t th\u1ea5p. Ho\u00e0n to\u00e0n t\u01b0\u01a1ng th\u00edch v\u1edbi \u0111i\u1ec7n tho\u1ea1i h\u1ed7 tr\u1ee3 NFC.<\/p>\n<p data-start=\"339\" data-end=\"518\"><strong data-start=\"339\" data-end=\"360\">X\u00e2y d\u1ef1ng &amp; V\u1eadt li\u1ec7u<\/strong><br data-start=\"360\" data-end=\"363\" \/>L\u1edbp tr\u00ean c\u00f9ng b\u1eb1ng PVC c\u00f3 l\u1edbp ch\u1eafn kim lo\u1ea1i v\u00e0 keo d\u00e1n 3M9080 t\u00f9y ch\u1ecdn. \u0110\u01b0\u1eddng k\u00ednh 30 mm, \u0111\u1ed9 d\u00e0y 1 mm\u2014\u0111\u1ee7 nh\u1ecf g\u1ecdn \u0111\u1ec3 \u0111\u1ef1ng d\u1ee5ng c\u1ee5, k\u1ec7 v\u00e0 v\u1ecf m\u00e1y.<\/p>\n<p data-start=\"520\" data-end=\"538\"><strong data-start=\"520\" data-end=\"536\">C\u00e1c t\u00ednh n\u0103ng ch\u00ednh<\/strong><\/p>\n<ul data-start=\"539\" data-end=\"863\">\n<li data-start=\"539\" data-end=\"595\">\n<p data-start=\"541\" data-end=\"595\">Ho\u1ea1t \u0111\u1ed9ng tr\u00ean kim lo\u1ea1i nh\u1edd l\u1edbp ch\u1ed1ng kim lo\u1ea1i t\u00edch h\u1ee3p<\/p>\n<\/li>\n<li data-start=\"596\" data-end=\"649\">\n<p data-start=\"598\" data-end=\"649\">Th\u1ebb c\u1ee9ng mini ch\u1ed1ng n\u01b0\u1edbc\/ch\u1ed1ng ch\u1ecbu th\u1eddi ti\u1ebft<\/p>\n<\/li>\n<li data-start=\"650\" data-end=\"692\">\n<p data-start=\"652\" data-end=\"692\">C\u00f3 th\u1ec3 \u0111\u1ecdc \u0111\u01b0\u1ee3c tr\u00ean \u0111i\u1ec7n tho\u1ea1i (ISO 14443A, 13,56 MHz)<\/p>\n<\/li>\n<li data-start=\"693\" data-end=\"732\">\n<p data-start=\"695\" data-end=\"732\">ID kh\u1eafc laser t\u00f9y ch\u1ecdn tr\u00ean b\u1ec1 m\u1eb7t<\/p>\n<\/li>\n<li data-start=\"733\" data-end=\"789\">\n<p data-start=\"735\" data-end=\"789\">In \u1ea5n t\u00f9y ch\u1ec9nh: ngh\u1ec7 thu\u1eadt \u0111\u1ea7y \u0111\u1ee7 m\u00e0u s\u1eafc, m\u00e3 QR, s\u1ed1 s\u00ea-ri\/ID<\/p>\n<\/li>\n<li data-start=\"790\" data-end=\"863\">\n<p data-start=\"792\" data-end=\"863\">Kh\u1ea3 n\u0103ng cung c\u1ea5p n\u1ec1n t\u1ea3ng r\u1ed9ng h\u01a1n theo y\u00eau c\u1ea7u (LF 125 kHz \/ UHF 860\u2013960 MHz)<\/p>\n<\/li>\n<\/ul>\n<p data-start=\"865\" data-end=\"1040\"><strong data-start=\"865\" data-end=\"881\">\u1ee8ng d\u1ee5ng<\/strong><br data-start=\"881\" data-end=\"884\" \/>M\u00e3 \u0111\u1ecbnh danh t\u00e0i s\u1ea3n v\u00e0 c\u00f4ng c\u1ee5 tr\u00ean kim lo\u1ea1i \u2022 K\u1ec7 v\u00e0 th\u00f9ng ch\u1ee9a trong kho \u2022 Gi\u00e1 \u0111\u1ee1 v\u00e0 t\u1ee7 \u0111\u1ef1ng CNTT \u2022 \u0110i\u1ec3m ki\u1ec3m tra d\u1ecbch v\u1ee5 thi\u1ebft b\u1ecb \u2022 \u0110i\u1ec3m ti\u1ebfp x\u00fac v\u1edbi ng\u01b0\u1eddi ti\u00eau d\u00f9ng (ra m\u1eaft URL\/NDEF).<\/p>\n<p data-start=\"1042\" data-end=\"1204\"><strong data-start=\"1042\" data-end=\"1054\">L\u1eafp r\u00e1p<\/strong><br data-start=\"1054\" data-end=\"1057\" \/>B\u00f3c v\u00e0 d\u00e1n b\u1eb1ng keo d\u00e1n c\u00f3 \u0111\u1ed9 b\u00e1m d\u00ednh cao tr\u00ean b\u1ec1 m\u1eb7t s\u1ea1ch v\u00e0 kh\u00f4. \u0110\u1ed1i v\u1edbi c\u00e1c khu v\u1ef1c cong ho\u1eb7c d\u1ec5 m\u00e0i m\u00f2n, h\u00e3y c\u00e2n nh\u1eafc s\u1eed d\u1ee5ng keo d\u00e1n c\u01a1 h\u1ecdc ho\u1eb7c keo d\u00e1n c\u00f4ng nghi\u1ec7p.<\/p>\n<h2 data-start=\"1206\" data-end=\"1231\">B\u1ea3ng (Th\u00f4ng s\u1ed1 k\u1ef9 thu\u1eadt)<\/h2>\n<div class=\"_tableContainer_1rjym_1\">\n<div class=\"group _tableWrapper_1rjym_13 flex w-fit flex-col-reverse\" tabindex=\"-1\">\n<table class=\"w-fit min-w-(--thread-content-width)\" data-start=\"1233\" data-end=\"2692\">\n<thead data-start=\"1233\" data-end=\"1329\">\n<tr data-start=\"1233\" data-end=\"1329\">\n<th data-start=\"1233\" data-end=\"1251\" data-col-size=\"sm\">Lo\u1ea1i<\/th>\n<th data-start=\"1251\" data-end=\"1274\" data-col-size=\"sm\">Tham s\u1ed1<\/th>\n<th data-start=\"1274\" data-end=\"1329\" data-col-size=\"md\">Gi\u00e1 tr\u1ecb<\/th>\n<\/tr>\n<\/thead>\n<tbody data-start=\"1427\" data-end=\"2692\">\n<tr data-start=\"1427\" data-end=\"1523\">\n<td data-start=\"1427\" data-end=\"1445\" data-col-size=\"sm\">S\u1ea3n ph\u1ea9m<\/td>\n<td data-col-size=\"sm\" data-start=\"1445\" data-end=\"1468\">Ki\u1ec3u<\/td>\n<td data-col-size=\"md\" data-start=\"1468\" data-end=\"1523\">\u0110\u0129a PVC kim lo\u1ea1i g\u1eafn \u0111\u1ed3ng xu NFC<\/td>\n<\/tr>\n<tr data-start=\"1524\" data-end=\"1620\">\n<td data-start=\"1524\" data-end=\"1542\" data-col-size=\"sm\">Nguy\u00ean v\u1eadt li\u1ec7u<\/td>\n<td data-col-size=\"sm\" data-start=\"1542\" data-end=\"1565\">X\u1ebfp ch\u1ed3ng l\u00ean nhau<\/td>\n<td data-col-size=\"md\" data-start=\"1565\" data-end=\"1620\">PVC + l\u1edbp ch\u1eafn kim lo\u1ea1i + keo d\u00e1n 3M9080 t\u00f9y ch\u1ecdn<\/td>\n<\/tr>\n<tr data-start=\"1621\" data-end=\"1717\">\n<td data-start=\"1621\" data-end=\"1639\" data-col-size=\"sm\">K\u00edch th\u01b0\u1edbc<\/td>\n<td data-start=\"1639\" data-end=\"1662\" data-col-size=\"sm\">K\u00edch c\u1ee1<\/td>\n<td data-col-size=\"md\" data-start=\"1662\" data-end=\"1717\">\u00d830 mm \u00d7 1 mm<\/td>\n<\/tr>\n<tr data-start=\"1718\" data-end=\"1814\">\n<td data-start=\"1718\" data-end=\"1736\" data-col-size=\"sm\">T\u1ea7n s\u1ed1 v\u00f4 tuy\u1ebfn<\/td>\n<td data-start=\"1736\" data-end=\"1759\" data-col-size=\"sm\">Giao di\u1ec7n\/Ti\u00eau chu\u1ea9n<\/td>\n<td data-start=\"1759\" data-end=\"1814\" data-col-size=\"md\">ISO 14443A (HF 13,56 MHz)<\/td>\n<\/tr>\n<tr data-start=\"1815\" data-end=\"1911\">\n<td data-start=\"1815\" data-end=\"1833\" data-col-size=\"sm\">T\u00f9y ch\u1ecdn chip<\/td>\n<td data-col-size=\"sm\" data-start=\"1833\" data-end=\"1856\">IC<\/td>\n<td data-col-size=\"md\" data-start=\"1856\" data-end=\"1911\">NTAG\u00ae 213 \/ NTAG\u00ae 215 \/ NTAG\u00ae 216<\/td>\n<\/tr>\n<tr data-start=\"1912\" data-end=\"2008\">\n<td data-start=\"1912\" data-end=\"1930\" data-col-size=\"sm\">K\u00fd \u1ee9c<\/td>\n<td data-col-size=\"sm\" data-start=\"1930\" data-end=\"1953\">N\u0103ng l\u1ef1c ng\u01b0\u1eddi d\u00f9ng<\/td>\n<td data-col-size=\"md\" data-start=\"1953\" data-end=\"2008\">144 \/ 504 \/ 888 byte (t\u00f9y thu\u1ed9c v\u00e0o chip)<\/td>\n<\/tr>\n<tr data-start=\"2009\" data-end=\"2105\">\n<td data-start=\"2009\" data-end=\"2027\" data-col-size=\"sm\">In \u1ea5n<\/td>\n<td data-col-size=\"sm\" data-start=\"2027\" data-end=\"2050\">C\u00e1 nh\u00e2n h\u00f3a<\/td>\n<td data-col-size=\"md\" data-start=\"2050\" data-end=\"2105\">In \u0111\u1ea7y \u0111\u1ee7 m\u00e0u s\u1eafc, m\u00e3 QR, s\u1ed1 s\u00ea-ri\/ID (t\u00f9y ch\u1ecdn)<\/td>\n<\/tr>\n<tr data-start=\"2106\" data-end=\"2202\">\n<td data-start=\"2106\" data-end=\"2124\" data-col-size=\"sm\">Kh\u1ea3 n\u0103ng \u0111\u1ecdc<\/td>\n<td data-col-size=\"sm\" data-start=\"2124\" data-end=\"2147\">Thi\u1ebft b\u1ecb<\/td>\n<td data-col-size=\"md\" data-start=\"2147\" data-end=\"2202\">\u0110i\u1ec7n tho\u1ea1i th\u00f4ng minh NFC v\u00e0 \u0111\u1ea7u \u0111\u1ecdc ISO 14443A<\/td>\n<\/tr>\n<tr data-start=\"2203\" data-end=\"2299\">\n<td data-start=\"2203\" data-end=\"2221\" data-col-size=\"sm\">Tr\u00ean kim lo\u1ea1i<\/td>\n<td data-col-size=\"sm\" data-start=\"2221\" data-end=\"2244\">R\u00e0o c\u1ea3n<\/td>\n<td data-col-size=\"md\" data-start=\"2244\" data-end=\"2299\">L\u1edbp ch\u1ed1ng kim lo\u1ea1i t\u00edch h\u1ee3p<\/td>\n<\/tr>\n<tr data-start=\"2300\" data-end=\"2396\">\n<td data-start=\"2300\" data-end=\"2318\" data-col-size=\"sm\">Ch\u1ea5t k\u1ebft d\u00ednh<\/td>\n<td data-start=\"2318\" data-end=\"2341\" data-col-size=\"sm\">H\u1ed7 tr\u1ee3<\/td>\n<td data-col-size=\"md\" data-start=\"2341\" data-end=\"2396\">3M9080 c\u00f3 \u0111\u1ed9 b\u00e1m d\u00ednh cao<\/td>\n<\/tr>\n<tr data-start=\"2397\" data-end=\"2498\">\n<td data-start=\"2397\" data-end=\"2415\" data-col-size=\"sm\">S\u1ef1 b\u1ea3o v\u1ec7<\/td>\n<td data-col-size=\"sm\" data-start=\"2415\" data-end=\"2438\">Thu\u1ed9c t\u00ednh<\/td>\n<td data-col-size=\"md\" data-start=\"2438\" data-end=\"2498\">Ch\u1ed1ng th\u1ea5m n\u01b0\u1edbc\/ch\u1ed1ng ch\u1ecbu th\u1eddi ti\u1ebft (c\u00f3 s\u1eb5n t\u00f9y ch\u1ecdn c\u00f4ng nghi\u1ec7p)<\/td>\n<\/tr>\n<tr data-start=\"2499\" data-end=\"2595\">\n<td data-start=\"2499\" data-end=\"2517\" data-col-size=\"sm\">T\u00f9y ch\u1ecdn<\/td>\n<td data-start=\"2517\" data-end=\"2540\" data-col-size=\"sm\">C\u00e1c t\u1ea7n s\u1ed1 kh\u00e1c<\/td>\n<td data-col-size=\"md\" data-start=\"2540\" data-end=\"2595\">125 kHz LF ho\u1eb7c 860\u2013960 MHz UHF (theo y\u00eau c\u1ea7u)<\/td>\n<\/tr>\n<tr data-start=\"2596\" data-end=\"2692\">\n<td data-start=\"2596\" data-end=\"2614\" data-col-size=\"sm\">M\u00e0u s\u1eafc<\/td>\n<td data-start=\"2614\" data-end=\"2637\" data-col-size=\"sm\">B\u1ec1 m\u1eb7t<\/td>\n<td data-col-size=\"md\" data-start=\"2637\" data-end=\"2692\">Tr\u1ed1ng ho\u1eb7c in t\u00f9y ch\u1ec9nh<\/td>\n<\/tr>\n<\/tbody>\n<\/table>\n<\/div>\n<\/div>","protected":false},"excerpt":{"rendered":"<p>Th\u1ebb ti\u1ec1n xu NFC PVC 30 mm c\u00f3 l\u1edbp ch\u1eafn ch\u1ed1ng kim lo\u1ea1i v\u00e0 keo d\u00e1n 3M c\u00f3 \u0111\u1ed9 b\u00e1m d\u00ednh cao\u2014c\u00f3 th\u1ec3 s\u1eed d\u1ee5ng tr\u00ean th\u00e9p, c\u00f3 th\u1ec3 \u0111\u1ecdc \u0111\u01b0\u1ee3c tr\u00ean \u0111i\u1ec7n tho\u1ea1i (ISO 14443A), ch\u1ed1ng th\u1ea5m n\u01b0\u1edbc\/ch\u1ed1ng ch\u1ecbu th\u1eddi ti\u1ebft, c\u00f3 t\u00f9y ch\u1ecdn in t\u00f9y ch\u1ec9nh.<\/p>","protected":false},"featured_media":899,"template":"","meta":{"_gspb_post_css":""},"product_brand":[],"product_cat":[24,27],"product_tag":[],"class_list":{"0":"post-894","1":"product","2":"type-product","3":"status-publish","4":"has-post-thumbnail","6":"product_cat-rfid-tags","7":"product_cat-rfid-patrol-tags","9":"first","10":"instock","11":"shipping-taxable","12":"purchasable","13":"product-type-simple"},"_links":{"self":[{"href":"https:\/\/www.cxjsmartcard.com\/vi\/wp-json\/wp\/v2\/product\/894","targetHints":{"allow":["GET"]}}],"collection":[{"href":"https:\/\/www.cxjsmartcard.com\/vi\/wp-json\/wp\/v2\/product"}],"about":[{"href":"https:\/\/www.cxjsmartcard.com\/vi\/wp-json\/wp\/v2\/types\/product"}],"wp:featuredmedia":[{"embeddable":true,"href":"https:\/\/www.cxjsmartcard.com\/vi\/wp-json\/wp\/v2\/media\/899"}],"wp:attachment":[{"href":"https:\/\/www.cxjsmartcard.com\/vi\/wp-json\/wp\/v2\/media?parent=894"}],"wp:term":[{"taxonomy":"product_brand","embeddable":true,"href":"https:\/\/www.cxjsmartcard.com\/vi\/wp-json\/wp\/v2\/product_brand?post=894"},{"taxonomy":"product_cat","embeddable":true,"href":"https:\/\/www.cxjsmartcard.com\/vi\/wp-json\/wp\/v2\/product_cat?post=894"},{"taxonomy":"product_tag","embeddable":true,"href":"https:\/\/www.cxjsmartcard.com\/vi\/wp-json\/wp\/v2\/product_tag?post=894"}],"curies":[{"name":"trang web","href":"https:\/\/api.w.org\/{rel}","templated":true}]}}