{"id":881,"date":"2025-11-03T08:58:46","date_gmt":"2025-11-03T08:58:46","guid":{"rendered":"https:\/\/www.cxjsmartcard.com\/?post_type=product&#038;p=881"},"modified":"2025-12-29T01:27:08","modified_gmt":"2025-12-29T01:27:08","slug":"uhf-rfid-abs-anti-metal-tag","status":"publish","type":"product","link":"https:\/\/www.cxjsmartcard.com\/vi\/uhf-rfid-abs-anti-metal-tag\/","title":{"rendered":"Th\u1ebb ch\u1ed1ng kim lo\u1ea1i UHF RFID ABS"},"content":{"rendered":"<p data-start=\"39\" data-end=\"339\">Th\u1ebb ch\u1ed1ng kim lo\u1ea1i UHF b\u1ec1n ch\u1eafc \u0111\u01b0\u1ee3c thi\u1ebft k\u1ebf \u0111\u1ec3 theo d\u00f5i \u0111\u00e1ng tin c\u1eady c\u00e1c t\u00e0i s\u1ea3n kim lo\u1ea1i trong m\u00f4i tr\u01b0\u1eddng kh\u1eafc nghi\u1ec7t trong nh\u00e0\/ngo\u00e0i tr\u1eddi. Ho\u1ea1t \u0111\u1ed9ng \u1edf t\u1ea7n s\u1ed1 860\u2013960 MHz v\u1edbi hi\u1ec7u su\u1ea5t th\u1ee5 \u0111\u1ed9ng EPC Gen2v2, th\u1ebb n\u00e0y ph\u00f9 h\u1ee3p v\u1edbi thi\u1ebft b\u1ecb c\u00f4ng nghi\u1ec7p, ph\u1ea7n c\u1ee9ng CNTT, c\u00f4ng c\u1ee5 v\u00e0 m\u00e1y m\u00f3c c\u1ed1 \u0111\u1ecbnh.<\/p>\n<p data-start=\"341\" data-end=\"359\"><strong data-start=\"341\" data-end=\"357\">C\u00e1c t\u00ednh n\u0103ng ch\u00ednh<\/strong><\/p>\n<ul data-start=\"360\" data-end=\"695\">\n<li data-start=\"360\" data-end=\"424\">\n<p data-start=\"362\" data-end=\"424\">Ho\u1ea1t \u0111\u1ed9ng tr\u00ean b\u1ec1 m\u1eb7t kim lo\u1ea1i; v\u1ecf ABS ch\u1ed1ng th\u1ea5m n\u01b0\u1edbc\/ch\u1ecbu \u0111\u01b0\u1ee3c th\u1eddi ti\u1ebft<\/p>\n<\/li>\n<li data-start=\"425\" data-end=\"475\">\n<p data-start=\"427\" data-end=\"475\">UHF th\u1ee5 \u0111\u1ed9ng EPC Class 1 Gen 2v2 (ISO 18000-6C)<\/p>\n<\/li>\n<li data-start=\"476\" data-end=\"540\">\n<p data-start=\"478\" data-end=\"540\">K\u00edch th\u01b0\u1edbc ti\u00eau chu\u1ea9n 135 \u00d7 22 \u00d7 12 mm; c\u00f3 th\u1ec3 t\u00f9y ch\u1ec9nh s\u1ed1 l\u01b0\u1ee3ng l\u1edbn<\/p>\n<\/li>\n<li data-start=\"541\" data-end=\"600\">\n<p data-start=\"543\" data-end=\"600\">H\u1ed3 s\u01a1 b\u1ed9 nh\u1edb: TID 64 bit, EPC 96 bit, Ng\u01b0\u1eddi d\u00f9ng 512 bit<\/p>\n<\/li>\n<li data-start=\"601\" data-end=\"648\">\n<p data-start=\"603\" data-end=\"648\">Ph\u1ea1m vi nhi\u1ec7t \u0111\u1ed9 r\u1ed9ng t\u1eeb \u221240 \u2103 \u0111\u1ebfn +150 \u2103<\/p>\n<\/li>\n<li data-start=\"649\" data-end=\"695\">\n<p data-start=\"651\" data-end=\"695\">D\u1ec5 d\u00e0ng tri\u1ec3n khai v\u1edbi c\u00e1c g\u00f3i m\u1eabu c\u00f3 s\u1eb5n<\/p>\n<\/li>\n<\/ul>\n<p data-start=\"697\" data-end=\"826\"><strong data-start=\"697\" data-end=\"713\">\u1ee8ng d\u1ee5ng<\/strong><br data-start=\"713\" data-end=\"716\" \/>T\u00e0i s\u1ea3n c\u00f4ng nghi\u1ec7p v\u00e0 pallet \u2022 Thi\u1ebft b\u1ecb v\u00e0 gi\u00e1 \u0111\u1ee1 CNTT \u2022 C\u00f4ng c\u1ee5 v\u00e0 \u0111\u1ed3 \u0111\u1ea1c \u2022 C\u01a1 s\u1edf h\u1ea1 t\u1ea7ng kim lo\u1ea1i ngo\u00e0i tr\u1eddi.<\/p>\n<p data-start=\"828\" data-end=\"1146\"><strong data-start=\"828\" data-end=\"836\">C\u00e2u h\u1ecfi th\u01b0\u1eddng g\u1eb7p<\/strong><br data-start=\"836\" data-end=\"839\" \/><strong data-start=\"839\" data-end=\"846\">C\u00e2u h\u1ecfi 1:<\/strong> C\u00f3 m\u1eabu mi\u1ec5n ph\u00ed kh\u00f4ng?<br data-start=\"874\" data-end=\"877\" \/><strong data-start=\"877\" data-end=\"883\">M\u1ed8T:<\/strong> C\u00f3\u2014g\u00f3i m\u1eabu \u0111\u01b0\u1ee3c cung c\u1ea5p \u0111\u1ec3 th\u1eed nghi\u1ec7m tr\u01b0\u1edbc khi tri\u1ec3n khai.<br data-start=\"943\" data-end=\"946\" \/><strong data-start=\"946\" data-end=\"953\">C\u00e2u h\u1ecfi 2:<\/strong> C\u00f3 ph\u00f9 h\u1ee3p \u0111\u1ec3 s\u1eed d\u1ee5ng ngo\u00e0i tr\u1eddi kh\u00f4ng?<br data-start=\"985\" data-end=\"988\" \/><strong data-start=\"988\" data-end=\"994\">M\u1ed8T:<\/strong> C\u00f3\u2014th\u00e2n m\u00e1y b\u1eb1ng ABS c\u00f3 kh\u1ea3 n\u0103ng ch\u1ed1ng ch\u1ecbu th\u1eddi ti\u1ebft khi \u1edf ngo\u00e0i tr\u1eddi.<br data-start=\"1051\" data-end=\"1054\" \/><strong data-start=\"1054\" data-end=\"1061\">C\u00e2u h\u1ecfi 3:<\/strong> C\u00f3 th\u1ec3 t\u00f9y ch\u1ec9nh k\u00edch th\u01b0\u1edbc kh\u00f4ng?<br data-start=\"1089\" data-end=\"1092\" \/><strong data-start=\"1092\" data-end=\"1098\">M\u1ed8T:<\/strong> C\u00f3\u2014k\u00edch th\u01b0\u1edbc t\u00f9y ch\u1ec9nh c\u00f3 s\u1eb5n cho c\u00e1c \u0111\u01a1n h\u00e0ng s\u1ed1 l\u01b0\u1ee3ng l\u1edbn.<\/p>\n<h2 data-start=\"1148\" data-end=\"1173\">B\u1ea3ng (Th\u00f4ng s\u1ed1 k\u1ef9 thu\u1eadt)<\/h2>\n<div class=\"_tableContainer_1rjym_1\">\n<div class=\"group _tableWrapper_1rjym_13 flex w-fit flex-col-reverse\" tabindex=\"-1\">\n<table class=\"w-fit min-w-(--thread-content-width)\" data-start=\"1175\" data-end=\"2516\">\n<thead data-start=\"1175\" data-end=\"1264\">\n<tr data-start=\"1175\" data-end=\"1264\">\n<th data-start=\"1175\" data-end=\"1197\" data-col-size=\"sm\">Lo\u1ea1i<\/th>\n<th data-start=\"1197\" data-end=\"1222\" data-col-size=\"sm\">Tham s\u1ed1<\/th>\n<th data-start=\"1222\" data-end=\"1264\" data-col-size=\"md\">Gi\u00e1 tr\u1ecb<\/th>\n<\/tr>\n<\/thead>\n<tbody data-start=\"1354\" data-end=\"2516\">\n<tr data-start=\"1354\" data-end=\"1442\">\n<td data-start=\"1354\" data-end=\"1375\" data-col-size=\"sm\">S\u1ea3n ph\u1ea9m<\/td>\n<td data-start=\"1375\" data-end=\"1400\" data-col-size=\"sm\">T\u00ean<\/td>\n<td data-col-size=\"md\" data-start=\"1400\" data-end=\"1442\">Th\u1ebb RFID ch\u1ed1ng kim lo\u1ea1i ABS<\/td>\n<\/tr>\n<tr data-start=\"1443\" data-end=\"1531\">\n<td data-start=\"1443\" data-end=\"1464\" data-col-size=\"sm\">Ng\u01b0\u1eddi m\u1eabu<\/td>\n<td data-col-size=\"sm\" data-start=\"1464\" data-end=\"1489\">Con s\u1ed1<\/td>\n<td data-col-size=\"md\" data-start=\"1489\" data-end=\"1531\">Th\u1ebb ch\u1ed1ng kim lo\u1ea1i ABS<\/td>\n<\/tr>\n<tr data-start=\"1532\" data-end=\"1620\">\n<td data-start=\"1532\" data-end=\"1553\" data-col-size=\"sm\">T\u1ea7n s\u1ed1 v\u00f4 tuy\u1ebfn<\/td>\n<td data-col-size=\"sm\" data-start=\"1553\" data-end=\"1578\">T\u00ednh th\u01b0\u1eddng xuy\u00ean<\/td>\n<td data-col-size=\"md\" data-start=\"1578\" data-end=\"1620\">860\u2013960 MHz<\/td>\n<\/tr>\n<tr data-start=\"1621\" data-end=\"1709\">\n<td data-start=\"1621\" data-end=\"1642\" data-col-size=\"sm\"><\/td>\n<td data-col-size=\"sm\" data-start=\"1642\" data-end=\"1667\">Giao th\u1ee9c<\/td>\n<td data-col-size=\"md\" data-start=\"1667\" data-end=\"1709\">ISO 18000-6C \/ EPC L\u1edbp 1 Gen 2v2<\/td>\n<\/tr>\n<tr data-start=\"1710\" data-end=\"1798\">\n<td data-start=\"1710\" data-end=\"1731\" data-col-size=\"sm\">Ho\u1ea1t \u0111\u1ed9ng<\/td>\n<td data-col-size=\"sm\" data-start=\"1731\" data-end=\"1756\">C\u00e1ch th\u1ee9c<\/td>\n<td data-col-size=\"md\" data-start=\"1756\" data-end=\"1798\">Th\u1ee5 \u0111\u1ed9ng<\/td>\n<\/tr>\n<tr data-start=\"1799\" data-end=\"1887\">\n<td data-start=\"1799\" data-end=\"1820\" data-col-size=\"sm\">C\u01a1 h\u1ecdc<\/td>\n<td data-col-size=\"sm\" data-start=\"1820\" data-end=\"1845\">V\u1eadt li\u1ec7u nh\u00e0 \u1edf<\/td>\n<td data-col-size=\"md\" data-start=\"1845\" data-end=\"1887\">ABS<\/td>\n<\/tr>\n<tr data-start=\"1888\" data-end=\"1976\">\n<td data-start=\"1888\" data-end=\"1909\" data-col-size=\"sm\">K\u00edch th\u01b0\u1edbc<\/td>\n<td data-start=\"1909\" data-end=\"1934\" data-col-size=\"sm\">K\u00edch c\u1ee1<\/td>\n<td data-col-size=\"md\" data-start=\"1934\" data-end=\"1976\">135 \u00d7 22 \u00d7 12 mm<\/td>\n<\/tr>\n<tr data-start=\"1977\" data-end=\"2065\">\n<td data-start=\"1977\" data-end=\"1998\" data-col-size=\"sm\">K\u00fd \u1ee9c<\/td>\n<td data-col-size=\"sm\" data-start=\"1998\" data-end=\"2023\">TID \/ EPC \/ Ng\u01b0\u1eddi d\u00f9ng<\/td>\n<td data-col-size=\"md\" data-start=\"2023\" data-end=\"2065\">64 bit \/ 96 bit \/ 512 bit<\/td>\n<\/tr>\n<tr data-start=\"2066\" data-end=\"2154\">\n<td data-start=\"2066\" data-end=\"2087\" data-col-size=\"sm\">Giao di\u1ec7n<\/td>\n<td data-start=\"2087\" data-end=\"2112\" data-col-size=\"sm\">Giao ti\u1ebfp<\/td>\n<td data-col-size=\"md\" data-start=\"2112\" data-end=\"2154\">RFID<\/td>\n<\/tr>\n<tr data-start=\"2155\" data-end=\"2243\">\n<td data-start=\"2155\" data-end=\"2176\" data-col-size=\"sm\">M\u00f4i tr\u01b0\u1eddng<\/td>\n<td data-col-size=\"sm\" data-start=\"2176\" data-end=\"2201\">Nhi\u1ec7t \u0111\u1ed9 \u1ee9ng d\u1ee5ng<\/td>\n<td data-col-size=\"md\" data-start=\"2201\" data-end=\"2243\">\u221240 \u2103 \u0111\u1ebfn +150 \u2103<\/td>\n<\/tr>\n<tr data-start=\"2244\" data-end=\"2332\">\n<td data-start=\"2244\" data-end=\"2265\" data-col-size=\"sm\">S\u1ef1 b\u1ea3o v\u1ec7<\/td>\n<td data-col-size=\"sm\" data-start=\"2265\" data-end=\"2290\">T\u00ednh n\u0103ng \u0111\u1eb7c bi\u1ec7t<\/td>\n<td data-col-size=\"md\" data-start=\"2290\" data-end=\"2332\">Ch\u1ed1ng th\u1ea5m n\u01b0\u1edbc \/ Ch\u1ed1ng ch\u1ecbu th\u1eddi ti\u1ebft<\/td>\n<\/tr>\n<tr data-start=\"2333\" data-end=\"2421\">\n<td data-start=\"2333\" data-end=\"2354\" data-col-size=\"sm\">C\u00e1 nh\u00e2n h\u00f3a<\/td>\n<td data-col-size=\"sm\" data-start=\"2354\" data-end=\"2379\">T\u00f9y ch\u1ecdn<\/td>\n<td data-col-size=\"md\" data-start=\"2379\" data-end=\"2421\">T\u00f9y ch\u1ec9nh k\u00edch th\u01b0\u1edbc cho \u0111\u01a1n h\u00e0ng s\u1ed1 l\u01b0\u1ee3ng l\u1edbn<\/td>\n<\/tr>\n<tr data-start=\"2422\" data-end=\"2516\">\n<td data-start=\"2422\" data-end=\"2443\" data-col-size=\"sm\">C\u00e1c tr\u01b0\u1eddng h\u1ee3p s\u1eed d\u1ee5ng<\/td>\n<td data-col-size=\"sm\" data-start=\"2443\" data-end=\"2468\">\u1ee8ng d\u1ee5ng \u0111i\u1ec3n h\u00ecnh<\/td>\n<td data-col-size=\"md\" data-start=\"2468\" data-end=\"2516\">T\u00e0i s\u1ea3n kim lo\u1ea1i, c\u00f4ng c\u1ee5, thi\u1ebft b\u1ecb CNTT, m\u00e1y m\u00f3c<\/td>\n<\/tr>\n<\/tbody>\n<\/table>\n<\/div>\n<\/div>","protected":false},"excerpt":{"rendered":"<p>Th\u1ebb RFID ch\u1ed1ng kim lo\u1ea1i ABS UHF d\u00e0nh cho t\u00e0i s\u1ea3n kim lo\u1ea1i\u2014EPC Gen2v2, v\u1ecf ABS th\u1ee5 \u0111\u1ed9ng, ch\u1ed1ng ch\u1ecbu th\u1eddi ti\u1ebft, \u221240 \u2103 \u0111\u1ebfn +150 \u2103, k\u00edch th\u01b0\u1edbc ti\u00eau chu\u1ea9n 135\u00d722\u00d712 mm v\u1edbi c\u00e1c t\u00f9y ch\u1ecdn c\u00f3 th\u1ec3 t\u00f9y ch\u1ec9nh.<\/p>","protected":false},"featured_media":879,"template":"","meta":{"_gspb_post_css":""},"product_brand":[],"product_cat":[24,26],"product_tag":[],"class_list":{"0":"post-881","1":"product","2":"type-product","3":"status-publish","4":"has-post-thumbnail","6":"product_cat-rfid-tags","7":"product_cat-anti-metal-abs-uhf-rfid-tags","9":"first","10":"instock","11":"shipping-taxable","12":"purchasable","13":"product-type-simple"},"_links":{"self":[{"href":"https:\/\/www.cxjsmartcard.com\/vi\/wp-json\/wp\/v2\/product\/881","targetHints":{"allow":["GET"]}}],"collection":[{"href":"https:\/\/www.cxjsmartcard.com\/vi\/wp-json\/wp\/v2\/product"}],"about":[{"href":"https:\/\/www.cxjsmartcard.com\/vi\/wp-json\/wp\/v2\/types\/product"}],"wp:featuredmedia":[{"embeddable":true,"href":"https:\/\/www.cxjsmartcard.com\/vi\/wp-json\/wp\/v2\/media\/879"}],"wp:attachment":[{"href":"https:\/\/www.cxjsmartcard.com\/vi\/wp-json\/wp\/v2\/media?parent=881"}],"wp:term":[{"taxonomy":"product_brand","embeddable":true,"href":"https:\/\/www.cxjsmartcard.com\/vi\/wp-json\/wp\/v2\/product_brand?post=881"},{"taxonomy":"product_cat","embeddable":true,"href":"https:\/\/www.cxjsmartcard.com\/vi\/wp-json\/wp\/v2\/product_cat?post=881"},{"taxonomy":"product_tag","embeddable":true,"href":"https:\/\/www.cxjsmartcard.com\/vi\/wp-json\/wp\/v2\/product_tag?post=881"}],"curies":[{"name":"trang web","href":"https:\/\/api.w.org\/{rel}","templated":true}]}}