{"id":873,"date":"2025-11-03T08:55:50","date_gmt":"2025-11-03T08:55:50","guid":{"rendered":"https:\/\/www.cxjsmartcard.com\/?post_type=product&#038;p=873"},"modified":"2025-12-29T01:27:08","modified_gmt":"2025-12-29T01:27:08","slug":"rewritable-long-range-abs-uhf-rfid-anti-metal-tag","status":"publish","type":"product","link":"https:\/\/www.cxjsmartcard.com\/vi\/rewritable-long-range-abs-uhf-rfid-anti-metal-tag\/","title":{"rendered":"Th\u1ebb ch\u1ed1ng kim lo\u1ea1i RFID UHF ABS t\u1ea7m xa c\u00f3 th\u1ec3 ghi l\u1ea1i nhi\u1ec1u l\u1ea7n"},"content":{"rendered":"<p data-start=\"61\" data-end=\"323\">Th\u1ebb ch\u1ed1ng kim lo\u1ea1i UHF ABS b\u1ec1n ch\u1eafc, \u0111\u01b0\u1ee3c t\u1ed1i \u01b0u h\u00f3a \u0111\u1ec3 g\u1eafn tr\u00ean c\u00e1c t\u00e0i s\u1ea3n kim lo\u1ea1i. \u0110\u01b0\u1ee3c thi\u1ebft k\u1ebf \u0111\u1ec3 \u0111\u1ecdc t\u1eeb xa v\u00e0 trong m\u00f4i tr\u01b0\u1eddng kh\u1eafc nghi\u1ec7t, th\u1ebb mang l\u1ea1i hi\u1ec7u su\u1ea5t \u1ed5n \u0111\u1ecbnh tr\u00ean c\u00e1c b\u1ec1 m\u1eb7t d\u1eabn \u0111i\u1ec7n cho ki\u1ec3m so\u00e1t ra v\u00e0o, h\u1eadu c\u1ea7n, kho b\u00e3i v\u00e0 theo d\u00f5i t\u00e0i s\u1ea3n c\u00f4ng nghi\u1ec7p.<\/p>\n<p data-start=\"325\" data-end=\"343\"><strong data-start=\"325\" data-end=\"341\">L\u1ee3i \u00edch ch\u00ednh<\/strong><\/p>\n<ul data-start=\"344\" data-end=\"715\">\n<li data-start=\"344\" data-end=\"413\">\n<p data-start=\"346\" data-end=\"413\"><strong data-start=\"346\" data-end=\"361\">T\u1ea7m xa:<\/strong> 6\u201312 m (ph\u1ee5 thu\u1ed9c v\u00e0o \u0111\u1ea7u \u0111\u1ecdc\/\u0103ng-ten v\u00e0 m\u00f4i tr\u01b0\u1eddng)<\/p>\n<\/li>\n<li data-start=\"414\" data-end=\"487\">\n<p data-start=\"416\" data-end=\"487\"><strong data-start=\"416\" data-end=\"441\">Hi\u1ec7u su\u1ea5t tr\u00ean kim lo\u1ea1i:<\/strong> C\u1ea5u tr\u00fac b\u00ean trong \u0111\u01b0\u1ee3c \u0111i\u1ec1u ch\u1ec9nh cho b\u1ec1 m\u1eb7t kim lo\u1ea1i<\/p>\n<\/li>\n<li data-start=\"488\" data-end=\"557\">\n<p data-start=\"490\" data-end=\"557\"><strong data-start=\"490\" data-end=\"512\">B\u1ed9 nh\u1edb c\u00f3 th\u1ec3 ghi l\u1ea1i:<\/strong> C\u1eadp nh\u1eadt d\u1eef li\u1ec7u trong su\u1ed1t v\u00f2ng \u0111\u1eddi t\u00e0i s\u1ea3n<\/p>\n<\/li>\n<li data-start=\"558\" data-end=\"651\">\n<p data-start=\"560\" data-end=\"651\"><strong data-start=\"560\" data-end=\"577\">Ch\u1ed1ng ch\u1ecbu th\u1eddi ti\u1ebft:<\/strong> V\u1ecf ABS ch\u1ed1ng th\u1ea5m n\u01b0\u1edbc\/ch\u1ed1ng ch\u1ecbu th\u1eddi ti\u1ebft trong d\u1ea1ng \u201cth\u1ebb mini\u201d nh\u1ecf g\u1ecdn<\/p>\n<\/li>\n<li data-start=\"652\" data-end=\"715\">\n<p data-start=\"654\" data-end=\"715\"><strong data-start=\"654\" data-end=\"674\">S\u1eb5n s\u00e0ng theo ti\u00eau chu\u1ea9n:<\/strong> EPC C1G2 \/ ISO\/IEC 18000-6C, 860\u2013960 MHz<\/p>\n<\/li>\n<\/ul>\n<p data-start=\"717\" data-end=\"865\"><strong data-start=\"717\" data-end=\"733\">\u1ee8ng d\u1ee5ng<\/strong><br data-start=\"733\" data-end=\"736\" \/>Ki\u1ec3m so\u00e1t ra v\u00e0o v\u00e0 c\u1ed5ng \u2022 Theo d\u00f5i d\u1ee5ng c\u1ee5 v\u00e0 thi\u1ebft b\u1ecb kim lo\u1ea1i \u2022 Ho\u1ea1t \u0111\u1ed9ng c\u1ee7a kh\u00e1ch s\u1ea1n v\u00e0 c\u01a1 s\u1edf \u2022 H\u1eadu c\u1ea7n v\u00e0 ki\u1ec3m k\u00ea kho b\u00e3i.<\/p>\n<p data-start=\"867\" data-end=\"1105\"><strong data-start=\"867\" data-end=\"875\">C\u00e2u h\u1ecfi th\u01b0\u1eddng g\u1eb7p<\/strong><br data-start=\"875\" data-end=\"878\" \/><strong data-start=\"878\" data-end=\"924\">C\u00e2u h\u1ecfi 1: N\u00f3 c\u00f3 th\u1ec3 theo d\u00f5i c\u00e1c d\u1ee5ng c\u1ee5 v\u00e0 \u0111\u1ed3 \u0111\u1ea1c b\u1eb1ng kim lo\u1ea1i kh\u00f4ng?<\/strong> C\u00f3\u2014\u0111\u01b0\u1ee3c thi\u1ebft k\u1ebf \u0111\u1ec3 s\u1eed d\u1ee5ng tr\u00ean kim lo\u1ea1i.<br data-start=\"957\" data-end=\"960\" \/><strong data-start=\"960\" data-end=\"985\">C\u00e2u h\u1ecfi 2: C\u00f3 th\u1ec3 ghi l\u1ea1i \u0111\u01b0\u1ee3c kh\u00f4ng?<\/strong> C\u00f3\u2014h\u1ed7 tr\u1ee3 c\u1eadp nh\u1eadt d\u1eef li\u1ec7u theo th\u1eddi gian.<br data-start=\"1022\" data-end=\"1025\" \/><strong data-start=\"1025\" data-end=\"1055\">C\u00e2u h\u1ecfi 3: C\u00f3 m\u1eabu s\u1eb5n kh\u00f4ng?<\/strong> C\u00f3\u2014c\u00f3 s\u1eb5n c\u00e1c g\u00f3i m\u1eabu \u0111\u1ec3 th\u1eed nghi\u1ec7m th\u00ed \u0111i\u1ec3m.<\/p>\n<h2 data-start=\"1107\" data-end=\"1132\">B\u1ea3ng (Th\u00f4ng s\u1ed1 k\u1ef9 thu\u1eadt)<\/h2>\n<div class=\"_tableContainer_1rjym_1\">\n<div class=\"group _tableWrapper_1rjym_13 flex w-fit flex-col-reverse\" tabindex=\"-1\">\n<table class=\"w-fit min-w-(--thread-content-width)\" data-start=\"1134\" data-end=\"2492\">\n<thead data-start=\"1134\" data-end=\"1231\">\n<tr data-start=\"1134\" data-end=\"1231\">\n<th data-start=\"1134\" data-end=\"1156\" data-col-size=\"sm\">Lo\u1ea1i<\/th>\n<th data-start=\"1156\" data-end=\"1181\" data-col-size=\"sm\">Tham s\u1ed1<\/th>\n<th data-start=\"1181\" data-end=\"1231\" data-col-size=\"md\">Gi\u00e1 tr\u1ecb<\/th>\n<\/tr>\n<\/thead>\n<tbody data-start=\"1329\" data-end=\"2492\">\n<tr data-start=\"1329\" data-end=\"1425\">\n<td data-start=\"1329\" data-end=\"1350\" data-col-size=\"sm\">S\u1ea3n ph\u1ea9m<\/td>\n<td data-col-size=\"sm\" data-start=\"1350\" data-end=\"1375\">T\u00ean<\/td>\n<td data-col-size=\"md\" data-start=\"1375\" data-end=\"1425\">Th\u1ebb ch\u1ed1ng kim lo\u1ea1i UHF c\u00f3 th\u1ec3 ghi l\u1ea1i (Mini)<\/td>\n<\/tr>\n<tr data-start=\"1426\" data-end=\"1522\">\n<td data-start=\"1426\" data-end=\"1447\" data-col-size=\"sm\">T\u00f9y ch\u1ecdn IC<\/td>\n<td data-col-size=\"sm\" data-start=\"1447\" data-end=\"1472\">Chip<\/td>\n<td data-col-size=\"md\" data-start=\"1472\" data-end=\"1522\">Higgs 9; t\u00f9y ch\u1ecdn t\u00f9y ch\u1ec9nh (h\u1ecd Impinj\/Monza)<\/td>\n<\/tr>\n<tr data-start=\"1523\" data-end=\"1619\">\n<td data-start=\"1523\" data-end=\"1544\" data-col-size=\"sm\">T\u1ea7n s\u1ed1 v\u00f4 tuy\u1ebfn<\/td>\n<td data-start=\"1544\" data-end=\"1569\" data-col-size=\"sm\">T\u00ednh th\u01b0\u1eddng xuy\u00ean<\/td>\n<td data-col-size=\"md\" data-start=\"1569\" data-end=\"1619\">860\u2013960 MHz<\/td>\n<\/tr>\n<tr data-start=\"1620\" data-end=\"1716\">\n<td data-start=\"1620\" data-end=\"1641\" data-col-size=\"sm\"><\/td>\n<td data-col-size=\"sm\" data-start=\"1641\" data-end=\"1666\">Giao th\u1ee9c<\/td>\n<td data-col-size=\"md\" data-start=\"1666\" data-end=\"1716\">ISO\/IEC 18000-6C; EPC L\u1edbp 1 Th\u1ebf h\u1ec7 2<\/td>\n<\/tr>\n<tr data-start=\"1717\" data-end=\"1813\">\n<td data-start=\"1717\" data-end=\"1738\" data-col-size=\"sm\">Hi\u1ec7u su\u1ea5t<\/td>\n<td data-col-size=\"sm\" data-start=\"1738\" data-end=\"1763\">Kho\u1ea3ng c\u00e1ch \u0111\u1ecdc<\/td>\n<td data-col-size=\"md\" data-start=\"1763\" data-end=\"1813\">6\u201312 m (ph\u1ee5 thu\u1ed9c v\u00e0o \u0111\u1ea7u \u0111\u1ecdc\/\u0103ng-ten\/m\u00f4i tr\u01b0\u1eddng)<\/td>\n<\/tr>\n<tr data-start=\"1814\" data-end=\"1910\">\n<td data-start=\"1814\" data-end=\"1835\" data-col-size=\"sm\">C\u01a1 h\u1ecdc<\/td>\n<td data-col-size=\"sm\" data-start=\"1835\" data-end=\"1860\">V\u1eadt li\u1ec7u nh\u00e0 \u1edf<\/td>\n<td data-col-size=\"md\" data-start=\"1860\" data-end=\"1910\">ABS c\u1ea5p c\u00f4ng nghi\u1ec7p<\/td>\n<\/tr>\n<tr data-start=\"1911\" data-end=\"2007\">\n<td data-start=\"1911\" data-end=\"1932\" data-col-size=\"sm\">S\u1ef1 b\u1ea3o v\u1ec7<\/td>\n<td data-col-size=\"sm\" data-start=\"1932\" data-end=\"1957\">M\u00f4i tr\u01b0\u1eddng<\/td>\n<td data-col-size=\"md\" data-start=\"1957\" data-end=\"2007\">Ch\u1ed1ng th\u1ea5m n\u01b0\u1edbc \/ Ch\u1ed1ng ch\u1ecbu th\u1eddi ti\u1ebft<\/td>\n<\/tr>\n<tr data-start=\"2008\" data-end=\"2104\">\n<td data-start=\"2008\" data-end=\"2029\" data-col-size=\"sm\">Giao di\u1ec7n<\/td>\n<td data-col-size=\"sm\" data-start=\"2029\" data-end=\"2054\">Giao ti\u1ebfp<\/td>\n<td data-col-size=\"md\" data-start=\"2054\" data-end=\"2104\">RFID UHF th\u1ee5 \u0111\u1ed9ng<\/td>\n<\/tr>\n<tr data-start=\"2105\" data-end=\"2201\">\n<td data-start=\"2105\" data-end=\"2126\" data-col-size=\"sm\">Y\u1ebfu t\u1ed1 h\u00ecnh th\u1ee9c<\/td>\n<td data-start=\"2126\" data-end=\"2151\" data-col-size=\"sm\">Ki\u1ec3u<\/td>\n<td data-start=\"2151\" data-end=\"2201\" data-col-size=\"md\">Th\u1ebb mini tr\u00ean kim lo\u1ea1i<\/td>\n<\/tr>\n<tr data-start=\"2202\" data-end=\"2298\">\n<td data-start=\"2202\" data-end=\"2223\" data-col-size=\"sm\">Bao b\u00ec<\/td>\n<td data-col-size=\"sm\" data-start=\"2223\" data-end=\"2248\">Cung c\u1ea5p<\/td>\n<td data-col-size=\"md\" data-start=\"2248\" data-end=\"2298\">H\u1ed9p \u0111\u00f3ng g\u00f3i<\/td>\n<\/tr>\n<tr data-start=\"2299\" data-end=\"2395\">\n<td data-start=\"2299\" data-end=\"2320\" data-col-size=\"sm\">Ngu\u1ed3n g\u1ed1c<\/td>\n<td data-col-size=\"sm\" data-start=\"2320\" data-end=\"2345\">N\u01a1i xu\u1ea5t x\u1ee9<\/td>\n<td data-col-size=\"md\" data-start=\"2345\" data-end=\"2395\">Qu\u1ea3ng \u0110\u00f4ng, Trung Qu\u1ed1c<\/td>\n<\/tr>\n<tr data-start=\"2396\" data-end=\"2492\">\n<td data-start=\"2396\" data-end=\"2417\" data-col-size=\"sm\">\u1ee8ng d\u1ee5ng<\/td>\n<td data-col-size=\"sm\" data-start=\"2417\" data-end=\"2442\">C\u00e1c tr\u01b0\u1eddng h\u1ee3p s\u1eed d\u1ee5ng \u0111i\u1ec3n h\u00ecnh<\/td>\n<td data-col-size=\"md\" data-start=\"2442\" data-end=\"2492\">Ki\u1ec3m so\u00e1t ra v\u00e0o, kh\u00e1ch s\u1ea1n, h\u1eadu c\u1ea7n, h\u00e0ng t\u1ed3n kho<\/td>\n<\/tr>\n<\/tbody>\n<\/table>\n<\/div>\n<\/div>","protected":false},"excerpt":{"rendered":"<p>Th\u1ebb ch\u1ed1ng kim lo\u1ea1i UHF ABS c\u00f3 th\u1ec3 ghi l\u1ea1i t\u1ea7m xa (6\u201312 m) d\u00e0nh cho t\u00e0i s\u1ea3n kim lo\u1ea1i\u2014EPC Gen2\/ISO 18000-6C, v\u1ecf ch\u1ed1ng th\u1ea5m n\u01b0\u1edbc\/ch\u1ecbu \u0111\u01b0\u1ee3c th\u1eddi ti\u1ebft v\u00e0 c\u00f3 h\u00ecnh th\u1ee9c nh\u1ecf g\u1ecdn \u0111\u1ec3 theo d\u00f5i c\u00f4ng nghi\u1ec7p.<\/p>","protected":false},"featured_media":876,"template":"","meta":{"_gspb_post_css":""},"product_brand":[],"product_cat":[24,26],"product_tag":[],"class_list":{"0":"post-873","1":"product","2":"type-product","3":"status-publish","4":"has-post-thumbnail","6":"product_cat-rfid-tags","7":"product_cat-anti-metal-abs-uhf-rfid-tags","9":"first","10":"instock","11":"shipping-taxable","12":"purchasable","13":"product-type-simple"},"_links":{"self":[{"href":"https:\/\/www.cxjsmartcard.com\/vi\/wp-json\/wp\/v2\/product\/873","targetHints":{"allow":["GET"]}}],"collection":[{"href":"https:\/\/www.cxjsmartcard.com\/vi\/wp-json\/wp\/v2\/product"}],"about":[{"href":"https:\/\/www.cxjsmartcard.com\/vi\/wp-json\/wp\/v2\/types\/product"}],"wp:featuredmedia":[{"embeddable":true,"href":"https:\/\/www.cxjsmartcard.com\/vi\/wp-json\/wp\/v2\/media\/876"}],"wp:attachment":[{"href":"https:\/\/www.cxjsmartcard.com\/vi\/wp-json\/wp\/v2\/media?parent=873"}],"wp:term":[{"taxonomy":"product_brand","embeddable":true,"href":"https:\/\/www.cxjsmartcard.com\/vi\/wp-json\/wp\/v2\/product_brand?post=873"},{"taxonomy":"product_cat","embeddable":true,"href":"https:\/\/www.cxjsmartcard.com\/vi\/wp-json\/wp\/v2\/product_cat?post=873"},{"taxonomy":"product_tag","embeddable":true,"href":"https:\/\/www.cxjsmartcard.com\/vi\/wp-json\/wp\/v2\/product_tag?post=873"}],"curies":[{"name":"trang web","href":"https:\/\/api.w.org\/{rel}","templated":true}]}}