{"id":868,"date":"2025-11-03T08:53:46","date_gmt":"2025-11-03T08:53:46","guid":{"rendered":"https:\/\/www.cxjsmartcard.com\/?post_type=product&#038;p=868"},"modified":"2025-12-29T01:27:08","modified_gmt":"2025-12-29T01:27:08","slug":"860-960mhz-uhf-anti-metal-abs-rfid-tag","status":"publish","type":"product","link":"https:\/\/www.cxjsmartcard.com\/vi\/860-960mhz-uhf-anti-metal-abs-rfid-tag\/","title":{"rendered":"Th\u1ebb RFID ABS ch\u1ed1ng kim lo\u1ea1i UHF 860\u2013960MHz"},"content":{"rendered":"<p data-start=\"50\" data-end=\"354\">Th\u1ebb UHF ch\u1ed1ng kim lo\u1ea1i b\u1ec1n ch\u1eafc \u0111\u01b0\u1ee3c thi\u1ebft k\u1ebf d\u00e0nh cho t\u00e0i s\u1ea3n kim lo\u1ea1i, pallet v\u00e0 thi\u1ebft b\u1ecb. V\u1ecf nh\u1ef1a ABS v\u1edbi l\u1edbp \u0111\u1ec7m b\u00ean trong duy tr\u00ec hi\u1ec7u su\u1ea5t \u0111\u1ecdc tr\u00ean kim lo\u1ea1i, \u0111\u1ed3ng th\u1eddi ch\u1ed1ng n\u01b0\u1edbc, va \u0111\u1eadp v\u00e0 h\u00f3a ch\u1ea5t. Kho\u1ea3ng c\u00e1ch \u0111\u1ecdc th\u00f4ng th\u01b0\u1eddng l\u00ean \u0111\u1ebfn 8 m trong c\u00e1c h\u1ec7 th\u1ed1ng UHF \u0111\u01b0\u1ee3c \u0111i\u1ec1u ch\u1ec9nh (t\u00f9y thu\u1ed9c v\u00e0o m\u00f4i tr\u01b0\u1eddng\/\u0111\u1ea7u \u0111\u1ecdc).<\/p>\n<p data-start=\"356\" data-end=\"374\"><strong data-start=\"356\" data-end=\"372\">C\u00e1c t\u00ednh n\u0103ng ch\u00ednh<\/strong><\/p>\n<ul data-start=\"375\" data-end=\"713\">\n<li data-start=\"375\" data-end=\"427\">\n<p data-start=\"377\" data-end=\"427\">860\u2013960 MHz, EPC L\u1edbp 1 Gen2 (ISO\/IEC 18000-6C)<\/p>\n<\/li>\n<li data-start=\"428\" data-end=\"495\">\n<p data-start=\"430\" data-end=\"495\">C\u1ea5u tr\u00fac ABS + b\u1ecdt bi\u1ec3n b\u00ean trong; ch\u1ed1ng th\u1ea5m n\u01b0\u1edbc\/ch\u1ed1ng ch\u1ecbu th\u1eddi ti\u1ebft (IP65)<\/p>\n<\/li>\n<li data-start=\"496\" data-end=\"539\">\n<p data-start=\"498\" data-end=\"539\">Ph\u1ea1m vi \u0111\u1ecdc l\u00ean \u0111\u1ebfn 8 m; \u0111\u1ecdc nhi\u1ec1u th\u1ebb<\/p>\n<\/li>\n<li data-start=\"540\" data-end=\"590\">\n<p data-start=\"542\" data-end=\"590\">T\u00f9y ch\u1ecdn chip: Alien H3; Impinj M4D\/M4E\/M4QT\/M5<\/p>\n<\/li>\n<li data-start=\"591\" data-end=\"642\">\n<p data-start=\"593\" data-end=\"642\">\u2265100.000 chu k\u1ef3 ghi; l\u01b0u gi\u1eef d\u1eef li\u1ec7u &gt;10 n\u0103m<\/p>\n<\/li>\n<li data-start=\"643\" data-end=\"713\">\n<p data-start=\"645\" data-end=\"713\">L\u1eafp b\u1eb1ng v\u00edt ho\u1eb7c keo d\u00e1n c\u00f4ng nghi\u1ec7p; h\u1ed7 tr\u1ee3 in\/m\u00e3 h\u00f3a<\/p>\n<\/li>\n<\/ul>\n<p data-start=\"715\" data-end=\"859\"><strong data-start=\"715\" data-end=\"731\">\u1ee8ng d\u1ee5ng<\/strong><br data-start=\"731\" data-end=\"734\" \/>Theo d\u00f5i kho v\u00e0 pallet \u2022 Qu\u1ea3n l\u00fd t\u00e0i s\u1ea3n c\u00f4ng nghi\u1ec7p \u2022 Ghi nh\u00e3n k\u1ec7 v\u00e0 thi\u1ebft b\u1ecb \u2022 Theo d\u00f5i t\u00e0i s\u1ea3n kim lo\u1ea1i ngo\u00e0i tr\u1eddi.<\/p>\n<h2 data-start=\"861\" data-end=\"886\">B\u1ea3ng (Th\u00f4ng s\u1ed1 k\u1ef9 thu\u1eadt)<\/h2>\n<div class=\"_tableContainer_1rjym_1\">\n<div class=\"group _tableWrapper_1rjym_13 flex w-fit flex-col-reverse\" tabindex=\"-1\">\n<table class=\"w-fit min-w-(--thread-content-width)\" data-start=\"888\" data-end=\"3241\">\n<thead data-start=\"888\" data-end=\"999\">\n<tr data-start=\"888\" data-end=\"999\">\n<th data-start=\"888\" data-end=\"910\" data-col-size=\"sm\">Lo\u1ea1i<\/th>\n<th data-start=\"910\" data-end=\"934\" data-col-size=\"sm\">Tham s\u1ed1<\/th>\n<th data-start=\"934\" data-end=\"999\" data-col-size=\"md\">Gi\u00e1 tr\u1ecb<\/th>\n<\/tr>\n<\/thead>\n<tbody data-start=\"1112\" data-end=\"3241\">\n<tr data-start=\"1112\" data-end=\"1223\">\n<td data-start=\"1112\" data-end=\"1134\" data-col-size=\"sm\">S\u1ea3n ph\u1ea9m<\/td>\n<td data-col-size=\"sm\" data-start=\"1134\" data-end=\"1158\">T\u00ean<\/td>\n<td data-col-size=\"md\" data-start=\"1158\" data-end=\"1223\">Th\u1ebb RFID ch\u1ed1ng kim lo\u1ea1i ABS UHF<\/td>\n<\/tr>\n<tr data-start=\"1224\" data-end=\"1335\">\n<td data-start=\"1224\" data-end=\"1246\" data-col-size=\"sm\">T\u1ea7n s\u1ed1 v\u00f4 tuy\u1ebfn<\/td>\n<td data-col-size=\"sm\" data-start=\"1246\" data-end=\"1270\">T\u00ednh th\u01b0\u1eddng xuy\u00ean<\/td>\n<td data-col-size=\"md\" data-start=\"1270\" data-end=\"1335\">860\u2013960 MHz (UHF); t\u00f9y ch\u1ecdn bi\u1ebfn th\u1ec3 13,56 MHz<\/td>\n<\/tr>\n<tr data-start=\"1336\" data-end=\"1447\">\n<td data-start=\"1336\" data-end=\"1358\" data-col-size=\"sm\"><\/td>\n<td data-col-size=\"sm\" data-start=\"1358\" data-end=\"1382\">Giao th\u1ee9c<\/td>\n<td data-col-size=\"md\" data-start=\"1382\" data-end=\"1447\">EPC L\u1edbp 1 Th\u1ebf h\u1ec7 2 \/ ISO\/IEC 18000-6C<\/td>\n<\/tr>\n<tr data-start=\"1448\" data-end=\"1559\">\n<td data-start=\"1448\" data-end=\"1470\" data-col-size=\"sm\">T\u00f9y ch\u1ecdn IC<\/td>\n<td data-col-size=\"sm\" data-start=\"1470\" data-end=\"1494\">Khoai t\u00e2y chi\u00ean<\/td>\n<td data-col-size=\"md\" data-start=\"1494\" data-end=\"1559\">Ng\u01b0\u1eddi ngo\u00e0i h\u00e0nh tinh H3; Impinj M4D\/M4E\/M4QT\/M5<\/td>\n<\/tr>\n<tr data-start=\"1560\" data-end=\"1671\">\n<td data-start=\"1560\" data-end=\"1582\" data-col-size=\"sm\">\u0102ng-ten<\/td>\n<td data-col-size=\"sm\" data-start=\"1582\" data-end=\"1606\">Ki\u1ec3u<\/td>\n<td data-col-size=\"md\" data-start=\"1606\" data-end=\"1671\">Nh\u00f4m kh\u1eafc<\/td>\n<\/tr>\n<tr data-start=\"1672\" data-end=\"1783\">\n<td data-start=\"1672\" data-end=\"1694\" data-col-size=\"sm\">C\u01a1 h\u1ecdc<\/td>\n<td data-col-size=\"sm\" data-start=\"1694\" data-end=\"1718\">V\u1eadt li\u1ec7u nh\u00e0 \u1edf<\/td>\n<td data-col-size=\"md\" data-start=\"1718\" data-end=\"1783\">ABS + b\u1ecdt bi\u1ec3n gelatin<\/td>\n<\/tr>\n<tr data-start=\"1784\" data-end=\"1895\">\n<td data-start=\"1784\" data-end=\"1806\" data-col-size=\"sm\">K\u00edch th\u01b0\u1edbc<\/td>\n<td data-col-size=\"sm\" data-start=\"1806\" data-end=\"1830\">K\u00edch c\u1ee1<\/td>\n<td data-col-size=\"md\" data-start=\"1830\" data-end=\"1895\">125 \u00d7 21,5 \u00d7 12,5 mm (c\u00f3 th\u1ec3 t\u00f9y ch\u1ec9nh)<\/td>\n<\/tr>\n<tr data-start=\"1896\" data-end=\"2007\">\n<td data-start=\"1896\" data-end=\"1918\" data-col-size=\"sm\">Hi\u1ec7u su\u1ea5t<\/td>\n<td data-col-size=\"sm\" data-start=\"1918\" data-end=\"1942\">Kho\u1ea3ng c\u00e1ch \u0111\u1ecdc<\/td>\n<td data-col-size=\"md\" data-start=\"1942\" data-end=\"2007\">L\u00ean \u0111\u1ebfn 8 m (t\u00f9y thu\u1ed9c v\u00e0o \u0111\u1ea7u \u0111\u1ecdc\/m\u00f4i tr\u01b0\u1eddng)<\/td>\n<\/tr>\n<tr data-start=\"2008\" data-end=\"2119\">\n<td data-start=\"2008\" data-end=\"2030\" data-col-size=\"sm\">S\u1ee9c b\u1ec1n<\/td>\n<td data-col-size=\"sm\" data-start=\"2030\" data-end=\"2054\">Chu k\u1ef3 vi\u1ebft<\/td>\n<td data-col-size=\"md\" data-start=\"2054\" data-end=\"2119\">\u2265100.000<\/td>\n<\/tr>\n<tr data-start=\"2120\" data-end=\"2231\">\n<td data-start=\"2120\" data-end=\"2142\" data-col-size=\"sm\">D\u1eef li\u1ec7u<\/td>\n<td data-col-size=\"sm\" data-start=\"2142\" data-end=\"2166\">Gi\u1eef ch\u00e2n<\/td>\n<td data-col-size=\"md\" data-start=\"2166\" data-end=\"2231\">&gt;10 n\u0103m<\/td>\n<\/tr>\n<tr data-start=\"2232\" data-end=\"2343\">\n<td data-start=\"2232\" data-end=\"2254\" data-col-size=\"sm\">M\u00f4i tr\u01b0\u1eddng<\/td>\n<td data-start=\"2254\" data-end=\"2278\" data-col-size=\"sm\">Nhi\u1ec7t \u0111\u1ed9 ho\u1ea1t \u0111\u1ed9ng<\/td>\n<td data-col-size=\"md\" data-start=\"2278\" data-end=\"2343\">\u221225 \u2103 \u0111\u1ebfn +55 \u2103<\/td>\n<\/tr>\n<tr data-start=\"2344\" data-end=\"2455\">\n<td data-start=\"2344\" data-end=\"2366\" data-col-size=\"sm\"><\/td>\n<td data-col-size=\"sm\" data-start=\"2366\" data-end=\"2390\">Nhi\u1ec7t \u0111\u1ed9 l\u01b0u tr\u1eef<\/td>\n<td data-col-size=\"md\" data-start=\"2390\" data-end=\"2455\">\u221235 \u2103 \u0111\u1ebfn +75 \u2103<\/td>\n<\/tr>\n<tr data-start=\"2456\" data-end=\"2567\">\n<td data-start=\"2456\" data-end=\"2478\" data-col-size=\"sm\">S\u1ef1 b\u1ea3o v\u1ec7<\/td>\n<td data-col-size=\"sm\" data-start=\"2478\" data-end=\"2502\">X\u1ebfp h\u1ea1ng x\u00e2m nh\u1eadp<\/td>\n<td data-col-size=\"md\" data-start=\"2502\" data-end=\"2567\">IP65 (ch\u1ed1ng n\u01b0\u1edbc\/ch\u1ed1ng ch\u1ecbu th\u1eddi ti\u1ebft)<\/td>\n<\/tr>\n<tr data-start=\"2568\" data-end=\"2680\">\n<td data-start=\"2568\" data-end=\"2590\" data-col-size=\"sm\">L\u1eafp r\u00e1p<\/td>\n<td data-col-size=\"sm\" data-start=\"2590\" data-end=\"2614\">Ph\u01b0\u01a1ng ph\u00e1p<\/td>\n<td data-col-size=\"md\" data-start=\"2614\" data-end=\"2680\">V\u00edt ho\u1eb7c keo d\u00e1n c\u00f4ng nghi\u1ec7p<\/td>\n<\/tr>\n<tr data-start=\"2681\" data-end=\"2793\">\n<td data-start=\"2681\" data-end=\"2703\" data-col-size=\"sm\">C\u00e1 nh\u00e2n h\u00f3a<\/td>\n<td data-col-size=\"sm\" data-start=\"2703\" data-end=\"2727\">T\u00f9y ch\u1ecdn th\u1ee7 c\u00f4ng<\/td>\n<td data-col-size=\"md\" data-start=\"2727\" data-end=\"2793\">In l\u1ee5a\/in phun; m\u00e3 h\u00f3a<\/td>\n<\/tr>\n<tr data-start=\"2794\" data-end=\"2905\">\n<td data-start=\"2794\" data-end=\"2816\" data-col-size=\"sm\">Bao b\u00ec<\/td>\n<td data-start=\"2816\" data-end=\"2840\" data-col-size=\"sm\">S\u1ed1 l\u01b0\u1ee3ng g\u00f3i<\/td>\n<td data-col-size=\"md\" data-start=\"2840\" data-end=\"2905\">10 c\u00e1i\/t\u00fai; 500 c\u00e1i\/h\u1ed9p<\/td>\n<\/tr>\n<tr data-start=\"2906\" data-end=\"3017\">\n<td data-start=\"2906\" data-end=\"2928\" data-col-size=\"sm\">MOQ<\/td>\n<td data-start=\"2928\" data-end=\"2952\" data-col-size=\"sm\">\u0110\u01a1n h\u00e0ng t\u1ed1i thi\u1ec3u<\/td>\n<td data-col-size=\"md\" data-start=\"2952\" data-end=\"3017\">100 chi\u1ebfc<\/td>\n<\/tr>\n<tr data-start=\"3018\" data-end=\"3129\">\n<td data-start=\"3018\" data-end=\"3040\" data-col-size=\"sm\">Ngu\u1ed3n g\u1ed1c<\/td>\n<td data-col-size=\"sm\" data-start=\"3040\" data-end=\"3064\">N\u01a1i xu\u1ea5t x\u1ee9<\/td>\n<td data-col-size=\"md\" data-start=\"3064\" data-end=\"3129\">Qu\u1ea3ng \u0110\u00f4ng, Trung Qu\u1ed1c<\/td>\n<\/tr>\n<tr data-start=\"3130\" data-end=\"3241\">\n<td data-start=\"3130\" data-end=\"3152\" data-col-size=\"sm\">C\u00e1c tr\u01b0\u1eddng h\u1ee3p s\u1eed d\u1ee5ng<\/td>\n<td data-col-size=\"sm\" data-start=\"3152\" data-end=\"3176\">\u1ee8ng d\u1ee5ng<\/td>\n<td data-col-size=\"md\" data-start=\"3176\" data-end=\"3241\">Kho, pallet, k\u1ec7, thi\u1ebft b\u1ecb, t\u00e0i s\u1ea3n kim lo\u1ea1i ngo\u00e0i tr\u1eddi<\/td>\n<\/tr>\n<\/tbody>\n<\/table>\n<\/div>\n<\/div>","protected":false},"excerpt":{"rendered":"<p>Th\u1ebb ch\u1ed1ng kim lo\u1ea1i UHF ABS ch\u1eafc ch\u1eafn\u2014IP65, \u0111\u1ecdc \u0111\u01b0\u1ee3c t\u1ed1i \u0111a 8 m, EPC Gen2 v\u00e0 g\u1eafn v\u00edt\/d\u00e1n cho pallet, thi\u1ebft b\u1ecb v\u00e0 t\u00e0i s\u1ea3n kim lo\u1ea1i ngo\u00e0i tr\u1eddi.<\/p>","protected":false},"featured_media":869,"template":"","meta":{"_gspb_post_css":""},"product_brand":[],"product_cat":[24,26],"product_tag":[],"class_list":{"0":"post-868","1":"product","2":"type-product","3":"status-publish","4":"has-post-thumbnail","6":"product_cat-rfid-tags","7":"product_cat-anti-metal-abs-uhf-rfid-tags","9":"first","10":"instock","11":"shipping-taxable","12":"purchasable","13":"product-type-simple"},"_links":{"self":[{"href":"https:\/\/www.cxjsmartcard.com\/vi\/wp-json\/wp\/v2\/product\/868","targetHints":{"allow":["GET"]}}],"collection":[{"href":"https:\/\/www.cxjsmartcard.com\/vi\/wp-json\/wp\/v2\/product"}],"about":[{"href":"https:\/\/www.cxjsmartcard.com\/vi\/wp-json\/wp\/v2\/types\/product"}],"wp:featuredmedia":[{"embeddable":true,"href":"https:\/\/www.cxjsmartcard.com\/vi\/wp-json\/wp\/v2\/media\/869"}],"wp:attachment":[{"href":"https:\/\/www.cxjsmartcard.com\/vi\/wp-json\/wp\/v2\/media?parent=868"}],"wp:term":[{"taxonomy":"product_brand","embeddable":true,"href":"https:\/\/www.cxjsmartcard.com\/vi\/wp-json\/wp\/v2\/product_brand?post=868"},{"taxonomy":"product_cat","embeddable":true,"href":"https:\/\/www.cxjsmartcard.com\/vi\/wp-json\/wp\/v2\/product_cat?post=868"},{"taxonomy":"product_tag","embeddable":true,"href":"https:\/\/www.cxjsmartcard.com\/vi\/wp-json\/wp\/v2\/product_tag?post=868"}],"curies":[{"name":"trang web","href":"https:\/\/api.w.org\/{rel}","templated":true}]}}