{"id":867,"date":"2025-11-03T08:51:49","date_gmt":"2025-11-03T08:51:49","guid":{"rendered":"https:\/\/www.cxjsmartcard.com\/?post_type=product&#038;p=867"},"modified":"2025-12-29T01:27:08","modified_gmt":"2025-12-29T01:27:08","slug":"rfid-animal-transponder-glass-tube-tag-pet-identification-microchip","status":"publish","type":"product","link":"https:\/\/www.cxjsmartcard.com\/vi\/rfid-animal-transponder-glass-tube-tag-pet-identification-microchip\/","title":{"rendered":"Th\u1ebb \u1ed1ng th\u1ee7y tinh RFID nh\u1eadn d\u1ea1ng \u0111\u1ed9ng v\u1eadt \u2013 Vi m\u1ea1ch nh\u1eadn d\u1ea1ng th\u00fa c\u01b0ng"},"content":{"rendered":"<p data-start=\"81\" data-end=\"343\">Vi m\u1ea1ch LF \u0111\u01b0\u1ee3c b\u1ecdc th\u1ee7y tinh \u0111\u1ec3 nh\u1eadn d\u1ea1ng v\u00e0 ph\u1ee5c h\u1ed3i th\u00fa c\u01b0ng v\u0129nh vi\u1ec5n. B\u1ed9 ph\u00e1t \u0111\u00e1p th\u1ee5 \u0111\u1ed9ng (k\u00edch th\u01b0\u1edbc kho\u1ea3ng m\u1ed9t h\u1ea1t g\u1ea1o) \u0111\u01b0\u1ee3c ti\u00eam d\u01b0\u1edbi da v\u00e0 \u0111\u1ecdc b\u1eb1ng m\u00e1y qu\u00e9t \u0111\u1ea1t chu\u1ea9n ISO \u0111\u01b0\u1ee3c s\u1eed d\u1ee5ng t\u1ea1i c\u00e1c ph\u00f2ng kh\u00e1m, tr\u1ea1i c\u1ee9u h\u1ed9 v\u00e0 c\u01a1 s\u1edf ki\u1ec3m so\u00e1t \u0111\u1ed9ng v\u1eadt.<\/p>\n<p data-start=\"345\" data-end=\"553\"><strong data-start=\"345\" data-end=\"361\">N\u00f3 ho\u1ea1t \u0111\u1ed9ng nh\u01b0 th\u1ebf n\u00e0o<\/strong><br data-start=\"361\" data-end=\"364\" \/>M\u1ed7i \u1ed1ng ti\u00eam v\u00f4 tr\u00f9ng ch\u1ee9a m\u1ed9t vi m\u1ea1ch nh\u1eadn d\u1ea1ng duy nh\u1ea5t. Khi th\u00fa c\u01b0ng \u0111\u01b0\u1ee3c qu\u00e9t, m\u00e3 15 ch\u1eef s\u1ed1 s\u1ebd \u0111\u01b0\u1ee3c \u0111\u1ecdc \u1edf kho\u1ea3ng c\u00e1ch ng\u1eafn v\u00e0 \u0111\u1ed1i chi\u1ebfu v\u1edbi h\u1ed3 s\u01a1 \u0111\u0103ng k\u00fd \u0111\u1ec3 gi\u00fap \u0111o\u00e0n t\u1ee5 th\u00fa c\u01b0ng v\u1edbi ch\u1ee7.<\/p>\n<p data-start=\"555\" data-end=\"573\"><strong data-start=\"555\" data-end=\"571\">C\u00e1c t\u00ednh n\u0103ng ch\u00ednh<\/strong><\/p>\n<ul data-start=\"574\" data-end=\"917\">\n<li data-start=\"574\" data-end=\"620\">\n<p data-start=\"576\" data-end=\"620\">FDX-B 134,2 kHz, tu\u00e2n th\u1ee7 ISO 11784\/11785<\/p>\n<\/li>\n<li data-start=\"621\" data-end=\"669\">\n<p data-start=\"623\" data-end=\"669\">Vi\u00ean nang th\u1ee7y tinh y t\u1ebf c\u00f3 \u0103ng-ten b\u1eb1ng \u0111\u1ed3ng<\/p>\n<\/li>\n<li data-start=\"670\" data-end=\"714\">\n<p data-start=\"672\" data-end=\"714\">Kh\u1eed tr\u00f9ng b\u1eb1ng kh\u00ed EO, ph\u1ee7 parylene<\/p>\n<\/li>\n<li data-start=\"715\" data-end=\"771\">\n<p data-start=\"717\" data-end=\"771\">Kho\u1ea3ng c\u00e1ch \u0111\u1ecdc l\u00ean \u0111\u1ebfn ~1\u201312 cm (t\u00f9y thu\u1ed9c v\u00e0o k\u00edch th\u01b0\u1edbc\/\u0111\u1ea7u \u0111\u1ecdc)<\/p>\n<\/li>\n<li data-start=\"772\" data-end=\"840\">\n<p data-start=\"774\" data-end=\"840\">C\u00e1c y\u1ebfu t\u1ed1 thi\u1ebft k\u1ebf ch\u1ed1ng vi khu\u1ea9n, ch\u1ed1ng d\u1ecb \u1ee9ng v\u00e0 ch\u1ed1ng \u0111\u00e0o th\u1ea3i<\/p>\n<\/li>\n<li data-start=\"841\" data-end=\"917\">\n<p data-start=\"843\" data-end=\"917\">T\u00f9y ch\u1ecdn ID ng\u1eabu nhi\u00ean ho\u1eb7c t\u00f9y ch\u1ec9nh; h\u1ed7 tr\u1ee3 NFC t\u00f9y ch\u1ecdn (t\u00f9y thu\u1ed9c v\u00e0o quy tr\u00ecnh l\u00e0m vi\u1ec7c)<\/p>\n<\/li>\n<\/ul>\n<p data-start=\"919\" data-end=\"1042\"><strong data-start=\"919\" data-end=\"938\">Bao g\u1ed3m nh\u1eefng g\u00ec<\/strong><br data-start=\"938\" data-end=\"941\" \/>\u1ed0ng ti\u00eam polypropylene v\u00f4 tr\u00f9ng \u0111\u00e3 \u0111\u01b0\u1ee3c n\u1ea1p s\u1eb5n vi m\u1ea1ch\u2014s\u1eb5n s\u00e0ng \u0111\u1ec3 c\u1ea5y gh\u00e9p chuy\u00ean nghi\u1ec7p.<\/p>\n<h2 data-start=\"1044\" data-end=\"1069\">B\u1ea3ng (Th\u00f4ng s\u1ed1 k\u1ef9 thu\u1eadt)<\/h2>\n<div class=\"_tableContainer_1rjym_1\">\n<div class=\"group _tableWrapper_1rjym_13 flex w-fit flex-col-reverse\" tabindex=\"-1\">\n<table class=\"w-fit min-w-(--thread-content-width)\" data-start=\"1071\" data-end=\"2736\">\n<thead data-start=\"1071\" data-end=\"1168\">\n<tr data-start=\"1071\" data-end=\"1168\">\n<th data-start=\"1071\" data-end=\"1089\" data-col-size=\"sm\">Lo\u1ea1i<\/th>\n<th data-start=\"1089\" data-end=\"1113\" data-col-size=\"sm\">Tham s\u1ed1<\/th>\n<th data-start=\"1113\" data-end=\"1168\" data-col-size=\"md\">Gi\u00e1 tr\u1ecb<\/th>\n<\/tr>\n<\/thead>\n<tbody data-start=\"1267\" data-end=\"2736\">\n<tr data-start=\"1267\" data-end=\"1364\">\n<td data-start=\"1267\" data-end=\"1285\" data-col-size=\"sm\">S\u1ea3n ph\u1ea9m<\/td>\n<td data-col-size=\"sm\" data-start=\"1285\" data-end=\"1309\">Ki\u1ec3u<\/td>\n<td data-col-size=\"md\" data-start=\"1309\" data-end=\"1364\">Th\u1ebb \u1ed1ng th\u1ee7y tinh \u0111\u1ed9ng v\u1eadt RFID vi m\u1ea1ch<\/td>\n<\/tr>\n<tr data-start=\"1365\" data-end=\"1462\">\n<td data-start=\"1365\" data-end=\"1383\" data-col-size=\"sm\">T\u00ednh th\u01b0\u1eddng xuy\u00ean<\/td>\n<td data-col-size=\"sm\" data-start=\"1383\" data-end=\"1407\">LF<\/td>\n<td data-col-size=\"md\" data-start=\"1407\" data-end=\"1462\">134,2 kHz (FDX-B)<\/td>\n<\/tr>\n<tr data-start=\"1463\" data-end=\"1560\">\n<td data-start=\"1463\" data-end=\"1481\" data-col-size=\"sm\">Ti\u00eau chu\u1ea9n<\/td>\n<td data-col-size=\"sm\" data-start=\"1481\" data-end=\"1505\">Giao th\u1ee9c<\/td>\n<td data-col-size=\"md\" data-start=\"1505\" data-end=\"1560\">ISO 11784\/11785 (FDX-B)<\/td>\n<\/tr>\n<tr data-start=\"1561\" data-end=\"1658\">\n<td data-start=\"1561\" data-end=\"1579\" data-col-size=\"sm\">Chip<\/td>\n<td data-start=\"1579\" data-end=\"1603\" data-col-size=\"sm\">IC<\/td>\n<td data-col-size=\"md\" data-start=\"1603\" data-end=\"1658\">EM4305<\/td>\n<\/tr>\n<tr data-start=\"1659\" data-end=\"1756\">\n<td data-start=\"1659\" data-end=\"1677\" data-col-size=\"sm\">K\u00edch th\u01b0\u1edbc<\/td>\n<td data-col-size=\"sm\" data-start=\"1677\" data-end=\"1701\">K\u00edch th\u01b0\u1edbc<\/td>\n<td data-col-size=\"md\" data-start=\"1701\" data-end=\"1756\">1,25\u00d77 mm; 1,4\u00d78 mm; 2\u00d712 mm; 3\u00d715 mm<\/td>\n<\/tr>\n<tr data-start=\"1757\" data-end=\"1854\">\n<td data-start=\"1757\" data-end=\"1775\" data-col-size=\"sm\">Nguy\u00ean v\u1eadt li\u1ec7u<\/td>\n<td data-col-size=\"sm\" data-start=\"1775\" data-end=\"1799\">Vi\u00ean nang \/ \u0102ng-ten<\/td>\n<td data-col-size=\"md\" data-start=\"1799\" data-end=\"1854\">Th\u1ee7y tinh y t\u1ebf \/ \u0110\u1ed3ng<\/td>\n<\/tr>\n<tr data-start=\"1855\" data-end=\"1952\">\n<td data-start=\"1855\" data-end=\"1873\" data-col-size=\"sm\">L\u1edbp ph\u1ee7<\/td>\n<td data-col-size=\"sm\" data-start=\"1873\" data-end=\"1897\">Parylene<\/td>\n<td data-col-size=\"md\" data-start=\"1897\" data-end=\"1952\">\u0110\u00fang<\/td>\n<\/tr>\n<tr data-start=\"1953\" data-end=\"2050\">\n<td data-start=\"1953\" data-end=\"1971\" data-col-size=\"sm\">Kh\u1eed tr\u00f9ng<\/td>\n<td data-col-size=\"sm\" data-start=\"1971\" data-end=\"1995\">Ph\u01b0\u01a1ng ph\u00e1p<\/td>\n<td data-col-size=\"md\" data-start=\"1995\" data-end=\"2050\">Kh\u00ed etylen oxit (EO)<\/td>\n<\/tr>\n<tr data-start=\"2051\" data-end=\"2148\">\n<td data-start=\"2051\" data-end=\"2069\" data-col-size=\"sm\">T\u00f9y ch\u1ecdn ID<\/td>\n<td data-col-size=\"sm\" data-start=\"2069\" data-end=\"2093\">\u0110\u00e1nh s\u1ed1<\/td>\n<td data-col-size=\"md\" data-start=\"2093\" data-end=\"2148\">ID ng\u1eabu nhi\u00ean ho\u1eb7c ID t\u00f9y ch\u1ec9nh<\/td>\n<\/tr>\n<tr data-start=\"2149\" data-end=\"2246\">\n<td data-start=\"2149\" data-end=\"2167\" data-col-size=\"sm\">Hi\u1ec7u su\u1ea5t<\/td>\n<td data-col-size=\"sm\" data-start=\"2167\" data-end=\"2191\">Ph\u1ea1m vi \u0111\u1ecdc<\/td>\n<td data-col-size=\"md\" data-start=\"2191\" data-end=\"2246\">~1\u201312 cm (ph\u1ee5 thu\u1ed9c v\u00e0o k\u00edch th\u01b0\u1edbc th\u1ebb v\u00e0 \u0111\u1ea7u \u0111\u1ecdc)<\/td>\n<\/tr>\n<tr data-start=\"2247\" data-end=\"2344\">\n<td data-start=\"2247\" data-end=\"2265\" data-col-size=\"sm\">M\u00f4i tr\u01b0\u1eddng<\/td>\n<td data-start=\"2265\" data-end=\"2289\" data-col-size=\"sm\">Th\u1eddi h\u1ea1n hi\u1ec7u l\u1ef1c<\/td>\n<td data-col-size=\"md\" data-start=\"2289\" data-end=\"2344\">5 n\u0103m<\/td>\n<\/tr>\n<tr data-start=\"2345\" data-end=\"2442\">\n<td data-start=\"2345\" data-end=\"2363\" data-col-size=\"sm\">V\u1eadn chuy\u1ec3n<\/td>\n<td data-col-size=\"sm\" data-start=\"2363\" data-end=\"2387\">Ng\u01b0\u1eddi \u00e1p d\u1ee5ng<\/td>\n<td data-col-size=\"md\" data-start=\"2387\" data-end=\"2442\">\u1ed0ng ti\u00eam v\u00f4 tr\u00f9ng \u0111\u00e3 n\u1ea1p s\u1eb5n (polypropylene)<\/td>\n<\/tr>\n<tr data-start=\"2443\" data-end=\"2540\">\n<td data-start=\"2443\" data-end=\"2461\" data-col-size=\"sm\">Ho\u1ea1t \u0111\u1ed9ng<\/td>\n<td data-col-size=\"sm\" data-start=\"2461\" data-end=\"2485\">Quy\u1ec1n l\u1ef1c<\/td>\n<td data-col-size=\"md\" data-start=\"2485\" data-end=\"2540\">Th\u1ee5 \u0111\u1ed9ng (kh\u00f4ng d\u00f9ng pin)<\/td>\n<\/tr>\n<tr data-start=\"2541\" data-end=\"2638\">\n<td data-start=\"2541\" data-end=\"2559\" data-col-size=\"sm\">\u1ee8ng d\u1ee5ng<\/td>\n<td data-col-size=\"sm\" data-start=\"2559\" data-end=\"2583\">C\u00e1c tr\u01b0\u1eddng h\u1ee3p s\u1eed d\u1ee5ng<\/td>\n<td data-col-size=\"md\" data-start=\"2583\" data-end=\"2638\">Nh\u1eadn d\u1ea1ng v\u00e0 qu\u1ea3n l\u00fd th\u00fa c\u01b0ng (ch\u00f3, m\u00e8o, c\u00e1, \u0111\u1ed9ng v\u1eadt ngo\u1ea1i lai)<\/td>\n<\/tr>\n<tr data-start=\"2639\" data-end=\"2736\">\n<td data-start=\"2639\" data-end=\"2657\" data-col-size=\"sm\">Ph\u1ea7n b\u1ed5 sung<\/td>\n<td data-col-size=\"sm\" data-start=\"2657\" data-end=\"2681\">T\u00ednh n\u0103ng thi\u1ebft k\u1ebf<\/td>\n<td data-col-size=\"md\" data-start=\"2681\" data-end=\"2736\">Kh\u00e1ng khu\u1ea9n, ch\u1ed1ng d\u1ecb \u1ee9ng, ch\u1ed1ng \u0111\u00e0o th\u1ea3i<\/td>\n<\/tr>\n<\/tbody>\n<\/table>\n<\/div>\n<\/div>","protected":false},"excerpt":{"rendered":"<p>Vi m\u1ea1ch v\u1eadt nu\u00f4i LF b\u1eb1ng th\u1ee7y tinh v\u00f4 tr\u00f9ng (FDX-B 134,2 kHz) c\u00f3 \u1ed1ng ti\u00eam \u0111\u01b0\u1ee3c n\u1ea1p s\u1eb5n\u2014tu\u00e2n th\u1ee7 ISO 11784\/11785, \u0111\u1ecdc 1\u201312 cm, vi\u00ean nang th\u1ee7y tinh y t\u1ebf c\u00f3 l\u1edbp ph\u1ee7 parylene.<\/p>","protected":false},"featured_media":861,"template":"","meta":{"_gspb_post_css":""},"product_brand":[],"product_cat":[25,24],"product_tag":[],"class_list":{"0":"post-867","1":"product","2":"type-product","3":"status-publish","4":"has-post-thumbnail","6":"product_cat-rfid-animal-glass-tube-tag-pets-microchip","7":"product_cat-rfid-tags","9":"first","10":"instock","11":"shipping-taxable","12":"purchasable","13":"product-type-simple"},"_links":{"self":[{"href":"https:\/\/www.cxjsmartcard.com\/vi\/wp-json\/wp\/v2\/product\/867","targetHints":{"allow":["GET"]}}],"collection":[{"href":"https:\/\/www.cxjsmartcard.com\/vi\/wp-json\/wp\/v2\/product"}],"about":[{"href":"https:\/\/www.cxjsmartcard.com\/vi\/wp-json\/wp\/v2\/types\/product"}],"wp:featuredmedia":[{"embeddable":true,"href":"https:\/\/www.cxjsmartcard.com\/vi\/wp-json\/wp\/v2\/media\/861"}],"wp:attachment":[{"href":"https:\/\/www.cxjsmartcard.com\/vi\/wp-json\/wp\/v2\/media?parent=867"}],"wp:term":[{"taxonomy":"product_brand","embeddable":true,"href":"https:\/\/www.cxjsmartcard.com\/vi\/wp-json\/wp\/v2\/product_brand?post=867"},{"taxonomy":"product_cat","embeddable":true,"href":"https:\/\/www.cxjsmartcard.com\/vi\/wp-json\/wp\/v2\/product_cat?post=867"},{"taxonomy":"product_tag","embeddable":true,"href":"https:\/\/www.cxjsmartcard.com\/vi\/wp-json\/wp\/v2\/product_tag?post=867"}],"curies":[{"name":"trang web","href":"https:\/\/api.w.org\/{rel}","templated":true}]}}