{"id":866,"date":"2025-11-03T08:37:44","date_gmt":"2025-11-03T08:37:44","guid":{"rendered":"https:\/\/www.cxjsmartcard.com\/?post_type=product&#038;p=866"},"modified":"2025-12-29T01:27:08","modified_gmt":"2025-12-29T01:27:08","slug":"pet-chip-134khz-rfid-em4305-animal-tracking-microchip-with-applicator","status":"publish","type":"product","link":"https:\/\/www.cxjsmartcard.com\/vi\/pet-chip-134khz-rfid-em4305-animal-tracking-microchip-with-applicator\/","title":{"rendered":"Pet Chip 134kHz RFID EM4305 Vi m\u1ea1ch theo d\u00f5i \u0111\u1ed9ng v\u1eadt c\u00f3 \u0111\u1ea7u g\u1eafn"},"content":{"rendered":"<p data-start=\"81\" data-end=\"413\">Vi m\u1ea1ch LF d\u00f9ng cho th\u00fa c\u01b0ng \u0111\u1ec3 nh\u1eadn d\u1ea1ng v\u00e0 ph\u1ee5c h\u1ed3i v\u0129nh vi\u1ec5n. Th\u1ebb c\u00f3 k\u00edch th\u01b0\u1edbc b\u1eb1ng h\u1ea1t g\u1ea1o v\u00e0 \u0111\u01b0\u1ee3c ti\u00eam d\u01b0\u1edbi da b\u1eb1ng d\u1ee5ng c\u1ee5 k\u00e8m theo. Sau khi \u0111\u0103ng k\u00fd, m\u00e3 \u0111\u1ecbnh danh 15 ch\u1eef s\u1ed1 duy nh\u1ea5t c\u1ee7a chip s\u1ebd li\u00ean k\u1ebft th\u00fa c\u01b0ng c\u1ee7a b\u1ea1n v\u1edbi th\u00f4ng tin li\u00ean l\u1ea1c \u0111\u1ec3 b\u00e1c s\u0129 th\u00fa y, tr\u1ea1i c\u1ee9u h\u1ed9 v\u00e0 c\u01a1 quan ki\u1ec3m so\u00e1t \u0111\u1ed9ng v\u1eadt nhanh ch\u00f3ng \u0111o\u00e0n t\u1ee5.<\/p>\n<p data-start=\"415\" data-end=\"620\"><strong data-start=\"415\" data-end=\"439\">Vi m\u1ea1ch l\u00e0 g\u00ec?<\/strong><br data-start=\"439\" data-end=\"442\" \/>M\u1ed9t quy tr\u00ecnh nhanh ch\u00f3ng, an to\u00e0n \u0111\u01b0\u1ee3c th\u1ef1c hi\u1ec7n b\u1edfi b\u00e1c s\u0129 th\u00fa y ho\u1eb7c chuy\u00ean gia c\u1ea5y gh\u00e9p \u0111\u01b0\u1ee3c \u0111\u00e0o t\u1ea1o. B\u1ed9 ph\u00e1t \u0111\u00e1p th\u1ee5 \u0111\u1ed9ng nh\u1ecf g\u1ecdn n\u00e0y kh\u00f4ng c\u1ea7n pin v\u00e0 \u0111\u01b0\u1ee3c thi\u1ebft k\u1ebf \u0111\u1ec3 s\u1eed d\u1ee5ng trong su\u1ed1t cu\u1ed9c \u0111\u1eddi c\u1ee7a \u0111\u1ed9ng v\u1eadt.<\/p>\n<p data-start=\"622\" data-end=\"939\"><strong data-start=\"622\" data-end=\"657\">L\u00e0m th\u1ebf n\u00e0o n\u00f3 gi\u00fap \u0111o\u00e0n t\u1ee5 m\u1ed9t con v\u1eadt c\u01b0ng b\u1ecb l\u1ea1c<\/strong><br data-start=\"657\" data-end=\"660\" \/>Khi t\u00ecm th\u1ea5y th\u00fa c\u01b0ng, ng\u01b0\u1eddi d\u00f9ng \u0111\u01b0\u1ee3c \u1ee7y quy\u1ec1n s\u1ebd qu\u00e9t con v\u1eadt \u0111\u1ec3 \u0111\u1ecdc m\u00e3 15 ch\u1eef s\u1ed1 duy nh\u1ea5t. M\u00e3 n\u00e0y \u0111\u01b0\u1ee3c ki\u1ec3m tra v\u1edbi c\u01a1 s\u1edf d\u1eef li\u1ec7u \u0111\u0103ng k\u00fd, sau \u0111\u00f3 th\u1ef1c hi\u1ec7n x\u00e1c minh b\u1ea3o m\u1eadt tr\u01b0\u1edbc khi cung c\u1ea5p th\u00f4ng tin li\u00ean l\u1ea1c c\u1ee7a ch\u1ee7 s\u1edf h\u1eefu cho b\u00ean \u0111\u01b0\u1ee3c \u1ee7y quy\u1ec1n, cho ph\u00e9p \u0111o\u00e0n t\u1ee5 nhanh ch\u00f3ng.<\/p>\n<p data-start=\"941\" data-end=\"958\"><strong data-start=\"941\" data-end=\"956\">Chi ti\u1ebft ch\u00ednh<\/strong><\/p>\n<ul data-start=\"959\" data-end=\"1313\">\n<li data-start=\"959\" data-end=\"1004\">\n<p data-start=\"961\" data-end=\"1004\"><strong data-start=\"961\" data-end=\"975\">T\u00ednh th\u01b0\u1eddng xuy\u00ean:<\/strong> LF 125\/134,2 kHz (FDX\/HDX)<\/p>\n<\/li>\n<li data-start=\"1005\" data-end=\"1032\">\n<p data-start=\"1007\" data-end=\"1032\"><strong data-start=\"1007\" data-end=\"1023\">T\u00f9y ch\u1ecdn chip:<\/strong> EM4305<\/p>\n<\/li>\n<li data-start=\"1033\" data-end=\"1121\">\n<p data-start=\"1035\" data-end=\"1121\"><strong data-start=\"1035\" data-end=\"1050\">Ph\u1ea1m vi \u0111\u1ecdc:<\/strong> LF 1\u201310 cm (t\u00f9y thu\u1ed9c v\u00e0o ng\u01b0\u1eddi \u0111\u1ecdc); HF 1\u20133 cm (khi s\u1eed d\u1ee5ng v\u1edbi h\u1ec7 th\u1ed1ng HF)<\/p>\n<\/li>\n<li data-start=\"1122\" data-end=\"1202\">\n<p data-start=\"1124\" data-end=\"1202\"><strong data-start=\"1124\" data-end=\"1138\">Ti\u00eau chu\u1ea9n:<\/strong> ISO 11784\/11785 (FDX\/HDX); ISO 15693 (ghi ch\u00fa kh\u1ea3 n\u0103ng t\u01b0\u01a1ng th\u00edch HF)<\/p>\n<\/li>\n<li data-start=\"1203\" data-end=\"1313\">\n<p data-start=\"1205\" data-end=\"1313\"><strong data-start=\"1205\" data-end=\"1219\">C\u00e1c tr\u01b0\u1eddng h\u1ee3p s\u1eed d\u1ee5ng:<\/strong> Qu\u1ea3n l\u00fd \u0111\u1ed9ng v\u1eadt v\u00e0 nh\u1eadn d\u1ea1ng v\u1eadt nu\u00f4i (ch\u00f3, m\u00e8o, c\u00e1) v\u00e0 \u0111\u1ed9ng v\u1eadt hoang d\u00e3\/\u0111\u1ed9ng v\u1eadt ngo\u1ea1i lai (v\u00ed d\u1ee5: h\u1ed5, s\u01b0 t\u1eed)<\/p>\n<\/li>\n<\/ul>\n<p data-start=\"1315\" data-end=\"1406\"><strong data-start=\"1315\" data-end=\"1335\">G\u00f3i bao g\u1ed3m<\/strong><br data-start=\"1335\" data-end=\"1338\" \/>\u1ed0ng ti\u00eam v\u00f4 tr\u00f9ng \u0111\u00e3 \u0111\u01b0\u1ee3c n\u1ea1p s\u1eb5n vi m\u1ea1ch, s\u1eb5n s\u00e0ng \u0111\u1ec3 c\u1ea5y gh\u00e9p.<\/p>\n<h2 data-start=\"1408\" data-end=\"1433\">B\u1ea3ng (Th\u00f4ng s\u1ed1 k\u1ef9 thu\u1eadt)<\/h2>\n<div class=\"_tableContainer_1rjym_1\">\n<div class=\"group _tableWrapper_1rjym_13 flex w-fit flex-col-reverse\" tabindex=\"-1\">\n<table class=\"w-fit min-w-(--thread-content-width)\" data-start=\"1435\" data-end=\"3047\">\n<thead data-start=\"1435\" data-end=\"1549\">\n<tr data-start=\"1435\" data-end=\"1549\">\n<th data-start=\"1435\" data-end=\"1453\" data-col-size=\"sm\">Lo\u1ea1i<\/th>\n<th data-start=\"1453\" data-end=\"1476\" data-col-size=\"sm\">Tham s\u1ed1<\/th>\n<th data-start=\"1476\" data-end=\"1549\" data-col-size=\"md\">Gi\u00e1 tr\u1ecb<\/th>\n<\/tr>\n<\/thead>\n<tbody data-start=\"1665\" data-end=\"3047\">\n<tr data-start=\"1665\" data-end=\"1779\">\n<td data-start=\"1665\" data-end=\"1683\" data-col-size=\"sm\">S\u1ea3n ph\u1ea9m<\/td>\n<td data-col-size=\"sm\" data-start=\"1683\" data-end=\"1706\">Ki\u1ec3u<\/td>\n<td data-col-size=\"md\" data-start=\"1706\" data-end=\"1779\">Vi m\u1ea1ch \u0111\u1ed9ng v\u1eadt LF RFID c\u00f3 \u0111\u1ea7u g\u1eafn<\/td>\n<\/tr>\n<tr data-start=\"1780\" data-end=\"1894\">\n<td data-start=\"1780\" data-end=\"1798\" data-col-size=\"sm\">T\u00ednh th\u01b0\u1eddng xuy\u00ean<\/td>\n<td data-col-size=\"sm\" data-start=\"1798\" data-end=\"1821\">LF<\/td>\n<td data-col-size=\"md\" data-start=\"1821\" data-end=\"1894\">125\/134,2 kHz (FDX\/HDX)<\/td>\n<\/tr>\n<tr data-start=\"1895\" data-end=\"2010\">\n<td data-start=\"1895\" data-end=\"1913\" data-col-size=\"sm\">Chip<\/td>\n<td data-col-size=\"sm\" data-start=\"1913\" data-end=\"1936\">IC<\/td>\n<td data-col-size=\"md\" data-start=\"1936\" data-end=\"2010\">EM4305<\/td>\n<\/tr>\n<tr data-start=\"2011\" data-end=\"2125\">\n<td data-start=\"2011\" data-end=\"2029\" data-col-size=\"sm\">Giao th\u1ee9c<\/td>\n<td data-col-size=\"sm\" data-start=\"2029\" data-end=\"2052\">S\u1ef1 tu\u00e2n th\u1ee7<\/td>\n<td data-col-size=\"md\" data-start=\"2052\" data-end=\"2125\">ISO 11784\/11785 (FDX\/HDX); ISO 15693 (quy tr\u00ecnh l\u00e0m vi\u1ec7c HF)<\/td>\n<\/tr>\n<tr data-start=\"2126\" data-end=\"2240\">\n<td data-start=\"2126\" data-end=\"2144\" data-col-size=\"sm\">K\u00edch th\u01b0\u1edbc<\/td>\n<td data-col-size=\"sm\" data-start=\"2144\" data-end=\"2167\">K\u00edch th\u01b0\u1edbc vi\u00ean nang<\/td>\n<td data-col-size=\"md\" data-start=\"2167\" data-end=\"2240\">1,25\u00d77 mm; 1,4\u00d78 mm; 2,12\u00d78 mm; 2,12\u00d712 mm; 3\u00d715 mm; 4\u00d732 mm; t\u00f9y ch\u1ec9nh<\/td>\n<\/tr>\n<tr data-start=\"2241\" data-end=\"2355\">\n<td data-start=\"2241\" data-end=\"2259\" data-col-size=\"sm\">Hi\u1ec7u su\u1ea5t<\/td>\n<td data-col-size=\"sm\" data-start=\"2259\" data-end=\"2282\">Kho\u1ea3ng c\u00e1ch \u0111\u1ecdc<\/td>\n<td data-col-size=\"md\" data-start=\"2282\" data-end=\"2355\">LF 1\u201310 cm; HF 1\u20133 cm<\/td>\n<\/tr>\n<tr data-start=\"2356\" data-end=\"2471\">\n<td data-start=\"2356\" data-end=\"2374\" data-col-size=\"sm\">M\u00f4i tr\u01b0\u1eddng<\/td>\n<td data-start=\"2374\" data-end=\"2397\" data-col-size=\"sm\">Nhi\u1ec7t \u0111\u1ed9 l\u00e0m vi\u1ec7c<\/td>\n<td data-col-size=\"md\" data-start=\"2397\" data-end=\"2471\">20 \u2103 \u0111\u1ebfn 50 \u2103<\/td>\n<\/tr>\n<tr data-start=\"2472\" data-end=\"2587\">\n<td data-start=\"2472\" data-end=\"2490\" data-col-size=\"sm\"><\/td>\n<td data-start=\"2490\" data-end=\"2513\" data-col-size=\"sm\">Nhi\u1ec7t \u0111\u1ed9 l\u01b0u tr\u1eef<\/td>\n<td data-col-size=\"md\" data-start=\"2513\" data-end=\"2587\">\u221240 \u2103 \u0111\u1ebfn +70 \u2103<\/td>\n<\/tr>\n<tr data-start=\"2588\" data-end=\"2702\">\n<td data-start=\"2588\" data-end=\"2606\" data-col-size=\"sm\">V\u1eadn chuy\u1ec3n<\/td>\n<td data-col-size=\"sm\" data-start=\"2606\" data-end=\"2629\">\u0110\u1ecbnh d\u1ea1ng<\/td>\n<td data-col-size=\"md\" data-start=\"2629\" data-end=\"2702\">\u1ed0ng ti\u00eam v\u00f4 tr\u00f9ng \u0111\u00e3 n\u1ea1p s\u1eb5n (\u1ed1ng ti\u00eam)<\/td>\n<\/tr>\n<tr data-start=\"2703\" data-end=\"2817\">\n<td data-start=\"2703\" data-end=\"2721\" data-col-size=\"sm\">Ho\u1ea1t \u0111\u1ed9ng<\/td>\n<td data-start=\"2721\" data-end=\"2744\" data-col-size=\"sm\">Quy\u1ec1n l\u1ef1c<\/td>\n<td data-start=\"2744\" data-end=\"2817\" data-col-size=\"md\">Th\u1ee5 \u0111\u1ed9ng (kh\u00f4ng c\u00f3 pin)<\/td>\n<\/tr>\n<tr data-start=\"2818\" data-end=\"2932\">\n<td data-start=\"2818\" data-end=\"2836\" data-col-size=\"sm\">\u1ee8ng d\u1ee5ng<\/td>\n<td data-start=\"2836\" data-end=\"2859\" data-col-size=\"sm\">\u0110\u1ed9ng v\u1eadt<\/td>\n<td data-start=\"2859\" data-end=\"2932\" data-col-size=\"md\">Ch\u00f3, m\u00e8o, c\u00e1 v\u00e0 c\u00e1c lo\u00e0i kh\u00e1c<\/td>\n<\/tr>\n<tr data-start=\"2933\" data-end=\"3047\">\n<td data-start=\"2933\" data-end=\"2951\" data-col-size=\"sm\">Ch\u1ee9c n\u0103ng<\/td>\n<td data-start=\"2951\" data-end=\"2974\" data-col-size=\"sm\">ID duy nh\u1ea5t<\/td>\n<td data-col-size=\"md\" data-start=\"2974\" data-end=\"3047\">M\u00e3 15 ch\u1eef s\u1ed1 \u0111\u1ec3 \u0111\u0103ng k\u00fd v\u00e0 kh\u00f4i ph\u1ee5c<\/td>\n<\/tr>\n<\/tbody>\n<\/table>\n<\/div>\n<\/div>","protected":false},"excerpt":{"rendered":"<p>Vi m\u1ea1ch th\u00fa c\u01b0ng LF 125\/134,2 kHz EM4305 c\u00f3 \u0111\u1ea7u \u0111\u1ecdc v\u00f4 tr\u00f9ng \u0111\u01b0\u1ee3c n\u1ea1p s\u1eb5n\u2014tu\u00e2n th\u1ee7 ti\u00eau chu\u1ea9n ISO 11784\/11785, ph\u1ea1m vi \u0111\u1ecdc 1\u201310 cm, nhi\u1ec1u k\u00edch c\u1ee1 \u0111\u1ec3 nh\u1eadn d\u1ea1ng \u0111\u1ed9ng v\u1eadt v\u0129nh vi\u1ec5n.<\/p>","protected":false},"featured_media":864,"template":"","meta":{"_gspb_post_css":""},"product_brand":[],"product_cat":[24,25],"product_tag":[],"class_list":{"0":"post-866","1":"product","2":"type-product","3":"status-publish","4":"has-post-thumbnail","6":"product_cat-rfid-tags","7":"product_cat-rfid-animal-glass-tube-tag-pets-microchip","9":"first","10":"instock","11":"shipping-taxable","12":"purchasable","13":"product-type-simple"},"_links":{"self":[{"href":"https:\/\/www.cxjsmartcard.com\/vi\/wp-json\/wp\/v2\/product\/866","targetHints":{"allow":["GET"]}}],"collection":[{"href":"https:\/\/www.cxjsmartcard.com\/vi\/wp-json\/wp\/v2\/product"}],"about":[{"href":"https:\/\/www.cxjsmartcard.com\/vi\/wp-json\/wp\/v2\/types\/product"}],"wp:featuredmedia":[{"embeddable":true,"href":"https:\/\/www.cxjsmartcard.com\/vi\/wp-json\/wp\/v2\/media\/864"}],"wp:attachment":[{"href":"https:\/\/www.cxjsmartcard.com\/vi\/wp-json\/wp\/v2\/media?parent=866"}],"wp:term":[{"taxonomy":"product_brand","embeddable":true,"href":"https:\/\/www.cxjsmartcard.com\/vi\/wp-json\/wp\/v2\/product_brand?post=866"},{"taxonomy":"product_cat","embeddable":true,"href":"https:\/\/www.cxjsmartcard.com\/vi\/wp-json\/wp\/v2\/product_cat?post=866"},{"taxonomy":"product_tag","embeddable":true,"href":"https:\/\/www.cxjsmartcard.com\/vi\/wp-json\/wp\/v2\/product_tag?post=866"}],"curies":[{"name":"trang web","href":"https:\/\/api.w.org\/{rel}","templated":true}]}}