{"id":860,"date":"2025-11-03T08:35:42","date_gmt":"2025-11-03T08:35:42","guid":{"rendered":"https:\/\/www.cxjsmartcard.com\/?post_type=product&#038;p=860"},"modified":"2025-12-29T01:27:08","modified_gmt":"2025-12-29T01:27:08","slug":"icar-certified-lf-fdx-b-134-2-khz-rfid-pet-chip-microchip-tag","status":"publish","type":"product","link":"https:\/\/www.cxjsmartcard.com\/vi\/icar-certified-lf-fdx-b-134-2-khz-rfid-pet-chip-microchip-tag\/","title":{"rendered":"Th\u1ebb vi m\u1ea1ch RFID Pet Chip LF FDX-B 134,2 kHz \u0111\u01b0\u1ee3c ICAR ch\u1ee9ng nh\u1eadn"},"content":{"rendered":"<p data-start=\"73\" data-end=\"392\">Vi m\u1ea1ch \u0111\u1ed9ng v\u1eadt LF \u0111\u01b0\u1ee3c ch\u1ee9ng nh\u1eadn ICAR \u0111\u1ec3 nh\u1eadn d\u1ea1ng v\u00e0 qu\u1ea3n l\u00fd th\u00fa c\u01b0ng v\u0129nh vi\u1ec5n. \u0110\u01b0\u1ee3c ch\u1ebf t\u1ea1o theo ti\u00eau chu\u1ea9n FDX-B 134,2 kHz v\u00e0 \u0111\u01b0\u1ee3c \u0111\u1eb7t trong h\u1ed9p th\u1ee7y tinh sinh h\u1ecdc v\u00f4 tr\u00f9ng, b\u1ed9 ph\u00e1t \u0111\u00e1p nh\u1ecf g\u1ecdn n\u00e0y \u0111\u01b0\u1ee3c ti\u00eam d\u01b0\u1edbi da v\u00e0 \u0111\u1ecdc b\u1eb1ng m\u00e1y qu\u00e9t t\u01b0\u01a1ng th\u00edch ISO \u0111\u01b0\u1ee3c s\u1eed d\u1ee5ng b\u1edfi b\u00e1c s\u0129 th\u00fa y, tr\u1ea1i c\u1ee9u h\u1ed9 v\u00e0 c\u01a1 quan ki\u1ec3m so\u00e1t \u0111\u1ed9ng v\u1eadt \u0111\u1ec3 nhanh ch\u00f3ng \u0111o\u00e0n t\u1ee5 th\u00fa c\u01b0ng.<\/p>\n<p data-start=\"394\" data-end=\"607\"><strong data-start=\"394\" data-end=\"408\">N\u00f3 l\u00e0 g\u00ec<\/strong><br data-start=\"408\" data-end=\"411\" \/>\u1ed0ng ti\u00eam \u0111\u01b0\u1ee3c kh\u1eed tr\u00f9ng s\u1eb5n ch\u1ee9a vi m\u1ea1ch th\u1ee7y tinh RFID th\u1ee5 \u0111\u1ed9ng. Sau khi \u0111\u01b0\u1ee3c c\u1ea5y gh\u00e9p, vi m\u1ea1ch n\u00e0y s\u1ebd cung c\u1ea5p m\u1ed9t ID duy nh\u1ea5t li\u00ean k\u1ebft v\u1edbi d\u1eef li\u1ec7u \u0111\u0103ng k\u00fd c\u1ee7a ch\u00f3, m\u00e8o, c\u00e1 v\u00e0 c\u00e1c v\u1eadt nu\u00f4i kh\u00e1c.<\/p>\n<p data-start=\"609\" data-end=\"759\"><strong data-start=\"609\" data-end=\"635\">Ti\u00eau chu\u1ea9n v\u00e0 tu\u00e2n th\u1ee7<\/strong><br data-start=\"635\" data-end=\"638\" \/>FDX-B theo ti\u00eau chu\u1ea9n ISO 11784\/11785, ch\u1ee9ng nh\u1eadn ICAR. C\u00f3 s\u1eb5n phi\u00ean b\u1ea3n HF\/NFC t\u00f9y ch\u1ecdn (ISO\/IEC 14443A) cho c\u00e1c quy tr\u00ecnh l\u00e0m vi\u1ec7c c\u1ee5 th\u1ec3.<\/p>\n<p data-start=\"761\" data-end=\"880\"><strong data-start=\"761\" data-end=\"774\">C\u00e1c tr\u01b0\u1eddng h\u1ee3p s\u1eed d\u1ee5ng<\/strong><br data-start=\"774\" data-end=\"777\" \/>Nh\u1eadn d\u1ea1ng v\u00e0 ph\u1ee5c h\u1ed3i th\u00fa c\u01b0ng \u2022 Qu\u1ea3n l\u00fd h\u1ed3 s\u01a1 ti\u00eam ch\u1ee7ng v\u00e0 b\u1ec7nh d\u1ea1i \u2022 Theo d\u00f5i v\u00f2ng \u0111\u1eddi \u0111\u1ed9ng v\u1eadt.<\/p>\n<h2 data-start=\"882\" data-end=\"907\">B\u1ea3ng (Th\u00f4ng s\u1ed1 k\u1ef9 thu\u1eadt)<\/h2>\n<div class=\"_tableContainer_1rjym_1\">\n<div class=\"group _tableWrapper_1rjym_13 flex w-fit flex-col-reverse\" tabindex=\"-1\">\n<table class=\"w-fit min-w-(--thread-content-width)\" data-start=\"909\" data-end=\"2572\">\n<thead data-start=\"909\" data-end=\"1019\">\n<tr data-start=\"909\" data-end=\"1019\">\n<th data-start=\"909\" data-end=\"927\" data-col-size=\"sm\">Lo\u1ea1i<\/th>\n<th data-start=\"927\" data-end=\"946\" data-col-size=\"sm\">Tham s\u1ed1<\/th>\n<th data-start=\"946\" data-end=\"1019\" data-col-size=\"md\">Gi\u00e1 tr\u1ecb<\/th>\n<\/tr>\n<\/thead>\n<tbody data-start=\"1131\" data-end=\"2572\">\n<tr data-start=\"1131\" data-end=\"1240\">\n<td data-start=\"1131\" data-end=\"1149\" data-col-size=\"sm\">S\u1ea3n ph\u1ea9m<\/td>\n<td data-col-size=\"sm\" data-start=\"1149\" data-end=\"1168\">Ki\u1ec3u<\/td>\n<td data-col-size=\"md\" data-start=\"1168\" data-end=\"1240\">Vi m\u1ea1ch RFID h\u00ecnh th\u00fa b\u1eb1ng th\u1ee7y tinh<\/td>\n<\/tr>\n<tr data-start=\"1241\" data-end=\"1351\">\n<td data-start=\"1241\" data-end=\"1259\" data-col-size=\"sm\">Ch\u1ee9ng nh\u1eadn<\/td>\n<td data-col-size=\"sm\" data-start=\"1259\" data-end=\"1278\">ICAR<\/td>\n<td data-col-size=\"md\" data-start=\"1278\" data-end=\"1351\">\u0110\u00fang<\/td>\n<\/tr>\n<tr data-start=\"1352\" data-end=\"1462\">\n<td data-start=\"1352\" data-end=\"1370\" data-col-size=\"sm\">T\u00ednh th\u01b0\u1eddng xuy\u00ean<\/td>\n<td data-col-size=\"sm\" data-start=\"1370\" data-end=\"1389\">LF<\/td>\n<td data-col-size=\"md\" data-start=\"1389\" data-end=\"1462\">134,2 kHz (FDX-B)<\/td>\n<\/tr>\n<tr data-start=\"1463\" data-end=\"1573\">\n<td data-start=\"1463\" data-end=\"1481\" data-col-size=\"sm\">Giao th\u1ee9c<\/td>\n<td data-col-size=\"sm\" data-start=\"1481\" data-end=\"1500\">Ti\u00eau chu\u1ea9n<\/td>\n<td data-col-size=\"md\" data-start=\"1500\" data-end=\"1573\">ISO 11784\/11785 (FDX-B); t\u00f9y ch\u1ecdn ISO\/IEC 14443A (bi\u1ebfn th\u1ec3 NFC)<\/td>\n<\/tr>\n<tr data-start=\"1574\" data-end=\"1684\">\n<td data-start=\"1574\" data-end=\"1592\" data-col-size=\"sm\">T\u00f9y ch\u1ecdn chip<\/td>\n<td data-col-size=\"sm\" data-start=\"1592\" data-end=\"1611\">IC<\/td>\n<td data-col-size=\"md\" data-start=\"1611\" data-end=\"1684\">EM4305; NTAG213 (t\u00f9y ch\u1ecdn NFC213)<\/td>\n<\/tr>\n<tr data-start=\"1685\" data-end=\"1795\">\n<td data-start=\"1685\" data-end=\"1703\" data-col-size=\"sm\">Nguy\u00ean v\u1eadt li\u1ec7u<\/td>\n<td data-start=\"1703\" data-end=\"1722\" data-col-size=\"sm\">Vi\u00ean nang<\/td>\n<td data-col-size=\"md\" data-start=\"1722\" data-end=\"1795\">Th\u1ee7y tinh sinh h\u1ecdc y t\u1ebf<\/td>\n<\/tr>\n<tr data-start=\"1796\" data-end=\"1906\">\n<td data-start=\"1796\" data-end=\"1814\" data-col-size=\"sm\">K\u00edch th\u01b0\u1edbc<\/td>\n<td data-col-size=\"sm\" data-start=\"1814\" data-end=\"1833\">K\u00edch th\u01b0\u1edbc<\/td>\n<td data-col-size=\"md\" data-start=\"1833\" data-end=\"1906\">1,25\u00d77 mm; 1,4\u00d78 mm; 2\u00d78 mm; 2,12\u00d712 mm; 3\u00d715 mm<\/td>\n<\/tr>\n<tr data-start=\"1907\" data-end=\"2017\">\n<td data-start=\"1907\" data-end=\"1925\" data-col-size=\"sm\">Kh\u1eed tr\u00f9ng<\/td>\n<td data-col-size=\"sm\" data-start=\"1925\" data-end=\"1944\">Ph\u01b0\u01a1ng ph\u00e1p<\/td>\n<td data-col-size=\"md\" data-start=\"1944\" data-end=\"2017\">Kh\u1eed tr\u00f9ng c\u1ea5p y t\u1ebf 100%<\/td>\n<\/tr>\n<tr data-start=\"2018\" data-end=\"2128\">\n<td data-start=\"2018\" data-end=\"2036\" data-col-size=\"sm\">T\u00ednh h\u1ee3p l\u1ec7<\/td>\n<td data-col-size=\"sm\" data-start=\"2036\" data-end=\"2055\">Tu\u1ed5i th\u1ecd<\/td>\n<td data-col-size=\"md\" data-start=\"2055\" data-end=\"2128\">5 n\u0103m<\/td>\n<\/tr>\n<tr data-start=\"2129\" data-end=\"2239\">\n<td data-start=\"2129\" data-end=\"2147\" data-col-size=\"sm\">Ho\u1ea1t \u0111\u1ed9ng<\/td>\n<td data-col-size=\"sm\" data-start=\"2147\" data-end=\"2166\">Quy\u1ec1n l\u1ef1c<\/td>\n<td data-col-size=\"md\" data-start=\"2166\" data-end=\"2239\">Th\u1ee5 \u0111\u1ed9ng (kh\u00f4ng d\u00f9ng pin)<\/td>\n<\/tr>\n<tr data-start=\"2240\" data-end=\"2350\">\n<td data-start=\"2240\" data-end=\"2258\" data-col-size=\"sm\">\u1ee8ng d\u1ee5ng<\/td>\n<td data-start=\"2258\" data-end=\"2277\" data-col-size=\"sm\">\u0110\u1ed9ng v\u1eadt<\/td>\n<td data-col-size=\"md\" data-start=\"2277\" data-end=\"2350\">Ch\u00f3, m\u00e8o, c\u00e1 v\u00e0 c\u00e1c v\u1eadt nu\u00f4i kh\u00e1c<\/td>\n<\/tr>\n<tr data-start=\"2351\" data-end=\"2461\">\n<td data-start=\"2351\" data-end=\"2369\" data-col-size=\"sm\">V\u1eadn chuy\u1ec3n<\/td>\n<td data-start=\"2369\" data-end=\"2388\" data-col-size=\"sm\">\u0110\u1ecbnh d\u1ea1ng<\/td>\n<td data-start=\"2388\" data-end=\"2461\" data-col-size=\"md\">\u1ed0ng ti\u00eam v\u00f4 tr\u00f9ng \u0111\u01b0\u1ee3c n\u1ea1p s\u1eb5n vi m\u1ea1ch<\/td>\n<\/tr>\n<tr data-start=\"2462\" data-end=\"2572\">\n<td data-start=\"2462\" data-end=\"2480\" data-col-size=\"sm\">Ch\u1ee9c n\u0103ng<\/td>\n<td data-start=\"2480\" data-end=\"2499\" data-col-size=\"sm\">M\u1ee5c \u0111\u00edch<\/td>\n<td data-col-size=\"md\" data-start=\"2499\" data-end=\"2572\">Theo d\u00f5i\/nh\u1eadn d\u1ea1ng th\u00fa c\u01b0ng<\/td>\n<\/tr>\n<\/tbody>\n<\/table>\n<\/div>\n<\/div>","protected":false},"excerpt":{"rendered":"<p>Vi m\u1ea1ch v\u1eadt nu\u00f4i FDX-B 134,2 kHz \u0111\u01b0\u1ee3c ch\u1ee9ng nh\u1eadn ICAR trong k\u00ednh sinh h\u1ecdc v\u00f4 tr\u00f9ng\u2014nh\u1eadn d\u1ea1ng th\u1ee5 \u0111\u1ed9ng, kh\u00f4ng d\u00f9ng pin cho ch\u00f3, m\u00e8o v\u00e0 c\u00e1c v\u1eadt nu\u00f4i kh\u00e1c; tu\u00e2n th\u1ee7 ISO 11784\/11785 v\u1edbi ch\u1ee9c n\u0103ng cung c\u1ea5p b\u1eb1ng \u1ed1ng ti\u00eam.<\/p>","protected":false},"featured_media":865,"template":"","meta":{"_gspb_post_css":""},"product_brand":[],"product_cat":[24,25],"product_tag":[],"class_list":{"0":"post-860","1":"product","2":"type-product","3":"status-publish","4":"has-post-thumbnail","6":"product_cat-rfid-tags","7":"product_cat-rfid-animal-glass-tube-tag-pets-microchip","9":"first","10":"instock","11":"shipping-taxable","12":"purchasable","13":"product-type-simple"},"_links":{"self":[{"href":"https:\/\/www.cxjsmartcard.com\/vi\/wp-json\/wp\/v2\/product\/860","targetHints":{"allow":["GET"]}}],"collection":[{"href":"https:\/\/www.cxjsmartcard.com\/vi\/wp-json\/wp\/v2\/product"}],"about":[{"href":"https:\/\/www.cxjsmartcard.com\/vi\/wp-json\/wp\/v2\/types\/product"}],"wp:featuredmedia":[{"embeddable":true,"href":"https:\/\/www.cxjsmartcard.com\/vi\/wp-json\/wp\/v2\/media\/865"}],"wp:attachment":[{"href":"https:\/\/www.cxjsmartcard.com\/vi\/wp-json\/wp\/v2\/media?parent=860"}],"wp:term":[{"taxonomy":"product_brand","embeddable":true,"href":"https:\/\/www.cxjsmartcard.com\/vi\/wp-json\/wp\/v2\/product_brand?post=860"},{"taxonomy":"product_cat","embeddable":true,"href":"https:\/\/www.cxjsmartcard.com\/vi\/wp-json\/wp\/v2\/product_cat?post=860"},{"taxonomy":"product_tag","embeddable":true,"href":"https:\/\/www.cxjsmartcard.com\/vi\/wp-json\/wp\/v2\/product_tag?post=860"}],"curies":[{"name":"trang web","href":"https:\/\/api.w.org\/{rel}","templated":true}]}}