{"id":855,"date":"2025-11-03T08:32:04","date_gmt":"2025-11-03T08:32:04","guid":{"rendered":"https:\/\/www.cxjsmartcard.com\/?post_type=product&#038;p=855"},"modified":"2025-12-29T01:27:08","modified_gmt":"2025-12-29T01:27:08","slug":"uhf-rfid-inlay","status":"publish","type":"product","link":"https:\/\/www.cxjsmartcard.com\/vi\/uhf-rfid-inlay\/","title":{"rendered":"L\u1edbp ph\u1ee7 RFID UHF"},"content":{"rendered":"<p data-start=\"26\" data-end=\"302\">L\u1edbp ph\u1ee7 RFID UHF v\u1edbi \u0103ng-ten PET + nh\u00f4m kh\u1eafc cho h\u1ec7 th\u1ed1ng 860\u2013960 MHz. C\u00f3 s\u1eb5n \u1edf d\u1ea1ng kh\u00f4, \u01b0\u1edbt ho\u1eb7c tr\u1eafng-\u01b0\u1edbt, ch\u00fang d\u1ec5 d\u00e0ng chuy\u1ec3n \u0111\u1ed5i th\u00e0nh nh\u00e3n, v\u00e9, th\u1ebb v\u00e0 th\u1ebb qu\u1ea7n \u00e1o. Kho\u1ea3ng c\u00e1ch \u0111\u1ecdc th\u00f4ng th\u01b0\u1eddng l\u00e0 1\u201310 m\u00e9t (t\u00f9y thu\u1ed9c v\u00e0o \u0111\u1ea7u \u0111\u1ecdc v\u00e0 m\u00f4i tr\u01b0\u1eddng).<\/p>\n<p data-start=\"304\" data-end=\"322\"><strong data-start=\"304\" data-end=\"320\">T\u1ea1i sao n\u00f3 ho\u1ea1t \u0111\u1ed9ng<\/strong><\/p>\n<ul data-start=\"323\" data-end=\"723\">\n<li data-start=\"323\" data-end=\"398\">\n<p data-start=\"325\" data-end=\"398\"><strong data-start=\"325\" data-end=\"345\">S\u1eb5n s\u00e0ng theo ti\u00eau chu\u1ea9n:<\/strong> EPC Class 1 Gen2 \/ ISO 18000-6C, ho\u1ea1t \u0111\u1ed9ng th\u1ee5 \u0111\u1ed9ng<\/p>\n<\/li>\n<li data-start=\"399\" data-end=\"485\">\n<p data-start=\"401\" data-end=\"485\"><strong data-start=\"401\" data-end=\"419\">K\u1ebft c\u1ea5u b\u1ec1n b\u1ec9:<\/strong> C\u1ea5u tr\u00fac PET ho\u1eb7c gi\u1ea5y tr\u00e1ng ph\u1ee7 v\u1edbi \u0103ng-ten kh\u1eafc nh\u00f4m<\/p>\n<\/li>\n<li data-start=\"486\" data-end=\"579\">\n<p data-start=\"488\" data-end=\"579\"><strong data-start=\"488\" data-end=\"509\">\u0110\u1ecbnh d\u1ea1ng linh ho\u1ea1t:<\/strong> Kh\u00f4 (c\u00e1n m\u00e0ng), \u01b0\u1edbt (d\u00ednh) v\u00e0 \u01b0\u1edbt tr\u1eafng (b\u1ec1 m\u1eb7t c\u00f3 th\u1ec3 in)<\/p>\n<\/li>\n<li data-start=\"580\" data-end=\"664\">\n<p data-start=\"582\" data-end=\"664\"><strong data-start=\"582\" data-end=\"606\">Th\u00e2n thi\u1ec7n v\u1edbi s\u1ea3n xu\u1ea5t:<\/strong> \u0110\u01b0\u1ee3c cung c\u1ea5p d\u01b0\u1edbi d\u1ea1ng cu\u1ed9n \u0111\u1ec3 t\u1ef1 \u0111\u1ed9ng chuy\u1ec3n \u0111\u1ed5i v\u00e0 in \u1ea5n<\/p>\n<\/li>\n<li data-start=\"665\" data-end=\"723\">\n<p data-start=\"667\" data-end=\"723\"><strong data-start=\"667\" data-end=\"684\">M\u1eabu mi\u1ec5n ph\u00ed:<\/strong> M\u1eabu c\u00f3 s\u1eb5n trong kho \u0111\u1ec3 th\u1eed nghi\u1ec7m<\/p>\n<\/li>\n<\/ul>\n<p data-start=\"725\" data-end=\"876\"><strong data-start=\"725\" data-end=\"741\">\u1ee8ng d\u1ee5ng<\/strong><br data-start=\"741\" data-end=\"744\" \/>H\u1eadu c\u1ea7n v\u00e0 ki\u1ec3m k\u00ea \u2022 G\u1eafn nh\u00e3n qu\u1ea7n \u00e1o v\u00e0 gi\u00e0y d\u00e9p \u2022 Ki\u1ec3m so\u00e1t truy c\u1eadp v\u00e0 th\u00f4ng tin s\u1ef1 ki\u1ec7n \u2022 D\u00e1n nh\u00e3n kho v\u00e0 kho l\u1ea1nh.<\/p>\n<h2 data-start=\"878\" data-end=\"903\">B\u1ea3ng (Th\u00f4ng s\u1ed1 k\u1ef9 thu\u1eadt)<\/h2>\n<div class=\"_tableContainer_1rjym_1\">\n<div class=\"group _tableWrapper_1rjym_13 flex w-fit flex-col-reverse\" tabindex=\"-1\">\n<table class=\"w-fit min-w-(--thread-content-width)\" data-start=\"905\" data-end=\"2486\">\n<thead data-start=\"905\" data-end=\"1017\">\n<tr data-start=\"905\" data-end=\"1017\">\n<th data-start=\"905\" data-end=\"924\" data-col-size=\"sm\">Lo\u1ea1i<\/th>\n<th data-start=\"924\" data-end=\"944\" data-col-size=\"sm\">Tham s\u1ed1<\/th>\n<th data-start=\"944\" data-end=\"1017\" data-col-size=\"md\">Gi\u00e1 tr\u1ecb<\/th>\n<\/tr>\n<\/thead>\n<tbody data-start=\"1131\" data-end=\"2486\">\n<tr data-start=\"1131\" data-end=\"1243\">\n<td data-start=\"1131\" data-end=\"1150\" data-col-size=\"sm\">T\u1ea7n s\u1ed1 v\u00f4 tuy\u1ebfn<\/td>\n<td data-col-size=\"sm\" data-start=\"1150\" data-end=\"1170\">T\u00ednh th\u01b0\u1eddng xuy\u00ean<\/td>\n<td data-col-size=\"md\" data-start=\"1170\" data-end=\"1243\">860\u2013960 MHz<\/td>\n<\/tr>\n<tr data-start=\"1244\" data-end=\"1356\">\n<td data-start=\"1244\" data-end=\"1263\" data-col-size=\"sm\"><\/td>\n<td data-col-size=\"sm\" data-start=\"1263\" data-end=\"1283\">Giao th\u1ee9c<\/td>\n<td data-col-size=\"md\" data-start=\"1283\" data-end=\"1356\">EPC L\u1edbp 1 Gen2 \/ ISO 18000-6C<\/td>\n<\/tr>\n<tr data-start=\"1357\" data-end=\"1469\">\n<td data-start=\"1357\" data-end=\"1376\" data-col-size=\"sm\">\u0102ng-ten<\/td>\n<td data-col-size=\"sm\" data-start=\"1376\" data-end=\"1396\">Ki\u1ec3u<\/td>\n<td data-col-size=\"md\" data-start=\"1396\" data-end=\"1469\">Nh\u00f4m kh\u1eafc<\/td>\n<\/tr>\n<tr data-start=\"1470\" data-end=\"1582\">\n<td data-start=\"1470\" data-end=\"1489\" data-col-size=\"sm\">S\u1ef1 thi c\u00f4ng<\/td>\n<td data-col-size=\"sm\" data-start=\"1489\" data-end=\"1509\">Ch\u1ea5t n\u1ec1n<\/td>\n<td data-col-size=\"md\" data-start=\"1509\" data-end=\"1582\">PET; gi\u1ea5y tr\u00e1ng<\/td>\n<\/tr>\n<tr data-start=\"1583\" data-end=\"1695\">\n<td data-start=\"1583\" data-end=\"1602\" data-col-size=\"sm\">T\u00f9y ch\u1ecdn IC<\/td>\n<td data-col-size=\"sm\" data-start=\"1602\" data-end=\"1622\">Khoai t\u00e2y chi\u00ean<\/td>\n<td data-col-size=\"md\" data-start=\"1622\" data-end=\"1695\">Ng\u01b0\u1eddi ngo\u00e0i h\u00e0nh tinh H3, H9, H10; U9, U10, U7M; MR6-P<\/td>\n<\/tr>\n<tr data-start=\"1696\" data-end=\"1808\">\n<td data-start=\"1696\" data-end=\"1715\" data-col-size=\"sm\">Hi\u1ec7u su\u1ea5t<\/td>\n<td data-col-size=\"sm\" data-start=\"1715\" data-end=\"1735\">Ph\u1ea1m vi \u0111\u1ecdc<\/td>\n<td data-col-size=\"md\" data-start=\"1735\" data-end=\"1808\">1\u201310 m (ph\u1ee5 thu\u1ed9c v\u00e0o ng\u01b0\u1eddi \u0111\u1ecdc\/m\u00f4i tr\u01b0\u1eddng)<\/td>\n<\/tr>\n<tr data-start=\"1809\" data-end=\"1921\">\n<td data-start=\"1809\" data-end=\"1828\" data-col-size=\"sm\">\u0110\u1ecbnh d\u1ea1ng<\/td>\n<td data-start=\"1828\" data-end=\"1848\" data-col-size=\"sm\">C\u00e1c lo\u1ea1i kh\u1ea3m<\/td>\n<td data-col-size=\"md\" data-start=\"1848\" data-end=\"1921\">Kh\u00f4 (c\u00e1n m\u00e0ng); \u01af\u1edbt (keo); Tr\u1eafng \u01b0\u1edbt (keo in \u0111\u01b0\u1ee3c)<\/td>\n<\/tr>\n<tr data-start=\"1922\" data-end=\"2034\">\n<td data-start=\"1922\" data-end=\"1941\" data-col-size=\"sm\">K\u00edch th\u01b0\u1edbc<\/td>\n<td data-col-size=\"sm\" data-start=\"1941\" data-end=\"1961\">T\u00f9y ch\u1ecdn k\u00edch th\u01b0\u1edbc<\/td>\n<td data-col-size=\"md\" data-start=\"1961\" data-end=\"2034\">100\u00d715 mm; 99\u00d724 mm; 86\u00d754 mm; 80\u00d750 mm; 73\u00d723 mm<\/td>\n<\/tr>\n<tr data-start=\"2035\" data-end=\"2147\">\n<td data-start=\"2035\" data-end=\"2054\" data-col-size=\"sm\">Bao b\u00ec<\/td>\n<td data-start=\"2054\" data-end=\"2074\" data-col-size=\"sm\">Cung c\u1ea5p<\/td>\n<td data-col-size=\"md\" data-start=\"2074\" data-end=\"2147\">\u0110\u1ecbnh d\u1ea1ng cu\u1ed9n \u0111\u1ec3 chuy\u1ec3n \u0111\u1ed5i t\u1ef1 \u0111\u1ed9ng<\/td>\n<\/tr>\n<tr data-start=\"2148\" data-end=\"2260\">\n<td data-start=\"2148\" data-end=\"2167\" data-col-size=\"sm\">M\u1eabu<\/td>\n<td data-start=\"2167\" data-end=\"2187\" data-col-size=\"sm\">Kh\u1ea3 d\u1ee5ng<\/td>\n<td data-col-size=\"md\" data-start=\"2187\" data-end=\"2260\">M\u1eabu mi\u1ec5n ph\u00ed c\u00f3 s\u1eb5n<\/td>\n<\/tr>\n<tr data-start=\"2261\" data-end=\"2373\">\n<td data-start=\"2261\" data-end=\"2280\" data-col-size=\"sm\">Ngu\u1ed3n g\u1ed1c<\/td>\n<td data-start=\"2280\" data-end=\"2300\" data-col-size=\"sm\">N\u01a1i xu\u1ea5t x\u1ee9<\/td>\n<td data-col-size=\"md\" data-start=\"2300\" data-end=\"2373\">Qu\u1ea3ng \u0110\u00f4ng, Trung Qu\u1ed1c<\/td>\n<\/tr>\n<tr data-start=\"2374\" data-end=\"2486\">\n<td data-start=\"2374\" data-end=\"2393\" data-col-size=\"sm\">C\u00e1c tr\u01b0\u1eddng h\u1ee3p s\u1eed d\u1ee5ng<\/td>\n<td data-col-size=\"sm\" data-start=\"2393\" data-end=\"2413\">\u1ee8ng d\u1ee5ng<\/td>\n<td data-col-size=\"md\" data-start=\"2413\" data-end=\"2486\">H\u1eadu c\u1ea7n, ki\u1ec3m k\u00ea, g\u1eafn th\u1ebb qu\u1ea7n \u00e1o, ki\u1ec3m so\u00e1t ra v\u00e0o<\/td>\n<\/tr>\n<\/tbody>\n<\/table>\n<\/div>\n<\/div>","protected":false},"excerpt":{"rendered":"<p>L\u1edbp ph\u1ee7 RFID UHF (860\u2013960 MHz) v\u1edbi \u0103ng-ten PET + nh\u00f4m\u2014\u0111\u1ecbnh d\u1ea1ng kh\u00f4, \u01b0\u1edbt ho\u1eb7c tr\u1eafng \u01b0\u1edbt cho nh\u00e3n, v\u00e9 v\u00e0 th\u1ebb qu\u1ea7n \u00e1o; \u0111\u1ecdc 1\u201310 m v\u00e0 m\u1eabu mi\u1ec5n ph\u00ed.<\/p>","protected":false},"featured_media":856,"template":"","meta":{"_gspb_post_css":""},"product_brand":[],"product_cat":[23],"product_tag":[],"class_list":{"0":"post-855","1":"product","2":"type-product","3":"status-publish","4":"has-post-thumbnail","6":"product_cat-rfid-nfc-inlay","8":"first","9":"instock","10":"shipping-taxable","11":"purchasable","12":"product-type-simple"},"_links":{"self":[{"href":"https:\/\/www.cxjsmartcard.com\/vi\/wp-json\/wp\/v2\/product\/855","targetHints":{"allow":["GET"]}}],"collection":[{"href":"https:\/\/www.cxjsmartcard.com\/vi\/wp-json\/wp\/v2\/product"}],"about":[{"href":"https:\/\/www.cxjsmartcard.com\/vi\/wp-json\/wp\/v2\/types\/product"}],"wp:featuredmedia":[{"embeddable":true,"href":"https:\/\/www.cxjsmartcard.com\/vi\/wp-json\/wp\/v2\/media\/856"}],"wp:attachment":[{"href":"https:\/\/www.cxjsmartcard.com\/vi\/wp-json\/wp\/v2\/media?parent=855"}],"wp:term":[{"taxonomy":"product_brand","embeddable":true,"href":"https:\/\/www.cxjsmartcard.com\/vi\/wp-json\/wp\/v2\/product_brand?post=855"},{"taxonomy":"product_cat","embeddable":true,"href":"https:\/\/www.cxjsmartcard.com\/vi\/wp-json\/wp\/v2\/product_cat?post=855"},{"taxonomy":"product_tag","embeddable":true,"href":"https:\/\/www.cxjsmartcard.com\/vi\/wp-json\/wp\/v2\/product_tag?post=855"}],"curies":[{"name":"trang web","href":"https:\/\/api.w.org\/{rel}","templated":true}]}}