{"id":850,"date":"2025-11-03T08:28:47","date_gmt":"2025-11-03T08:28:47","guid":{"rendered":"https:\/\/www.cxjsmartcard.com\/?post_type=product&#038;p=850"},"modified":"2025-12-29T01:27:08","modified_gmt":"2025-12-29T01:27:08","slug":"uhf-rfid-dry-inlay-with-ucode-9","status":"publish","type":"product","link":"https:\/\/www.cxjsmartcard.com\/vi\/uhf-rfid-dry-inlay-with-ucode-9\/","title":{"rendered":"L\u1edbp ph\u1ee7 kh\u00f4 RFID UHF v\u1edbi UCODE 9"},"content":{"rendered":"<p data-start=\"43\" data-end=\"468\">L\u1edbp ph\u1ee7 kh\u00f4 UHF d\u00e0nh cho h\u1ec7 th\u1ed1ng 860\u2013960 MHz, \u0111\u01b0\u1ee3c thi\u1ebft k\u1ebf nh\u01b0 m\u1ed9t linh ki\u1ec7n b\u00e1n th\u00e0nh ph\u1ea9m, d\u1ec5 d\u00e0ng chuy\u1ec3n \u0111\u1ed5i th\u00e0nh v\u00e9, nh\u00e3n, th\u1ebb v\u00e0 huy hi\u1ec7u. \u0110\u01b0\u1ee3c ch\u1ebf t\u1ea1o tr\u00ean n\u1ec1n t\u1ea3ng NXP\u00ae UCODE\u00ae 9, l\u1edbp ph\u1ee7 s\u1eed d\u1ee5ng \u0103ng-ten nh\u00f4m kh\u1eafc tr\u00ean PET v\u1edbi li\u00ean k\u1ebft flip-chip cho kh\u1ea3 n\u0103ng chuy\u1ec3n \u0111\u1ed5i \u0111\u00e1ng tin c\u1eady, dung l\u01b0\u1ee3ng l\u1edbn v\u00e0 hi\u1ec7u su\u1ea5t \u1ed5n \u0111\u1ecbnh. Kho\u1ea3ng c\u00e1ch \u0111\u1ecdc th\u00f4ng th\u01b0\u1eddng l\u00ean \u0111\u1ebfn ~ 10 ft (\u22483,3 m) trong c\u00e1c thi\u1ebft l\u1eadp UHF \u0111\u01b0\u1ee3c tinh ch\u1ec9nh t\u1ed1t.<\/p>\n<p data-start=\"470\" data-end=\"487\"><strong data-start=\"470\" data-end=\"485\">T\u1ea1i sao n\u00f3 ph\u00f9 h\u1ee3p<\/strong><\/p>\n<ul data-start=\"488\" data-end=\"829\">\n<li data-start=\"488\" data-end=\"568\">\n<p data-start=\"490\" data-end=\"568\"><strong data-start=\"490\" data-end=\"510\">S\u1eb5n s\u00e0ng theo ti\u00eau chu\u1ea9n:<\/strong> EPC Class 1 Gen 2 \/ ISO\/IEC 18000-6C, ho\u1ea1t \u0111\u1ed9ng th\u1ee5 \u0111\u1ed9ng<\/p>\n<\/li>\n<li data-start=\"569\" data-end=\"658\">\n<p data-start=\"571\" data-end=\"658\"><strong data-start=\"571\" data-end=\"589\">K\u1ebft c\u1ea5u b\u1ec1n b\u1ec9:<\/strong> Ch\u1ea5t n\u1ec1n PET; c\u1ea5u tr\u00fac nh\u00e3n ch\u1ed1ng m\u00e0i m\u00f2n v\u00e0 dung m\u00f4i<\/p>\n<\/li>\n<li data-start=\"659\" data-end=\"746\">\n<p data-start=\"661\" data-end=\"746\"><strong data-start=\"661\" data-end=\"682\">\u0110\u1ecbnh d\u1ea1ng linh ho\u1ea1t:<\/strong> Kh\u1ea3m kh\u00f4 (kh\u00f4ng c\u00f3 keo d\u00e1n) ho\u1eb7c t\u1ea1o th\u00e0nh kh\u1ea3m \u01b0\u1edbt\/nh\u00e3n ho\u00e0n thi\u1ec7n<\/p>\n<\/li>\n<li data-start=\"747\" data-end=\"829\">\n<p data-start=\"749\" data-end=\"829\"><strong data-start=\"749\" data-end=\"773\">Th\u00e2n thi\u1ec7n v\u1edbi s\u1ea3n xu\u1ea5t:<\/strong> \u0110\u01b0\u1ee3c cung c\u1ea5p d\u01b0\u1edbi d\u1ea1ng cu\u1ed9n \u0111\u1ec3 t\u1ef1 \u0111\u1ed9ng chuy\u1ec3n \u0111\u1ed5i v\u00e0 in \u1ea5n<\/p>\n<\/li>\n<\/ul>\n<p data-start=\"831\" data-end=\"1027\"><strong data-start=\"831\" data-end=\"847\">\u1ee8ng d\u1ee5ng<\/strong><br data-start=\"847\" data-end=\"850\" \/>Chu\u1ed7i cung \u1ee9ng (th\u00f9ng carton, pallet, nh\u00e3n v\u1eadn chuy\u1ec3n) \u2022 B\u00e1n l\u1ebb v\u00e0 h\u1eadu c\u1ea7n (th\u1ebb treo qu\u1ea7n \u00e1o, nh\u00e3n h\u00e0nh l\u00fd, theo d\u00f5i t\u00e0i s\u1ea3n) \u2022 Qu\u1ea3n l\u00fd t\u00e0i li\u1ec7u\/t\u1ec7p tin \u2022 Ti\u1ebfp c\u1eadn s\u1ef1 ki\u1ec7n v\u00e0 x\u00e2y d\u1ef1ng th\u01b0\u01a1ng hi\u1ec7u.<\/p>\n<h2 data-start=\"1029\" data-end=\"1054\">B\u1ea3ng (Th\u00f4ng s\u1ed1 k\u1ef9 thu\u1eadt)<\/h2>\n<div class=\"_tableContainer_1rjym_1\">\n<div class=\"group _tableWrapper_1rjym_13 flex w-fit flex-col-reverse\" tabindex=\"-1\">\n<table class=\"w-fit min-w-(--thread-content-width)\" data-start=\"1056\" data-end=\"3413\">\n<thead data-start=\"1056\" data-end=\"1167\">\n<tr data-start=\"1056\" data-end=\"1167\">\n<th data-start=\"1056\" data-end=\"1078\" data-col-size=\"sm\">Lo\u1ea1i<\/th>\n<th data-start=\"1078\" data-end=\"1107\" data-col-size=\"sm\">Tham s\u1ed1<\/th>\n<th data-start=\"1107\" data-end=\"1167\" data-col-size=\"md\">Gi\u00e1 tr\u1ecb<\/th>\n<\/tr>\n<\/thead>\n<tbody data-start=\"1280\" data-end=\"3413\">\n<tr data-start=\"1280\" data-end=\"1391\">\n<td data-start=\"1280\" data-end=\"1302\" data-col-size=\"sm\">S\u1ea3n ph\u1ea9m<\/td>\n<td data-start=\"1302\" data-end=\"1331\" data-col-size=\"sm\">Ki\u1ec3u<\/td>\n<td data-col-size=\"md\" data-start=\"1331\" data-end=\"1391\">L\u1edbp ph\u1ee7 kh\u00f4 UHF RFID (c\u00f3 th\u1ec3 chuy\u1ec3n \u0111\u1ed5i th\u00e0nh \u01b0\u1edbt\/nh\u00e3n)<\/td>\n<\/tr>\n<tr data-start=\"1392\" data-end=\"1503\">\n<td data-start=\"1392\" data-end=\"1414\" data-col-size=\"sm\">IC<\/td>\n<td data-col-size=\"sm\" data-start=\"1414\" data-end=\"1443\">Chip<\/td>\n<td data-col-size=\"md\" data-start=\"1443\" data-end=\"1503\">NXP\u00ae UCODE\u00ae 9<\/td>\n<\/tr>\n<tr data-start=\"1504\" data-end=\"1615\">\n<td data-start=\"1504\" data-end=\"1526\" data-col-size=\"sm\">T\u1ea7n s\u1ed1 v\u00f4 tuy\u1ebfn<\/td>\n<td data-col-size=\"sm\" data-start=\"1526\" data-end=\"1555\">T\u00ednh th\u01b0\u1eddng xuy\u00ean<\/td>\n<td data-col-size=\"md\" data-start=\"1555\" data-end=\"1615\">860\u2013960 MHz<\/td>\n<\/tr>\n<tr data-start=\"1616\" data-end=\"1727\">\n<td data-start=\"1616\" data-end=\"1638\" data-col-size=\"sm\"><\/td>\n<td data-col-size=\"sm\" data-start=\"1638\" data-end=\"1667\">Giao th\u1ee9c<\/td>\n<td data-col-size=\"md\" data-start=\"1667\" data-end=\"1727\">ISO\/IEC 18000-6C, EPC L\u1edbp 1 Th\u1ebf h\u1ec7 2<\/td>\n<\/tr>\n<tr data-start=\"1728\" data-end=\"1839\">\n<td data-start=\"1728\" data-end=\"1750\" data-col-size=\"sm\">Ho\u1ea1t \u0111\u1ed9ng<\/td>\n<td data-start=\"1750\" data-end=\"1779\" data-col-size=\"sm\">Ch\u1ebf \u0111\u1ed9 l\u00e0m vi\u1ec7c<\/td>\n<td data-col-size=\"md\" data-start=\"1779\" data-end=\"1839\">Th\u1ee5 \u0111\u1ed9ng<\/td>\n<\/tr>\n<tr data-start=\"1840\" data-end=\"1951\">\n<td data-start=\"1840\" data-end=\"1862\" data-col-size=\"sm\">\u0102ng-ten<\/td>\n<td data-col-size=\"sm\" data-start=\"1862\" data-end=\"1891\">S\u1ef1 thi c\u00f4ng<\/td>\n<td data-col-size=\"md\" data-start=\"1891\" data-end=\"1951\">Kh\u1eafc nh\u00f4m<\/td>\n<\/tr>\n<tr data-start=\"1952\" data-end=\"2063\">\n<td data-start=\"1952\" data-end=\"1974\" data-col-size=\"sm\"><\/td>\n<td data-col-size=\"sm\" data-start=\"1974\" data-end=\"2003\">K\u00edch th\u01b0\u1edbc \u0103ng-ten<\/td>\n<td data-col-size=\"md\" data-start=\"2003\" data-end=\"2063\">40 \u00d7 10 mm<\/td>\n<\/tr>\n<tr data-start=\"2064\" data-end=\"2175\">\n<td data-start=\"2064\" data-end=\"2086\" data-col-size=\"sm\">\u0110\u1ecdc hi\u1ec7u su\u1ea5t<\/td>\n<td data-start=\"2086\" data-end=\"2115\" data-col-size=\"sm\">Ph\u1ea1m vi \u0111\u1ecdc \u0111i\u1ec3n h\u00ecnh<\/td>\n<td data-col-size=\"md\" data-start=\"2115\" data-end=\"2175\">L\u00ean \u0111\u1ebfn ~10 ft (\u22483,3 m), t\u00f9y thu\u1ed9c v\u00e0o ng\u01b0\u1eddi \u0111\u1ecdc\/m\u00f4i tr\u01b0\u1eddng<\/td>\n<\/tr>\n<tr data-start=\"2176\" data-end=\"2287\">\n<td data-start=\"2176\" data-end=\"2198\" data-col-size=\"sm\">C\u01a1 h\u1ecdc<\/td>\n<td data-col-size=\"sm\" data-start=\"2198\" data-end=\"2227\">Ch\u1ea5t n\u1ec1n<\/td>\n<td data-col-size=\"md\" data-start=\"2227\" data-end=\"2287\">TH\u00da C\u01afNG<\/td>\n<\/tr>\n<tr data-start=\"2288\" data-end=\"2404\">\n<td data-start=\"2288\" data-end=\"2310\" data-col-size=\"sm\">V\u1eadt li\u1ec7u nh\u00e3n<\/td>\n<td data-col-size=\"sm\" data-start=\"2310\" data-end=\"2339\">T\u00f9y ch\u1ecdn khu\u00f4n m\u1eb7t<\/td>\n<td data-col-size=\"md\" data-start=\"2339\" data-end=\"2404\">Gi\u1ea5y tr\u00e1ng ph\u1ee7 \/ PET \/ Gi\u1ea5y t\u1ed5ng h\u1ee3p \/ Gi\u1ea5y nhi\u1ec7t \/ t\u00f9y ch\u1ec9nh<\/td>\n<\/tr>\n<tr data-start=\"2405\" data-end=\"2516\">\n<td data-start=\"2405\" data-end=\"2427\" data-col-size=\"sm\">\u0110\u1ecbnh d\u1ea1ng<\/td>\n<td data-col-size=\"sm\" data-start=\"2427\" data-end=\"2456\">K\u00edch th\u01b0\u1edbc nh\u00e3n\/kh\u1ea3m \u01b0\u1edbt<\/td>\n<td data-col-size=\"md\" data-start=\"2456\" data-end=\"2516\">43 \u00d7 18 mm (ho\u1eb7c t\u00f9y ch\u1ec9nh)<\/td>\n<\/tr>\n<tr data-start=\"2517\" data-end=\"2628\">\n<td data-start=\"2517\" data-end=\"2539\" data-col-size=\"sm\">In \u1ea5n<\/td>\n<td data-col-size=\"sm\" data-start=\"2539\" data-end=\"2568\">T\u00f9y ch\u1ecdn<\/td>\n<td data-col-size=\"md\" data-start=\"2568\" data-end=\"2628\">\u0110\u1ea7y \u0111\u1ee7 m\u00e0u s\u1eafc, logo, m\u00e3 v\u1ea1ch, QR, d\u1eef li\u1ec7u bi\u1ebfn \u0111\u1ed5i<\/td>\n<\/tr>\n<tr data-start=\"2629\" data-end=\"2740\">\n<td data-start=\"2629\" data-end=\"2651\" data-col-size=\"sm\">\u0110\u1ed9 tin c\u1eady<\/td>\n<td data-col-size=\"sm\" data-start=\"2651\" data-end=\"2680\">IC Life<\/td>\n<td data-col-size=\"md\" data-start=\"2680\" data-end=\"2740\">100.000 chu k\u1ef3 l\u1eadp tr\u00ecnh; l\u01b0u gi\u1eef d\u1eef li\u1ec7u trong 10 n\u0103m<\/td>\n<\/tr>\n<tr data-start=\"2741\" data-end=\"2852\">\n<td data-start=\"2741\" data-end=\"2763\" data-col-size=\"sm\">M\u00f4i tr\u01b0\u1eddng<\/td>\n<td data-col-size=\"sm\" data-start=\"2763\" data-end=\"2792\">Nhi\u1ec7t \u0111\u1ed9\/\u0110\u1ed9 \u1ea9m ho\u1ea1t \u0111\u1ed9ng<\/td>\n<td data-col-size=\"md\" data-start=\"2792\" data-end=\"2852\">\u221225 \u0111\u1ebfn +65 \u2103 \/ 20\u201380% RH<\/td>\n<\/tr>\n<tr data-start=\"2853\" data-end=\"2964\">\n<td data-start=\"2853\" data-end=\"2875\" data-col-size=\"sm\"><\/td>\n<td data-col-size=\"sm\" data-start=\"2875\" data-end=\"2904\">Nhi\u1ec7t \u0111\u1ed9\/\u0110\u1ed9 \u1ea9m l\u01b0u tr\u1eef<\/td>\n<td data-col-size=\"md\" data-start=\"2904\" data-end=\"2964\">+23 \u2103 \u00b15 \u2103 \/ 50% \u00b110% RH (kh\u00f4ng ng\u01b0ng t\u1ee5)<\/td>\n<\/tr>\n<tr data-start=\"2965\" data-end=\"3076\">\n<td data-start=\"2965\" data-end=\"2987\" data-col-size=\"sm\">Bao b\u00ec<\/td>\n<td data-col-size=\"sm\" data-start=\"2987\" data-end=\"3016\">Cung c\u1ea5p cu\u1ed9n<\/td>\n<td data-col-size=\"md\" data-start=\"3016\" data-end=\"3076\">1.000\u20135.000 chi\u1ebfc\/cu\u1ed9n; 4 cu\u1ed9n\/th\u00f9ng<\/td>\n<\/tr>\n<tr data-start=\"3077\" data-end=\"3189\">\n<td data-start=\"3077\" data-end=\"3099\" data-col-size=\"sm\">M\u1eabu<\/td>\n<td data-start=\"3099\" data-end=\"3128\" data-col-size=\"sm\">Kh\u1ea3 d\u1ee5ng<\/td>\n<td data-col-size=\"md\" data-start=\"3128\" data-end=\"3189\">M\u1eabu th\u1eed nghi\u1ec7m mi\u1ec5n ph\u00ed<\/td>\n<\/tr>\n<tr data-start=\"3190\" data-end=\"3301\">\n<td data-start=\"3190\" data-end=\"3212\" data-col-size=\"sm\">Ngu\u1ed3n g\u1ed1c<\/td>\n<td data-col-size=\"sm\" data-start=\"3212\" data-end=\"3241\">N\u01a1i xu\u1ea5t x\u1ee9<\/td>\n<td data-col-size=\"md\" data-start=\"3241\" data-end=\"3301\">Th\u00e0nh \u0110\u00f4, Trung Qu\u1ed1c<\/td>\n<\/tr>\n<tr data-start=\"3302\" data-end=\"3413\">\n<td data-start=\"3302\" data-end=\"3324\" data-col-size=\"sm\">C\u00e1c tr\u01b0\u1eddng h\u1ee3p s\u1eed d\u1ee5ng<\/td>\n<td data-col-size=\"sm\" data-start=\"3324\" data-end=\"3353\">V\u00ed d\u1ee5 \u1ee9ng d\u1ee5ng<\/td>\n<td data-col-size=\"md\" data-start=\"3353\" data-end=\"3413\">Chu\u1ed7i cung \u1ee9ng, b\u00e1n l\u1ebb\/h\u1eadu c\u1ea7n, t\u00e0i li\u1ec7u, quy\u1ec1n truy c\u1eadp s\u1ef1 ki\u1ec7n<\/td>\n<\/tr>\n<\/tbody>\n<\/table>\n<\/div>\n<\/div>","protected":false},"excerpt":{"rendered":"<p>L\u1edbp ph\u1ee7 kh\u00f4 UHF 860\u2013960 MHz v\u1edbi UCODE 9\u2014PET + nh\u00f4m kh\u1eafc, EPC Gen2, kh\u1ea3 n\u0103ng \u0111\u1ecdc l\u00ean \u0111\u1ebfn ~10 ft, d\u1ea1ng cu\u1ed9n \u0111\u1ec3 chuy\u1ec3n \u0111\u1ed5i th\u00e0nh nh\u00e3n, v\u00e9, th\u1ebb v\u00e0 huy hi\u1ec7u.<\/p>","protected":false},"featured_media":851,"template":"","meta":{"_gspb_post_css":""},"product_brand":[],"product_cat":[23],"product_tag":[],"class_list":{"0":"post-850","1":"product","2":"type-product","3":"status-publish","4":"has-post-thumbnail","6":"product_cat-rfid-nfc-inlay","8":"first","9":"instock","10":"shipping-taxable","11":"purchasable","12":"product-type-simple"},"_links":{"self":[{"href":"https:\/\/www.cxjsmartcard.com\/vi\/wp-json\/wp\/v2\/product\/850","targetHints":{"allow":["GET"]}}],"collection":[{"href":"https:\/\/www.cxjsmartcard.com\/vi\/wp-json\/wp\/v2\/product"}],"about":[{"href":"https:\/\/www.cxjsmartcard.com\/vi\/wp-json\/wp\/v2\/types\/product"}],"wp:featuredmedia":[{"embeddable":true,"href":"https:\/\/www.cxjsmartcard.com\/vi\/wp-json\/wp\/v2\/media\/851"}],"wp:attachment":[{"href":"https:\/\/www.cxjsmartcard.com\/vi\/wp-json\/wp\/v2\/media?parent=850"}],"wp:term":[{"taxonomy":"product_brand","embeddable":true,"href":"https:\/\/www.cxjsmartcard.com\/vi\/wp-json\/wp\/v2\/product_brand?post=850"},{"taxonomy":"product_cat","embeddable":true,"href":"https:\/\/www.cxjsmartcard.com\/vi\/wp-json\/wp\/v2\/product_cat?post=850"},{"taxonomy":"product_tag","embeddable":true,"href":"https:\/\/www.cxjsmartcard.com\/vi\/wp-json\/wp\/v2\/product_tag?post=850"}],"curies":[{"name":"trang web","href":"https:\/\/api.w.org\/{rel}","templated":true}]}}