{"id":845,"date":"2025-11-03T08:26:37","date_gmt":"2025-11-03T08:26:37","guid":{"rendered":"https:\/\/www.cxjsmartcard.com\/?post_type=product&#038;p=845"},"modified":"2025-12-29T01:27:08","modified_gmt":"2025-12-29T01:27:08","slug":"factory-customization-rfid-waterproof-dry-wet-inlay","status":"publish","type":"product","link":"https:\/\/www.cxjsmartcard.com\/vi\/factory-customization-rfid-waterproof-dry-wet-inlay\/","title":{"rendered":"T\u00f9y ch\u1ec9nh t\u1ea1i nh\u00e0 m\u00e1y RFID Ch\u1ed1ng th\u1ea5m n\u01b0\u1edbc Kh\u00f4\/\u01af\u1edbt Inlay"},"content":{"rendered":"<p data-start=\"63\" data-end=\"512\">C\u00f3 s\u1eb5n l\u1edbp ph\u1ee7 RFID ch\u1ed1ng th\u1ea5m n\u01b0\u1edbc, ch\u1ed1ng ch\u1ecbu th\u1eddi ti\u1ebft <strong data-start=\"128\" data-end=\"135\">kh\u00f4<\/strong>, <strong data-start=\"137\" data-end=\"144\">\u01b0\u1edbt<\/strong>, ho\u1eb7c <strong data-start=\"149\" data-end=\"162\">tr\u1eafng \u01b0\u1edbt<\/strong> \u0111\u1ecbnh d\u1ea1ng \u0111\u1ec3 t\u00edch h\u1ee3p nhanh ch\u00f3ng v\u00e0o nh\u00e3n, th\u1ebb v\u00e0 v\u00e9 qu\u1ea7n \u00e1o. Ti\u00eau chu\u1ea9n <strong data-start=\"242\" data-end=\"258\">T\u1ea7n s\u1ed1 cao 13,56 MHz<\/strong> x\u00e2y d\u1ef1ng h\u1ed7 tr\u1ee3 ISO\/IEC 14443, trong khi <strong data-start=\"295\" data-end=\"310\">T\u00f9y ch\u1ecdn UHF<\/strong> (ph\u1ee5 thu\u1ed9c v\u00e0o chip) cho ph\u00e9p \u0111\u1ecdc t\u1ea7m xa\u2014l\u00fd t\u01b0\u1edfng cho b\u00e1n l\u1ebb, h\u1eadu c\u1ea7n v\u00e0 m\u00f4i tr\u01b0\u1eddng kh\u1eafc nghi\u1ec7t. \u0110\u01b0\u1ee3c s\u1ea3n xu\u1ea5t t\u1ea1i <strong data-start=\"421\" data-end=\"441\">Qu\u1ea3ng \u0110\u00f4ng, Trung Qu\u1ed1c<\/strong>, v\u1edbi \u0111\u1ea7y \u0111\u1ee7 t\u00f9y ch\u1ec9nh OEM (k\u00edch th\u01b0\u1edbc, chip, \u0111\u1ecbnh d\u1ea1ng, m\u00e3 h\u00f3a, th\u01b0\u01a1ng hi\u1ec7u).<\/p>\n<p data-start=\"514\" data-end=\"532\"><strong data-start=\"514\" data-end=\"530\">T\u1ea1i sao n\u00f3 ho\u1ea1t \u0111\u1ed9ng<\/strong><\/p>\n<ul data-start=\"533\" data-end=\"1084\">\n<li data-start=\"533\" data-end=\"674\">\n<p data-start=\"535\" data-end=\"674\"><strong data-start=\"535\" data-end=\"556\">\u0110\u1ecbnh d\u1ea1ng linh ho\u1ea1t:<\/strong> L\u1edbp kh\u1ea3m kh\u00f4 \u0111\u1ec3 c\u00e1n m\u00e0ng; l\u1edbp kh\u1ea3m \u01b0\u1edbt c\u00f3 keo d\u00e1n \u0111\u1ec3 b\u00f3c ra v\u00e0 d\u00e1n; l\u1edbp kh\u1ea3m tr\u1eafng \u01b0\u1edbt \u0111\u1ec3 b\u1ea3o v\u1ec7 b\u1ec1 m\u1eb7t c\u00f3 th\u1ec3 in.<\/p>\n<\/li>\n<li data-start=\"675\" data-end=\"768\">\n<p data-start=\"677\" data-end=\"768\"><strong data-start=\"677\" data-end=\"700\">Kh\u1ea3 n\u0103ng t\u01b0\u01a1ng th\u00edch c\u1ee7a chip:<\/strong> C\u00e1c d\u00f2ng UCODE, Monza, Alien H3, U8\/U9 ph\u00f9 h\u1ee3p v\u1edbi c\u00e1c h\u1ec7 th\u1ed1ng hi\u1ec7n c\u00f3.<\/p>\n<\/li>\n<li data-start=\"769\" data-end=\"874\">\n<p data-start=\"771\" data-end=\"874\"><strong data-start=\"771\" data-end=\"796\">K\u1ebft c\u1ea5u b\u1ec1n b\u1ec9:<\/strong> Ch\u1ea5t n\u1ec1n nh\u00e3n PET ho\u1eb7c gi\u1ea5y c\u00f3 \u0103ng-ten v\u00f2ng b\u1eb1ng nh\u00f4m ho\u1eb7c \u0111\u1ed3ng \u0111\u01b0\u1ee3c kh\u1eafc.<\/p>\n<\/li>\n<li data-start=\"875\" data-end=\"960\">\n<p data-start=\"877\" data-end=\"960\"><strong data-start=\"877\" data-end=\"904\">T\u00ednh b\u1ec1n v\u1eefng trong t\u00e2m tr\u00ed:<\/strong> PET c\u00f3 th\u1ec3 t\u00e1i ch\u1ebf v\u00e0 kh\u1eafc \u00edt ch\u1ea5t th\u1ea3i; tu\u00e2n th\u1ee7 RoHS.<\/p>\n<\/li>\n<li data-start=\"961\" data-end=\"1084\">\n<p data-start=\"963\" data-end=\"1084\"><strong data-start=\"963\" data-end=\"988\">Ph\u1ea1m vi ph\u00f9 h\u1ee3p v\u1edbi c\u00f4ng vi\u1ec7c:<\/strong> Qu\u00e9t tr\u01b0\u1eddng g\u1ea7n \u0111\u1ec3 ph\u00e1t hi\u1ec7n HF; <strong data-start=\"1014\" data-end=\"1029\">l\u00ean \u0111\u1ebfn ~10 m<\/strong> kho\u1ea3ng c\u00e1ch \u0111\u1ecdc v\u1edbi UHF (ph\u1ee5 thu\u1ed9c v\u00e0o \u0111\u1ea7u \u0111\u1ecdc\/m\u00f4i tr\u01b0\u1eddng).<\/p>\n<\/li>\n<\/ul>\n<p data-start=\"1086\" data-end=\"1244\"><strong data-start=\"1086\" data-end=\"1099\">C\u00e1c tr\u01b0\u1eddng h\u1ee3p s\u1eed d\u1ee5ng<\/strong><br data-start=\"1099\" data-end=\"1102\" \/>Nh\u00e3n h\u00e0ng t\u1ed3n kho v\u00e0 qu\u1ea7n \u00e1o \u2022 X\u00e1c th\u1ef1c s\u1ea3n ph\u1ea9m \u2022 Theo d\u00f5i t\u00e0i s\u1ea3n trong b\u00e1n l\u1ebb v\u00e0 h\u1eadu c\u1ea7n \u2022 Nh\u00e3n RFID c\u00f3 th\u1ec3 in v\u00e0 th\u1ebb treo qu\u1ea7n \u00e1o.<\/p>\n<p data-start=\"1246\" data-end=\"1651\"><strong data-start=\"1246\" data-end=\"1254\">C\u00e2u h\u1ecfi th\u01b0\u1eddng g\u1eb7p<\/strong><br data-start=\"1254\" data-end=\"1257\" \/><strong data-start=\"1257\" data-end=\"1288\">Q1: T\u00f4i c\u00f3 th\u1ec3 y\u00eau c\u1ea7u m\u1eabu kh\u00f4ng?<\/strong> C\u00f3\u2014c\u00f3 s\u1eb5n m\u1eabu mi\u1ec5n ph\u00ed \u0111\u1ec3 th\u1eed nghi\u1ec7m.<br data-start=\"1338\" data-end=\"1341\" \/><strong data-start=\"1341\" data-end=\"1366\">C\u00e2u h\u1ecfi 2: NFC c\u00f3 \u0111\u01b0\u1ee3c h\u1ed7 tr\u1ee3 kh\u00f4ng?<\/strong> HF 13,56 MHz h\u1ed7 tr\u1ee3 NFC t\u00f9y thu\u1ed9c v\u00e0o chip \u0111\u01b0\u1ee3c ch\u1ecdn.<br data-start=\"1422\" data-end=\"1425\" \/><strong data-start=\"1425\" data-end=\"1461\">C\u00e2u h\u1ecfi 3: Nh\u1eefng lo\u1ea1i \u0111\u1ea7u \u0111\u1ecdc n\u00e0o t\u01b0\u01a1ng th\u00edch?<\/strong> B\u1ea5t k\u1ef3 \u0111\u1ea7u \u0111\u1ecdc c\u1ea7m tay ho\u1eb7c c\u1ed1 \u0111\u1ecbnh n\u00e0o h\u1ed7 tr\u1ee3 <strong data-start=\"1502\" data-end=\"1519\">Ti\u00eau chu\u1ea9n ISO\/IEC 14443<\/strong> (HF) ho\u1eb7c <strong data-start=\"1528\" data-end=\"1544\">Ti\u00eau chu\u1ea9n ISO 18000-6C<\/strong> (UHF).<br data-start=\"1551\" data-end=\"1554\" \/><strong data-start=\"1554\" data-end=\"1588\">C\u00e2u h\u1ecfi 4: Ch\u00fang c\u00f3 th\u1ec3 t\u00f9y ch\u1ec9nh \u0111\u01b0\u1ee3c \u0111\u1ebfn m\u1ee9c n\u00e0o?<\/strong> Ho\u00e0n to\u00e0n l\u00e0 OEM\u2014k\u00edch th\u01b0\u1edbc, chip, \u0103ng-ten, \u0111\u1ecbnh d\u1ea1ng, m\u00e3 h\u00f3a v\u00e0 th\u01b0\u01a1ng hi\u1ec7u.<\/p>\n<h2 data-start=\"1653\" data-end=\"1678\">B\u1ea3ng (Th\u00f4ng s\u1ed1 k\u1ef9 thu\u1eadt)<\/h2>\n<div class=\"_tableContainer_1rjym_1\">\n<div class=\"group _tableWrapper_1rjym_13 flex w-fit flex-col-reverse\" tabindex=\"-1\">\n<table class=\"w-fit min-w-(--thread-content-width)\" data-start=\"1680\" data-end=\"3796\">\n<thead data-start=\"1680\" data-end=\"1821\">\n<tr data-start=\"1680\" data-end=\"1821\">\n<th data-start=\"1680\" data-end=\"1704\" data-col-size=\"sm\">Lo\u1ea1i<\/th>\n<th data-start=\"1704\" data-end=\"1732\" data-col-size=\"sm\">Tham s\u1ed1<\/th>\n<th data-start=\"1732\" data-end=\"1821\" data-col-size=\"md\">Gi\u00e1 tr\u1ecb<\/th>\n<\/tr>\n<\/thead>\n<tbody data-start=\"1963\" data-end=\"3796\">\n<tr data-start=\"1963\" data-end=\"2103\">\n<td data-start=\"1963\" data-end=\"1986\" data-col-size=\"sm\">S\u1ea3n ph\u1ea9m<\/td>\n<td data-col-size=\"sm\" data-start=\"1986\" data-end=\"2014\">Ki\u1ec3u<\/td>\n<td data-col-size=\"md\" data-start=\"2014\" data-end=\"2103\">L\u1edbp ph\u1ee7 RFID (Kh\u00f4 \/ \u01af\u1edbt \/ Tr\u1eafng-\u01af\u1edbt)<\/td>\n<\/tr>\n<tr data-start=\"2104\" data-end=\"2244\">\n<td data-start=\"2104\" data-end=\"2127\" data-col-size=\"sm\">T\u00ednh th\u01b0\u1eddng xuy\u00ean<\/td>\n<td data-start=\"2127\" data-end=\"2155\" data-col-size=\"sm\">Ti\u00eau chu\u1ea9n HF<\/td>\n<td data-col-size=\"md\" data-start=\"2155\" data-end=\"2244\">13,56 MHz<\/td>\n<\/tr>\n<tr data-start=\"2245\" data-end=\"2385\">\n<td data-start=\"2245\" data-end=\"2268\" data-col-size=\"sm\"><\/td>\n<td data-col-size=\"sm\" data-start=\"2268\" data-end=\"2296\">T\u00f9y ch\u1ecdn UHF<\/td>\n<td data-col-size=\"md\" data-start=\"2296\" data-end=\"2385\">860\u2013960 MHz (t\u00f9y thu\u1ed9c v\u00e0o chip)<\/td>\n<\/tr>\n<tr data-start=\"2386\" data-end=\"2526\">\n<td data-start=\"2386\" data-end=\"2409\" data-col-size=\"sm\">Giao th\u1ee9c<\/td>\n<td data-start=\"2409\" data-end=\"2437\" data-col-size=\"sm\">Giao di\u1ec7n kh\u00f4ng kh\u00ed<\/td>\n<td data-col-size=\"md\" data-start=\"2437\" data-end=\"2526\">ISO\/IEC 14443 (HF); ISO 18000-6C \/ EPC Gen2 (UHF)<\/td>\n<\/tr>\n<tr data-start=\"2527\" data-end=\"2667\">\n<td data-start=\"2527\" data-end=\"2550\" data-col-size=\"sm\">T\u00f9y ch\u1ecdn IC<\/td>\n<td data-col-size=\"sm\" data-start=\"2550\" data-end=\"2578\">Khoai t\u00e2y chi\u00ean<\/td>\n<td data-col-size=\"md\" data-start=\"2578\" data-end=\"2667\">UCODE; Monza; Ng\u01b0\u1eddi ngo\u00e0i h\u00e0nh tinh H3; U8; U9<\/td>\n<\/tr>\n<tr data-start=\"2668\" data-end=\"2808\">\n<td data-start=\"2668\" data-end=\"2691\" data-col-size=\"sm\">\u0102ng-ten<\/td>\n<td data-col-size=\"sm\" data-start=\"2691\" data-end=\"2719\">Ki\u1ec3u<\/td>\n<td data-col-size=\"md\" data-start=\"2719\" data-end=\"2808\">V\u00f2ng nh\u00f4m \/ \u0111\u1ed3ng kh\u1eafc<\/td>\n<\/tr>\n<tr data-start=\"2809\" data-end=\"2949\">\n<td data-start=\"2809\" data-end=\"2832\" data-col-size=\"sm\">S\u1ef1 thi c\u00f4ng<\/td>\n<td data-col-size=\"sm\" data-start=\"2832\" data-end=\"2860\">Ch\u1ea5t n\u1ec1n<\/td>\n<td data-col-size=\"md\" data-start=\"2860\" data-end=\"2949\">Nh\u00e3n PET \/ Gi\u1ea5y<\/td>\n<\/tr>\n<tr data-start=\"2950\" data-end=\"3090\">\n<td data-start=\"2950\" data-end=\"2973\" data-col-size=\"sm\">K\u00fd \u1ee9c<\/td>\n<td data-col-size=\"sm\" data-start=\"2973\" data-end=\"3001\">Dung l\u01b0\u1ee3ng d\u1eef li\u1ec7u<\/td>\n<td data-col-size=\"md\" data-start=\"3001\" data-end=\"3090\">EPC 96-bit; B\u1ed9 nh\u1edb ng\u01b0\u1eddi d\u00f9ng l\u00ean \u0111\u1ebfn 512-bit (t\u00f9y thu\u1ed9c v\u00e0o chip)<\/td>\n<\/tr>\n<tr data-start=\"3091\" data-end=\"3231\">\n<td data-start=\"3091\" data-end=\"3114\" data-col-size=\"sm\">Kho\u1ea3ng c\u00e1ch \u0111\u1ecdc<\/td>\n<td data-col-size=\"sm\" data-start=\"3114\" data-end=\"3142\">Ph\u1ea1m vi<\/td>\n<td data-col-size=\"md\" data-start=\"3142\" data-end=\"3231\">HF: tr\u01b0\u1eddng g\u1ea7n; UHF: l\u00ean \u0111\u1ebfn ~10 m (ph\u1ee5 thu\u1ed9c v\u00e0o \u0111\u1ea7u \u0111\u1ecdc\/m\u00f4i tr\u01b0\u1eddng)<\/td>\n<\/tr>\n<tr data-start=\"3232\" data-end=\"3372\">\n<td data-start=\"3232\" data-end=\"3255\" data-col-size=\"sm\">\u0110\u1ecbnh d\u1ea1ng<\/td>\n<td data-col-size=\"sm\" data-start=\"3255\" data-end=\"3283\">T\u00edch h\u1ee3p<\/td>\n<td data-col-size=\"md\" data-start=\"3283\" data-end=\"3372\">Keo kh\u00f4 \u0111\u1ec3 c\u00e1n m\u00e0ng; Keo \u01b0\u1edbt \u0111\u1ec3 b\u00f3c v\u00e0 d\u00e1n; Keo tr\u1eafng \u01b0\u1edbt \u0111\u1ec3 in b\u1ec1 m\u1eb7t<\/td>\n<\/tr>\n<tr data-start=\"3373\" data-end=\"3513\">\n<td data-start=\"3373\" data-end=\"3396\" data-col-size=\"sm\">M\u00f4i tr\u01b0\u1eddng<\/td>\n<td data-col-size=\"sm\" data-start=\"3396\" data-end=\"3424\">S\u1ef1 b\u1ea3o v\u1ec7<\/td>\n<td data-col-size=\"md\" data-start=\"3424\" data-end=\"3513\">Ch\u1ed1ng n\u01b0\u1edbc \/ Ch\u1ed1ng ch\u1ecbu th\u1eddi ti\u1ebft; Tu\u00e2n th\u1ee7 RoHS<\/td>\n<\/tr>\n<tr data-start=\"3514\" data-end=\"3654\">\n<td data-start=\"3514\" data-end=\"3537\" data-col-size=\"sm\">T\u00f9y ch\u1ec9nh<\/td>\n<td data-col-size=\"sm\" data-start=\"3537\" data-end=\"3565\">T\u00f9y ch\u1ecdn OEM<\/td>\n<td data-col-size=\"md\" data-start=\"3565\" data-end=\"3654\">K\u00edch th\u01b0\u1edbc, chip, \u0111\u1ecbnh d\u1ea1ng, \u0103ng-ten, m\u00e3 h\u00f3a, th\u01b0\u01a1ng hi\u1ec7u<\/td>\n<\/tr>\n<tr data-start=\"3655\" data-end=\"3796\">\n<td data-start=\"3655\" data-end=\"3678\" data-col-size=\"sm\">Ngu\u1ed3n g\u1ed1c<\/td>\n<td data-col-size=\"sm\" data-start=\"3678\" data-end=\"3706\">Ch\u1ebf t\u1ea1o<\/td>\n<td data-col-size=\"md\" data-start=\"3706\" data-end=\"3796\">Qu\u1ea3ng \u0110\u00f4ng, Trung Qu\u1ed1c<\/td>\n<\/tr>\n<\/tbody>\n<\/table>\n<\/div>\n<\/div>","protected":false},"excerpt":{"rendered":"<p>Th\u1ebb RFID ch\u1ed1ng n\u01b0\u1edbc \u1edf c\u00e1c \u0111\u1ecbnh d\u1ea1ng kh\u00f4, \u01b0\u1edbt v\u00e0 tr\u1eafng-\u01b0\u1edbt\u2014ti\u00eau chu\u1ea9n HF 13,56 MHz v\u1edbi t\u00f9y ch\u1ecdn hi\u1ec7u su\u1ea5t t\u1ea7m xa UHF. Chip, k\u00edch th\u01b0\u1edbc v\u00e0 in \u1ea5n t\u00f9y ch\u1ec9nh cho b\u00e1n l\u1ebb, h\u1eadu c\u1ea7n v\u00e0 may m\u1eb7c.<\/p>","protected":false},"featured_media":846,"template":"","meta":{"_gspb_post_css":""},"product_brand":[],"product_cat":[23],"product_tag":[],"class_list":{"0":"post-845","1":"product","2":"type-product","3":"status-publish","4":"has-post-thumbnail","6":"product_cat-rfid-nfc-inlay","8":"first","9":"instock","10":"shipping-taxable","11":"purchasable","12":"product-type-simple"},"_links":{"self":[{"href":"https:\/\/www.cxjsmartcard.com\/vi\/wp-json\/wp\/v2\/product\/845","targetHints":{"allow":["GET"]}}],"collection":[{"href":"https:\/\/www.cxjsmartcard.com\/vi\/wp-json\/wp\/v2\/product"}],"about":[{"href":"https:\/\/www.cxjsmartcard.com\/vi\/wp-json\/wp\/v2\/types\/product"}],"wp:featuredmedia":[{"embeddable":true,"href":"https:\/\/www.cxjsmartcard.com\/vi\/wp-json\/wp\/v2\/media\/846"}],"wp:attachment":[{"href":"https:\/\/www.cxjsmartcard.com\/vi\/wp-json\/wp\/v2\/media?parent=845"}],"wp:term":[{"taxonomy":"product_brand","embeddable":true,"href":"https:\/\/www.cxjsmartcard.com\/vi\/wp-json\/wp\/v2\/product_brand?post=845"},{"taxonomy":"product_cat","embeddable":true,"href":"https:\/\/www.cxjsmartcard.com\/vi\/wp-json\/wp\/v2\/product_cat?post=845"},{"taxonomy":"product_tag","embeddable":true,"href":"https:\/\/www.cxjsmartcard.com\/vi\/wp-json\/wp\/v2\/product_tag?post=845"}],"curies":[{"name":"trang web","href":"https:\/\/api.w.org\/{rel}","templated":true}]}}