{"id":838,"date":"2025-11-03T08:23:25","date_gmt":"2025-11-03T08:23:25","guid":{"rendered":"https:\/\/www.cxjsmartcard.com\/?post_type=product&#038;p=838"},"modified":"2025-12-29T01:27:09","modified_gmt":"2025-12-29T01:27:09","slug":"rfid-1k-f08-inlay-sticker","status":"publish","type":"product","link":"https:\/\/www.cxjsmartcard.com\/vi\/rfid-1k-f08-inlay-sticker\/","title":{"rendered":"Mi\u1ebfng d\u00e1n RFID 1K F08"},"content":{"rendered":"<p data-start=\"37\" data-end=\"293\">Nh\u00e3n HF th\u00f4ng minh \u0111\u01b0\u1ee3c x\u00e2y d\u1ef1ng tr\u00ean chip Fudan F08 (1K byte) v\u1edbi \u0103ng-ten kh\u1eafc nh\u00f4m cho kh\u1ea3 n\u0103ng \u0111\u1ecdc t\u1ea7m ng\u1eafn \u0111\u00e1ng tin c\u1eady. C\u00f3 s\u1eb5n d\u1ea1ng inlay kh\u00f4, inlay \u01b0\u1edbt ho\u1eb7c nh\u00e3n d\u00e1n\/nh\u00e3n ho\u00e0n thi\u1ec7n \u0111\u1ec3 d\u1ec5 d\u00e0ng chuy\u1ec3n \u0111\u1ed5i th\u00e0nh th\u1ebb, v\u00e9 v\u00e0 bao b\u00ec.<\/p>\n<p data-start=\"295\" data-end=\"313\"><strong data-start=\"295\" data-end=\"311\">C\u00e1c t\u00ednh n\u0103ng ch\u00ednh<\/strong><\/p>\n<ul data-start=\"314\" data-end=\"565\">\n<li data-start=\"314\" data-end=\"353\">\n<p data-start=\"316\" data-end=\"353\">13,56 MHz, tu\u00e2n th\u1ee7 ISO\/IEC 14443A<\/p>\n<\/li>\n<li data-start=\"354\" data-end=\"413\">\n<p data-start=\"356\" data-end=\"413\">Ph\u1ea1m vi \u0111\u1ecdc: th\u01b0\u1eddng l\u00e0 1\u20135 cm (ph\u1ee5 thu\u1ed9c v\u00e0o \u0111\u1ea7u \u0111\u1ecdc\/\u0103ng-ten)<\/p>\n<\/li>\n<li data-start=\"414\" data-end=\"460\">\n<p data-start=\"416\" data-end=\"460\">Thi\u1ebft k\u1ebf th\u1ee5 \u0111\u1ed9ng; l\u00ean \u0111\u1ebfn 100.000 chu k\u1ef3 ghi<\/p>\n<\/li>\n<li data-start=\"461\" data-end=\"513\">\n<p data-start=\"463\" data-end=\"513\">Ch\u1ea5t n\u1ec1n \u0103ng-ten PET; kh\u1eafc nh\u00f4m (\u224810 \u03bcm)<\/p>\n<\/li>\n<li data-start=\"514\" data-end=\"565\">\n<p data-start=\"516\" data-end=\"565\">\u0110\u01b0\u1ee3c giao theo cu\u1ed9n \u0111\u1ec3 s\u1ea3n xu\u1ea5t n\u0103ng su\u1ea5t cao<\/p>\n<\/li>\n<\/ul>\n<p data-start=\"567\" data-end=\"580\"><strong data-start=\"567\" data-end=\"578\">\u0110\u1ecbnh d\u1ea1ng<\/strong><\/p>\n<ul data-start=\"581\" data-end=\"761\">\n<li data-start=\"581\" data-end=\"626\">\n<p data-start=\"583\" data-end=\"626\"><strong data-start=\"583\" data-end=\"597\">Kh\u1ea3m kh\u00f4:<\/strong> Chip + \u0103ng-ten tr\u00ean \u0111\u1ebf PET<\/p>\n<\/li>\n<li data-start=\"627\" data-end=\"682\">\n<p data-start=\"629\" data-end=\"682\"><strong data-start=\"629\" data-end=\"643\">Kh\u1ea3m \u01b0\u1edbt:<\/strong> L\u1edbp l\u00f3t kh\u00f4 + keo d\u00e1n + l\u1edbp l\u00f3t t\u00e1ch<\/p>\n<\/li>\n<li data-start=\"683\" data-end=\"761\">\n<p data-start=\"685\" data-end=\"761\"><strong data-start=\"685\" data-end=\"708\">Nh\u00e3n d\u00e1n\/Nh\u00e3n RFID:<\/strong> L\u1edbp ph\u1ee7 \u01b0\u1edbt + m\u1eb7t c\u00f3 th\u1ec3 in (gi\u1ea5y tr\u00e1ng\/PVC\/PET\/PP)<\/p>\n<\/li>\n<\/ul>\n<p data-start=\"763\" data-end=\"932\"><strong data-start=\"763\" data-end=\"779\">\u1ee8ng d\u1ee5ng<\/strong><br data-start=\"779\" data-end=\"782\" \/>B\u00e1n l\u1ebb &amp; h\u00e0ng t\u1ed3n kho \u2022 H\u1eadu c\u1ea7n &amp; kho b\u00e3i \u2022 Ch\u0103m s\u00f3c s\u1ee9c kh\u1ecfe\/ID b\u1ec7nh nh\u00e2n \u2022 H\u00e0nh l\u00fd m\u00e1y bay \u2022 S\u1ea3n xu\u1ea5t\/t\u1ef1 \u0111\u1ed9ng h\u00f3a \u2022 Ti\u1ebfp th\u1ecb &amp; k\u1ebft n\u1ed1i m\u1ea1ng x\u00e3 h\u1ed9i.<\/p>\n<p data-start=\"934\" data-end=\"1083\"><strong data-start=\"934\" data-end=\"959\">T\u00f9y ch\u1ecdn t\u00f9y ch\u1ec9nh<\/strong><br data-start=\"959\" data-end=\"962\" \/>In offset CMYK, in UID\/serial, l\u1edbp ch\u1ed1ng kim lo\u1ea1i, d\u1ecbch v\u1ee5 m\u00e3 h\u00f3a\/d\u1eef li\u1ec7u; k\u00edch th\u01b0\u1edbc t\u00f9y ch\u1ec9nh v\u00e0 thi\u1ebft k\u1ebf \u0103ng-ten.<\/p>\n<h2 data-start=\"1085\" data-end=\"1110\">B\u1ea3ng (Th\u00f4ng s\u1ed1 k\u1ef9 thu\u1eadt)<\/h2>\n<div class=\"_tableContainer_1rjym_1\">\n<div class=\"group _tableWrapper_1rjym_13 flex w-fit flex-col-reverse\" tabindex=\"-1\">\n<table class=\"w-fit min-w-(--thread-content-width)\" data-start=\"1112\" data-end=\"3045\">\n<thead data-start=\"1112\" data-end=\"1212\">\n<tr data-start=\"1112\" data-end=\"1212\">\n<th data-start=\"1112\" data-end=\"1134\" data-col-size=\"sm\">Lo\u1ea1i<\/th>\n<th data-start=\"1134\" data-end=\"1159\" data-col-size=\"sm\">Tham s\u1ed1<\/th>\n<th data-start=\"1159\" data-end=\"1212\" data-col-size=\"md\">Gi\u00e1 tr\u1ecb<\/th>\n<\/tr>\n<\/thead>\n<tbody data-start=\"1314\" data-end=\"3045\">\n<tr data-start=\"1314\" data-end=\"1414\">\n<td data-start=\"1314\" data-end=\"1336\" data-col-size=\"sm\">S\u1ea3n ph\u1ea9m<\/td>\n<td data-col-size=\"sm\" data-start=\"1336\" data-end=\"1361\">Ki\u1ec3u<\/td>\n<td data-col-size=\"md\" data-start=\"1361\" data-end=\"1414\">Mi\u1ebfng d\u00e1n RFID HF \/ mi\u1ebfng d\u00e1n \u01b0\u1edbt \/ mi\u1ebfng d\u00e1n<\/td>\n<\/tr>\n<tr data-start=\"1415\" data-end=\"1515\">\n<td data-start=\"1415\" data-end=\"1437\" data-col-size=\"sm\">Chip<\/td>\n<td data-col-size=\"sm\" data-start=\"1437\" data-end=\"1462\">Ng\u01b0\u1eddi m\u1eabu<\/td>\n<td data-col-size=\"md\" data-start=\"1462\" data-end=\"1515\">Fudan F08 (b\u1ed9 nh\u1edb ng\u01b0\u1eddi d\u00f9ng 1K byte)<\/td>\n<\/tr>\n<tr data-start=\"1516\" data-end=\"1616\">\n<td data-start=\"1516\" data-end=\"1538\" data-col-size=\"sm\">T\u1ea7n s\u1ed1 v\u00f4 tuy\u1ebfn<\/td>\n<td data-col-size=\"sm\" data-start=\"1538\" data-end=\"1563\">T\u00ednh th\u01b0\u1eddng xuy\u00ean<\/td>\n<td data-col-size=\"md\" data-start=\"1563\" data-end=\"1616\">13,56 MHz<\/td>\n<\/tr>\n<tr data-start=\"1617\" data-end=\"1717\">\n<td data-start=\"1617\" data-end=\"1639\" data-col-size=\"sm\"><\/td>\n<td data-col-size=\"sm\" data-start=\"1639\" data-end=\"1664\">Giao th\u1ee9c<\/td>\n<td data-col-size=\"md\" data-start=\"1664\" data-end=\"1717\">Ti\u00eau chu\u1ea9n ISO\/IEC 14443A<\/td>\n<\/tr>\n<tr data-start=\"1718\" data-end=\"1818\">\n<td data-start=\"1718\" data-end=\"1740\" data-col-size=\"sm\">Hi\u1ec7u su\u1ea5t<\/td>\n<td data-col-size=\"sm\" data-start=\"1740\" data-end=\"1765\">Ph\u1ea1m vi \u0111\u1ecdc<\/td>\n<td data-col-size=\"md\" data-start=\"1765\" data-end=\"1818\">1\u20135 cm (t\u00f9y thu\u1ed9c v\u00e0o thi\u1ebft b\u1ecb v\u00e0 m\u00f4i tr\u01b0\u1eddng)<\/td>\n<\/tr>\n<tr data-start=\"1819\" data-end=\"1919\">\n<td data-start=\"1819\" data-end=\"1841\" data-col-size=\"sm\">S\u1ee9c b\u1ec1n<\/td>\n<td data-col-size=\"sm\" data-start=\"1841\" data-end=\"1866\">Chu k\u1ef3 vi\u1ebft<\/td>\n<td data-col-size=\"md\" data-start=\"1866\" data-end=\"1919\">100,000<\/td>\n<\/tr>\n<tr data-start=\"1920\" data-end=\"2020\">\n<td data-start=\"1920\" data-end=\"1942\" data-col-size=\"sm\">Ho\u1ea1t \u0111\u1ed9ng<\/td>\n<td data-col-size=\"sm\" data-start=\"1942\" data-end=\"1967\">C\u00e1ch th\u1ee9c<\/td>\n<td data-col-size=\"md\" data-start=\"1967\" data-end=\"2020\">Th\u1ee5 \u0111\u1ed9ng<\/td>\n<\/tr>\n<tr data-start=\"2021\" data-end=\"2121\">\n<td data-start=\"2021\" data-end=\"2043\" data-col-size=\"sm\">\u0102ng-ten<\/td>\n<td data-col-size=\"sm\" data-start=\"2043\" data-end=\"2068\">Qu\u00e1 tr\u00ecnh<\/td>\n<td data-col-size=\"md\" data-start=\"2068\" data-end=\"2121\">Kh\u1eafc nh\u00f4m (~10 \u03bcm)<\/td>\n<\/tr>\n<tr data-start=\"2122\" data-end=\"2222\">\n<td data-start=\"2122\" data-end=\"2144\" data-col-size=\"sm\"><\/td>\n<td data-col-size=\"sm\" data-start=\"2144\" data-end=\"2169\">Ch\u1ea5t n\u1ec1n<\/td>\n<td data-col-size=\"md\" data-start=\"2169\" data-end=\"2222\">TH\u00da C\u01afNG<\/td>\n<\/tr>\n<tr data-start=\"2223\" data-end=\"2323\">\n<td data-start=\"2223\" data-end=\"2245\" data-col-size=\"sm\">K\u00edch th\u01b0\u1edbc<\/td>\n<td data-col-size=\"sm\" data-start=\"2245\" data-end=\"2270\">K\u00edch th\u01b0\u1edbc \u0103ng-ten<\/td>\n<td data-col-size=\"md\" data-start=\"2270\" data-end=\"2323\">52 \u00d7 15 mm<\/td>\n<\/tr>\n<tr data-start=\"2324\" data-end=\"2424\">\n<td data-start=\"2324\" data-end=\"2346\" data-col-size=\"sm\"><\/td>\n<td data-col-size=\"sm\" data-start=\"2346\" data-end=\"2371\">K\u00edch th\u01b0\u1edbc kh\u1ea3m\/nh\u00e3n<\/td>\n<td data-col-size=\"md\" data-start=\"2371\" data-end=\"2424\">56 \u00d7 18 mm (c\u00f3 th\u1ec3 t\u00f9y ch\u1ec9nh)<\/td>\n<\/tr>\n<tr data-start=\"2425\" data-end=\"2525\">\n<td data-start=\"2425\" data-end=\"2447\" data-col-size=\"sm\">B\u1ec1 m\u1eb7t<\/td>\n<td data-col-size=\"sm\" data-start=\"2447\" data-end=\"2472\">V\u1eadt li\u1ec7u m\u1eb7t<\/td>\n<td data-col-size=\"md\" data-start=\"2472\" data-end=\"2525\">Gi\u1ea5y tr\u00e1ng ph\u1ee7, PVC, PET, PP<\/td>\n<\/tr>\n<tr data-start=\"2526\" data-end=\"2626\">\n<td data-start=\"2526\" data-end=\"2548\" data-col-size=\"sm\">M\u00f4i tr\u01b0\u1eddng<\/td>\n<td data-col-size=\"sm\" data-start=\"2548\" data-end=\"2573\">Nhi\u1ec7t \u0111\u1ed9\/\u0110\u1ed9 \u1ea9m ho\u1ea1t \u0111\u1ed9ng<\/td>\n<td data-col-size=\"md\" data-start=\"2573\" data-end=\"2626\">\u221240 \u00b0C \u0111\u1ebfn +70 \u00b0C \/ 20%\u201390% RH<\/td>\n<\/tr>\n<tr data-start=\"2627\" data-end=\"2727\">\n<td data-start=\"2627\" data-end=\"2649\" data-col-size=\"sm\"><\/td>\n<td data-col-size=\"sm\" data-start=\"2649\" data-end=\"2674\">Nhi\u1ec7t \u0111\u1ed9\/\u0110\u1ed9 \u1ea9m l\u01b0u tr\u1eef<\/td>\n<td data-col-size=\"md\" data-start=\"2674\" data-end=\"2727\">\u221220 \u00b0C \u0111\u1ebfn +50 \u00b0C \/ 20%\u201390% RH (kh\u00f4ng ng\u01b0ng t\u1ee5)<\/td>\n<\/tr>\n<tr data-start=\"2728\" data-end=\"2828\">\n<td data-start=\"2728\" data-end=\"2750\" data-col-size=\"sm\">Bao b\u00ec<\/td>\n<td data-col-size=\"sm\" data-start=\"2750\" data-end=\"2775\">\u0110\u1ecbnh d\u1ea1ng giao h\u00e0ng<\/td>\n<td data-col-size=\"md\" data-start=\"2775\" data-end=\"2828\">1.000\u20135.000 chi\u1ebfc m\u1ed7i cu\u1ed9n; 4 cu\u1ed9n m\u1ed7i th\u00f9ng<\/td>\n<\/tr>\n<tr data-start=\"2829\" data-end=\"2929\">\n<td data-start=\"2829\" data-end=\"2851\" data-col-size=\"sm\">T\u00f9y ch\u1ecdn<\/td>\n<td data-col-size=\"sm\" data-start=\"2851\" data-end=\"2876\">D\u1ecbch v\u1ee5<\/td>\n<td data-col-size=\"md\" data-start=\"2876\" data-end=\"2929\">In CMYK, UID\/serial, ch\u1ed1ng kim lo\u1ea1i, m\u00e3 h\u00f3a<\/td>\n<\/tr>\n<tr data-start=\"2930\" data-end=\"3045\">\n<td data-start=\"2930\" data-end=\"2952\" data-col-size=\"sm\">C\u00e1c tr\u01b0\u1eddng h\u1ee3p s\u1eed d\u1ee5ng<\/td>\n<td data-col-size=\"sm\" data-start=\"2952\" data-end=\"2977\">\u1ee8ng d\u1ee5ng<\/td>\n<td data-col-size=\"md\" data-start=\"2977\" data-end=\"3045\">B\u00e1n l\u1ebb, h\u1eadu c\u1ea7n, ch\u0103m s\u00f3c s\u1ee9c kh\u1ecfe, h\u00e0nh l\u00fd, s\u1ea3n xu\u1ea5t, ti\u1ebfp th\u1ecb<\/td>\n<\/tr>\n<\/tbody>\n<\/table>\n<\/div>\n<\/div>","protected":false},"excerpt":{"rendered":"<p>Nh\u00e3n d\u00e1n\/inlay HF 13,56 MHz F08 v\u1edbi b\u1ed9 nh\u1edb 1K\u2014\u0111\u1ecdc 1\u20135 cm, ISO14443A, ghi t\u1ed1i \u0111a 100k. \u0110\u01b0\u1ee3c cung c\u1ea5p d\u01b0\u1edbi d\u1ea1ng nh\u00e3n d\u00e1n kh\u00f4\/\u01b0\u1edbt ho\u1eb7c nh\u00e3n th\u00e0nh ph\u1ea9m v\u1edbi d\u1ecbch v\u1ee5 in \u1ea5n v\u00e0 d\u1eef li\u1ec7u t\u00f9y ch\u1ec9nh.<\/p>","protected":false},"featured_media":839,"template":"","meta":{"_gspb_post_css":""},"product_brand":[],"product_cat":[23],"product_tag":[],"class_list":{"0":"post-838","1":"product","2":"type-product","3":"status-publish","4":"has-post-thumbnail","6":"product_cat-rfid-nfc-inlay","8":"first","9":"instock","10":"shipping-taxable","11":"purchasable","12":"product-type-simple"},"_links":{"self":[{"href":"https:\/\/www.cxjsmartcard.com\/vi\/wp-json\/wp\/v2\/product\/838","targetHints":{"allow":["GET"]}}],"collection":[{"href":"https:\/\/www.cxjsmartcard.com\/vi\/wp-json\/wp\/v2\/product"}],"about":[{"href":"https:\/\/www.cxjsmartcard.com\/vi\/wp-json\/wp\/v2\/types\/product"}],"wp:featuredmedia":[{"embeddable":true,"href":"https:\/\/www.cxjsmartcard.com\/vi\/wp-json\/wp\/v2\/media\/839"}],"wp:attachment":[{"href":"https:\/\/www.cxjsmartcard.com\/vi\/wp-json\/wp\/v2\/media?parent=838"}],"wp:term":[{"taxonomy":"product_brand","embeddable":true,"href":"https:\/\/www.cxjsmartcard.com\/vi\/wp-json\/wp\/v2\/product_brand?post=838"},{"taxonomy":"product_cat","embeddable":true,"href":"https:\/\/www.cxjsmartcard.com\/vi\/wp-json\/wp\/v2\/product_cat?post=838"},{"taxonomy":"product_tag","embeddable":true,"href":"https:\/\/www.cxjsmartcard.com\/vi\/wp-json\/wp\/v2\/product_tag?post=838"}],"curies":[{"name":"trang web","href":"https:\/\/api.w.org\/{rel}","templated":true}]}}