{"id":833,"date":"2025-11-03T08:21:51","date_gmt":"2025-11-03T08:21:51","guid":{"rendered":"https:\/\/www.cxjsmartcard.com\/?post_type=product&#038;p=833"},"modified":"2025-12-29T01:27:09","modified_gmt":"2025-12-29T01:27:09","slug":"nxp-mifare-ultralight-ev1-rfid-nfc-inlay","status":"publish","type":"product","link":"https:\/\/www.cxjsmartcard.com\/vi\/nxp-mifare-ultralight-ev1-rfid-nfc-inlay\/","title":{"rendered":"Th\u1ebb NFC NXP MIFARE Ultralight EV1 RFID"},"content":{"rendered":"<p data-start=\"52\" data-end=\"335\">T\u00edch h\u1ee3p s\u1eb5n l\u1edbp ph\u1ee7 NFC HF linh ho\u1ea1t <strong data-start=\"98\" data-end=\"124\">MIFARE Ultralight\u00ae EV1<\/strong> cho c\u00e1c \u1ee9ng d\u1ee5ng t\u01b0\u01a1ng th\u00edch v\u1edbi \u0111i\u1ec7n tho\u1ea1i t\u1ea7m ng\u1eafn. \u0110\u01b0\u1ee3c cung c\u1ea5p d\u01b0\u1edbi d\u1ea1ng <strong data-start=\"185\" data-end=\"198\">kh\u1ea3m kh\u00f4<\/strong> (c\u00e1n m\u00e0ng) ho\u1eb7c <strong data-start=\"215\" data-end=\"228\">kh\u1ea3m \u01b0\u1edbt<\/strong> (d\u00ednh), v\u1edbi nhi\u1ec1u h\u00ecnh d\u1ea1ng v\u00e0 k\u00edch th\u01b0\u1edbc \u0103ng-ten \u0111\u1ec3 d\u1ec5 d\u00e0ng t\u00edch h\u1ee3p v\u00e0o th\u1ebb, nh\u00e3n v\u00e0 bao b\u00ec.<\/p>\n<p data-start=\"337\" data-end=\"355\"><strong data-start=\"337\" data-end=\"353\">C\u00e1c t\u00ednh n\u0103ng ch\u00ednh<\/strong><\/p>\n<ul data-start=\"356\" data-end=\"738\">\n<li data-start=\"356\" data-end=\"445\">\n<p data-start=\"358\" data-end=\"445\">13,56 MHz HF; ISO\/IEC 14443A (Ultralight EV1), t\u00f9y ch\u1ecdn ISO\/IEC 15693 cho c\u00e1c chip kh\u00e1c<\/p>\n<\/li>\n<li data-start=\"446\" data-end=\"498\">\n<p data-start=\"448\" data-end=\"498\">Ch\u1ed1ng va ch\u1ea1m, \u0111\u1ecdc nhanh, c\u01b0\u1eddng \u0111\u1ed9 qu\u00e9t cao<\/p>\n<\/li>\n<li data-start=\"499\" data-end=\"570\">\n<p data-start=\"501\" data-end=\"570\">K\u1ebft c\u1ea5u PET\/nh\u00f4m b\u1ec1n b\u1ec9 v\u1edbi t\u00f9y ch\u1ecdn cu\u1ed9n d\u00e2y \u0111\u1ed3ng\/nh\u00f4m<\/p>\n<\/li>\n<li data-start=\"571\" data-end=\"643\">\n<p data-start=\"573\" data-end=\"643\">H\u00ecnh d\u1ea1ng t\u00f9y ch\u1ec9nh (tr\u00f2n, vu\u00f4ng, l\u1ee5c gi\u00e1c) v\u00e0 k\u00edch th\u01b0\u1edbc cho nhi\u1ec1u s\u1ea3n ph\u1ea9m kh\u00e1c nhau<\/p>\n<\/li>\n<li data-start=\"644\" data-end=\"738\">\n<p data-start=\"646\" data-end=\"738\">T\u00f9y ch\u1ecdn b\u1ea3o m\u1eadt: UID 7 byte, b\u1ed9 nh\u1edb OTP, b\u1ed9 \u0111\u1ebfm m\u1ed9t chi\u1ec1u, ch\u1eef k\u00fd ECC, m\u1eadt kh\u1ea9u t\u00f9y ch\u1ecdn<\/p>\n<\/li>\n<\/ul>\n<p data-start=\"740\" data-end=\"922\"><strong data-start=\"740\" data-end=\"756\">\u1ee8ng d\u1ee5ng<\/strong><br data-start=\"756\" data-end=\"759\" \/>Theo d\u00f5i h\u00e0ng t\u1ed3n kho v\u00e0 t\u00e0i s\u1ea3n \u2022 Kho b\u00e3i v\u00e0 h\u1eadu c\u1ea7n \u2022 Ki\u1ec3m so\u00e1t truy c\u1eadp v\u00e0 nh\u1eadn d\u1ea1ng nh\u00e2n vi\u00ean \u2022 H\u1ec7 th\u1ed1ng thanh to\u00e1n di \u0111\u1ed9ng v\u00e0 b\u00e1n v\u00e9 \u2022 Ch\u01b0\u01a1ng tr\u00ecnh ti\u1ebfp th\u1ecb\/kh\u00e1ch h\u00e0ng th\u00e2n thi\u1ebft th\u00f4ng minh.<\/p>\n<p data-start=\"924\" data-end=\"1088\"><strong data-start=\"924\" data-end=\"941\">T\u00f9y ch\u1ec9nh<\/strong><br data-start=\"941\" data-end=\"944\" \/>Logo, m\u00e3 QR\/s\u1ed1 s\u00ea-ri, \u0111\u1ed3 h\u1ecda; \u0111\u01b0\u1ee3c giao theo cu\u1ed9n ho\u1eb7c t\u1eebng m\u1ea3nh ri\u00eang l\u1ebb. C\u00f3 s\u1eb5n NTAG213\/215\/216 v\u00e0 IC t\u00f9y ch\u1ec9nh c\u00f9ng v\u1edbi Ultralight EV1.<\/p>\n<h2 data-start=\"1090\" data-end=\"1115\">B\u1ea3ng (Th\u00f4ng s\u1ed1 k\u1ef9 thu\u1eadt)<\/h2>\n<div class=\"_tableContainer_1rjym_1\">\n<div class=\"group _tableWrapper_1rjym_13 flex w-fit flex-col-reverse\" tabindex=\"-1\">\n<table class=\"w-fit min-w-(--thread-content-width)\" data-start=\"1117\" data-end=\"3049\">\n<thead data-start=\"1117\" data-end=\"1245\">\n<tr data-start=\"1117\" data-end=\"1245\">\n<th data-start=\"1117\" data-end=\"1136\" data-col-size=\"sm\">Lo\u1ea1i<\/th>\n<th data-start=\"1136\" data-end=\"1159\" data-col-size=\"sm\">Tham s\u1ed1<\/th>\n<th data-start=\"1159\" data-end=\"1245\" data-col-size=\"md\">Gi\u00e1 tr\u1ecb<\/th>\n<\/tr>\n<\/thead>\n<tbody data-start=\"1375\" data-end=\"3049\">\n<tr data-start=\"1375\" data-end=\"1503\">\n<td data-start=\"1375\" data-end=\"1394\" data-col-size=\"sm\">S\u1ea3n ph\u1ea9m<\/td>\n<td data-col-size=\"sm\" data-start=\"1394\" data-end=\"1417\">Ki\u1ec3u<\/td>\n<td data-col-size=\"md\" data-start=\"1417\" data-end=\"1503\">L\u1edbp ph\u1ee7 NFC HF \/ L\u1edbp ph\u1ee7 RFID<\/td>\n<\/tr>\n<tr data-start=\"1504\" data-end=\"1632\">\n<td data-start=\"1504\" data-end=\"1523\" data-col-size=\"sm\">T\u1ea7n s\u1ed1 v\u00f4 tuy\u1ebfn<\/td>\n<td data-col-size=\"sm\" data-start=\"1523\" data-end=\"1546\">T\u00ednh th\u01b0\u1eddng xuy\u00ean<\/td>\n<td data-col-size=\"md\" data-start=\"1546\" data-end=\"1632\">13,56 MHz (HF)<\/td>\n<\/tr>\n<tr data-start=\"1633\" data-end=\"1760\">\n<td data-start=\"1633\" data-end=\"1652\" data-col-size=\"sm\"><\/td>\n<td data-col-size=\"sm\" data-start=\"1652\" data-end=\"1675\">Giao th\u1ee9c<\/td>\n<td data-col-size=\"md\" data-start=\"1675\" data-end=\"1760\">ISO\/IEC 14443A (Ultralight EV1); ISO\/IEC 15693 (t\u00f9y ch\u1ecdn v\u1edbi c\u00e1c IC kh\u00e1c)<\/td>\n<\/tr>\n<tr data-start=\"1761\" data-end=\"1888\">\n<td data-start=\"1761\" data-end=\"1780\" data-col-size=\"sm\">T\u00f9y ch\u1ecdn IC<\/td>\n<td data-start=\"1780\" data-end=\"1803\" data-col-size=\"sm\">Khoai t\u00e2y chi\u00ean<\/td>\n<td data-start=\"1803\" data-end=\"1888\" data-col-size=\"md\">MIFARE Ultralight\u00ae EV1; NTAG213\/215\/216; t\u00f9y ch\u1ec9nh<\/td>\n<\/tr>\n<tr data-start=\"1889\" data-end=\"2017\">\n<td data-start=\"1889\" data-end=\"1908\" data-col-size=\"sm\">Nguy\u00ean v\u1eadt li\u1ec7u<\/td>\n<td data-col-size=\"sm\" data-start=\"1908\" data-end=\"1931\">K\u1ebft c\u1ea5u<\/td>\n<td data-col-size=\"md\" data-start=\"1931\" data-end=\"2017\">\u0110\u1ebf nh\u00f4m + PET; cu\u1ed9n d\u00e2y \u0103ng-ten \u0111\u1ed3ng\/nh\u00f4m<\/td>\n<\/tr>\n<tr data-start=\"2018\" data-end=\"2146\">\n<td data-start=\"2018\" data-end=\"2037\" data-col-size=\"sm\">Y\u1ebfu t\u1ed1 h\u00ecnh th\u1ee9c<\/td>\n<td data-col-size=\"sm\" data-start=\"2037\" data-end=\"2060\">Phong c\u00e1ch kh\u1ea3m<\/td>\n<td data-col-size=\"md\" data-start=\"2060\" data-end=\"2146\">Kh\u1ea3m kh\u00f4 (c\u00e1n m\u00e0ng) \/ Kh\u1ea3m \u01b0\u1edbt (d\u00ednh)<\/td>\n<\/tr>\n<tr data-start=\"2147\" data-end=\"2275\">\n<td data-start=\"2147\" data-end=\"2166\" data-col-size=\"sm\">\u0102ng-ten<\/td>\n<td data-col-size=\"sm\" data-start=\"2166\" data-end=\"2189\">H\u00ecnh d\u1ea1ng<\/td>\n<td data-col-size=\"md\" data-start=\"2189\" data-end=\"2275\">Tr\u00f2n, vu\u00f4ng, l\u1ee5c gi\u00e1c, t\u00f9y ch\u1ec9nh<\/td>\n<\/tr>\n<tr data-start=\"2276\" data-end=\"2404\">\n<td data-start=\"2276\" data-end=\"2295\" data-col-size=\"sm\">K\u00edch th\u01b0\u1edbc<\/td>\n<td data-start=\"2295\" data-end=\"2318\" data-col-size=\"sm\">T\u00f9y ch\u1ecdn k\u00edch th\u01b0\u1edbc<\/td>\n<td data-col-size=\"md\" data-start=\"2318\" data-end=\"2404\">\u00d821\u201356 mm; 40\u00d740\u201346\u00d748 mm; t\u00f9y ch\u1ec9nh<\/td>\n<\/tr>\n<tr data-start=\"2405\" data-end=\"2533\">\n<td data-start=\"2405\" data-end=\"2424\" data-col-size=\"sm\">Hi\u1ec7u su\u1ea5t<\/td>\n<td data-col-size=\"sm\" data-start=\"2424\" data-end=\"2447\">\u0110\u1eb7c tr\u01b0ng<\/td>\n<td data-col-size=\"md\" data-start=\"2447\" data-end=\"2533\">Ch\u1ed1ng va ch\u1ea1m; \u0111\u1ecdc nhanh; c\u01b0\u1eddng \u0111\u1ed9 qu\u00e9t cao; thi\u1ebft k\u1ebf linh ho\u1ea1t<\/td>\n<\/tr>\n<tr data-start=\"2534\" data-end=\"2662\">\n<td data-start=\"2534\" data-end=\"2553\" data-col-size=\"sm\">B\u1ea3o v\u1ec7<\/td>\n<td data-col-size=\"sm\" data-start=\"2553\" data-end=\"2576\">B\u1ed9 nh\u1edb\/An to\u00e0n<\/td>\n<td data-col-size=\"md\" data-start=\"2576\" data-end=\"2662\">UID 7 byte; OTP; b\u1ed9 \u0111\u1ebfm m\u1ed9t chi\u1ec1u; ch\u1eef k\u00fd ECC; b\u1ea3o v\u1ec7 b\u1eb1ng m\u1eadt kh\u1ea9u t\u00f9y ch\u1ecdn<\/td>\n<\/tr>\n<tr data-start=\"2663\" data-end=\"2791\">\n<td data-start=\"2663\" data-end=\"2682\" data-col-size=\"sm\">T\u00f9y ch\u1ec9nh<\/td>\n<td data-col-size=\"sm\" data-start=\"2682\" data-end=\"2705\">In \u1ea5n\/Bao b\u00ec<\/td>\n<td data-col-size=\"md\" data-start=\"2705\" data-end=\"2791\">Logo, m\u00e3 QR, s\u1ed1 s\u00ea-ri; cu\u1ed9n ho\u1eb7c m\u1ea3nh<\/td>\n<\/tr>\n<tr data-start=\"2792\" data-end=\"2920\">\n<td data-start=\"2792\" data-end=\"2811\" data-col-size=\"sm\">\u1ee8ng d\u1ee5ng<\/td>\n<td data-col-size=\"sm\" data-start=\"2811\" data-end=\"2834\">C\u00e1c tr\u01b0\u1eddng h\u1ee3p s\u1eed d\u1ee5ng<\/td>\n<td data-col-size=\"md\" data-start=\"2834\" data-end=\"2920\">H\u00e0ng t\u1ed3n kho, t\u00e0i s\u1ea3n, kho b\u00e3i, h\u1eadu c\u1ea7n, ki\u1ec3m so\u00e1t truy c\u1eadp, thanh to\u00e1n di \u0111\u1ed9ng, ti\u1ebfp th\u1ecb<\/td>\n<\/tr>\n<tr data-start=\"2921\" data-end=\"3049\">\n<td data-start=\"2921\" data-end=\"2940\" data-col-size=\"sm\">Thu\u1eadn l\u1ee3i<\/td>\n<td data-col-size=\"sm\" data-start=\"2940\" data-end=\"2963\">T\u00edch h\u1ee3p<\/td>\n<td data-col-size=\"md\" data-start=\"2963\" data-end=\"3049\">B\u1ec1n, nh\u1ecf g\u1ecdn, t\u01b0\u01a1ng th\u00edch v\u1edbi thi\u1ebft b\u1ecb NFC, d\u1ec5 nh\u00fang<\/td>\n<\/tr>\n<\/tbody>\n<\/table>\n<\/div>\n<\/div>","protected":false},"excerpt":{"rendered":"<p>Th\u1ebb t\u00edch h\u1ee3p NFC MIFARE Ultralight EV1 HF 13,56 MHz\u2014\u0111\u1ecbnh d\u1ea1ng kh\u00f4\/\u01b0\u1edbt, nhi\u1ec1u h\u00ecnh d\u1ea1ng \u0103ng-ten, hi\u1ec7u su\u1ea5t \u0111\u1ecdc m\u1ea1nh m\u1ebd v\u00e0 t\u00ednh n\u0103ng b\u1ea3o m\u1eadt t\u00edch h\u1ee3p \u0111\u1ec3 truy c\u1eadp, theo d\u00f5i v\u00e0 thanh to\u00e1n.<\/p>","protected":false},"featured_media":835,"template":"","meta":{"_gspb_post_css":""},"product_brand":[],"product_cat":[23],"product_tag":[],"class_list":{"0":"post-833","1":"product","2":"type-product","3":"status-publish","4":"has-post-thumbnail","6":"product_cat-rfid-nfc-inlay","8":"first","9":"instock","10":"shipping-taxable","11":"purchasable","12":"product-type-simple"},"_links":{"self":[{"href":"https:\/\/www.cxjsmartcard.com\/vi\/wp-json\/wp\/v2\/product\/833","targetHints":{"allow":["GET"]}}],"collection":[{"href":"https:\/\/www.cxjsmartcard.com\/vi\/wp-json\/wp\/v2\/product"}],"about":[{"href":"https:\/\/www.cxjsmartcard.com\/vi\/wp-json\/wp\/v2\/types\/product"}],"wp:featuredmedia":[{"embeddable":true,"href":"https:\/\/www.cxjsmartcard.com\/vi\/wp-json\/wp\/v2\/media\/835"}],"wp:attachment":[{"href":"https:\/\/www.cxjsmartcard.com\/vi\/wp-json\/wp\/v2\/media?parent=833"}],"wp:term":[{"taxonomy":"product_brand","embeddable":true,"href":"https:\/\/www.cxjsmartcard.com\/vi\/wp-json\/wp\/v2\/product_brand?post=833"},{"taxonomy":"product_cat","embeddable":true,"href":"https:\/\/www.cxjsmartcard.com\/vi\/wp-json\/wp\/v2\/product_cat?post=833"},{"taxonomy":"product_tag","embeddable":true,"href":"https:\/\/www.cxjsmartcard.com\/vi\/wp-json\/wp\/v2\/product_tag?post=833"}],"curies":[{"name":"trang web","href":"https:\/\/api.w.org\/{rel}","templated":true}]}}