{"id":829,"date":"2025-11-03T08:19:26","date_gmt":"2025-11-03T08:19:26","guid":{"rendered":"https:\/\/www.cxjsmartcard.com\/?post_type=product&#038;p=829"},"modified":"2025-12-29T01:27:09","modified_gmt":"2025-12-29T01:27:09","slug":"ntag213-rfid-nfc-inlay-sticker-tag","status":"publish","type":"product","link":"https:\/\/www.cxjsmartcard.com\/vi\/ntag213-rfid-nfc-inlay-sticker-tag\/","title":{"rendered":"Th\u1ebb d\u00e1n RFID NFC NTAG213"},"content":{"rendered":"<p data-start=\"46\" data-end=\"283\">Nh\u00e3n d\u00e1n th\u00f4ng minh NFC nh\u1ecf g\u1ecdn, b\u1ec1n b\u1ec9 \u0111\u01b0\u1ee3c t\u00edch h\u1ee3p chip NXP\u00ae NTAG213 cho kh\u1ea3 n\u0103ng giao ti\u1ebfp nhanh ch\u00f3ng, \u0111\u00e1ng tin c\u1eady v\u1edbi \u0111i\u1ec7n tho\u1ea1i th\u00f4ng minh, m\u00e1y t\u00ednh b\u1ea3ng v\u00e0 \u0111\u1ea7u \u0111\u1ecdc ISO14443A. \u0110\u01b0\u1ee3c cung c\u1ea5p d\u01b0\u1edbi d\u1ea1ng cu\u1ed9n \u0111\u1ec3 d\u1ec5 d\u00e0ng t\u00edch h\u1ee3p v\u00e0o nh\u00e3n, th\u1ebb v\u00e0 bao b\u00ec.<\/p>\n<p data-start=\"285\" data-end=\"299\"><strong data-start=\"285\" data-end=\"297\">\u0110\u1eb7c tr\u01b0ng<\/strong><\/p>\n<ul data-start=\"300\" data-end=\"778\">\n<li data-start=\"300\" data-end=\"347\">\n<p data-start=\"302\" data-end=\"347\">Chip NTAG213 (HF 13,56 MHz, ISO\/IEC 14443A)<\/p>\n<\/li>\n<li data-start=\"348\" data-end=\"409\">\n<p data-start=\"350\" data-end=\"409\">Ph\u1ea1m vi \u0111\u1ecdc: th\u01b0\u1eddng l\u00e0 1\u20135 cm (ph\u1ee5 thu\u1ed9c v\u00e0o thi\u1ebft b\u1ecb v\u00e0 \u0103ng-ten)<\/p>\n<\/li>\n<li data-start=\"410\" data-end=\"479\">\n<p data-start=\"412\" data-end=\"479\">144 byte b\u1ed9 nh\u1edb ng\u01b0\u1eddi d\u00f9ng cho URL, ID, th\u00f4ng tin li\u00ean h\u1ec7 v\u00e0 nhi\u1ec1u th\u00f4ng tin kh\u00e1c<\/p>\n<\/li>\n<li data-start=\"480\" data-end=\"545\">\n<p data-start=\"482\" data-end=\"545\">L\u00ean \u0111\u1ebfn 100.000 l\u1ea7n ghi l\u1ea1i; c\u1ea5u h\u00ecnh kh\u00f3a\/ch\u1ec9 \u0111\u1ecdc t\u00f9y ch\u1ecdn<\/p>\n<\/li>\n<li data-start=\"546\" data-end=\"617\">\n<p data-start=\"548\" data-end=\"617\">Ch\u1ea5t n\u1ec1n \u0103ng-ten PET c\u00f3 gi\u1ea5y tr\u00e1ng ph\u1ee7 (m\u1eb7t t\u00f9y ch\u1ecdn PVC\/PET\/PP)<\/p>\n<\/li>\n<li data-start=\"618\" data-end=\"683\">\n<p data-start=\"620\" data-end=\"683\">\u0110\u1ecbnh d\u1ea1ng giao h\u00e0ng: 1.000\u20135.000 chi\u1ebfc m\u1ed7i cu\u1ed9n; 4 cu\u1ed9n m\u1ed7i th\u00f9ng<\/p>\n<\/li>\n<li data-start=\"684\" data-end=\"747\">\n<p data-start=\"686\" data-end=\"747\">Nhi\u1ec7t \u0111\u1ed9 ho\u1ea1t \u0111\u1ed9ng: \u221240 \u00b0C \u0111\u1ebfn +70 \u00b0C; b\u1ea3o qu\u1ea3n: \u221220 \u00b0C \u0111\u1ebfn +50 \u00b0C<\/p>\n<\/li>\n<li data-start=\"748\" data-end=\"778\">\n<p data-start=\"750\" data-end=\"778\">Thi\u1ebft k\u1ebf th\u1ee5 \u0111\u1ed9ng, kh\u00f4ng d\u00f9ng pin<\/p>\n<\/li>\n<\/ul>\n<p data-start=\"780\" data-end=\"965\"><strong data-start=\"780\" data-end=\"796\">\u1ee8ng d\u1ee5ng<\/strong><br data-start=\"796\" data-end=\"799\" \/>Li\u00ean k\u1ebft ti\u1ebfp th\u1ecb v\u00e0 ph\u01b0\u01a1ng ti\u1ec7n truy\u1ec1n th\u00f4ng x\u00e3 h\u1ed9i \u2022 G\u1eafn th\u1ebb t\u00e0i s\u1ea3n \u2022 Thanh to\u00e1n kh\u00f4ng ti\u1ebfp x\u00fac (n\u1ebfu \u0111\u01b0\u1ee3c h\u1ed7 tr\u1ee3) \u2022 B\u00e1n v\u00e9 s\u1ef1 ki\u1ec7n v\u00e0 ki\u1ec3m so\u00e1t truy c\u1eadp \u2022 \u00c1p ph\u00edch th\u00f4ng minh v\u00e0 x\u00e1c th\u1ef1c s\u1ea3n ph\u1ea9m.<\/p>\n<p data-start=\"967\" data-end=\"1268\"><strong data-start=\"967\" data-end=\"975\">C\u00e2u h\u1ecfi th\u01b0\u1eddng g\u1eb7p<\/strong><br data-start=\"975\" data-end=\"978\" \/><strong data-start=\"978\" data-end=\"1008\">C\u00e2u h\u1ecfi 1: Ph\u1ea1m vi \u0111\u1ecdc l\u00e0 g\u00ec?<\/strong> Th\u00f4ng th\u01b0\u1eddng l\u00e0 1\u20135 cm, t\u00f9y thu\u1ed9c v\u00e0o k\u00edch th\u01b0\u1edbc th\u1ebb v\u00e0 \u0111\u1ed9 m\u1ea1nh c\u1ee7a \u0111\u1ea7u \u0111\u1ecdc.<br data-start=\"1069\" data-end=\"1072\" \/><strong data-start=\"1072\" data-end=\"1109\">C\u00e2u h\u1ecfi 2: C\u00f3 th\u1ec3 l\u1eadp tr\u00ecnh l\u1ea1i th\u1ebb \u0111\u01b0\u1ee3c kh\u00f4ng?<\/strong> C\u00f3\u2014c\u00f3 th\u1ec3 ghi l\u1ea1i t\u1edbi 100.000 l\u1ea7n ho\u1eb7c c\u00f3 th\u1ec3 kh\u00f3a \u1edf ch\u1ebf \u0111\u1ed9 ch\u1ec9 \u0111\u1ecdc.<br data-start=\"1170\" data-end=\"1173\" \/><strong data-start=\"1173\" data-end=\"1204\">C\u00e2u h\u1ecfi 3: Ch\u00fang \u0111\u01b0\u1ee3c giao nh\u01b0 th\u1ebf n\u00e0o?<\/strong> \u1ede d\u1ea1ng cu\u1ed9n (1.000\u20135.000 chi\u1ebfc\/cu\u1ed9n) \u0111\u1ec3 s\u1ea3n xu\u1ea5t hi\u1ec7u qu\u1ea3.<\/p>\n<h2 data-start=\"1270\" data-end=\"1295\">B\u1ea3ng (Th\u00f4ng s\u1ed1 k\u1ef9 thu\u1eadt)<\/h2>\n<div class=\"_tableContainer_1rjym_1\">\n<div class=\"group _tableWrapper_1rjym_13 flex w-fit flex-col-reverse\" tabindex=\"-1\">\n<table class=\"w-fit min-w-(--thread-content-width)\" data-start=\"1297\" data-end=\"3454\">\n<thead data-start=\"1297\" data-end=\"1416\">\n<tr data-start=\"1297\" data-end=\"1416\">\n<th data-start=\"1297\" data-end=\"1320\" data-col-size=\"sm\">Lo\u1ea1i<\/th>\n<th data-start=\"1320\" data-end=\"1343\" data-col-size=\"sm\">Tham s\u1ed1<\/th>\n<th data-start=\"1343\" data-end=\"1416\" data-col-size=\"md\">Gi\u00e1 tr\u1ecb<\/th>\n<\/tr>\n<\/thead>\n<tbody data-start=\"1537\" data-end=\"3454\">\n<tr data-start=\"1537\" data-end=\"1656\">\n<td data-start=\"1537\" data-end=\"1560\" data-col-size=\"sm\">S\u1ea3n ph\u1ea9m<\/td>\n<td data-start=\"1560\" data-end=\"1583\" data-col-size=\"sm\">Ki\u1ec3u<\/td>\n<td data-col-size=\"md\" data-start=\"1583\" data-end=\"1656\">Th\u1ebb d\u00e1n\/kh\u1ea3m NFC<\/td>\n<\/tr>\n<tr data-start=\"1657\" data-end=\"1776\">\n<td data-start=\"1657\" data-end=\"1680\" data-col-size=\"sm\">T\u1ea7n s\u1ed1 v\u00f4 tuy\u1ebfn<\/td>\n<td data-start=\"1680\" data-end=\"1703\" data-col-size=\"sm\">T\u00ednh th\u01b0\u1eddng xuy\u00ean<\/td>\n<td data-start=\"1703\" data-end=\"1776\" data-col-size=\"md\">13,56 MHz<\/td>\n<\/tr>\n<tr data-start=\"1777\" data-end=\"1896\">\n<td data-start=\"1777\" data-end=\"1800\" data-col-size=\"sm\"><\/td>\n<td data-start=\"1800\" data-end=\"1823\" data-col-size=\"sm\">Giao th\u1ee9c<\/td>\n<td data-col-size=\"md\" data-start=\"1823\" data-end=\"1896\">Ti\u00eau chu\u1ea9n ISO\/IEC 14443A<\/td>\n<\/tr>\n<tr data-start=\"1897\" data-end=\"2016\">\n<td data-start=\"1897\" data-end=\"1920\" data-col-size=\"sm\">IC<\/td>\n<td data-col-size=\"sm\" data-start=\"1920\" data-end=\"1943\">Chip<\/td>\n<td data-col-size=\"md\" data-start=\"1943\" data-end=\"2016\">NTAG213 (NXP\u00ae)<\/td>\n<\/tr>\n<tr data-start=\"2017\" data-end=\"2136\">\n<td data-start=\"2017\" data-end=\"2040\" data-col-size=\"sm\">K\u00fd \u1ee9c<\/td>\n<td data-start=\"2040\" data-end=\"2063\" data-col-size=\"sm\">N\u0103ng l\u1ef1c ng\u01b0\u1eddi d\u00f9ng<\/td>\n<td data-col-size=\"md\" data-start=\"2063\" data-end=\"2136\">144 byte<\/td>\n<\/tr>\n<tr data-start=\"2137\" data-end=\"2255\">\n<td data-start=\"2137\" data-end=\"2160\" data-col-size=\"sm\">Hi\u1ec7u su\u1ea5t<\/td>\n<td data-col-size=\"sm\" data-start=\"2160\" data-end=\"2183\">Ph\u1ea1m vi \u0111\u1ecdc<\/td>\n<td data-col-size=\"md\" data-start=\"2183\" data-end=\"2255\">1\u20135 cm \u0111i\u1ec3n h\u00ecnh (l\u00ean \u0111\u1ebfn ~10 cm v\u1edbi \u0103ng-ten\/\u0111\u1ea7u \u0111\u1ecdc l\u1edbn h\u01a1n)<\/td>\n<\/tr>\n<tr data-start=\"2256\" data-end=\"2375\">\n<td data-start=\"2256\" data-end=\"2279\" data-col-size=\"sm\">Ho\u1ea1t \u0111\u1ed9ng<\/td>\n<td data-col-size=\"sm\" data-start=\"2279\" data-end=\"2302\">C\u00e1ch th\u1ee9c<\/td>\n<td data-col-size=\"md\" data-start=\"2302\" data-end=\"2375\">Th\u1ee5 \u0111\u1ed9ng (kh\u00f4ng c\u00f3 pin)<\/td>\n<\/tr>\n<tr data-start=\"2376\" data-end=\"2495\">\n<td data-start=\"2376\" data-end=\"2399\" data-col-size=\"sm\">S\u1ee9c b\u1ec1n<\/td>\n<td data-col-size=\"sm\" data-start=\"2399\" data-end=\"2422\">Chu k\u1ef3 vi\u1ebft<\/td>\n<td data-col-size=\"md\" data-start=\"2422\" data-end=\"2495\">L\u00ean \u0111\u1ebfn 100.000 l\u1ea7n vi\u1ebft l\u1ea1i<\/td>\n<\/tr>\n<tr data-start=\"2496\" data-end=\"2615\">\n<td data-start=\"2496\" data-end=\"2519\" data-col-size=\"sm\">Nguy\u00ean v\u1eadt li\u1ec7u<\/td>\n<td data-start=\"2519\" data-end=\"2542\" data-col-size=\"sm\">Ch\u1ea5t n\u1ec1n \u0103ng-ten<\/td>\n<td data-col-size=\"md\" data-start=\"2542\" data-end=\"2615\">TH\u00da C\u01afNG<\/td>\n<\/tr>\n<tr data-start=\"2616\" data-end=\"2735\">\n<td data-start=\"2616\" data-end=\"2639\" data-col-size=\"sm\"><\/td>\n<td data-col-size=\"sm\" data-start=\"2639\" data-end=\"2662\">B\u1ec1 m\u1eb7t th\u1ebb<\/td>\n<td data-col-size=\"md\" data-start=\"2662\" data-end=\"2735\">Gi\u1ea5y tr\u00e1ng ph\u1ee7 (PVC, PET, PP t\u00f9y ch\u1ecdn)<\/td>\n<\/tr>\n<tr data-start=\"2736\" data-end=\"2854\">\n<td data-start=\"2736\" data-end=\"2759\" data-col-size=\"sm\">Y\u1ebfu t\u1ed1 h\u00ecnh th\u1ee9c<\/td>\n<td data-col-size=\"sm\" data-start=\"2759\" data-end=\"2782\">K\u00edch th\u01b0\u1edbc th\u1ebb<\/td>\n<td data-col-size=\"md\" data-start=\"2782\" data-end=\"2854\">\u00d818\/\u00d822\/\u00d825\/\u00d830 mm; 16 \u00d7 58 mm; c\u00e1c k\u00edch th\u01b0\u1edbc kh\u00e1c theo y\u00eau c\u1ea7u<\/td>\n<\/tr>\n<tr data-start=\"2855\" data-end=\"2974\">\n<td data-start=\"2855\" data-end=\"2878\" data-col-size=\"sm\">M\u00f4i tr\u01b0\u1eddng<\/td>\n<td data-start=\"2878\" data-end=\"2901\" data-col-size=\"sm\">Nhi\u1ec7t \u0111\u1ed9 ho\u1ea1t \u0111\u1ed9ng<\/td>\n<td data-col-size=\"md\" data-start=\"2901\" data-end=\"2974\">\u221240 \u00b0C \u0111\u1ebfn +70 \u00b0C<\/td>\n<\/tr>\n<tr data-start=\"2975\" data-end=\"3094\">\n<td data-start=\"2975\" data-end=\"2998\" data-col-size=\"sm\"><\/td>\n<td data-col-size=\"sm\" data-start=\"2998\" data-end=\"3021\">Nhi\u1ec7t \u0111\u1ed9 l\u01b0u tr\u1eef<\/td>\n<td data-col-size=\"md\" data-start=\"3021\" data-end=\"3094\">\u221220 \u00b0C \u0111\u1ebfn +50 \u00b0C<\/td>\n<\/tr>\n<tr data-start=\"3095\" data-end=\"3214\">\n<td data-start=\"3095\" data-end=\"3118\" data-col-size=\"sm\">Bao b\u00ec<\/td>\n<td data-col-size=\"sm\" data-start=\"3118\" data-end=\"3141\">\u0110\u1ecbnh d\u1ea1ng giao h\u00e0ng<\/td>\n<td data-col-size=\"md\" data-start=\"3141\" data-end=\"3214\">1.000\u20135.000 chi\u1ebfc\/cu\u1ed9n; 4 cu\u1ed9n\/th\u00f9ng<\/td>\n<\/tr>\n<tr data-start=\"3215\" data-end=\"3334\">\n<td data-start=\"3215\" data-end=\"3238\" data-col-size=\"sm\">T\u00f9y ch\u1ecdn<\/td>\n<td data-col-size=\"sm\" data-start=\"3238\" data-end=\"3261\">C\u00e0i \u0111\u1eb7t d\u1eef li\u1ec7u<\/td>\n<td data-col-size=\"md\" data-start=\"3261\" data-end=\"3334\">C\u00f3 th\u1ec3 ghi l\u1ea1i ho\u1eb7c thi\u1ebft l\u1eadp th\u00e0nh ch\u1ec9 \u0111\u1ecdc<\/td>\n<\/tr>\n<tr data-start=\"3335\" data-end=\"3454\">\n<td data-start=\"3335\" data-end=\"3358\" data-col-size=\"sm\">C\u00e1c tr\u01b0\u1eddng h\u1ee3p s\u1eed d\u1ee5ng<\/td>\n<td data-col-size=\"sm\" data-start=\"3358\" data-end=\"3381\">\u1ee8ng d\u1ee5ng \u0111i\u1ec3n h\u00ecnh<\/td>\n<td data-col-size=\"md\" data-start=\"3381\" data-end=\"3454\">Li\u00ean k\u1ebft ti\u1ebfp th\u1ecb, theo d\u00f5i t\u00e0i s\u1ea3n, thanh to\u00e1n, ki\u1ec3m so\u00e1t v\u00e9\/truy c\u1eadp<\/td>\n<\/tr>\n<\/tbody>\n<\/table>\n<\/div>\n<\/div>","protected":false},"excerpt":{"rendered":"<p>Nh\u00e3n d\u00e1n NFC NTAG213\u201413,56 MHz ISO14443A, 144 byte, \u0111\u1ecdc 1\u20135 cm, c\u00f3 th\u1ec3 ghi l\u1ea1i t\u1edbi 100.000 l\u1ea7n; Ch\u1ea5t n\u1ec1n PET c\u00f3 m\u1eb7t gi\u1ea5y tr\u00e1ng ph\u1ee7, giao h\u00e0ng theo cu\u1ed9n.<\/p>","protected":false},"featured_media":830,"template":"","meta":{"_gspb_post_css":""},"product_brand":[],"product_cat":[23],"product_tag":[],"class_list":{"0":"post-829","1":"product","2":"type-product","3":"status-publish","4":"has-post-thumbnail","6":"product_cat-rfid-nfc-inlay","8":"first","9":"instock","10":"shipping-taxable","11":"purchasable","12":"product-type-simple"},"_links":{"self":[{"href":"https:\/\/www.cxjsmartcard.com\/vi\/wp-json\/wp\/v2\/product\/829","targetHints":{"allow":["GET"]}}],"collection":[{"href":"https:\/\/www.cxjsmartcard.com\/vi\/wp-json\/wp\/v2\/product"}],"about":[{"href":"https:\/\/www.cxjsmartcard.com\/vi\/wp-json\/wp\/v2\/types\/product"}],"wp:featuredmedia":[{"embeddable":true,"href":"https:\/\/www.cxjsmartcard.com\/vi\/wp-json\/wp\/v2\/media\/830"}],"wp:attachment":[{"href":"https:\/\/www.cxjsmartcard.com\/vi\/wp-json\/wp\/v2\/media?parent=829"}],"wp:term":[{"taxonomy":"product_brand","embeddable":true,"href":"https:\/\/www.cxjsmartcard.com\/vi\/wp-json\/wp\/v2\/product_brand?post=829"},{"taxonomy":"product_cat","embeddable":true,"href":"https:\/\/www.cxjsmartcard.com\/vi\/wp-json\/wp\/v2\/product_cat?post=829"},{"taxonomy":"product_tag","embeddable":true,"href":"https:\/\/www.cxjsmartcard.com\/vi\/wp-json\/wp\/v2\/product_tag?post=829"}],"curies":[{"name":"trang web","href":"https:\/\/api.w.org\/{rel}","templated":true}]}}