{"id":824,"date":"2025-11-03T08:17:18","date_gmt":"2025-11-03T08:17:18","guid":{"rendered":"https:\/\/www.cxjsmartcard.com\/?post_type=product&#038;p=824"},"modified":"2025-12-29T01:27:09","modified_gmt":"2025-12-29T01:27:09","slug":"customizable-rfid-nfc-programmable-printable-wet-dry-inlay","status":"publish","type":"product","link":"https:\/\/www.cxjsmartcard.com\/vi\/customizable-rfid-nfc-programmable-printable-wet-dry-inlay\/","title":{"rendered":"C\u00f3 th\u1ec3 t\u00f9y ch\u1ec9nh RFID NFC C\u00f3 th\u1ec3 l\u1eadp tr\u00ecnh C\u00f3 th\u1ec3 in \u01b0\u1edbt\/kh\u00f4"},"content":{"rendered":"<p data-start=\"70\" data-end=\"424\">T\u00edch h\u1ee3p NFC HF 13,56 MHz d\u1ef1a tr\u00ean NTAG213 cho c\u00e1c \u1ee9ng d\u1ee5ng t\u1ea7m ng\u1eafn, t\u01b0\u01a1ng th\u00edch v\u1edbi \u0111i\u1ec7n tho\u1ea1i th\u00f4ng minh. C\u00f3 s\u1eb5n d\u01b0\u1edbi d\u1ea1ng <strong data-start=\"191\" data-end=\"204\">kh\u1ea3m \u01b0\u1edbt<\/strong> (keo, b\u00f3c ra v\u00e0 d\u00e1n) ho\u1eb7c <strong data-start=\"235\" data-end=\"248\">kh\u1ea3m kh\u00f4<\/strong> (\u0111\u1ec3 c\u00e1n m\u00e0ng), thi\u1ebft k\u1ebf d\u1ea1ng mini l\u00e0 <strong data-start=\"298\" data-end=\"341\">c\u00f3 th\u1ec3 in, l\u1eadp tr\u00ecnh v\u00e0 ch\u1ed1ng th\u1ea5m n\u01b0\u1edbc<\/strong>\u2014th\u00edch h\u1ee3p l\u00e0m th\u1ebb ch\u00eca kh\u00f3a kh\u00e1ch s\u1ea1n, th\u1ebb th\u00e0nh vi\u00ean, th\u1ebb b\u00e1n l\u1ebb v\u00e0 ti\u1ebfp th\u1ecb kh\u00f4ng ti\u1ebfp x\u00fac.<\/p>\n<p data-start=\"426\" data-end=\"456\"><strong data-start=\"426\" data-end=\"454\">X\u00e2y d\u1ef1ng &amp; V\u1eadt li\u1ec7u<\/strong><\/p>\n<ul data-start=\"457\" data-end=\"705\">\n<li data-start=\"457\" data-end=\"543\">\n<p data-start=\"459\" data-end=\"543\"><strong data-start=\"459\" data-end=\"471\">\u0110\u1ecbnh d\u1ea1ng:<\/strong> L\u1edbp ph\u1ee7 \u01b0\u1edbt c\u00f3 l\u1edbp keo d\u00ednh \u1edf m\u1eb7t sau; l\u1edbp ph\u1ee7 kh\u00f4 \u0111\u1ec3 c\u00e1n m\u00e0ng th\u1ebb\/v\u00e9<\/p>\n<\/li>\n<li data-start=\"544\" data-end=\"619\">\n<p data-start=\"546\" data-end=\"619\"><strong data-start=\"546\" data-end=\"573\">V\u1eadt li\u1ec7u m\u1eb7t\/\u0103ng-ten:<\/strong> PET, gi\u1ea5y \u0111\u1ed3ng cho hi\u1ec7u su\u1ea5t RF m\u1ea1nh m\u1ebd<\/p>\n<\/li>\n<li data-start=\"620\" data-end=\"705\">\n<p data-start=\"622\" data-end=\"705\"><strong data-start=\"622\" data-end=\"643\">B\u1ec1 m\u1eb7t in:<\/strong> H\u1ed7 tr\u1ee3 in tr\u1ef1c ti\u1ebfp logo, m\u00e3 v\u1ea1ch v\u00e0 h\u01b0\u1edbng d\u1eabn<\/p>\n<\/li>\n<\/ul>\n<p data-start=\"707\" data-end=\"739\"><strong data-start=\"707\" data-end=\"737\">Ch\u1ee9c n\u0103ng NFC c\u00f3 th\u1ec3 l\u1eadp tr\u00ecnh<\/strong><\/p>\n<ul data-start=\"740\" data-end=\"970\">\n<li data-start=\"740\" data-end=\"806\">\n<p data-start=\"742\" data-end=\"806\"><strong data-start=\"742\" data-end=\"751\">Chip:<\/strong> NTAG213 (ISO\/IEC 14443A), t\u01b0\u01a1ng th\u00edch NFC v\u1edbi Android\/iOS<\/p>\n<\/li>\n<li data-start=\"807\" data-end=\"886\">\n<p data-start=\"809\" data-end=\"886\"><strong data-start=\"809\" data-end=\"825\">B\u1ed9 nh\u1edb ng\u01b0\u1eddi d\u00f9ng:<\/strong> ~180 byte c\u00f3 th\u1ec3 s\u1eed d\u1ee5ng cho URL, ID, th\u00f4ng tin x\u00e1c th\u1ef1c, d\u1eef li\u1ec7u v\u1ec1 l\u00f2ng trung th\u00e0nh<\/p>\n<\/li>\n<li data-start=\"887\" data-end=\"970\">\n<p data-start=\"889\" data-end=\"970\"><strong data-start=\"889\" data-end=\"903\">C\u00e1c tr\u01b0\u1eddng h\u1ee3p s\u1eed d\u1ee5ng:<\/strong> Ki\u1ec3m so\u00e1t truy c\u1eadp, th\u00e0nh vi\u00ean, x\u00e1c th\u1ef1c, bao b\u00ec\/nh\u00e3n th\u00f4ng minh<\/p>\n<\/li>\n<\/ul>\n<p data-start=\"972\" data-end=\"982\"><strong data-start=\"972\" data-end=\"980\">C\u00e2u h\u1ecfi th\u01b0\u1eddng g\u1eb7p<\/strong><\/p>\n<ul data-start=\"983\" data-end=\"1267\">\n<li data-start=\"983\" data-end=\"1039\">\n<p data-start=\"985\" data-end=\"1039\"><strong data-start=\"985\" data-end=\"997\">M\u1eabu?<\/strong> C\u00f3 s\u1eb5n m\u1eabu mi\u1ec5n ph\u00ed \u0111\u1ec3 th\u1eed nghi\u1ec7m.<\/p>\n<\/li>\n<li data-start=\"1040\" data-end=\"1109\">\n<p data-start=\"1042\" data-end=\"1109\"><strong data-start=\"1042\" data-end=\"1054\">B\u1ea1n \u0111\u1ecdc?<\/strong> Ho\u1ea1t \u0111\u1ed9ng v\u1edbi \u0111i\u1ec7n tho\u1ea1i h\u1ed7 tr\u1ee3 NFC v\u00e0 \u0111\u1ea7u \u0111\u1ecdc ISO14443A.<\/p>\n<\/li>\n<li data-start=\"1110\" data-end=\"1194\">\n<p data-start=\"1112\" data-end=\"1194\"><strong data-start=\"1112\" data-end=\"1129\">In t\u00f9y ch\u1ec9nh?<\/strong> T\u00f9y ch\u1ec9nh \u0111\u1ea7y \u0111\u1ee7: t\u00e1c ph\u1ea9m ngh\u1ec7 thu\u1eadt, m\u00e3 v\u1ea1ch\/QR, s\u1ed1 s\u00ea-ri, ID duy nh\u1ea5t.<\/p>\n<\/li>\n<li data-start=\"1195\" data-end=\"1267\">\n<p data-start=\"1197\" data-end=\"1267\"><strong data-start=\"1197\" data-end=\"1212\">H\u1ea1n s\u1eed d\u1ee5ng?<\/strong> L\u01b0u tr\u1eef ti\u00eau chu\u1ea9n trong h\u01a1n 10 n\u0103m; l\u01b0u gi\u1eef d\u1eef li\u1ec7u l\u00e2u d\u00e0i.<\/p>\n<\/li>\n<\/ul>\n<p data-start=\"1269\" data-end=\"1314\"><strong data-start=\"1269\" data-end=\"1279\">Ngu\u1ed3n g\u1ed1c<\/strong><br data-start=\"1279\" data-end=\"1282\" \/>S\u1ea3n xu\u1ea5t t\u1ea1i Chi\u1ebft Giang, Trung Qu\u1ed1c.<\/p>\n<h2 data-start=\"1316\" data-end=\"1341\">B\u1ea3ng (Th\u00f4ng s\u1ed1 k\u1ef9 thu\u1eadt)<\/h2>\n<div class=\"_tableContainer_1rjym_1\">\n<div class=\"group _tableWrapper_1rjym_13 flex w-fit flex-col-reverse\" tabindex=\"-1\">\n<table class=\"w-fit min-w-(--thread-content-width)\" data-start=\"1343\" data-end=\"2954\">\n<thead data-start=\"1343\" data-end=\"1458\">\n<tr data-start=\"1343\" data-end=\"1458\">\n<th data-start=\"1343\" data-end=\"1365\" data-col-size=\"sm\">Lo\u1ea1i<\/th>\n<th data-start=\"1365\" data-end=\"1388\" data-col-size=\"sm\">Tham s\u1ed1<\/th>\n<th data-start=\"1388\" data-end=\"1458\" data-col-size=\"md\">Gi\u00e1 tr\u1ecb<\/th>\n<\/tr>\n<\/thead>\n<tbody data-start=\"1574\" data-end=\"2954\">\n<tr data-start=\"1574\" data-end=\"1688\">\n<td data-start=\"1574\" data-end=\"1595\" data-col-size=\"sm\">S\u1ea3n ph\u1ea9m<\/td>\n<td data-start=\"1595\" data-end=\"1618\" data-col-size=\"sm\">Ki\u1ec3u<\/td>\n<td data-col-size=\"md\" data-start=\"1618\" data-end=\"1688\">Mi\u1ebfng d\u00e1n NFC \u01b0\u1edbt\/kh\u00f4 (th\u1ebb mini)<\/td>\n<\/tr>\n<tr data-start=\"1689\" data-end=\"1804\">\n<td data-start=\"1689\" data-end=\"1710\" data-col-size=\"sm\">T\u00ednh th\u01b0\u1eddng xuy\u00ean<\/td>\n<td data-col-size=\"sm\" data-start=\"1710\" data-end=\"1733\">HF<\/td>\n<td data-col-size=\"md\" data-start=\"1733\" data-end=\"1804\">13,56 MHz<\/td>\n<\/tr>\n<tr data-start=\"1805\" data-end=\"1919\">\n<td data-start=\"1805\" data-end=\"1826\" data-col-size=\"sm\">Giao th\u1ee9c<\/td>\n<td data-start=\"1826\" data-end=\"1849\" data-col-size=\"sm\">Giao di\u1ec7n kh\u00f4ng kh\u00ed<\/td>\n<td data-col-size=\"md\" data-start=\"1849\" data-end=\"1919\">Ti\u00eau chu\u1ea9n ISO\/IEC 14443A<\/td>\n<\/tr>\n<tr data-start=\"1920\" data-end=\"2034\">\n<td data-start=\"1920\" data-end=\"1941\" data-col-size=\"sm\">IC<\/td>\n<td data-col-size=\"sm\" data-start=\"1941\" data-end=\"1964\">Chip<\/td>\n<td data-col-size=\"md\" data-start=\"1964\" data-end=\"2034\">NTAG213<\/td>\n<\/tr>\n<tr data-start=\"2035\" data-end=\"2149\">\n<td data-start=\"2035\" data-end=\"2056\" data-col-size=\"sm\">K\u00fd \u1ee9c<\/td>\n<td data-col-size=\"sm\" data-start=\"2056\" data-end=\"2079\">N\u0103ng l\u1ef1c ng\u01b0\u1eddi d\u00f9ng<\/td>\n<td data-col-size=\"md\" data-start=\"2079\" data-end=\"2149\">~180 byte c\u00f3 th\u1ec3 s\u1eed d\u1ee5ng<\/td>\n<\/tr>\n<tr data-start=\"2150\" data-end=\"2264\">\n<td data-start=\"2150\" data-end=\"2171\" data-col-size=\"sm\">Kh\u1ea3 n\u0103ng t\u01b0\u01a1ng th\u00edch<\/td>\n<td data-col-size=\"sm\" data-start=\"2171\" data-end=\"2194\">Thi\u1ebft b\u1ecb<\/td>\n<td data-col-size=\"md\" data-start=\"2194\" data-end=\"2264\">\u0110i\u1ec7n tho\u1ea1i NFC Android\/iOS; \u0111\u1ea7u \u0111\u1ecdc ISO14443A<\/td>\n<\/tr>\n<tr data-start=\"2265\" data-end=\"2379\">\n<td data-start=\"2265\" data-end=\"2286\" data-col-size=\"sm\">\u0110\u1ecbnh d\u1ea1ng<\/td>\n<td data-col-size=\"sm\" data-start=\"2286\" data-end=\"2309\">Ki\u1ec3u kh\u1ea3m<\/td>\n<td data-col-size=\"md\" data-start=\"2309\" data-end=\"2379\">\u01af\u1edbt (d\u00ednh, b\u00f3c ra v\u00e0 d\u00e1n); Kh\u00f4 (c\u00e1n m\u00e0ng)<\/td>\n<\/tr>\n<tr data-start=\"2380\" data-end=\"2494\">\n<td data-start=\"2380\" data-end=\"2401\" data-col-size=\"sm\">Nguy\u00ean v\u1eadt li\u1ec7u<\/td>\n<td data-col-size=\"sm\" data-start=\"2401\" data-end=\"2424\">S\u1ef1 thi c\u00f4ng<\/td>\n<td data-col-size=\"md\" data-start=\"2424\" data-end=\"2494\">PET, gi\u1ea5y \u0111\u1ed3ng<\/td>\n<\/tr>\n<tr data-start=\"2495\" data-end=\"2609\">\n<td data-start=\"2495\" data-end=\"2516\" data-col-size=\"sm\">\u0110\u1eb7c tr\u01b0ng<\/td>\n<td data-col-size=\"sm\" data-start=\"2516\" data-end=\"2539\">Thu\u1ed9c t\u00ednh<\/td>\n<td data-col-size=\"md\" data-start=\"2539\" data-end=\"2609\">C\u00f3 th\u1ec3 in, l\u1eadp tr\u00ecnh, ch\u1ed1ng th\u1ea5m n\u01b0\u1edbc<\/td>\n<\/tr>\n<tr data-start=\"2610\" data-end=\"2724\">\n<td data-start=\"2610\" data-end=\"2631\" data-col-size=\"sm\">C\u00e1 nh\u00e2n h\u00f3a<\/td>\n<td data-col-size=\"sm\" data-start=\"2631\" data-end=\"2654\">In\/D\u1eef li\u1ec7u<\/td>\n<td data-col-size=\"md\" data-start=\"2654\" data-end=\"2724\">Logo, m\u00e3 v\u1ea1ch\/QR, s\u1ed1 s\u00ea-ri, h\u01b0\u1edbng d\u1eabn<\/td>\n<\/tr>\n<tr data-start=\"2725\" data-end=\"2839\">\n<td data-start=\"2725\" data-end=\"2746\" data-col-size=\"sm\">\u1ee8ng d\u1ee5ng<\/td>\n<td data-col-size=\"sm\" data-start=\"2746\" data-end=\"2769\">C\u00f4ng d\u1ee5ng \u0111i\u1ec3n h\u00ecnh<\/td>\n<td data-col-size=\"md\" data-start=\"2769\" data-end=\"2839\">Ch\u00eca kh\u00f3a kh\u00e1ch s\u1ea1n, th\u1ebb th\u00e0nh vi\u00ean, nh\u00e3n b\u00e1n l\u1ebb, th\u1ebb ti\u1ebfp th\u1ecb<\/td>\n<\/tr>\n<tr data-start=\"2840\" data-end=\"2954\">\n<td data-start=\"2840\" data-end=\"2861\" data-col-size=\"sm\">Ngu\u1ed3n g\u1ed1c<\/td>\n<td data-col-size=\"sm\" data-start=\"2861\" data-end=\"2884\">Ch\u1ebf t\u1ea1o<\/td>\n<td data-col-size=\"md\" data-start=\"2884\" data-end=\"2954\">Chi\u1ebft Giang, Trung Qu\u1ed1c<\/td>\n<\/tr>\n<\/tbody>\n<\/table>\n<\/div>\n<\/div>","protected":false},"excerpt":{"rendered":"<p>Mi\u1ebfng d\u00e1n NFC NTAG213 13,56 MHz c\u00f3 th\u1ec3 t\u00f9y ch\u1ec9nh \u1edf d\u1ea1ng \u01b0\u1edbt ho\u1eb7c kh\u00f4\u2014c\u00f3 th\u1ec3 in, l\u1eadp tr\u00ecnh, ch\u1ed1ng th\u1ea5m n\u01b0\u1edbc v\u00e0 t\u01b0\u01a1ng th\u00edch v\u1edbi \u0111i\u1ec7n tho\u1ea1i \u0111\u1ec3 d\u00f9ng cho ch\u00eca kh\u00f3a, ID, nh\u00e3n v\u00e0 bao b\u00ec th\u00f4ng minh.<\/p>","protected":false},"featured_media":828,"template":"","meta":{"_gspb_post_css":""},"product_brand":[],"product_cat":[23],"product_tag":[],"class_list":{"0":"post-824","1":"product","2":"type-product","3":"status-publish","4":"has-post-thumbnail","6":"product_cat-rfid-nfc-inlay","8":"first","9":"instock","10":"shipping-taxable","11":"purchasable","12":"product-type-simple"},"_links":{"self":[{"href":"https:\/\/www.cxjsmartcard.com\/vi\/wp-json\/wp\/v2\/product\/824","targetHints":{"allow":["GET"]}}],"collection":[{"href":"https:\/\/www.cxjsmartcard.com\/vi\/wp-json\/wp\/v2\/product"}],"about":[{"href":"https:\/\/www.cxjsmartcard.com\/vi\/wp-json\/wp\/v2\/types\/product"}],"wp:featuredmedia":[{"embeddable":true,"href":"https:\/\/www.cxjsmartcard.com\/vi\/wp-json\/wp\/v2\/media\/828"}],"wp:attachment":[{"href":"https:\/\/www.cxjsmartcard.com\/vi\/wp-json\/wp\/v2\/media?parent=824"}],"wp:term":[{"taxonomy":"product_brand","embeddable":true,"href":"https:\/\/www.cxjsmartcard.com\/vi\/wp-json\/wp\/v2\/product_brand?post=824"},{"taxonomy":"product_cat","embeddable":true,"href":"https:\/\/www.cxjsmartcard.com\/vi\/wp-json\/wp\/v2\/product_cat?post=824"},{"taxonomy":"product_tag","embeddable":true,"href":"https:\/\/www.cxjsmartcard.com\/vi\/wp-json\/wp\/v2\/product_tag?post=824"}],"curies":[{"name":"trang web","href":"https:\/\/api.w.org\/{rel}","templated":true}]}}