{"id":815,"date":"2025-11-03T08:03:51","date_gmt":"2025-11-03T08:03:51","guid":{"rendered":"https:\/\/www.cxjsmartcard.com\/?post_type=product&#038;p=815"},"modified":"2025-12-29T01:27:09","modified_gmt":"2025-12-29T01:27:09","slug":"ribbon-satin-garment-uhf-rfid-wash-care-label-tag","status":"publish","type":"product","link":"https:\/\/www.cxjsmartcard.com\/vi\/ribbon-satin-garment-uhf-rfid-wash-care-label-tag\/","title":{"rendered":"Th\u1ebb nh\u00e3n ch\u0103m s\u00f3c gi\u1eb7t UHF RFID cho qu\u1ea7n \u00e1o satin ruy b\u0103ng"},"content":{"rendered":"<p data-start=\"61\" data-end=\"309\">Nh\u00e3n ch\u0103m s\u00f3c UHF RFID t\u00edch h\u1ee3p c\u00f4ng ngh\u1ec7 EPC Gen2 v\u00e0o nh\u00e3n qu\u1ea7n \u00e1o c\u00f3 th\u1ec3 gi\u1eb7t \u0111\u01b0\u1ee3c \u0111\u1ec3 hi\u1ec3n th\u1ecb h\u00e0ng t\u1ed3n kho theo th\u1eddi gian th\u1ef1c. \u0110\u01b0\u1ee3c thi\u1ebft k\u1ebf cho gi\u1eb7t c\u00f4ng nghi\u1ec7p, \u1ee7i v\u00e0 m\u1eb7c h\u00e0ng ng\u00e0y, nh\u00e3n n\u00e0y gi\u00fap gi\u1ea3m thi\u1ec3u t\u00ecnh tr\u1ea1ng co r\u00fat, ng\u0103n ng\u1eeba t\u00ecnh tr\u1ea1ng h\u1ebft h\u00e0ng v\u00e0 gi\u1ea3m thi\u1ec3u vi\u1ec7c \u0111\u1ebfm th\u1ee7 c\u00f4ng.<\/p>\n<p data-start=\"311\" data-end=\"329\"><strong data-start=\"311\" data-end=\"327\">C\u00e1c t\u00ednh n\u0103ng ch\u00ednh<\/strong><\/p>\n<ul data-start=\"330\" data-end=\"1000\">\n<li data-start=\"330\" data-end=\"408\">\n<p data-start=\"332\" data-end=\"408\"><strong data-start=\"332\" data-end=\"346\">Nguy\u00ean v\u1eadt li\u1ec7u:<\/strong> Polyester, satin, nh\u00e3n th\u00e0nh ph\u1ea7n, cotton, v\u1ea3i kh\u00f4ng d\u1ec7t, PET<\/p>\n<\/li>\n<li data-start=\"409\" data-end=\"461\">\n<p data-start=\"411\" data-end=\"461\"><strong data-start=\"411\" data-end=\"421\">K\u00edch th\u01b0\u1edbc:<\/strong> 80 \u00d7 38 mm, 60 \u00d7 30 mm ho\u1eb7c t\u00f9y ch\u1ec9nh<\/p>\n<\/li>\n<li data-start=\"462\" data-end=\"492\">\n<p data-start=\"464\" data-end=\"492\"><strong data-start=\"464\" data-end=\"473\">Ki\u1ec3u:<\/strong> RFID UHF th\u1ee5 \u0111\u1ed9ng<\/p>\n<\/li>\n<li data-start=\"493\" data-end=\"566\">\n<p data-start=\"495\" data-end=\"566\"><strong data-start=\"495\" data-end=\"518\">Giao th\u1ee9c\/T\u1ea7n su\u1ea5t:<\/strong> ISO 18000-6C \/ EPC L\u1edbp 1 Th\u1ebf h\u1ec7 2; 860\u2013960 MHz<\/p>\n<\/li>\n<li data-start=\"567\" data-end=\"623\">\n<p data-start=\"569\" data-end=\"623\"><strong data-start=\"569\" data-end=\"579\">Khoai t\u00e2y chi\u00ean:<\/strong> Impinj Monza R6\/R6-P; NXP UCODE 8\/UCODE 9<\/p>\n<\/li>\n<li data-start=\"624\" data-end=\"680\">\n<p data-start=\"626\" data-end=\"680\"><strong data-start=\"626\" data-end=\"644\">Kho\u1ea3ng c\u00e1ch \u0111\u1ecdc:<\/strong> 1\u201310 m (ph\u1ee5 thu\u1ed9c v\u00e0o \u0111\u1ea7u \u0111\u1ecdc\/\u0103ng-ten)<\/p>\n<\/li>\n<li data-start=\"681\" data-end=\"718\">\n<p data-start=\"683\" data-end=\"718\"><strong data-start=\"683\" data-end=\"698\">\u0110\u00ednh k\u00e8m:<\/strong> May ho\u1eb7c \u1ee7i<\/p>\n<\/li>\n<li data-start=\"719\" data-end=\"780\">\n<p data-start=\"721\" data-end=\"780\"><strong data-start=\"721\" data-end=\"741\">In \u1ea5n &amp; D\u1eef li\u1ec7u:<\/strong> T\u00e1c ph\u1ea9m ngh\u1ec7 thu\u1eadt t\u00f9y ch\u1ec9nh, s\u00ea-ri\/UID, m\u00e3 h\u00f3a<\/p>\n<\/li>\n<li data-start=\"781\" data-end=\"853\">\n<p data-start=\"783\" data-end=\"853\"><strong data-start=\"783\" data-end=\"800\">\u0110\u1ed9 b\u1ec1n IC:<\/strong> 100.000 chu k\u1ef3 l\u1eadp tr\u00ecnh; l\u01b0u gi\u1eef d\u1eef li\u1ec7u trong 10 n\u0103m<\/p>\n<\/li>\n<li data-start=\"854\" data-end=\"904\">\n<p data-start=\"856\" data-end=\"904\"><strong data-start=\"856\" data-end=\"868\">M\u1eabu:<\/strong> M\u1eabu mi\u1ec5n ph\u00ed c\u00f3 s\u1eb5n theo y\u00eau c\u1ea7u<\/p>\n<\/li>\n<li data-start=\"905\" data-end=\"1000\">\n<p data-start=\"907\" data-end=\"1000\"><strong data-start=\"907\" data-end=\"924\">\u1ee8ng d\u1ee5ng:<\/strong> Qu\u1ea3n l\u00fd h\u00e0ng t\u1ed3n kho, chu\u1ed7i cung \u1ee9ng, b\u00e1n l\u1ebb; h\u00e0ng may m\u1eb7c, qu\u1ea7n \u00e1o, t\u00fai x\u00e1ch, gi\u00e0y d\u00e9p<\/p>\n<\/li>\n<\/ul>\n<h2 data-start=\"1002\" data-end=\"1027\">B\u1ea3ng (Th\u00f4ng s\u1ed1 k\u1ef9 thu\u1eadt)<\/h2>\n<div class=\"_tableContainer_1rjym_1\">\n<div class=\"group _tableWrapper_1rjym_13 flex w-fit flex-col-reverse\" tabindex=\"-1\">\n<table class=\"w-fit min-w-(--thread-content-width)\" data-start=\"1029\" data-end=\"2619\">\n<thead data-start=\"1029\" data-end=\"1128\">\n<tr data-start=\"1029\" data-end=\"1128\">\n<th data-start=\"1029\" data-end=\"1051\" data-col-size=\"sm\">Lo\u1ea1i<\/th>\n<th data-start=\"1051\" data-end=\"1072\" data-col-size=\"sm\">Tham s\u1ed1<\/th>\n<th data-start=\"1072\" data-end=\"1128\" data-col-size=\"md\">Gi\u00e1 tr\u1ecb<\/th>\n<\/tr>\n<\/thead>\n<tbody data-start=\"1228\" data-end=\"2619\">\n<tr data-start=\"1228\" data-end=\"1326\">\n<td data-start=\"1228\" data-end=\"1249\" data-col-size=\"sm\">S\u1ea3n ph\u1ea9m<\/td>\n<td data-start=\"1249\" data-end=\"1270\" data-col-size=\"sm\">T\u00ean<\/td>\n<td data-col-size=\"md\" data-start=\"1270\" data-end=\"1326\">Nh\u00e3n ch\u0103m s\u00f3c RFID<\/td>\n<\/tr>\n<tr data-start=\"1327\" data-end=\"1431\">\n<td data-start=\"1327\" data-end=\"1348\" data-col-size=\"sm\">S\u1ef1 thi c\u00f4ng<\/td>\n<td data-col-size=\"sm\" data-start=\"1348\" data-end=\"1369\">Nguy\u00ean v\u1eadt li\u1ec7u<\/td>\n<td data-col-size=\"md\" data-start=\"1369\" data-end=\"1431\">Polyester \/ Satin \/ Th\u00e0nh ph\u1ea7n \/ Cotton \/ Kh\u00f4ng d\u1ec7t \/ PET<\/td>\n<\/tr>\n<tr data-start=\"1432\" data-end=\"1530\">\n<td data-start=\"1432\" data-end=\"1453\" data-col-size=\"sm\">K\u00edch th\u01b0\u1edbc<\/td>\n<td data-col-size=\"sm\" data-start=\"1453\" data-end=\"1474\">K\u00edch th\u01b0\u1edbc ti\u00eau chu\u1ea9n<\/td>\n<td data-col-size=\"md\" data-start=\"1474\" data-end=\"1530\">80 \u00d7 38 mm; 60 \u00d7 30 mm; t\u00f9y ch\u1ec9nh<\/td>\n<\/tr>\n<tr data-start=\"1531\" data-end=\"1629\">\n<td data-start=\"1531\" data-end=\"1552\" data-col-size=\"sm\">RFID<\/td>\n<td data-col-size=\"sm\" data-start=\"1552\" data-end=\"1573\">Ki\u1ec3u<\/td>\n<td data-col-size=\"md\" data-start=\"1573\" data-end=\"1629\">UHF th\u1ee5 \u0111\u1ed9ng<\/td>\n<\/tr>\n<tr data-start=\"1630\" data-end=\"1728\">\n<td data-start=\"1630\" data-end=\"1651\" data-col-size=\"sm\"><\/td>\n<td data-col-size=\"sm\" data-start=\"1651\" data-end=\"1672\">Giao th\u1ee9c<\/td>\n<td data-col-size=\"md\" data-start=\"1672\" data-end=\"1728\">ISO 18000-6C; EPC L\u1edbp 1 Th\u1ebf h\u1ec7 2<\/td>\n<\/tr>\n<tr data-start=\"1729\" data-end=\"1827\">\n<td data-start=\"1729\" data-end=\"1750\" data-col-size=\"sm\"><\/td>\n<td data-col-size=\"sm\" data-start=\"1750\" data-end=\"1771\">T\u00ednh th\u01b0\u1eddng xuy\u00ean<\/td>\n<td data-col-size=\"md\" data-start=\"1771\" data-end=\"1827\">860\u2013960 MHz<\/td>\n<\/tr>\n<tr data-start=\"1828\" data-end=\"1926\">\n<td data-start=\"1828\" data-end=\"1849\" data-col-size=\"sm\">T\u00f9y ch\u1ecdn IC<\/td>\n<td data-col-size=\"sm\" data-start=\"1849\" data-end=\"1870\">Khoai t\u00e2y chi\u00ean<\/td>\n<td data-col-size=\"md\" data-start=\"1870\" data-end=\"1926\">Impinj Monza R6 \/ R6-P; NXP UCODE 8 \/ UCODE 9<\/td>\n<\/tr>\n<tr data-start=\"1927\" data-end=\"2025\">\n<td data-start=\"1927\" data-end=\"1948\" data-col-size=\"sm\">Hi\u1ec7u su\u1ea5t<\/td>\n<td data-col-size=\"sm\" data-start=\"1948\" data-end=\"1969\">Kho\u1ea3ng c\u00e1ch \u0111\u1ecdc<\/td>\n<td data-col-size=\"md\" data-start=\"1969\" data-end=\"2025\">1\u201310 m (t\u00f9y thu\u1ed9c v\u00e0o \u0111\u1ea7u \u0111\u1ecdc v\u00e0 \u0103ng-ten)<\/td>\n<\/tr>\n<tr data-start=\"2026\" data-end=\"2124\">\n<td data-start=\"2026\" data-end=\"2047\" data-col-size=\"sm\">C\u00e0i \u0111\u1eb7t<\/td>\n<td data-col-size=\"sm\" data-start=\"2047\" data-end=\"2068\">Ph\u01b0\u01a1ng ph\u00e1p s\u1eeda ch\u1eefa<\/td>\n<td data-col-size=\"md\" data-start=\"2068\" data-end=\"2124\">May v\u00e1 ho\u1eb7c \u1ee7i \u0111\u1ed3<\/td>\n<\/tr>\n<tr data-start=\"2125\" data-end=\"2223\">\n<td data-start=\"2125\" data-end=\"2146\" data-col-size=\"sm\">C\u00e1 nh\u00e2n h\u00f3a<\/td>\n<td data-start=\"2146\" data-end=\"2167\" data-col-size=\"sm\">In \u1ea5n\/M\u00e3 h\u00f3a<\/td>\n<td data-col-size=\"md\" data-start=\"2167\" data-end=\"2223\">In \u1ea5n, serial\/UID, thi\u1ebft k\u1ebf, m\u00e3 h\u00f3a d\u1eef li\u1ec7u<\/td>\n<\/tr>\n<tr data-start=\"2224\" data-end=\"2322\">\n<td data-start=\"2224\" data-end=\"2245\" data-col-size=\"sm\">S\u1ee9c b\u1ec1n<\/td>\n<td data-start=\"2245\" data-end=\"2266\" data-col-size=\"sm\">Chu k\u1ef3 l\u1eadp tr\u00ecnh<\/td>\n<td data-col-size=\"md\" data-start=\"2266\" data-end=\"2322\">100,000<\/td>\n<\/tr>\n<tr data-start=\"2323\" data-end=\"2421\">\n<td data-start=\"2323\" data-end=\"2344\" data-col-size=\"sm\">D\u1eef li\u1ec7u<\/td>\n<td data-col-size=\"sm\" data-start=\"2344\" data-end=\"2365\">Gi\u1eef ch\u00e2n<\/td>\n<td data-col-size=\"md\" data-start=\"2365\" data-end=\"2421\">10 n\u0103m<\/td>\n<\/tr>\n<tr data-start=\"2422\" data-end=\"2520\">\n<td data-start=\"2422\" data-end=\"2443\" data-col-size=\"sm\">L\u1ea5y m\u1eabu<\/td>\n<td data-col-size=\"sm\" data-start=\"2443\" data-end=\"2464\">Kh\u1ea3 d\u1ee5ng<\/td>\n<td data-col-size=\"md\" data-start=\"2464\" data-end=\"2520\">C\u00f3 s\u1eb5n m\u1eabu mi\u1ec5n ph\u00ed<\/td>\n<\/tr>\n<tr data-start=\"2521\" data-end=\"2619\">\n<td data-start=\"2521\" data-end=\"2542\" data-col-size=\"sm\">C\u00e1c tr\u01b0\u1eddng h\u1ee3p s\u1eed d\u1ee5ng<\/td>\n<td data-col-size=\"sm\" data-start=\"2542\" data-end=\"2563\">\u1ee8ng d\u1ee5ng<\/td>\n<td data-col-size=\"md\" data-start=\"2563\" data-end=\"2619\">H\u00e0ng t\u1ed3n kho, chu\u1ed7i cung \u1ee9ng, b\u00e1n l\u1ebb; qu\u1ea7n \u00e1o\/t\u00fai x\u00e1ch\/gi\u00e0y d\u00e9p<\/td>\n<\/tr>\n<\/tbody>\n<\/table>\n<\/div>\n<\/div>","protected":false},"excerpt":{"rendered":"<p>Nh\u00e3n ch\u0103m s\u00f3c UHF RFID c\u00f3 th\u1ec3 gi\u1eb7t \u0111\u01b0\u1ee3c b\u1eb1ng satin\/polyester d\u00e0nh cho qu\u1ea7n \u00e1o\u2014ph\u1ea1m vi \u0111\u1ecdc 1\u201310 m, ISO 18000-6C EPC Gen2, may ho\u1eb7c \u1ee7i, in v\u00e0 m\u00e3 h\u00f3a c\u00f3 th\u1ec3 t\u00f9y ch\u1ec9nh.<\/p>","protected":false},"featured_media":816,"template":"","meta":{"_gspb_post_css":""},"product_brand":[],"product_cat":[22],"product_tag":[],"class_list":{"0":"post-815","1":"product","2":"type-product","3":"status-publish","4":"has-post-thumbnail","6":"product_cat-rfid-wash-care-labels","8":"first","9":"instock","10":"shipping-taxable","11":"purchasable","12":"product-type-simple"},"_links":{"self":[{"href":"https:\/\/www.cxjsmartcard.com\/vi\/wp-json\/wp\/v2\/product\/815","targetHints":{"allow":["GET"]}}],"collection":[{"href":"https:\/\/www.cxjsmartcard.com\/vi\/wp-json\/wp\/v2\/product"}],"about":[{"href":"https:\/\/www.cxjsmartcard.com\/vi\/wp-json\/wp\/v2\/types\/product"}],"wp:featuredmedia":[{"embeddable":true,"href":"https:\/\/www.cxjsmartcard.com\/vi\/wp-json\/wp\/v2\/media\/816"}],"wp:attachment":[{"href":"https:\/\/www.cxjsmartcard.com\/vi\/wp-json\/wp\/v2\/media?parent=815"}],"wp:term":[{"taxonomy":"product_brand","embeddable":true,"href":"https:\/\/www.cxjsmartcard.com\/vi\/wp-json\/wp\/v2\/product_brand?post=815"},{"taxonomy":"product_cat","embeddable":true,"href":"https:\/\/www.cxjsmartcard.com\/vi\/wp-json\/wp\/v2\/product_cat?post=815"},{"taxonomy":"product_tag","embeddable":true,"href":"https:\/\/www.cxjsmartcard.com\/vi\/wp-json\/wp\/v2\/product_tag?post=815"}],"curies":[{"name":"trang web","href":"https:\/\/api.w.org\/{rel}","templated":true}]}}