{"id":811,"date":"2025-11-03T08:01:29","date_gmt":"2025-11-03T08:01:29","guid":{"rendered":"https:\/\/www.cxjsmartcard.com\/?post_type=product&#038;p=811"},"modified":"2025-12-29T01:27:09","modified_gmt":"2025-12-29T01:27:09","slug":"nylon-woven-uhf-rfid-wash-care-label-tags","status":"publish","type":"product","link":"https:\/\/www.cxjsmartcard.com\/vi\/nylon-woven-uhf-rfid-wash-care-label-tags\/","title":{"rendered":"Th\u1ebb nh\u00e3n ch\u0103m s\u00f3c gi\u1eb7t UHF RFID d\u1ec7t b\u1eb1ng nylon"},"content":{"rendered":"<p data-start=\"53\" data-end=\"357\">Nh\u00e3n h\u01b0\u1edbng d\u1eabn gi\u1eb7t UHF d\u1ec7t b\u1eb1ng nylon tr\u00f4ng v\u00e0 c\u1ea3m nh\u1eadn gi\u1ed1ng nh\u01b0 nh\u00e3n v\u1ea3i th\u00f4ng th\u01b0\u1eddng nh\u01b0ng \u0111\u01b0\u1ee3c t\u00edch h\u1ee3p l\u1edbp l\u00f3t EPC Gen2\/UHF \u0111\u1ec3 theo d\u00f5i qu\u1ea7n \u00e1o nhanh ch\u00f3ng qua nhi\u1ec1u l\u1ea7n \u0111\u1ecdc. B\u1ec1n b\u1ec9, c\u00f3 th\u1ec3 gi\u1eb7t v\u00e0 may \u0111\u01b0\u1ee3c, nh\u00e3n h\u01b0\u1edbng d\u1eabn gi\u1eb7t UHF gi\u00fap \u0111\u01a1n gi\u1ea3n h\u00f3a vi\u1ec7c ki\u1ec3m k\u00ea h\u00e0ng t\u1ed3n kho, l\u01b0\u1ee3ng qu\u1ea7n \u00e1o gi\u1eb7t v\u00e0 kh\u1ea3 n\u0103ng hi\u1ec3n th\u1ecb chu\u1ed7i cung \u1ee9ng.<\/p>\n<p data-start=\"359\" data-end=\"377\"><strong data-start=\"359\" data-end=\"375\">C\u00e1c t\u00ednh n\u0103ng ch\u00ednh<\/strong><\/p>\n<ul data-start=\"378\" data-end=\"955\">\n<li data-start=\"378\" data-end=\"452\">\n<p data-start=\"380\" data-end=\"452\"><strong data-start=\"380\" data-end=\"400\">Hi\u1ec7u su\u1ea5t UHF:<\/strong> 860\u2013960 MHz; ISO\/IEC 18000-6C (EPC L\u1edbp 1 Th\u1ebf h\u1ec7 2)<\/p>\n<\/li>\n<li data-start=\"453\" data-end=\"516\">\n<p data-start=\"455\" data-end=\"516\"><strong data-start=\"455\" data-end=\"465\">Khoai t\u00e2y chi\u00ean:<\/strong> NXP UCODE 8\/9, Impinj M4QT, MR6-P (c\u00f3 th\u1ec3 t\u00f9y ch\u1ec9nh)<\/p>\n<\/li>\n<li data-start=\"517\" data-end=\"603\">\n<p data-start=\"519\" data-end=\"603\"><strong data-start=\"519\" data-end=\"538\">H\u1ed3 s\u01a1 b\u1ed9 nh\u1edb:<\/strong> EPC 96\u2013128 bit; Ng\u01b0\u1eddi d\u00f9ng 0\u2013512 bit; TID 96 bit; D\u1ef1 tr\u1eef 64 bit<\/p>\n<\/li>\n<li data-start=\"604\" data-end=\"652\">\n<p data-start=\"606\" data-end=\"652\"><strong data-start=\"606\" data-end=\"621\">Ph\u1ea1m vi \u0111\u1ecdc:<\/strong> 0\u20138 m (ph\u1ee5 thu\u1ed9c v\u00e0o th\u1ebb\/\u0111\u1ea7u \u0111\u1ecdc)<\/p>\n<\/li>\n<li data-start=\"653\" data-end=\"721\">\n<p data-start=\"655\" data-end=\"721\"><strong data-start=\"655\" data-end=\"672\">S\u1ef1 thi c\u00f4ng:<\/strong> V\u1ea3i nylon ho\u1eb7c m\u1eb7t PET; \u0111\u1ecbnh d\u1ea1ng nh\u00e3n may s\u1eb5n<\/p>\n<\/li>\n<li data-start=\"722\" data-end=\"797\">\n<p data-start=\"724\" data-end=\"797\"><strong data-start=\"724\" data-end=\"738\">S\u1ee9c b\u1ec1n:<\/strong> C\u00f3 th\u1ec3 ghi l\u1ea1i t\u1edbi 100.000 l\u1ea7n; l\u01b0u gi\u1eef d\u1eef li\u1ec7u &gt;50 n\u0103m<\/p>\n<\/li>\n<li data-start=\"798\" data-end=\"864\">\n<p data-start=\"800\" data-end=\"864\"><strong data-start=\"800\" data-end=\"816\">K\u00edch th\u01b0\u1edbc nh\u00e3n:<\/strong> Ti\u00eau chu\u1ea9n ho\u1eb7c t\u00f9y ch\u1ec9nh (v\u00ed d\u1ee5: 64\u00d721 mm, 81\u00d730 mm)<\/p>\n<\/li>\n<li data-start=\"865\" data-end=\"955\">\n<p data-start=\"867\" data-end=\"955\"><strong data-start=\"867\" data-end=\"891\">In \u1ea5n v\u00e0 m\u00e3 h\u00f3a:<\/strong> Truy\u1ec1n nhi\u1ec7t, in l\u1ee5a, c\u00e1c t\u00f9y ch\u1ecdn kh\u00e1c v\u1edbi m\u00e3 h\u00f3a d\u1eef li\u1ec7u<\/p>\n<\/li>\n<\/ul>\n<p data-start=\"957\" data-end=\"1084\"><strong data-start=\"957\" data-end=\"973\">\u1ee8ng d\u1ee5ng<\/strong><br data-start=\"973\" data-end=\"976\" \/>Ki\u1ec3m k\u00ea h\u00e0ng may m\u1eb7c v\u00e0 gi\u00e0y d\u00e9p \u2022 Theo d\u00f5i gi\u1eb7t l\u00e0 v\u00e0 d\u1ec7t may \u2022 Ki\u1ec3m so\u00e1t chu\u1ed7i cung \u1ee9ng v\u00e0 ph\u00e2n ph\u1ed1i h\u00e0ng may m\u1eb7c.<\/p>\n<p data-start=\"1086\" data-end=\"1224\"><strong data-start=\"1086\" data-end=\"1111\">T\u00f9y ch\u1ecdn t\u00f9y ch\u1ec9nh<\/strong><br data-start=\"1111\" data-end=\"1114\" \/>Lo\u1ea1i chip, k\u00edch th\u01b0\u1edbc nh\u00e3n, ch\u1ea5t li\u1ec7u m\u1eb7t (nylon\/PET), h\u00ecnh \u1ea3nh minh h\u1ecda (logo\/v\u0103n b\u1ea3n\/serial\/QR) v\u00e0 m\u00e3 h\u00f3a d\u1eef li\u1ec7u \u0111\u1ea7y \u0111\u1ee7.<\/p>\n<h2 data-start=\"1226\" data-end=\"1251\">B\u1ea3ng (Th\u00f4ng s\u1ed1 k\u1ef9 thu\u1eadt)<\/h2>\n<div class=\"_tableContainer_1rjym_1\">\n<div class=\"group _tableWrapper_1rjym_13 flex w-fit flex-col-reverse\" tabindex=\"-1\">\n<table class=\"w-fit min-w-(--thread-content-width)\" data-start=\"1253\" data-end=\"3546\">\n<thead data-start=\"1253\" data-end=\"1381\">\n<tr data-start=\"1253\" data-end=\"1381\">\n<th data-start=\"1253\" data-end=\"1275\" data-col-size=\"sm\">Lo\u1ea1i<\/th>\n<th data-start=\"1275\" data-end=\"1298\" data-col-size=\"sm\">Tham s\u1ed1<\/th>\n<th data-start=\"1298\" data-end=\"1381\" data-col-size=\"md\">Gi\u00e1 tr\u1ecb<\/th>\n<\/tr>\n<\/thead>\n<tbody data-start=\"1510\" data-end=\"3546\">\n<tr data-start=\"1510\" data-end=\"1636\">\n<td data-start=\"1510\" data-end=\"1531\" data-col-size=\"sm\">S\u1ea3n ph\u1ea9m<\/td>\n<td data-start=\"1531\" data-end=\"1554\" data-col-size=\"sm\">T\u00ean<\/td>\n<td data-col-size=\"md\" data-start=\"1554\" data-end=\"1636\">Th\u1ebb nh\u00e3n ch\u0103m s\u00f3c gi\u1eb7t UHF RFID<\/td>\n<\/tr>\n<tr data-start=\"1637\" data-end=\"1763\">\n<td data-start=\"1637\" data-end=\"1658\" data-col-size=\"sm\">T\u1ea7n s\u1ed1 v\u00f4 tuy\u1ebfn<\/td>\n<td data-start=\"1658\" data-end=\"1681\" data-col-size=\"sm\">T\u00ednh th\u01b0\u1eddng xuy\u00ean<\/td>\n<td data-col-size=\"md\" data-start=\"1681\" data-end=\"1763\">860\u2013960 MHz<\/td>\n<\/tr>\n<tr data-start=\"1764\" data-end=\"1890\">\n<td data-start=\"1764\" data-end=\"1785\" data-col-size=\"sm\"><\/td>\n<td data-col-size=\"sm\" data-start=\"1785\" data-end=\"1808\">Giao th\u1ee9c<\/td>\n<td data-col-size=\"md\" data-start=\"1808\" data-end=\"1890\">ISO\/IEC 18000-6C, EPC L\u1edbp 1 Th\u1ebf h\u1ec7 2<\/td>\n<\/tr>\n<tr data-start=\"1891\" data-end=\"2017\">\n<td data-start=\"1891\" data-end=\"1912\" data-col-size=\"sm\">T\u00f9y ch\u1ecdn IC<\/td>\n<td data-col-size=\"sm\" data-start=\"1912\" data-end=\"1935\">Khoai t\u00e2y chi\u00ean<\/td>\n<td data-col-size=\"md\" data-start=\"1935\" data-end=\"2017\">NXP UCODE 8\/UCODE 9; Impinj M4QT; MR6-P<\/td>\n<\/tr>\n<tr data-start=\"2018\" data-end=\"2144\">\n<td data-start=\"2018\" data-end=\"2039\" data-col-size=\"sm\">K\u00fd \u1ee9c<\/td>\n<td data-col-size=\"sm\" data-start=\"2039\" data-end=\"2062\">EPC \/ Ng\u01b0\u1eddi d\u00f9ng \/ TID<\/td>\n<td data-col-size=\"md\" data-start=\"2062\" data-end=\"2144\">96\u2013128 bit \/ 0\u2013512 bit \/ 96 bit<\/td>\n<\/tr>\n<tr data-start=\"2145\" data-end=\"2272\">\n<td data-start=\"2145\" data-end=\"2166\" data-col-size=\"sm\"><\/td>\n<td data-col-size=\"sm\" data-start=\"2166\" data-end=\"2189\">D\u1ef1 tr\u1eef<\/td>\n<td data-col-size=\"md\" data-start=\"2189\" data-end=\"2272\">64 bit<\/td>\n<\/tr>\n<tr data-start=\"2273\" data-end=\"2399\">\n<td data-start=\"2273\" data-end=\"2294\" data-col-size=\"sm\">C\u01a1 h\u1ecdc<\/td>\n<td data-col-size=\"sm\" data-start=\"2294\" data-end=\"2317\">V\u1eadt li\u1ec7u m\u1eb7t<\/td>\n<td data-col-size=\"md\" data-start=\"2317\" data-end=\"2399\">V\u1ea3i nylon, PET ho\u1eb7c t\u00f9y ch\u1ec9nh<\/td>\n<\/tr>\n<tr data-start=\"2400\" data-end=\"2526\">\n<td data-start=\"2400\" data-end=\"2421\" data-col-size=\"sm\">K\u00edch th\u01b0\u1edbc<\/td>\n<td data-col-size=\"sm\" data-start=\"2421\" data-end=\"2444\">K\u00edch th\u01b0\u1edbc nh\u00e3n<\/td>\n<td data-col-size=\"md\" data-start=\"2444\" data-end=\"2526\">Ti\u00eau chu\u1ea9n ho\u1eb7c t\u00f9y ch\u1ec9nh (v\u00ed d\u1ee5: 64\u00d721 mm, 81\u00d730 mm)<\/td>\n<\/tr>\n<tr data-start=\"2527\" data-end=\"2653\">\n<td data-start=\"2527\" data-end=\"2548\" data-col-size=\"sm\">Hi\u1ec7u su\u1ea5t<\/td>\n<td data-col-size=\"sm\" data-start=\"2548\" data-end=\"2571\">Kho\u1ea3ng c\u00e1ch \u0111\u1ecdc<\/td>\n<td data-col-size=\"md\" data-start=\"2571\" data-end=\"2653\">0\u20138 m (ph\u1ee5 thu\u1ed9c v\u00e0o ng\u01b0\u1eddi \u0111\u1ecdc, m\u00f4i tr\u01b0\u1eddng v\u00e0 trang ph\u1ee5c)<\/td>\n<\/tr>\n<tr data-start=\"2654\" data-end=\"2780\">\n<td data-start=\"2654\" data-end=\"2675\" data-col-size=\"sm\">V\u00f2ng \u0111\u1eddi<\/td>\n<td data-col-size=\"sm\" data-start=\"2675\" data-end=\"2698\">C\u00f3 th\u1ec3 ghi l\u1ea1i\/Gi\u1eef l\u1ea1i<\/td>\n<td data-col-size=\"md\" data-start=\"2698\" data-end=\"2780\">L\u00ean \u0111\u1ebfn 100.000 l\u1ea7n ghi; l\u01b0u gi\u1eef d\u1eef li\u1ec7u &gt;50 n\u0103m<\/td>\n<\/tr>\n<tr data-start=\"2781\" data-end=\"2908\">\n<td data-start=\"2781\" data-end=\"2802\" data-col-size=\"sm\">M\u00f4i tr\u01b0\u1eddng<\/td>\n<td data-col-size=\"sm\" data-start=\"2802\" data-end=\"2825\">Nhi\u1ec7t \u0111\u1ed9 ho\u1ea1t \u0111\u1ed9ng\/RH<\/td>\n<td data-col-size=\"md\" data-start=\"2825\" data-end=\"2908\">0\u201360 \u2103 \/ 20\u201380% RH<\/td>\n<\/tr>\n<tr data-start=\"2909\" data-end=\"3036\">\n<td data-start=\"2909\" data-end=\"2930\" data-col-size=\"sm\"><\/td>\n<td data-col-size=\"sm\" data-start=\"2930\" data-end=\"2953\">Nhi\u1ec7t \u0111\u1ed9 l\u01b0u tr\u1eef\/RH<\/td>\n<td data-col-size=\"md\" data-start=\"2953\" data-end=\"3036\">20\u201330 \u2103 \/ 20\u201360% RH<\/td>\n<\/tr>\n<tr data-start=\"3037\" data-end=\"3163\">\n<td data-start=\"3037\" data-end=\"3058\" data-col-size=\"sm\">S\u1ea3n xu\u1ea5t<\/td>\n<td data-start=\"3058\" data-end=\"3081\" data-col-size=\"sm\">Ph\u01b0\u01a1ng ph\u00e1p in<\/td>\n<td data-col-size=\"md\" data-start=\"3081\" data-end=\"3163\">Chuy\u1ec3n nhi\u1ec7t, in l\u1ee5a, c\u00e1c lo\u1ea1i kh\u00e1c<\/td>\n<\/tr>\n<tr data-start=\"3164\" data-end=\"3291\">\n<td data-start=\"3164\" data-end=\"3185\" data-col-size=\"sm\">T\u00edch h\u1ee3p<\/td>\n<td data-col-size=\"sm\" data-start=\"3185\" data-end=\"3208\">\u0110\u00ednh k\u00e8m<\/td>\n<td data-col-size=\"md\" data-start=\"3208\" data-end=\"3291\">C\u00f3 th\u1ec3 may v\u00e0o qu\u1ea7n \u00e1o<\/td>\n<\/tr>\n<tr data-start=\"3292\" data-end=\"3418\">\n<td data-start=\"3292\" data-end=\"3313\" data-col-size=\"sm\">Nh\u1eefng l\u1ee3i \u00edch<\/td>\n<td data-col-size=\"sm\" data-start=\"3313\" data-end=\"3336\">\u0110i\u1ec3m n\u1ed5i b\u1eadt<\/td>\n<td data-col-size=\"md\" data-start=\"3336\" data-end=\"3418\">\u0110\u1ecdc nhanh nhi\u1ec1u l\u1ea7n, c\u00f3 th\u1ec3 gi\u1eb7t v\u00e0 b\u1ec1n, c\u00f3 th\u1ec3 truy xu\u1ea5t ngu\u1ed3n g\u1ed1c v\u00e0 qu\u1ea3n l\u00fd h\u00e0ng t\u1ed3n kho<\/td>\n<\/tr>\n<tr data-start=\"3419\" data-end=\"3546\">\n<td data-start=\"3419\" data-end=\"3440\" data-col-size=\"sm\">C\u00e1c tr\u01b0\u1eddng h\u1ee3p s\u1eed d\u1ee5ng<\/td>\n<td data-col-size=\"sm\" data-start=\"3440\" data-end=\"3463\">\u1ee8ng d\u1ee5ng<\/td>\n<td data-col-size=\"md\" data-start=\"3463\" data-end=\"3546\">Qu\u1ea3n l\u00fd qu\u1ea7n \u00e1o &amp; gi\u00e0y d\u00e9p; theo d\u00f5i gi\u1eb7t l\u00e0 &amp; d\u1ec7t may; ki\u1ec3m so\u00e1t chu\u1ed7i cung \u1ee9ng<\/td>\n<\/tr>\n<\/tbody>\n<\/table>\n<\/div>\n<\/div>","protected":false},"excerpt":{"rendered":"<p>Nh\u00e3n ch\u0103m s\u00f3c qu\u1ea7n \u00e1o UHF RFID b\u1ec1n, c\u00f3 th\u1ec3 kh\u00e2u \u0111\u01b0\u1ee3c b\u1eb1ng nylon ho\u1eb7c PET\u2014EPC Gen2, \u0111\u1ecdc 0\u20138 m, ghi l\u1ea1i t\u1edbi 100.000 l\u1ea7n v\u00e0 l\u01b0u gi\u1eef &gt;50 n\u0103m \u0111\u1ec3 theo d\u00f5i qu\u1ea7n \u00e1o, gi\u1eb7t l\u00e0 v\u00e0 chu\u1ed7i cung \u1ee9ng.<\/p>","protected":false},"featured_media":812,"template":"","meta":{"_gspb_post_css":""},"product_brand":[],"product_cat":[22],"product_tag":[],"class_list":{"0":"post-811","1":"product","2":"type-product","3":"status-publish","4":"has-post-thumbnail","6":"product_cat-rfid-wash-care-labels","8":"first","9":"instock","10":"shipping-taxable","11":"purchasable","12":"product-type-simple"},"_links":{"self":[{"href":"https:\/\/www.cxjsmartcard.com\/vi\/wp-json\/wp\/v2\/product\/811","targetHints":{"allow":["GET"]}}],"collection":[{"href":"https:\/\/www.cxjsmartcard.com\/vi\/wp-json\/wp\/v2\/product"}],"about":[{"href":"https:\/\/www.cxjsmartcard.com\/vi\/wp-json\/wp\/v2\/types\/product"}],"wp:featuredmedia":[{"embeddable":true,"href":"https:\/\/www.cxjsmartcard.com\/vi\/wp-json\/wp\/v2\/media\/812"}],"wp:attachment":[{"href":"https:\/\/www.cxjsmartcard.com\/vi\/wp-json\/wp\/v2\/media?parent=811"}],"wp:term":[{"taxonomy":"product_brand","embeddable":true,"href":"https:\/\/www.cxjsmartcard.com\/vi\/wp-json\/wp\/v2\/product_brand?post=811"},{"taxonomy":"product_cat","embeddable":true,"href":"https:\/\/www.cxjsmartcard.com\/vi\/wp-json\/wp\/v2\/product_cat?post=811"},{"taxonomy":"product_tag","embeddable":true,"href":"https:\/\/www.cxjsmartcard.com\/vi\/wp-json\/wp\/v2\/product_tag?post=811"}],"curies":[{"name":"trang web","href":"https:\/\/api.w.org\/{rel}","templated":true}]}}