{"id":806,"date":"2025-11-03T07:59:45","date_gmt":"2025-11-03T07:59:45","guid":{"rendered":"https:\/\/www.cxjsmartcard.com\/?post_type=product&#038;p=806"},"modified":"2025-12-29T01:27:09","modified_gmt":"2025-12-29T01:27:09","slug":"custom-clothing-uhf-wash-care-labels-for-retail-apparel","status":"publish","type":"product","link":"https:\/\/www.cxjsmartcard.com\/vi\/custom-clothing-uhf-wash-care-labels-for-retail-apparel\/","title":{"rendered":"Nh\u00e3n ch\u0103m s\u00f3c gi\u1eb7t UHF t\u00f9y ch\u1ec9nh cho qu\u1ea7n \u00e1o b\u00e1n l\u1ebb"},"content":{"rendered":"<p data-start=\"67\" data-end=\"422\">Nh\u00e3n ch\u0103m s\u00f3c qu\u1ea7n \u00e1o UHF tr\u00f4ng v\u00e0 c\u1ea3m nh\u1eadn gi\u1ed1ng nh\u01b0 nh\u00e3n ch\u0103m s\u00f3c v\u1ea3i th\u00f4ng th\u01b0\u1eddng nh\u01b0ng \u0111\u01b0\u1ee3c t\u00edch h\u1ee3p chip RFID gi\u00fap theo d\u00f5i qu\u1ea7n \u00e1o nhanh ch\u00f3ng v\u00e0 ch\u00ednh x\u00e1c. M\u1ec1m m\u1ea1i v\u00e0 linh ho\u1ea1t, nh\u00e3n n\u00e0y t\u1ea1o c\u1ea3m gi\u00e1c tho\u1ea3i m\u00e1i khi \u0111eo v\u00e0 cho ph\u00e9p qu\u00e9t h\u00e0ng lo\u1ea1t nhanh ch\u00f3ng trong qu\u00e1 tr\u00ecnh ki\u1ec3m tra h\u00e0ng t\u1ed3n kho, ti\u1ebfp nh\u1eadn v\u00e0 ph\u00e2n ph\u1ed1i \u0111\u1ed3 gi\u1eb7t, gi\u00fap ti\u1ebft ki\u1ec7m th\u1eddi gian v\u00e0 gi\u1ea3m thi\u1ec3u th\u1ea5t tho\u00e1t.<\/p>\n<p data-start=\"424\" data-end=\"442\"><strong data-start=\"424\" data-end=\"440\">T\u1ea1i sao n\u00f3 ho\u1ea1t \u0111\u1ed9ng<\/strong><\/p>\n<ul data-start=\"443\" data-end=\"811\">\n<li data-start=\"443\" data-end=\"525\">\n<p data-start=\"445\" data-end=\"525\"><strong data-start=\"445\" data-end=\"465\">Ph\u1ea1m vi \u0111\u1ecdc d\u00e0i:<\/strong> L\u00ean \u0111\u1ebfn ~6 m tr\u00ean h\u1ec7 th\u1ed1ng UHF ti\u00eau chu\u1ea9n \u0111\u1ec3 qu\u00e9t h\u00e0ng lo\u1ea1t nhanh ch\u00f3ng.<\/p>\n<\/li>\n<li data-start=\"526\" data-end=\"609\">\n<p data-start=\"528\" data-end=\"609\"><strong data-start=\"528\" data-end=\"557\">Nh\u1ecf, m\u1ec1m v\u00e0 b\u1ec1n:<\/strong> Ch\u1ecbu \u0111\u01b0\u1ee3c qu\u00e1 tr\u00ecnh gi\u1eb7t c\u00f4ng nghi\u1ec7p v\u00e0 nhi\u1ec7t \u0111\u1ed9 cao.<\/p>\n<\/li>\n<li data-start=\"610\" data-end=\"710\">\n<p data-start=\"612\" data-end=\"710\"><strong data-start=\"612\" data-end=\"635\">Ti\u00eau chu\u1ea9n th\u00e2n thi\u1ec7n:<\/strong> Ho\u1ea1t \u0111\u1ed9ng v\u1edbi c\u00e1c \u0111\u1ea7u \u0111\u1ecdc UHF th\u00f4ng d\u1ee5ng v\u00e0 ph\u1ea7n m\u1ec1m trung gian \u0111\u01b0\u1ee3c s\u1eed d\u1ee5ng trong b\u00e1n l\u1ebb v\u00e0 gi\u1eb7t l\u00e0.<\/p>\n<\/li>\n<li data-start=\"711\" data-end=\"811\">\n<p data-start=\"713\" data-end=\"811\"><strong data-start=\"713\" data-end=\"736\">Ho\u1ea1t \u0111\u1ed9ng th\u00f4ng minh h\u01a1n:<\/strong> C\u1ea3i thi\u1ec7n kh\u1ea3 n\u0103ng hi\u1ec3n th\u1ecb h\u00e0ng t\u1ed3n kho, gi\u1ea3m hao h\u1ee5t v\u00e0 t\u0103ng t\u1ed1c \u0111\u1ed9 ki\u1ec3m k\u00ea theo chu k\u1ef3.<\/p>\n<\/li>\n<\/ul>\n<p data-start=\"813\" data-end=\"936\"><strong data-start=\"813\" data-end=\"826\">C\u00e1c tr\u01b0\u1eddng h\u1ee3p s\u1eed d\u1ee5ng<\/strong><br data-start=\"826\" data-end=\"829\" \/>Ki\u1ec3m to\u00e1n kho b\u00e1n l\u1ebb \u2022 Theo d\u00f5i \u0111\u1ed3ng ph\u1ee5c v\u00e0 v\u1ea3i lanh \u2022 Gi\u1eb7t l\u00e0 kh\u00e1ch s\u1ea1n v\u00e0 b\u1ec7nh vi\u1ec7n \u2022 Qu\u1ea7n \u00e1o cho thu\u00ea v\u00e0 \u0111\u1ed3 b\u1ea3o h\u1ed9 lao \u0111\u1ed9ng.<\/p>\n<p data-start=\"938\" data-end=\"1113\"><strong data-start=\"938\" data-end=\"961\">T\u00f9y ch\u1ecdn &amp; ho\u00e0n thi\u1ec7n<\/strong><br data-start=\"961\" data-end=\"964\" \/>C\u1ea5u tr\u00fac g\u1ea5p gi\u1eefa ho\u1eb7c g\u1ea5p cu\u1ed1i; c\u1eaft c\u1ea1nh b\u1eb1ng nhi\u1ec7t, laser ho\u1eb7c si\u00eau \u00e2m. Logo, k\u00edch th\u01b0\u1edbc, m\u00e0u s\u1eafc v\u00e0 ch\u1ea5t li\u1ec7u \u0111\u1ebf t\u00f9y ch\u1ec9nh theo ti\u00eau chu\u1ea9n th\u01b0\u01a1ng hi\u1ec7u.<\/p>\n<p data-start=\"1115\" data-end=\"1453\"><strong data-start=\"1115\" data-end=\"1123\">C\u00e2u h\u1ecfi th\u01b0\u1eddng g\u1eb7p<\/strong><br data-start=\"1123\" data-end=\"1126\" \/><strong data-start=\"1126\" data-end=\"1161\">C\u00e2u h\u1ecfi 1: Nh\u1eefng s\u1ea3n ph\u1ea9m n\u00e0y c\u00f3 th\u1ec3 gi\u1eb7t b\u1eb1ng m\u00e1y \u0111\u01b0\u1ee3c kh\u00f4ng?<\/strong> C\u00f3\u2014\u0111\u01b0\u1ee3c thi\u1ebft k\u1ebf cho h\u01a1n 200 chu tr\u00ecnh gi\u1eb7t\/s\u1ea5y.<br data-start=\"1202\" data-end=\"1205\" \/><strong data-start=\"1205\" data-end=\"1246\">C\u00e2u h\u1ecfi 2: Ch\u00fang c\u00f3 ho\u1ea1t \u0111\u1ed9ng \u0111\u01b0\u1ee3c trong h\u1ec7 th\u1ed1ng RFID c\u1ee7a t\u00f4i kh\u00f4ng?<\/strong> C\u00f3\u2014t\u01b0\u01a1ng th\u00edch v\u1edbi c\u00e1c n\u1ec1n t\u1ea3ng UHF ch\u00ednh th\u1ed1ng.<br data-start=\"1291\" data-end=\"1294\" \/><strong data-start=\"1294\" data-end=\"1323\">Q3: B\u1ea1n c\u00f3 cung c\u1ea5p m\u1eabu kh\u00f4ng?<\/strong> C\u00f3\u2014m\u1eabu mi\u1ec5n ph\u00ed, th\u1eddi gian giao h\u00e0ng th\u00f4ng th\u01b0\u1eddng l\u00e0 7 ng\u00e0y.<br data-start=\"1366\" data-end=\"1369\" \/><strong data-start=\"1369\" data-end=\"1399\">C\u00e2u 4: Ch\u00fang \u0111\u01b0\u1ee3c g\u1eafn nh\u01b0 th\u1ebf n\u00e0o?<\/strong> May nh\u01b0 nh\u00e3n ch\u0103m s\u00f3c th\u00f4ng th\u01b0\u1eddng (g\u1ea5p \u1edf gi\u1eefa ho\u1eb7c g\u1ea5p \u1edf cu\u1ed1i).<\/p>\n<h2 data-start=\"1455\" data-end=\"1480\">B\u1ea3ng (Th\u00f4ng s\u1ed1 k\u1ef9 thu\u1eadt)<\/h2>\n<div class=\"_tableContainer_1rjym_1\">\n<div class=\"group _tableWrapper_1rjym_13 flex w-fit flex-col-reverse\" tabindex=\"-1\">\n<table class=\"w-fit min-w-(--thread-content-width)\" data-start=\"1482\" data-end=\"2735\">\n<thead data-start=\"1482\" data-end=\"1564\">\n<tr data-start=\"1482\" data-end=\"1564\">\n<th data-start=\"1482\" data-end=\"1501\" data-col-size=\"sm\">Lo\u1ea1i<\/th>\n<th data-start=\"1501\" data-end=\"1524\" data-col-size=\"sm\">Tham s\u1ed1<\/th>\n<th data-start=\"1524\" data-end=\"1564\" data-col-size=\"md\">Gi\u00e1 tr\u1ecb<\/th>\n<\/tr>\n<\/thead>\n<tbody data-start=\"1648\" data-end=\"2735\">\n<tr data-start=\"1648\" data-end=\"1730\">\n<td data-start=\"1648\" data-end=\"1667\" data-col-size=\"sm\">S\u1ea3n ph\u1ea9m<\/td>\n<td data-col-size=\"sm\" data-start=\"1667\" data-end=\"1690\">Ki\u1ec3u<\/td>\n<td data-col-size=\"md\" data-start=\"1690\" data-end=\"1730\">Nh\u00e3n RFID UHF ch\u0103m s\u00f3c gi\u1eb7t<\/td>\n<\/tr>\n<tr data-start=\"1731\" data-end=\"1813\">\n<td data-start=\"1731\" data-end=\"1750\" data-col-size=\"sm\">T\u1ea7n s\u1ed1 v\u00f4 tuy\u1ebfn<\/td>\n<td data-col-size=\"sm\" data-start=\"1750\" data-end=\"1773\">T\u00ednh th\u01b0\u1eddng xuy\u00ean<\/td>\n<td data-col-size=\"md\" data-start=\"1773\" data-end=\"1813\">860\u2013960 MHz<\/td>\n<\/tr>\n<tr data-start=\"1814\" data-end=\"1896\">\n<td data-start=\"1814\" data-end=\"1833\" data-col-size=\"sm\">Chip<\/td>\n<td data-col-size=\"sm\" data-start=\"1833\" data-end=\"1856\">T\u00f9y ch\u1ecdn<\/td>\n<td data-col-size=\"md\" data-start=\"1856\" data-end=\"1896\">U8 \/ U9 \/ T\u00f9y ch\u1ec9nh<\/td>\n<\/tr>\n<tr data-start=\"1897\" data-end=\"1979\">\n<td data-start=\"1897\" data-end=\"1916\" data-col-size=\"sm\">Hi\u1ec7u su\u1ea5t<\/td>\n<td data-start=\"1916\" data-end=\"1939\" data-col-size=\"sm\">Ph\u1ea1m vi \u0111\u1ecdc<\/td>\n<td data-col-size=\"md\" data-start=\"1939\" data-end=\"1979\">L\u00ean \u0111\u1ebfn 6 m\u00e9t<\/td>\n<\/tr>\n<tr data-start=\"1980\" data-end=\"2062\">\n<td data-start=\"1980\" data-end=\"1999\" data-col-size=\"sm\">T\u00ednh n\u0103ng \u0111\u1eb7c bi\u1ec7t<\/td>\n<td data-col-size=\"sm\" data-start=\"1999\" data-end=\"2022\">\u0110\u1ed9 b\u1ec1n<\/td>\n<td data-col-size=\"md\" data-start=\"2022\" data-end=\"2062\">C\u00f3 th\u1ec3 gi\u1eb7t \u0111\u01b0\u1ee3c; ch\u1ecbu \u0111\u01b0\u1ee3c nhi\u1ec7t \u0111\u1ed9 cao<\/td>\n<\/tr>\n<tr data-start=\"2063\" data-end=\"2153\">\n<td data-start=\"2063\" data-end=\"2082\" data-col-size=\"sm\">\u1ee8ng d\u1ee5ng<\/td>\n<td data-col-size=\"sm\" data-start=\"2082\" data-end=\"2105\">Khu v\u1ef1c<\/td>\n<td data-col-size=\"md\" data-start=\"2105\" data-end=\"2153\">Qu\u1ea7n \u00e1o, \u0111\u1ed3ng ph\u1ee5c, v\u1ea3i lanh; b\u00e1n l\u1ebb v\u00e0 gi\u1eb7t \u1ee7i<\/td>\n<\/tr>\n<tr data-start=\"2154\" data-end=\"2236\">\n<td data-start=\"2154\" data-end=\"2173\" data-col-size=\"sm\">Ch\u1ee9c n\u0103ng<\/td>\n<td data-col-size=\"sm\" data-start=\"2173\" data-end=\"2196\">M\u1ee5c \u0111\u00edch<\/td>\n<td data-col-size=\"md\" data-start=\"2196\" data-end=\"2236\">Qu\u1ea3n l\u00fd t\u00e0i s\u1ea3n v\u00e0 h\u00e0ng t\u1ed3n kho<\/td>\n<\/tr>\n<tr data-start=\"2237\" data-end=\"2319\">\n<td data-start=\"2237\" data-end=\"2256\" data-col-size=\"sm\">S\u1ef1 thi c\u00f4ng<\/td>\n<td data-col-size=\"sm\" data-start=\"2256\" data-end=\"2279\">Ki\u1ec3u g\u1ea5p<\/td>\n<td data-col-size=\"md\" data-start=\"2279\" data-end=\"2319\">G\u1ea5p gi\u1eefa \/ G\u1ea5p cu\u1ed1i<\/td>\n<\/tr>\n<tr data-start=\"2320\" data-end=\"2403\">\n<td data-start=\"2320\" data-end=\"2339\" data-col-size=\"sm\">Ho\u00e0n thi\u1ec7n<\/td>\n<td data-col-size=\"sm\" data-start=\"2339\" data-end=\"2362\">Ho\u00e0n thi\u1ec7n c\u1ea1nh<\/td>\n<td data-col-size=\"md\" data-start=\"2362\" data-end=\"2403\">C\u1eaft nhi\u1ec7t \/ C\u1eaft laser \/ C\u1eaft si\u00eau \u00e2m<\/td>\n<\/tr>\n<tr data-start=\"2404\" data-end=\"2486\">\n<td data-start=\"2404\" data-end=\"2423\" data-col-size=\"sm\">X\u00e2y d\u1ef1ng th\u01b0\u01a1ng hi\u1ec7u<\/td>\n<td data-col-size=\"sm\" data-start=\"2423\" data-end=\"2446\">T\u00f9y ch\u1ec9nh<\/td>\n<td data-col-size=\"md\" data-start=\"2446\" data-end=\"2486\">Logo, k\u00edch th\u01b0\u1edbc, m\u00e0u s\u1eafc, ch\u1ea5t li\u1ec7u<\/td>\n<\/tr>\n<tr data-start=\"2487\" data-end=\"2569\">\n<td data-start=\"2487\" data-end=\"2506\" data-col-size=\"sm\">Ngu\u1ed3n g\u1ed1c<\/td>\n<td data-col-size=\"sm\" data-start=\"2506\" data-end=\"2529\">V\u1ecb tr\u00ed<\/td>\n<td data-col-size=\"md\" data-start=\"2529\" data-end=\"2569\">Qu\u1ea3ng \u0110\u00f4ng, Trung Qu\u1ed1c<\/td>\n<\/tr>\n<tr data-start=\"2570\" data-end=\"2652\">\n<td data-start=\"2570\" data-end=\"2589\" data-col-size=\"sm\">Th\u1eddi gian giao h\u00e0ng<\/td>\n<td data-start=\"2589\" data-end=\"2612\" data-col-size=\"sm\">Th\u1eddi gian giao h\u00e0ng<\/td>\n<td data-col-size=\"md\" data-start=\"2612\" data-end=\"2652\">5\u20138 ng\u00e0y<\/td>\n<\/tr>\n<tr data-start=\"2653\" data-end=\"2735\">\n<td data-start=\"2653\" data-end=\"2672\" data-col-size=\"sm\">L\u1ea5y m\u1eabu<\/td>\n<td data-col-size=\"sm\" data-start=\"2672\" data-end=\"2695\">Th\u1eddi gian d\u1eabn m\u1eabu<\/td>\n<td data-col-size=\"md\" data-start=\"2695\" data-end=\"2735\">7 ng\u00e0y; c\u00f3 s\u1eb5n m\u1eabu mi\u1ec5n ph\u00ed<\/td>\n<\/tr>\n<\/tbody>\n<\/table>\n<\/div>\n<\/div>","protected":false},"excerpt":{"rendered":"<p>Nh\u00e3n ch\u0103m s\u00f3c qu\u1ea7n \u00e1o UHF m\u1ec1m m\u1ea1i t\u00edch h\u1ee3p RFID \u0111\u1ec3 qu\u00e9t h\u00e0ng lo\u1ea1t nhanh ch\u00f3ng\u2014c\u00f3 th\u1ec3 gi\u1eb7t \u0111\u01b0\u1ee3c, ch\u1ecbu nhi\u1ec7t v\u00e0 s\u1eb5n s\u00e0ng g\u1eafn nh\u00e3n hi\u1ec7u cho qu\u1ea7n \u00e1o, \u0111\u1ed3ng ph\u1ee5c v\u00e0 kh\u0103n tr\u1ea3i gi\u01b0\u1eddng.<\/p>","protected":false},"featured_media":810,"template":"","meta":{"_gspb_post_css":""},"product_brand":[],"product_cat":[22],"product_tag":[],"class_list":{"0":"post-806","1":"product","2":"type-product","3":"status-publish","4":"has-post-thumbnail","6":"product_cat-rfid-wash-care-labels","8":"first","9":"instock","10":"shipping-taxable","11":"purchasable","12":"product-type-simple"},"_links":{"self":[{"href":"https:\/\/www.cxjsmartcard.com\/vi\/wp-json\/wp\/v2\/product\/806","targetHints":{"allow":["GET"]}}],"collection":[{"href":"https:\/\/www.cxjsmartcard.com\/vi\/wp-json\/wp\/v2\/product"}],"about":[{"href":"https:\/\/www.cxjsmartcard.com\/vi\/wp-json\/wp\/v2\/types\/product"}],"wp:featuredmedia":[{"embeddable":true,"href":"https:\/\/www.cxjsmartcard.com\/vi\/wp-json\/wp\/v2\/media\/810"}],"wp:attachment":[{"href":"https:\/\/www.cxjsmartcard.com\/vi\/wp-json\/wp\/v2\/media?parent=806"}],"wp:term":[{"taxonomy":"product_brand","embeddable":true,"href":"https:\/\/www.cxjsmartcard.com\/vi\/wp-json\/wp\/v2\/product_brand?post=806"},{"taxonomy":"product_cat","embeddable":true,"href":"https:\/\/www.cxjsmartcard.com\/vi\/wp-json\/wp\/v2\/product_cat?post=806"},{"taxonomy":"product_tag","embeddable":true,"href":"https:\/\/www.cxjsmartcard.com\/vi\/wp-json\/wp\/v2\/product_tag?post=806"}],"curies":[{"name":"trang web","href":"https:\/\/api.w.org\/{rel}","templated":true}]}}