{"id":801,"date":"2025-11-03T07:55:36","date_gmt":"2025-11-03T07:55:36","guid":{"rendered":"https:\/\/www.cxjsmartcard.com\/?post_type=product&#038;p=801"},"modified":"2025-12-29T01:27:09","modified_gmt":"2025-12-29T01:27:09","slug":"printable-fabric-ntag213-nfc-elastic-rfid-bracelet","status":"publish","type":"product","link":"https:\/\/www.cxjsmartcard.com\/vi\/printable-fabric-ntag213-nfc-elastic-rfid-bracelet\/","title":{"rendered":"V\u00f2ng \u0111eo tay RFID \u0111\u00e0n h\u1ed3i NFC NTAG213 b\u1eb1ng v\u1ea3i c\u00f3 th\u1ec3 in"},"content":{"rendered":"<p data-start=\"63\" data-end=\"246\">V\u00f2ng \u0111eo tay v\u1ea3i \u0111\u00e0n h\u1ed3i t\u00edch h\u1ee3p NTAG213 (HF 13,56 MHz) d\u00f9ng \u0111\u1ec3 ki\u1ec3m so\u00e1t ra v\u00e0o v\u00e0 s\u1eed d\u1ee5ng kh\u00f4ng d\u00f9ng ti\u1ec1n m\u1eb7t t\u1ea1i c\u00e1c s\u1ef1 ki\u1ec7n. D\u00e2y \u0111eo ch\u1ed1ng n\u01b0\u1edbc, c\u00f3 th\u1ec3 t\u00e1i s\u1eed d\u1ee5ng v\u00e0 tho\u1ea3i m\u00e1i khi \u0111eo trong th\u1eddi gian d\u00e0i.<\/p>\n<p data-start=\"248\" data-end=\"262\"><strong data-start=\"248\" data-end=\"260\">\u0110\u1eb7c tr\u01b0ng<\/strong><\/p>\n<ul data-start=\"263\" data-end=\"444\">\n<li data-start=\"263\" data-end=\"289\">\n<p data-start=\"265\" data-end=\"289\">B\u1ec1n v\u00e0 kh\u00f4ng th\u1ea5m n\u01b0\u1edbc<\/p>\n<\/li>\n<li data-start=\"290\" data-end=\"343\">\n<p data-start=\"292\" data-end=\"343\">V\u1eeba v\u1eb7n \u0111\u00e0n h\u1ed3i; c\u00f3 th\u1ec3 \u0111i\u1ec1u ch\u1ec9nh cho nhi\u1ec1u k\u00edch c\u1ee1 c\u1ed5 tay kh\u00e1c nhau<\/p>\n<\/li>\n<li data-start=\"344\" data-end=\"396\">\n<p data-start=\"346\" data-end=\"396\">C\u00f3 th\u1ec3 t\u00e1i s\u1eed d\u1ee5ng; m\u1ec1m m\u1ea1i v\u00e0 tho\u1ea3i m\u00e1i cho nh\u1eefng bu\u1ed5i t\u1eadp d\u00e0i<\/p>\n<\/li>\n<li data-start=\"397\" data-end=\"444\">\n<p data-start=\"399\" data-end=\"444\">Khu v\u1ef1c th\u1ebb\/mi\u1ebfng d\u00e1n c\u00f3 th\u1ec3 in \u0111\u1ec3 \u0111\u1ef1ng ID ho\u1eb7c nh\u00e3n hi\u1ec7u<\/p>\n<\/li>\n<\/ul>\n<p data-start=\"446\" data-end=\"627\"><strong data-start=\"446\" data-end=\"463\">T\u00f9y ch\u1ec9nh<\/strong><br data-start=\"463\" data-end=\"466\" \/>M\u00e0u s\u1eafc, logo, s\u1ed1 s\u00ea-ri, m\u00e3 QR v\u00e0 th\u00f4ng tin chi ti\u1ebft v\u1ec1 s\u1ef1 ki\u1ec7n. C\u00e1c ph\u01b0\u01a1ng ph\u00e1p \u0111\u01b0\u1ee3c h\u1ed7 tr\u1ee3: d\u1ec7t, in chuy\u1ec3n nhi\u1ec7t, in l\u1ee5a; t\u00f9y ch\u1ecdn kh\u1eafc laser ho\u1eb7c in UV.<\/p>\n<p data-start=\"629\" data-end=\"755\"><strong data-start=\"629\" data-end=\"645\">\u1ee8ng d\u1ee5ng<\/strong><br data-start=\"645\" data-end=\"648\" \/>Khu ngh\u1ec9 d\u01b0\u1ee1ng, qu\u00e1n bar, ti\u1ec7c t\u00f9ng, tri\u1ec3n l\u00e3m, h\u1ed9i ngh\u1ecb, s\u1ef1 ki\u1ec7n th\u1ec3 thao, h\u00f2a nh\u1ea1c, \u0111\u1ecba \u0111i\u1ec3m giao l\u01b0u v\u00e0 h\u1ed9p \u0111\u00eam.<\/p>\n<h2 data-start=\"757\" data-end=\"782\">B\u1ea3ng (Th\u00f4ng s\u1ed1 k\u1ef9 thu\u1eadt)<\/h2>\n<div class=\"_tableContainer_1rjym_1\">\n<div class=\"group _tableWrapper_1rjym_13 flex w-fit flex-col-reverse\" tabindex=\"-1\">\n<table class=\"w-fit min-w-(--thread-content-width)\" data-start=\"784\" data-end=\"2223\">\n<thead data-start=\"784\" data-end=\"903\">\n<tr data-start=\"784\" data-end=\"903\">\n<th data-start=\"784\" data-end=\"802\" data-col-size=\"sm\">Lo\u1ea1i<\/th>\n<th data-start=\"802\" data-end=\"830\" data-col-size=\"sm\">Tham s\u1ed1<\/th>\n<th data-start=\"830\" data-end=\"903\" data-col-size=\"md\">Gi\u00e1 tr\u1ecb<\/th>\n<\/tr>\n<\/thead>\n<tbody data-start=\"1024\" data-end=\"2223\">\n<tr data-start=\"1024\" data-end=\"1143\">\n<td data-start=\"1024\" data-end=\"1042\" data-col-size=\"sm\">S\u1ea3n ph\u1ea9m<\/td>\n<td data-start=\"1042\" data-end=\"1070\" data-col-size=\"sm\">T\u00ean<\/td>\n<td data-col-size=\"md\" data-start=\"1070\" data-end=\"1143\">V\u00f2ng \u0111eo tay RFID \u0111\u00e0n h\u1ed3i NFC NTAG 213 b\u1eb1ng v\u1ea3i c\u00f3 th\u1ec3 in<\/td>\n<\/tr>\n<tr data-start=\"1144\" data-end=\"1263\">\n<td data-start=\"1144\" data-end=\"1162\" data-col-size=\"sm\">\u0110\u1eb7c tr\u01b0ng<\/td>\n<td data-start=\"1162\" data-end=\"1190\" data-col-size=\"sm\">Thu\u1ed9c t\u00ednh<\/td>\n<td data-col-size=\"md\" data-start=\"1190\" data-end=\"1263\">Kh\u00f4ng th\u1ea5m n\u01b0\u1edbc, c\u00f3 th\u1ec3 t\u00e1i s\u1eed d\u1ee5ng, m\u1ec1m m\u1ea1i, tho\u1ea3i m\u00e1i<\/td>\n<\/tr>\n<tr data-start=\"1264\" data-end=\"1383\">\n<td data-start=\"1264\" data-end=\"1282\" data-col-size=\"sm\">K\u00edch th\u01b0\u1edbc<\/td>\n<td data-col-size=\"sm\" data-start=\"1282\" data-end=\"1310\">T\u00f9y ch\u1ecdn chi\u1ec1u r\u1ed9ng<\/td>\n<td data-col-size=\"md\" data-start=\"1310\" data-end=\"1383\">15 mm \/ 20 mm \/ 25 mm<\/td>\n<\/tr>\n<tr data-start=\"1384\" data-end=\"1503\">\n<td data-start=\"1384\" data-end=\"1402\" data-col-size=\"sm\"><\/td>\n<td data-col-size=\"sm\" data-start=\"1402\" data-end=\"1430\">Ph\u1ea1m vi chi\u1ec1u d\u00e0i<\/td>\n<td data-col-size=\"md\" data-start=\"1430\" data-end=\"1503\">145\u2013210 mm (c\u00f3 th\u1ec3 t\u00f9y ch\u1ec9nh)<\/td>\n<\/tr>\n<tr data-start=\"1504\" data-end=\"1623\">\n<td data-start=\"1504\" data-end=\"1522\" data-col-size=\"sm\"><\/td>\n<td data-col-size=\"sm\" data-start=\"1522\" data-end=\"1550\">K\u00edch th\u01b0\u1edbc \u0111\u1ec1 xu\u1ea5t<\/td>\n<td data-col-size=\"md\" data-start=\"1550\" data-end=\"1623\">25\u00d7145 mm (tr\u1ebb em) \u2022 25\u00d7160 mm (thanh thi\u1ebfu ni\u00ean) \u2022 25\u00d7180 mm (ng\u01b0\u1eddi l\u1edbn)<\/td>\n<\/tr>\n<tr data-start=\"1624\" data-end=\"1743\">\n<td data-start=\"1624\" data-end=\"1642\" data-col-size=\"sm\">C\u00e1 nh\u00e2n h\u00f3a<\/td>\n<td data-col-size=\"sm\" data-start=\"1642\" data-end=\"1670\">T\u00f9y ch\u1ecdn t\u00f9y ch\u1ec9nh<\/td>\n<td data-col-size=\"md\" data-start=\"1670\" data-end=\"1743\">Logo, in \u1ea5n, k\u00edch th\u01b0\u1edbc<\/td>\n<\/tr>\n<tr data-start=\"1744\" data-end=\"1863\">\n<td data-start=\"1744\" data-end=\"1762\" data-col-size=\"sm\">Th\u1ee7 c\u00f4ng m\u1ef9 ngh\u1ec7<\/td>\n<td data-col-size=\"sm\" data-start=\"1762\" data-end=\"1790\">Ph\u01b0\u01a1ng ph\u00e1p<\/td>\n<td data-col-size=\"md\" data-start=\"1790\" data-end=\"1863\">D\u1ec7t, in chuy\u1ec3n nhi\u1ec7t, in l\u1ee5a<\/td>\n<\/tr>\n<tr data-start=\"1864\" data-end=\"1983\">\n<td data-start=\"1864\" data-end=\"1882\" data-col-size=\"sm\">RFID<\/td>\n<td data-col-size=\"sm\" data-start=\"1882\" data-end=\"1910\">Chip HF<\/td>\n<td data-col-size=\"md\" data-start=\"1910\" data-end=\"1983\">NTAG213 (NFC 13,56 MHz)<\/td>\n<\/tr>\n<tr data-start=\"1984\" data-end=\"2103\">\n<td data-start=\"1984\" data-end=\"2002\" data-col-size=\"sm\"><\/td>\n<td data-col-size=\"sm\" data-start=\"2002\" data-end=\"2030\">C\u00e1c t\u00f9y ch\u1ecdn chip kh\u00e1c<\/td>\n<td data-col-size=\"md\" data-start=\"2030\" data-end=\"2103\">LF 125 kHz v\u00e0 c\u00e1c t\u00f9y ch\u1ecdn HF b\u1ed5 sung theo y\u00eau c\u1ea7u<\/td>\n<\/tr>\n<tr data-start=\"2104\" data-end=\"2223\">\n<td data-start=\"2104\" data-end=\"2122\" data-col-size=\"sm\">C\u00e1c tr\u01b0\u1eddng h\u1ee3p s\u1eed d\u1ee5ng<\/td>\n<td data-col-size=\"sm\" data-start=\"2122\" data-end=\"2150\">\u1ee8ng d\u1ee5ng \u0111i\u1ec3n h\u00ecnh<\/td>\n<td data-col-size=\"md\" data-start=\"2150\" data-end=\"2223\">Ki\u1ec3m so\u00e1t truy c\u1eadp, thanh to\u00e1n kh\u00f4ng d\u00f9ng ti\u1ec1n m\u1eb7t, ID ng\u01b0\u1eddi tham d\u1ef1 t\u1ea1i c\u00e1c s\u1ef1 ki\u1ec7n v\u00e0 \u0111\u1ecba \u0111i\u1ec3m<\/td>\n<\/tr>\n<\/tbody>\n<\/table>\n<\/div>\n<\/div>","protected":false},"excerpt":{"rendered":"<p>V\u00f2ng \u0111eo tay NFC \u0111\u00e0n h\u1ed3i, c\u00f3 th\u1ec3 in v\u1edbi m\u00e3 NTAG213\u2014ch\u1ed1ng n\u01b0\u1edbc, c\u00f3 th\u1ec3 t\u00e1i s\u1eed d\u1ee5ng v\u00e0 tho\u1ea3i m\u00e1i. Chi\u1ec1u r\u1ed9ng 15\/20\/25 mm, chi\u1ec1u d\u00e0i 145\u2013210 mm, v\u1edbi m\u00e0u s\u1eafc, logo v\u00e0 m\u00e3 QR\/serial t\u00f9y ch\u1ec9nh.<\/p>","protected":false},"featured_media":802,"template":"","meta":{"_gspb_post_css":""},"product_brand":[],"product_cat":[21],"product_tag":[],"class_list":{"0":"post-801","1":"product","2":"type-product","3":"status-publish","4":"has-post-thumbnail","6":"product_cat-rfid-nfc-bracelets","8":"first","9":"instock","10":"shipping-taxable","11":"purchasable","12":"product-type-simple"},"_links":{"self":[{"href":"https:\/\/www.cxjsmartcard.com\/vi\/wp-json\/wp\/v2\/product\/801","targetHints":{"allow":["GET"]}}],"collection":[{"href":"https:\/\/www.cxjsmartcard.com\/vi\/wp-json\/wp\/v2\/product"}],"about":[{"href":"https:\/\/www.cxjsmartcard.com\/vi\/wp-json\/wp\/v2\/types\/product"}],"wp:featuredmedia":[{"embeddable":true,"href":"https:\/\/www.cxjsmartcard.com\/vi\/wp-json\/wp\/v2\/media\/802"}],"wp:attachment":[{"href":"https:\/\/www.cxjsmartcard.com\/vi\/wp-json\/wp\/v2\/media?parent=801"}],"wp:term":[{"taxonomy":"product_brand","embeddable":true,"href":"https:\/\/www.cxjsmartcard.com\/vi\/wp-json\/wp\/v2\/product_brand?post=801"},{"taxonomy":"product_cat","embeddable":true,"href":"https:\/\/www.cxjsmartcard.com\/vi\/wp-json\/wp\/v2\/product_cat?post=801"},{"taxonomy":"product_tag","embeddable":true,"href":"https:\/\/www.cxjsmartcard.com\/vi\/wp-json\/wp\/v2\/product_tag?post=801"}],"curies":[{"name":"trang web","href":"https:\/\/api.w.org\/{rel}","templated":true}]}}