{"id":796,"date":"2025-11-03T07:51:07","date_gmt":"2025-11-03T07:51:07","guid":{"rendered":"https:\/\/www.cxjsmartcard.com\/?post_type=product&#038;p=796"},"modified":"2025-12-29T01:27:09","modified_gmt":"2025-12-29T01:27:09","slug":"paper-tyvek-rfid-bracelets-nfc-wristband-for-concert-festival","status":"publish","type":"product","link":"https:\/\/www.cxjsmartcard.com\/vi\/paper-tyvek-rfid-bracelets-nfc-wristband-for-concert-festival\/","title":{"rendered":"V\u00f2ng \u0111eo tay RFID gi\u1ea5y Tyvek NFC cho L\u1ec5 h\u1ed9i h\u00f2a nh\u1ea1c"},"content":{"rendered":"<p data-start=\"73\" data-end=\"388\">V\u00f2ng \u0111eo tay RFID NFC Paper Tyvek k\u1ebft h\u1ee3p v\u1eadt li\u1ec7u Tyvek\u00ae th\u00e2n thi\u1ec7n v\u1edbi m\u00f4i tr\u01b0\u1eddng v\u1edbi chip RFID\/NFC t\u00edch h\u1ee3p \u0111\u1ec3 \u0111\u01a1n gi\u1ea3n h\u00f3a quy tr\u00ecnh ra v\u00e0o, ki\u1ec3m so\u00e1t truy c\u1eadp v\u00e0 thanh to\u00e1n kh\u00f4ng d\u00f9ng ti\u1ec1n m\u1eb7t t\u1ea1i c\u00e1c bu\u1ed5i h\u00f2a nh\u1ea1c, l\u1ec5 h\u1ed9i v\u00e0 \u0111\u1ecba \u0111i\u1ec3m l\u1edbn. Nh\u1eb9, b\u1ec1n v\u00e0 c\u00f3 kh\u1ea3 n\u0103ng t\u00f9y ch\u1ec9nh cao, v\u00f2ng \u0111eo tay n\u00e0y mang l\u1ea1i tr\u1ea3i nghi\u1ec7m check-in nhanh ch\u00f3ng v\u00e0 nh\u1eadn d\u1ea1ng an to\u00e0n.<\/p>\n<p data-start=\"390\" data-end=\"459\"><strong data-start=\"390\" data-end=\"402\">V\u1eadt li\u1ec7u<\/strong><br data-start=\"402\" data-end=\"405\" \/>Gi\u1ea5y Tyvek\u00ae (nh\u1eb9, b\u1ec1n v\u00e0 th\u00e2n thi\u1ec7n v\u1edbi m\u00f4i tr\u01b0\u1eddng).<\/p>\n<p data-start=\"461\" data-end=\"479\"><strong data-start=\"461\" data-end=\"477\">C\u00e1c t\u00ednh n\u0103ng ch\u00ednh<\/strong><\/p>\n<ul data-start=\"480\" data-end=\"953\">\n<li data-start=\"480\" data-end=\"544\">\n<p data-start=\"482\" data-end=\"544\"><strong data-start=\"482\" data-end=\"492\">K\u00edch th\u01b0\u1edbc:<\/strong> 250 \u00d7 25 mm; 250 \u00d7 20 mm (c\u00f3 s\u1eb5n k\u00edch th\u01b0\u1edbc t\u00f9y ch\u1ec9nh)<\/p>\n<\/li>\n<li data-start=\"545\" data-end=\"588\">\n<p data-start=\"547\" data-end=\"588\"><strong data-start=\"547\" data-end=\"558\">M\u00e0u s\u1eafc:<\/strong> Ph\u1ed1i m\u00e0u CMYK\/Pantone<\/p>\n<\/li>\n<li data-start=\"589\" data-end=\"703\">\n<p data-start=\"591\" data-end=\"703\"><strong data-start=\"591\" data-end=\"604\">In \u1ea5n:<\/strong> In \u0111\u1ea7y \u0111\u1ee7 m\u00e0u s\u1eafc cho logo, h\u00ecnh \u1ea3nh, v\u0103n b\u1ea3n, m\u00e3 v\u1ea1ch, m\u00e3 QR, s\u1ed1 s\u00ea-ri ho\u1eb7c m\u00e0u tr\u01a1n<\/p>\n<\/li>\n<li data-start=\"704\" data-end=\"744\">\n<p data-start=\"706\" data-end=\"744\"><strong data-start=\"706\" data-end=\"718\">K\u1ebft th\u00fac:<\/strong> Thi\u1ebft k\u1ebf \u0111\u00f3ng c\u1eeda c\u00f3 th\u1ec3 t\u00e1i s\u1eed d\u1ee5ng<\/p>\n<\/li>\n<li data-start=\"745\" data-end=\"765\">\n<p data-start=\"747\" data-end=\"765\"><strong data-start=\"747\" data-end=\"755\">MOQ:<\/strong> 500 chi\u1ebfc<\/p>\n<\/li>\n<li data-start=\"766\" data-end=\"953\">\n<p data-start=\"768\" data-end=\"790\"><strong data-start=\"768\" data-end=\"788\">C\u00e1c lo\u1ea1i chip c\u00f3 s\u1eb5n:<\/strong><\/p>\n<ul data-start=\"793\" data-end=\"953\">\n<li data-start=\"793\" data-end=\"824\">\n<p data-start=\"795\" data-end=\"824\">NTAG\u00ae 203 \/ 213 \/ 215 \/ 216<\/p>\n<\/li>\n<li data-start=\"827\" data-end=\"854\">\n<p data-start=\"829\" data-end=\"854\">MIFARE Classic\u00ae 1K \/ 4K<\/p>\n<\/li>\n<li data-start=\"857\" data-end=\"886\">\n<p data-start=\"859\" data-end=\"886\">MIFARE Plus\u00ae 1K \/ 2K \/ 4K<\/p>\n<\/li>\n<li data-start=\"889\" data-end=\"919\">\n<p data-start=\"891\" data-end=\"919\">MIFARE Ultralight\u00ae EV1 \/ C<\/p>\n<\/li>\n<li data-start=\"922\" data-end=\"953\">\n<p data-start=\"924\" data-end=\"953\">MIFARE\u00ae DESFire\u00ae 2K \/ 4K \/ 8K<\/p>\n<\/li>\n<\/ul>\n<\/li>\n<\/ul>\n<p data-start=\"955\" data-end=\"1168\"><strong data-start=\"955\" data-end=\"971\">\u1ee8ng d\u1ee5ng<\/strong><br data-start=\"971\" data-end=\"974\" \/>S\u1ef1 ki\u1ec7n &amp; l\u1ec5 h\u1ed9i; h\u00f2a nh\u1ea1c; tri\u1ec3n l\u00e3m; c\u00f4ng vi\u00ean gi\u1ea3i tr\u00ed &amp; c\u00f4ng vi\u00ean n\u01b0\u1edbc; th\u1ec3 thao (ch\u1ea1y marathon v\u00e0 c\u00e1c cu\u1ed9c thi); c\u00e2u l\u1ea1c b\u1ed9 v\u00e0 qu\u00e1n bar; b\u1ec7nh vi\u1ec7n\/ch\u0103m s\u00f3c s\u1ee9c kh\u1ecfe (m\u00e3 s\u1ed1 b\u1ec7nh nh\u00e2n); kho l\u1ea1nh; \u0111\u00e0o t\u1ea1o v\u00e0 nhi\u1ec1u h\u01a1n n\u1eefa.<\/p>\n<p data-start=\"1170\" data-end=\"1202\"><strong data-start=\"1170\" data-end=\"1200\">Bao b\u00ec &amp; Ch\u1ee9ng nh\u1eadn<\/strong><\/p>\n<ul data-start=\"1203\" data-end=\"1372\">\n<li data-start=\"1203\" data-end=\"1285\">\n<p data-start=\"1205\" data-end=\"1285\"><strong data-start=\"1205\" data-end=\"1217\">\u0110\u00f3ng g\u00f3i:<\/strong> 1000 chi\u1ebfc m\u1ed7i t\u00fai PP; 2000 chi\u1ebfc m\u1ed7i h\u1ed9p b\u00ean trong; 20000 chi\u1ebfc m\u1ed7i th\u00f9ng carton<\/p>\n<\/li>\n<li data-start=\"1286\" data-end=\"1326\">\n<p data-start=\"1288\" data-end=\"1326\"><strong data-start=\"1288\" data-end=\"1307\">Ch\u1ee9ng nh\u1eadn:<\/strong> ISO \/ RoHS \/ SGS<\/p>\n<\/li>\n<li data-start=\"1327\" data-end=\"1372\">\n<p data-start=\"1329\" data-end=\"1372\"><strong data-start=\"1329\" data-end=\"1342\">V\u1eadn chuy\u1ec3n:<\/strong> B\u1eb1ng \u0111\u01b0\u1eddng bi\u1ec3n, \u0111\u01b0\u1eddng h\u00e0ng kh\u00f4ng ho\u1eb7c chuy\u1ec3n ph\u00e1t nhanh<\/p>\n<\/li>\n<\/ul>\n<h2 data-start=\"1374\" data-end=\"1399\">B\u1ea3ng (Th\u00f4ng s\u1ed1 k\u1ef9 thu\u1eadt)<\/h2>\n<div class=\"_tableContainer_1rjym_1\">\n<div class=\"group _tableWrapper_1rjym_13 flex w-fit flex-col-reverse\" tabindex=\"-1\">\n<table class=\"w-fit min-w-(--thread-content-width)\" data-start=\"1401\" data-end=\"3139\">\n<thead data-start=\"1401\" data-end=\"1532\">\n<tr data-start=\"1401\" data-end=\"1532\">\n<th data-start=\"1401\" data-end=\"1419\" data-col-size=\"sm\">Lo\u1ea1i<\/th>\n<th data-start=\"1419\" data-end=\"1442\" data-col-size=\"sm\">Tham s\u1ed1<\/th>\n<th data-start=\"1442\" data-end=\"1532\" data-col-size=\"md\">Gi\u00e1 tr\u1ecb<\/th>\n<\/tr>\n<\/thead>\n<tbody data-start=\"1665\" data-end=\"3139\">\n<tr data-start=\"1665\" data-end=\"1796\">\n<td data-start=\"1665\" data-end=\"1683\" data-col-size=\"sm\">V\u1eadt li\u1ec7u<\/td>\n<td data-col-size=\"sm\" data-start=\"1683\" data-end=\"1706\">Th\u00e2n h\u00ecnh<\/td>\n<td data-col-size=\"md\" data-start=\"1706\" data-end=\"1796\">Gi\u1ea5y Tyvek\u00ae<\/td>\n<\/tr>\n<tr data-start=\"1797\" data-end=\"1928\">\n<td data-start=\"1797\" data-end=\"1815\" data-col-size=\"sm\">K\u00edch th\u01b0\u1edbc<\/td>\n<td data-start=\"1815\" data-end=\"1838\" data-col-size=\"sm\">T\u00f9y ch\u1ecdn k\u00edch th\u01b0\u1edbc<\/td>\n<td data-col-size=\"md\" data-start=\"1838\" data-end=\"1928\">250 \u00d7 25 mm; 250 \u00d7 20 mm; c\u00f3 s\u1eb5n k\u00edch th\u01b0\u1edbc t\u00f9y ch\u1ec9nh<\/td>\n<\/tr>\n<tr data-start=\"1929\" data-end=\"2060\">\n<td data-start=\"1929\" data-end=\"1947\" data-col-size=\"sm\">M\u00e0u s\u1eafc<\/td>\n<td data-col-size=\"sm\" data-start=\"1947\" data-end=\"1970\">T\u00f9y ch\u1ecdn<\/td>\n<td data-col-size=\"md\" data-start=\"1970\" data-end=\"2060\">CMYK \/ Pantone<\/td>\n<\/tr>\n<tr data-start=\"2061\" data-end=\"2192\">\n<td data-start=\"2061\" data-end=\"2079\" data-col-size=\"sm\">In \u1ea5n<\/td>\n<td data-col-size=\"sm\" data-start=\"2079\" data-end=\"2102\">Ph\u01b0\u01a1ng ph\u00e1p<\/td>\n<td data-col-size=\"md\" data-start=\"2102\" data-end=\"2192\">Logo, h\u00ecnh \u1ea3nh, v\u0103n b\u1ea3n, m\u00e3 v\u1ea1ch, m\u00e3 QR, s\u1ed1 s\u00ea-ri \u0111\u1ea7y \u0111\u1ee7 m\u00e0u s\u1eafc; m\u00e0u tr\u01a1n<\/td>\n<\/tr>\n<tr data-start=\"2193\" data-end=\"2338\">\n<td data-start=\"2193\" data-end=\"2211\" data-col-size=\"sm\">Ph\u1ea7n c\u1ee9ng<\/td>\n<td data-col-size=\"sm\" data-start=\"2211\" data-end=\"2234\">T\u00f9y ch\u1ecdn chip<\/td>\n<td data-col-size=\"md\" data-start=\"2234\" data-end=\"2338\">NTAG 203\/213\/215\/216; MIFARE Classic 1K\/4K; MIFARE Plus 1K\/2K\/4K; Ultralight EV1\/C; DESFire 2K\/4K\/8K<\/td>\n<\/tr>\n<tr data-start=\"2339\" data-end=\"2470\">\n<td data-start=\"2339\" data-end=\"2357\" data-col-size=\"sm\">\u0110\u00f3ng c\u1eeda<\/td>\n<td data-col-size=\"sm\" data-start=\"2357\" data-end=\"2380\">Ki\u1ec3u<\/td>\n<td data-col-size=\"md\" data-start=\"2380\" data-end=\"2470\">\u0110\u00f3ng c\u1eeda c\u00f3 th\u1ec3 t\u00e1i s\u1eed d\u1ee5ng<\/td>\n<\/tr>\n<tr data-start=\"2471\" data-end=\"2602\">\n<td data-start=\"2471\" data-end=\"2489\" data-col-size=\"sm\">MOQ<\/td>\n<td data-col-size=\"sm\" data-start=\"2489\" data-end=\"2512\">\u0110\u01a1n h\u00e0ng t\u1ed1i thi\u1ec3u<\/td>\n<td data-col-size=\"md\" data-start=\"2512\" data-end=\"2602\">500 chi\u1ebfc<\/td>\n<\/tr>\n<tr data-start=\"2603\" data-end=\"2734\">\n<td data-start=\"2603\" data-end=\"2621\" data-col-size=\"sm\">Bao b\u00ec<\/td>\n<td data-col-size=\"sm\" data-start=\"2621\" data-end=\"2644\">G\u00f3i ti\u00eau chu\u1ea9n<\/td>\n<td data-col-size=\"md\" data-start=\"2644\" data-end=\"2734\">1000 chi\u1ebfc\/t\u00fai PP; 2000 chi\u1ebfc\/h\u1ed9p b\u00ean trong; 20000 chi\u1ebfc\/th\u00f9ng carton<\/td>\n<\/tr>\n<tr data-start=\"2735\" data-end=\"2866\">\n<td data-start=\"2735\" data-end=\"2753\" data-col-size=\"sm\">Ch\u1ee9ng nh\u1eadn<\/td>\n<td data-col-size=\"sm\" data-start=\"2753\" data-end=\"2776\">S\u1ef1 tu\u00e2n th\u1ee7<\/td>\n<td data-col-size=\"md\" data-start=\"2776\" data-end=\"2866\">ISO \/ RoHS \/ SGS<\/td>\n<\/tr>\n<tr data-start=\"2867\" data-end=\"2998\">\n<td data-start=\"2867\" data-end=\"2885\" data-col-size=\"sm\">H\u1eadu c\u1ea7n<\/td>\n<td data-col-size=\"sm\" data-start=\"2885\" data-end=\"2908\">Ph\u01b0\u01a1ng th\u1ee9c giao h\u00e0ng<\/td>\n<td data-col-size=\"md\" data-start=\"2908\" data-end=\"2998\">V\u1eadn t\u1ea3i \u0111\u01b0\u1eddng bi\u1ec3n, h\u00e0ng kh\u00f4ng, chuy\u1ec3n ph\u00e1t nhanh<\/td>\n<\/tr>\n<tr data-start=\"2999\" data-end=\"3139\">\n<td data-start=\"2999\" data-end=\"3017\" data-col-size=\"sm\">\u1ee8ng d\u1ee5ng<\/td>\n<td data-col-size=\"sm\" data-start=\"3017\" data-end=\"3040\">C\u00e1c tr\u01b0\u1eddng h\u1ee3p s\u1eed d\u1ee5ng<\/td>\n<td data-col-size=\"md\" data-start=\"3040\" data-end=\"3139\">S\u1ef1 ki\u1ec7n, l\u1ec5 h\u1ed9i, h\u00f2a nh\u1ea1c, tri\u1ec3n l\u00e3m, c\u00f4ng vi\u00ean gi\u1ea3i tr\u00ed\/n\u01b0\u1edbc, th\u1ec3 thao, c\u00e2u l\u1ea1c b\u1ed9, qu\u00e1n bar, b\u1ec7nh vi\u1ec7n<\/td>\n<\/tr>\n<\/tbody>\n<\/table>\n<\/div>\n<\/div>","protected":false},"excerpt":{"rendered":"<p>V\u00f2ng \u0111eo tay RFID\/NFC Tyvek\u00ae th\u00e2n thi\u1ec7n v\u1edbi m\u00f4i tr\u01b0\u1eddng d\u00e0nh cho c\u00e1c s\u1ef1 ki\u1ec7n\u2014nh\u1eb9, b\u1ec1n v\u00e0 c\u00f3 th\u1ec3 t\u00f9y ch\u1ec9nh ho\u00e0n to\u00e0n v\u1edbi c\u00e1c t\u00f9y ch\u1ecdn m\u00e0u s\u1eafc, in \u1ea5n v\u00e0 chip \u0111\u1ec3 truy c\u1eadp an to\u00e0n v\u00e0 thanh to\u00e1n kh\u00f4ng d\u00f9ng ti\u1ec1n m\u1eb7t.<\/p>","protected":false},"featured_media":797,"template":"","meta":{"_gspb_post_css":""},"product_brand":[],"product_cat":[21],"product_tag":[],"class_list":{"0":"post-796","1":"product","2":"type-product","3":"status-publish","4":"has-post-thumbnail","6":"product_cat-rfid-nfc-bracelets","8":"first","9":"instock","10":"shipping-taxable","11":"purchasable","12":"product-type-simple"},"_links":{"self":[{"href":"https:\/\/www.cxjsmartcard.com\/vi\/wp-json\/wp\/v2\/product\/796","targetHints":{"allow":["GET"]}}],"collection":[{"href":"https:\/\/www.cxjsmartcard.com\/vi\/wp-json\/wp\/v2\/product"}],"about":[{"href":"https:\/\/www.cxjsmartcard.com\/vi\/wp-json\/wp\/v2\/types\/product"}],"wp:featuredmedia":[{"embeddable":true,"href":"https:\/\/www.cxjsmartcard.com\/vi\/wp-json\/wp\/v2\/media\/797"}],"wp:attachment":[{"href":"https:\/\/www.cxjsmartcard.com\/vi\/wp-json\/wp\/v2\/media?parent=796"}],"wp:term":[{"taxonomy":"product_brand","embeddable":true,"href":"https:\/\/www.cxjsmartcard.com\/vi\/wp-json\/wp\/v2\/product_brand?post=796"},{"taxonomy":"product_cat","embeddable":true,"href":"https:\/\/www.cxjsmartcard.com\/vi\/wp-json\/wp\/v2\/product_cat?post=796"},{"taxonomy":"product_tag","embeddable":true,"href":"https:\/\/www.cxjsmartcard.com\/vi\/wp-json\/wp\/v2\/product_tag?post=796"}],"curies":[{"name":"trang web","href":"https:\/\/api.w.org\/{rel}","templated":true}]}}