{"id":791,"date":"2025-11-03T07:42:05","date_gmt":"2025-11-03T07:42:05","guid":{"rendered":"https:\/\/www.cxjsmartcard.com\/?post_type=product&#038;p=791"},"modified":"2025-12-29T01:27:09","modified_gmt":"2025-12-29T01:27:09","slug":"fabric-woven-rfid-bracelet-disposable-nfc-wristband","status":"publish","type":"product","link":"https:\/\/www.cxjsmartcard.com\/vi\/fabric-woven-rfid-bracelet-disposable-nfc-wristband\/","title":{"rendered":"V\u00f2ng \u0111eo tay RFID d\u1ec7t v\u1ea3i V\u00f2ng \u0111eo tay NFC d\u00f9ng m\u1ed9t l\u1ea7n"},"content":{"rendered":"<p data-start=\"63\" data-end=\"390\">V\u00f2ng \u0111eo tay NFC RFID d\u00f9ng m\u1ed9t l\u1ea7n b\u1eb1ng v\u1ea3i d\u1ec7t \u0111\u01b0\u1ee3c thi\u1ebft k\u1ebf \u0111\u1ec3 mang \u0111\u1ebfn tr\u1ea3i nghi\u1ec7m li\u1ec1n m\u1ea1ch cho kh\u00e1ch, \u0111\u01a1n gi\u1ea3n h\u00f3a vi\u1ec7c v\u00e0o c\u1eeda, thanh to\u00e1n v\u00e0 ki\u1ec3m so\u00e1t ra v\u00e0o. D\u00f9 l\u00e0 t\u1ea1i l\u1ec5 h\u1ed9i, s\u1ef1 ki\u1ec7n hay b\u1ea5t k\u1ef3 \u0111\u1ecba \u0111i\u1ec3m n\u00e0o kh\u00e1c, nh\u1eefng chi\u1ebfc v\u00f2ng \u0111eo tay n\u00e0y \u0111\u1ec1u mang \u0111\u1ebfn gi\u1ea3i ph\u00e1p ti\u1ec7n l\u1ee3i, gi\u00fap tr\u00e1nh t\u00ecnh tr\u1ea1ng x\u1ebfp h\u00e0ng d\u00e0i, th\u1ea5t l\u1ea1c v\u00e9 v\u00e0 x\u1eed l\u00fd ti\u1ec1n m\u1eb7t - ch\u1ec9 v\u1edbi m\u1ed9t c\u00fa ch\u1ea1m \u0111\u01a1n gi\u1ea3n.<\/p>\n<p data-start=\"392\" data-end=\"410\"><strong data-start=\"392\" data-end=\"408\">C\u00e1c t\u00ednh n\u0103ng ch\u00ednh<\/strong><\/p>\n<ul data-start=\"411\" data-end=\"1069\">\n<li data-start=\"411\" data-end=\"514\">\n<p data-start=\"413\" data-end=\"514\"><strong data-start=\"413\" data-end=\"422\">K\u00edch c\u1ee1:<\/strong> 350 \u00d7 15 mm (ti\u00eau chu\u1ea9n); k\u00edch th\u01b0\u1edbc th\u1ebb th\u00f4ng minh: 42 \u00d7 26 mm \/ 36 \u00d7 26 mm (c\u00f3 s\u1eb5n k\u00edch th\u01b0\u1edbc t\u00f9y ch\u1ec9nh)<\/p>\n<\/li>\n<li data-start=\"515\" data-end=\"555\">\n<p data-start=\"517\" data-end=\"555\"><strong data-start=\"517\" data-end=\"537\">Vi\u1ebft \u0110\u1ed9 b\u1ec1n:<\/strong> \u2265100.000 chu k\u1ef3<\/p>\n<\/li>\n<li data-start=\"556\" data-end=\"624\">\n<p data-start=\"558\" data-end=\"624\"><strong data-start=\"558\" data-end=\"573\">Ph\u1ea1m vi \u0111\u1ecdc:<\/strong> 0\u20135 cm (t\u00f9y thu\u1ed9c v\u00e0o ng\u01b0\u1eddi \u0111\u1ecdc v\u00e0 m\u00f4i tr\u01b0\u1eddng)<\/p>\n<\/li>\n<li data-start=\"625\" data-end=\"749\">\n<p data-start=\"627\" data-end=\"749\"><strong data-start=\"627\" data-end=\"648\">T\u00f9y ch\u1ecdn ch\u1ebf t\u1ea1o:<\/strong> In t\u00f9y ch\u1ec9nh (m\u00e0u s\u1eafc, logo, v\u0103n b\u1ea3n, m\u00e3 QR, m\u00e3 v\u1ea1ch, s\u1ed1 s\u00ea-ri, d\u1eef li\u1ec7u thay \u0111\u1ed5i, s\u00ea-ri h\u00f3a)<\/p>\n<\/li>\n<li data-start=\"750\" data-end=\"1069\">\n<p data-start=\"752\" data-end=\"778\"><strong data-start=\"752\" data-end=\"776\">V\u1eadt li\u1ec7u c\u00f3 s\u1eb5n:<\/strong><\/p>\n<ul data-start=\"781\" data-end=\"1069\">\n<li data-start=\"781\" data-end=\"823\">\n<p data-start=\"783\" data-end=\"823\"><strong data-start=\"783\" data-end=\"807\">V\u00f2ng \u0111eo tay c\u00f3 th\u1ec3 t\u00e1i s\u1eed d\u1ee5ng:<\/strong> Silicone, PVC<\/p>\n<\/li>\n<li data-start=\"826\" data-end=\"895\">\n<p data-start=\"828\" data-end=\"895\"><strong data-start=\"828\" data-end=\"854\">V\u00f2ng \u0111eo tay c\u00f3 th\u1ec3 \u0111i\u1ec1u ch\u1ec9nh:<\/strong> Polyester, v\u1ea3i d\u1ec7t thoi, ruy b\u0103ng satin<\/p>\n<\/li>\n<li data-start=\"898\" data-end=\"967\">\n<p data-start=\"900\" data-end=\"967\"><strong data-start=\"900\" data-end=\"926\">V\u00f2ng \u0111eo tay d\u00f9ng m\u1ed9t l\u1ea7n:<\/strong> Polyester, v\u1ea3i d\u1ec7t thoi, ruy b\u0103ng satin<\/p>\n<\/li>\n<li data-start=\"970\" data-end=\"1015\">\n<p data-start=\"972\" data-end=\"1015\"><strong data-start=\"972\" data-end=\"1004\">V\u00f2ng \u0111eo tay ph\u00e1t s\u00e1ng trong b\u00f3ng t\u1ed1i:<\/strong> Silicon<\/p>\n<\/li>\n<li data-start=\"1018\" data-end=\"1069\">\n<p data-start=\"1020\" data-end=\"1069\"><strong data-start=\"1020\" data-end=\"1048\">V\u00f2ng \u0111eo tay ph\u00e1t s\u00e1ng LED:<\/strong> Silicone, PVC, ABS<\/p>\n<\/li>\n<\/ul>\n<\/li>\n<\/ul>\n<p data-start=\"1071\" data-end=\"1089\"><strong data-start=\"1071\" data-end=\"1087\">\u1ee8ng d\u1ee5ng<\/strong><\/p>\n<ul data-start=\"1090\" data-end=\"1512\">\n<li data-start=\"1090\" data-end=\"1153\">\n<p data-start=\"1092\" data-end=\"1153\"><strong data-start=\"1092\" data-end=\"1110\">Chuy\u1ec3n d\u1eef li\u1ec7u:<\/strong> Chia s\u1ebb th\u00f4ng tin hi\u1ec7u qu\u1ea3 cho c\u00e1c s\u1ef1 ki\u1ec7n<\/p>\n<\/li>\n<li data-start=\"1154\" data-end=\"1206\">\n<p data-start=\"1156\" data-end=\"1206\"><strong data-start=\"1156\" data-end=\"1175\">Ki\u1ec3m so\u00e1t truy c\u1eadp:<\/strong> V\u00e0o \u0111\u1ecba \u0111i\u1ec3m an to\u00e0n v\u00e0 nhanh ch\u00f3ng<\/p>\n<\/li>\n<li data-start=\"1207\" data-end=\"1290\">\n<p data-start=\"1209\" data-end=\"1290\"><strong data-start=\"1209\" data-end=\"1232\">Qu\u1ea3n l\u00fd thanh to\u00e1n:<\/strong> Giao d\u1ecbch kh\u00f4ng d\u00f9ng ti\u1ec1n m\u1eb7t cho c\u00e1c l\u1ec5 h\u1ed9i v\u00e0 c\u00f4ng vi\u00ean gi\u1ea3i tr\u00ed<\/p>\n<\/li>\n<li data-start=\"1291\" data-end=\"1354\">\n<p data-start=\"1293\" data-end=\"1354\"><strong data-start=\"1293\" data-end=\"1320\">Ch\u0103m s\u00f3c s\u1ee9c kh\u1ecfe v\u00e0 b\u1ec7nh vi\u1ec7n:<\/strong> Nh\u1eadn d\u1ea1ng b\u1ec7nh nh\u00e2n \u0111\u00e1ng tin c\u1eady<\/p>\n<\/li>\n<li data-start=\"1355\" data-end=\"1434\">\n<p data-start=\"1357\" data-end=\"1434\"><strong data-start=\"1357\" data-end=\"1385\">H\u1ed3 b\u01a1i v\u00e0 ph\u00f2ng x\u00f4ng h\u01a1i:<\/strong> Thi\u1ebft k\u1ebf ch\u1ed1ng th\u1ea5m n\u01b0\u1edbc cho m\u00f4i tr\u01b0\u1eddng n\u01b0\u1edbc<\/p>\n<\/li>\n<li data-start=\"1435\" data-end=\"1512\">\n<p data-start=\"1437\" data-end=\"1512\"><strong data-start=\"1437\" data-end=\"1460\">\u0110\u01a1n v\u1ecb l\u01b0u tr\u1eef l\u1ea1nh:<\/strong> D\u1ec5 d\u00e0ng nh\u1eadn d\u1ea1ng h\u00e0ng h\u00f3a nh\u1ea1y c\u1ea3m v\u1edbi nhi\u1ec7t \u0111\u1ed9<\/p>\n<\/li>\n<\/ul>\n<p data-start=\"1514\" data-end=\"1539\"><strong data-start=\"1514\" data-end=\"1537\">C\u00e1c t\u00ednh n\u0103ng b\u1ed5 sung<\/strong><\/p>\n<ul data-start=\"1540\" data-end=\"1718\">\n<li data-start=\"1540\" data-end=\"1643\">\n<p data-start=\"1542\" data-end=\"1643\">B\u1ec1n v\u00e0 ch\u1ed1ng th\u1ea5m n\u01b0\u1edbc, l\u00fd t\u01b0\u1edfng cho c\u00e1c l\u1ec5 h\u1ed9i, bu\u1ed5i h\u00f2a nh\u1ea1c, c\u00f4ng vi\u00ean n\u01b0\u1edbc, ch\u0103m s\u00f3c s\u1ee9c kh\u1ecfe v\u00e0 c\u00f4ng vi\u00ean gi\u1ea3i tr\u00ed<\/p>\n<\/li>\n<li data-start=\"1644\" data-end=\"1718\">\n<p data-start=\"1646\" data-end=\"1718\">C\u00f3 th\u1ec3 t\u00f9y ch\u1ec9nh ho\u00e0n to\u00e0n cho th\u01b0\u01a1ng hi\u1ec7u s\u1ef1 ki\u1ec7n, logo nh\u00e0 t\u00e0i tr\u1ee3, m\u00e3 QR, v.v.<\/p>\n<\/li>\n<\/ul>\n<p data-start=\"1720\" data-end=\"1975\"><strong data-start=\"1720\" data-end=\"1750\">T\u1ea1i sao n\u00ean ch\u1ecdn chi\u1ebfc v\u00f2ng \u0111eo tay n\u00e0y?<\/strong><br data-start=\"1750\" data-end=\"1753\" \/>V\u00f2ng \u0111eo tay RFID gi\u00fap gi\u1ea3m th\u1eddi gian ch\u1edd \u0111\u1ee3i v\u00e0 \u0111\u01a1n gi\u1ea3n h\u00f3a vi\u1ec7c ki\u1ec3m so\u00e1t ra v\u00e0o. V\u00f2ng \u0111eo tay ho\u00e0n to\u00e0n t\u01b0\u01a1ng th\u00edch v\u1edbi c\u00e1c gi\u1ea3i ph\u00e1p RFID v\u00e0 cung c\u1ea5p thanh to\u00e1n kh\u00f4ng d\u00f9ng ti\u1ec1n m\u1eb7t, ki\u1ec3m so\u00e1t truy c\u1eadp hi\u1ec7u qu\u1ea3 v\u00e0 t\u00edch h\u1ee3p m\u1ea1ng x\u00e3 h\u1ed9i cho c\u00e1c s\u1ef1 ki\u1ec7n.<\/p>\n<p data-start=\"1977\" data-end=\"2052\"><strong data-start=\"1977\" data-end=\"1996\">Th\u1eddi gian quay v\u00f2ng<\/strong><br data-start=\"1996\" data-end=\"1999\" \/>Th\u1eddi gian x\u1eed l\u00fd h\u00e0ng \u0111\u1ea7u trong ng\u00e0nh \u0111\u1ec3 giao h\u00e0ng nhanh ch\u00f3ng.<\/p>\n<h2 data-start=\"2054\" data-end=\"2079\">B\u1ea3ng (Th\u00f4ng s\u1ed1 k\u1ef9 thu\u1eadt)<\/h2>\n<div class=\"_tableContainer_1rjym_1\">\n<div class=\"group _tableWrapper_1rjym_13 flex w-fit flex-col-reverse\" tabindex=\"-1\">\n<table class=\"w-fit min-w-(--thread-content-width)\" data-start=\"2081\" data-end=\"3642\">\n<thead data-start=\"2081\" data-end=\"2200\">\n<tr data-start=\"2081\" data-end=\"2200\">\n<th data-start=\"2081\" data-end=\"2101\" data-col-size=\"sm\">Lo\u1ea1i<\/th>\n<th data-start=\"2101\" data-end=\"2127\" data-col-size=\"sm\">Tham s\u1ed1<\/th>\n<th data-start=\"2127\" data-end=\"2200\" data-col-size=\"md\">Gi\u00e1 tr\u1ecb<\/th>\n<\/tr>\n<\/thead>\n<tbody data-start=\"2321\" data-end=\"3642\">\n<tr data-start=\"2321\" data-end=\"2439\">\n<td data-start=\"2321\" data-end=\"2341\" data-col-size=\"sm\">S\u1ea3n ph\u1ea9m<\/td>\n<td data-col-size=\"sm\" data-start=\"2341\" data-end=\"2367\">Ki\u1ec3u<\/td>\n<td data-col-size=\"md\" data-start=\"2367\" data-end=\"2439\">V\u00f2ng \u0111eo tay RFID d\u00f9ng m\u1ed9t l\u1ea7n<\/td>\n<\/tr>\n<tr data-start=\"2440\" data-end=\"2559\">\n<td data-start=\"2440\" data-end=\"2460\" data-col-size=\"sm\">Nguy\u00ean v\u1eadt li\u1ec7u<\/td>\n<td data-col-size=\"sm\" data-start=\"2460\" data-end=\"2486\">Th\u00e2n h\u00ecnh<\/td>\n<td data-col-size=\"md\" data-start=\"2486\" data-end=\"2559\">Polyester, D\u1ec7t, Ruy b\u0103ng satin, Silicone, PVC<\/td>\n<\/tr>\n<tr data-start=\"2560\" data-end=\"2679\">\n<td data-start=\"2560\" data-end=\"2580\" data-col-size=\"sm\">T\u1ea7n s\u1ed1 v\u00f4 tuy\u1ebfn<\/td>\n<td data-start=\"2580\" data-end=\"2606\" data-col-size=\"sm\">T\u00ednh th\u01b0\u1eddng xuy\u00ean<\/td>\n<td data-col-size=\"md\" data-start=\"2606\" data-end=\"2679\">13,56 MHz (HF)<\/td>\n<\/tr>\n<tr data-start=\"2680\" data-end=\"2799\">\n<td data-start=\"2680\" data-end=\"2700\" data-col-size=\"sm\"><\/td>\n<td data-col-size=\"sm\" data-start=\"2700\" data-end=\"2726\">Giao th\u1ee9c<\/td>\n<td data-col-size=\"md\" data-start=\"2726\" data-end=\"2799\">ISO14443A, ISO15693<\/td>\n<\/tr>\n<tr data-start=\"2800\" data-end=\"2919\">\n<td data-start=\"2800\" data-end=\"2820\" data-col-size=\"sm\"><\/td>\n<td data-col-size=\"sm\" data-start=\"2820\" data-end=\"2846\">Vi\u1ebft s\u1ee9c b\u1ec1n<\/td>\n<td data-col-size=\"md\" data-start=\"2846\" data-end=\"2919\">\u2265100.000 chu k\u1ef3<\/td>\n<\/tr>\n<tr data-start=\"2920\" data-end=\"3039\">\n<td data-start=\"2920\" data-end=\"2940\" data-col-size=\"sm\">Ph\u1ea1m vi \u0111\u1ecdc<\/td>\n<td data-col-size=\"sm\" data-start=\"2940\" data-end=\"2966\">Kho\u1ea3ng c\u00e1ch<\/td>\n<td data-col-size=\"md\" data-start=\"2966\" data-end=\"3039\">0\u20135 cm (t\u00f9y thu\u1ed9c v\u00e0o ng\u01b0\u1eddi \u0111\u1ecdc)<\/td>\n<\/tr>\n<tr data-start=\"3040\" data-end=\"3161\">\n<td data-start=\"3040\" data-end=\"3060\" data-col-size=\"sm\">T\u00f9y ch\u1ec9nh<\/td>\n<td data-col-size=\"sm\" data-start=\"3060\" data-end=\"3086\">Ch\u1ebf t\u1ea1o<\/td>\n<td data-col-size=\"md\" data-start=\"3086\" data-end=\"3161\">In \u0111\u1ea7y \u0111\u1ee7 m\u00e0u s\u1eafc, logo, v\u0103n b\u1ea3n, s\u1ed1 s\u00ea-ri, QR, m\u00e3 v\u1ea1ch, m\u00e3 h\u00f3a d\u1eef li\u1ec7u<\/td>\n<\/tr>\n<tr data-start=\"3162\" data-end=\"3280\">\n<td data-start=\"3162\" data-end=\"3182\" data-col-size=\"sm\">\u0110\u1ed9 b\u1ec1n<\/td>\n<td data-col-size=\"sm\" data-start=\"3182\" data-end=\"3208\">Ch\u1ed1ng th\u1ea5m n\u01b0\u1edbc<\/td>\n<td data-col-size=\"md\" data-start=\"3208\" data-end=\"3280\">C\u00f3, kh\u00f4ng th\u1ea5m n\u01b0\u1edbc v\u00e0 b\u1ec1n<\/td>\n<\/tr>\n<tr data-start=\"3281\" data-end=\"3403\">\n<td data-start=\"3281\" data-end=\"3301\" data-col-size=\"sm\">\u1ee8ng d\u1ee5ng<\/td>\n<td data-col-size=\"sm\" data-start=\"3301\" data-end=\"3327\">C\u00e1c tr\u01b0\u1eddng h\u1ee3p s\u1eed d\u1ee5ng<\/td>\n<td data-col-size=\"md\" data-start=\"3327\" data-end=\"3403\">Nh\u1eadp s\u1ef1 ki\u1ec7n, thanh to\u00e1n kh\u00f4ng d\u00f9ng ti\u1ec1n m\u1eb7t, ID ch\u0103m s\u00f3c s\u1ee9c kh\u1ecfe, ki\u1ec3m so\u00e1t truy c\u1eadp, b\u00e1n v\u00e9<\/td>\n<\/tr>\n<tr data-start=\"3404\" data-end=\"3522\">\n<td data-start=\"3404\" data-end=\"3424\" data-col-size=\"sm\"><\/td>\n<td data-col-size=\"sm\" data-start=\"3424\" data-end=\"3450\"><\/td>\n<td data-col-size=\"md\" data-start=\"3450\" data-end=\"3522\">H\u1ed3 b\u01a1i, c\u00f4ng vi\u00ean gi\u1ea3i tr\u00ed v\u00e0 nhi\u1ec1u h\u01a1n n\u1eefa<\/td>\n<\/tr>\n<tr data-start=\"3523\" data-end=\"3642\">\n<td data-start=\"3523\" data-end=\"3543\" data-col-size=\"sm\">Th\u1eddi gian quay v\u00f2ng<\/td>\n<td data-col-size=\"sm\" data-start=\"3543\" data-end=\"3569\">Th\u1eddi gian giao h\u00e0ng<\/td>\n<td data-col-size=\"md\" data-start=\"3569\" data-end=\"3642\">Th\u1eddi gian x\u1eed l\u00fd h\u00e0ng \u0111\u1ea7u trong ng\u00e0nh<\/td>\n<\/tr>\n<\/tbody>\n<\/table>\n<\/div>\n<\/div>","protected":false},"excerpt":{"rendered":"<p>V\u00f2ng \u0111eo tay RFID NFC d\u00f9ng m\u1ed9t l\u1ea7n c\u00f3 th\u1ec3 t\u00f9y ch\u1ec9nh d\u00e0nh cho c\u00e1c s\u1ef1 ki\u1ec7n, l\u1ec5 h\u1ed9i v\u00e0 ki\u1ec3m so\u00e1t ra v\u00e0o\u201413,56 MHz, ch\u1ed1ng th\u1ea5m n\u01b0\u1edbc, b\u1ec1n v\u00e0 c\u00f3 th\u1ec3 t\u00f9y ch\u1ec9nh ho\u00e0n to\u00e0n v\u1edbi logo, v\u0103n b\u1ea3n v\u00e0 d\u1eef li\u1ec7u.<\/p>","protected":false},"featured_media":792,"template":"","meta":{"_gspb_post_css":""},"product_brand":[],"product_cat":[21],"product_tag":[],"class_list":{"0":"post-791","1":"product","2":"type-product","3":"status-publish","4":"has-post-thumbnail","6":"product_cat-rfid-nfc-bracelets","8":"first","9":"instock","10":"shipping-taxable","11":"purchasable","12":"product-type-simple"},"_links":{"self":[{"href":"https:\/\/www.cxjsmartcard.com\/vi\/wp-json\/wp\/v2\/product\/791","targetHints":{"allow":["GET"]}}],"collection":[{"href":"https:\/\/www.cxjsmartcard.com\/vi\/wp-json\/wp\/v2\/product"}],"about":[{"href":"https:\/\/www.cxjsmartcard.com\/vi\/wp-json\/wp\/v2\/types\/product"}],"wp:featuredmedia":[{"embeddable":true,"href":"https:\/\/www.cxjsmartcard.com\/vi\/wp-json\/wp\/v2\/media\/792"}],"wp:attachment":[{"href":"https:\/\/www.cxjsmartcard.com\/vi\/wp-json\/wp\/v2\/media?parent=791"}],"wp:term":[{"taxonomy":"product_brand","embeddable":true,"href":"https:\/\/www.cxjsmartcard.com\/vi\/wp-json\/wp\/v2\/product_brand?post=791"},{"taxonomy":"product_cat","embeddable":true,"href":"https:\/\/www.cxjsmartcard.com\/vi\/wp-json\/wp\/v2\/product_cat?post=791"},{"taxonomy":"product_tag","embeddable":true,"href":"https:\/\/www.cxjsmartcard.com\/vi\/wp-json\/wp\/v2\/product_tag?post=791"}],"curies":[{"name":"trang web","href":"https:\/\/api.w.org\/{rel}","templated":true}]}}