{"id":777,"date":"2025-11-03T07:31:45","date_gmt":"2025-11-03T07:31:45","guid":{"rendered":"https:\/\/www.cxjsmartcard.com\/?post_type=product&#038;p=777"},"modified":"2025-12-29T01:27:10","modified_gmt":"2025-12-29T01:27:10","slug":"customized-elastic-rfid-nfc-wristband-bracelet","status":"publish","type":"product","link":"https:\/\/www.cxjsmartcard.com\/vi\/customized-elastic-rfid-nfc-wristband-bracelet\/","title":{"rendered":"V\u00f2ng \u0111eo tay RFID NFC \u0111\u00e0n h\u1ed3i t\u00f9y ch\u1ec9nh"},"content":{"rendered":"<p data-start=\"58\" data-end=\"331\">V\u00f2ng \u0111eo tay RFID\/NFC \u0111\u00e0n h\u1ed3i k\u1ebft h\u1ee3p c\u00f4ng ngh\u1ec7 th\u00f4ng minh v\u1edbi d\u00e2y \u0111eo d\u1ec7t th\u1eddi trang\u2014l\u00fd t\u01b0\u1edfng cho c\u00e1c l\u1ec5 h\u1ed9i, bu\u1ed5i h\u00f2a nh\u1ea1c, b\u00e1n v\u00e9 v\u00e0 ki\u1ec3m so\u00e1t ra v\u00e0o an to\u00e0n. Ngo\u00e0i ch\u1ee9c n\u0103ng nh\u1eadp c\u1ea3nh, v\u00f2ng \u0111eo tay c\u00f2n h\u1ed7 tr\u1ee3 thanh to\u00e1n kh\u00f4ng d\u00f9ng ti\u1ec1n m\u1eb7t, nh\u1eadn d\u1ea1ng, th\u1ebb th\u00e0nh vi\u00ean c\u00e2u l\u1ea1c b\u1ed9 v\u00e0 c\u00e1c ho\u1ea1t \u0111\u1ed9ng nh\u00f3m c\u1ee7a c\u00f4ng ty.<\/p>\n<p data-start=\"333\" data-end=\"375\"><strong data-start=\"333\" data-end=\"373\">V\u00f2ng \u0111eo tay d\u1ec7t co gi\u00e3n \u0111\u00e0n h\u1ed3i RFID<\/strong><\/p>\n<ul data-start=\"376\" data-end=\"1218\">\n<li data-start=\"376\" data-end=\"422\">\n<p data-start=\"378\" data-end=\"422\"><strong data-start=\"378\" data-end=\"395\">T\u00ean s\u1ea3n ph\u1ea9m:<\/strong> V\u00f2ng \u0111eo tay Happy RFID NFCC<\/p>\n<\/li>\n<li data-start=\"423\" data-end=\"460\">\n<p data-start=\"425\" data-end=\"460\"><strong data-start=\"425\" data-end=\"438\">V\u1eadt li\u1ec7u:<\/strong> Polyester v\u00e0 nylon<\/p>\n<\/li>\n<li data-start=\"461\" data-end=\"581\">\n<p data-start=\"463\" data-end=\"581\"><strong data-start=\"463\" data-end=\"473\">K\u00edch th\u01b0\u1edbc:<\/strong> 185\u00d713 mm (con tr\u01b0\u1edfng th\u00e0nh l\u1edbn), 160\u00d713 mm (con non\/con tr\u01b0\u1edfng th\u00e0nh nh\u1ecf); chi\u1ec1u cao 13 mm; chi\u1ec1u d\u00e0i c\u00f3 th\u1ec3 t\u00f9y ch\u1ec9nh t\u1eeb 140\u2013210 mm<\/p>\n<\/li>\n<li data-start=\"582\" data-end=\"612\">\n<p data-start=\"584\" data-end=\"612\"><strong data-start=\"584\" data-end=\"597\">Chip NFC:<\/strong> T\u1ea7n s\u1ed1 cao 13,56 MHz<\/p>\n<\/li>\n<li data-start=\"613\" data-end=\"682\">\n<p data-start=\"615\" data-end=\"682\"><strong data-start=\"615\" data-end=\"629\">Giao th\u1ee9c:<\/strong> ISO14443A, ISO15693, ISO7814, ISO7815, ISO18000-6C<\/p>\n<\/li>\n<li data-start=\"683\" data-end=\"726\">\n<p data-start=\"685\" data-end=\"726\"><strong data-start=\"685\" data-end=\"705\">M\u00e0u s\u1eafc v\u00f2ng \u0111eo tay:<\/strong> T\u00f9y ch\u1ec9nh theo PMS<\/p>\n<\/li>\n<li data-start=\"727\" data-end=\"797\">\n<p data-start=\"729\" data-end=\"797\"><strong data-start=\"729\" data-end=\"742\">In \u1ea5n:<\/strong> In th\u0103ng hoa to\u00e0n m\u00e0u (b\u1ec1 m\u1eb7t b\u00ean trong\/b\u00ean ngo\u00e0i)<\/p>\n<\/li>\n<li data-start=\"798\" data-end=\"926\">\n<p data-start=\"800\" data-end=\"926\"><strong data-start=\"800\" data-end=\"811\">Th\u1ee7 c\u00f4ng m\u1ef9 ngh\u1ec7:<\/strong> In s\u1ed1 s\u00ea-ri\/UID, QR, m\u00e3 v\u1ea1ch; l\u1eadp tr\u00ecnh\/m\u00e3 h\u00f3a\/kh\u00f3a\/m\u00e3 h\u00f3a chip (URL, v\u0103n b\u1ea3n, s\u1ed1, vCard)<\/p>\n<\/li>\n<li data-start=\"927\" data-end=\"960\">\n<p data-start=\"929\" data-end=\"960\"><strong data-start=\"929\" data-end=\"942\">\u0110\u1eb7c tr\u01b0ng:<\/strong> 100% ch\u1ed1ng n\u01b0\u1edbc<\/p>\n<\/li>\n<li data-start=\"961\" data-end=\"1130\">\n<p data-start=\"963\" data-end=\"1130\"><strong data-start=\"963\" data-end=\"980\">\u1ee8ng d\u1ee5ng:<\/strong> B\u00e1n v\u00e9, ch\u0103m s\u00f3c s\u1ee9c kh\u1ecfe, du l\u1ecbch, ki\u1ec3m so\u00e1t ra v\u00e0o v\u00e0 an ninh, ch\u1ea5m c\u00f4ng, \u0111\u1ed7 xe v\u00e0 thanh to\u00e1n, qu\u1ea3n l\u00fd th\u00e0nh vi\u00ean c\u00e2u l\u1ea1c b\u1ed9\/SPA, ph\u1ea7n th\u01b0\u1edfng v\u00e0 khuy\u1ebfn m\u00e3i<\/p>\n<\/li>\n<li data-start=\"1131\" data-end=\"1151\">\n<p data-start=\"1133\" data-end=\"1151\"><strong data-start=\"1133\" data-end=\"1141\">MOQ:<\/strong> 500 chi\u1ebfc<\/p>\n<\/li>\n<li data-start=\"1152\" data-end=\"1218\">\n<p data-start=\"1154\" data-end=\"1218\"><strong data-start=\"1154\" data-end=\"1172\">Ch\u00ednh s\u00e1ch m\u1eabu:<\/strong> M\u1eabu th\u1eed h\u00e0ng mi\u1ec5n ph\u00ed; ng\u01b0\u1eddi mua tr\u1ea3 ph\u00ed v\u1eadn chuy\u1ec3n<\/p>\n<\/li>\n<\/ul>\n<p data-start=\"1220\" data-end=\"1603\"><strong data-start=\"1220\" data-end=\"1260\">Bi\u1ebfn th\u1ec3 d\u1ec7t co gi\u00e3n (L\u1ee3i \u00edch ch\u00ednh)<\/strong><br data-start=\"1260\" data-end=\"1263\" \/>Ch\u1ea5t li\u1ec7u polyester \u0111\u00e0n h\u1ed3i c\u1ef1c k\u1ef3 tho\u1ea3i m\u00e1i; \u0111i\u1ec1u ch\u1ec9nh theo k\u00edch th\u01b0\u1edbc c\u1ed5 tay; c\u00f3 th\u1ec3 th\u00e1o r\u1eddi, t\u00e1i s\u1eed d\u1ee5ng v\u00e0 ch\u1ed1ng th\u1ea5m n\u01b0\u1edbc\u2014l\u00fd t\u01b0\u1edfng cho c\u00e1c ch\u01b0\u01a1ng tr\u00ecnh s\u1eed d\u1ee5ng nhi\u1ec1u ng\u00e0y ho\u1eb7c theo m\u00f9a.<br data-start=\"1407\" data-end=\"1410\" \/><strong data-start=\"1410\" data-end=\"1423\">Nh\u1eefng l\u1ee3i \u00edch:<\/strong> Tho\u1ea3i m\u00e1i &amp; linh ho\u1ea1t \u2022 C\u00f3 th\u1ec3 t\u00e1i s\u1eed d\u1ee5ng &amp; b\u1ec1n \u2022 Ch\u1ed1ng n\u01b0\u1edbc 100% \u2022 C\u00f3 th\u1ec3 g\u1eafn nh\u00e3n hi\u1ec7u (in \u0111\u1ea7y \u0111\u1ee7 m\u00e0u s\u1eafc, logo, m\u00e3 h\u00f3a ID duy nh\u1ea5t) \u2022 Ho\u1ea1t \u0111\u1ed9ng v\u1edbi h\u1ea7u h\u1ebft c\u00e1c thi\u1ebft b\u1ecb h\u1ed7 tr\u1ee3 NFC v\u00e0 \u0111\u1ea7u \u0111\u1ecdc RFID.<\/p>\n<h2 data-start=\"1605\" data-end=\"1630\">B\u1ea3ng (Th\u00f4ng s\u1ed1 k\u1ef9 thu\u1eadt)<\/h2>\n<div class=\"_tableContainer_1rjym_1\">\n<div class=\"group _tableWrapper_1rjym_13 flex w-fit flex-col-reverse\" tabindex=\"-1\">\n<table class=\"w-fit min-w-(--thread-content-width)\" data-start=\"1632\" data-end=\"3623\">\n<thead data-start=\"1632\" data-end=\"1754\">\n<tr data-start=\"1632\" data-end=\"1754\">\n<th data-start=\"1632\" data-end=\"1653\" data-col-size=\"sm\">Lo\u1ea1i<\/th>\n<th data-start=\"1653\" data-end=\"1681\" data-col-size=\"sm\">Tham s\u1ed1<\/th>\n<th data-start=\"1681\" data-end=\"1754\" data-col-size=\"lg\">Gi\u00e1 tr\u1ecb<\/th>\n<\/tr>\n<\/thead>\n<tbody data-start=\"1877\" data-end=\"3623\">\n<tr data-start=\"1877\" data-end=\"1998\">\n<td data-start=\"1877\" data-end=\"1897\" data-col-size=\"sm\">S\u1ea3n ph\u1ea9m<\/td>\n<td data-col-size=\"sm\" data-start=\"1897\" data-end=\"1925\">Ki\u1ec3u<\/td>\n<td data-col-size=\"lg\" data-start=\"1925\" data-end=\"1998\">V\u00f2ng \u0111eo tay RFID\/NFC \u0111\u00e0n h\u1ed3i t\u00f9y ch\u1ec9nh<\/td>\n<\/tr>\n<tr data-start=\"1999\" data-end=\"2120\">\n<td data-start=\"1999\" data-end=\"2019\" data-col-size=\"sm\">Nguy\u00ean v\u1eadt li\u1ec7u<\/td>\n<td data-col-size=\"sm\" data-start=\"2019\" data-end=\"2047\">Ban nh\u1ea1c<\/td>\n<td data-col-size=\"lg\" data-start=\"2047\" data-end=\"2120\">Polyester v\u00e0 nylon<\/td>\n<\/tr>\n<tr data-start=\"2121\" data-end=\"2242\">\n<td data-start=\"2121\" data-end=\"2141\" data-col-size=\"sm\">K\u00edch th\u01b0\u1edbc<\/td>\n<td data-col-size=\"sm\" data-start=\"2141\" data-end=\"2169\">K\u00edch th\u01b0\u1edbc ti\u00eau chu\u1ea9n<\/td>\n<td data-col-size=\"lg\" data-start=\"2169\" data-end=\"2242\">185\u00d713 mm (con tr\u01b0\u1edfng th\u00e0nh l\u1edbn); 160\u00d713 mm (con non\/con tr\u01b0\u1edfng th\u00e0nh nh\u1ecf)<\/td>\n<\/tr>\n<tr data-start=\"2243\" data-end=\"2364\">\n<td data-start=\"2243\" data-end=\"2263\" data-col-size=\"sm\"><\/td>\n<td data-col-size=\"sm\" data-start=\"2263\" data-end=\"2291\">Ph\u1ea1m vi t\u00f9y ch\u1ec9nh<\/td>\n<td data-col-size=\"lg\" data-start=\"2291\" data-end=\"2364\">Chi\u1ec1u d\u00e0i 140\u2013210 mm; chi\u1ec1u cao 13 mm<\/td>\n<\/tr>\n<tr data-start=\"2365\" data-end=\"2486\">\n<td data-start=\"2365\" data-end=\"2385\" data-col-size=\"sm\">T\u1ea7n s\u1ed1 v\u00f4 tuy\u1ebfn<\/td>\n<td data-col-size=\"sm\" data-start=\"2385\" data-end=\"2413\">T\u00ednh th\u01b0\u1eddng xuy\u00ean<\/td>\n<td data-col-size=\"lg\" data-start=\"2413\" data-end=\"2486\">T\u1ea7n s\u1ed1 cao 13,56 MHz<\/td>\n<\/tr>\n<tr data-start=\"2487\" data-end=\"2608\">\n<td data-start=\"2487\" data-end=\"2507\" data-col-size=\"sm\"><\/td>\n<td data-col-size=\"sm\" data-start=\"2507\" data-end=\"2535\">Giao th\u1ee9c<\/td>\n<td data-col-size=\"lg\" data-start=\"2535\" data-end=\"2608\">ISO14443A; ISO15693; ISO7814; ISO7815; ISO18000-6C<\/td>\n<\/tr>\n<tr data-start=\"2609\" data-end=\"2730\">\n<td data-start=\"2609\" data-end=\"2629\" data-col-size=\"sm\">C\u00e1 nh\u00e2n h\u00f3a<\/td>\n<td data-col-size=\"sm\" data-start=\"2629\" data-end=\"2657\">M\u00e0u s\u1eafc<\/td>\n<td data-col-size=\"lg\" data-start=\"2657\" data-end=\"2730\">M\u00e0u PMS t\u00f9y ch\u1ec9nh<\/td>\n<\/tr>\n<tr data-start=\"2731\" data-end=\"2852\">\n<td data-start=\"2731\" data-end=\"2751\" data-col-size=\"sm\"><\/td>\n<td data-col-size=\"sm\" data-start=\"2751\" data-end=\"2779\">In \u1ea5n<\/td>\n<td data-col-size=\"lg\" data-start=\"2779\" data-end=\"2852\">In th\u0103ng hoa to\u00e0n m\u00e0u (b\u00ean trong\/b\u00ean ngo\u00e0i)<\/td>\n<\/tr>\n<tr data-start=\"2853\" data-end=\"2978\">\n<td data-start=\"2853\" data-end=\"2873\" data-col-size=\"sm\">Th\u1ee7 c\u00f4ng m\u1ef9 ngh\u1ec7<\/td>\n<td data-col-size=\"sm\" data-start=\"2873\" data-end=\"2901\">M\u00e3 h\u00f3a\/\u0110\u00e1nh d\u1ea5u<\/td>\n<td data-col-size=\"lg\" data-start=\"2901\" data-end=\"2978\">Serial\/UID, QR, m\u00e3 v\u1ea1ch; m\u00e3 h\u00f3a\/kh\u00f3a\/m\u00e3 h\u00f3a chip (URL\/v\u0103n b\u1ea3n\/s\u1ed1\/vCard)<\/td>\n<\/tr>\n<tr data-start=\"2979\" data-end=\"3100\">\n<td data-start=\"2979\" data-end=\"2999\" data-col-size=\"sm\">Hi\u1ec7u su\u1ea5t<\/td>\n<td data-col-size=\"sm\" data-start=\"2999\" data-end=\"3027\">T\u00ednh n\u0103ng<\/td>\n<td data-col-size=\"lg\" data-start=\"3027\" data-end=\"3100\">100% ch\u1ed1ng n\u01b0\u1edbc<\/td>\n<\/tr>\n<tr data-start=\"3101\" data-end=\"3257\">\n<td data-start=\"3101\" data-end=\"3121\" data-col-size=\"sm\">\u1ee8ng d\u1ee5ng<\/td>\n<td data-col-size=\"sm\" data-start=\"3121\" data-end=\"3149\">C\u00e1c tr\u01b0\u1eddng h\u1ee3p s\u1eed d\u1ee5ng<\/td>\n<td data-col-size=\"lg\" data-start=\"3149\" data-end=\"3257\">B\u00e1n v\u00e9, ki\u1ec3m so\u00e1t ra v\u00e0o, thanh to\u00e1n kh\u00f4ng d\u00f9ng ti\u1ec1n m\u1eb7t, ch\u0103m s\u00f3c s\u1ee9c kh\u1ecfe, ch\u1ea5m c\u00f4ng, b\u00e3i \u0111\u1eadu xe, th\u00e0nh vi\u00ean, ph\u1ea7n th\u01b0\u1edfng<\/td>\n<\/tr>\n<tr data-start=\"3258\" data-end=\"3379\">\n<td data-start=\"3258\" data-end=\"3278\" data-col-size=\"sm\">H\u1eadu c\u1ea7n<\/td>\n<td data-col-size=\"sm\" data-start=\"3278\" data-end=\"3306\">MOQ<\/td>\n<td data-col-size=\"lg\" data-start=\"3306\" data-end=\"3379\">500 chi\u1ebfc<\/td>\n<\/tr>\n<tr data-start=\"3380\" data-end=\"3501\">\n<td data-start=\"3380\" data-end=\"3400\" data-col-size=\"sm\">L\u1ea5y m\u1eabu<\/td>\n<td data-col-size=\"sm\" data-start=\"3400\" data-end=\"3428\">Ch\u00ednh s\u00e1ch<\/td>\n<td data-col-size=\"lg\" data-start=\"3428\" data-end=\"3501\">M\u1eabu h\u00e0ng mi\u1ec5n ph\u00ed; ng\u01b0\u1eddi mua tr\u1ea3 ph\u00ed v\u1eadn chuy\u1ec3n<\/td>\n<\/tr>\n<tr data-start=\"3502\" data-end=\"3623\">\n<td data-start=\"3502\" data-end=\"3522\" data-col-size=\"sm\">Nh\u1eefng l\u1ee3i \u00edch<\/td>\n<td data-col-size=\"sm\" data-start=\"3522\" data-end=\"3550\">\u0110i\u1ec3m n\u1ed5i b\u1eadt<\/td>\n<td data-col-size=\"lg\" data-start=\"3550\" data-end=\"3623\">V\u1eeba v\u1eb7n \u0111\u00e0n h\u1ed3i, c\u00f3 th\u1ec3 t\u00e1i s\u1eed d\u1ee5ng, c\u00f3 th\u1ec3 g\u1eafn nh\u00e3n hi\u1ec7u, t\u01b0\u01a1ng th\u00edch v\u1edbi \u0111\u1ea7u \u0111\u1ecdc NFC\/RFID<\/td>\n<\/tr>\n<\/tbody>\n<\/table>\n<\/div>\n<\/div>","protected":false},"excerpt":{"rendered":"<p>V\u00f2ng \u0111eo tay RFID\/NFC d\u1ec7t \u0111\u00e0n h\u1ed3i d\u00f9ng cho s\u1ef1 ki\u1ec7n v\u00e0 ki\u1ec3m so\u00e1t ra v\u00e0o\u2014k\u00edch th\u01b0\u1edbc\/m\u00e0u s\u1eafc t\u00f9y ch\u1ec9nh, 100% ch\u1ed1ng th\u1ea5m n\u01b0\u1edbc, c\u00f3 th\u1ec3 t\u00e1i s\u1eed d\u1ee5ng v\u00e0 c\u00f3 th\u1ec3 g\u1eafn nh\u00e3n hi\u1ec7u v\u1edbi ch\u1ee9c n\u0103ng in m\u00e0u v\u00e0 m\u00e3 h\u00f3a chip.<\/p>","protected":false},"featured_media":778,"template":"","meta":{"_gspb_post_css":""},"product_brand":[],"product_cat":[21],"product_tag":[],"class_list":{"0":"post-777","1":"product","2":"type-product","3":"status-publish","4":"has-post-thumbnail","6":"product_cat-rfid-nfc-bracelets","8":"first","9":"instock","10":"shipping-taxable","11":"purchasable","12":"product-type-simple"},"_links":{"self":[{"href":"https:\/\/www.cxjsmartcard.com\/vi\/wp-json\/wp\/v2\/product\/777","targetHints":{"allow":["GET"]}}],"collection":[{"href":"https:\/\/www.cxjsmartcard.com\/vi\/wp-json\/wp\/v2\/product"}],"about":[{"href":"https:\/\/www.cxjsmartcard.com\/vi\/wp-json\/wp\/v2\/types\/product"}],"wp:featuredmedia":[{"embeddable":true,"href":"https:\/\/www.cxjsmartcard.com\/vi\/wp-json\/wp\/v2\/media\/778"}],"wp:attachment":[{"href":"https:\/\/www.cxjsmartcard.com\/vi\/wp-json\/wp\/v2\/media?parent=777"}],"wp:term":[{"taxonomy":"product_brand","embeddable":true,"href":"https:\/\/www.cxjsmartcard.com\/vi\/wp-json\/wp\/v2\/product_brand?post=777"},{"taxonomy":"product_cat","embeddable":true,"href":"https:\/\/www.cxjsmartcard.com\/vi\/wp-json\/wp\/v2\/product_cat?post=777"},{"taxonomy":"product_tag","embeddable":true,"href":"https:\/\/www.cxjsmartcard.com\/vi\/wp-json\/wp\/v2\/product_tag?post=777"}],"curies":[{"name":"trang web","href":"https:\/\/api.w.org\/{rel}","templated":true}]}}