{"id":772,"date":"2025-11-03T07:28:48","date_gmt":"2025-11-03T07:28:48","guid":{"rendered":"https:\/\/www.cxjsmartcard.com\/?post_type=product&#038;p=772"},"modified":"2025-12-29T01:27:10","modified_gmt":"2025-12-29T01:27:10","slug":"custom-nfc-fabric-woven-bracelet-rfid-wristband-for-festival","status":"publish","type":"product","link":"https:\/\/www.cxjsmartcard.com\/vi\/custom-nfc-fabric-woven-bracelet-rfid-wristband-for-festival\/","title":{"rendered":"V\u00f2ng \u0111eo tay RFID d\u1ec7t v\u1ea3i NFC t\u00f9y ch\u1ec9nh cho l\u1ec5 h\u1ed9i"},"content":{"rendered":"<p data-start=\"72\" data-end=\"240\">V\u00f2ng \u0111eo tay RFID d\u1ec7t v\u1ea3i NFC t\u00f9y ch\u1ec9nh l\u00e0 gi\u1ea3i ph\u00e1p b\u1ec1n, ch\u1ed1ng th\u1ea5m n\u01b0\u1edbc v\u00e0 an to\u00e0n cho vi\u1ec7c ki\u1ec3m so\u00e1t ra v\u00e0o, thanh to\u00e1n kh\u00f4ng d\u00f9ng ti\u1ec1n m\u1eb7t v\u00e0 qu\u1ea3n l\u00fd s\u1ef1 ki\u1ec7n.<\/p>\n<p data-start=\"242\" data-end=\"277\"><strong data-start=\"242\" data-end=\"255\">Nguy\u00ean v\u1eadt li\u1ec7u<\/strong><br data-start=\"255\" data-end=\"258\" \/>PVC + v\u1ea3i d\u1ec7t.<\/p>\n<p data-start=\"279\" data-end=\"342\"><strong data-start=\"279\" data-end=\"292\">Giao th\u1ee9c<\/strong><br data-start=\"292\" data-end=\"295\" \/>ISO 11785, ISO 15693, ISO 14443A, ISO 18000-6C.<\/p>\n<p data-start=\"344\" data-end=\"443\"><strong data-start=\"344\" data-end=\"368\">K\u00edch th\u01b0\u1edbc (c\u00f3 th\u1ec3 t\u00f9y ch\u1ec9nh)<\/strong><br data-start=\"368\" data-end=\"371\" \/>47\u00d747\u00d70,8 mm; 55,21\u00d756\u00d70,8 mm; 45\u00d740\u00d70,8 mm; 30\u00d747\u00d70,8 mm; 41\u00d726\u00d70,8 mm.<\/p>\n<p data-start=\"445\" data-end=\"519\"><strong data-start=\"445\" data-end=\"479\">Kho\u1ea3ng c\u00e1ch \u0111\u1ecdc (ph\u1ee5 thu\u1ed9c v\u00e0o chip)<\/strong><br data-start=\"479\" data-end=\"482\" \/>LF: 1\u20134 cm \u2022 HF: 1\u20136 cm \u2022 UHF: 1\u20136 m.<\/p>\n<p data-start=\"521\" data-end=\"644\"><strong data-start=\"521\" data-end=\"541\">H\u00e0ng th\u1ee7 c\u00f4ng c\u00f3 s\u1eb5n<\/strong><br data-start=\"541\" data-end=\"544\" \/>In l\u1ee5a ho\u1eb7c in nhi\u1ec1u m\u00e0u; logo\/m\u00e3 UID laser; s\u1ed1 s\u00ea-ri; m\u00e3 QR; m\u00e3 h\u00f3a d\u1eef li\u1ec7u.<\/p>\n<p data-start=\"646\" data-end=\"752\"><strong data-start=\"646\" data-end=\"662\">\u1ee8ng d\u1ee5ng<\/strong><br data-start=\"662\" data-end=\"665\" \/>S\u1ef1 ki\u1ec7n, l\u1ec5 h\u1ed9i, tr\u01b0\u1eddng h\u1ecdc, c\u00f4ng vi\u00ean gi\u1ea3i tr\u00ed, trung t\u00e2m \u00e2m nh\u1ea1c v\u00e0 ki\u1ec3m so\u00e1t ra v\u00e0o chung.<\/p>\n<p data-start=\"754\" data-end=\"844\"><strong data-start=\"754\" data-end=\"778\">T\u00f9y ch\u1ecdn c\u00e0i \u0111\u1eb7t<\/strong><br data-start=\"778\" data-end=\"781\" \/>V\u00f2ng \u0111eo tay kh\u00f3a tr\u01b0\u1ee3t d\u00f9ng m\u1ed9t l\u1ea7n; v\u00f2ng \u0111eo tay c\u00f3 th\u1ec3 \u0111i\u1ec1u ch\u1ec9nh v\u00e0 t\u00e1i s\u1eed d\u1ee5ng.<\/p>\n<p data-start=\"846\" data-end=\"1312\"><strong data-start=\"846\" data-end=\"877\">L\u1ee3i \u00edch c\u1ee7a v\u00f2ng \u0111eo tay RFID<\/strong><br data-start=\"877\" data-end=\"880\" \/>T\u0103ng doanh thu; t\u1ed1i \u0111a h\u00f3a l\u1ee3i nhu\u1eadn; t\u0103ng t\u1ed1c \u0111\u1ed9 d\u1ecbch v\u1ee5; n\u00e2ng cao hi\u1ec7u qu\u1ea3 ho\u1ea1t \u0111\u1ed9ng; lo\u1ea1i b\u1ecf c\u00e1c v\u1ea5n \u0111\u1ec1 x\u1eed l\u00fd ti\u1ec1n m\u1eb7t; h\u1ee3p l\u00fd h\u00f3a quy tr\u00ecnh v\u00e0 th\u1ee7 t\u1ee5c; ng\u0103n ch\u1eb7n vi\u1ec7c nh\u1eadp h\u1ecdc gian l\u1eadn ho\u1eb7c gi\u1ea3 m\u1ea1o.<br data-start=\"1093\" data-end=\"1096\" \/>Chip RFID \u0111\u01b0\u1ee3c nh\u00fang trong v\u00f2ng \u0111eo tay cho ph\u00e9p ki\u1ec3m so\u00e1t truy c\u1eadp, thanh to\u00e1n kh\u00f4ng d\u00f9ng ti\u1ec1n m\u1eb7t, thu th\u1eadp d\u1eef li\u1ec7u, t\u01b0\u01a1ng t\u00e1c x\u00e3 h\u1ed9i, v.v.\u2014h\u1ed7 tr\u1ee3 LF (125\u2013134 kHz), HF (13,56 MHz) v\u00e0 UHF (860\u2013960 MHz) \u0111\u1ec3 ph\u00f9 h\u1ee3p v\u1edbi nhi\u1ec1u tri\u1ec3n khai kh\u00e1c nhau.<\/p>\n<h2 data-start=\"1314\" data-end=\"1339\">B\u1ea3ng (Th\u00f4ng s\u1ed1 k\u1ef9 thu\u1eadt)<\/h2>\n<div class=\"_tableContainer_1rjym_1\">\n<div class=\"group _tableWrapper_1rjym_13 flex w-fit flex-col-reverse\" tabindex=\"-1\">\n<table class=\"w-fit min-w-(--thread-content-width)\" data-start=\"1341\" data-end=\"2618\">\n<thead data-start=\"1341\" data-end=\"1455\">\n<tr data-start=\"1341\" data-end=\"1455\">\n<th data-start=\"1341\" data-end=\"1359\" data-col-size=\"sm\">Lo\u1ea1i<\/th>\n<th data-start=\"1359\" data-end=\"1382\" data-col-size=\"sm\">Tham s\u1ed1<\/th>\n<th data-start=\"1382\" data-end=\"1455\" data-col-size=\"md\">Gi\u00e1 tr\u1ecb<\/th>\n<\/tr>\n<\/thead>\n<tbody data-start=\"1571\" data-end=\"2618\">\n<tr data-start=\"1571\" data-end=\"1685\">\n<td data-start=\"1571\" data-end=\"1589\" data-col-size=\"sm\">S\u1ea3n ph\u1ea9m<\/td>\n<td data-col-size=\"sm\" data-start=\"1589\" data-end=\"1612\">Ki\u1ec3u<\/td>\n<td data-col-size=\"md\" data-start=\"1612\" data-end=\"1685\">V\u00f2ng \u0111eo tay RFID d\u1ec7t v\u1ea3i NFC t\u00f9y ch\u1ec9nh<\/td>\n<\/tr>\n<tr data-start=\"1686\" data-end=\"1800\">\n<td data-start=\"1686\" data-end=\"1704\" data-col-size=\"sm\">Nguy\u00ean v\u1eadt li\u1ec7u<\/td>\n<td data-col-size=\"sm\" data-start=\"1704\" data-end=\"1727\">Th\u00e2n h\u00ecnh<\/td>\n<td data-col-size=\"md\" data-start=\"1727\" data-end=\"1800\">PVC + D\u1ec7t<\/td>\n<\/tr>\n<tr data-start=\"1801\" data-end=\"1915\">\n<td data-start=\"1801\" data-end=\"1819\" data-col-size=\"sm\">T\u1ea7n s\u1ed1 v\u00f4 tuy\u1ebfn<\/td>\n<td data-col-size=\"sm\" data-start=\"1819\" data-end=\"1842\">Giao th\u1ee9c<\/td>\n<td data-col-size=\"md\" data-start=\"1842\" data-end=\"1915\">ISO 11785; ISO 15693; ISO 14443A; ISO 18000-6C<\/td>\n<\/tr>\n<tr data-start=\"1916\" data-end=\"2030\">\n<td data-start=\"1916\" data-end=\"1934\" data-col-size=\"sm\"><\/td>\n<td data-col-size=\"sm\" data-start=\"1934\" data-end=\"1957\">T\u1ea7n s\u1ed1<\/td>\n<td data-col-size=\"md\" data-start=\"1957\" data-end=\"2030\">LF 125\u2013134 kHz; HF 13,56 MHz; UHF 860\u2013960 MHz<\/td>\n<\/tr>\n<tr data-start=\"2031\" data-end=\"2145\">\n<td data-start=\"2031\" data-end=\"2049\" data-col-size=\"sm\">Hi\u1ec7u su\u1ea5t<\/td>\n<td data-col-size=\"sm\" data-start=\"2049\" data-end=\"2072\">Kho\u1ea3ng c\u00e1ch \u0111\u1ecdc<\/td>\n<td data-col-size=\"md\" data-start=\"2072\" data-end=\"2145\">LF 1\u20134 cm; HF 1\u20136 cm; UHF 1\u20136 m (ph\u1ee5 thu\u1ed9c v\u00e0o chip\/\u0111\u1ea7u \u0111\u1ecdc)<\/td>\n<\/tr>\n<tr data-start=\"2146\" data-end=\"2262\">\n<td data-start=\"2146\" data-end=\"2164\" data-col-size=\"sm\">K\u00edch th\u01b0\u1edbc<\/td>\n<td data-col-size=\"sm\" data-start=\"2164\" data-end=\"2187\">T\u00f9y ch\u1ecdn k\u00edch th\u01b0\u1edbc<\/td>\n<td data-col-size=\"md\" data-start=\"2187\" data-end=\"2262\">47\u00d747\u00d70,8 mm; 55,21\u00d756\u00d70,8 mm; 45\u00d740\u00d70,8 mm; 30\u00d747\u00d70,8 mm; 41\u00d726\u00d70,8 mm<\/td>\n<\/tr>\n<tr data-start=\"2263\" data-end=\"2385\">\n<td data-start=\"2263\" data-end=\"2281\" data-col-size=\"sm\">C\u00e1 nh\u00e2n h\u00f3a<\/td>\n<td data-col-size=\"sm\" data-start=\"2281\" data-end=\"2304\">In \u1ea5n\/M\u00e3 h\u00f3a<\/td>\n<td data-col-size=\"md\" data-start=\"2304\" data-end=\"2385\">In l\u1ee5a ho\u1eb7c in nhi\u1ec1u m\u00e0u; logo\/laser UID; s\u1ed1 s\u00ea-ri; m\u00e3 QR; m\u00e3 h\u00f3a d\u1eef li\u1ec7u<\/td>\n<\/tr>\n<tr data-start=\"2386\" data-end=\"2503\">\n<td data-start=\"2386\" data-end=\"2404\" data-col-size=\"sm\">\u1ee8ng d\u1ee5ng<\/td>\n<td data-col-size=\"sm\" data-start=\"2404\" data-end=\"2427\">C\u00e1c tr\u01b0\u1eddng h\u1ee3p s\u1eed d\u1ee5ng \u0111i\u1ec3n h\u00ecnh<\/td>\n<td data-col-size=\"md\" data-start=\"2427\" data-end=\"2503\">L\u1ed1i v\u00e0o s\u1ef1 ki\u1ec7n\/l\u1ec5 h\u1ed9i, qu\u1ea3n l\u00fd tr\u01b0\u1eddng h\u1ecdc v\u00e0 trung t\u00e2m \u00e2m nh\u1ea1c, ki\u1ec3m so\u00e1t ra v\u00e0o<\/td>\n<\/tr>\n<tr data-start=\"2504\" data-end=\"2618\">\n<td data-start=\"2504\" data-end=\"2522\" data-col-size=\"sm\">C\u00e0i \u0111\u1eb7t<\/td>\n<td data-col-size=\"sm\" data-start=\"2522\" data-end=\"2545\">C\u00e1c lo\u1ea1i v\u00f2ng \u0111eo tay<\/td>\n<td data-col-size=\"md\" data-start=\"2545\" data-end=\"2618\">Kh\u00f3a tr\u01b0\u1ee3t d\u00f9ng m\u1ed9t l\u1ea7n; c\u00f3 th\u1ec3 \u0111i\u1ec1u ch\u1ec9nh v\u00e0 t\u00e1i s\u1eed d\u1ee5ng<\/td>\n<\/tr>\n<\/tbody>\n<\/table>\n<\/div>\n<\/div>","protected":false},"excerpt":{"rendered":"<p>V\u00f2ng \u0111eo tay RFID d\u1ec7t b\u1eb1ng v\u1ea3i d\u00f9ng cho s\u1ef1 ki\u1ec7n v\u00e0 ki\u1ec3m so\u00e1t ra v\u00e0o\u2014b\u1ec1n, ch\u1ed1ng th\u1ea5m n\u01b0\u1edbc v\u00e0 c\u00f3 th\u1ec3 t\u00f9y ch\u1ec9nh; h\u1ed7 tr\u1ee3 LF\/HF\/UHF, nhi\u1ec1u k\u00edch c\u1ee1 v\u00e0 d\u00e2y \u0111eo d\u00f9ng m\u1ed9t l\u1ea7n ho\u1eb7c t\u00e1i s\u1eed d\u1ee5ng.<\/p>","protected":false},"featured_media":773,"template":"","meta":{"_gspb_post_css":""},"product_brand":[],"product_cat":[21],"product_tag":[],"class_list":{"0":"post-772","1":"product","2":"type-product","3":"status-publish","4":"has-post-thumbnail","6":"product_cat-rfid-nfc-bracelets","8":"first","9":"instock","10":"shipping-taxable","11":"purchasable","12":"product-type-simple"},"_links":{"self":[{"href":"https:\/\/www.cxjsmartcard.com\/vi\/wp-json\/wp\/v2\/product\/772","targetHints":{"allow":["GET"]}}],"collection":[{"href":"https:\/\/www.cxjsmartcard.com\/vi\/wp-json\/wp\/v2\/product"}],"about":[{"href":"https:\/\/www.cxjsmartcard.com\/vi\/wp-json\/wp\/v2\/types\/product"}],"wp:featuredmedia":[{"embeddable":true,"href":"https:\/\/www.cxjsmartcard.com\/vi\/wp-json\/wp\/v2\/media\/773"}],"wp:attachment":[{"href":"https:\/\/www.cxjsmartcard.com\/vi\/wp-json\/wp\/v2\/media?parent=772"}],"wp:term":[{"taxonomy":"product_brand","embeddable":true,"href":"https:\/\/www.cxjsmartcard.com\/vi\/wp-json\/wp\/v2\/product_brand?post=772"},{"taxonomy":"product_cat","embeddable":true,"href":"https:\/\/www.cxjsmartcard.com\/vi\/wp-json\/wp\/v2\/product_cat?post=772"},{"taxonomy":"product_tag","embeddable":true,"href":"https:\/\/www.cxjsmartcard.com\/vi\/wp-json\/wp\/v2\/product_tag?post=772"}],"curies":[{"name":"trang web","href":"https:\/\/api.w.org\/{rel}","templated":true}]}}