{"id":767,"date":"2025-11-03T07:23:32","date_gmt":"2025-11-03T07:23:32","guid":{"rendered":"https:\/\/www.cxjsmartcard.com\/?post_type=product&#038;p=767"},"modified":"2025-12-29T01:27:10","modified_gmt":"2025-12-29T01:27:10","slug":"waterproof-uhf-industrial-rfid-flexible-silicone-laundry-tag","status":"publish","type":"product","link":"https:\/\/www.cxjsmartcard.com\/vi\/waterproof-uhf-industrial-rfid-flexible-silicone-laundry-tag\/","title":{"rendered":"Th\u1ebb gi\u1eb7t \u1ee7i b\u1eb1ng silicon d\u1ebbo RFID c\u00f4ng nghi\u1ec7p UHF ch\u1ed1ng n\u01b0\u1edbc"},"content":{"rendered":"<p data-start=\"72\" data-end=\"463\">Th\u1ebb gi\u1eb7t UHF silicon d\u1ebbo \u0111\u01b0\u1ee3c thi\u1ebft k\u1ebf cho gi\u1eb7t c\u00f4ng nghi\u1ec7p v\u00e0 qu\u1ea3n l\u00fd h\u00e0ng d\u1ec7t may. Th\u1ebb c\u00f3 kh\u1ea3 n\u0103ng ch\u1ed1ng n\u01b0\u1edbc, ch\u1ecbu nhi\u1ec7t v\u00e0 ch\u1ecbu \u0111\u01b0\u1ee3c th\u1eddi ti\u1ebft, ho\u1ea1t \u0111\u1ed9ng trong b\u0103ng t\u1ea7n 860\u2013960 MHz v\u00e0 h\u1ed7 tr\u1ee3 ISO\/IEC 18000-6C (EPC Gen2). \u0110\u1eb7c bi\u1ec7t ph\u00f9 h\u1ee3p cho gi\u1eb7t c\u00f4ng nghi\u1ec7p qu\u1ea7n \u00e1o v\u00e0 v\u1ea3i lanh, ch\u1ecbu \u0111\u01b0\u1ee3c nhi\u1ec7t \u0111\u1ed9 cao, \u00e1p su\u1ea5t cao v\u00e0 h\u01a1n 200 chu k\u1ef3 gi\u1eb7t c\u00f4ng nghi\u1ec7p.<\/p>\n<p data-start=\"465\" data-end=\"488\"><strong data-start=\"465\" data-end=\"486\">\u0110\u1ea3m b\u1ea3o ch\u1ea5t l\u01b0\u1ee3ng<\/strong><\/p>\n<ul data-start=\"489\" data-end=\"581\">\n<li data-start=\"489\" data-end=\"545\">\n<p data-start=\"491\" data-end=\"545\">Ch\u1ee9c n\u0103ng 100% \u0111\u01b0\u1ee3c ki\u1ec3m tra b\u1edfi Voyantic Performance Tester.<\/p>\n<\/li>\n<li data-start=\"546\" data-end=\"581\">\n<p data-start=\"548\" data-end=\"581\">\u0110\u00e3 ki\u1ec3m tra 100% EPC v\u00e0 b\u1ed9 nh\u1edb ng\u01b0\u1eddi d\u00f9ng.<\/p>\n<\/li>\n<\/ul>\n<p data-start=\"583\" data-end=\"614\"><strong data-start=\"583\" data-end=\"612\">Th\u00f4ng s\u1ed1 k\u1ef9 thu\u1eadt \u0111i\u1ec7n<\/strong><\/p>\n<ul data-start=\"615\" data-end=\"886\">\n<li data-start=\"615\" data-end=\"664\">\n<p data-start=\"617\" data-end=\"664\">Giao di\u1ec7n kh\u00f4ng kh\u00ed: EPC Class 1 Gen2, ISO 18000-6C<\/p>\n<\/li>\n<li data-start=\"665\" data-end=\"705\">\n<p data-start=\"667\" data-end=\"705\">Lo\u1ea1i thi\u1ebft b\u1ecb: B\u1ed9 \u0111\u00e1p UHF th\u1ee5 \u0111\u1ed9ng<\/p>\n<\/li>\n<li data-start=\"706\" data-end=\"744\">\n<p data-start=\"708\" data-end=\"744\">T\u1ea7n s\u1ed1 ho\u1ea1t \u0111\u1ed9ng: 865\u2013928 MHz<\/p>\n<\/li>\n<li data-start=\"745\" data-end=\"834\">\n<p data-start=\"747\" data-end=\"834\">B\u1ed9 nh\u1edb (c\u1ea5u h\u00ecnh IC th\u00f4ng th\u01b0\u1eddng): EPC 128 bit; Ng\u01b0\u1eddi d\u00f9ng 32 bit; M\u1eadt kh\u1ea9u 32 bit; TID 96 bit<\/p>\n<\/li>\n<li data-start=\"835\" data-end=\"859\">\n<p data-start=\"837\" data-end=\"859\">Ph\u00e2n c\u1ef1c: Tuy\u1ebfn t\u00ednh<\/p>\n<\/li>\n<li data-start=\"860\" data-end=\"886\">\n<p data-start=\"862\" data-end=\"886\">L\u01b0u gi\u1eef d\u1eef li\u1ec7u: 10 n\u0103m<\/p>\n<\/li>\n<\/ul>\n<p data-start=\"888\" data-end=\"916\"><strong data-start=\"888\" data-end=\"914\">C\u01a1 kh\u00ed &amp; V\u1eadt li\u1ec7u<\/strong><\/p>\n<ul data-start=\"917\" data-end=\"1077\">\n<li data-start=\"917\" data-end=\"960\">\n<p data-start=\"919\" data-end=\"960\">K\u00edch th\u01b0\u1edbc (th\u1ebb v\u1ea3i): 60 \u00d7 20 \u00d7 1 mm<\/p>\n<\/li>\n<li data-start=\"961\" data-end=\"1043\">\n<p data-start=\"963\" data-end=\"1043\">K\u00edch th\u01b0\u1edbc (th\u1ebb silicon): 85 \u00d7 27 \u00d7 4 mm; 55 \u00d7 12 \u00d7 2,5 mm (c\u00f3 s\u1eb5n c\u00e1c k\u00edch th\u01b0\u1edbc kh\u00e1c)<\/p>\n<\/li>\n<li data-start=\"1044\" data-end=\"1077\">\n<p data-start=\"1046\" data-end=\"1077\">V\u1eadt li\u1ec7u th\u1ebb: V\u1ea3i, Silicone<\/p>\n<\/li>\n<\/ul>\n<p data-start=\"1079\" data-end=\"1118\"><strong data-start=\"1079\" data-end=\"1116\">\u0110\u1ed9 b\u1ec1n m\u00f4i tr\u01b0\u1eddng v\u00e0 quy tr\u00ecnh<\/strong><\/p>\n<ul data-start=\"1119\" data-end=\"1352\">\n<li data-start=\"1119\" data-end=\"1181\">\n<p data-start=\"1121\" data-end=\"1181\">Nhi\u1ec7t \u0111\u1ed9 b\u1ea3o qu\u1ea3n: \u221240 \u00b0C \u0111\u1ebfn +120 \u00b0C (\u221240 \u00b0F \u0111\u1ebfn +248 \u00b0F)<\/p>\n<\/li>\n<li data-start=\"1182\" data-end=\"1219\">\n<p data-start=\"1184\" data-end=\"1219\">M\u00e1y \u1ee7i: 180 \u00b0C \u00d7 15 gi\u00e2y, 200 chu k\u1ef3<\/p>\n<\/li>\n<li data-start=\"1220\" data-end=\"1316\">\n<p data-start=\"1222\" data-end=\"1316\">M\u00e1y s\u1ea5y: 85 \u00b0C \u00d7 120 ph\u00fat, 200 chu k\u1ef3; 120 \u00b0C \u00d7 60 ph\u00fat, 200 chu k\u1ef3; 150 \u00b0C \u00d7 20 ph\u00fat, 200 chu k\u1ef3<\/p>\n<\/li>\n<li data-start=\"1317\" data-end=\"1352\">\n<p data-start=\"1319\" data-end=\"1352\">Kh\u1ea3 n\u0103ng ch\u1ecbu \u00e1p su\u1ea5t: l\u00ean \u0111\u1ebfn 56 bar<\/p>\n<\/li>\n<\/ul>\n<p data-start=\"1354\" data-end=\"1372\"><strong data-start=\"1354\" data-end=\"1370\">\u1ee8ng d\u1ee5ng<\/strong><\/p>\n<ul data-start=\"1373\" data-end=\"1510\">\n<li data-start=\"1373\" data-end=\"1394\">\n<p data-start=\"1375\" data-end=\"1394\">Qu\u1ea3n l\u00fd \u0111\u1ed3 v\u1ea3i lanh<\/p>\n<\/li>\n<li data-start=\"1395\" data-end=\"1417\">\n<p data-start=\"1397\" data-end=\"1417\">Qu\u1ea3n l\u00fd th\u1ed1ng nh\u1ea5t<\/p>\n<\/li>\n<li data-start=\"1418\" data-end=\"1449\">\n<p data-start=\"1420\" data-end=\"1449\">Qu\u1ea3n l\u00fd gi\u1eb7t l\u00e0 b\u1ec7nh vi\u1ec7n<\/p>\n<\/li>\n<li data-start=\"1450\" data-end=\"1478\">\n<p data-start=\"1452\" data-end=\"1478\">Qu\u1ea3n l\u00fd gi\u1eb7t l\u00e0 kh\u00e1ch s\u1ea1n<\/p>\n<\/li>\n<li data-start=\"1479\" data-end=\"1510\">\n<p data-start=\"1481\" data-end=\"1510\">Qu\u1ea3n l\u00fd d\u1ec7t may c\u00f4ng nghi\u1ec7p<\/p>\n<\/li>\n<\/ul>\n<p data-start=\"1512\" data-end=\"1666\"><strong data-start=\"1512\" data-end=\"1520\">C\u00e2u h\u1ecfi th\u01b0\u1eddng g\u1eb7p<\/strong><br data-start=\"1520\" data-end=\"1523\" \/><strong data-start=\"1523\" data-end=\"1530\">C\u00e2u h\u1ecfi 1:<\/strong> Nh\u1eefng th\u1ebb RFID n\u00e0y c\u00f3 th\u1ec3 \u0111\u01b0\u1ee3c kh\u00e2u v\u00e0o \u0111\u1ed3ng ph\u1ee5c ho\u1eb7c qu\u1ea7n \u00e1o kh\u00f4ng?<br data-start=\"1585\" data-end=\"1588\" \/><strong data-start=\"1588\" data-end=\"1594\">M\u1ed8T:<\/strong> C\u00f3. Th\u1ebb silicon m\u1ec1m d\u1ebbo c\u00f3 th\u1ec3 \u0111\u01b0\u1ee3c kh\u00e2u, h\u00e0n nhi\u1ec7t ho\u1eb7c nh\u00fang v\u00e0o.<\/p>\n<p data-start=\"1668\" data-end=\"1791\"><strong data-start=\"1668\" data-end=\"1675\">C\u00e2u h\u1ecfi 2:<\/strong> Th\u1ebb n\u00e0y c\u00f3 th\u1ec3 ch\u1ecbu \u0111\u01b0\u1ee3c bao nhi\u00eau chu k\u1ef3 gi\u1eb7t?<br data-start=\"1717\" data-end=\"1720\" \/><strong data-start=\"1720\" data-end=\"1726\">M\u1ed8T:<\/strong> L\u00ean \u0111\u1ebfn 200 chu tr\u00ecnh gi\u1eb7t, t\u00f9y thu\u1ed9c v\u00e0o ch\u1ea5t t\u1ea9y r\u1eeda v\u00e0 nhi\u1ec7t \u0111\u1ed9.<\/p>\n<p data-start=\"1793\" data-end=\"1916\"><strong data-start=\"1793\" data-end=\"1800\">C\u00e2u h\u1ecfi 3:<\/strong> C\u00f3 th\u1ec3 t\u00f9y ch\u1ec9nh \u0111\u01b0\u1ee3c kh\u00f4ng?<br data-start=\"1828\" data-end=\"1831\" \/><strong data-start=\"1831\" data-end=\"1837\">M\u1ed8T:<\/strong> C\u00f3. K\u00edch th\u01b0\u1edbc, m\u00e0u s\u1eafc v\u00e0 th\u01b0\u01a1ng hi\u1ec7u (in logo ho\u1eb7c m\u00e3 QR) c\u00f3 th\u1ec3 t\u00f9y ch\u1ec9nh.<\/p>\n<h2 data-start=\"1918\" data-end=\"1943\">B\u1ea3ng (Th\u00f4ng s\u1ed1 k\u1ef9 thu\u1eadt)<\/h2>\n<div class=\"_tableContainer_1rjym_1\">\n<div class=\"group _tableWrapper_1rjym_13 flex w-fit flex-col-reverse\" tabindex=\"-1\">\n<table class=\"w-fit min-w-(--thread-content-width)\" data-start=\"1945\" data-end=\"4087\">\n<thead data-start=\"1945\" data-end=\"2071\">\n<tr data-start=\"1945\" data-end=\"2071\">\n<th data-start=\"1945\" data-end=\"1970\" data-col-size=\"sm\">Lo\u1ea1i<\/th>\n<th data-start=\"1970\" data-end=\"1998\" data-col-size=\"sm\">Tham s\u1ed1<\/th>\n<th data-start=\"1998\" data-end=\"2071\" data-col-size=\"md\">Gi\u00e1 tr\u1ecb<\/th>\n<\/tr>\n<\/thead>\n<tbody data-start=\"2198\" data-end=\"4087\">\n<tr data-start=\"2198\" data-end=\"2323\">\n<td data-start=\"2198\" data-end=\"2222\" data-col-size=\"sm\">Giao di\u1ec7n RF<\/td>\n<td data-col-size=\"sm\" data-start=\"2222\" data-end=\"2250\">Giao th\u1ee9c<\/td>\n<td data-col-size=\"md\" data-start=\"2250\" data-end=\"2323\">EPC L\u1edbp 1 Gen2 \/ ISO 18000-6C<\/td>\n<\/tr>\n<tr data-start=\"2324\" data-end=\"2449\">\n<td data-start=\"2324\" data-end=\"2348\" data-col-size=\"sm\"><\/td>\n<td data-col-size=\"sm\" data-start=\"2348\" data-end=\"2376\">Lo\u1ea1i thi\u1ebft b\u1ecb<\/td>\n<td data-col-size=\"md\" data-start=\"2376\" data-end=\"2449\">B\u1ed9 \u0111\u00e1p UHF th\u1ee5 \u0111\u1ed9ng<\/td>\n<\/tr>\n<tr data-start=\"2450\" data-end=\"2575\">\n<td data-start=\"2450\" data-end=\"2474\" data-col-size=\"sm\"><\/td>\n<td data-col-size=\"sm\" data-start=\"2474\" data-end=\"2502\">T\u00ednh th\u01b0\u1eddng xuy\u00ean<\/td>\n<td data-col-size=\"md\" data-start=\"2502\" data-end=\"2575\">865\u2013928 MHz (ho\u1ea1t \u0111\u1ed9ng); 860\u2013960 MHz \u0111\u01b0\u1ee3c h\u1ed7 tr\u1ee3<\/td>\n<\/tr>\n<tr data-start=\"2576\" data-end=\"2701\">\n<td data-start=\"2576\" data-end=\"2600\" data-col-size=\"sm\">K\u00fd \u1ee9c<\/td>\n<td data-col-size=\"sm\" data-start=\"2600\" data-end=\"2628\">EPC \/ Ng\u01b0\u1eddi d\u00f9ng \/ Pwd \/ TID<\/td>\n<td data-col-size=\"md\" data-start=\"2628\" data-end=\"2701\">128 bit \/ 32 bit \/ 32 bit \/ 96 bit<\/td>\n<\/tr>\n<tr data-start=\"2702\" data-end=\"2827\">\n<td data-start=\"2702\" data-end=\"2726\" data-col-size=\"sm\">D\u1eef li\u1ec7u<\/td>\n<td data-col-size=\"sm\" data-start=\"2726\" data-end=\"2754\">Gi\u1eef ch\u00e2n<\/td>\n<td data-col-size=\"md\" data-start=\"2754\" data-end=\"2827\">10 n\u0103m<\/td>\n<\/tr>\n<tr data-start=\"2828\" data-end=\"2953\">\n<td data-start=\"2828\" data-end=\"2852\" data-col-size=\"sm\">\u0102ng-ten<\/td>\n<td data-col-size=\"sm\" data-start=\"2852\" data-end=\"2880\">Ph\u00e2n c\u1ef1c<\/td>\n<td data-col-size=\"md\" data-start=\"2880\" data-end=\"2953\">Tuy\u1ebfn t\u00ednh<\/td>\n<\/tr>\n<tr data-start=\"2954\" data-end=\"3079\">\n<td data-start=\"2954\" data-end=\"2978\" data-col-size=\"sm\">Nguy\u00ean v\u1eadt li\u1ec7u<\/td>\n<td data-col-size=\"sm\" data-start=\"2978\" data-end=\"3006\">V\u1eadt li\u1ec7u th\u1ebb<\/td>\n<td data-col-size=\"md\" data-start=\"3006\" data-end=\"3079\">V\u1ea3i, Silicone<\/td>\n<\/tr>\n<tr data-start=\"3080\" data-end=\"3205\">\n<td data-start=\"3080\" data-end=\"3104\" data-col-size=\"sm\">K\u00edch th\u01b0\u1edbc (V\u1ea3i)<\/td>\n<td data-col-size=\"sm\" data-start=\"3104\" data-end=\"3132\">K\u00edch c\u1ee1<\/td>\n<td data-col-size=\"md\" data-start=\"3132\" data-end=\"3205\">60 \u00d7 20 \u00d7 1 mm<\/td>\n<\/tr>\n<tr data-start=\"3206\" data-end=\"3331\">\n<td data-start=\"3206\" data-end=\"3230\" data-col-size=\"sm\">K\u00edch th\u01b0\u1edbc (Silicone)<\/td>\n<td data-col-size=\"sm\" data-start=\"3230\" data-end=\"3258\">T\u00f9y ch\u1ecdn k\u00edch th\u01b0\u1edbc<\/td>\n<td data-col-size=\"md\" data-start=\"3258\" data-end=\"3331\">85 \u00d7 27 \u00d7 4 mm; 55 \u00d7 12 \u00d7 2,5 mm<\/td>\n<\/tr>\n<tr data-start=\"3332\" data-end=\"3457\">\n<td data-start=\"3332\" data-end=\"3356\" data-col-size=\"sm\">M\u00f4i tr\u01b0\u1eddng<\/td>\n<td data-col-size=\"sm\" data-start=\"3356\" data-end=\"3384\">Nhi\u1ec7t \u0111\u1ed9 l\u01b0u tr\u1eef<\/td>\n<td data-col-size=\"md\" data-start=\"3384\" data-end=\"3457\">\u221240 \u00b0C \u0111\u1ebfn +120 \u00b0C<\/td>\n<\/tr>\n<tr data-start=\"3458\" data-end=\"3583\">\n<td data-start=\"3458\" data-end=\"3482\" data-col-size=\"sm\">\u0110\u1ed9 b\u1ec1n c\u1ee7a quy tr\u00ecnh<\/td>\n<td data-col-size=\"sm\" data-start=\"3482\" data-end=\"3510\">Ng\u01b0\u1eddi \u1ee7i \u0111\u1ed3<\/td>\n<td data-col-size=\"md\" data-start=\"3510\" data-end=\"3583\">180 \u00b0C \u00d7 15 gi\u00e2y, 200 chu k\u1ef3<\/td>\n<\/tr>\n<tr data-start=\"3584\" data-end=\"3709\">\n<td data-start=\"3584\" data-end=\"3608\" data-col-size=\"sm\"><\/td>\n<td data-col-size=\"sm\" data-start=\"3608\" data-end=\"3636\">M\u00e1y s\u1ea5y<\/td>\n<td data-col-size=\"md\" data-start=\"3636\" data-end=\"3709\">85 \u00b0C \u00d7 120 ph\u00fat; 120 \u00b0C \u00d7 60 ph\u00fat; 150 \u00b0C \u00d7 20 ph\u00fat (t\u1ea5t c\u1ea3 200 chu k\u1ef3)<\/td>\n<\/tr>\n<tr data-start=\"3710\" data-end=\"3835\">\n<td data-start=\"3710\" data-end=\"3734\" data-col-size=\"sm\">C\u01a1 h\u1ecdc<\/td>\n<td data-col-size=\"sm\" data-start=\"3734\" data-end=\"3762\">Kh\u1ea3 n\u0103ng ch\u1ecbu \u00e1p su\u1ea5t<\/td>\n<td data-col-size=\"md\" data-start=\"3762\" data-end=\"3835\">L\u00ean \u0111\u1ebfn 56 bar<\/td>\n<\/tr>\n<tr data-start=\"3836\" data-end=\"3961\">\n<td data-start=\"3836\" data-end=\"3860\" data-col-size=\"sm\">\u1ee8ng d\u1ee5ng<\/td>\n<td data-col-size=\"sm\" data-start=\"3860\" data-end=\"3888\">C\u00e1c tr\u01b0\u1eddng h\u1ee3p s\u1eed d\u1ee5ng \u0111i\u1ec3n h\u00ecnh<\/td>\n<td data-col-size=\"md\" data-start=\"3888\" data-end=\"3961\">V\u1ea3i lanh, \u0111\u1ed3ng ph\u1ee5c, gi\u1eb7t l\u00e0 b\u1ec7nh vi\u1ec7n &amp; kh\u00e1ch s\u1ea1n, d\u1ec7t may c\u00f4ng nghi\u1ec7p<\/td>\n<\/tr>\n<tr data-start=\"3962\" data-end=\"4087\">\n<td data-start=\"3962\" data-end=\"3986\" data-col-size=\"sm\">\u0110\u1ea3m b\u1ea3o ch\u1ea5t l\u01b0\u1ee3ng<\/td>\n<td data-col-size=\"sm\" data-start=\"3986\" data-end=\"4014\">Ki\u1ec3m tra<\/td>\n<td data-col-size=\"md\" data-start=\"4014\" data-end=\"4087\">\u0110\u00e3 ki\u1ec3m tra hi\u1ec7u su\u1ea5t Voyantic; 100% EPC &amp; B\u1ed9 nh\u1edb ng\u01b0\u1eddi d\u00f9ng \u0111\u00e3 \u0111\u01b0\u1ee3c ki\u1ec3m tra<\/td>\n<\/tr>\n<\/tbody>\n<\/table>\n<\/div>\n<\/div>","protected":false},"excerpt":{"rendered":"<p>Th\u1ebb gi\u1eb7t b\u1eb1ng silicon UHF RFID ch\u1ed1ng n\u01b0\u1edbc linh ho\u1ea1t d\u00e0nh cho h\u00e0ng d\u1ec7t c\u00f4ng nghi\u1ec7p\u2014EPC Gen2, 865\u2013928 MHz, l\u00ean \u0111\u1ebfn 200 chu k\u1ef3, kh\u1ea3 n\u0103ng ch\u1ecbu \u00e1p su\u1ea5t 56 bar; may, d\u00e1n nhi\u1ec7t ho\u1eb7c nh\u00fang.<\/p>","protected":false},"featured_media":768,"template":"","meta":{"_gspb_post_css":""},"product_brand":[],"product_cat":[17,20],"product_tag":[],"class_list":{"0":"post-767","1":"product","2":"type-product","3":"status-publish","4":"has-post-thumbnail","6":"product_cat-rfid-laundry-tags","7":"product_cat-silicone-rfid-laundry-tags","9":"first","10":"instock","11":"shipping-taxable","12":"purchasable","13":"product-type-simple"},"_links":{"self":[{"href":"https:\/\/www.cxjsmartcard.com\/vi\/wp-json\/wp\/v2\/product\/767","targetHints":{"allow":["GET"]}}],"collection":[{"href":"https:\/\/www.cxjsmartcard.com\/vi\/wp-json\/wp\/v2\/product"}],"about":[{"href":"https:\/\/www.cxjsmartcard.com\/vi\/wp-json\/wp\/v2\/types\/product"}],"wp:featuredmedia":[{"embeddable":true,"href":"https:\/\/www.cxjsmartcard.com\/vi\/wp-json\/wp\/v2\/media\/768"}],"wp:attachment":[{"href":"https:\/\/www.cxjsmartcard.com\/vi\/wp-json\/wp\/v2\/media?parent=767"}],"wp:term":[{"taxonomy":"product_brand","embeddable":true,"href":"https:\/\/www.cxjsmartcard.com\/vi\/wp-json\/wp\/v2\/product_brand?post=767"},{"taxonomy":"product_cat","embeddable":true,"href":"https:\/\/www.cxjsmartcard.com\/vi\/wp-json\/wp\/v2\/product_cat?post=767"},{"taxonomy":"product_tag","embeddable":true,"href":"https:\/\/www.cxjsmartcard.com\/vi\/wp-json\/wp\/v2\/product_tag?post=767"}],"curies":[{"name":"trang web","href":"https:\/\/api.w.org\/{rel}","templated":true}]}}