{"id":762,"date":"2025-11-03T07:20:27","date_gmt":"2025-11-03T07:20:27","guid":{"rendered":"https:\/\/www.cxjsmartcard.com\/?post_type=product&#038;p=762"},"modified":"2025-12-29T01:27:10","modified_gmt":"2025-12-29T01:27:10","slug":"passive-silicone-washable-uhf-rfid-laundry-label-for-washing-management","status":"publish","type":"product","link":"https:\/\/www.cxjsmartcard.com\/vi\/passive-silicone-washable-uhf-rfid-laundry-label-for-washing-management\/","title":{"rendered":"Nh\u00e3n gi\u1eb7t UHF RFID silicon th\u1ee5 \u0111\u1ed9ng c\u00f3 th\u1ec3 gi\u1eb7t \u0111\u01b0\u1ee3c \u0111\u1ec3 qu\u1ea3n l\u00fd gi\u1eb7t gi\u0169"},"content":{"rendered":"<p data-start=\"83\" data-end=\"330\">Nh\u00e3n gi\u1eb7t \u1ee7i UHF RFID silicon th\u1ee5 \u0111\u1ed9ng c\u00f3 th\u1ec3 gi\u1eb7t \u0111\u01b0\u1ee3c \u0111\u01b0\u1ee3c thi\u1ebft k\u1ebf d\u00e0nh ri\u00eang cho \u0111i\u1ec1u ki\u1ec7n gi\u1eb7t \u1ee7i. Cho d\u00f9 b\u1ea1n \u0111ang x\u1eed l\u00fd kh\u0103n tr\u1ea3i gi\u01b0\u1eddng b\u1ec7nh vi\u1ec7n, kh\u0103n t\u1eafm kh\u00e1ch s\u1ea1n hay \u0111\u1ed3ng ph\u1ee5c c\u00f4ng s\u1edf, nh\u00e3n n\u00e0y \u0111\u01b0\u1ee3c thi\u1ebft k\u1ebf \u0111\u1ec3 gi\u00fap vi\u1ec7c qu\u1ea3n l\u00fd gi\u1eb7t gi\u0169 tr\u1edf n\u00ean d\u1ec5 d\u00e0ng v\u00e0 \u0111\u00e1ng tin c\u1eady h\u01a1n.<\/p>\n<p data-start=\"332\" data-end=\"538\"><strong data-start=\"332\" data-end=\"378\">Silicone d\u1ebbo cho s\u1ef1 t\u00edch h\u1ee3p li\u1ec1n m\u1ea1ch<\/strong><br data-start=\"378\" data-end=\"381\" \/>\u0110\u01b0\u1ee3c l\u00e0m t\u1eeb silicone m\u1ec1m, k\u00edch th\u01b0\u1edbc <strong data-start=\"415\" data-end=\"435\">55 \u00d7 12 \u00d7 2,5 mm<\/strong> \u0111\u1ee7 m\u1ecfng \u0111\u1ec3 gi\u1ea5u b\u00ean trong c\u1ed5 \u00e1o ho\u1eb7c vi\u1ec1n \u00e1o\u2014ho\u00e0n h\u1ea3o cho \u0111\u1ed3ng ph\u1ee5c, qu\u1ea7n \u00e1o ph\u1eabu thu\u1eadt v\u00e0 th\u1eadm ch\u00ed c\u1ea3 v\u1ea3i m\u1ecfng manh.<\/p>\n<p data-start=\"540\" data-end=\"746\"><strong data-start=\"540\" data-end=\"575\">Th\u00e2n thi\u1ec7n v\u1edbi m\u00f4i tr\u01b0\u1eddng v\u00e0 ti\u1ebft ki\u1ec7m chi ph\u00ed<\/strong><br data-start=\"575\" data-end=\"578\" \/>C\u00f3 th\u1ec3 t\u00e1i s\u1eed d\u1ee5ng cho <strong data-start=\"591\" data-end=\"602\">100\u2013200<\/strong> Chu k\u1ef3 s\u1ea3n xu\u1ea5t \u0111\u1ec3 gi\u1ea3m thi\u1ec3u l\u00e3ng ph\u00ed v\u00e0 gi\u1ea3m thi\u1ec3u t\u1ed5n th\u1ea5t do thi\u1ebfu h\u00e0ng. Theo d\u00f5i t\u1ed1t h\u01a1n c\u0169ng \u0111\u1ed3ng ngh\u0129a v\u1edbi vi\u1ec7c gi\u1ea3m thi\u1ec3u t\u1ed3n kho qu\u00e1 m\u1ee9c - t\u1ed1t cho ng\u00e2n s\u00e1ch v\u00e0 m\u00f4i tr\u01b0\u1eddng.<\/p>\n<p data-start=\"748\" data-end=\"901\"><strong data-start=\"748\" data-end=\"756\">C\u00e2u h\u1ecfi th\u01b0\u1eddng g\u1eb7p<\/strong><br data-start=\"756\" data-end=\"759\" \/><strong data-start=\"759\" data-end=\"765\">H\u1ecfi:<\/strong> T\u00f4i c\u00f3 th\u1ec3 kh\u00e2u nh\u00e3n v\u00e0o qu\u1ea7n \u00e1o kh\u00f4ng?<br data-start=\"798\" data-end=\"801\" \/><strong data-start=\"801\" data-end=\"807\">M\u1ed8T:<\/strong> C\u00f3\u2014thi\u1ebft k\u1ebf linh ho\u1ea1t h\u1ed7 tr\u1ee3 kh\u00e2u, h\u00e0n nhi\u1ec7t ho\u1eb7c ch\u00e8n v\u00e0o \u0111\u01b0\u1eddng n\u1ed1i v\u00e0 c\u1ed5 \u00e1o.<\/p>\n<p data-start=\"903\" data-end=\"1071\"><strong data-start=\"903\" data-end=\"909\">H\u1ecfi:<\/strong> Li\u1ec7u nh\u00e3n n\u00e0y c\u00f3 t\u1ed3n t\u1ea1i \u0111\u01b0\u1ee3c tr\u00ean m\u00e1y gi\u1eb7t v\u00e0 m\u00e1y s\u1ea5y th\u01b0\u01a1ng m\u1ea1i kh\u00f4ng?<br data-start=\"961\" data-end=\"964\" \/><strong data-start=\"964\" data-end=\"970\">M\u1ed8T:<\/strong> Ch\u1eafc ch\u1eafn r\u1ed3i. N\u00f3 \u0111\u00e3 \u0111\u01b0\u1ee3c th\u1eed nghi\u1ec7m <strong data-start=\"999\" data-end=\"1010\">100\u2013200<\/strong> chu tr\u00ecnh gi\u1eb7t c\u00f4ng nghi\u1ec7p, bao g\u1ed3m s\u1ea5y \u1edf nhi\u1ec7t \u0111\u1ed9 cao.<\/p>\n<p data-start=\"1073\" data-end=\"1158\"><strong data-start=\"1073\" data-end=\"1079\">H\u1ecfi:<\/strong> T\u00f4i c\u00f3 th\u1ec3 l\u1ea5y m\u1eabu \u0111\u01b0\u1ee3c kh\u00f4ng?<br data-start=\"1099\" data-end=\"1102\" \/><strong data-start=\"1102\" data-end=\"1108\">M\u1ed8T:<\/strong> C\u00f3\u2014ch\u00fang t\u00f4i c\u00f3 th\u1ec3 cung c\u1ea5p m\u1eabu \u0111\u1ec3 th\u1eed nghi\u1ec7m theo y\u00eau c\u1ea7u.<\/p>\n<h2 data-start=\"1213\" data-end=\"1238\">B\u1ea3ng (Th\u00f4ng s\u1ed1 k\u1ef9 thu\u1eadt)<\/h2>\n<div class=\"_tableContainer_1rjym_1\">\n<div class=\"group _tableWrapper_1rjym_13 flex w-fit flex-col-reverse\" tabindex=\"-1\">\n<table class=\"w-fit min-w-(--thread-content-width)\" data-start=\"1240\" data-end=\"2206\">\n<thead data-start=\"1240\" data-end=\"1319\">\n<tr data-start=\"1240\" data-end=\"1319\">\n<th data-start=\"1240\" data-end=\"1258\" data-col-size=\"sm\">Lo\u1ea1i<\/th>\n<th data-start=\"1258\" data-end=\"1280\" data-col-size=\"sm\">Tham s\u1ed1<\/th>\n<th data-start=\"1280\" data-end=\"1319\" data-col-size=\"md\">Gi\u00e1 tr\u1ecb<\/th>\n<\/tr>\n<\/thead>\n<tbody data-start=\"1400\" data-end=\"2206\">\n<tr data-start=\"1400\" data-end=\"1479\">\n<td data-start=\"1400\" data-end=\"1418\" data-col-size=\"sm\">T\u1ea7n s\u1ed1 v\u00f4 tuy\u1ebfn<\/td>\n<td data-col-size=\"sm\" data-start=\"1418\" data-end=\"1440\">T\u00ednh th\u01b0\u1eddng xuy\u00ean<\/td>\n<td data-col-size=\"md\" data-start=\"1440\" data-end=\"1479\">860\u2013960 MHz (UHF)<\/td>\n<\/tr>\n<tr data-start=\"1480\" data-end=\"1559\">\n<td data-start=\"1480\" data-end=\"1498\" data-col-size=\"sm\"><\/td>\n<td data-start=\"1498\" data-end=\"1520\" data-col-size=\"sm\">Giao th\u1ee9c<\/td>\n<td data-col-size=\"md\" data-start=\"1520\" data-end=\"1559\">ISO\/IEC 18000-6C (EPC th\u1ebf h\u1ec7 2)<\/td>\n<\/tr>\n<tr data-start=\"1560\" data-end=\"1639\">\n<td data-start=\"1560\" data-end=\"1578\" data-col-size=\"sm\">T\u00f9y ch\u1ecdn chip<\/td>\n<td data-col-size=\"sm\" data-start=\"1578\" data-end=\"1600\">IC<\/td>\n<td data-col-size=\"md\" data-start=\"1600\" data-end=\"1639\">U8 \/ U9<\/td>\n<\/tr>\n<tr data-start=\"1640\" data-end=\"1719\">\n<td data-start=\"1640\" data-end=\"1658\" data-col-size=\"sm\">Hi\u1ec7u su\u1ea5t<\/td>\n<td data-start=\"1658\" data-end=\"1680\" data-col-size=\"sm\">Ph\u1ea1m vi \u0111\u1ecdc<\/td>\n<td data-col-size=\"md\" data-start=\"1680\" data-end=\"1719\">L\u00ean \u0111\u1ebfn 3 m<\/td>\n<\/tr>\n<tr data-start=\"1720\" data-end=\"1799\">\n<td data-start=\"1720\" data-end=\"1738\" data-col-size=\"sm\"><\/td>\n<td data-col-size=\"sm\" data-start=\"1738\" data-end=\"1760\">Chu k\u1ef3 l\u1eadp tr\u00ecnh<\/td>\n<td data-col-size=\"md\" data-start=\"1760\" data-end=\"1799\">100,000+<\/td>\n<\/tr>\n<tr data-start=\"1800\" data-end=\"1879\">\n<td data-start=\"1800\" data-end=\"1818\" data-col-size=\"sm\">\u0110\u1ed9 b\u1ec1n<\/td>\n<td data-col-size=\"sm\" data-start=\"1818\" data-end=\"1840\">Chu tr\u00ecnh gi\u1eb7t<\/td>\n<td data-col-size=\"md\" data-start=\"1840\" data-end=\"1879\">100\u2013200<\/td>\n<\/tr>\n<tr data-start=\"1880\" data-end=\"1959\">\n<td data-start=\"1880\" data-end=\"1898\" data-col-size=\"sm\">M\u00f4i tr\u01b0\u1eddng<\/td>\n<td data-col-size=\"sm\" data-start=\"1898\" data-end=\"1920\">Ph\u1ea1m vi nhi\u1ec7t \u0111\u1ed9<\/td>\n<td data-col-size=\"md\" data-start=\"1920\" data-end=\"1959\">\u221220 \u2103 \u0111\u1ebfn +100 \u2103<\/td>\n<\/tr>\n<tr data-start=\"1960\" data-end=\"2039\">\n<td data-start=\"1960\" data-end=\"1978\" data-col-size=\"sm\">Thu\u1ed9c v\u1eadt ch\u1ea5t<\/td>\n<td data-col-size=\"sm\" data-start=\"1978\" data-end=\"2000\">V\u1eadt li\u1ec7u<\/td>\n<td data-col-size=\"md\" data-start=\"2000\" data-end=\"2039\">Silicon<\/td>\n<\/tr>\n<tr data-start=\"2040\" data-end=\"2119\">\n<td data-start=\"2040\" data-end=\"2058\" data-col-size=\"sm\"><\/td>\n<td data-start=\"2058\" data-end=\"2080\" data-col-size=\"sm\">K\u00edch c\u1ee1<\/td>\n<td data-col-size=\"md\" data-start=\"2080\" data-end=\"2119\">55 \u00d7 12 \u00d7 2,5 mm<\/td>\n<\/tr>\n<tr data-start=\"2120\" data-end=\"2206\">\n<td data-start=\"2120\" data-end=\"2138\" data-col-size=\"sm\">\u1ee8ng d\u1ee5ng<\/td>\n<td data-col-size=\"sm\" data-start=\"2138\" data-end=\"2160\">C\u00e1c tr\u01b0\u1eddng h\u1ee3p s\u1eed d\u1ee5ng \u0111i\u1ec3n h\u00ecnh<\/td>\n<td data-col-size=\"md\" data-start=\"2160\" data-end=\"2206\">Theo d\u00f5i gi\u1eb7t l\u00e0, h\u00e0ng may m\u1eb7c, v\u1ea3i lanh, d\u1ec7t may<\/td>\n<\/tr>\n<\/tbody>\n<\/table>\n<\/div>\n<\/div>","protected":false},"excerpt":{"rendered":"<p>Nh\u00e3n gi\u1eb7t l\u00e0 UHF b\u1eb1ng silicon m\u1ec1m d\u1ebbo\u201455\u00d712\u00d72,5 mm, EPC Gen2 (U8\/U9), \u0111\u1ecdc \u0111\u01b0\u1ee3c t\u1ed1i \u0111a 3 m v\u00e0 \u0111\u1ed9 b\u1ec1n sau 100\u2013200 chu k\u1ef3 gi\u1eb7t cho qu\u1ea7n \u00e1o, v\u1ea3i lanh v\u00e0 \u0111\u1ed3ng ph\u1ee5c.<\/p>","protected":false},"featured_media":763,"template":"","meta":{"_gspb_post_css":""},"product_brand":[],"product_cat":[17,20],"product_tag":[],"class_list":{"0":"post-762","1":"product","2":"type-product","3":"status-publish","4":"has-post-thumbnail","6":"product_cat-rfid-laundry-tags","7":"product_cat-silicone-rfid-laundry-tags","9":"first","10":"instock","11":"shipping-taxable","12":"purchasable","13":"product-type-simple"},"_links":{"self":[{"href":"https:\/\/www.cxjsmartcard.com\/vi\/wp-json\/wp\/v2\/product\/762","targetHints":{"allow":["GET"]}}],"collection":[{"href":"https:\/\/www.cxjsmartcard.com\/vi\/wp-json\/wp\/v2\/product"}],"about":[{"href":"https:\/\/www.cxjsmartcard.com\/vi\/wp-json\/wp\/v2\/types\/product"}],"wp:featuredmedia":[{"embeddable":true,"href":"https:\/\/www.cxjsmartcard.com\/vi\/wp-json\/wp\/v2\/media\/763"}],"wp:attachment":[{"href":"https:\/\/www.cxjsmartcard.com\/vi\/wp-json\/wp\/v2\/media?parent=762"}],"wp:term":[{"taxonomy":"product_brand","embeddable":true,"href":"https:\/\/www.cxjsmartcard.com\/vi\/wp-json\/wp\/v2\/product_brand?post=762"},{"taxonomy":"product_cat","embeddable":true,"href":"https:\/\/www.cxjsmartcard.com\/vi\/wp-json\/wp\/v2\/product_cat?post=762"},{"taxonomy":"product_tag","embeddable":true,"href":"https:\/\/www.cxjsmartcard.com\/vi\/wp-json\/wp\/v2\/product_tag?post=762"}],"curies":[{"name":"trang web","href":"https:\/\/api.w.org\/{rel}","templated":true}]}}