{"id":756,"date":"2025-11-03T07:16:39","date_gmt":"2025-11-03T07:16:39","guid":{"rendered":"https:\/\/www.cxjsmartcard.com\/?post_type=product&#038;p=756"},"modified":"2025-12-29T01:27:10","modified_gmt":"2025-12-29T01:27:10","slug":"860-960mhz-washable-uhf-rfid-silicone-tag","status":"publish","type":"product","link":"https:\/\/www.cxjsmartcard.com\/vi\/860-960mhz-washable-uhf-rfid-silicone-tag\/","title":{"rendered":"Th\u1ebb silicon RFID UHF c\u00f3 th\u1ec3 gi\u1eb7t \u0111\u01b0\u1ee3c 860\u2013960MHz"},"content":{"rendered":"<p data-start=\"53\" data-end=\"360\">Th\u1ebb silicon RFID UHF c\u00f3 th\u1ec3 gi\u1eb7t \u0111\u01b0\u1ee3c n\u00e0y \u0111\u01b0\u1ee3c thi\u1ebft k\u1ebf \u0111\u1ec3 s\u1eed d\u1ee5ng trong gi\u1eb7t l\u00e0 c\u00f4ng nghi\u1ec7p v\u00e0 qu\u1ea3n l\u00fd \u0111\u1ed3ng ph\u1ee5c t\u1ea1i kh\u00e1ch s\u1ea1n, b\u1ec7nh vi\u1ec7n v\u00e0 c\u00e1c m\u00f4i tr\u01b0\u1eddng c\u00f3 l\u01b0u l\u01b0\u1ee3ng truy c\u1eadp cao kh\u00e1c. Th\u1ebb c\u00f3 th\u1ec3 \u0111\u01b0\u1ee3c may d\u1ecdc theo m\u00e9p v\u1ea3i ho\u1eb7c nh\u00fang v\u00e0o s\u1ea3n ph\u1ea9m, ch\u1ecbu \u0111\u01b0\u1ee3c gi\u1eb7t, gi\u1eb7t kh\u00f4 v\u00e0 kh\u1eed tr\u00f9ng \u1edf nhi\u1ec7t \u0111\u1ed9 cao.<\/p>\n<p data-start=\"362\" data-end=\"376\"><strong data-start=\"362\" data-end=\"374\">\u0110\u1eb7c tr\u01b0ng<\/strong><\/p>\n<ul data-start=\"377\" data-end=\"599\">\n<li data-start=\"377\" data-end=\"408\">\n<p data-start=\"379\" data-end=\"408\">Kh\u1ea3 n\u0103ng ch\u1ecbu nhi\u1ec7t \u0111\u1ed9 cao<\/p>\n<\/li>\n<li data-start=\"409\" data-end=\"443\">\n<p data-start=\"411\" data-end=\"443\">Ch\u1ed1ng n\u01b0\u1edbc, ch\u1ed1ng b\u1ee5i, b\u1ec1n b\u1ec9<\/p>\n<\/li>\n<li data-start=\"444\" data-end=\"498\">\n<p data-start=\"446\" data-end=\"498\">Ch\u1ed1ng va ch\u1ea1m; \u0111\u1ed9 \u1ed5n \u0111\u1ecbnh \u0111\u1ecdc hi\u1ec7u su\u1ea5t cao<\/p>\n<\/li>\n<li data-start=\"499\" data-end=\"550\">\n<p data-start=\"501\" data-end=\"550\">B\u1ea3o v\u1ec7 IP68; kh\u1ea3 n\u0103ng ch\u1ecbu \u00e1p su\u1ea5t v\u00e0 ki\u1ec1m<\/p>\n<\/li>\n<li data-start=\"551\" data-end=\"599\">\n<p data-start=\"553\" data-end=\"599\">C\u00f3 s\u1eb5n trong s\u1ea3n xu\u1ea5t \u1ed5n \u0111\u1ecbnh, kh\u1ed1i l\u01b0\u1ee3ng l\u1edbn<\/p>\n<\/li>\n<\/ul>\n<p data-start=\"601\" data-end=\"809\"><strong data-start=\"601\" data-end=\"617\">\u1ee8ng d\u1ee5ng<\/strong><br data-start=\"617\" data-end=\"620\" \/>Theo d\u00f5i gi\u1eb7t l\u00e0 \u0111\u1ed3 v\u1ea3i v\u00e0 qu\u1ea7n \u00e1o c\u1ee7a kh\u00e1ch s\u1ea1n\/b\u1ec7nh vi\u1ec7n; nh\u00e3n b\u1ea3o d\u01b0\u1ee1ng tr\u00ean \u0111\u1ed9ng c\u01a1 \u00f4 t\u00f4; qu\u1ea3n l\u00fd s\u1ea3n xu\u1ea5t qu\u1ea7n \u00e1o; ki\u1ec3m k\u00ea kho; \u0111\u1ed3ng ph\u1ee5c h\u1ecdc sinh v\u00e0 qu\u1ea7n \u00e1o \u0111\u1eb7c bi\u1ec7t.<\/p>\n<p data-start=\"811\" data-end=\"972\"><strong data-start=\"811\" data-end=\"819\">C\u00e2u h\u1ecfi th\u01b0\u1eddng g\u1eb7p<\/strong><br data-start=\"819\" data-end=\"822\" \/><strong data-start=\"822\" data-end=\"829\">C\u00e2u h\u1ecfi 1:<\/strong> Nh\u1eefng nh\u00e3n n\u00e0y c\u00f3 th\u1ec3 ch\u1ecbu \u0111\u01b0\u1ee3c m\u00e1y gi\u1eb7t c\u00f4ng nghi\u1ec7p kh\u00f4ng?<br data-start=\"881\" data-end=\"884\" \/><strong data-start=\"884\" data-end=\"890\">M\u1ed8T:<\/strong> C\u00f3\u2014\u0111\u01b0\u1ee3c thi\u1ebft k\u1ebf \u0111\u1eb7c bi\u1ec7t \u0111\u1ec3 ch\u1ecbu nhi\u1ec7t, n\u01b0\u1edbc v\u00e0 h\u00f3a ch\u1ea5t trong qu\u00e1 tr\u00ecnh gi\u1eb7t l\u00e0 c\u00f4ng nghi\u1ec7p.<\/p>\n<p data-start=\"974\" data-end=\"1065\"><strong data-start=\"974\" data-end=\"981\">C\u00e2u h\u1ecfi 2:<\/strong> Th\u1ebb c\u00f3 c\u1ea7n pin kh\u00f4ng?<br data-start=\"1009\" data-end=\"1012\" \/><strong data-start=\"1012\" data-end=\"1018\">M\u1ed8T:<\/strong> Kh\u00f4ng\u2014th\u1ebb UHF th\u1ee5 \u0111\u1ed9ng kh\u00f4ng c\u1ea7n ngu\u1ed3n \u0111i\u1ec7n.<\/p>\n<p data-start=\"1067\" data-end=\"1140\"><strong data-start=\"1067\" data-end=\"1074\">C\u00e2u h\u1ecfi 3:<\/strong> T\u00f4i c\u00f3 th\u1ec3 l\u1ea5y m\u1eabu kh\u00f4ng?<br data-start=\"1093\" data-end=\"1096\" \/><strong data-start=\"1096\" data-end=\"1102\">M\u1ed8T:<\/strong> C\u00f3\u2014ch\u00fang t\u00f4i c\u00f3 th\u1ec3 cung c\u1ea5p m\u1eabu theo y\u00eau c\u1ea7u.<\/p>\n<h2 data-start=\"1142\" data-end=\"1167\">B\u1ea3ng (Th\u00f4ng s\u1ed1 k\u1ef9 thu\u1eadt)<\/h2>\n<div class=\"_tableContainer_1rjym_1\">\n<div class=\"group _tableWrapper_1rjym_13 flex w-fit flex-col-reverse\" tabindex=\"-1\">\n<table class=\"w-fit min-w-(--thread-content-width)\" data-start=\"1168\" data-end=\"2660\">\n<thead data-start=\"1168\" data-end=\"1272\">\n<tr data-start=\"1168\" data-end=\"1272\">\n<th data-start=\"1168\" data-end=\"1189\" data-col-size=\"sm\">Lo\u1ea1i<\/th>\n<th data-start=\"1189\" data-end=\"1216\" data-col-size=\"sm\">Tham s\u1ed1<\/th>\n<th data-start=\"1216\" data-end=\"1272\" data-col-size=\"md\">Gi\u00e1 tr\u1ecb<\/th>\n<\/tr>\n<\/thead>\n<tbody data-start=\"1377\" data-end=\"2660\">\n<tr data-start=\"1377\" data-end=\"1480\">\n<td data-start=\"1377\" data-end=\"1397\" data-col-size=\"sm\">Thu\u1ed9c v\u1eadt ch\u1ea5t<\/td>\n<td data-col-size=\"sm\" data-start=\"1397\" data-end=\"1424\">K\u00edch c\u1ee1<\/td>\n<td data-col-size=\"md\" data-start=\"1424\" data-end=\"1480\">85 \u00d7 27 \u00d7 4 mm<\/td>\n<\/tr>\n<tr data-start=\"1481\" data-end=\"1584\">\n<td data-start=\"1481\" data-end=\"1501\" data-col-size=\"sm\"><\/td>\n<td data-col-size=\"sm\" data-start=\"1501\" data-end=\"1528\">V\u1eadt li\u1ec7u<\/td>\n<td data-col-size=\"md\" data-start=\"1528\" data-end=\"1584\">Cao su silicon<\/td>\n<\/tr>\n<tr data-start=\"1585\" data-end=\"1688\">\n<td data-start=\"1585\" data-end=\"1605\" data-col-size=\"sm\">S\u1ef1 b\u1ea3o v\u1ec7<\/td>\n<td data-col-size=\"sm\" data-start=\"1605\" data-end=\"1632\">X\u1ebfp h\u1ea1ng x\u00e2m nh\u1eadp<\/td>\n<td data-col-size=\"md\" data-start=\"1632\" data-end=\"1688\">IP68<\/td>\n<\/tr>\n<tr data-start=\"1689\" data-end=\"1792\">\n<td data-start=\"1689\" data-end=\"1709\" data-col-size=\"sm\">T\u1ea7n s\u1ed1 v\u00f4 tuy\u1ebfn<\/td>\n<td data-col-size=\"sm\" data-start=\"1709\" data-end=\"1736\">T\u00ednh th\u01b0\u1eddng xuy\u00ean<\/td>\n<td data-col-size=\"md\" data-start=\"1736\" data-end=\"1792\">860\u2013960 MHz (UHF); c\u0169ng c\u00f3 s\u1eb5n t\u00f9y ch\u1ecdn 13,56 MHz<\/td>\n<\/tr>\n<tr data-start=\"1793\" data-end=\"1896\">\n<td data-start=\"1793\" data-end=\"1813\" data-col-size=\"sm\"><\/td>\n<td data-col-size=\"sm\" data-start=\"1813\" data-end=\"1840\">Giao th\u1ee9c<\/td>\n<td data-col-size=\"md\" data-start=\"1840\" data-end=\"1896\">Ti\u00eau chu\u1ea9n ISO 18000-6C \/ 6B; Ti\u00eau chu\u1ea9n ISO 15693<\/td>\n<\/tr>\n<tr data-start=\"1897\" data-end=\"2000\">\n<td data-start=\"1897\" data-end=\"1917\" data-col-size=\"sm\">T\u00f9y ch\u1ecdn chip<\/td>\n<td data-col-size=\"sm\" data-start=\"1917\" data-end=\"1944\">IC UHF<\/td>\n<td data-col-size=\"md\" data-start=\"1944\" data-end=\"2000\">R6 \/ U8 \/ U9<\/td>\n<\/tr>\n<tr data-start=\"2001\" data-end=\"2104\">\n<td data-start=\"2001\" data-end=\"2021\" data-col-size=\"sm\">M\u00f4i tr\u01b0\u1eddng<\/td>\n<td data-start=\"2021\" data-end=\"2048\" data-col-size=\"sm\">Ph\u1ea1m vi nhi\u1ec7t \u0111\u1ed9<\/td>\n<td data-col-size=\"md\" data-start=\"2048\" data-end=\"2104\">\u221230 \u2103 \u0111\u1ebfn +220 \u2103<\/td>\n<\/tr>\n<tr data-start=\"2105\" data-end=\"2208\">\n<td data-start=\"2105\" data-end=\"2125\" data-col-size=\"sm\">\u0110\u1ed9 b\u1ec1n<\/td>\n<td data-col-size=\"sm\" data-start=\"2125\" data-end=\"2152\">Cu\u1ed9c s\u1ed1ng gi\u1eb7t gi\u0169<\/td>\n<td data-col-size=\"md\" data-start=\"2152\" data-end=\"2208\">200 chu k\u1ef3 gi\u1eb7t ho\u1eb7c 3 n\u0103m k\u1ec3 t\u1eeb ng\u00e0y giao h\u00e0ng<\/td>\n<\/tr>\n<tr data-start=\"2209\" data-end=\"2312\">\n<td data-start=\"2209\" data-end=\"2229\" data-col-size=\"sm\">Gi\u1edbi h\u1ea1n quy tr\u00ecnh<\/td>\n<td data-col-size=\"sm\" data-start=\"2229\" data-end=\"2256\">Gi\u1eb7t gi\u0169<\/td>\n<td data-col-size=\"md\" data-start=\"2256\" data-end=\"2312\">90 \u2103 trong 15 ph\u00fat<\/td>\n<\/tr>\n<tr data-start=\"2313\" data-end=\"2416\">\n<td data-start=\"2313\" data-end=\"2333\" data-col-size=\"sm\">C\u00e0i \u0111\u1eb7t<\/td>\n<td data-col-size=\"sm\" data-start=\"2333\" data-end=\"2360\">\u0110\u00ednh k\u00e8m<\/td>\n<td data-col-size=\"md\" data-start=\"2360\" data-end=\"2416\">May d\u1ecdc theo m\u00e9p ho\u1eb7c nh\u00fang v\u00e0o v\u1ea3i<\/td>\n<\/tr>\n<tr data-start=\"2417\" data-end=\"2520\">\n<td data-start=\"2417\" data-end=\"2437\" data-col-size=\"sm\">Thu\u1ed9c t\u00ednh<\/td>\n<td data-col-size=\"sm\" data-start=\"2437\" data-end=\"2464\">C\u00e1c t\u00ednh n\u0103ng ch\u00ednh<\/td>\n<td data-col-size=\"md\" data-start=\"2464\" data-end=\"2520\">Ch\u1ed1ng n\u01b0\u1edbc, ch\u1ed1ng b\u1ee5i, ch\u1ed1ng va ch\u1ea1m, b\u1ec1n b\u1ec9<\/td>\n<\/tr>\n<tr data-start=\"2521\" data-end=\"2660\">\n<td data-start=\"2521\" data-end=\"2541\" data-col-size=\"sm\">C\u00e1c tr\u01b0\u1eddng h\u1ee3p s\u1eed d\u1ee5ng<\/td>\n<td data-col-size=\"sm\" data-start=\"2541\" data-end=\"2568\">\u1ee8ng d\u1ee5ng \u0111i\u1ec3n h\u00ecnh<\/td>\n<td data-col-size=\"md\" data-start=\"2568\" data-end=\"2660\">Gi\u1eb7t \u1ee7i, kh\u0103n tr\u1ea3i gi\u01b0\u1eddng kh\u00e1ch s\u1ea1n\/b\u1ec7nh vi\u1ec7n, nh\u00e3n b\u1ea3o d\u01b0\u1ee1ng \u0111\u1ed9ng c\u01a1, h\u00e0ng t\u1ed3n kho, \u0111\u1ed3ng ph\u1ee5c<\/td>\n<\/tr>\n<\/tbody>\n<\/table>\n<\/div>\n<\/div>","protected":false},"excerpt":{"rendered":"<p>Th\u1ebb silicon UHF RFID c\u00f3 th\u1ec3 gi\u1eb7t \u0111\u01b0\u1ee3c \u0111\u1ea1t chu\u1ea9n IP68 d\u00e0nh cho \u0111\u1ed3 gi\u1eb7t v\u00e0 h\u00e0ng d\u1ec7t may\u2014b\u1ec1n \u0111\u1ebfn 200 chu k\u1ef3, ch\u1ecbu \u0111\u01b0\u1ee3c nhi\u1ec7t \u0111\u1ed9 \u221230\u2013220 \u2103, c\u00f3 th\u1ec3 kh\u00e2u ho\u1eb7c nh\u00fang, v\u1edbi c\u00e1c t\u00f9y ch\u1ecdn chip R6\/U8\/U9.<\/p>","protected":false},"featured_media":757,"template":"","meta":{"_gspb_post_css":""},"product_brand":[],"product_cat":[17,20],"product_tag":[],"class_list":{"0":"post-756","1":"product","2":"type-product","3":"status-publish","4":"has-post-thumbnail","6":"product_cat-rfid-laundry-tags","7":"product_cat-silicone-rfid-laundry-tags","9":"first","10":"instock","11":"shipping-taxable","12":"purchasable","13":"product-type-simple"},"_links":{"self":[{"href":"https:\/\/www.cxjsmartcard.com\/vi\/wp-json\/wp\/v2\/product\/756","targetHints":{"allow":["GET"]}}],"collection":[{"href":"https:\/\/www.cxjsmartcard.com\/vi\/wp-json\/wp\/v2\/product"}],"about":[{"href":"https:\/\/www.cxjsmartcard.com\/vi\/wp-json\/wp\/v2\/types\/product"}],"wp:featuredmedia":[{"embeddable":true,"href":"https:\/\/www.cxjsmartcard.com\/vi\/wp-json\/wp\/v2\/media\/757"}],"wp:attachment":[{"href":"https:\/\/www.cxjsmartcard.com\/vi\/wp-json\/wp\/v2\/media?parent=756"}],"wp:term":[{"taxonomy":"product_brand","embeddable":true,"href":"https:\/\/www.cxjsmartcard.com\/vi\/wp-json\/wp\/v2\/product_brand?post=756"},{"taxonomy":"product_cat","embeddable":true,"href":"https:\/\/www.cxjsmartcard.com\/vi\/wp-json\/wp\/v2\/product_cat?post=756"},{"taxonomy":"product_tag","embeddable":true,"href":"https:\/\/www.cxjsmartcard.com\/vi\/wp-json\/wp\/v2\/product_tag?post=756"}],"curies":[{"name":"trang web","href":"https:\/\/api.w.org\/{rel}","templated":true}]}}