{"id":751,"date":"2025-11-03T07:09:04","date_gmt":"2025-11-03T07:09:04","guid":{"rendered":"https:\/\/www.cxjsmartcard.com\/?post_type=product&#038;p=751"},"modified":"2025-12-29T01:27:10","modified_gmt":"2025-12-29T01:27:10","slug":"writable-heat-resist-washable-nfc-pps-laundry-tag","status":"publish","type":"product","link":"https:\/\/www.cxjsmartcard.com\/vi\/writable-heat-resist-washable-nfc-pps-laundry-tag\/","title":{"rendered":"Th\u1ebb gi\u1eb7t NFC PPS ch\u1ecbu nhi\u1ec7t c\u00f3 th\u1ec3 ghi \u0111\u01b0\u1ee3c"},"content":{"rendered":"<p data-start=\"61\" data-end=\"498\">Th\u1ebb gi\u1eb7t \u1ee7i NFC PPS ch\u1ecbu nhi\u1ec7t, c\u00f3 th\u1ec3 ghi v\u00e0 gi\u1eb7t \u0111\u01b0\u1ee3c l\u00e0 m\u1ed9t thi\u1ebft b\u1ecb b\u1ec1n b\u1ec9, th\u01b0\u1eddng \u0111\u01b0\u1ee3c s\u1eed d\u1ee5ng trong t\u00edch h\u1ee3p s\u1ea3n ph\u1ea9m v\u00e0 qu\u1ea7n \u00e1o\/ph\u1ee5 ki\u1ec7n. \u0110\u01b0\u1ee3c thi\u1ebft k\u1ebf b\u1eb1ng v\u1eadt li\u1ec7u PPS ch\u1ecbu nhi\u1ec7t, th\u1ebb c\u00f3 th\u1ec3 ch\u1ecbu \u0111\u01b0\u1ee3c n\u01b0\u1edbc, nhi\u1ec7t, \u00e1p su\u1ea5t v\u00e0 h\u00f3a ch\u1ea5t. Th\u1ebb \u0111\u01b0\u1ee3c s\u1eed d\u1ee5ng \u0111\u1ec3 th\u1ef1c hi\u1ec7n v\u00e0 x\u00e1c minh quy tr\u00ecnh ki\u1ec3m k\u00ea t\u1ea1i kh\u00e1ch s\u1ea1n, b\u1ec7nh vi\u1ec7n, tr\u01b0\u1eddng h\u1ecdc v\u00e0 c\u00e1c c\u01a1 s\u1edf kh\u00e1c. Th\u1ebb c\u00f3 th\u1ec3 d\u1ec5 d\u00e0ng may tr\u00ean ga tr\u1ea3i gi\u01b0\u1eddng, kh\u0103n t\u1eafm, kh\u0103n \u0103n v\u00e0 c\u00e1c s\u1ea3n ph\u1ea9m may m\u1eb7c kh\u00e1c.<\/p>\n<p data-start=\"500\" data-end=\"638\"><strong data-start=\"500\" data-end=\"527\">Hi\u1ec7u su\u1ea5t nhi\u1ec7t \u0111\u1ed9<\/strong><br data-start=\"527\" data-end=\"530\" \/>Ho\u00e0n to\u00e0n kh\u00f4ng th\u1ea5m n\u01b0\u1edbc; ho\u1ea1t \u0111\u1ed9ng t\u1eeb <strong data-start=\"562\" data-end=\"580\">\u221225 \u2103 \u0111\u1ebfn +85 \u2103<\/strong> v\u00e0 ch\u1ecbu \u0111\u01b0\u1ee3c s\u1ef1 ti\u1ebfp x\u00fac l\u00e2u d\u00e0i v\u1edbi <strong data-start=\"618\" data-end=\"637\">\u221230 \u2103 \u0111\u1ebfn +120 \u2103<\/strong>.<\/p>\n<p data-start=\"640\" data-end=\"760\"><strong data-start=\"640\" data-end=\"660\">T\u00ednh n\u0103ng s\u1ea3n ph\u1ea9m<\/strong><br data-start=\"660\" data-end=\"663\" \/>Linh ho\u1ea1t, d\u1ec5 \u0111eo, d\u1ec5 s\u1eed d\u1ee5ng; ch\u1ed1ng th\u1ea5m n\u01b0\u1edbc, ch\u1ed1ng \u1ea9m, ch\u1ed1ng s\u1ed1c v\u00e0 ch\u1ecbu nhi\u1ec7t.<\/p>\n<p data-start=\"762\" data-end=\"934\"><strong data-start=\"762\" data-end=\"792\">C\u00e2u h\u1ecfi th\u01b0\u1eddng g\u1eb7p \u2014 C\u1ea7n bi\u1ebft tr\u01b0\u1edbc khi mua<\/strong><br data-start=\"792\" data-end=\"795\" \/><strong data-start=\"795\" data-end=\"801\">H\u1ecfi:<\/strong> Th\u1ebb n\u00e0y c\u00f3 th\u1ec3 ch\u1ecbu \u0111\u01b0\u1ee3c m\u00e1y s\u1ea5y c\u00f4ng nghi\u1ec7p v\u00e0 m\u00e1y \u00e9p h\u01a1i n\u01b0\u1edbc kh\u00f4ng?<br data-start=\"860\" data-end=\"863\" \/><strong data-start=\"863\" data-end=\"869\">M\u1ed8T:<\/strong> C\u00f3. N\u00f3 \u0111\u00e3 \u0111\u01b0\u1ee3c th\u1eed nghi\u1ec7m <strong data-start=\"891\" data-end=\"911\">H\u01a1n 200 chu tr\u00ecnh gi\u1eb7t<\/strong> \u1edf nhi\u1ec7t \u0111\u1ed9 cao.<\/p>\n<p data-start=\"936\" data-end=\"1082\"><strong data-start=\"936\" data-end=\"942\">H\u1ecfi:<\/strong> Ch\u00fang t\u00f4i c\u00f3 th\u1ec3 t\u00f9y ch\u1ec9nh k\u00edch th\u01b0\u1edbc b\u1ed9 nh\u1edb ho\u1eb7c in logo c\u1ee7a m\u00ecnh kh\u00f4ng?<br data-start=\"994\" data-end=\"997\" \/><strong data-start=\"997\" data-end=\"1003\">M\u1ed8T:<\/strong> C\u00f3. C\u00e1c t\u00f9y ch\u1ecdn RFID t\u00f9y ch\u1ec9nh bao g\u1ed3m in logo, m\u00e3 h\u00f3a v\u00e0 c\u00e1c bi\u1ebfn th\u1ec3 k\u00edch th\u01b0\u1edbc.<\/p>\n<p data-start=\"1084\" data-end=\"1211\"><strong data-start=\"1084\" data-end=\"1090\">H\u1ecfi:<\/strong> C\u00f3 nh\u1eefng m\u00e0u n\u00e0o?<br data-start=\"1117\" data-end=\"1120\" \/><strong data-start=\"1120\" data-end=\"1126\">M\u1ed8T:<\/strong> <strong data-start=\"1127\" data-end=\"1163\">\u0110en, tr\u1eafng, \u0111\u1ecf, xanh l\u00e1 c\u00e2y, v\u00e0ng<\/strong>, v.v., \u0111\u1ec3 d\u1ec5 d\u00e0ng ph\u00e2n lo\u1ea1i theo l\u00f4 v\u00e0 m\u00e3 h\u00f3a m\u00e0u.<\/p>\n<h2 data-start=\"1213\" data-end=\"1238\">B\u1ea3ng (Th\u00f4ng s\u1ed1 k\u1ef9 thu\u1eadt)<\/h2>\n<div class=\"_tableContainer_1rjym_1\">\n<div class=\"group _tableWrapper_1rjym_13 flex w-fit flex-col-reverse\" tabindex=\"-1\">\n<table class=\"w-fit min-w-(--thread-content-width)\" data-start=\"1239\" data-end=\"2513\">\n<thead data-start=\"1239\" data-end=\"1330\">\n<tr data-start=\"1239\" data-end=\"1330\">\n<th data-start=\"1239\" data-end=\"1260\" data-col-size=\"sm\">Lo\u1ea1i<\/th>\n<th data-start=\"1260\" data-end=\"1281\" data-col-size=\"sm\">Tham s\u1ed1<\/th>\n<th data-start=\"1281\" data-end=\"1330\" data-col-size=\"sm\">Gi\u00e1 tr\u1ecb<\/th>\n<\/tr>\n<\/thead>\n<tbody data-start=\"1422\" data-end=\"2513\">\n<tr data-start=\"1422\" data-end=\"1512\">\n<td data-start=\"1422\" data-end=\"1442\" data-col-size=\"sm\">T\u1ea7n s\u1ed1 v\u00f4 tuy\u1ebfn<\/td>\n<td data-col-size=\"sm\" data-start=\"1442\" data-end=\"1463\">T\u00ednh th\u01b0\u1eddng xuy\u00ean<\/td>\n<td data-col-size=\"sm\" data-start=\"1463\" data-end=\"1512\">13,56 MHz<\/td>\n<\/tr>\n<tr data-start=\"1513\" data-end=\"1603\">\n<td data-start=\"1513\" data-end=\"1533\" data-col-size=\"sm\"><\/td>\n<td data-start=\"1533\" data-end=\"1554\" data-col-size=\"sm\">Giao th\u1ee9c<\/td>\n<td data-col-size=\"sm\" data-start=\"1554\" data-end=\"1603\">ISO14443A \/ ISO15693<\/td>\n<\/tr>\n<tr data-start=\"1604\" data-end=\"1694\">\n<td data-start=\"1604\" data-end=\"1624\" data-col-size=\"sm\">Chip<\/td>\n<td data-start=\"1624\" data-end=\"1645\" data-col-size=\"sm\">Lo\u1ea1i chip<\/td>\n<td data-col-size=\"sm\" data-start=\"1645\" data-end=\"1694\">ICODE SLIX, NTAG213, MIFARE 1K, v.v.<\/td>\n<\/tr>\n<tr data-start=\"1695\" data-end=\"1785\">\n<td data-start=\"1695\" data-end=\"1715\" data-col-size=\"sm\">Nguy\u00ean v\u1eadt li\u1ec7u<\/td>\n<td data-start=\"1715\" data-end=\"1736\" data-col-size=\"sm\">Th\u00e2n h\u00ecnh<\/td>\n<td data-col-size=\"sm\" data-start=\"1736\" data-end=\"1785\">PPS (ch\u1ecbu nhi\u1ec7t)<\/td>\n<\/tr>\n<tr data-start=\"1786\" data-end=\"1876\">\n<td data-start=\"1786\" data-end=\"1806\" data-col-size=\"sm\">K\u00edch th\u01b0\u1edbc<\/td>\n<td data-col-size=\"sm\" data-start=\"1806\" data-end=\"1827\">T\u00f9y ch\u1ecdn k\u00edch th\u01b0\u1edbc<\/td>\n<td data-col-size=\"sm\" data-start=\"1827\" data-end=\"1876\">14 mm, 18 mm, 20 mm, v.v.<\/td>\n<\/tr>\n<tr data-start=\"1877\" data-end=\"1967\">\n<td data-start=\"1877\" data-end=\"1897\" data-col-size=\"sm\">V\u1ebb b\u1ec1 ngo\u00e0i<\/td>\n<td data-col-size=\"sm\" data-start=\"1897\" data-end=\"1918\">T\u00f9y ch\u1ecdn m\u00e0u s\u1eafc<\/td>\n<td data-col-size=\"sm\" data-start=\"1918\" data-end=\"1967\">\u0110en, Tr\u1eafng, \u0110\u1ecf, Xanh l\u00e1, V\u00e0ng<\/td>\n<\/tr>\n<tr data-start=\"1968\" data-end=\"2058\">\n<td data-start=\"1968\" data-end=\"1988\" data-col-size=\"sm\">S\u1ef1 b\u1ea3o v\u1ec7<\/td>\n<td data-col-size=\"sm\" data-start=\"1988\" data-end=\"2009\">M\u1ee9c \u0111\u1ed9 ch\u1ed1ng th\u1ea5m n\u01b0\u1edbc<\/td>\n<td data-col-size=\"sm\" data-start=\"2009\" data-end=\"2058\">Ch\u1ed1ng th\u1ea5m n\u01b0\u1edbc \/ Ch\u1ed1ng ch\u1ecbu th\u1eddi ti\u1ebft<\/td>\n<\/tr>\n<tr data-start=\"2059\" data-end=\"2149\">\n<td data-start=\"2059\" data-end=\"2079\" data-col-size=\"sm\">\u0110\u1ed9 b\u1ec1n<\/td>\n<td data-col-size=\"sm\" data-start=\"2079\" data-end=\"2100\">Cu\u1ed9c s\u1ed1ng gi\u1eb7t gi\u0169<\/td>\n<td data-col-size=\"sm\" data-start=\"2100\" data-end=\"2149\">&gt;200 chu k\u1ef3 gi\u1eb7t<\/td>\n<\/tr>\n<tr data-start=\"2150\" data-end=\"2240\">\n<td data-start=\"2150\" data-end=\"2170\" data-col-size=\"sm\">M\u00f4i tr\u01b0\u1eddng<\/td>\n<td data-col-size=\"sm\" data-start=\"2170\" data-end=\"2191\">Nhi\u1ec7t \u0111\u1ed9 ho\u1ea1t \u0111\u1ed9ng<\/td>\n<td data-col-size=\"sm\" data-start=\"2191\" data-end=\"2240\">\u221225 \u2103 \u0111\u1ebfn +85 \u2103<\/td>\n<\/tr>\n<tr data-start=\"2241\" data-end=\"2331\">\n<td data-start=\"2241\" data-end=\"2261\" data-col-size=\"sm\"><\/td>\n<td data-col-size=\"sm\" data-start=\"2261\" data-end=\"2282\">Ti\u1ebfp x\u00fac l\u00e2u d\u00e0i<\/td>\n<td data-col-size=\"sm\" data-start=\"2282\" data-end=\"2331\">\u221230 \u2103 \u0111\u1ebfn +120 \u2103<\/td>\n<\/tr>\n<tr data-start=\"2332\" data-end=\"2422\">\n<td data-start=\"2332\" data-end=\"2352\" data-col-size=\"sm\">\u1ee8ng d\u1ee5ng<\/td>\n<td data-col-size=\"sm\" data-start=\"2352\" data-end=\"2373\">C\u00e1c l\u0129nh v\u1ef1c \u1ee9ng d\u1ee5ng<\/td>\n<td data-col-size=\"sm\" data-start=\"2373\" data-end=\"2422\">Gi\u1eb7t \u1ee7i, May m\u1eb7c, V\u1ea3i lanh, S\u1eed d\u1ee5ng UHF<\/td>\n<\/tr>\n<tr data-start=\"2423\" data-end=\"2513\">\n<td data-start=\"2423\" data-end=\"2443\" data-col-size=\"sm\">Ngu\u1ed3n g\u1ed1c<\/td>\n<td data-col-size=\"sm\" data-start=\"2443\" data-end=\"2464\">N\u01a1i xu\u1ea5t x\u1ee9<\/td>\n<td data-col-size=\"sm\" data-start=\"2464\" data-end=\"2513\">Qu\u1ea3ng \u0110\u00f4ng, Trung Qu\u1ed1c<\/td>\n<\/tr>\n<\/tbody>\n<\/table>\n<\/div>\n<\/div>","protected":false},"excerpt":{"rendered":"<p>Th\u1ebb gi\u1eb7t NFC ch\u1ecbu nhi\u1ec7t, c\u00f3 th\u1ec3 gi\u1eb7t \u0111\u01b0\u1ee3c l\u00e0m b\u1eb1ng PPS\u2014ch\u1ed1ng th\u1ea5m n\u01b0\u1edbc v\u00e0 ch\u1ed1ng h\u00f3a ch\u1ea5t, &gt;200 chu k\u1ef3 gi\u1eb7t, d\u1ec5 d\u00e0ng d\u00e1n v\u00e0 nhi\u1ec1u t\u00f9y ch\u1ecdn chip\/m\u00e0u s\u1eafc.<\/p>","protected":false},"featured_media":752,"template":"","meta":{"_gspb_post_css":""},"product_brand":[],"product_cat":[17,19],"product_tag":[],"class_list":{"0":"post-751","1":"product","2":"type-product","3":"status-publish","4":"has-post-thumbnail","6":"product_cat-rfid-laundry-tags","7":"product_cat-pps-rfid-laundry-tags","9":"first","10":"instock","11":"shipping-taxable","12":"purchasable","13":"product-type-simple"},"_links":{"self":[{"href":"https:\/\/www.cxjsmartcard.com\/vi\/wp-json\/wp\/v2\/product\/751","targetHints":{"allow":["GET"]}}],"collection":[{"href":"https:\/\/www.cxjsmartcard.com\/vi\/wp-json\/wp\/v2\/product"}],"about":[{"href":"https:\/\/www.cxjsmartcard.com\/vi\/wp-json\/wp\/v2\/types\/product"}],"wp:featuredmedia":[{"embeddable":true,"href":"https:\/\/www.cxjsmartcard.com\/vi\/wp-json\/wp\/v2\/media\/752"}],"wp:attachment":[{"href":"https:\/\/www.cxjsmartcard.com\/vi\/wp-json\/wp\/v2\/media?parent=751"}],"wp:term":[{"taxonomy":"product_brand","embeddable":true,"href":"https:\/\/www.cxjsmartcard.com\/vi\/wp-json\/wp\/v2\/product_brand?post=751"},{"taxonomy":"product_cat","embeddable":true,"href":"https:\/\/www.cxjsmartcard.com\/vi\/wp-json\/wp\/v2\/product_cat?post=751"},{"taxonomy":"product_tag","embeddable":true,"href":"https:\/\/www.cxjsmartcard.com\/vi\/wp-json\/wp\/v2\/product_tag?post=751"}],"curies":[{"name":"trang web","href":"https:\/\/api.w.org\/{rel}","templated":true}]}}