{"id":746,"date":"2025-11-03T07:05:39","date_gmt":"2025-11-03T07:05:39","guid":{"rendered":"https:\/\/www.cxjsmartcard.com\/?post_type=product&#038;p=746"},"modified":"2025-12-29T01:27:10","modified_gmt":"2025-12-29T01:27:10","slug":"washable-pps-iso15693-icode-slix-laundry-rfid-tag","status":"publish","type":"product","link":"https:\/\/www.cxjsmartcard.com\/vi\/washable-pps-iso15693-icode-slix-laundry-rfid-tag\/","title":{"rendered":"Th\u1ebb RFID gi\u1eb7t \u1ee7i PPS ISO15693 ICODE SLIX c\u00f3 th\u1ec3 gi\u1eb7t \u0111\u01b0\u1ee3c"},"content":{"rendered":"<p data-start=\"61\" data-end=\"361\">Th\u1ebb RFID gi\u1eb7t \u1ee7i ICODE SLIX ISO15693 n\u00e0y s\u1eed d\u1ee5ng v\u1eadt li\u1ec7u PPS ch\u1ecbu nhi\u1ec7t \u0111\u1ed9 cao v\u1edbi bao b\u00ec PPS hai m\u1eb7t \u0111\u1ec3 t\u1ea1o n\u00ean s\u1ef1 ch\u1eafc ch\u1eafn, <strong data-start=\"199\" data-end=\"249\">ch\u1ed1ng th\u1ea5m n\u01b0\u1edbc, ch\u1ed1ng s\u1ed1c v\u00e0 ch\u1ed1ng \u1ea9m<\/strong> x\u00e2y d\u1ef1ng. N\u00f3 c\u00f3 th\u1ec3 \u0111\u01b0\u1ee3c kh\u00e2u v\u00e0o qu\u1ea7n \u00e1o ho\u1eb7c ch\u00e8n v\u00e0o nh\u00e3n v\u00e0 h\u1ed7 tr\u1ee3 \u0111\u00e1nh s\u1ed1 tr\u1ef1c ti\u1ebfp b\u1eb1ng l\u1ee5a ho\u1eb7c laser.<\/p>\n<p data-start=\"363\" data-end=\"377\"><strong data-start=\"363\" data-end=\"375\">\u0110\u1eb7c tr\u01b0ng<\/strong><\/p>\n<ol data-start=\"378\" data-end=\"757\">\n<li data-start=\"378\" data-end=\"444\">\n<p data-start=\"381\" data-end=\"444\">Thi\u1ebft b\u1ecb nh\u1eadn d\u1ea1ng c\u00f3 th\u1ec3 gi\u1eb7t \u0111\u01b0\u1ee3c d\u00f9ng cho c\u00e1c \u1ee9ng d\u1ee5ng may m\u1eb7c.<\/p>\n<\/li>\n<li data-start=\"445\" data-end=\"521\">\n<p data-start=\"448\" data-end=\"521\">Thi\u1ebft k\u1ebf ch\u1eafc ch\u1eafn cho m\u00f4i tr\u01b0\u1eddng gi\u1eb7t gi\u0169 kh\u1eafc nghi\u1ec7t; ch\u1ed1ng l\u1ea1i t\u00e1c nh\u00e2n \u0103n m\u00f2n.<\/p>\n<\/li>\n<li data-start=\"522\" data-end=\"600\">\n<p data-start=\"525\" data-end=\"600\">100% ch\u1ed1ng th\u1ea5m n\u01b0\u1edbc v\u00e0 ch\u1ecbu nhi\u1ec7t \u0111\u1ed9 cao; th\u00e2n thi\u1ec7n v\u1edbi m\u00f4i tr\u01b0\u1eddng.<\/p>\n<\/li>\n<li data-start=\"601\" data-end=\"678\">\n<p data-start=\"604\" data-end=\"678\">Ph\u00f9 h\u1ee3p cho qu\u1ea7n \u00e1o, \u0111\u1ed3ng ph\u1ee5c, trang ph\u1ee5c v\u00e0 qu\u1ea7n \u00e1o b\u1ec7nh nh\u00e2n trong b\u1ec7nh vi\u1ec7n.<\/p>\n<\/li>\n<li data-start=\"679\" data-end=\"757\">\n<p data-start=\"682\" data-end=\"757\">Ho\u1ea1t \u0111\u1ed9ng \u0110\u1ecdc\/Ghi v\u1edbi kh\u1ea3 n\u0103ng l\u1ef1a ch\u1ecdn chip t\u00f9y ch\u1ec9nh \u0111\u1ec3 ph\u00f9 h\u1ee3p v\u1edbi h\u1ec7 th\u1ed1ng c\u1ee7a b\u1ea1n.<\/p>\n<\/li>\n<\/ol>\n<p data-start=\"759\" data-end=\"930\"><strong data-start=\"759\" data-end=\"775\">\u1ee8ng d\u1ee5ng<\/strong><br data-start=\"775\" data-end=\"778\" \/>Qu\u1ea3n l\u00fd qu\u1ea7n \u00e1o, ki\u1ec3m so\u00e1t an ninh, c\u1eeda h\u00e0ng gi\u1eb7t l\u00e0 (bao g\u1ed3m c\u1ea3 lo\u1ea1i c\u00f4ng nghi\u1ec7p) v\u00e0 c\u00e1c m\u00f4i tr\u01b0\u1eddng kh\u1eafc nghi\u1ec7t kh\u00e1c y\u00eau c\u1ea7u g\u1eafn th\u1ebb RFID b\u1ec1n v\u00e0 c\u00f3 th\u1ec3 gi\u1eb7t \u0111\u01b0\u1ee3c.<\/p>\n<h2 data-start=\"932\" data-end=\"957\">B\u1ea3ng (Th\u00f4ng s\u1ed1 k\u1ef9 thu\u1eadt)<\/h2>\n<div class=\"_tableContainer_1rjym_1\">\n<div class=\"group _tableWrapper_1rjym_13 flex w-fit flex-col-reverse\" tabindex=\"-1\">\n<table class=\"w-fit min-w-(--thread-content-width)\" data-start=\"958\" data-end=\"2813\">\n<thead data-start=\"958\" data-end=\"1073\">\n<tr data-start=\"958\" data-end=\"1073\">\n<th data-start=\"958\" data-end=\"984\" data-col-size=\"sm\">Lo\u1ea1i<\/th>\n<th data-start=\"984\" data-end=\"1010\" data-col-size=\"sm\">Tham s\u1ed1<\/th>\n<th data-start=\"1010\" data-end=\"1073\" data-col-size=\"sm\">Gi\u00e1 tr\u1ecb<\/th>\n<\/tr>\n<\/thead>\n<tbody data-start=\"1190\" data-end=\"2813\">\n<tr data-start=\"1190\" data-end=\"1305\">\n<td data-start=\"1190\" data-end=\"1216\" data-col-size=\"sm\">S\u1ea3n ph\u1ea9m<\/td>\n<td data-col-size=\"sm\" data-start=\"1216\" data-end=\"1242\">M\u1ee5c<\/td>\n<td data-col-size=\"sm\" data-start=\"1242\" data-end=\"1305\">Th\u1ebb gi\u1eb7t PPS RFID<\/td>\n<\/tr>\n<tr data-start=\"1306\" data-end=\"1421\">\n<td data-start=\"1306\" data-end=\"1332\" data-col-size=\"sm\">T\u00ednh n\u0103ng \u0111\u1eb7c bi\u1ec7t<\/td>\n<td data-col-size=\"sm\" data-start=\"1332\" data-end=\"1358\">Thu\u1ed9c t\u00ednh<\/td>\n<td data-col-size=\"sm\" data-start=\"1358\" data-end=\"1421\">Ch\u1ed1ng n\u01b0\u1edbc \/ Ch\u1ed1ng ch\u1ecbu th\u1eddi ti\u1ebft, Th\u1ebb mini<\/td>\n<\/tr>\n<tr data-start=\"1422\" data-end=\"1537\">\n<td data-start=\"1422\" data-end=\"1448\" data-col-size=\"sm\">Giao ti\u1ebfp<\/td>\n<td data-col-size=\"sm\" data-start=\"1448\" data-end=\"1474\">Giao di\u1ec7n<\/td>\n<td data-col-size=\"sm\" data-start=\"1474\" data-end=\"1537\">RFID, NFC<\/td>\n<\/tr>\n<tr data-start=\"1538\" data-end=\"1653\">\n<td data-start=\"1538\" data-end=\"1564\" data-col-size=\"sm\">Nguy\u00ean v\u1eadt li\u1ec7u<\/td>\n<td data-col-size=\"sm\" data-start=\"1564\" data-end=\"1590\">Th\u00e2n h\u00ecnh<\/td>\n<td data-col-size=\"sm\" data-start=\"1590\" data-end=\"1653\">PPS<\/td>\n<\/tr>\n<tr data-start=\"1654\" data-end=\"1769\">\n<td data-start=\"1654\" data-end=\"1680\" data-col-size=\"sm\">K\u00edch th\u01b0\u1edbc<\/td>\n<td data-col-size=\"sm\" data-start=\"1680\" data-end=\"1706\">T\u00f9y ch\u1ecdn k\u00edch th\u01b0\u1edbc<\/td>\n<td data-col-size=\"sm\" data-start=\"1706\" data-end=\"1769\">\u00d818 mm, \u00d820 mm, \u00d822 mm, \u00d830 mm<\/td>\n<\/tr>\n<tr data-start=\"1770\" data-end=\"1885\">\n<td data-start=\"1770\" data-end=\"1796\" data-col-size=\"sm\">T\u1ea7n s\u1ed1 v\u00f4 tuy\u1ebfn<\/td>\n<td data-col-size=\"sm\" data-start=\"1796\" data-end=\"1822\">T\u00ednh th\u01b0\u1eddng xuy\u00ean<\/td>\n<td data-col-size=\"sm\" data-start=\"1822\" data-end=\"1885\">13,56 MHz<\/td>\n<\/tr>\n<tr data-start=\"1886\" data-end=\"2001\">\n<td data-start=\"1886\" data-end=\"1912\" data-col-size=\"sm\"><\/td>\n<td data-col-size=\"sm\" data-start=\"1912\" data-end=\"1938\">Giao th\u1ee9c<\/td>\n<td data-col-size=\"sm\" data-start=\"1938\" data-end=\"2001\">Ti\u00eau chu\u1ea9n ISO\/IEC 15693<\/td>\n<\/tr>\n<tr data-start=\"2002\" data-end=\"2117\">\n<td data-start=\"2002\" data-end=\"2028\" data-col-size=\"sm\">M\u00f4i tr\u01b0\u1eddng<\/td>\n<td data-start=\"2028\" data-end=\"2054\" data-col-size=\"sm\">Nhi\u1ec7t \u0111\u1ed9 ho\u1ea1t \u0111\u1ed9ng<\/td>\n<td data-col-size=\"sm\" data-start=\"2054\" data-end=\"2117\">\u221225 \u2103 \u0111\u1ebfn +75 \u2103<\/td>\n<\/tr>\n<tr data-start=\"2118\" data-end=\"2233\">\n<td data-start=\"2118\" data-end=\"2144\" data-col-size=\"sm\"><\/td>\n<td data-col-size=\"sm\" data-start=\"2144\" data-end=\"2170\">Nhi\u1ec7t \u0111\u1ed9 l\u01b0u tr\u1eef<\/td>\n<td data-col-size=\"sm\" data-start=\"2170\" data-end=\"2233\">\u221255 \u2103 \u0111\u1ebfn +220 \u2103<\/td>\n<\/tr>\n<tr data-start=\"2234\" data-end=\"2349\">\n<td data-start=\"2234\" data-end=\"2260\" data-col-size=\"sm\">Kh\u1ea3 n\u0103ng t\u01b0\u01a1ng th\u00edch quy tr\u00ecnh<\/td>\n<td data-col-size=\"sm\" data-start=\"2260\" data-end=\"2286\">Ph\u01b0\u01a1ng ph\u00e1p gi\u1eb7t<\/td>\n<td data-col-size=\"sm\" data-start=\"2286\" data-end=\"2349\">Gi\u1eb7t \u1ee7i, gi\u1eb7t kh\u00f4<\/td>\n<\/tr>\n<tr data-start=\"2350\" data-end=\"2465\">\n<td data-start=\"2350\" data-end=\"2376\" data-col-size=\"sm\">\u0110\u1ed9 b\u1ec1n<\/td>\n<td data-col-size=\"sm\" data-start=\"2376\" data-end=\"2402\">Cu\u1ed9c s\u1ed1ng gi\u1eb7t gi\u0169<\/td>\n<td data-col-size=\"sm\" data-start=\"2402\" data-end=\"2465\">200 chu k\u1ef3 gi\u1eb7t<\/td>\n<\/tr>\n<tr data-start=\"2466\" data-end=\"2581\">\n<td data-start=\"2466\" data-end=\"2492\" data-col-size=\"sm\">D\u1eef li\u1ec7u<\/td>\n<td data-col-size=\"sm\" data-start=\"2492\" data-end=\"2518\">L\u01b0u gi\u1eef d\u1eef li\u1ec7u chip<\/td>\n<td data-col-size=\"sm\" data-start=\"2518\" data-end=\"2581\">10 n\u0103m<\/td>\n<\/tr>\n<tr data-start=\"2582\" data-end=\"2697\">\n<td data-start=\"2582\" data-end=\"2608\" data-col-size=\"sm\">Ph\u01b0\u01a1ng ph\u00e1p g\u1eafn th\u1ebb<\/td>\n<td data-col-size=\"sm\" data-start=\"2608\" data-end=\"2634\">\u0110\u00ednh k\u00e8m<\/td>\n<td data-col-size=\"sm\" data-start=\"2634\" data-end=\"2697\">May, ch\u00e8n<\/td>\n<\/tr>\n<tr data-start=\"2698\" data-end=\"2813\">\n<td data-start=\"2698\" data-end=\"2724\" data-col-size=\"sm\">Ho\u1ea1t \u0111\u1ed9ng<\/td>\n<td data-col-size=\"sm\" data-start=\"2724\" data-end=\"2750\">Ch\u1ebf \u0111\u1ed9 l\u00e0m vi\u1ec7c<\/td>\n<td data-col-size=\"sm\" data-start=\"2750\" data-end=\"2813\">\u0110\u1ecdc\/Ghi<\/td>\n<\/tr>\n<\/tbody>\n<\/table>\n<\/div>\n<\/div>","protected":false},"excerpt":{"rendered":"<p>Th\u1ebb gi\u1eb7t PPS ISO15693 ICODE SLIX c\u00f3 th\u1ec3 gi\u1eb7t \u0111\u01b0\u1ee3c\u2014ch\u1eafc ch\u1eafn, ch\u1ed1ng th\u1ea5m n\u01b0\u1edbc v\u00e0 ch\u1ed1ng h\u00f3a ch\u1ea5t d\u00e0nh cho qu\u1ea7n \u00e1o v\u00e0 \u0111\u1ed3ng ph\u1ee5c; t\u1ea7n s\u1ed1 13,56 MHz R\/W v\u1edbi \u0111\u1ed9 b\u1ec1n 200 chu k\u1ef3.<\/p>","protected":false},"featured_media":747,"template":"","meta":{"_gspb_post_css":""},"product_brand":[],"product_cat":[17,19],"product_tag":[],"class_list":{"0":"post-746","1":"product","2":"type-product","3":"status-publish","4":"has-post-thumbnail","6":"product_cat-rfid-laundry-tags","7":"product_cat-pps-rfid-laundry-tags","9":"first","10":"instock","11":"shipping-taxable","12":"purchasable","13":"product-type-simple"},"_links":{"self":[{"href":"https:\/\/www.cxjsmartcard.com\/vi\/wp-json\/wp\/v2\/product\/746","targetHints":{"allow":["GET"]}}],"collection":[{"href":"https:\/\/www.cxjsmartcard.com\/vi\/wp-json\/wp\/v2\/product"}],"about":[{"href":"https:\/\/www.cxjsmartcard.com\/vi\/wp-json\/wp\/v2\/types\/product"}],"wp:featuredmedia":[{"embeddable":true,"href":"https:\/\/www.cxjsmartcard.com\/vi\/wp-json\/wp\/v2\/media\/747"}],"wp:attachment":[{"href":"https:\/\/www.cxjsmartcard.com\/vi\/wp-json\/wp\/v2\/media?parent=746"}],"wp:term":[{"taxonomy":"product_brand","embeddable":true,"href":"https:\/\/www.cxjsmartcard.com\/vi\/wp-json\/wp\/v2\/product_brand?post=746"},{"taxonomy":"product_cat","embeddable":true,"href":"https:\/\/www.cxjsmartcard.com\/vi\/wp-json\/wp\/v2\/product_cat?post=746"},{"taxonomy":"product_tag","embeddable":true,"href":"https:\/\/www.cxjsmartcard.com\/vi\/wp-json\/wp\/v2\/product_tag?post=746"}],"curies":[{"name":"trang web","href":"https:\/\/api.w.org\/{rel}","templated":true}]}}