{"id":741,"date":"2025-11-03T07:04:00","date_gmt":"2025-11-03T07:04:00","guid":{"rendered":"https:\/\/www.cxjsmartcard.com\/?post_type=product&#038;p=741"},"modified":"2025-12-29T01:27:10","modified_gmt":"2025-12-29T01:27:10","slug":"pps-uhf-rfid-washable-tag-disc-button-for-laundry","status":"publish","type":"product","link":"https:\/\/www.cxjsmartcard.com\/vi\/pps-uhf-rfid-washable-tag-disc-button-for-laundry\/","title":{"rendered":"N\u00fat \u0111\u0129a th\u1ebb RFID PPS UHF c\u00f3 th\u1ec3 gi\u1eb7t \u0111\u01b0\u1ee3c d\u00f9ng cho gi\u1eb7t \u1ee7i"},"content":{"rendered":"<p data-start=\"61\" data-end=\"888\">N\u00fat \u0111\u0129a th\u1ebb RFID c\u00f3 th\u1ec3 gi\u1eb7t PPS UHF s\u1eed d\u1ee5ng bao b\u00ec nh\u1ef1a PPS cho nh\u00e3n \u0111i\u1ec7n t\u1eed, cung c\u1ea5p <strong data-start=\"179\" data-end=\"280\">kh\u1ea3 n\u0103ng ch\u1ecbu nhi\u1ec7t \u0111\u1ed9 cao, ch\u1ed1ng ch\u00e1y, ch\u1ed1ng \u0103n m\u00f2n h\u00f3a h\u1ecdc v\u00e0 ch\u1ed1ng m\u00e0i m\u00f2n<\/strong>. Nh\u00e3n c\u1ef1c k\u1ef3 m\u1ecfng v\u00e0 c\u00f3 th\u1ec3 \u0111\u01b0\u1ee3c kh\u00e2u v\u00e0o m\u1ed9t t\u00fai v\u1ea3i nh\u1ecf ho\u1eb7c tr\u1ef1c ti\u1ebfp l\u00ean v\u1ea3i c\u1ea7n qu\u1ea3n l\u00fd, v\u00e0 v\u1ecb tr\u00ed kh\u00e2u r\u1ea5t d\u1ec5 t\u00ecm. N\u00f3 \u0111\u01b0\u1ee3c s\u1eed d\u1ee5ng r\u1ed9ng r\u00e3i trong <strong data-start=\"455\" data-end=\"466\">gi\u1eb7t \u1ee7i<\/strong>, <strong data-start=\"468\" data-end=\"491\">qu\u1ea7n \u00e1o cao c\u1ea5p<\/strong>, <strong data-start=\"493\" data-end=\"512\">\u0111\u1ed3ng ph\u1ee5c h\u1ecdc sinh<\/strong>, <strong data-start=\"514\" data-end=\"534\">trang ph\u1ee5c \u0111\u1eb7c bi\u1ec7t<\/strong>, <strong data-start=\"536\" data-end=\"570\">qu\u1ea3n l\u00fd s\u1ea3n xu\u1ea5t qu\u1ea7n \u00e1o<\/strong>, <strong data-start=\"572\" data-end=\"592\">theo d\u00f5i s\u1ea3n ph\u1ea9m<\/strong>, <strong data-start=\"594\" data-end=\"617\">h\u00e0ng t\u1ed3n kho<\/strong>, <strong data-start=\"619\" data-end=\"658\">d\u1ea5u hi\u1ec7u b\u1ea3o d\u01b0\u1ee1ng \u0111\u1ed9ng c\u01a1 \u00f4 t\u00f4<\/strong>, <strong data-start=\"660\" data-end=\"696\">qu\u1ea3n l\u00fd nguy\u00ean li\u1ec7u h\u00f3a h\u1ecdc<\/strong>, v\u00e0 c\u00e1c m\u00f4i tr\u01b0\u1eddng kh\u1eafc nghi\u1ec7t kh\u00e1c.<br data-start=\"727\" data-end=\"730\" \/>\u0110\u1ed1i v\u1edbi c\u00e1c t\u00ecnh hu\u1ed1ng gi\u1eb7t \u1ee7i (kh\u00e1ch s\u1ea1n, b\u1ec7nh vi\u1ec7n, gi\u1eb7t kh\u00f4, qu\u1ea3n l\u00fd ch\u0103n h\u00e0ng kh\u00f4ng), th\u1ebb th\u01b0\u1eddng c\u00f3 s\u1eb5n trong <strong data-start=\"843\" data-end=\"873\">PPS, silicone v\u00e0 d\u1ec7t may<\/strong> c\u00e1c c\u00f4ng tr\u00ecnh x\u00e2y d\u1ef1ng.<\/p>\n<p data-start=\"890\" data-end=\"904\"><strong data-start=\"890\" data-end=\"902\">\u0110\u1eb7c tr\u01b0ng<\/strong><\/p>\n<ol data-start=\"905\" data-end=\"1050\">\n<li data-start=\"905\" data-end=\"938\">\n<p data-start=\"908\" data-end=\"938\">Kh\u1ea3 n\u0103ng ch\u1ecbu nhi\u1ec7t \u0111\u1ed9 cao.<\/p>\n<\/li>\n<li data-start=\"939\" data-end=\"964\">\n<p data-start=\"942\" data-end=\"964\">Kh\u1ea3 n\u0103ng ch\u1ecbu \u00e1p su\u1ea5t.<\/p>\n<\/li>\n<li data-start=\"965\" data-end=\"991\">\n<p data-start=\"968\" data-end=\"991\">Kh\u1ea3 n\u0103ng ch\u1ed1ng \u0103n m\u00f2n.<\/p>\n<\/li>\n<li data-start=\"992\" data-end=\"1020\">\n<p data-start=\"995\" data-end=\"1020\">Kh\u00f4ng th\u1ea5m n\u01b0\u1edbc v\u00e0 b\u1ec1n.<\/p>\n<\/li>\n<li data-start=\"1021\" data-end=\"1050\">\n<p data-start=\"1024\" data-end=\"1050\">T\u00f9y ch\u1ecdn thi\u1ebft k\u1ebf t\u00f9y ch\u1ec9nh.<\/p>\n<\/li>\n<\/ol>\n<p data-start=\"1052\" data-end=\"1165\"><strong data-start=\"1052\" data-end=\"1065\">Ch\u1ee9c n\u0103ng<\/strong><br data-start=\"1065\" data-end=\"1068\" \/>Ki\u1ec3m so\u00e1t truy c\u1eadp, nh\u1eadn d\u1ea1ng v\u00e0 thu th\u1eadp th\u00f4ng tin trong quy tr\u00ecnh gi\u1eb7t l\u00e0 c\u00f4ng nghi\u1ec7p v\u00e0 d\u1ec7t may.<\/p>\n<h2 data-start=\"1167\" data-end=\"1192\">B\u1ea3ng (Th\u00f4ng s\u1ed1 k\u1ef9 thu\u1eadt)<\/h2>\n<div class=\"_tableContainer_1rjym_1\">\n<div class=\"group _tableWrapper_1rjym_13 flex w-fit flex-col-reverse\" tabindex=\"-1\">\n<table class=\"w-fit min-w-(--thread-content-width)\" data-start=\"1193\" data-end=\"3418\">\n<thead data-start=\"1193\" data-end=\"1338\">\n<tr data-start=\"1193\" data-end=\"1338\">\n<th data-start=\"1193\" data-end=\"1218\" data-col-size=\"sm\">Lo\u1ea1i<\/th>\n<th data-start=\"1218\" data-end=\"1249\" data-col-size=\"sm\">Tham s\u1ed1<\/th>\n<th data-start=\"1249\" data-end=\"1338\" data-col-size=\"lg\">Gi\u00e1 tr\u1ecb<\/th>\n<\/tr>\n<\/thead>\n<tbody data-start=\"1484\" data-end=\"3418\">\n<tr data-start=\"1484\" data-end=\"1629\">\n<td data-start=\"1484\" data-end=\"1508\" data-col-size=\"sm\">Thu\u1ed9c v\u1eadt ch\u1ea5t<\/td>\n<td data-col-size=\"sm\" data-start=\"1508\" data-end=\"1540\">V\u1eadt li\u1ec7u<\/td>\n<td data-col-size=\"lg\" data-start=\"1540\" data-end=\"1629\">PPS (polyphenylene sulfide)<\/td>\n<\/tr>\n<tr data-start=\"1630\" data-end=\"1775\">\n<td data-start=\"1630\" data-end=\"1654\" data-col-size=\"sm\"><\/td>\n<td data-start=\"1654\" data-end=\"1686\" data-col-size=\"sm\">Y\u1ebfu t\u1ed1 h\u00ecnh th\u1ee9c<\/td>\n<td data-col-size=\"lg\" data-start=\"1686\" data-end=\"1775\">\u0110\u0129a \/ n\u00fat<\/td>\n<\/tr>\n<tr data-start=\"1776\" data-end=\"1921\">\n<td data-start=\"1776\" data-end=\"1800\" data-col-size=\"sm\"><\/td>\n<td data-col-size=\"sm\" data-start=\"1800\" data-end=\"1832\">K\u00edch th\u01b0\u1edbc<\/td>\n<td data-col-size=\"lg\" data-start=\"1832\" data-end=\"1921\">\u00d818 mm \/ \u00d820 mm \/ \u00d825,5 mm; \u0111\u1ed9 d\u00e0y 2,75 mm; <strong data-start=\"1881\" data-end=\"1898\">l\u1ed7 \u00d8 1,5 mm<\/strong><\/td>\n<\/tr>\n<tr data-start=\"1922\" data-end=\"2067\">\n<td data-start=\"1922\" data-end=\"1946\" data-col-size=\"sm\"><\/td>\n<td data-col-size=\"sm\" data-start=\"1946\" data-end=\"1978\">\u0110\u00ednh k\u00e8m<\/td>\n<td data-col-size=\"lg\" data-start=\"1978\" data-end=\"2067\">May v\u00e0o m\u1ed9t t\u00fai v\u1ea3i nh\u1ecf ho\u1eb7c may tr\u1ef1c ti\u1ebfp l\u00ean v\u1ea3i<\/td>\n<\/tr>\n<tr data-start=\"2068\" data-end=\"2213\">\n<td data-start=\"2068\" data-end=\"2092\" data-col-size=\"sm\">M\u00f4i tr\u01b0\u1eddng<\/td>\n<td data-col-size=\"sm\" data-start=\"2092\" data-end=\"2124\">Ph\u1ea1m vi nhi\u1ec7t \u0111\u1ed9<\/td>\n<td data-col-size=\"lg\" data-start=\"2124\" data-end=\"2213\">\u221230 \u2103 \u0111\u1ebfn +220 \u2103<\/td>\n<\/tr>\n<tr data-start=\"2214\" data-end=\"2359\">\n<td data-start=\"2214\" data-end=\"2238\" data-col-size=\"sm\">C\u00e1 nh\u00e2n h\u00f3a<\/td>\n<td data-col-size=\"sm\" data-start=\"2238\" data-end=\"2270\">T\u00f9y ch\u1ec9nh<\/td>\n<td data-col-size=\"lg\" data-start=\"2270\" data-end=\"2359\">In logo t\u00f9y ch\u1ec9nh; d\u1eef li\u1ec7u chip c\u00f3 th\u1ec3 ghi (v\u00ed d\u1ee5: URL\/trang web, s\u1ed1 s\u00ea-ri)<\/td>\n<\/tr>\n<tr data-start=\"2360\" data-end=\"2505\">\n<td data-start=\"2360\" data-end=\"2384\" data-col-size=\"sm\">Thu\u1ed9c t\u00ednh<\/td>\n<td data-col-size=\"sm\" data-start=\"2384\" data-end=\"2416\">C\u00e1c t\u00ednh n\u0103ng b\u1ea3o v\u1ec7<\/td>\n<td data-col-size=\"lg\" data-start=\"2416\" data-end=\"2505\">Ch\u1ecbu nhi\u1ec7t \u0111\u1ed9 cao, \u00e1p su\u1ea5t cao, ch\u1ed1ng \u0103n m\u00f2n; ch\u1ed1ng th\u1ea5m n\u01b0\u1edbc; b\u1ec1n<\/td>\n<\/tr>\n<tr data-start=\"2506\" data-end=\"2651\">\n<td data-start=\"2506\" data-end=\"2530\" data-col-size=\"sm\">RFID<\/td>\n<td data-col-size=\"sm\" data-start=\"2530\" data-end=\"2562\">T\u00ednh th\u01b0\u1eddng xuy\u00ean<\/td>\n<td data-col-size=\"lg\" data-start=\"2562\" data-end=\"2651\">860\u2013960 MHz (UHF)<\/td>\n<\/tr>\n<tr data-start=\"2652\" data-end=\"2797\">\n<td data-start=\"2652\" data-end=\"2676\" data-col-size=\"sm\"><\/td>\n<td data-col-size=\"sm\" data-start=\"2676\" data-end=\"2708\">Giao th\u1ee9c<\/td>\n<td data-col-size=\"lg\" data-start=\"2708\" data-end=\"2797\">Ti\u00eau chu\u1ea9n ISO 18000-6C<\/td>\n<\/tr>\n<tr data-start=\"2798\" data-end=\"2943\">\n<td data-start=\"2798\" data-end=\"2822\" data-col-size=\"sm\"><\/td>\n<td data-start=\"2822\" data-end=\"2854\" data-col-size=\"sm\">T\u00f9y ch\u1ecdn chip<\/td>\n<td data-col-size=\"lg\" data-start=\"2854\" data-end=\"2943\">H9, H10, U9, U10, M4\/5\/6<\/td>\n<\/tr>\n<tr data-start=\"2944\" data-end=\"3089\">\n<td data-start=\"2944\" data-end=\"2968\" data-col-size=\"sm\">Hi\u1ec7u su\u1ea5t<\/td>\n<td data-col-size=\"sm\" data-start=\"2968\" data-end=\"3000\">Kho\u1ea3ng c\u00e1ch \u0111\u1ecdc<\/td>\n<td data-col-size=\"lg\" data-start=\"3000\" data-end=\"3089\">1\u20138 m (ph\u1ee5 thu\u1ed9c v\u00e0o ng\u01b0\u1eddi \u0111\u1ecdc\/m\u00f4i tr\u01b0\u1eddng)<\/td>\n<\/tr>\n<tr data-start=\"3090\" data-end=\"3272\">\n<td data-start=\"3090\" data-end=\"3114\" data-col-size=\"sm\">C\u00e1c tr\u01b0\u1eddng h\u1ee3p s\u1eed d\u1ee5ng<\/td>\n<td data-col-size=\"sm\" data-start=\"3114\" data-end=\"3146\">\u1ee8ng d\u1ee5ng \u0111i\u1ec3n h\u00ecnh<\/td>\n<td data-col-size=\"lg\" data-start=\"3146\" data-end=\"3272\">Gi\u1eb7t \u1ee7i, qu\u1ea7n \u00e1o ch\u1ea5t l\u01b0\u1ee3ng cao, \u0111\u1ed3ng ph\u1ee5c h\u1ecdc sinh, qu\u1ea7n \u00e1o \u0111\u1eb7c bi\u1ec7t, qu\u1ea3n l\u00fd s\u1ea3n xu\u1ea5t, theo d\u00f5i s\u1ea3n ph\u1ea9m, ki\u1ec3m k\u00ea kho<\/td>\n<\/tr>\n<tr data-start=\"3273\" data-end=\"3418\">\n<td data-start=\"3273\" data-end=\"3297\" data-col-size=\"sm\">V\u00ed d\u1ee5 v\u1ec1 ng\u00e0nh<\/td>\n<td data-col-size=\"sm\" data-start=\"3297\" data-end=\"3329\">Ng\u00e0nh gi\u1eb7t l\u00e0<\/td>\n<td data-col-size=\"lg\" data-start=\"3329\" data-end=\"3418\">Qu\u1ea3n l\u00fd kh\u00e1ch s\u1ea1n, b\u1ec7nh vi\u1ec7n, gi\u1eb7t kh\u00f4, ch\u0103n h\u00e0ng kh\u00f4ng<\/td>\n<\/tr>\n<\/tbody>\n<\/table>\n<\/div>\n<\/div>","protected":false},"excerpt":{"rendered":"<p>Th\u1ebb n\u00fat\/\u0111\u0129a RFID PPS UHF c\u00f3 th\u1ec3 gi\u1eb7t \u0111\u01b0\u1ee3c d\u00f9ng cho m\u1ee5c \u0111\u00edch gi\u1eb7t l\u00e0\u2014ch\u1ed1ng th\u1ea5m n\u01b0\u1edbc, ch\u1ed1ng ch\u00e1y, ch\u1ed1ng \u0103n m\u00f2n, \u221230\u2013220 \u2103, \u0111\u1ecdc \u0111\u01b0\u1ee3c 1\u20138 m; may c\u1ed1 \u0111\u1ecbnh ho\u1eb7c b\u1ecf v\u00e0o t\u00fai; h\u1ed7 tr\u1ee3 logo\/d\u1eef li\u1ec7u t\u00f9y ch\u1ec9nh.<\/p>","protected":false},"featured_media":743,"template":"","meta":{"_gspb_post_css":""},"product_brand":[],"product_cat":[17,19],"product_tag":[],"class_list":{"0":"post-741","1":"product","2":"type-product","3":"status-publish","4":"has-post-thumbnail","6":"product_cat-rfid-laundry-tags","7":"product_cat-pps-rfid-laundry-tags","9":"first","10":"instock","11":"shipping-taxable","12":"purchasable","13":"product-type-simple"},"_links":{"self":[{"href":"https:\/\/www.cxjsmartcard.com\/vi\/wp-json\/wp\/v2\/product\/741","targetHints":{"allow":["GET"]}}],"collection":[{"href":"https:\/\/www.cxjsmartcard.com\/vi\/wp-json\/wp\/v2\/product"}],"about":[{"href":"https:\/\/www.cxjsmartcard.com\/vi\/wp-json\/wp\/v2\/types\/product"}],"wp:featuredmedia":[{"embeddable":true,"href":"https:\/\/www.cxjsmartcard.com\/vi\/wp-json\/wp\/v2\/media\/743"}],"wp:attachment":[{"href":"https:\/\/www.cxjsmartcard.com\/vi\/wp-json\/wp\/v2\/media?parent=741"}],"wp:term":[{"taxonomy":"product_brand","embeddable":true,"href":"https:\/\/www.cxjsmartcard.com\/vi\/wp-json\/wp\/v2\/product_brand?post=741"},{"taxonomy":"product_cat","embeddable":true,"href":"https:\/\/www.cxjsmartcard.com\/vi\/wp-json\/wp\/v2\/product_cat?post=741"},{"taxonomy":"product_tag","embeddable":true,"href":"https:\/\/www.cxjsmartcard.com\/vi\/wp-json\/wp\/v2\/product_tag?post=741"}],"curies":[{"name":"trang web","href":"https:\/\/api.w.org\/{rel}","templated":true}]}}