{"id":736,"date":"2025-11-03T07:01:57","date_gmt":"2025-11-03T07:01:57","guid":{"rendered":"https:\/\/www.cxjsmartcard.com\/?post_type=product&#038;p=736"},"modified":"2025-12-29T01:27:10","modified_gmt":"2025-12-29T01:27:10","slug":"durable-pps-commercial-reusable-washable-rfid-tags-for-laundry-industry","status":"publish","type":"product","link":"https:\/\/www.cxjsmartcard.com\/vi\/durable-pps-commercial-reusable-washable-rfid-tags-for-laundry-industry\/","title":{"rendered":"Th\u1ebb RFID PPS b\u1ec1n b\u1ec9 c\u00f3 th\u1ec3 gi\u1eb7t \u0111\u01b0\u1ee3c, t\u00e1i s\u1eed d\u1ee5ng cho ng\u00e0nh gi\u1eb7t l\u00e0"},"content":{"rendered":"<p data-start=\"83\" data-end=\"381\">Th\u1ebb RFID PPS b\u1ec1n b\u1ec9 c\u00f3 th\u1ec3 gi\u1eb7t \u0111\u01b0\u1ee3c \u0111\u01b0\u1ee3c thi\u1ebft k\u1ebf \u0111\u1ec3 s\u1eed d\u1ee5ng trong \u0111i\u1ec1u ki\u1ec7n kh\u1eafc nghi\u1ec7t c\u1ee7a ng\u00e0nh gi\u1eb7t l\u00e0 c\u00f4ng nghi\u1ec7p. Ho\u1ea1t \u0111\u1ed9ng t\u1ea1i <strong data-start=\"214\" data-end=\"233\">13,56 MHz (NFC)<\/strong>, m\u1ed7i th\u1ebb ch\u1ed1ng th\u1ea5m n\u01b0\u1edbc s\u1eed d\u1ee5ng m\u1ed9t <strong data-start=\"262\" data-end=\"301\">l\u00f5i nh\u1ef1a + epoxy v\u1edbi v\u1ecf PPS<\/strong> ch\u1ecbu \u0111\u01b0\u1ee3c nhi\u1ec7t \u0111\u1ed9 cao, ng\u00e2m trong n\u01b0\u1edbc, h\u00f3a ch\u1ea5t v\u00e0 t\u00e1i s\u1eed d\u1ee5ng li\u00ean t\u1ee5c.<\/p>\n<p data-start=\"383\" data-end=\"721\"><strong data-start=\"383\" data-end=\"426\">\u0110\u01b0\u1ee3c thi\u1ebft k\u1ebf \u0111\u1ec3 gi\u1eb7t l\u00e0 c\u00f4ng nghi\u1ec7p c\u00f3 \u0111\u1ed9 b\u1ec1n cao<\/strong><br data-start=\"426\" data-end=\"429\" \/>Nh\u1eefng th\u1ebb n\u00e0y \u0111\u01b0\u1ee3c thi\u1ebft k\u1ebf chuy\u00ean d\u1ee5ng cho c\u00e1c c\u01a1 s\u1edf gi\u1eb7t l\u00e0 v\u00e0 c\u00f3 th\u1ec3 x\u1eed l\u00fd <strong data-start=\"496\" data-end=\"516\">H\u01a1n 200 chu tr\u00ecnh gi\u1eb7t<\/strong>, \u0111\u1ed9 \u1ea9m cao v\u00e0 <strong data-start=\"537\" data-end=\"556\">\u221225 \u2103 \u0111\u1ebfn +120 \u2103<\/strong> ho\u1ea1t \u0111\u1ed9ng. PPS (m\u1ed9t lo\u1ea1i nh\u1ef1a nhi\u1ec7t d\u1ebbo hi\u1ec7u su\u1ea5t cao) c\u00f3 kh\u1ea3 n\u0103ng ch\u1ed1ng ch\u1ecbu h\u00f3a ch\u1ea5t v\u00e0 c\u01a1 h\u1ecdc tuy\u1ec7t v\u1eddi \u0111\u1ec3 c\u00f3 hi\u1ec7u su\u1ea5t \u0111\u1ed3ng \u0111\u1ec1u trong qu\u00e1 tr\u00ecnh gi\u1eb7t, s\u1ea5y v\u00e0 \u00e9p.<\/p>\n<p data-start=\"723\" data-end=\"927\"><strong data-start=\"723\" data-end=\"757\">C\u00f3 th\u1ec3 t\u00e1i s\u1eed d\u1ee5ng \u0111\u1ec3 ti\u1ebft ki\u1ec7m l\u00e2u d\u00e0i<\/strong><br data-start=\"757\" data-end=\"760\" \/>Vi\u1ec7c \u0111\u00f3ng g\u00f3i gi\u00fap d\u1eef li\u1ec7u \u0111\u01b0\u1ee3c b\u1ea3o m\u1eadt th\u00f4ng qua qu\u00e1 tr\u00ecnh \u00e9p h\u01a1i n\u01b0\u1edbc v\u00e0 \u1ee7i c\u00f4ng nghi\u1ec7p. Vi\u1ec7c t\u00e1i s\u1eed d\u1ee5ng qua nhi\u1ec1u chu k\u1ef3 gi\u00fap gi\u1ea3m chi ph\u00ed theo d\u00f5i t\u1eebng m\u1eb7t h\u00e0ng v\u00e0 h\u1ed7 tr\u1ee3 c\u00e1c m\u1ee5c ti\u00eau ph\u00e1t tri\u1ec3n b\u1ec1n v\u1eefng.<\/p>\n<p data-start=\"929\" data-end=\"943\"><strong data-start=\"929\" data-end=\"941\">\u0110\u1eb7c tr\u01b0ng<\/strong><\/p>\n<ul data-start=\"944\" data-end=\"1206\">\n<li data-start=\"944\" data-end=\"989\">\n<p data-start=\"946\" data-end=\"989\">NFC 13,56 MHz; <strong data-start=\"961\" data-end=\"987\">Ti\u00eau chu\u1ea9n ISO 15693 \/ ISO 14443A<\/strong><\/p>\n<\/li>\n<li data-start=\"990\" data-end=\"1045\">\n<p data-start=\"992\" data-end=\"1045\"><strong data-start=\"992\" data-end=\"1030\">Ch\u1ed1ng th\u1ea5m n\u01b0\u1edbc, ch\u1ed1ng ch\u1ecbu th\u1eddi ti\u1ebft, c\u00f3 th\u1ec3 t\u00e1i s\u1eed d\u1ee5ng<\/strong> s\u1ef1 thi c\u00f4ng<\/p>\n<\/li>\n<li data-start=\"1046\" data-end=\"1094\">\n<p data-start=\"1048\" data-end=\"1094\">Ph\u1ea1m vi \u0111\u1ecdc l\u00ean \u0111\u1ebfn <strong data-start=\"1065\" data-end=\"1074\">0\u20131 ph\u00fat<\/strong> (ph\u1ee5 thu\u1ed9c v\u00e0o thi\u1ebft l\u1eadp)<\/p>\n<\/li>\n<li data-start=\"1095\" data-end=\"1150\">\n<p data-start=\"1097\" data-end=\"1150\"><strong data-start=\"1097\" data-end=\"1111\">R21 \u00d7 2 mm<\/strong> h\u1ec7 s\u1ed1 h\u00ecnh th\u1ee9c (k\u00edch th\u01b0\u1edbc kh\u00e1c theo y\u00eau c\u1ea7u)<\/p>\n<\/li>\n<li data-start=\"1151\" data-end=\"1206\">\n<p data-start=\"1153\" data-end=\"1206\">C\u00f3 s\u1eb5n c\u00e1c d\u1ecbch v\u1ee5 t\u00f9y ch\u1ec9nh (m\u00e3 h\u00f3a, \u0111\u1ecbnh h\u00ecnh, x\u00e2y d\u1ef1ng th\u01b0\u01a1ng hi\u1ec7u)<\/p>\n<\/li>\n<\/ul>\n<p data-start=\"1208\" data-end=\"1307\"><strong data-start=\"1208\" data-end=\"1224\">\u1ee8ng d\u1ee5ng<\/strong><br data-start=\"1224\" data-end=\"1227\" \/>Nh\u00e0 m\u00e1y gi\u1eb7t l\u00e0, d\u1ecbch v\u1ee5 gi\u1eb7t l\u00e0, nh\u00e0 m\u00e1y may m\u1eb7c, h\u00e0ng d\u1ec7t may cho kh\u00e1ch s\u1ea1n v\u00e0 d\u1ecbch v\u1ee5 l\u01b0u tr\u00fa.<\/p>\n<p data-start=\"1309\" data-end=\"1652\"><strong data-start=\"1309\" data-end=\"1317\">C\u00e2u h\u1ecfi th\u01b0\u1eddng g\u1eb7p<\/strong><br data-start=\"1317\" data-end=\"1320\" \/><strong data-start=\"1320\" data-end=\"1326\">H\u1ecfi:<\/strong> Nh\u1eefng th\u1ebb n\u00e0y c\u00f3 th\u1ec3 ch\u1ecbu \u0111\u01b0\u1ee3c qu\u00e1 tr\u00ecnh gi\u1eb7t v\u00e0 s\u1ea5y c\u00f4ng nghi\u1ec7p kh\u00f4ng?<br data-start=\"1380\" data-end=\"1383\" \/><strong data-start=\"1383\" data-end=\"1389\">M\u1ed8T:<\/strong> C\u00f3\u2014\u0111\u01b0\u1ee3c thi\u1ebft k\u1ebf \u0111\u1ec3 ch\u1ecbu \u0111\u01b0\u1ee3c h\u01a1n 200 chu k\u1ef3, nhi\u1ec7t \u0111\u1ed9 v\u00e0 \u00e1p su\u1ea5t cao.<br data-start=\"1448\" data-end=\"1451\" \/><strong data-start=\"1451\" data-end=\"1457\">H\u1ecfi:<\/strong> Ph\u1ea1m vi \u0111\u1ecdc th\u00f4ng th\u01b0\u1eddng l\u00e0 bao nhi\u00eau?<br data-start=\"1488\" data-end=\"1491\" \/><strong data-start=\"1491\" data-end=\"1497\">M\u1ed8T:<\/strong> L\u00ean \u0111\u1ebfn 1 m t\u00f9y thu\u1ed9c v\u00e0o ng\u01b0\u1eddi \u0111\u1ecdc v\u00e0 m\u00f4i tr\u01b0\u1eddng.<br data-start=\"1544\" data-end=\"1547\" \/><strong data-start=\"1547\" data-end=\"1553\">H\u1ecfi:<\/strong> T\u00f4i c\u00f3 th\u1ec3 t\u00f9y ch\u1ec9nh m\u00e3 h\u00f3a ho\u1eb7c k\u00edch th\u01b0\u1edbc kh\u00f4ng?<br data-start=\"1589\" data-end=\"1592\" \/><strong data-start=\"1592\" data-end=\"1598\">M\u1ed8T:<\/strong> C\u00f3\u2014c\u00f3 s\u1eb5n c\u00e1c lo\u1ea1i chip, h\u00ecnh d\u1ea1ng v\u00e0 th\u01b0\u01a1ng hi\u1ec7u t\u00f9y ch\u1ec9nh.<\/p>\n<h2 data-start=\"1654\" data-end=\"1679\">B\u1ea3ng (Th\u00f4ng s\u1ed1 k\u1ef9 thu\u1eadt)<\/h2>\n<div class=\"_tableContainer_1rjym_1\">\n<div class=\"group _tableWrapper_1rjym_13 flex w-fit flex-col-reverse\" tabindex=\"-1\">\n<table class=\"w-fit min-w-(--thread-content-width)\" data-start=\"1680\" data-end=\"2927\">\n<thead data-start=\"1680\" data-end=\"1769\">\n<tr data-start=\"1680\" data-end=\"1769\">\n<th data-start=\"1680\" data-end=\"1703\" data-col-size=\"sm\">Lo\u1ea1i<\/th>\n<th data-start=\"1703\" data-end=\"1727\" data-col-size=\"sm\">Tham s\u1ed1<\/th>\n<th data-start=\"1727\" data-end=\"1769\" data-col-size=\"sm\">Gi\u00e1 tr\u1ecb<\/th>\n<\/tr>\n<\/thead>\n<tbody data-start=\"1859\" data-end=\"2927\">\n<tr data-start=\"1859\" data-end=\"1947\">\n<td data-start=\"1859\" data-end=\"1881\" data-col-size=\"sm\">S\u1ea3n ph\u1ea9m<\/td>\n<td data-col-size=\"sm\" data-start=\"1881\" data-end=\"1905\">T\u00ean m\u1eb7t h\u00e0ng<\/td>\n<td data-col-size=\"sm\" data-start=\"1905\" data-end=\"1947\">Th\u1ebb RFID ch\u1ed1ng n\u01b0\u1edbc<\/td>\n<\/tr>\n<tr data-start=\"1948\" data-end=\"2036\">\n<td data-start=\"1948\" data-end=\"1970\" data-col-size=\"sm\">T\u1ea7n s\u1ed1 v\u00f4 tuy\u1ebfn<\/td>\n<td data-col-size=\"sm\" data-start=\"1970\" data-end=\"1994\">T\u00ednh th\u01b0\u1eddng xuy\u00ean<\/td>\n<td data-col-size=\"sm\" data-start=\"1994\" data-end=\"2036\">13,56 MHz (NFC)<\/td>\n<\/tr>\n<tr data-start=\"2037\" data-end=\"2125\">\n<td data-start=\"2037\" data-end=\"2059\" data-col-size=\"sm\"><\/td>\n<td data-col-size=\"sm\" data-start=\"2059\" data-end=\"2083\">Giao th\u1ee9c<\/td>\n<td data-col-size=\"sm\" data-start=\"2083\" data-end=\"2125\">Ti\u00eau chu\u1ea9n ISO 15693 \/ ISO 14443A<\/td>\n<\/tr>\n<tr data-start=\"2126\" data-end=\"2214\">\n<td data-start=\"2126\" data-end=\"2148\" data-col-size=\"sm\">K\u00fd \u1ee9c<\/td>\n<td data-col-size=\"sm\" data-start=\"2148\" data-end=\"2172\">Dung t\u00edch<\/td>\n<td data-col-size=\"sm\" data-start=\"2172\" data-end=\"2214\">1024 bit (c\u00f3 s\u1eb5n t\u00f9y ch\u1ecdn)<\/td>\n<\/tr>\n<tr data-start=\"2215\" data-end=\"2303\">\n<td data-start=\"2215\" data-end=\"2237\" data-col-size=\"sm\">Nguy\u00ean v\u1eadt li\u1ec7u<\/td>\n<td data-col-size=\"sm\" data-start=\"2237\" data-end=\"2261\">S\u1ef1 thi c\u00f4ng<\/td>\n<td data-col-size=\"sm\" data-start=\"2261\" data-end=\"2303\">L\u00f5i nh\u1ef1a + Epoxy, <strong data-start=\"2283\" data-end=\"2297\">V\u1ecf PPS<\/strong><\/td>\n<\/tr>\n<tr data-start=\"2304\" data-end=\"2392\">\n<td data-start=\"2304\" data-end=\"2326\" data-col-size=\"sm\">K\u00edch th\u01b0\u1edbc<\/td>\n<td data-col-size=\"sm\" data-start=\"2326\" data-end=\"2350\">K\u00edch c\u1ee1<\/td>\n<td data-col-size=\"sm\" data-start=\"2350\" data-end=\"2392\"><strong data-start=\"2352\" data-end=\"2366\">R21 \u00d7 2 mm<\/strong><\/td>\n<\/tr>\n<tr data-start=\"2393\" data-end=\"2482\">\n<td data-start=\"2393\" data-end=\"2415\" data-col-size=\"sm\">Hi\u1ec7u su\u1ea5t<\/td>\n<td data-col-size=\"sm\" data-start=\"2415\" data-end=\"2439\">Ph\u1ea1m vi \u0111\u1ecdc<\/td>\n<td data-col-size=\"sm\" data-start=\"2439\" data-end=\"2482\"><strong data-start=\"2441\" data-end=\"2450\">0\u20131 ph\u00fat<\/strong> (ph\u1ee5 thu\u1ed9c v\u00e0o ng\u01b0\u1eddi \u0111\u1ecdc\/m\u00f4i tr\u01b0\u1eddng)<\/td>\n<\/tr>\n<tr data-start=\"2483\" data-end=\"2571\">\n<td data-start=\"2483\" data-end=\"2505\" data-col-size=\"sm\">M\u00f4i tr\u01b0\u1eddng<\/td>\n<td data-col-size=\"sm\" data-start=\"2505\" data-end=\"2529\">Nhi\u1ec7t \u0111\u1ed9 ho\u1ea1t \u0111\u1ed9ng<\/td>\n<td data-col-size=\"sm\" data-start=\"2529\" data-end=\"2571\"><strong data-start=\"2531\" data-end=\"2550\">\u221225 \u2103 \u0111\u1ebfn +120 \u2103<\/strong><\/td>\n<\/tr>\n<tr data-start=\"2572\" data-end=\"2660\">\n<td data-start=\"2572\" data-end=\"2594\" data-col-size=\"sm\">\u0110\u1ed9 b\u1ec1n<\/td>\n<td data-col-size=\"sm\" data-start=\"2594\" data-end=\"2618\">Chu tr\u00ecnh gi\u1eb7t<\/td>\n<td data-col-size=\"sm\" data-start=\"2618\" data-end=\"2660\"><strong data-start=\"2620\" data-end=\"2628\">200+<\/strong> (quy tr\u00ecnh c\u00f4ng nghi\u1ec7p)<\/td>\n<\/tr>\n<tr data-start=\"2661\" data-end=\"2749\">\n<td data-start=\"2661\" data-end=\"2683\" data-col-size=\"sm\">\u1ee8ng d\u1ee5ng<\/td>\n<td data-col-size=\"sm\" data-start=\"2683\" data-end=\"2707\">Khu v\u1ef1c<\/td>\n<td data-col-size=\"sm\" data-start=\"2707\" data-end=\"2749\">Nh\u00e0 m\u00e1y gi\u1eb7t l\u00e0, v\u1ea3i lanh, may m\u1eb7c<\/td>\n<\/tr>\n<tr data-start=\"2750\" data-end=\"2838\">\n<td data-start=\"2750\" data-end=\"2772\" data-col-size=\"sm\">T\u00ednh n\u0103ng \u0111\u1eb7c bi\u1ec7t<\/td>\n<td data-col-size=\"sm\" data-start=\"2772\" data-end=\"2796\">Thu\u1ed9c t\u00ednh<\/td>\n<td data-col-size=\"sm\" data-start=\"2796\" data-end=\"2838\">Ch\u1ed1ng th\u1ea5m n\u01b0\u1edbc \/ Ch\u1ed1ng ch\u1ecbu th\u1eddi ti\u1ebft \/ C\u00f3 th\u1ec3 t\u00e1i s\u1eed d\u1ee5ng<\/td>\n<\/tr>\n<tr data-start=\"2839\" data-end=\"2927\">\n<td data-start=\"2839\" data-end=\"2861\" data-col-size=\"sm\">Ngu\u1ed3n g\u1ed1c<\/td>\n<td data-col-size=\"sm\" data-start=\"2861\" data-end=\"2885\">N\u01a1i xu\u1ea5t x\u1ee9<\/td>\n<td data-col-size=\"sm\" data-start=\"2885\" data-end=\"2927\">Th\u00e2m Quy\u1ebfn, Trung Qu\u1ed1c<\/td>\n<\/tr>\n<\/tbody>\n<\/table>\n<\/div>\n<\/div>","protected":false},"excerpt":{"rendered":"<p>Th\u1ebb gi\u1eb7t RFID PPS 13,56 MHz b\u1ec1n b\u1ec9\u2014kh\u00f4ng th\u1ea5m n\u01b0\u1edbc, c\u00f3 th\u1ec3 t\u00e1i s\u1eed d\u1ee5ng v\u00e0 ch\u1ed1ng h\u00f3a ch\u1ea5t v\u1edbi ph\u1ea1m vi \u0111\u1ecdc 0\u20131 m v\u00e0 \u0111\u1ed9 b\u1ec1n sau h\u01a1n 200 chu k\u1ef3 gi\u1eb7t \u0111\u1ec3 theo d\u00f5i h\u00e0ng d\u1ec7t may c\u00f4ng nghi\u1ec7p.<\/p>","protected":false},"featured_media":737,"template":"","meta":{"_gspb_post_css":""},"product_brand":[],"product_cat":[17,19],"product_tag":[],"class_list":{"0":"post-736","1":"product","2":"type-product","3":"status-publish","4":"has-post-thumbnail","6":"product_cat-rfid-laundry-tags","7":"product_cat-pps-rfid-laundry-tags","9":"first","10":"instock","11":"shipping-taxable","12":"purchasable","13":"product-type-simple"},"_links":{"self":[{"href":"https:\/\/www.cxjsmartcard.com\/vi\/wp-json\/wp\/v2\/product\/736","targetHints":{"allow":["GET"]}}],"collection":[{"href":"https:\/\/www.cxjsmartcard.com\/vi\/wp-json\/wp\/v2\/product"}],"about":[{"href":"https:\/\/www.cxjsmartcard.com\/vi\/wp-json\/wp\/v2\/types\/product"}],"wp:featuredmedia":[{"embeddable":true,"href":"https:\/\/www.cxjsmartcard.com\/vi\/wp-json\/wp\/v2\/media\/737"}],"wp:attachment":[{"href":"https:\/\/www.cxjsmartcard.com\/vi\/wp-json\/wp\/v2\/media?parent=736"}],"wp:term":[{"taxonomy":"product_brand","embeddable":true,"href":"https:\/\/www.cxjsmartcard.com\/vi\/wp-json\/wp\/v2\/product_brand?post=736"},{"taxonomy":"product_cat","embeddable":true,"href":"https:\/\/www.cxjsmartcard.com\/vi\/wp-json\/wp\/v2\/product_cat?post=736"},{"taxonomy":"product_tag","embeddable":true,"href":"https:\/\/www.cxjsmartcard.com\/vi\/wp-json\/wp\/v2\/product_tag?post=736"}],"curies":[{"name":"trang web","href":"https:\/\/api.w.org\/{rel}","templated":true}]}}