{"id":731,"date":"2025-11-03T06:59:28","date_gmt":"2025-11-03T06:59:28","guid":{"rendered":"https:\/\/www.cxjsmartcard.com\/?post_type=product&#038;p=731"},"modified":"2025-12-29T01:27:10","modified_gmt":"2025-12-29T01:27:10","slug":"125khz-heat-resistant-washable-pps-rfid-laundry-tag-button-token","status":"publish","type":"product","link":"https:\/\/www.cxjsmartcard.com\/vi\/125khz-heat-resistant-washable-pps-rfid-laundry-tag-button-token\/","title":{"rendered":"Th\u1ebb gi\u1eb7t \u1ee7i RFID PPS ch\u1ecbu nhi\u1ec7t 125kHz c\u00f3 th\u1ec3 gi\u1eb7t \u0111\u01b0\u1ee3c (Th\u1ebb n\u00fat b\u1ea5m)"},"content":{"rendered":"<p data-start=\"78\" data-end=\"810\">Th\u1ebb gi\u1eb7t \u1ee7i PPS RFID l\u00fd t\u01b0\u1edfng \u0111\u1ec3 theo d\u00f5i \u0111\u1ed3 v\u1ea3i lanh, \u0111\u1ed3ng ph\u1ee5c v\u00e0 c\u00e1c lo\u1ea1i qu\u1ea7n \u00e1o kh\u00e1c. Ch\u00fang t\u00f4i li\u00ean t\u1ee5c c\u1eadp nh\u1eadt v\u00e0 b\u1ed5 sung c\u00e1c s\u1ea3n ph\u1ea9m RFID v\u00e0o trang web; tuy nhi\u00ean, n\u1ebfu b\u1ea1n \u0111ang t\u00ecm ki\u1ebfm m\u1ed9t lo\u1ea1i Th\u1ebb gi\u1eb7t \u1ee7i c\u1ee5 th\u1ec3 nh\u01b0ng kh\u00f4ng t\u00ecm th\u1ea5y, vui l\u00f2ng li\u00ean h\u1ec7 v\u1edbi ch\u00fang t\u00f4i v\u00ec ch\u00fang t\u00f4i c\u00f3 th\u1ec3 cung c\u1ea5p cho b\u1ea1n.<br data-start=\"396\" data-end=\"399\" \/>Th\u1ebb RFID PPS \u0111\u01b0\u1ee3c l\u00e0m b\u1eb1ng nh\u1ef1a k\u1ef9 thu\u1eadt th\u00f4ng qua c\u00f4ng ngh\u1ec7 \u00e9p phun v\u1edbi chip RFID \u0111\u01b0\u1ee3c \u0111\u00f3ng g\u00f3i. S\u1ea3n ph\u1ea9m \u0111\u01b0\u1ee3c s\u1eed d\u1ee5ng r\u1ed9ng r\u00e3i trong t\u1ea9y tr\u1eafng v\u00e0 nhu\u1ed9m v\u1ea3i v\u00e0 \u00e1o len, gi\u1eb7t b\u1eb1ng ch\u1ea5t t\u1ea9y r\u1eeda m\u1ea1nh, s\u1ea3n xu\u1ea5t v\u1eadt li\u1ec7u h\u00f3a h\u1ecdc v\u00e0 c\u00e1c m\u00f4i tr\u01b0\u1eddng l\u00e0m vi\u1ec7c y t\u1ebf \u0111\u1eb7c th\u00f9. S\u1ea3n ph\u1ea9m c\u00f3 kh\u1ea3 n\u0103ng ch\u1ed1ng m\u00e0i m\u00f2n, ch\u1ecbu nhi\u1ec7t \u0111\u1ed9 cao, kh\u00e1ng axit-ki\u1ec1m, th\u00e2n thi\u1ec7n v\u1edbi m\u00f4i tr\u01b0\u1eddng v\u00e0 \u0111\u01b0\u1ee3c thi\u1ebft k\u1ebf \u0111\u1ec3 theo d\u00f5i qu\u00e1 tr\u00ecnh gi\u1eb7t gi\u0169 l\u00e2u d\u00e0i.<\/p>\n<p data-start=\"812\" data-end=\"826\"><strong data-start=\"812\" data-end=\"824\">\u0110\u1eb7c tr\u01b0ng<\/strong><\/p>\n<ol data-start=\"827\" data-end=\"972\">\n<li data-start=\"827\" data-end=\"860\">\n<p data-start=\"830\" data-end=\"860\">Kh\u1ea3 n\u0103ng ch\u1ecbu nhi\u1ec7t \u0111\u1ed9 cao.<\/p>\n<\/li>\n<li data-start=\"861\" data-end=\"886\">\n<p data-start=\"864\" data-end=\"886\">Kh\u1ea3 n\u0103ng ch\u1ecbu \u00e1p su\u1ea5t.<\/p>\n<\/li>\n<li data-start=\"887\" data-end=\"913\">\n<p data-start=\"890\" data-end=\"913\">Kh\u1ea3 n\u0103ng ch\u1ed1ng \u0103n m\u00f2n.<\/p>\n<\/li>\n<li data-start=\"914\" data-end=\"942\">\n<p data-start=\"917\" data-end=\"942\">Kh\u00f4ng th\u1ea5m n\u01b0\u1edbc v\u00e0 b\u1ec1n.<\/p>\n<\/li>\n<li data-start=\"943\" data-end=\"972\">\n<p data-start=\"946\" data-end=\"972\">T\u00f9y ch\u1ecdn thi\u1ebft k\u1ebf t\u00f9y ch\u1ec9nh.<\/p>\n<\/li>\n<\/ol>\n<p data-start=\"974\" data-end=\"992\"><strong data-start=\"974\" data-end=\"990\">\u1ee8ng d\u1ee5ng<\/strong><\/p>\n<ul data-start=\"993\" data-end=\"1179\">\n<li data-start=\"993\" data-end=\"1051\">\n<p data-start=\"995\" data-end=\"1051\">Theo d\u00f5i t\u00e0i s\u1ea3n gi\u1eb7t l\u00e0 cho v\u1ea3i lanh, \u0111\u1ed3ng ph\u1ee5c, qu\u1ea7n \u00e1o.<\/p>\n<\/li>\n<li data-start=\"1052\" data-end=\"1116\">\n<p data-start=\"1054\" data-end=\"1116\">Quy tr\u00ecnh c\u00f4ng nghi\u1ec7p: t\u1ea9y\/nhu\u1ed9m, s\u1ea3n xu\u1ea5t h\u00f3a ch\u1ea5t.<\/p>\n<\/li>\n<li data-start=\"1117\" data-end=\"1179\">\n<p data-start=\"1119\" data-end=\"1179\">Y t\u1ebf v\u00e0 c\u00e1c m\u00f4i tr\u01b0\u1eddng kh\u1eafc nghi\u1ec7t kh\u00e1c \u0111\u00f2i h\u1ecfi th\u1ebb b\u1ec1n.<\/p>\n<\/li>\n<\/ul>\n<h2 data-start=\"1181\" data-end=\"1206\">B\u1ea3ng (Th\u00f4ng s\u1ed1 k\u1ef9 thu\u1eadt)<\/h2>\n<div class=\"_tableContainer_1rjym_1\">\n<div class=\"group _tableWrapper_1rjym_13 flex w-fit flex-col-reverse\" tabindex=\"-1\">\n<table class=\"w-fit min-w-(--thread-content-width)\" data-start=\"1207\" data-end=\"2835\">\n<thead data-start=\"1207\" data-end=\"1341\">\n<tr data-start=\"1207\" data-end=\"1341\">\n<th data-start=\"1207\" data-end=\"1225\" data-col-size=\"sm\">Lo\u1ea1i<\/th>\n<th data-start=\"1225\" data-end=\"1248\" data-col-size=\"sm\">Tham s\u1ed1<\/th>\n<th data-start=\"1248\" data-end=\"1341\" data-col-size=\"md\">Gi\u00e1 tr\u1ecb<\/th>\n<\/tr>\n<\/thead>\n<tbody data-start=\"1477\" data-end=\"2835\">\n<tr data-start=\"1477\" data-end=\"1612\">\n<td data-start=\"1477\" data-end=\"1495\" data-col-size=\"sm\">S\u1ea3n ph\u1ea9m<\/td>\n<td data-col-size=\"sm\" data-start=\"1495\" data-end=\"1519\">Ki\u1ec3u<\/td>\n<td data-col-size=\"md\" data-start=\"1519\" data-end=\"1612\">Th\u1ebb gi\u1eb7t \u1ee7i PPS RFID \/ M\u00e3 th\u00f4ng b\u00e1o n\u00fat<\/td>\n<\/tr>\n<tr data-start=\"1613\" data-end=\"1748\">\n<td data-start=\"1613\" data-end=\"1631\" data-col-size=\"sm\">Nguy\u00ean v\u1eadt li\u1ec7u<\/td>\n<td data-col-size=\"sm\" data-start=\"1631\" data-end=\"1655\">Th\u00e2n h\u00ecnh<\/td>\n<td data-col-size=\"md\" data-start=\"1655\" data-end=\"1748\">Nh\u1ef1a k\u1ef9 thu\u1eadt PPS (polyphenylene sulfide)<\/td>\n<\/tr>\n<tr data-start=\"1749\" data-end=\"1884\">\n<td data-start=\"1749\" data-end=\"1767\" data-col-size=\"sm\">T\u1ea7n s\u1ed1 v\u00f4 tuy\u1ebfn<\/td>\n<td data-col-size=\"sm\" data-start=\"1767\" data-end=\"1791\">T\u00ednh th\u01b0\u1eddng xuy\u00ean<\/td>\n<td data-col-size=\"md\" data-start=\"1791\" data-end=\"1884\">LF: 125 kHz<\/td>\n<\/tr>\n<tr data-start=\"1885\" data-end=\"2020\">\n<td data-start=\"1885\" data-end=\"1903\" data-col-size=\"sm\"><\/td>\n<td data-col-size=\"sm\" data-start=\"1903\" data-end=\"1927\">T\u00f9y ch\u1ecdn chip<\/td>\n<td data-col-size=\"md\" data-start=\"1927\" data-end=\"2020\">TK4100, EM4200, EM4305, T5577<\/td>\n<\/tr>\n<tr data-start=\"2021\" data-end=\"2155\">\n<td data-start=\"2021\" data-end=\"2039\" data-col-size=\"sm\">\u0110\u1ed9 b\u1ec1n<\/td>\n<td data-col-size=\"sm\" data-start=\"2039\" data-end=\"2063\">Tr\u1ecdn \u0111\u1eddi<\/td>\n<td data-col-size=\"md\" data-start=\"2063\" data-end=\"2155\">200 chu tr\u00ecnh gi\u1eb7t <strong data-start=\"2081\" data-end=\"2087\">ho\u1eb7c<\/strong> 2 n\u0103m k\u1ec3 t\u1eeb ng\u00e0y giao h\u00e0ng (t\u00f9y \u0111i\u1ec1u ki\u1ec7n n\u00e0o \u0111\u1ebfn tr\u01b0\u1edbc)<\/td>\n<\/tr>\n<tr data-start=\"2156\" data-end=\"2291\">\n<td data-start=\"2156\" data-end=\"2174\" data-col-size=\"sm\">M\u00f4i tr\u01b0\u1eddng<\/td>\n<td data-col-size=\"sm\" data-start=\"2174\" data-end=\"2198\">S\u1ea5y kh\u00f4 tr\u01b0\u1edbc (l\u00f2 quay)<\/td>\n<td data-col-size=\"md\" data-start=\"2198\" data-end=\"2291\">180 \u2103 (320 \u2109), 30 ph\u00fat<\/td>\n<\/tr>\n<tr data-start=\"2292\" data-end=\"2427\">\n<td data-start=\"2292\" data-end=\"2310\" data-col-size=\"sm\"><\/td>\n<td data-col-size=\"sm\" data-start=\"2310\" data-end=\"2334\">\u1ee6i qu\u1ea7n \u00e1o<\/td>\n<td data-col-size=\"md\" data-start=\"2334\" data-end=\"2427\">180 \u2103 (356 \u2109), 10 gi\u00e2y, 200 chu k\u1ef3<\/td>\n<\/tr>\n<tr data-start=\"2428\" data-end=\"2563\">\n<td data-start=\"2428\" data-end=\"2446\" data-col-size=\"sm\"><\/td>\n<td data-start=\"2446\" data-end=\"2470\" data-col-size=\"sm\">Kh\u1eed tr\u00f9ng<\/td>\n<td data-col-size=\"md\" data-start=\"2470\" data-end=\"2563\">135 \u2103 (275 \u2109), 20 ph\u00fat<\/td>\n<\/tr>\n<tr data-start=\"2564\" data-end=\"2699\">\n<td data-start=\"2564\" data-end=\"2582\" data-col-size=\"sm\">Hi\u1ec7u su\u1ea5t<\/td>\n<td data-col-size=\"sm\" data-start=\"2582\" data-end=\"2606\">C\u01a1 kh\u00ed<\/td>\n<td data-col-size=\"md\" data-start=\"2606\" data-end=\"2699\">Ch\u1ecbu \u00e1p l\u1ef1c; ch\u1ed1ng \u0103n m\u00f2n; ch\u1ed1ng th\u1ea5m n\u01b0\u1edbc; ch\u1ed1ng m\u00e0i m\u00f2n<\/td>\n<\/tr>\n<tr data-start=\"2700\" data-end=\"2835\">\n<td data-start=\"2700\" data-end=\"2718\" data-col-size=\"sm\">T\u00f9y ch\u1ec9nh<\/td>\n<td data-col-size=\"sm\" data-start=\"2718\" data-end=\"2742\">T\u00f9y ch\u1ecdn<\/td>\n<td data-col-size=\"md\" data-start=\"2742\" data-end=\"2835\">C\u00f3 s\u1eb5n thi\u1ebft k\u1ebf t\u00f9y ch\u1ec9nh<\/td>\n<\/tr>\n<\/tbody>\n<\/table>\n<\/div>\n<\/div>","protected":false},"excerpt":{"rendered":"<p>Th\u1ebb khuy gi\u1eb7t PPS RFID ch\u1ecbu nhi\u1ec7t, c\u00f3 th\u1ec3 gi\u1eb7t \u0111\u01b0\u1ee3c d\u00e0nh cho v\u1ea3i lanh v\u00e0 \u0111\u1ed3ng ph\u1ee5c\u2014ch\u1ed1ng th\u1ea5m n\u01b0\u1edbc, ch\u1ecbu \u00e1p l\u1ef1c\/\u0103n m\u00f2n, \u0111\u1ed9 b\u1ec1n 200 chu k\u1ef3 v\u1edbi nhi\u1ec1u t\u00f9y ch\u1ecdn chip LF.<\/p>","protected":false},"featured_media":734,"template":"","meta":{"_gspb_post_css":""},"product_brand":[],"product_cat":[17,19],"product_tag":[],"class_list":{"0":"post-731","1":"product","2":"type-product","3":"status-publish","4":"has-post-thumbnail","6":"product_cat-rfid-laundry-tags","7":"product_cat-pps-rfid-laundry-tags","9":"first","10":"instock","11":"shipping-taxable","12":"purchasable","13":"product-type-simple"},"_links":{"self":[{"href":"https:\/\/www.cxjsmartcard.com\/vi\/wp-json\/wp\/v2\/product\/731","targetHints":{"allow":["GET"]}}],"collection":[{"href":"https:\/\/www.cxjsmartcard.com\/vi\/wp-json\/wp\/v2\/product"}],"about":[{"href":"https:\/\/www.cxjsmartcard.com\/vi\/wp-json\/wp\/v2\/types\/product"}],"wp:featuredmedia":[{"embeddable":true,"href":"https:\/\/www.cxjsmartcard.com\/vi\/wp-json\/wp\/v2\/media\/734"}],"wp:attachment":[{"href":"https:\/\/www.cxjsmartcard.com\/vi\/wp-json\/wp\/v2\/media?parent=731"}],"wp:term":[{"taxonomy":"product_brand","embeddable":true,"href":"https:\/\/www.cxjsmartcard.com\/vi\/wp-json\/wp\/v2\/product_brand?post=731"},{"taxonomy":"product_cat","embeddable":true,"href":"https:\/\/www.cxjsmartcard.com\/vi\/wp-json\/wp\/v2\/product_cat?post=731"},{"taxonomy":"product_tag","embeddable":true,"href":"https:\/\/www.cxjsmartcard.com\/vi\/wp-json\/wp\/v2\/product_tag?post=731"}],"curies":[{"name":"trang web","href":"https:\/\/api.w.org\/{rel}","templated":true}]}}