{"id":726,"date":"2025-11-03T06:55:07","date_gmt":"2025-11-03T06:55:07","guid":{"rendered":"https:\/\/www.cxjsmartcard.com\/?post_type=product&#038;p=726"},"modified":"2025-12-29T01:27:10","modified_gmt":"2025-12-29T01:27:10","slug":"13-56mhz-rewritable-washable-waterproof-coin-nfc-pps-laundry-tags","status":"publish","type":"product","link":"https:\/\/www.cxjsmartcard.com\/vi\/13-56mhz-rewritable-washable-waterproof-coin-nfc-pps-laundry-tags\/","title":{"rendered":"Th\u1ebb gi\u1eb7t \u0111\u1ed3 NFC PPS ch\u1ed1ng n\u01b0\u1edbc c\u00f3 th\u1ec3 ghi l\u1ea1i 13,56MHz"},"content":{"rendered":"<p data-start=\"77\" data-end=\"334\">Th\u1ebb gi\u1eb7t NFC PPS ch\u1ed1ng n\u01b0\u1edbc, c\u00f3 th\u1ec3 ghi l\u1ea1i 13,56MHz \u0111\u01b0\u1ee3c thi\u1ebft k\u1ebf \u0111\u1ec3 qu\u1ea3n l\u00fd \u0111\u1ed3 gi\u1eb7t, theo d\u00f5i \u0111\u1ed3 v\u1ea3i v\u00e0 nh\u1eadn d\u1ea1ng qu\u1ea7n \u00e1o. L\u1edbp v\u1ecf PPS ch\u1eafc ch\u1eafn ch\u1ecbu \u0111\u01b0\u1ee3c nhi\u1ec7t \u0111\u1ed9 cao, h\u00f3a ch\u1ea5t v\u00e0 n\u01b0\u1edbc qua nhi\u1ec1u l\u1ea7n gi\u1eb7t.<\/p>\n<p data-start=\"336\" data-end=\"644\"><strong data-start=\"336\" data-end=\"382\">Ch\u1ee9c n\u0103ng NFC c\u00f3 th\u1ec3 ghi l\u1ea1i \u0111\u1ec3 theo d\u00f5i th\u00f4ng minh<\/strong><br data-start=\"382\" data-end=\"385\" \/>\u0110\u01b0\u1ee3c cung c\u1ea5p n\u0103ng l\u01b0\u1ee3ng b\u1edfi chip NFC nh\u01b0 <strong data-start=\"414\" data-end=\"425\">NTAG213<\/strong>, <strong data-start=\"427\" data-end=\"438\">NTAG216<\/strong>, V\u00e0 <strong data-start=\"444\" data-end=\"458\">ICODE SLIX<\/strong>, Th\u1ebb h\u1ed7 tr\u1ee3 b\u1ed9 nh\u1edb c\u00f3 th\u1ec3 ghi l\u1ea1i cho d\u1eef li\u1ec7u h\u00e0ng t\u1ed3n kho, t\u00ecnh tr\u1ea1ng qu\u1ea7n \u00e1o v\u00e0 l\u1ecbch s\u1eed gi\u1eb7t. Nh\u00e2n vi\u00ean c\u00f3 th\u1ec3 qu\u00e9t b\u1eb1ng \u0111\u1ea7u \u0111\u1ecdc RFID ti\u00eau chu\u1ea9n\u2014ho\u1eb7c th\u1eadm ch\u00ed l\u00e0 \u0111i\u1ec7n tho\u1ea1i th\u00f4ng minh\u2014\u0111\u1ec3 theo d\u00f5i ch\u00ednh x\u00e1c, theo th\u1eddi gian th\u1ef1c.<\/p>\n<p data-start=\"646\" data-end=\"660\"><strong data-start=\"646\" data-end=\"658\">\u0110\u1eb7c tr\u01b0ng<\/strong><\/p>\n<ul data-start=\"661\" data-end=\"962\">\n<li data-start=\"661\" data-end=\"710\">\n<p data-start=\"663\" data-end=\"710\">Ho\u1ea1t \u0111\u1ed9ng NFC 13,56MHz v\u1edbi b\u1ed9 nh\u1edb c\u00f3 th\u1ec3 ghi l\u1ea1i<\/p>\n<\/li>\n<li data-start=\"711\" data-end=\"771\">\n<p data-start=\"713\" data-end=\"771\">K\u1ebft c\u1ea5u PPS \/ silicone \/ ABS \/ nh\u1ef1a m\u1ec1m b\u1ec1n b\u1ec9<\/p>\n<\/li>\n<li data-start=\"772\" data-end=\"841\">\n<p data-start=\"774\" data-end=\"841\">C\u00f3 th\u1ec3 gi\u1eb7t, ch\u1ed1ng th\u1ea5m n\u01b0\u1edbc, ch\u1ed1ng \u1ea9m, ch\u1ed1ng s\u1ed1c, ch\u1ecbu nhi\u1ec7t<\/p>\n<\/li>\n<li data-start=\"842\" data-end=\"909\">\n<p data-start=\"844\" data-end=\"909\">C\u00e1c y\u1ebfu t\u1ed1 h\u00ecnh d\u1ea1ng \u0111\u1ed3ng xu nh\u1ecf \u0111\u1ec3 d\u1ec5 d\u00e0ng kh\u00e2u, nh\u00fang ho\u1eb7c b\u1ecf v\u00e0o t\u00fai<\/p>\n<\/li>\n<li data-start=\"910\" data-end=\"962\">\n<p data-start=\"912\" data-end=\"962\">Th\u00e2n thi\u1ec7n v\u1edbi \u0111i\u1ec7n tho\u1ea1i th\u00f4ng minh \u0111\u1ec3 nh\u1eadn d\u1ea1ng nhanh ch\u00f3ng t\u1ea1i hi\u1ec7n tr\u01b0\u1eddng<\/p>\n<\/li>\n<\/ul>\n<p data-start=\"964\" data-end=\"1068\"><strong data-start=\"964\" data-end=\"980\">\u1ee8ng d\u1ee5ng<\/strong><br data-start=\"980\" data-end=\"983\" \/>Ho\u1ea1t \u0111\u1ed9ng cho thu\u00ea qu\u1ea7n \u00e1o, gi\u00e0y d\u00e9p, t\u00fai x\u00e1ch, kh\u0103n tr\u1ea3i gi\u01b0\u1eddng kh\u00e1ch s\u1ea1n, h\u00e0ng d\u1ec7t y t\u1ebf v\u00e0 \u0111\u1ed3ng ph\u1ee5c.<\/p>\n<h2 data-start=\"1138\" data-end=\"1163\">B\u1ea3ng (Th\u00f4ng s\u1ed1 k\u1ef9 thu\u1eadt)<\/h2>\n<div class=\"_tableContainer_1rjym_1\">\n<div class=\"group _tableWrapper_1rjym_13 flex w-fit flex-col-reverse\" tabindex=\"-1\">\n<table class=\"w-fit min-w-(--thread-content-width)\" data-start=\"1164\" data-end=\"2558\">\n<thead data-start=\"1164\" data-end=\"1278\">\n<tr data-start=\"1164\" data-end=\"1278\">\n<th data-start=\"1164\" data-end=\"1186\" data-col-size=\"sm\">Lo\u1ea1i<\/th>\n<th data-start=\"1186\" data-end=\"1205\" data-col-size=\"sm\">Tham s\u1ed1<\/th>\n<th data-start=\"1205\" data-end=\"1278\" data-col-size=\"md\">Gi\u00e1 tr\u1ecb<\/th>\n<\/tr>\n<\/thead>\n<tbody data-start=\"1394\" data-end=\"2558\">\n<tr data-start=\"1394\" data-end=\"1508\">\n<td data-start=\"1394\" data-end=\"1416\" data-col-size=\"sm\">T\u1ea7n s\u1ed1 v\u00f4 tuy\u1ebfn<\/td>\n<td data-col-size=\"sm\" data-start=\"1416\" data-end=\"1435\">T\u00ednh th\u01b0\u1eddng xuy\u00ean<\/td>\n<td data-col-size=\"md\" data-start=\"1435\" data-end=\"1508\">13,56MHz<\/td>\n<\/tr>\n<tr data-start=\"1509\" data-end=\"1623\">\n<td data-start=\"1509\" data-end=\"1531\" data-col-size=\"sm\"><\/td>\n<td data-col-size=\"sm\" data-start=\"1531\" data-end=\"1550\">Giao th\u1ee9c<\/td>\n<td data-col-size=\"md\" data-start=\"1550\" data-end=\"1623\">ISO14443A \/ ISO15693 \/ ISO18000-6C<\/td>\n<\/tr>\n<tr data-start=\"1624\" data-end=\"1738\">\n<td data-start=\"1624\" data-end=\"1646\" data-col-size=\"sm\">IC \/ B\u1ed9 nh\u1edb<\/td>\n<td data-col-size=\"sm\" data-start=\"1646\" data-end=\"1665\">T\u00f9y ch\u1ecdn chip<\/td>\n<td data-col-size=\"md\" data-start=\"1665\" data-end=\"1738\">NTAG213 \/ NTAG216 \/ ICODE SLIX<\/td>\n<\/tr>\n<tr data-start=\"1739\" data-end=\"1853\">\n<td data-start=\"1739\" data-end=\"1761\" data-col-size=\"sm\"><\/td>\n<td data-col-size=\"sm\" data-start=\"1761\" data-end=\"1780\">K\u00fd \u1ee9c<\/td>\n<td data-col-size=\"md\" data-start=\"1780\" data-end=\"1853\">1K, 144 byte, v.v. (thay \u0111\u1ed5i t\u00f9y theo chip)<\/td>\n<\/tr>\n<tr data-start=\"1854\" data-end=\"1968\">\n<td data-start=\"1854\" data-end=\"1876\" data-col-size=\"sm\">Thu\u1ed9c v\u1eadt ch\u1ea5t<\/td>\n<td data-col-size=\"sm\" data-start=\"1876\" data-end=\"1895\">Nguy\u00ean v\u1eadt li\u1ec7u<\/td>\n<td data-col-size=\"md\" data-start=\"1895\" data-end=\"1968\">PPS \/ Silicone \/ ABS \/ Nh\u1ef1a m\u1ec1m<\/td>\n<\/tr>\n<tr data-start=\"1969\" data-end=\"2083\">\n<td data-start=\"1969\" data-end=\"1991\" data-col-size=\"sm\"><\/td>\n<td data-col-size=\"sm\" data-start=\"1991\" data-end=\"2010\">T\u00f9y ch\u1ecdn k\u00edch th\u01b0\u1edbc<\/td>\n<td data-col-size=\"md\" data-start=\"2010\" data-end=\"2083\">\u00d818 mm \/ \u00d820 mm \/ \u00d825 mm \/ \u00d830 mm ho\u1eb7c t\u00f9y ch\u1ec9nh<\/td>\n<\/tr>\n<tr data-start=\"2084\" data-end=\"2198\">\n<td data-start=\"2084\" data-end=\"2106\" data-col-size=\"sm\">Hi\u1ec7u su\u1ea5t<\/td>\n<td data-col-size=\"sm\" data-start=\"2106\" data-end=\"2125\">Ph\u1ea1m vi \u0111\u1ecdc<\/td>\n<td data-col-size=\"md\" data-start=\"2125\" data-end=\"2198\">2\u201310 cm (ph\u1ee5 thu\u1ed9c v\u00e0o chip v\u00e0 \u0111\u1ea7u \u0111\u1ecdc)<\/td>\n<\/tr>\n<tr data-start=\"2199\" data-end=\"2314\">\n<td data-start=\"2199\" data-end=\"2221\" data-col-size=\"sm\">M\u00f4i tr\u01b0\u1eddng<\/td>\n<td data-col-size=\"sm\" data-start=\"2221\" data-end=\"2240\">Nhi\u1ec7t \u0111\u1ed9<\/td>\n<td data-col-size=\"md\" data-start=\"2240\" data-end=\"2314\">\u221225 \u2103 \u0111\u1ebfn +120 \u2103<\/td>\n<\/tr>\n<tr data-start=\"2315\" data-end=\"2429\">\n<td data-start=\"2315\" data-end=\"2337\" data-col-size=\"sm\">C\u00e1c tr\u01b0\u1eddng h\u1ee3p s\u1eed d\u1ee5ng<\/td>\n<td data-col-size=\"sm\" data-start=\"2337\" data-end=\"2356\">\u1ee8ng d\u1ee5ng<\/td>\n<td data-col-size=\"md\" data-start=\"2356\" data-end=\"2429\">Ng\u00e0nh may m\u1eb7c, gi\u00e0y d\u00e9p, t\u00fai x\u00e1ch, v\u1ea3i lanh kh\u00e1ch s\u1ea1n, y t\u1ebf, cho thu\u00ea \u0111\u1ed3ng ph\u1ee5c<\/td>\n<\/tr>\n<tr data-start=\"2430\" data-end=\"2558\">\n<td data-start=\"2430\" data-end=\"2452\" data-col-size=\"sm\">T\u00ednh n\u0103ng s\u1ea3n ph\u1ea9m<\/td>\n<td data-col-size=\"sm\" data-start=\"2452\" data-end=\"2471\">Thu\u1ed9c t\u00ednh<\/td>\n<td data-col-size=\"md\" data-start=\"2471\" data-end=\"2558\">Linh ho\u1ea1t, d\u1ec5 \u0111eo\/s\u1eed d\u1ee5ng; ch\u1ed1ng th\u1ea5m n\u01b0\u1edbc, ch\u1ed1ng \u1ea9m, ch\u1ed1ng s\u1ed1c, ch\u1ecbu nhi\u1ec7t<\/td>\n<\/tr>\n<\/tbody>\n<\/table>\n<\/div>\n<\/div>","protected":false},"excerpt":{"rendered":"<p>Th\u1ebb gi\u1eb7t NFC PPS d\u1ea1ng \u0111\u1ed3ng xu 13,56MHz c\u00f3 th\u1ec3 ghi l\u1ea1i\u2014c\u00f3 th\u1ec3 gi\u1eb7t, ch\u1ed1ng th\u1ea5m n\u01b0\u1edbc v\u00e0 b\u1ec1n trong c\u00e1c chu tr\u00ecnh c\u00f4ng nghi\u1ec7p; c\u00f3 th\u1ec3 qu\u00e9t b\u1eb1ng \u0111i\u1ec7n tho\u1ea1i th\u00f4ng minh \u0111\u1ec3 theo d\u00f5i qu\u1ea7n \u00e1o nhanh ch\u00f3ng.<\/p>","protected":false},"featured_media":728,"template":"","meta":{"_gspb_post_css":""},"product_brand":[],"product_cat":[17,19],"product_tag":[],"class_list":{"0":"post-726","1":"product","2":"type-product","3":"status-publish","4":"has-post-thumbnail","6":"product_cat-rfid-laundry-tags","7":"product_cat-pps-rfid-laundry-tags","9":"first","10":"instock","11":"shipping-taxable","12":"purchasable","13":"product-type-simple"},"_links":{"self":[{"href":"https:\/\/www.cxjsmartcard.com\/vi\/wp-json\/wp\/v2\/product\/726","targetHints":{"allow":["GET"]}}],"collection":[{"href":"https:\/\/www.cxjsmartcard.com\/vi\/wp-json\/wp\/v2\/product"}],"about":[{"href":"https:\/\/www.cxjsmartcard.com\/vi\/wp-json\/wp\/v2\/types\/product"}],"wp:featuredmedia":[{"embeddable":true,"href":"https:\/\/www.cxjsmartcard.com\/vi\/wp-json\/wp\/v2\/media\/728"}],"wp:attachment":[{"href":"https:\/\/www.cxjsmartcard.com\/vi\/wp-json\/wp\/v2\/media?parent=726"}],"wp:term":[{"taxonomy":"product_brand","embeddable":true,"href":"https:\/\/www.cxjsmartcard.com\/vi\/wp-json\/wp\/v2\/product_brand?post=726"},{"taxonomy":"product_cat","embeddable":true,"href":"https:\/\/www.cxjsmartcard.com\/vi\/wp-json\/wp\/v2\/product_cat?post=726"},{"taxonomy":"product_tag","embeddable":true,"href":"https:\/\/www.cxjsmartcard.com\/vi\/wp-json\/wp\/v2\/product_tag?post=726"}],"curies":[{"name":"trang web","href":"https:\/\/api.w.org\/{rel}","templated":true}]}}