{"id":721,"date":"2025-11-03T06:52:46","date_gmt":"2025-11-03T06:52:46","guid":{"rendered":"https:\/\/www.cxjsmartcard.com\/?post_type=product&#038;p=721"},"modified":"2025-12-29T01:27:11","modified_gmt":"2025-12-29T01:27:11","slug":"washable-rfid-tags-for-laundry-management","status":"publish","type":"product","link":"https:\/\/www.cxjsmartcard.com\/vi\/washable-rfid-tags-for-laundry-management\/","title":{"rendered":"Th\u1ebb RFID c\u00f3 th\u1ec3 gi\u1eb7t \u0111\u01b0\u1ee3c \u0111\u1ec3 qu\u1ea3n l\u00fd gi\u1eb7t l\u00e0"},"content":{"rendered":"<p data-start=\"53\" data-end=\"465\">Th\u1ebb RFID c\u00f3 th\u1ec3 gi\u1eb7t \u0111\u01b0\u1ee3c l\u00e0 m\u1ed9t c\u00f4ng c\u1ee5 thi\u1ebft y\u1ebfu cho vi\u1ec7c qu\u1ea3n l\u00fd gi\u1eb7t l\u00e0 hi\u1ec7n \u0111\u1ea1i, \u0111\u01b0\u1ee3c thi\u1ebft k\u1ebf \u0111\u1ec3 \u0111\u1ea3m b\u1ea3o \u0111\u1ed9 b\u1ec1n v\u00e0 hi\u1ec7u qu\u1ea3 trong m\u00f4i tr\u01b0\u1eddng c\u00f4ng nghi\u1ec7p. V\u1edbi c\u00f4ng ngh\u1ec7 RFID UHF, c\u00e1c th\u1ebb n\u00e0y theo d\u00f5i ch\u00ednh x\u00e1c qu\u1ea7n \u00e1o, kh\u0103n tr\u1ea3i gi\u01b0\u1eddng v\u00e0 \u0111\u1ed3ng ph\u1ee5c trong su\u1ed1t qu\u00e1 tr\u00ecnh, c\u1ea3i thi\u1ec7n t\u00ednh ng\u0103n n\u1eafp v\u00e0 gi\u1ea3m thi\u1ec3u th\u1ea5t tho\u00e1t. Ch\u00fang c\u00f3 kh\u1ea3 n\u0103ng ch\u1ed1ng th\u1ea5m n\u01b0\u1edbc, ch\u1ecbu nhi\u1ec7t \u0111\u1ed9 cao v\u00e0 c\u00f3 th\u1ec3 gi\u1eb7t \u0111\u01b0\u1ee3c - l\u00fd t\u01b0\u1edfng cho c\u00e1c h\u1ec7 th\u1ed1ng gi\u1eb7t l\u00e0 hi\u1ec7u su\u1ea5t cao.<\/p>\n<p data-start=\"467\" data-end=\"481\"><strong data-start=\"467\" data-end=\"479\">\u0110\u1eb7c tr\u01b0ng<\/strong><\/p>\n<ol data-start=\"482\" data-end=\"895\">\n<li data-start=\"482\" data-end=\"545\">\n<p data-start=\"485\" data-end=\"545\">C\u1ea5u tr\u00fac v\u1ea3i (nylon), si\u00eau b\u1ec1n v\u00e0 kh\u00f4ng th\u1ea5m n\u01b0\u1edbc.<\/p>\n<\/li>\n<li data-start=\"546\" data-end=\"589\">\n<p data-start=\"549\" data-end=\"589\">Giao th\u1ee9c ISO18000-6C; UHF 860\u2013960 MHz.<\/p>\n<\/li>\n<li data-start=\"590\" data-end=\"630\">\n<p data-start=\"593\" data-end=\"630\">T\u00f9y ch\u1ecdn b\u1ed9 nh\u1edb EPC: 96 ho\u1eb7c 128 bit.<\/p>\n<\/li>\n<li data-start=\"631\" data-end=\"678\">\n<p data-start=\"634\" data-end=\"678\">Ph\u1ea1m vi \u0111\u1ecdc: 1\u20136 m\u00e9t (t\u00f9y thu\u1ed9c v\u00e0o thi\u1ebft b\u1ecb).<\/p>\n<\/li>\n<li data-start=\"679\" data-end=\"745\">\n<p data-start=\"682\" data-end=\"745\">Nhi\u1ec7t \u0111\u1ed9 ho\u1ea1t \u0111\u1ed9ng: \u221225 \u00b0C \u0111\u1ebfn +110 \u00b0C; b\u1ea3o qu\u1ea3n: \u221240 \u00b0C \u0111\u1ebfn +85 \u00b0C.<\/p>\n<\/li>\n<li data-start=\"746\" data-end=\"796\">\n<p data-start=\"749\" data-end=\"796\">Kh\u1ea3 n\u0103ng ch\u1ed1ng gi\u1eb7t: 200 l\u1ea7n gi\u1eb7t ho\u1eb7c l\u00ean \u0111\u1ebfn 3 n\u0103m.<\/p>\n<\/li>\n<li data-start=\"797\" data-end=\"895\">\n<p data-start=\"800\" data-end=\"895\">Kh\u1ea3 n\u0103ng ch\u1ecbu nhi\u1ec7t: 90 \u00b0C (15 ph\u00fat); m\u00e1y s\u1ea5y 180 \u00b0C (30 ph\u00fat); ti\u1ec7t tr\u00f9ng 135 \u00b0C (20 ph\u00fat).<\/p>\n<\/li>\n<\/ol>\n<p data-start=\"897\" data-end=\"915\"><strong data-start=\"897\" data-end=\"913\">L\u1ee3i \u00edch ch\u00ednh<\/strong><\/p>\n<ol data-start=\"916\" data-end=\"1377\">\n<li data-start=\"916\" data-end=\"1046\">\n<p data-start=\"919\" data-end=\"1046\"><strong data-start=\"919\" data-end=\"938\">\u0110\u1ed9 b\u1ec1n cao<\/strong> \u2014 ch\u1ecbu \u0111\u01b0\u1ee3c t\u1edbi 200 l\u1ea7n gi\u1eb7t v\u00e0 \u0111i\u1ec1u ki\u1ec7n kh\u1eafc nghi\u1ec7t (\u00e1p su\u1ea5t, nhi\u1ec7t \u0111\u1ed9, \u1ee7i) trong th\u1eddi gian s\u1eed d\u1ee5ng ~3 n\u0103m.<\/p>\n<\/li>\n<li data-start=\"1047\" data-end=\"1160\">\n<p data-start=\"1050\" data-end=\"1160\"><strong data-start=\"1050\" data-end=\"1072\">Theo d\u00f5i hi\u1ec7u qu\u1ea3<\/strong> \u2014 Ph\u1ea1m vi \u0111\u1ecdc UHF l\u00ean \u0111\u1ebfn 6 m h\u1ed7 tr\u1ee3 theo d\u00f5i nhanh ch\u00f3ng v\u00e0 ch\u00ednh x\u00e1c t\u1eeb kh\u00e2u ph\u00e2n lo\u1ea1i \u0111\u1ebfn giao h\u00e0ng.<\/p>\n<\/li>\n<li data-start=\"1161\" data-end=\"1273\">\n<p data-start=\"1164\" data-end=\"1273\"><strong data-start=\"1164\" data-end=\"1189\">Kh\u00f4ng th\u1ea5m n\u01b0\u1edbc v\u00e0 c\u00f3 th\u1ec3 gi\u1eb7t \u0111\u01b0\u1ee3c<\/strong> \u2014 an to\u00e0n khi gi\u1eb7t, ng\u00e2m v\u00e0 \u1ee7i nhi\u1ec1u l\u1ea7n m\u00e0 kh\u00f4ng l\u00e0m gi\u1ea3m hi\u1ec7u su\u1ea5t.<\/p>\n<\/li>\n<li data-start=\"1274\" data-end=\"1377\">\n<p data-start=\"1277\" data-end=\"1377\"><strong data-start=\"1277\" data-end=\"1308\">Kh\u1ea3 n\u0103ng ch\u1ecbu nhi\u1ec7t \u0111\u1ed9 cao<\/strong> \u2014 x\u1eed l\u00fd s\u1ea5y kh\u00f4 \u1edf nhi\u1ec7t \u0111\u1ed9 180 \u00b0C v\u00e0 kh\u1eed tr\u00f9ng \u1edf nhi\u1ec7t \u0111\u1ed9 135 \u00b0C \u0111\u1ec3 s\u1eed d\u1ee5ng trong c\u00f4ng nghi\u1ec7p.<\/p>\n<\/li>\n<\/ol>\n<p data-start=\"1379\" data-end=\"1397\"><strong data-start=\"1379\" data-end=\"1395\">\u1ee8ng d\u1ee5ng<\/strong><\/p>\n<ul data-start=\"1398\" data-end=\"1723\">\n<li data-start=\"1398\" data-end=\"1475\">\n<p data-start=\"1400\" data-end=\"1475\"><strong data-start=\"1400\" data-end=\"1423\">Gi\u1eb7t \u1ee7i c\u00f4ng nghi\u1ec7p:<\/strong> Theo d\u00f5i \u0111\u1ed3ng ph\u1ee5c l\u00e0m vi\u1ec7c, kh\u0103n t\u1eafm, kh\u0103n tr\u1ea3i gi\u01b0\u1eddng theo t\u1ef7 l\u1ec7.<\/p>\n<\/li>\n<li data-start=\"1476\" data-end=\"1565\">\n<p data-start=\"1478\" data-end=\"1565\"><strong data-start=\"1478\" data-end=\"1493\">Ch\u0103m s\u00f3c s\u1ee9c kh\u1ecfe:<\/strong> Qu\u1ea3n l\u00fd \u0111\u1ed3ng ph\u1ee5c v\u00e0 kh\u0103n tr\u1ea3i gi\u01b0\u1eddng y t\u1ebf \u0111\u1ec3 \u0111\u1ea3m b\u1ea3o v\u1ec7 sinh v\u00e0 ki\u1ec3m k\u00ea.<\/p>\n<\/li>\n<li data-start=\"1566\" data-end=\"1645\">\n<p data-start=\"1568\" data-end=\"1645\"><strong data-start=\"1568\" data-end=\"1584\">S\u1ef1 hi\u1ebfu kh\u00e1ch:<\/strong> Theo d\u00f5i kh\u0103n tr\u1ea3i gi\u01b0\u1eddng, kh\u0103n t\u1eafm v\u00e0 \u0111\u1ed3ng ph\u1ee5c c\u1ee7a kh\u00e1ch s\u1ea1n \u0111\u1ec3 gi\u1ea3m thi\u1ec3u th\u1ea5t tho\u00e1t.<\/p>\n<\/li>\n<li data-start=\"1646\" data-end=\"1723\">\n<p data-start=\"1648\" data-end=\"1723\"><strong data-start=\"1648\" data-end=\"1670\">Nh\u00e0 m\u00e1y may m\u1eb7c:<\/strong> Theo d\u00f5i c\u00e1c m\u1eb7t h\u00e0ng d\u1ec7t may t\u1eeb kh\u00e2u s\u1ea3n xu\u1ea5t \u0111\u1ebfn ph\u00e2n ph\u1ed1i.<\/p>\n<\/li>\n<\/ul>\n<p data-start=\"1725\" data-end=\"1940\"><strong data-start=\"1725\" data-end=\"1755\">C\u00e1ch th\u1ee9c ho\u1ea1t \u0111\u1ed9ng c\u1ee7a th\u1ebb gi\u1eb7t \u1ee7i RFID<\/strong><br data-start=\"1755\" data-end=\"1758\" \/>M\u1ed7i th\u1ebb l\u01b0u tr\u1eef th\u00f4ng tin chi ti\u1ebft (ID, l\u1ecbch s\u1eed gi\u1eb7t, ch\u1ee7 s\u1edf h\u1eefu). \u0110\u1ea7u \u0111\u1ecdc RFID thu th\u1eadp d\u1eef li\u1ec7u n\u00e0y t\u1eeb kho\u1ea3ng c\u00e1ch l\u00ean \u0111\u1ebfn 6 m\u00e9t, cho ph\u00e9p theo d\u00f5i h\u1ee3p l\u00fd trong m\u1ecdi giai \u0111o\u1ea1n c\u1ee7a quy tr\u00ecnh gi\u1eb7t \u1ee7i.<\/p>\n<p data-start=\"1942\" data-end=\"2052\"><strong data-start=\"1942\" data-end=\"1950\">C\u00e2u h\u1ecfi th\u01b0\u1eddng g\u1eb7p<\/strong><br data-start=\"1950\" data-end=\"1953\" \/><strong data-start=\"1953\" data-end=\"1986\">1) Th\u1ebb c\u00f3 gi\u00e1 tr\u1ecb trong bao l\u00e2u?<\/strong><br data-start=\"1986\" data-end=\"1989\" \/>L\u00ean \u0111\u1ebfn <strong data-start=\"1995\" data-end=\"2014\">200 chu tr\u00ecnh gi\u1eb7t<\/strong> ho\u1eb7c <strong data-start=\"2018\" data-end=\"2029\">3 n\u0103m<\/strong>, t\u00f9y thu\u1ed9c v\u00e0o c\u00e1ch s\u1eed d\u1ee5ng.<\/p>\n<p data-start=\"2054\" data-end=\"2164\"><strong data-start=\"2054\" data-end=\"2101\">2) Nh\u1eefng th\u1ebb n\u00e0y c\u00f3 ch\u1ecbu \u0111\u01b0\u1ee3c nhi\u1ec7t \u0111\u1ed9 cao kh\u00f4ng?<\/strong><br data-start=\"2101\" data-end=\"2104\" \/>\u0110\u00fang-<strong data-start=\"2108\" data-end=\"2118\">180 \u00b0C<\/strong> trong m\u00e1y s\u1ea5y v\u00e0 <strong data-start=\"2133\" data-end=\"2143\">135 \u00b0C<\/strong> \u0111\u1ec3 kh\u1eed tr\u00f9ng.<\/p>\n<p data-start=\"2166\" data-end=\"2264\"><strong data-start=\"2166\" data-end=\"2202\">3) C\u00f3 s\u1eb5n thi\u1ebft k\u1ebf theo y\u00eau c\u1ea7u kh\u00f4ng?<\/strong><br data-start=\"2202\" data-end=\"2205\" \/>C\u00f3\u2014th\u01b0\u01a1ng hi\u1ec7u\/th\u00f4ng s\u1ed1 k\u1ef9 thu\u1eadt t\u00f9y ch\u1ec9nh c\u00f3 s\u1eb5n (MOQ <strong data-start=\"2246\" data-end=\"2256\">50,000<\/strong> \u0111\u01a1n v\u1ecb).<\/p>\n<h2 data-start=\"2266\" data-end=\"2291\">B\u1ea3ng (Th\u00f4ng s\u1ed1 k\u1ef9 thu\u1eadt)<\/h2>\n<div class=\"_tableContainer_1rjym_1\">\n<div class=\"group _tableWrapper_1rjym_13 flex w-fit flex-col-reverse\" tabindex=\"-1\">\n<table class=\"w-fit min-w-(--thread-content-width)\" data-start=\"2292\" data-end=\"3747\">\n<thead data-start=\"2292\" data-end=\"2389\">\n<tr data-start=\"2292\" data-end=\"2389\">\n<th data-start=\"2292\" data-end=\"2313\" data-col-size=\"sm\">Lo\u1ea1i<\/th>\n<th data-start=\"2313\" data-end=\"2338\" data-col-size=\"sm\">Tham s\u1ed1<\/th>\n<th data-start=\"2338\" data-end=\"2389\" data-col-size=\"md\">Gi\u00e1 tr\u1ecb<\/th>\n<\/tr>\n<\/thead>\n<tbody data-start=\"2487\" data-end=\"3747\">\n<tr data-start=\"2487\" data-end=\"2583\">\n<td data-start=\"2487\" data-end=\"2507\" data-col-size=\"sm\">Nguy\u00ean v\u1eadt li\u1ec7u<\/td>\n<td data-col-size=\"sm\" data-start=\"2507\" data-end=\"2533\">V\u1ea3i v\u00f3c<\/td>\n<td data-col-size=\"md\" data-start=\"2533\" data-end=\"2583\">Nylon<\/td>\n<\/tr>\n<tr data-start=\"2584\" data-end=\"2680\">\n<td data-start=\"2584\" data-end=\"2604\" data-col-size=\"sm\">V\u1ebb b\u1ec1 ngo\u00e0i<\/td>\n<td data-col-size=\"sm\" data-start=\"2604\" data-end=\"2630\">M\u00e0u s\u1eafc<\/td>\n<td data-col-size=\"md\" data-start=\"2630\" data-end=\"2680\">Tr\u1eafng<\/td>\n<\/tr>\n<tr data-start=\"2681\" data-end=\"2777\">\n<td data-start=\"2681\" data-end=\"2701\" data-col-size=\"sm\">RF \/ Giao th\u1ee9c<\/td>\n<td data-col-size=\"sm\" data-start=\"2701\" data-end=\"2727\">Ti\u00eau chu\u1ea9n<\/td>\n<td data-col-size=\"md\" data-start=\"2727\" data-end=\"2777\">ISO18000-6C<\/td>\n<\/tr>\n<tr data-start=\"2778\" data-end=\"2874\">\n<td data-start=\"2778\" data-end=\"2798\" data-col-size=\"sm\"><\/td>\n<td data-col-size=\"sm\" data-start=\"2798\" data-end=\"2824\">T\u00ednh th\u01b0\u1eddng xuy\u00ean<\/td>\n<td data-col-size=\"md\" data-start=\"2824\" data-end=\"2874\">860\u2013960 MHz<\/td>\n<\/tr>\n<tr data-start=\"2875\" data-end=\"2971\">\n<td data-start=\"2875\" data-end=\"2895\" data-col-size=\"sm\">K\u00fd \u1ee9c<\/td>\n<td data-col-size=\"sm\" data-start=\"2895\" data-end=\"2921\">EPC<\/td>\n<td data-col-size=\"md\" data-start=\"2921\" data-end=\"2971\">96 bit \/ 128 bit<\/td>\n<\/tr>\n<tr data-start=\"2972\" data-end=\"3068\">\n<td data-start=\"2972\" data-end=\"2992\" data-col-size=\"sm\">Hi\u1ec7u su\u1ea5t<\/td>\n<td data-start=\"2992\" data-end=\"3018\" data-col-size=\"sm\">Ph\u1ea1m vi \u0111\u1ecdc<\/td>\n<td data-col-size=\"md\" data-start=\"3018\" data-end=\"3068\">1\u20136 m (t\u00f9y thu\u1ed9c v\u00e0o thi\u1ebft b\u1ecb)<\/td>\n<\/tr>\n<tr data-start=\"3069\" data-end=\"3165\">\n<td data-start=\"3069\" data-end=\"3089\" data-col-size=\"sm\">M\u00f4i tr\u01b0\u1eddng<\/td>\n<td data-col-size=\"sm\" data-start=\"3089\" data-end=\"3115\">Nhi\u1ec7t \u0111\u1ed9 l\u00e0m vi\u1ec7c<\/td>\n<td data-col-size=\"md\" data-start=\"3115\" data-end=\"3165\">\u221225 \u00b0C \u0111\u1ebfn +110 \u00b0C<\/td>\n<\/tr>\n<tr data-start=\"3166\" data-end=\"3262\">\n<td data-start=\"3166\" data-end=\"3186\" data-col-size=\"sm\"><\/td>\n<td data-start=\"3186\" data-end=\"3212\" data-col-size=\"sm\">Nhi\u1ec7t \u0111\u1ed9 l\u01b0u tr\u1eef<\/td>\n<td data-col-size=\"md\" data-start=\"3212\" data-end=\"3262\">\u221240 \u00b0C \u0111\u1ebfn +85 \u00b0C<\/td>\n<\/tr>\n<tr data-start=\"3263\" data-end=\"3359\">\n<td data-start=\"3263\" data-end=\"3283\" data-col-size=\"sm\">\u0110\u1ed9 b\u1ec1n<\/td>\n<td data-start=\"3283\" data-end=\"3309\" data-col-size=\"sm\">Kh\u1ea3 n\u0103ng ch\u1ed1ng gi\u1eb7t<\/td>\n<td data-col-size=\"md\" data-start=\"3309\" data-end=\"3359\">200 chu k\u1ef3 ho\u1eb7c ~3 n\u0103m<\/td>\n<\/tr>\n<tr data-start=\"3360\" data-end=\"3456\">\n<td data-start=\"3360\" data-end=\"3380\" data-col-size=\"sm\">Kh\u1ea3 n\u0103ng ch\u1ecbu nhi\u1ec7t<\/td>\n<td data-col-size=\"sm\" data-start=\"3380\" data-end=\"3406\">Gi\u1eb7t gi\u0169<\/td>\n<td data-col-size=\"md\" data-start=\"3406\" data-end=\"3456\">90 \u00b0C, 15 ph\u00fat<\/td>\n<\/tr>\n<tr data-start=\"3457\" data-end=\"3553\">\n<td data-start=\"3457\" data-end=\"3477\" data-col-size=\"sm\"><\/td>\n<td data-col-size=\"sm\" data-start=\"3477\" data-end=\"3503\">S\u1ea5y kh\u00f4 (m\u00e1y s\u1ea5y)<\/td>\n<td data-col-size=\"md\" data-start=\"3503\" data-end=\"3553\">180 \u00b0C, 30 ph\u00fat<\/td>\n<\/tr>\n<tr data-start=\"3554\" data-end=\"3650\">\n<td data-start=\"3554\" data-end=\"3574\" data-col-size=\"sm\"><\/td>\n<td data-col-size=\"sm\" data-start=\"3574\" data-end=\"3600\">Kh\u1eed tr\u00f9ng<\/td>\n<td data-col-size=\"md\" data-start=\"3600\" data-end=\"3650\">135 \u00b0C, 20 ph\u00fat<\/td>\n<\/tr>\n<tr data-start=\"3651\" data-end=\"3747\">\n<td data-start=\"3651\" data-end=\"3671\" data-col-size=\"sm\">\u1ee8ng d\u1ee5ng<\/td>\n<td data-col-size=\"sm\" data-start=\"3671\" data-end=\"3697\">C\u00e1c tr\u01b0\u1eddng h\u1ee3p s\u1eed d\u1ee5ng \u0111i\u1ec3n h\u00ecnh<\/td>\n<td data-col-size=\"md\" data-start=\"3697\" data-end=\"3747\">Gi\u1eb7t \u1ee7i, Qu\u1ea3n l\u00fd d\u1ec7t may, Theo d\u00f5i \u0111\u1ed3ng ph\u1ee5c<\/td>\n<\/tr>\n<\/tbody>\n<\/table>\n<\/div>\n<\/div>","protected":false},"excerpt":{"rendered":"<p>Th\u1ebb RFID UHF ch\u1ed1ng th\u1ea5m n\u01b0\u1edbc, c\u00f3 th\u1ec3 gi\u1eb7t \u0111\u01b0\u1ee3c d\u00e0nh cho v\u1ea3i lanh, \u0111\u1ed3ng ph\u1ee5c v\u00e0 h\u00e0ng d\u1ec7t may\u2014ph\u1ea1m vi \u0111\u1ecdc 1\u20136 m, ISO18000-6C v\u00e0 \u0111\u1ed9 b\u1ec1n trong 200 chu k\u1ef3 gi\u1eb7t \u0111\u1ec3 h\u1ee3p l\u00fd h\u00f3a vi\u1ec7c theo d\u00f5i qu\u00e1 tr\u00ecnh gi\u1eb7t l\u00e0 c\u00f4ng nghi\u1ec7p.<\/p>","protected":false},"featured_media":725,"template":"","meta":{"_gspb_post_css":""},"product_brand":[],"product_cat":[17,18],"product_tag":[],"class_list":{"0":"post-721","1":"product","2":"type-product","3":"status-publish","4":"has-post-thumbnail","6":"product_cat-rfid-laundry-tags","7":"product_cat-textile-rfid-laundry-tags","9":"first","10":"instock","11":"shipping-taxable","12":"purchasable","13":"product-type-simple"},"_links":{"self":[{"href":"https:\/\/www.cxjsmartcard.com\/vi\/wp-json\/wp\/v2\/product\/721","targetHints":{"allow":["GET"]}}],"collection":[{"href":"https:\/\/www.cxjsmartcard.com\/vi\/wp-json\/wp\/v2\/product"}],"about":[{"href":"https:\/\/www.cxjsmartcard.com\/vi\/wp-json\/wp\/v2\/types\/product"}],"wp:featuredmedia":[{"embeddable":true,"href":"https:\/\/www.cxjsmartcard.com\/vi\/wp-json\/wp\/v2\/media\/725"}],"wp:attachment":[{"href":"https:\/\/www.cxjsmartcard.com\/vi\/wp-json\/wp\/v2\/media?parent=721"}],"wp:term":[{"taxonomy":"product_brand","embeddable":true,"href":"https:\/\/www.cxjsmartcard.com\/vi\/wp-json\/wp\/v2\/product_brand?post=721"},{"taxonomy":"product_cat","embeddable":true,"href":"https:\/\/www.cxjsmartcard.com\/vi\/wp-json\/wp\/v2\/product_cat?post=721"},{"taxonomy":"product_tag","embeddable":true,"href":"https:\/\/www.cxjsmartcard.com\/vi\/wp-json\/wp\/v2\/product_tag?post=721"}],"curies":[{"name":"trang web","href":"https:\/\/api.w.org\/{rel}","templated":true}]}}