{"id":716,"date":"2025-11-03T06:51:02","date_gmt":"2025-11-03T06:51:02","guid":{"rendered":"https:\/\/www.cxjsmartcard.com\/?post_type=product&#038;p=716"},"modified":"2025-12-29T01:27:11","modified_gmt":"2025-12-29T01:27:11","slug":"sew-textile-washable-uhf-rfid-laundry-tag-with-metal-hole","status":"publish","type":"product","link":"https:\/\/www.cxjsmartcard.com\/vi\/sew-textile-washable-uhf-rfid-laundry-tag-with-metal-hole\/","title":{"rendered":"Th\u1ebb gi\u1eb7t UHF RFID c\u00f3 l\u1ed7 kim lo\u1ea1i d\u00f9ng \u0111\u1ec3 gi\u1eb7t v\u1ea3i Sew Textile"},"content":{"rendered":"<p data-start=\"69\" data-end=\"507\">Th\u1ebb gi\u1eb7t UHF RFID b\u1eb1ng v\u1ea3i c\u00f3 th\u1ec3 gi\u1eb7t \u0111\u01b0\u1ee3c, \u0111\u1ee7 b\u1ec1n \u0111\u1ec3 ch\u1ecbu \u0111\u01b0\u1ee3c h\u01a1n 200 l\u1ea7n gi\u1eb7t. Ch\u00fang th\u01b0\u1eddng \u0111\u01b0\u1ee3c s\u1eed d\u1ee5ng t\u1ea1i c\u00e1c c\u01a1 s\u1edf c\u1ea7n li\u00ean t\u1ee5c gi\u1eb7t s\u1ea1ch v\u1ea3i lanh, \u0111\u1ed3ng ph\u1ee5c, \u0111\u1ed3 b\u1ea3o h\u1ed9 lao \u0111\u1ed9ng, trang ph\u1ee5c y t\u1ebf, trang ph\u1ee5c v\u00e0 \u0111\u1ed3 cho thu\u00ea. Th\u1ebb v\u1ea3i UHF RFID c\u1ee7a ch\u00fang t\u00f4i c\u00f3 th\u1ec3 \u0111\u1ecdc h\u00e0ng lo\u1ea1t \u1edf kho\u1ea3ng c\u00e1ch v\u00e0i m\u00e9t, gi\u00fap c\u00e1c h\u1ec7 th\u1ed1ng t\u1ef1 \u0111\u1ed9ng theo d\u00f5i s\u1ed1 l\u01b0\u1ee3ng l\u1edbn c\u00e1c m\u1eb7t h\u00e0ng ri\u00eang l\u1ebb nhanh h\u01a1n v\u00e0 ch\u00ednh x\u00e1c h\u01a1n.<\/p>\n<p data-start=\"509\" data-end=\"558\"><strong data-start=\"509\" data-end=\"556\">Th\u1ebb v\u1ea3i lanh RFID c\u00f3 th\u1ec3 gi\u1eb7t \u0111\u01b0\u1ee3c (\u0110\u1ed9 b\u1ec1n quy tr\u00ecnh)<\/strong><\/p>\n<ul data-start=\"559\" data-end=\"797\">\n<li data-start=\"559\" data-end=\"605\">\n<p data-start=\"561\" data-end=\"605\">Gi\u1eb7t: 90\u2103, 15 ph\u00fat, h\u01a1n 200 chu k\u1ef3<\/p>\n<\/li>\n<li data-start=\"606\" data-end=\"647\">\n<p data-start=\"608\" data-end=\"647\">\u00c1p su\u1ea5t: \u00e1p su\u1ea5t kh\u00ed quy\u1ec3n 60 bar<\/p>\n<\/li>\n<li data-start=\"648\" data-end=\"694\">\n<p data-start=\"650\" data-end=\"694\">M\u00e1y \u1ee7i: 190 \u2103, 12 gi\u00e2y, h\u01a1n 200 chu k\u1ef3<\/p>\n<\/li>\n<li data-start=\"695\" data-end=\"745\">\n<p data-start=\"697\" data-end=\"745\">S\u1ea5y kh\u00f4 tr\u01b0\u1edbc: 180 \u2103, 20 ph\u00fat, h\u01a1n 200 chu k\u1ef3<\/p>\n<\/li>\n<li data-start=\"746\" data-end=\"797\">\n<p data-start=\"748\" data-end=\"797\">Kh\u1eed tr\u00f9ng: 135 \u2103, 20 ph\u00fat, h\u01a1n 200 chu k\u1ef3<\/p>\n<\/li>\n<\/ul>\n<p data-start=\"799\" data-end=\"932\"><strong data-start=\"799\" data-end=\"812\">C\u00e1c tr\u01b0\u1eddng h\u1ee3p s\u1eed d\u1ee5ng<\/strong><br data-start=\"812\" data-end=\"815\" \/>May th\u1ebb gi\u1eb7t UHF RFID ch\u1ed1ng th\u1ea5m n\u01b0\u1edbc c\u00f3 th\u1ec3 gi\u1eb7t \u0111\u01b0\u1ee3c d\u00f9ng cho kh\u0103n tr\u1ea3i gi\u01b0\u1eddng kh\u00e1ch s\u1ea1n, qu\u1ea7n \u00e1o cho thu\u00ea v\u00e0 theo d\u00f5i trang ph\u1ee5c y t\u1ebf.<\/p>\n<p data-start=\"934\" data-end=\"956\"><strong data-start=\"934\" data-end=\"954\">Hi\u1ec7u su\u1ea5t RFID<\/strong><\/p>\n<ul data-start=\"957\" data-end=\"1368\">\n<li data-start=\"957\" data-end=\"1014\">\n<p data-start=\"959\" data-end=\"1014\">Giao th\u1ee9c: EPC Global UHF Class 1 Gen 2 \/ ISO 18000-6C<\/p>\n<\/li>\n<li data-start=\"1015\" data-end=\"1049\">\n<p data-start=\"1017\" data-end=\"1049\">T\u1ea7n s\u1ed1 l\u00e0m vi\u1ec7c: 860\u2013960 MHz<\/p>\n<\/li>\n<li data-start=\"1050\" data-end=\"1071\">\n<p data-start=\"1052\" data-end=\"1071\">Chip: NXP UCODE 9<\/p>\n<\/li>\n<li data-start=\"1072\" data-end=\"1124\">\n<p data-start=\"1074\" data-end=\"1124\">Hi\u1ec7u su\u1ea5t \u0111\u1ecdc-ghi: R\/W (tr\u00ean 100.000 l\u1ea7n)<\/p>\n<\/li>\n<li data-start=\"1125\" data-end=\"1151\">\n<p data-start=\"1127\" data-end=\"1151\">L\u01b0u tr\u1eef d\u1eef li\u1ec7u: 20 n\u0103m<\/p>\n<\/li>\n<li data-start=\"1152\" data-end=\"1206\">\n<p data-start=\"1154\" data-end=\"1206\">B\u1ea3o h\u00e0nh: C\u00f3 th\u1ec3 s\u1eed d\u1ee5ng trong 2 n\u0103m ho\u1eb7c h\u01a1n 200 l\u1ea7n gi\u1eb7t<\/p>\n<\/li>\n<li data-start=\"1207\" data-end=\"1252\">\n<p data-start=\"1209\" data-end=\"1252\">Ph\u00e2n c\u1ef1c \u0103ng-ten: Ph\u00e2n c\u1ef1c tuy\u1ebfn t\u00ednh<\/p>\n<\/li>\n<li data-start=\"1253\" data-end=\"1368\">\n<p data-start=\"1255\" data-end=\"1299\">Kho\u1ea3ng c\u00e1ch \u0111\u1ecdc (d\u1ef1a tr\u00ean th\u1eed nghi\u1ec7m th\u1ef1c t\u1ebf):<\/p>\n<ul data-start=\"1302\" data-end=\"1368\">\n<li data-start=\"1302\" data-end=\"1338\">\n<p data-start=\"1304\" data-end=\"1338\">\u0110\u1ea7u \u0111\u1ecdc c\u1ed1 \u0111\u1ecbnh (2 W ERP): tr\u00ean 6 m<\/p>\n<\/li>\n<li data-start=\"1341\" data-end=\"1368\">\n<p data-start=\"1343\" data-end=\"1368\">M\u00e1y \u0111\u1ecdc c\u1ea7m tay: tr\u00ean 3 m<\/p>\n<\/li>\n<\/ul>\n<\/li>\n<\/ul>\n<p data-start=\"1370\" data-end=\"1396\"><strong data-start=\"1370\" data-end=\"1394\">Hi\u1ec7u su\u1ea5t th\u1ec3 ch\u1ea5t<\/strong><\/p>\n<ul data-start=\"1397\" data-end=\"2362\">\n<li data-start=\"1397\" data-end=\"1423\">\n<p data-start=\"1399\" data-end=\"1423\">V\u1eadt li\u1ec7u ch\u00ednh: D\u1ec7t may<\/p>\n<\/li>\n<li data-start=\"1424\" data-end=\"1532\">\n<p data-start=\"1426\" data-end=\"1441\">T\u00f9y ch\u1ecdn k\u00edch th\u01b0\u1edbc:<\/p>\n<ul data-start=\"1444\" data-end=\"1532\">\n<li data-start=\"1444\" data-end=\"1481\">\n<p data-start=\"1446\" data-end=\"1481\">S: 35\u00d715 mm \/ 36\u00d718 mm \/ 55\u00d712 mm<\/p>\n<\/li>\n<li data-start=\"1484\" data-end=\"1532\">\n<p data-start=\"1486\" data-end=\"1532\">M: 58\u00d715 mm \/ 70\u00d710 mm \/ 70\u00d718 mm \/ 70\u00d715 mm<\/p>\n<\/li>\n<\/ul>\n<\/li>\n<li data-start=\"1533\" data-end=\"1575\">\n<p data-start=\"1535\" data-end=\"1575\">Nhi\u1ec7t \u0111\u1ed9 ho\u1ea1t \u0111\u1ed9ng: \u221225 \u2103 \u0111\u1ebfn +110 \u2103<\/p>\n<\/li>\n<li data-start=\"1576\" data-end=\"1616\">\n<p data-start=\"1578\" data-end=\"1616\">Nhi\u1ec7t \u0111\u1ed9 b\u1ea3o qu\u1ea3n: \u221240 \u2103 \u0111\u1ebfn +110 \u2103<\/p>\n<\/li>\n<li data-start=\"1617\" data-end=\"1645\">\n<p data-start=\"1619\" data-end=\"1645\">\u0110\u1ed9 \u1ea9m l\u01b0u tr\u1eef: 5%\u201395%<\/p>\n<\/li>\n<li data-start=\"1646\" data-end=\"1876\">\n<p data-start=\"1648\" data-end=\"1695\">Kh\u1ea3 n\u0103ng ch\u1ecbu nhi\u1ec7t ng\u1eafn h\u1ea1n (m\u1ed7i 200 chu k\u1ef3):<\/p>\n<ul data-start=\"1698\" data-end=\"1876\">\n<li data-start=\"1698\" data-end=\"1731\">\n<p data-start=\"1700\" data-end=\"1731\">Gi\u1eb7t: 90 \u2103 (194 \u2109), 15 ph\u00fat<\/p>\n<\/li>\n<li data-start=\"1734\" data-end=\"1766\">\n<p data-start=\"1736\" data-end=\"1766\">\u1ee6i: 190 \u2103 (356 \u2109), 10 gi\u00e2y<\/p>\n<\/li>\n<li data-start=\"1769\" data-end=\"1816\">\n<p data-start=\"1771\" data-end=\"1816\">S\u1ea5y s\u01a1 b\u1ed9 b\u1ed9 chuy\u1ec3n \u0111\u1ed5i: 180 \u2103 (320 \u2109), 30 ph\u00fat<\/p>\n<\/li>\n<li data-start=\"1819\" data-end=\"1876\">\n<p data-start=\"1821\" data-end=\"1876\">Kh\u1eed tr\u00f9ng \u1edf nhi\u1ec7t \u0111\u1ed9 cao: 135 \u2103 (275 \u2109), 20 ph\u00fat<\/p>\n<\/li>\n<\/ul>\n<\/li>\n<li data-start=\"1877\" data-end=\"1909\">\n<p data-start=\"1879\" data-end=\"1909\">\u00c1p su\u1ea5t: 60 bar kh\u00ed quy\u1ec3n<\/p>\n<\/li>\n<li data-start=\"1910\" data-end=\"2035\">\n<p data-start=\"1912\" data-end=\"1935\">Ph\u01b0\u01a1ng ph\u00e1p c\u00e0i \u0111\u1eb7t:<\/p>\n<ol data-start=\"1938\" data-end=\"2035\">\n<li data-start=\"1938\" data-end=\"1971\">\n<p data-start=\"1941\" data-end=\"1971\">May ho\u1eb7c cho v\u00e0o t\u00fai<\/p>\n<\/li>\n<li data-start=\"1974\" data-end=\"2035\">\n<p data-start=\"1977\" data-end=\"2035\">\u1ee6i \u1edf nhi\u1ec7t \u0111\u1ed9 215 \u2103 trong 18 gi\u00e2y v\u1edbi \u00e1p su\u1ea5t 0,6\u20130,8 MPa<\/p>\n<\/li>\n<\/ol>\n<\/li>\n<li data-start=\"2036\" data-end=\"2129\">\n<p data-start=\"2038\" data-end=\"2129\">Kh\u1ea3 n\u0103ng ch\u1ed1ng h\u00f3a ch\u1ea5t: Ch\u1ecbu \u0111\u01b0\u1ee3c m\u1ecdi lo\u1ea1i h\u00f3a ch\u1ea5t \u0111\u01b0\u1ee3c s\u1eed d\u1ee5ng trong quy tr\u00ecnh gi\u1eb7t l\u00e0 c\u00f4ng nghi\u1ec7p th\u00f4ng th\u01b0\u1eddng<\/p>\n<\/li>\n<li data-start=\"2130\" data-end=\"2213\">\n<p data-start=\"2132\" data-end=\"2213\">\u0110\u00e3 v\u01b0\u1ee3t qua c\u00e1c b\u00e0i ki\u1ec3m tra: RoHS, MRI, SVHC, GB18401, EECC, OEKO-TEX\u00ae Standard 100 (Class II)<\/p>\n<\/li>\n<li data-start=\"2214\" data-end=\"2362\">\n<p data-start=\"2216\" data-end=\"2241\">D\u1ecbch v\u1ee5 c\u00e1 nh\u00e2n h\u00f3a:<\/p>\n<ul data-start=\"2244\" data-end=\"2362\">\n<li data-start=\"2244\" data-end=\"2275\">\n<p data-start=\"2246\" data-end=\"2275\">EPC \/ EPC ID \u0111\u01b0\u1ee3c l\u1eadp tr\u00ecnh s\u1eb5n<\/p>\n<\/li>\n<li data-start=\"2278\" data-end=\"2338\">\n<p data-start=\"2280\" data-end=\"2338\">In: logo, laser TID\/s\u1ed1 s\u00ea-ri, ch\u1eef c\u00e1i, ch\u1eef s\u1ed1<\/p>\n<\/li>\n<li data-start=\"2341\" data-end=\"2362\">\n<p data-start=\"2343\" data-end=\"2362\">T\u00f9y ch\u1ecdn m\u00e3 h\u00f3a tr\u01b0\u1edbc<\/p>\n<\/li>\n<\/ul>\n<\/li>\n<\/ul>\n<h2 data-start=\"2364\" data-end=\"2389\">B\u1ea3ng (Th\u00f4ng s\u1ed1 k\u1ef9 thu\u1eadt)<\/h2>\n<div class=\"_tableContainer_1rjym_1\">\n<div class=\"group _tableWrapper_1rjym_13 flex w-fit flex-col-reverse\" tabindex=\"-1\">\n<table class=\"w-fit min-w-(--thread-content-width)\" data-start=\"2391\" data-end=\"6638\">\n<thead data-start=\"2391\" data-end=\"2541\">\n<tr data-start=\"2391\" data-end=\"2541\">\n<th data-start=\"2391\" data-end=\"2415\" data-col-size=\"sm\">Lo\u1ea1i<\/th>\n<th data-start=\"2415\" data-end=\"2451\" data-col-size=\"sm\">Tham s\u1ed1<\/th>\n<th data-start=\"2451\" data-end=\"2541\" data-col-size=\"md\">Gi\u00e1 tr\u1ecb<\/th>\n<\/tr>\n<\/thead>\n<tbody data-start=\"2692\" data-end=\"6638\">\n<tr data-start=\"2692\" data-end=\"2842\">\n<td data-start=\"2692\" data-end=\"2715\" data-col-size=\"sm\">S\u1ea3n ph\u1ea9m<\/td>\n<td data-col-size=\"sm\" data-start=\"2715\" data-end=\"2752\">T\u00ean<\/td>\n<td data-col-size=\"md\" data-start=\"2752\" data-end=\"2842\">Th\u1ebb gi\u1eb7t UHF RFID c\u00f3 l\u1ed7 kim lo\u1ea1i d\u00f9ng \u0111\u1ec3 gi\u1eb7t v\u1ea3i Sew Textile<\/td>\n<\/tr>\n<tr data-start=\"2843\" data-end=\"2993\">\n<td data-start=\"2843\" data-end=\"2866\" data-col-size=\"sm\">C\u00e1c tr\u01b0\u1eddng h\u1ee3p s\u1eed d\u1ee5ng<\/td>\n<td data-col-size=\"sm\" data-start=\"2866\" data-end=\"2903\">\u1ee8ng d\u1ee5ng \u0111i\u1ec3n h\u00ecnh<\/td>\n<td data-col-size=\"md\" data-start=\"2903\" data-end=\"2993\">\u0110\u1ed3 v\u1ea3i kh\u00e1ch s\u1ea1n, qu\u1ea7n \u00e1o cho thu\u00ea, trang ph\u1ee5c y t\u1ebf, \u0111\u1ed3ng ph\u1ee5c, \u0111\u1ed3 b\u1ea3o h\u1ed9 lao \u0111\u1ed9ng, trang ph\u1ee5c<\/td>\n<\/tr>\n<tr data-start=\"2994\" data-end=\"3144\">\n<td data-start=\"2994\" data-end=\"3017\" data-col-size=\"sm\">Hi\u1ec7u su\u1ea5t RFID<\/td>\n<td data-start=\"3017\" data-end=\"3054\" data-col-size=\"sm\">Giao th\u1ee9c<\/td>\n<td data-col-size=\"md\" data-start=\"3054\" data-end=\"3144\">EPC Global UHF Class 1 Gen 2 \/ ISO 18000-6C<\/td>\n<\/tr>\n<tr data-start=\"3145\" data-end=\"3296\">\n<td data-start=\"3145\" data-end=\"3168\" data-col-size=\"sm\"><\/td>\n<td data-col-size=\"sm\" data-start=\"3168\" data-end=\"3205\">T\u1ea7n s\u1ed1 l\u00e0m vi\u1ec7c<\/td>\n<td data-col-size=\"md\" data-start=\"3205\" data-end=\"3296\">860\u2013960 MHz<\/td>\n<\/tr>\n<tr data-start=\"3297\" data-end=\"3448\">\n<td data-start=\"3297\" data-end=\"3320\" data-col-size=\"sm\"><\/td>\n<td data-col-size=\"sm\" data-start=\"3320\" data-end=\"3357\">Chip<\/td>\n<td data-col-size=\"md\" data-start=\"3357\" data-end=\"3448\">NXP UCODE 9<\/td>\n<\/tr>\n<tr data-start=\"3449\" data-end=\"3600\">\n<td data-start=\"3449\" data-end=\"3472\" data-col-size=\"sm\"><\/td>\n<td data-start=\"3472\" data-end=\"3509\" data-col-size=\"sm\">\u0110\u1ed9 b\u1ec1n R\/W<\/td>\n<td data-col-size=\"md\" data-start=\"3509\" data-end=\"3600\">H\u01a1n 100.000 l\u1ea7n<\/td>\n<\/tr>\n<tr data-start=\"3601\" data-end=\"3752\">\n<td data-start=\"3601\" data-end=\"3624\" data-col-size=\"sm\"><\/td>\n<td data-start=\"3624\" data-end=\"3661\" data-col-size=\"sm\">L\u01b0u gi\u1eef d\u1eef li\u1ec7u<\/td>\n<td data-col-size=\"md\" data-start=\"3661\" data-end=\"3752\">20 n\u0103m<\/td>\n<\/tr>\n<tr data-start=\"3753\" data-end=\"3905\">\n<td data-start=\"3753\" data-end=\"3776\" data-col-size=\"sm\"><\/td>\n<td data-start=\"3776\" data-end=\"3814\" data-col-size=\"sm\">B\u1ea3o h\u00e0nh<\/td>\n<td data-col-size=\"md\" data-start=\"3814\" data-end=\"3905\">2 n\u0103m ho\u1eb7c \u2265200 chu k\u1ef3 gi\u1eb7t<\/td>\n<\/tr>\n<tr data-start=\"3906\" data-end=\"4057\">\n<td data-start=\"3906\" data-end=\"3929\" data-col-size=\"sm\"><\/td>\n<td data-start=\"3929\" data-end=\"3966\" data-col-size=\"sm\">Ph\u00e2n c\u1ef1c \u0103ng-ten<\/td>\n<td data-start=\"3966\" data-end=\"4057\" data-col-size=\"md\">Tuy\u1ebfn t\u00ednh<\/td>\n<\/tr>\n<tr data-start=\"4058\" data-end=\"4209\">\n<td data-start=\"4058\" data-end=\"4081\" data-col-size=\"sm\"><\/td>\n<td data-col-size=\"sm\" data-start=\"4081\" data-end=\"4118\">Kho\u1ea3ng c\u00e1ch \u0111\u1ecdc (c\u1ed1 \u0111\u1ecbnh, 2 W ERP)<\/td>\n<td data-col-size=\"md\" data-start=\"4118\" data-end=\"4209\">&gt;6 m<\/td>\n<\/tr>\n<tr data-start=\"4210\" data-end=\"4361\">\n<td data-start=\"4210\" data-end=\"4233\" data-col-size=\"sm\"><\/td>\n<td data-col-size=\"sm\" data-start=\"4233\" data-end=\"4270\">Kho\u1ea3ng c\u00e1ch \u0111\u1ecdc (c\u1ea7m tay)<\/td>\n<td data-col-size=\"md\" data-start=\"4270\" data-end=\"4361\">&gt;3 ph\u00fat<\/td>\n<\/tr>\n<tr data-start=\"4362\" data-end=\"4513\">\n<td data-start=\"4362\" data-end=\"4385\" data-col-size=\"sm\">Thu\u1ed9c v\u1eadt ch\u1ea5t<\/td>\n<td data-col-size=\"sm\" data-start=\"4385\" data-end=\"4422\">V\u1eadt li\u1ec7u ch\u00ednh<\/td>\n<td data-col-size=\"md\" data-start=\"4422\" data-end=\"4513\">D\u1ec7t may<\/td>\n<\/tr>\n<tr data-start=\"4514\" data-end=\"4665\">\n<td data-start=\"4514\" data-end=\"4537\" data-col-size=\"sm\"><\/td>\n<td data-col-size=\"sm\" data-start=\"4537\" data-end=\"4574\">K\u00edch th\u01b0\u1edbc (S)<\/td>\n<td data-col-size=\"md\" data-start=\"4574\" data-end=\"4665\">35\u00d715 mm; 36\u00d718 mm; 55\u00d712 mm<\/td>\n<\/tr>\n<tr data-start=\"4666\" data-end=\"4817\">\n<td data-start=\"4666\" data-end=\"4689\" data-col-size=\"sm\"><\/td>\n<td data-start=\"4689\" data-end=\"4726\" data-col-size=\"sm\">K\u00edch th\u01b0\u1edbc (M)<\/td>\n<td data-col-size=\"md\" data-start=\"4726\" data-end=\"4817\">58\u00d715 mm; 70\u00d710 mm; 70\u00d718 mm; 70\u00d715 mm<\/td>\n<\/tr>\n<tr data-start=\"4818\" data-end=\"4969\">\n<td data-start=\"4818\" data-end=\"4841\" data-col-size=\"sm\">M\u00f4i tr\u01b0\u1eddng<\/td>\n<td data-col-size=\"sm\" data-start=\"4841\" data-end=\"4878\">Nhi\u1ec7t \u0111\u1ed9 ho\u1ea1t \u0111\u1ed9ng<\/td>\n<td data-col-size=\"md\" data-start=\"4878\" data-end=\"4969\">\u221225 \u2103 \u0111\u1ebfn +110 \u2103<\/td>\n<\/tr>\n<tr data-start=\"4970\" data-end=\"5121\">\n<td data-start=\"4970\" data-end=\"4993\" data-col-size=\"sm\"><\/td>\n<td data-start=\"4993\" data-end=\"5030\" data-col-size=\"sm\">Nhi\u1ec7t \u0111\u1ed9 l\u01b0u tr\u1eef<\/td>\n<td data-col-size=\"md\" data-start=\"5030\" data-end=\"5121\">\u221240 \u2103 \u0111\u1ebfn +110 \u2103<\/td>\n<\/tr>\n<tr data-start=\"5122\" data-end=\"5272\">\n<td data-start=\"5122\" data-end=\"5145\" data-col-size=\"sm\"><\/td>\n<td data-col-size=\"sm\" data-start=\"5145\" data-end=\"5182\">\u0110\u1ed9 \u1ea9m l\u01b0u tr\u1eef<\/td>\n<td data-col-size=\"md\" data-start=\"5182\" data-end=\"5272\">5%\u201395%<\/td>\n<\/tr>\n<tr data-start=\"5273\" data-end=\"5424\">\n<td data-start=\"5273\" data-end=\"5296\" data-col-size=\"sm\">\u0110\u1ed9 b\u1ec1n c\u1ee7a quy tr\u00ecnh<\/td>\n<td data-col-size=\"sm\" data-start=\"5296\" data-end=\"5333\">Gi\u1eb7t gi\u0169<\/td>\n<td data-col-size=\"md\" data-start=\"5333\" data-end=\"5424\">90 \u2103, 15 ph\u00fat, 200 chu k\u1ef3<\/td>\n<\/tr>\n<tr data-start=\"5425\" data-end=\"5576\">\n<td data-start=\"5425\" data-end=\"5448\" data-col-size=\"sm\"><\/td>\n<td data-col-size=\"sm\" data-start=\"5448\" data-end=\"5485\">\u1ee6i qu\u1ea7n \u00e1o<\/td>\n<td data-col-size=\"md\" data-start=\"5485\" data-end=\"5576\">190 \u2103, 10\u201312 gi\u00e2y, 200 chu k\u1ef3<\/td>\n<\/tr>\n<tr data-start=\"5577\" data-end=\"5728\">\n<td data-start=\"5577\" data-end=\"5600\" data-col-size=\"sm\"><\/td>\n<td data-col-size=\"sm\" data-start=\"5600\" data-end=\"5637\">S\u1ea5y kh\u00f4 tr\u01b0\u1edbc<\/td>\n<td data-col-size=\"md\" data-start=\"5637\" data-end=\"5728\">180 \u2103, 20\u201330 ph\u00fat, 200 chu k\u1ef3<\/td>\n<\/tr>\n<tr data-start=\"5729\" data-end=\"5880\">\n<td data-start=\"5729\" data-end=\"5752\" data-col-size=\"sm\"><\/td>\n<td data-col-size=\"sm\" data-start=\"5752\" data-end=\"5789\">Kh\u1eed tr\u00f9ng<\/td>\n<td data-col-size=\"md\" data-start=\"5789\" data-end=\"5880\">135 \u2103, 20 ph\u00fat, 200 chu k\u1ef3<\/td>\n<\/tr>\n<tr data-start=\"5881\" data-end=\"6032\">\n<td data-start=\"5881\" data-end=\"5904\" data-col-size=\"sm\"><\/td>\n<td data-col-size=\"sm\" data-start=\"5904\" data-end=\"5941\">\u00c1p l\u1ef1c<\/td>\n<td data-col-size=\"md\" data-start=\"5941\" data-end=\"6032\">60 bar trong kh\u00ed quy\u1ec3n<\/td>\n<\/tr>\n<tr data-start=\"6033\" data-end=\"6184\">\n<td data-start=\"6033\" data-end=\"6056\" data-col-size=\"sm\">C\u00e0i \u0111\u1eb7t<\/td>\n<td data-col-size=\"sm\" data-start=\"6056\" data-end=\"6093\">Ph\u01b0\u01a1ng ph\u00e1p<\/td>\n<td data-col-size=\"md\" data-start=\"6093\" data-end=\"6184\">May \/ ch\u00e8n t\u00fai; ho\u1eb7c \u1ee7i nhi\u1ec7t 215 \u2103 \u00d7 18 gi\u00e2y @ 0,6\u20130,8 MPa<\/td>\n<\/tr>\n<tr data-start=\"6185\" data-end=\"6336\">\n<td data-start=\"6185\" data-end=\"6208\" data-col-size=\"sm\">H\u00f3a ch\u1ea5t<\/td>\n<td data-col-size=\"sm\" data-start=\"6208\" data-end=\"6245\">S\u1ee9c ch\u1ed1ng c\u1ef1<\/td>\n<td data-col-size=\"md\" data-start=\"6245\" data-end=\"6336\">Ch\u1ecbu \u0111\u01b0\u1ee3c c\u00e1c h\u00f3a ch\u1ea5t \u0111\u01b0\u1ee3c s\u1eed d\u1ee5ng trong quy tr\u00ecnh gi\u1eb7t l\u00e0 c\u00f4ng nghi\u1ec7p th\u00f4ng th\u01b0\u1eddng<\/td>\n<\/tr>\n<tr data-start=\"6337\" data-end=\"6487\">\n<td data-start=\"6337\" data-end=\"6360\" data-col-size=\"sm\">Tu\u00e2n th\u1ee7 &amp; Ki\u1ec3m tra<\/td>\n<td data-col-size=\"sm\" data-start=\"6360\" data-end=\"6397\">Ti\u00eau chu\u1ea9n \u0111\u00e3 th\u00f4ng qua<\/td>\n<td data-col-size=\"md\" data-start=\"6397\" data-end=\"6487\">RoHS, MRI, SVHC, GB18401, EECC, OEKO-TEX\u00ae Standard 100 (Lo\u1ea1i II)<\/td>\n<\/tr>\n<tr data-start=\"6488\" data-end=\"6638\">\n<td data-start=\"6488\" data-end=\"6511\" data-col-size=\"sm\">C\u00e1 nh\u00e2n h\u00f3a<\/td>\n<td data-col-size=\"sm\" data-start=\"6511\" data-end=\"6548\">T\u00f9y ch\u1ecdn<\/td>\n<td data-col-size=\"md\" data-start=\"6548\" data-end=\"6638\">L\u1eadp tr\u00ecnh tr\u01b0\u1edbc EPC\/EPC ID; in (logo, laser TID\/serial), ch\u1eef c\u00e1i\/ch\u1eef s\u1ed1; m\u00e3 h\u00f3a tr\u01b0\u1edbc<\/td>\n<\/tr>\n<\/tbody>\n<\/table>\n<\/div>\n<\/div>","protected":false},"excerpt":{"rendered":"<p>Th\u1ebb d\u1ec7t UHF RFID c\u00f3 th\u1ec3 may, gi\u1eb7t \u0111\u01b0\u1ee3c v\u1edbi l\u1ed7 kim lo\u1ea1i\u2014b\u1ec1n b\u1ec9 qua h\u01a1n 200 l\u1ea7n gi\u1eb7t, \u0111\u1ecdc &gt;6 m (c\u1ed1 \u0111\u1ecbnh), ch\u1ecbu \u0111\u01b0\u1ee3c \u00e1p su\u1ea5t 60 bar v\u00e0 h\u1ed7 tr\u1ee3 may ho\u1eb7c l\u1eafp \u0111\u1eb7t h\u00e0n nhi\u1ec7t \u1edf nhi\u1ec7t \u0111\u1ed9 215 \u2103.<\/p>","protected":false},"featured_media":717,"template":"","meta":{"_gspb_post_css":""},"product_brand":[],"product_cat":[18,17],"product_tag":[],"class_list":{"0":"post-716","1":"product","2":"type-product","3":"status-publish","4":"has-post-thumbnail","6":"product_cat-textile-rfid-laundry-tags","7":"product_cat-rfid-laundry-tags","9":"first","10":"instock","11":"shipping-taxable","12":"purchasable","13":"product-type-simple"},"_links":{"self":[{"href":"https:\/\/www.cxjsmartcard.com\/vi\/wp-json\/wp\/v2\/product\/716","targetHints":{"allow":["GET"]}}],"collection":[{"href":"https:\/\/www.cxjsmartcard.com\/vi\/wp-json\/wp\/v2\/product"}],"about":[{"href":"https:\/\/www.cxjsmartcard.com\/vi\/wp-json\/wp\/v2\/types\/product"}],"wp:featuredmedia":[{"embeddable":true,"href":"https:\/\/www.cxjsmartcard.com\/vi\/wp-json\/wp\/v2\/media\/717"}],"wp:attachment":[{"href":"https:\/\/www.cxjsmartcard.com\/vi\/wp-json\/wp\/v2\/media?parent=716"}],"wp:term":[{"taxonomy":"product_brand","embeddable":true,"href":"https:\/\/www.cxjsmartcard.com\/vi\/wp-json\/wp\/v2\/product_brand?post=716"},{"taxonomy":"product_cat","embeddable":true,"href":"https:\/\/www.cxjsmartcard.com\/vi\/wp-json\/wp\/v2\/product_cat?post=716"},{"taxonomy":"product_tag","embeddable":true,"href":"https:\/\/www.cxjsmartcard.com\/vi\/wp-json\/wp\/v2\/product_tag?post=716"}],"curies":[{"name":"trang web","href":"https:\/\/api.w.org\/{rel}","templated":true}]}}