{"id":711,"date":"2025-11-03T06:48:32","date_gmt":"2025-11-03T06:48:32","guid":{"rendered":"https:\/\/www.cxjsmartcard.com\/?post_type=product&#038;p=711"},"modified":"2025-12-29T01:27:11","modified_gmt":"2025-12-29T01:27:11","slug":"washable-uhf-laundry-label-for-fabric-tracking","status":"publish","type":"product","link":"https:\/\/www.cxjsmartcard.com\/vi\/washable-uhf-laundry-label-for-fabric-tracking\/","title":{"rendered":"Nh\u00e3n gi\u1eb7t UHF c\u00f3 th\u1ec3 gi\u1eb7t \u0111\u01b0\u1ee3c \u0111\u1ec3 theo d\u00f5i v\u1ea3i"},"content":{"rendered":"<p data-start=\"58\" data-end=\"322\">Nh\u00e3n gi\u1eb7t \u1ee7i RFID UHF \u0111\u01b0\u1ee3c thi\u1ebft k\u1ebf \u0111\u1ec3 ch\u1ecbu \u0111\u01b0\u1ee3c quy tr\u00ecnh gi\u1eb7t \u1ee7i c\u1ee7a kh\u00e1ch s\u1ea1n v\u00e0 c\u01a1 s\u1edf, \u0111\u1ea3m b\u1ea3o \u0111\u1ed9 b\u1ec1n khi gi\u1eb7t, s\u1ea5y, gi\u1eb7t kh\u00f4 v\u00e0 \u1ee7i. S\u1ea3n ph\u1ea9m l\u00fd t\u01b0\u1edfng \u0111\u1ec3 qu\u1ea3n l\u00fd \u0111\u1ed3ng ph\u1ee5c chuy\u00ean nghi\u1ec7p, trang ph\u1ee5c v\u00e0 c\u00e1c v\u1eadt d\u1ee5ng cho thu\u00ea nh\u01b0 th\u1ea3m v\u00e0 kh\u0103n t\u1eafm.<\/p>\n<p data-start=\"324\" data-end=\"338\"><strong data-start=\"324\" data-end=\"336\">\u0110\u1eb7c tr\u01b0ng<\/strong><\/p>\n<ol data-start=\"339\" data-end=\"666\">\n<li data-start=\"339\" data-end=\"400\">\n<p data-start=\"342\" data-end=\"400\">Si\u00eau m\u1ecfng, linh ho\u1ea1t, m\u1ec1m m\u1ea1i\u2014ho\u00e0n to\u00e0n b\u1eb1ng v\u1ea3i.<\/p>\n<\/li>\n<li data-start=\"401\" data-end=\"465\">\n<p data-start=\"404\" data-end=\"465\">Ph\u1ea1m vi \u0111\u1ecdc l\u00ean \u0111\u1ebfn 10 m (kh\u00f4ng c\u00f3 kim lo\u1ea1i) v\u1edbi ph\u00e2n c\u1ef1c tuy\u1ebfn t\u00ednh.<\/p>\n<\/li>\n<li data-start=\"466\" data-end=\"521\">\n<p data-start=\"469\" data-end=\"521\">Impinj R6-P IC, tu\u00e2n th\u1ee7 EPC Gen2 \/ ISO 18000-6C.<\/p>\n<\/li>\n<li data-start=\"522\" data-end=\"568\">\n<p data-start=\"525\" data-end=\"568\">\u0110\u01b0\u1ee3c t\u1ed1i \u01b0u h\u00f3a trong kh\u00f4ng kh\u00ed; l\u01b0u gi\u1eef d\u1eef li\u1ec7u trong 50 n\u0103m.<\/p>\n<\/li>\n<li data-start=\"569\" data-end=\"623\">\n<p data-start=\"572\" data-end=\"623\">X\u1ebfp h\u1ea1ng IP68; ch\u1ecbu \u0111\u01b0\u1ee3c \u00e1p l\u1ef1c c\u01a1 h\u1ecdc 60 bar.<\/p>\n<\/li>\n<li data-start=\"624\" data-end=\"666\">\n<p data-start=\"627\" data-end=\"666\">T\u00f9y ch\u1ecdn d\u00e1n nhi\u1ec7t ho\u1eb7c kh\u00e2u c\u1ed1 \u0111\u1ecbnh.<\/p>\n<\/li>\n<\/ol>\n<p data-start=\"668\" data-end=\"686\"><strong data-start=\"668\" data-end=\"684\">\u1ee8ng d\u1ee5ng<\/strong><\/p>\n<ol data-start=\"687\" data-end=\"808\">\n<li data-start=\"687\" data-end=\"740\">\n<p data-start=\"690\" data-end=\"740\">Th\u00edch h\u1ee3p \u0111\u1ec3 gi\u1eb7t, gi\u1eb7t kh\u00f4 v\u00e0 \u1ee7i.<\/p>\n<\/li>\n<li data-start=\"741\" data-end=\"808\">\n<p data-start=\"744\" data-end=\"808\">Theo d\u00f5i v\u00e0 qu\u1ea3n l\u00fd ga tr\u1ea3i gi\u01b0\u1eddng, \u0111\u1ed3ng ph\u1ee5c, qu\u1ea7n \u00e1o kh\u00e1ch s\u1ea1n, v.v.<\/p>\n<\/li>\n<\/ol>\n<p data-start=\"810\" data-end=\"966\"><strong data-start=\"810\" data-end=\"842\">C\u00e2u h\u1ecfi th\u01b0\u1eddng g\u1eb7p v\u1ec1 th\u1ebb gi\u1eb7t \u1ee7i RFID<\/strong><br data-start=\"842\" data-end=\"845\" \/><strong data-start=\"845\" data-end=\"851\">H\u1ecfi:<\/strong> Nh\u1eefng th\u1ebb n\u00e0y c\u00f3 t\u01b0\u01a1ng th\u00edch v\u1edbi t\u1ea5t c\u1ea3 c\u00e1c \u0111\u1ea7u \u0111\u1ecdc RFID kh\u00f4ng?<br data-start=\"900\" data-end=\"903\" \/><strong data-start=\"903\" data-end=\"909\">M\u1ed8T:<\/strong> C\u00f3\u2014b\u1ea5t k\u1ef3 tr\u00ecnh \u0111\u1ecdc n\u00e0o h\u1ed7 tr\u1ee3 ISO\/IEC 18000-6C (EPC Gen2).<\/p>\n<p data-start=\"968\" data-end=\"1096\"><strong data-start=\"968\" data-end=\"974\">H\u1ecfi:<\/strong> C\u00f3 th\u1ec3 kh\u00e2u nh\u00e3n v\u00e0o b\u1ea5t k\u1ef3 lo\u1ea1i v\u1ea3i n\u00e0o kh\u00f4ng?<br data-start=\"1012\" data-end=\"1015\" \/><strong data-start=\"1015\" data-end=\"1021\">M\u1ed8T:<\/strong> Ch\u1eafc ch\u1eafn r\u1ed3i. \u0110\u01b0\u1ee3c thi\u1ebft k\u1ebf cho qu\u1ea7n \u00e1o v\u00e0 h\u00e0ng d\u1ec7t may\u2014\u0111\u1ed3ng ph\u1ee5c, ga tr\u1ea3i gi\u01b0\u1eddng, qu\u1ea7n \u00e1o ph\u1eabu thu\u1eadt.<\/p>\n<p data-start=\"1098\" data-end=\"1202\"><strong data-start=\"1098\" data-end=\"1104\">H\u1ecfi:<\/strong> B\u1ea1n c\u00f3 cung c\u1ea5p m\u1eabu kh\u00f4ng?<br data-start=\"1128\" data-end=\"1131\" \/><strong data-start=\"1131\" data-end=\"1137\">M\u1ed8T:<\/strong> C\u00f3. H\u00e3y cho ch\u00fang t\u00f4i bi\u1ebft nhu c\u1ea7u v\u1ec1 gi\u1ea3i ph\u00e1p RFID c\u1ee7a b\u1ea1n v\u00e0 ch\u00fang t\u00f4i s\u1ebd s\u1eafp x\u1ebfp m\u1eabu.<\/p>\n<h2 data-start=\"1278\" data-end=\"1303\">B\u1ea3ng (Th\u00f4ng s\u1ed1 k\u1ef9 thu\u1eadt)<\/h2>\n<div class=\"_tableContainer_1rjym_1\">\n<div class=\"group _tableWrapper_1rjym_13 flex w-fit flex-col-reverse\" tabindex=\"-1\">\n<table class=\"w-fit min-w-(--thread-content-width)\" data-start=\"1305\" data-end=\"5015\">\n<thead data-start=\"1305\" data-end=\"1452\">\n<tr data-start=\"1305\" data-end=\"1452\">\n<th data-start=\"1305\" data-end=\"1333\" data-col-size=\"sm\">Lo\u1ea1i<\/th>\n<th data-start=\"1333\" data-end=\"1361\" data-col-size=\"sm\">Tham s\u1ed1<\/th>\n<th data-start=\"1361\" data-end=\"1452\" data-col-size=\"lg\">Gi\u00e1 tr\u1ecb<\/th>\n<\/tr>\n<\/thead>\n<tbody data-start=\"1600\" data-end=\"5015\">\n<tr data-start=\"1600\" data-end=\"1745\">\n<td data-start=\"1600\" data-end=\"1627\" data-col-size=\"sm\">Th\u00f4ng s\u1ed1 k\u1ef9 thu\u1eadt RF<\/td>\n<td data-col-size=\"sm\" data-start=\"1627\" data-end=\"1655\">Giao th\u1ee9c kh\u00f4ng d\u00e2y RF<\/td>\n<td data-col-size=\"lg\" data-start=\"1655\" data-end=\"1745\">EPC To\u00e0n c\u1ea7u L\u1edbp 1 Gen2 \/ ISO 18000-6C<\/td>\n<\/tr>\n<tr data-start=\"1746\" data-end=\"1891\">\n<td data-start=\"1746\" data-end=\"1773\" data-col-size=\"sm\"><\/td>\n<td data-start=\"1773\" data-end=\"1801\" data-col-size=\"sm\">T\u1ea7n s\u1ed1 ho\u1ea1t \u0111\u1ed9ng<\/td>\n<td data-col-size=\"lg\" data-start=\"1801\" data-end=\"1891\">UHF 866\u2013868 MHz (ETSI) \/ 902\u2013928 MHz (FCC)<\/td>\n<\/tr>\n<tr data-start=\"1892\" data-end=\"2038\">\n<td data-start=\"1892\" data-end=\"1919\" data-col-size=\"sm\"><\/td>\n<td data-start=\"1919\" data-end=\"1947\" data-col-size=\"sm\">Kh\u1ea3 n\u0103ng t\u01b0\u01a1ng th\u00edch v\u1edbi m\u00f4i tr\u01b0\u1eddng<\/td>\n<td data-start=\"1947\" data-end=\"2038\" data-col-size=\"lg\">T\u1ed1i \u01b0u h\u00f3a trong kh\u00f4ng kh\u00ed<\/td>\n<\/tr>\n<tr data-start=\"2039\" data-end=\"2185\">\n<td data-start=\"2039\" data-end=\"2066\" data-col-size=\"sm\"><\/td>\n<td data-start=\"2066\" data-end=\"2094\" data-col-size=\"sm\">L\u01b0u gi\u1eef d\u1eef li\u1ec7u<\/td>\n<td data-col-size=\"lg\" data-start=\"2094\" data-end=\"2185\">50 n\u0103m<\/td>\n<\/tr>\n<tr data-start=\"2186\" data-end=\"2332\">\n<td data-start=\"2186\" data-end=\"2213\" data-col-size=\"sm\"><\/td>\n<td data-start=\"2213\" data-end=\"2241\" data-col-size=\"sm\">Ph\u1ea1m vi \u0111\u1ecdc<\/td>\n<td data-start=\"2241\" data-end=\"2332\" data-col-size=\"lg\">L\u00ean \u0111\u1ebfn 10 m (ngo\u00e0i kim lo\u1ea1i)<\/td>\n<\/tr>\n<tr data-start=\"2333\" data-end=\"2479\">\n<td data-start=\"2333\" data-end=\"2360\" data-col-size=\"sm\"><\/td>\n<td data-start=\"2360\" data-end=\"2388\" data-col-size=\"sm\">Ph\u00e2n c\u1ef1c<\/td>\n<td data-col-size=\"lg\" data-start=\"2388\" data-end=\"2479\">Tuy\u1ebfn t\u00ednh<\/td>\n<\/tr>\n<tr data-start=\"2480\" data-end=\"2626\">\n<td data-start=\"2480\" data-end=\"2507\" data-col-size=\"sm\"><\/td>\n<td data-start=\"2507\" data-end=\"2535\" data-col-size=\"sm\">Lo\u1ea1i IC<\/td>\n<td data-start=\"2535\" data-end=\"2626\" data-col-size=\"lg\">Impinj R6-P<\/td>\n<\/tr>\n<tr data-start=\"2627\" data-end=\"2773\">\n<td data-start=\"2627\" data-end=\"2654\" data-col-size=\"sm\"><\/td>\n<td data-start=\"2654\" data-end=\"2682\" data-col-size=\"sm\">C\u1ea5u h\u00ecnh b\u1ed9 nh\u1edb<\/td>\n<td data-col-size=\"lg\" data-start=\"2682\" data-end=\"2773\">EPC 128 bit; TID 96 bit; Ng\u01b0\u1eddi d\u00f9ng 32 bit<\/td>\n<\/tr>\n<tr data-start=\"2774\" data-end=\"2920\">\n<td data-start=\"2774\" data-end=\"2801\" data-col-size=\"sm\">C\u01a1 kh\u00ed<\/td>\n<td data-col-size=\"sm\" data-start=\"2801\" data-end=\"2829\">V\u1eadt li\u1ec7u th\u1ebb<\/td>\n<td data-col-size=\"lg\" data-start=\"2829\" data-end=\"2920\">D\u00e2y kim lo\u1ea1i<\/td>\n<\/tr>\n<tr data-start=\"2921\" data-end=\"3067\">\n<td data-start=\"2921\" data-end=\"2948\" data-col-size=\"sm\"><\/td>\n<td data-col-size=\"sm\" data-start=\"2948\" data-end=\"2976\">V\u1eadt li\u1ec7u b\u1ec1 m\u1eb7t<\/td>\n<td data-col-size=\"lg\" data-start=\"2976\" data-end=\"3067\">D\u1ec7t may<\/td>\n<\/tr>\n<tr data-start=\"3068\" data-end=\"3214\">\n<td data-start=\"3068\" data-end=\"3095\" data-col-size=\"sm\"><\/td>\n<td data-col-size=\"sm\" data-start=\"3095\" data-end=\"3123\">K\u00edch th\u01b0\u1edbc<\/td>\n<td data-col-size=\"lg\" data-start=\"3123\" data-end=\"3214\">15 \u00d7 75 \u00d7 1,5 mm<\/td>\n<\/tr>\n<tr data-start=\"3215\" data-end=\"3361\">\n<td data-start=\"3215\" data-end=\"3242\" data-col-size=\"sm\"><\/td>\n<td data-col-size=\"sm\" data-start=\"3242\" data-end=\"3270\">C\u00e2n n\u1eb7ng<\/td>\n<td data-col-size=\"lg\" data-start=\"3270\" data-end=\"3361\">0,5 g<\/td>\n<\/tr>\n<tr data-start=\"3362\" data-end=\"3508\">\n<td data-start=\"3362\" data-end=\"3389\" data-col-size=\"sm\"><\/td>\n<td data-col-size=\"sm\" data-start=\"3389\" data-end=\"3417\">\u0110\u00ednh k\u00e8m<\/td>\n<td data-col-size=\"lg\" data-start=\"3417\" data-end=\"3508\">L-T7515S: May vi\u1ec1n ho\u1eb7c nh\u00e3n d\u1ec7t; L-T7515P: H\u00e0n nhi\u1ec7t \u1edf 215 \u2103 \u00d7 15 gi\u00e2y @ 4 bar<\/td>\n<\/tr>\n<tr data-start=\"3509\" data-end=\"3655\">\n<td data-start=\"3509\" data-end=\"3536\" data-col-size=\"sm\">V\u1ebb b\u1ec1 ngo\u00e0i<\/td>\n<td data-col-size=\"sm\" data-start=\"3536\" data-end=\"3564\">M\u00e0u s\u1eafc<\/td>\n<td data-col-size=\"lg\" data-start=\"3564\" data-end=\"3655\">Tr\u1eafng<\/td>\n<\/tr>\n<tr data-start=\"3656\" data-end=\"3802\">\n<td data-start=\"3656\" data-end=\"3683\" data-col-size=\"sm\">M\u00f4i tr\u01b0\u1eddng<\/td>\n<td data-start=\"3683\" data-end=\"3711\" data-col-size=\"sm\">Nhi\u1ec7t \u0111\u1ed9 ho\u1ea1t \u0111\u1ed9ng<\/td>\n<td data-col-size=\"lg\" data-start=\"3711\" data-end=\"3802\">\u221230 \u2103 \u0111\u1ebfn +85 \u2103<\/td>\n<\/tr>\n<tr data-start=\"3803\" data-end=\"3949\">\n<td data-start=\"3803\" data-end=\"3830\" data-col-size=\"sm\"><\/td>\n<td data-col-size=\"sm\" data-start=\"3830\" data-end=\"3858\">Nhi\u1ec7t \u0111\u1ed9 m\u00f4i tr\u01b0\u1eddng<\/td>\n<td data-col-size=\"lg\" data-start=\"3858\" data-end=\"3949\">\u221230 \u2103 \u0111\u1ebfn +110 \u2103<\/td>\n<\/tr>\n<tr data-start=\"3950\" data-end=\"4096\">\n<td data-start=\"3950\" data-end=\"3977\" data-col-size=\"sm\"><\/td>\n<td data-col-size=\"sm\" data-start=\"3977\" data-end=\"4005\">S\u1ee9c c\u1ea3n c\u01a1 h\u1ecdc<\/td>\n<td data-col-size=\"lg\" data-start=\"4005\" data-end=\"4096\">60 bar<\/td>\n<\/tr>\n<tr data-start=\"4097\" data-end=\"4243\">\n<td data-start=\"4097\" data-end=\"4124\" data-col-size=\"sm\"><\/td>\n<td data-col-size=\"sm\" data-start=\"4124\" data-end=\"4152\">Kh\u00e1ng h\u00f3a ch\u1ea5t<\/td>\n<td data-col-size=\"lg\" data-start=\"4152\" data-end=\"4243\">C\u00e1c h\u00f3a ch\u1ea5t th\u00f4ng th\u01b0\u1eddng trong qu\u00e1 tr\u00ecnh gi\u1eb7t<\/td>\n<\/tr>\n<tr data-start=\"4244\" data-end=\"4427\">\n<td data-start=\"4244\" data-end=\"4271\" data-col-size=\"sm\"><\/td>\n<td data-col-size=\"sm\" data-start=\"4271\" data-end=\"4299\">Kh\u1ea3 n\u0103ng ch\u1ecbu nhi\u1ec7t<\/td>\n<td data-col-size=\"lg\" data-start=\"4299\" data-end=\"4427\">Gi\u1eb7t: 90 \u2103, 15 ph\u00fat, 200 chu k\u1ef3; S\u1ea5y s\u01a1 b\u1ed9: 180 \u2103, 30 ph\u00fat; \u1ee6i: 180 \u2103, 10 gi\u00e2y, 200 chu k\u1ef3; Kh\u1eed tr\u00f9ng: 135 \u2103, 20 ph\u00fat<\/td>\n<\/tr>\n<tr data-start=\"4428\" data-end=\"4574\">\n<td data-start=\"4428\" data-end=\"4455\" data-col-size=\"sm\">X\u1ebfp h\u1ea1ng &amp; Tu\u00e2n th\u1ee7<\/td>\n<td data-start=\"4455\" data-end=\"4483\" data-col-size=\"sm\">B\u1ea3o v\u1ec7 ch\u1ed1ng x\u00e2m nh\u1eadp<\/td>\n<td data-col-size=\"lg\" data-start=\"4483\" data-end=\"4574\">IP68<\/td>\n<\/tr>\n<tr data-start=\"4575\" data-end=\"4721\">\n<td data-start=\"4575\" data-end=\"4602\" data-col-size=\"sm\"><\/td>\n<td data-col-size=\"sm\" data-start=\"4602\" data-end=\"4630\">S\u1ed1c v\u00e0 rung \u0111\u1ed9ng<\/td>\n<td data-col-size=\"lg\" data-start=\"4630\" data-end=\"4721\">Ti\u00eau chu\u1ea9n qu\u00e2n s\u1ef1 M\u1ef9 MIL-STD-810F<\/td>\n<\/tr>\n<tr data-start=\"4722\" data-end=\"4868\">\n<td data-start=\"4722\" data-end=\"4749\" data-col-size=\"sm\"><\/td>\n<td data-col-size=\"sm\" data-start=\"4749\" data-end=\"4777\">Ch\u1ee9ng nh\u1eadn<\/td>\n<td data-col-size=\"lg\" data-start=\"4777\" data-end=\"4868\">CE, RoHS, ATEX\/IECEx<\/td>\n<\/tr>\n<tr data-start=\"4869\" data-end=\"5015\">\n<td data-start=\"4869\" data-end=\"4896\" data-col-size=\"sm\">V\u00f2ng \u0111\u1eddi &amp; B\u1ea3o h\u00e0nh<\/td>\n<td data-col-size=\"sm\" data-start=\"4896\" data-end=\"4924\">B\u1ea3o h\u00e0nh<\/td>\n<td data-col-size=\"lg\" data-start=\"4924\" data-end=\"5015\">2 n\u0103m ho\u1eb7c 200 chu k\u1ef3 gi\u1eb7t<\/td>\n<\/tr>\n<\/tbody>\n<\/table>\n<\/div>\n<\/div>","protected":false},"excerpt":{"rendered":"<p>Nh\u00e3n v\u1ea3i UHF c\u00f3 th\u1ec3 gi\u1eb7t \u0111\u01b0\u1ee3c v\u1edbi Impinj R6-P, ph\u1ea1m vi \u0111\u1ecdc l\u00ean \u0111\u1ebfn 10 m, x\u1ebfp h\u1ea1ng IP68 v\u00e0 kh\u1ea3 n\u0103ng ch\u1ecbu nhi\u1ec7t\/\u00e1p su\u1ea5t 200 chu k\u1ef3\u2014may ho\u1eb7c d\u00e1n nhi\u1ec7t cho kh\u0103n tr\u1ea3i gi\u01b0\u1eddng c\u1ee7a kh\u00e1ch s\u1ea1n v\u00e0 b\u1ec7nh vi\u1ec7n.<\/p>","protected":false},"featured_media":715,"template":"","meta":{"_gspb_post_css":""},"product_brand":[],"product_cat":[17,18],"product_tag":[],"class_list":{"0":"post-711","1":"product","2":"type-product","3":"status-publish","4":"has-post-thumbnail","6":"product_cat-rfid-laundry-tags","7":"product_cat-textile-rfid-laundry-tags","9":"first","10":"instock","11":"shipping-taxable","12":"purchasable","13":"product-type-simple"},"_links":{"self":[{"href":"https:\/\/www.cxjsmartcard.com\/vi\/wp-json\/wp\/v2\/product\/711","targetHints":{"allow":["GET"]}}],"collection":[{"href":"https:\/\/www.cxjsmartcard.com\/vi\/wp-json\/wp\/v2\/product"}],"about":[{"href":"https:\/\/www.cxjsmartcard.com\/vi\/wp-json\/wp\/v2\/types\/product"}],"wp:featuredmedia":[{"embeddable":true,"href":"https:\/\/www.cxjsmartcard.com\/vi\/wp-json\/wp\/v2\/media\/715"}],"wp:attachment":[{"href":"https:\/\/www.cxjsmartcard.com\/vi\/wp-json\/wp\/v2\/media?parent=711"}],"wp:term":[{"taxonomy":"product_brand","embeddable":true,"href":"https:\/\/www.cxjsmartcard.com\/vi\/wp-json\/wp\/v2\/product_brand?post=711"},{"taxonomy":"product_cat","embeddable":true,"href":"https:\/\/www.cxjsmartcard.com\/vi\/wp-json\/wp\/v2\/product_cat?post=711"},{"taxonomy":"product_tag","embeddable":true,"href":"https:\/\/www.cxjsmartcard.com\/vi\/wp-json\/wp\/v2\/product_tag?post=711"}],"curies":[{"name":"trang web","href":"https:\/\/api.w.org\/{rel}","templated":true}]}}